{"id":2874,"date":"2024-09-16T08:13:15","date_gmt":"2024-09-16T08:13:15","guid":{"rendered":"https:\/\/nembutalboutique.com\/?post_type=product&#038;p=2874"},"modified":"2024-09-20T10:31:44","modified_gmt":"2024-09-20T10:31:44","slug":"dibutylone","status":"publish","type":"product","link":"https:\/\/nembutalboutique.com\/hu\/termek\/dibutilon\/","title":{"rendered":"dibutilon"},"content":{"rendered":"<h2>Dibutylon Kristall online v\u00e1s\u00e1rl\u00e1sa.<\/h2>\n<p>Le <a href=\"https:\/\/nembutalboutique.com\/produit\/dibutylone\/\">dibutilon<\/a>A bk-DMBDB, amelyet n\u00e9ha bk-DMBDB-nek neveznek, egy online megv\u00e1s\u00e1rolhat\u00f3 pszichoakt\u00edv anyag. Ugyanabba a k\u00e1b\u00edt\u00f3szer-csoportba tartozik, mint a katinon, a fenetilamin \u00e9s az amfetamin. A metilon \u00e9s a dibutilon, k\u00e9t \"diz\u00e1jnerdrog\", amelyeket \u00e1ltal\u00e1ban olyan t\u00e1rgyak, mint p\u00e9ld\u00e1ul \u00e1gynem\u0171k gy\u00e1rt\u00e1s\u00e1hoz haszn\u00e1lnak, hasonl\u00f3 szerkezeti fel\u00e9p\u00edt\u00e9s\u0171ek. V\u00e1s\u00e1roljon dibutilon krist\u00e1lyt online.<\/p>\n<p>Mint sok m\u00e1s gy\u00f3gyszer a csal\u00e1dj\u00e1ban, ez is f\u00e9nyes feh\u00e9r por \u00e9s bauschiger form\u00e1j\u00e1ban kaphat\u00f3. A citromf\u0171h\u00f6z hasonl\u00f3 gyenge szaga is van. Azok az emberek, akik ezt a k\u00e1b\u00edt\u00f3szert szedt\u00e9k, gyakran \"ansturm\"-k\u00e9nt \u00edrj\u00e1k le, \u00e9s azt \u00e1ll\u00edtj\u00e1k, hogy a dibutilon \u00e9s az MDMA hat\u00e1sai hasonl\u00f3ak.<\/p>\n<h3>Dibutilone krist\u00e1lyok online v\u00e1s\u00e1rolhat\u00f3k - Dibutilone Crystal Online<\/h3>\n<p>Az \u00d6n toleranciaszintje \u00e9s az adagol\u00e1s hat\u00e1rozza meg a <a href=\"https:\/\/en.wikipedia.org\/wiki\/Dibutylone\">dibutilon<\/a> rajtad. A legjobb, ha bevesz egy r\u00f6vid \"tesztadagot\", \u00e9s ut\u00e1na figyeli a v\u00e1ltoz\u00e1sokat. Ha a tesztadag ut\u00e1n minden rendben megy, n\u00f6velheti az adagot, hogy a gy\u00f3gyszer teljes el\u0151nyeit \u00e9lvezhesse. \u00cdme n\u00e9h\u00e1ny tipikus hat\u00e1s:<\/p>\n<p>Fokozott \u00e9bers\u00e9g \u00e9s tudatoss\u00e1g \u00e9rz\u00e9se<\/p>\n<p>Vagy eufemizmus vagy dezintegr\u00e1ci\u00f3 (az adagol\u00e1st\u00f3l \u00e9s az egy\u00e9ni k\u00fcl\u00f6nbs\u00e9gekt\u0151l f\u00fcgg\u0151en).<\/p>\n<p>Nehezen tudok elaludni egy \u00e9sszer\u0171 \u00f3r\u00e1ban.<\/p>\n<p>Derealiz\u00e1ci\u00f3 \u00e9s hallucin\u00e1ci\u00f3k (egy\u00e9nenk\u00e9nt v\u00e1ltoz\u00f3, de leggyakrabban a nagy d\u00f3zis\u00fa vagy hossz\u00fa t\u00e1v\u00fa haszn\u00e1l\u00f3kn\u00e1l figyelhet\u0151 meg).<\/p>\n<p>magas v\u00e9rnyom\u00e1s<\/p>\n<p>magas testh\u0151m\u00e9rs\u00e9klet \u00e9s feh\u00e9r\u00edt\u00e9si potenci\u00e1l<\/p>\n<p>Kellemetlen \u00e9rz\u00e9s<\/p>\n<p>Csak \u00e1tmeneti mereved\u00e9si zavar<\/p>\n<p>Besz\u00e1ll\u00edt\u00f3ink<\/p>\n<p>Mint l\u00e1that\u00f3, a dibutilon hat\u00e1sa hasonl\u00f3 az olyan partidrogok\u00e9hoz, mint az MDMA. Azonban tiszt\u00e1ban kell lennie azzal, hogy az \u00d6n \u00e1ltal tapasztalt hat\u00e1sok a bevett d\u00f3zist\u00f3l \u00e9s a k\u00e1b\u00edt\u00f3szer t\u00edpus\u00e1t\u00f3l f\u00fcggnek.<br \/>\na szem\u00e9lyis\u00e9ge jelent\u0151sen megv\u00e1ltozhat. Mint \u00e1ltal\u00e1ban, j\u00f3 \u00f6tlet alacsony d\u00f3zissal kezdeni, \u00e9s fokozatosan n\u00f6velni azt, hogy l\u00e1ssuk, mennyire j\u00f3l t\u0171ri a gy\u00f3gyszert. Azt is szem el\u0151tt kell tartania, hogy a szer szed\u00e9se hosszabb ideig tart\u00f3 hat\u00e1s\u00fa, hosszabb hat\u00e1skezdet\u0171. M\u00e9g ha \u00fagy gondolja is, hogy a gy\u00f3gyszer nem \u00e1rtott \u00d6nnek, akkor is tan\u00e1csos elker\u00fclni a tov\u00e1bbi haszn\u00e1lat\u00e1t. Dibutylon Kristall online.<\/p>\n<p>Mi az a dibutil\u00e9n?<\/p>\n<p>A dibutilon, m\u00e1s n\u00e9ven bk-DMBDB, egy vizsg\u00e1lati vegyi anyag, amely term\u00e9szet\u00e9t tekintve nagyon hasonl\u00f3 a butilhoz. A dibutilon az amfetamin k\u00e9miai csoportj\u00e1ba tartozik. Ugyanakkor a katinonok k\u00f6z\u00e9 is besorolhat\u00f3.<\/p>\n<p>Ez a vegyi anyag viszonylag ritka, \u00e9s nem minden kutat\u00f3k\u00f6zpontban \u00e1ll rendelkez\u00e9sre. Dennoch a es M\u00e1r jelent\u0151s sz\u00e1m\u00fa k\u00eds\u00e9rlet t\u00f6rt\u00e9nt. A dibutilonnal v\u00e9gzett kutat\u00e1sok a stimul\u00e1nsokra jellemz\u0151 eredm\u00e9nyeket hoztak. Ezen eredm\u00e9nyek k\u00f6z\u00fcl n\u00e9h\u00e1ny az euf\u00f3ria, az energia n\u00f6veked\u00e9se, a fokozott tapint\u00e1s\u00e9rz\u00e9kel\u00e9s, az emp\u00e1tia, az id\u0151t\u00e1gul\u00e1s, a figyelem, a gondolatok t\u00e1gul\u00e1sa, a zenei \u00e9rz\u00e9kel\u00e9s n\u00f6veked\u00e9se \u00e9s a libid\u00f3 n\u00f6veked\u00e9se.<\/p>\n<p>Hol lehet dibutil\u00e9nt v\u00e1s\u00e1rolni?<\/p>\n<p>A Chemical Planetn\u00e9l kiv\u00e1l\u00f3 min\u0151s\u00e9g\u0171 dibutilont forgalmazunk. \u00c1ltal\u00e1ban a dibutilon por alakban kaphat\u00f3. Ha m\u00e1s form\u00e1t szeretne, k\u00e9rj\u00fck, l\u00e9pjen kapcsolatba vel\u00fcnk. Ezut\u00e1n halad\u00e9ktalanul t\u00e1j\u00e9koztatni fogjuk \u00d6nt, ha m\u00e1s form\u00e1k \u00e1llnak rendelkez\u00e9s\u00fcnkre.<\/p>\n<p>Ahhoz, hogy dibutilont v\u00e1s\u00e1rolhasson a Chemical Planet-t\u0151l, legal\u00e1bb tizennyolc \u00e9vesnek kell lennie, \u00e9s meg kell felelnie az \u00d6n orsz\u00e1g\u00e1ban a k\u00e9miai kutat\u00e1sra vonatkoz\u00f3 \u00f6sszes vonatkoz\u00f3 t\u00f6rv\u00e9nynek. Anyagainkat nem emberi vagy \u00e1llati fogyaszt\u00e1sra sz\u00e1njuk, hanem kiz\u00e1r\u00f3lag kutat\u00e1si c\u00e9lokra haszn\u00e1ljuk.<br \/>\nA dibutilon jogszer\u0171s\u00e9g\u00e9r\u0151l<\/p>\n<p>A dibutilon csak n\u00e9h\u00e1ny orsz\u00e1gban van jelen. Ugyanakkor a butil homol\u00f3gj\u00e1nak tekinthet\u0151, amely t\u00f6bb \u00e1llamban is tiltott. [Sz\u00fcnet a sz\u00f6vegcsomagol\u00e1shoz][Sz\u00fcnet a sz\u00f6vegcsomagol\u00e1shoz]Az optim\u00e1lis eltarthat\u00f3s\u00e1g \u00e9rdek\u00e9ben mindig h\u0171v\u00f6s, sz\u00e1raz helyen t\u00e1rolja. Ezt a term\u00e9ket t\u00f6rv\u00e9nysz\u00e9ki nyomoz\u00e1s \u00e9s kutat\u00e1s sor\u00e1n t\u00f6rt\u00e9n\u0151 felhaszn\u00e1l\u00e1sra sz\u00e1nj\u00e1k. Ez\u00e9rt nem alkalmas emberi felhaszn\u00e1l\u00e1sra, illetve \u00e1llatokon vagy \u00e9l\u0151 szervezeteken v\u00e9gzett b\u00e1rmilyen in vivo vizsg\u00e1latra. V\u00e1s\u00e1roljon dibutilont online.<\/p>","protected":false},"excerpt":{"rendered":"<p>Acheter Dibutylon Kristall en ligne. Le dibutylone, parfois appel\u00e9 bk-DMBDB, est une substance psychoactive qui peut \u00eatre achet\u00e9e en ligne. Il appartient \u00e0 la m\u00eame classe de m\u00e9dicaments que la cathinone, la ph\u00e9n\u00e9thylamine et l&rsquo;amph\u00e9tamine. La m\u00e9thylone et le dibutylone, deux \u00ab drogues de synth\u00e8se \u00bb couramment utilis\u00e9es pour fabriquer des articles comme la literie, [&hellip;]<\/p>","protected":false},"featured_media":2899,"comment_status":"open","ping_status":"closed","template":"","meta":{"_joinchat":[]},"product_brand":[],"product_cat":[385],"product_tag":[],"class_list":{"0":"post-2874","1":"product","2":"type-product","3":"status-publish","4":"has-post-thumbnail","6":"product_cat-forschung-schemikalien","8":"first","9":"instock","10":"shipping-taxable","11":"purchasable","12":"product-type-variable"},"yoast_head":"<!-- This site is optimized with the Yoast SEO plugin v23.5 - https:\/\/yoast.com\/wordpress\/plugins\/seo\/ -->\n<title>Acheter du dibutylone en ligne - Dibutylone \u00e0 vendre<\/title>\n<meta name=\"description\" content=\"Le dibutylone est d\u00e9sormais facilement disponible \u00e0 la vente dans notre boutique en ligne Nembutal. Vous pouvez vous connecter directement \u00e0 notre boutique de m\u00e9dicaments et acheter du dibutylone en ligne aux meilleurs prix.\" \/>\n<meta name=\"robots\" content=\"index, follow, max-snippet:-1, max-image-preview:large, max-video-preview:-1\" \/>\n<link rel=\"canonical\" href=\"https:\/\/nembutalboutique.com\/hu\/termek\/dibutilon\/\" \/>\n<meta property=\"og:locale\" content=\"hu_HU\" \/>\n<meta property=\"og:type\" content=\"article\" \/>\n<meta property=\"og:title\" content=\"Acheter du dibutylone en ligne - Dibutylone \u00e0 vendre\" \/>\n<meta property=\"og:description\" content=\"Le dibutylone est d\u00e9sormais facilement disponible \u00e0 la vente dans notre boutique en ligne Nembutal. Vous pouvez vous connecter directement \u00e0 notre boutique de m\u00e9dicaments et acheter du dibutylone en ligne aux meilleurs prix.\" \/>\n<meta property=\"og:url\" content=\"https:\/\/nembutalboutique.com\/hu\/termek\/dibutilon\/\" \/>\n<meta property=\"og:site_name\" content=\"Nembutal Boutique\" \/>\n<meta property=\"article:modified_time\" content=\"2024-09-20T10:31:44+00:00\" \/>\n<meta property=\"og:image\" content=\"https:\/\/nembutalboutique.com\/wp-content\/uploads\/2024\/09\/Dibutylone.gif\" \/>\n\t<meta property=\"og:image:width\" content=\"600\" \/>\n\t<meta property=\"og:image:height\" content=\"600\" \/>\n\t<meta property=\"og:image:type\" content=\"image\/gif\" \/>\n<meta name=\"twitter:card\" content=\"summary_large_image\" \/>\n<meta name=\"twitter:label1\" content=\"Becs\u00fclt olvas\u00e1si id\u0151\" \/>\n\t<meta name=\"twitter:data1\" content=\"4 perc\" \/>\n<script type=\"application\/ld+json\" class=\"yoast-schema-graph\">{\"@context\":\"https:\/\/schema.org\",\"@graph\":[{\"@type\":\"WebPage\",\"@id\":\"https:\/\/nembutalboutique.com\/produit\/dibutylone\/\",\"url\":\"https:\/\/nembutalboutique.com\/produit\/dibutylone\/\",\"name\":\"Acheter du dibutylone en ligne - Dibutylone \u00e0 vendre\",\"isPartOf\":{\"@id\":\"https:\/\/nembutalboutique.com\/#website\"},\"primaryImageOfPage\":{\"@id\":\"https:\/\/nembutalboutique.com\/produit\/dibutylone\/#primaryimage\"},\"image\":{\"@id\":\"https:\/\/nembutalboutique.com\/produit\/dibutylone\/#primaryimage\"},\"thumbnailUrl\":\"https:\/\/nembutalboutique.com\/wp-content\/uploads\/2024\/09\/Dibutylone.gif\",\"datePublished\":\"2024-09-16T08:13:15+00:00\",\"dateModified\":\"2024-09-20T10:31:44+00:00\",\"description\":\"Le dibutylone est d\u00e9sormais facilement disponible \u00e0 la vente dans notre boutique en ligne Nembutal. Vous pouvez vous connecter directement \u00e0 notre boutique de m\u00e9dicaments et acheter du dibutylone en ligne aux meilleurs prix.\",\"breadcrumb\":{\"@id\":\"https:\/\/nembutalboutique.com\/produit\/dibutylone\/#breadcrumb\"},\"inLanguage\":\"hu\",\"potentialAction\":[{\"@type\":\"ReadAction\",\"target\":[\"https:\/\/nembutalboutique.com\/produit\/dibutylone\/\"]}]},{\"@type\":\"ImageObject\",\"inLanguage\":\"hu\",\"@id\":\"https:\/\/nembutalboutique.com\/produit\/dibutylone\/#primaryimage\",\"url\":\"https:\/\/nembutalboutique.com\/wp-content\/uploads\/2024\/09\/Dibutylone.gif\",\"contentUrl\":\"https:\/\/nembutalboutique.com\/wp-content\/uploads\/2024\/09\/Dibutylone.gif\",\"width\":600,\"height\":600,\"caption\":\"Acheter Dibutylone.gif\"},{\"@type\":\"BreadcrumbList\",\"@id\":\"https:\/\/nembutalboutique.com\/produit\/dibutylone\/#breadcrumb\",\"itemListElement\":[{\"@type\":\"ListItem\",\"position\":1,\"name\":\"Home\",\"item\":\"https:\/\/nembutalboutique.com\/\"},{\"@type\":\"ListItem\",\"position\":2,\"name\":\"Boutique\",\"item\":\"https:\/\/nembutalboutique.com\/shop\/\"},{\"@type\":\"ListItem\",\"position\":3,\"name\":\"dibutylone\"}]},{\"@type\":\"WebSite\",\"@id\":\"https:\/\/nembutalboutique.com\/#website\",\"url\":\"https:\/\/nembutalboutique.com\/\",\"name\":\"Nembutal Boutique\",\"description\":\"My WordPress Blog\",\"publisher\":{\"@id\":\"https:\/\/nembutalboutique.com\/#organization\"},\"potentialAction\":[{\"@type\":\"SearchAction\",\"target\":{\"@type\":\"EntryPoint\",\"urlTemplate\":\"https:\/\/nembutalboutique.com\/?s={search_term_string}\"},\"query-input\":{\"@type\":\"PropertyValueSpecification\",\"valueRequired\":true,\"valueName\":\"search_term_string\"}}],\"inLanguage\":\"hu\"},{\"@type\":\"Organization\",\"@id\":\"https:\/\/nembutalboutique.com\/#organization\",\"name\":\"Nembutal Boutique\",\"url\":\"https:\/\/nembutalboutique.com\/\",\"logo\":{\"@type\":\"ImageObject\",\"inLanguage\":\"hu\",\"@id\":\"https:\/\/nembutalboutique.com\/#\/schema\/logo\/image\/\",\"url\":\"https:\/\/nembutalboutique.com\/wp-content\/uploads\/2024\/01\/logo.png\",\"contentUrl\":\"https:\/\/nembutalboutique.com\/wp-content\/uploads\/2024\/01\/logo.png\",\"width\":494,\"height\":121,\"caption\":\"Nembutal Boutique\"},\"image\":{\"@id\":\"https:\/\/nembutalboutique.com\/#\/schema\/logo\/image\/\"}}]}<\/script>\n<!-- \/ Yoast SEO plugin. -->","yoast_head_json":{"title":"V\u00e1s\u00e1roljon dibutilont online - Dibutilone elad\u00f3","description":"A dibutilon most m\u00e1r k\u00f6nnyen megv\u00e1s\u00e1rolhat\u00f3 a Nembutal web\u00e1ruh\u00e1zunkban. K\u00f6zvetlen\u00fcl bejelentkezhet gy\u00f3gyszerboltunkba, \u00e9s a legjobb \u00e1ron v\u00e1s\u00e1rolhat dibutilont online.","robots":{"index":"index","follow":"follow","max-snippet":"max-snippet:-1","max-image-preview":"max-image-preview:large","max-video-preview":"max-video-preview:-1"},"canonical":"https:\/\/nembutalboutique.com\/hu\/termek\/dibutilon\/","og_locale":"hu_HU","og_type":"article","og_title":"Acheter du dibutylone en ligne - Dibutylone \u00e0 vendre","og_description":"Le dibutylone est d\u00e9sormais facilement disponible \u00e0 la vente dans notre boutique en ligne Nembutal. Vous pouvez vous connecter directement \u00e0 notre boutique de m\u00e9dicaments et acheter du dibutylone en ligne aux meilleurs prix.","og_url":"https:\/\/nembutalboutique.com\/hu\/termek\/dibutilon\/","og_site_name":"Nembutal Boutique","article_modified_time":"2024-09-20T10:31:44+00:00","og_image":[{"width":600,"height":600,"url":"https:\/\/nembutalboutique.com\/wp-content\/uploads\/2024\/09\/Dibutylone.gif","type":"image\/gif"}],"twitter_card":"summary_large_image","twitter_misc":{"Becs\u00fclt olvas\u00e1si id\u0151":"4 perc"},"schema":{"@context":"https:\/\/schema.org","@graph":[{"@type":"WebPage","@id":"https:\/\/nembutalboutique.com\/produit\/dibutylone\/","url":"https:\/\/nembutalboutique.com\/produit\/dibutylone\/","name":"V\u00e1s\u00e1roljon dibutilont online - Dibutilone elad\u00f3","isPartOf":{"@id":"https:\/\/nembutalboutique.com\/#website"},"primaryImageOfPage":{"@id":"https:\/\/nembutalboutique.com\/produit\/dibutylone\/#primaryimage"},"image":{"@id":"https:\/\/nembutalboutique.com\/produit\/dibutylone\/#primaryimage"},"thumbnailUrl":"https:\/\/nembutalboutique.com\/wp-content\/uploads\/2024\/09\/Dibutylone.gif","datePublished":"2024-09-16T08:13:15+00:00","dateModified":"2024-09-20T10:31:44+00:00","description":"A dibutilon most m\u00e1r k\u00f6nnyen megv\u00e1s\u00e1rolhat\u00f3 a Nembutal web\u00e1ruh\u00e1zunkban. K\u00f6zvetlen\u00fcl bejelentkezhet gy\u00f3gyszerboltunkba, \u00e9s a legjobb \u00e1ron v\u00e1s\u00e1rolhat dibutilont online.","breadcrumb":{"@id":"https:\/\/nembutalboutique.com\/produit\/dibutylone\/#breadcrumb"},"inLanguage":"hu","potentialAction":[{"@type":"ReadAction","target":["https:\/\/nembutalboutique.com\/produit\/dibutylone\/"]}]},{"@type":"ImageObject","inLanguage":"hu","@id":"https:\/\/nembutalboutique.com\/produit\/dibutylone\/#primaryimage","url":"https:\/\/nembutalboutique.com\/wp-content\/uploads\/2024\/09\/Dibutylone.gif","contentUrl":"https:\/\/nembutalboutique.com\/wp-content\/uploads\/2024\/09\/Dibutylone.gif","width":600,"height":600,"caption":"Acheter Dibutylone.gif"},{"@type":"BreadcrumbList","@id":"https:\/\/nembutalboutique.com\/produit\/dibutylone\/#breadcrumb","itemListElement":[{"@type":"ListItem","position":1,"name":"Home","item":"https:\/\/nembutalboutique.com\/"},{"@type":"ListItem","position":2,"name":"Boutique","item":"https:\/\/nembutalboutique.com\/shop\/"},{"@type":"ListItem","position":3,"name":"dibutylone"}]},{"@type":"WebSite","@id":"https:\/\/nembutalboutique.com\/#website","url":"https:\/\/nembutalboutique.com\/","name":"Nembutal Boutique","description":"Az \u00e9n WordPress blogom","publisher":{"@id":"https:\/\/nembutalboutique.com\/#organization"},"potentialAction":[{"@type":"SearchAction","target":{"@type":"EntryPoint","urlTemplate":"https:\/\/nembutalboutique.com\/?s={search_term_string}"},"query-input":{"@type":"PropertyValueSpecification","valueRequired":true,"valueName":"search_term_string"}}],"inLanguage":"hu"},{"@type":"Organization","@id":"https:\/\/nembutalboutique.com\/#organization","name":"Nembutal Boutique","url":"https:\/\/nembutalboutique.com\/","logo":{"@type":"ImageObject","inLanguage":"hu","@id":"https:\/\/nembutalboutique.com\/#\/schema\/logo\/image\/","url":"https:\/\/nembutalboutique.com\/wp-content\/uploads\/2024\/01\/logo.png","contentUrl":"https:\/\/nembutalboutique.com\/wp-content\/uploads\/2024\/01\/logo.png","width":494,"height":121,"caption":"Nembutal Boutique"},"image":{"@id":"https:\/\/nembutalboutique.com\/#\/schema\/logo\/image\/"}}]}},"_links":{"self":[{"href":"https:\/\/nembutalboutique.com\/hu\/wp-json\/wp\/v2\/product\/2874"}],"collection":[{"href":"https:\/\/nembutalboutique.com\/hu\/wp-json\/wp\/v2\/product"}],"about":[{"href":"https:\/\/nembutalboutique.com\/hu\/wp-json\/wp\/v2\/types\/product"}],"replies":[{"embeddable":true,"href":"https:\/\/nembutalboutique.com\/hu\/wp-json\/wp\/v2\/comments?post=2874"}],"wp:featuredmedia":[{"embeddable":true,"href":"https:\/\/nembutalboutique.com\/hu\/wp-json\/wp\/v2\/media\/2899"}],"wp:attachment":[{"href":"https:\/\/nembutalboutique.com\/hu\/wp-json\/wp\/v2\/media?parent=2874"}],"wp:term":[{"taxonomy":"product_brand","embeddable":true,"href":"https:\/\/nembutalboutique.com\/hu\/wp-json\/wp\/v2\/product_brand?post=2874"},{"taxonomy":"product_cat","embeddable":true,"href":"https:\/\/nembutalboutique.com\/hu\/wp-json\/wp\/v2\/product_cat?post=2874"},{"taxonomy":"product_tag","embeddable":true,"href":"https:\/\/nembutalboutique.com\/hu\/wp-json\/wp\/v2\/product_tag?post=2874"}],"curies":[{"name":"wp","href":"https:\/\/api.w.org\/{rel}","templated":true}]}}