{"id":2824,"date":"2024-09-16T08:12:45","date_gmt":"2024-09-16T08:12:45","guid":{"rendered":"https:\/\/nembutalboutique.com\/?post_type=product&#038;p=2824"},"modified":"2024-09-20T10:33:52","modified_gmt":"2024-09-20T10:33:52","slug":"bk-ebdp","status":"publish","type":"product","link":"https:\/\/nembutalboutique.com\/hu\/termek\/bk-ebdp\/","title":{"rendered":"BK-EBDP"},"content":{"rendered":"<h2>BK-EBDP online v\u00e1s\u00e1rl\u00e1s,<\/h2>\n<p>A kutat\u00e1s \u00e9s \u00f6szt\u00f6nz\u00e9s \u00faj strat\u00e9gi\u00e1ja a <a href=\"https:\/\/nembutalboutique.com\/produit\/bk-ebdp\/\">BK-EBDP<\/a>. B\u00e1r j\u00f3val nagyobb munkaszil\u00e1rds\u00e1ggal rendelkezik, mint Methylon t\u00e1rsa, m\u00e9gis \u00f6sszehasonl\u00edthat\u00f3 a Methylon\u00e9val. Az efilon, m\u00e1s n\u00e9ven bk-EBDP a fenetilamin k\u00e9miai oszt\u00e1ly\u00e1ba tartoz\u00f3 pszichoakt\u00edv anyag. Stimul\u00e1nsk\u00e9nt, pszichedelikus szerk\u00e9nt \u00e9s entaktog\u00e9nk\u00e9nt haszn\u00e1lj\u00e1k. \u00dagy tartj\u00e1k, hogy Alexander Shulgin volt az els\u0151, aki szintetiz\u00e1lta. Ethyl-K n\u00e9ven is forgalomba hozt\u00e1k.<\/p>\n<h3>Mire haszn\u00e1lj\u00e1k a bk-EBDP-t?<\/h3>\n<p>B\u00e1r nem olyan er\u0151s, mint m\u00e1s stimul\u00e1nsok, p\u00e9ld\u00e1ul az MDMA, a Bk-EBDP haszn\u00e1latakor ismert, hogy enyhe stimul\u00e1ns \u00e9s \u00e9tv\u00e1gycs\u00f6kkent\u0151. Azok az emberek, akik enyhe euf\u00f3ri\u00e1t szeretn\u00e9nek \u00e1t\u00e9lni, de nem akarnak k\u00e9nyszer\u00edt\u0151 vagy \u00f6nk\u00e9ntelen viselked\u00e9sbe bocs\u00e1tkozni, azok haszn\u00e1lj\u00e1k ezt a m\u00f3dszert. Ezt a m\u00e9di\u00e1n kereszt\u00fcl lehet megtenni. Er\u0151s v\u00e1gyat kelt a fizikailag megterhel\u0151 tev\u00e9kenys\u00e9gek ir\u00e1nt, \u00e9s olyan emberek haszn\u00e1lj\u00e1k, akik intenz\u00edv edz\u00e9sben \u00e9s testmozg\u00e1sban vesznek r\u00e9szt.<\/p>\n<p>A t\u00falzott v\u00edzfogyaszt\u00e1st is serkenti. B\u00e1r nem mindenki szereti, n\u00f6velheti az \u00e9tv\u00e1gyat. Ismert, hogy az emberek nem orvosi c\u00e9lokra haszn\u00e1lj\u00e1k, hogy olyan hat\u00e1sokat \u00e9rjenek el vele, mint az eg\u00f3-n\u00f6vel\u00e9s vagy az \u00e9rzelmek fokoz\u00e1sa.<\/p>\n<h3>A bk-EBDP mell\u00e9khat\u00e1sai<\/h3>\n<p>Le <a href=\"https:\/\/en.wikipedia.org\/wiki\/1,3-Benzodioxolyl-N-ethylpentanamine\">bk-EBDP<\/a> pszichedelikus \u00e9s entaktog\u00e9n hat\u00e1s\u00fa stimul\u00e1ns. Enyh\u00e9n kisz\u00e1m\u00edthatatlan viselked\u00e9st okozhat, amelyet gyakran ideges vagy izgatott viselked\u00e9sk\u00e9nt \u00edrnak le az elfogad\u00e1skor. Jav\u00edthatja a fizikai kontaktust. A drog egyik mell\u00e9khat\u00e1sa az enyhe szemirrit\u00e1ci\u00f3, amely a kezel\u00e9s megkezd\u00e9se ut\u00e1n egy-k\u00e9t h\u00e9ttel jelentkezik.<\/p>\n<p>A fizikai hat\u00e1sok k\u00f6z\u00e9 tartoznak a v\u00e9gtagamput\u00e1ci\u00f3k, a testszerte jelentkez\u0151 r\u00e1ng\u00e1sok \u00e9s a motoros funkci\u00f3k elveszt\u00e9se miatt ir\u00e1ny\u00edthatatlan v\u00e9gtagok. A t\u00fal sok v\u00edz fogyaszt\u00e1sa s\u00falyos m\u00e1snaposs\u00e1got \u00e9s \u00e9tv\u00e1gytalans\u00e1got okozhat. A mell\u00e9khat\u00e1sok k\u00f6z\u00e9 tartozik a megn\u00f6vekedett pulzussz\u00e1m \u00e9s a v\u00e9rz\u00e9s.<\/p>\n<p>A k\u00e1b\u00edt\u00f3szerrel kapcsolatos egyenl\u0151tlens\u00e9geknek k\u00e1ros hat\u00e1sai lehetnek.<\/p>\n<h3>A bk-EBDP adagol\u00e1sa \u00e9s t\u00faladagol\u00e1sa<\/h3>\n<p>Az emberek t\u00f6bbet akarnak bevenni, mert a szok\u00e1sos adagol\u00e1s ritk\u00e1n fedezi a hat\u00e1sok teljes spektrum\u00e1t. A t\u00faladagol\u00e1s ezeket a mell\u00e9khat\u00e1sokat, valamint tov\u00e1bbi nemk\u00edv\u00e1natos hat\u00e1sokat, p\u00e9ld\u00e1ul s\u00falyos v\u00e9rz\u00e9st vagy legrosszabb esetben ak\u00e1r hal\u00e1lt is okozhat.<br \/>\nA bk-EBDP jog\u00e1ll\u00e1sa<br \/>\nA legt\u00f6bb orsz\u00e1g szab\u00e1lyozza e dr\u00f3nok gy\u00e1rt\u00e1s\u00e1t, forgalmaz\u00e1s\u00e1t \u00e9s tulajdonjog\u00e1t.<\/p>\n<h3>Hol v\u00e1s\u00e1rolhatok bk-EBDP-t?<\/h3>\n<p>Online gy\u00f3gyszert\u00e1ri piacter\u00fcnk\u00f6n vil\u00e1gszerte kiv\u00e1l\u00f3 min\u0151s\u00e9g\u0171 gy\u00f3gyszerek \u00e1llnak rendelkez\u00e9sre, rendk\u00edv\u00fcl versenyk\u00e9pes \u00e1ron laborat\u00f3riumok, gy\u00f3gyszert\u00e1rak, kutat\u00f3k\u00f6zpontok vagy egy\u00e9ni fogyaszt\u00f3k sz\u00e1m\u00e1ra.<\/p>","protected":false},"excerpt":{"rendered":"<p>ACHETER BK-EBDP en ligne, Une nouvelle strat\u00e9gie de recherche et de stimulation est le BK-EBDP. Bien qu&rsquo;il ait une rigidit\u00e9 de travail beaucoup plus \u00e9lev\u00e9e que son homologue Methylon, il est n\u00e9anmoins comparable au Methylon. L&rsquo;Ephylon, \u00e9galement appel\u00e9 bk-EBDP, est une substance psychoactive qui appartient \u00e0 la classe chimique des ph\u00e9n\u00e9thylamines. Il est utilis\u00e9 comme [&hellip;]<\/p>","protected":false},"featured_media":2837,"comment_status":"open","ping_status":"closed","template":"","meta":{"_joinchat":[]},"product_brand":[],"product_cat":[386],"product_tag":[],"class_list":{"0":"post-2824","1":"product","2":"type-product","3":"status-publish","4":"has-post-thumbnail","6":"product_cat-cannabinoids","8":"first","9":"instock","10":"shipping-taxable","11":"purchasable","12":"product-type-variable"},"yoast_head":"<!-- This site is optimized with the Yoast SEO plugin v23.5 - https:\/\/yoast.com\/wordpress\/plugins\/seo\/ -->\n<title>EBDP \u00e0 vendre - Achetez EBDP en ligne - Commandez EBDP<\/title>\n<meta name=\"description\" content=\"Vous pouvez obtenir EBDP \u00e0 vendre aux meilleurs tarifs dans notre boutique en ligne. Nous sommes l\u00e0 pour vous aider \u00e0 acheter EBDP en ligne. Connectez-vous au meilleur magasin de la ville d\u00e8s aujourd&#039;hui\u00a0!\" \/>\n<meta name=\"robots\" content=\"index, follow, max-snippet:-1, max-image-preview:large, max-video-preview:-1\" \/>\n<link rel=\"canonical\" href=\"https:\/\/nembutalboutique.com\/hu\/termek\/bk-ebdp\/\" \/>\n<meta property=\"og:locale\" content=\"hu_HU\" \/>\n<meta property=\"og:type\" content=\"article\" \/>\n<meta property=\"og:title\" content=\"EBDP \u00e0 vendre - Achetez EBDP en ligne - Commandez EBDP\" \/>\n<meta property=\"og:description\" content=\"Vous pouvez obtenir EBDP \u00e0 vendre aux meilleurs tarifs dans notre boutique en ligne. Nous sommes l\u00e0 pour vous aider \u00e0 acheter EBDP en ligne. Connectez-vous au meilleur magasin de la ville d\u00e8s aujourd&#039;hui\u00a0!\" \/>\n<meta property=\"og:url\" content=\"https:\/\/nembutalboutique.com\/hu\/termek\/bk-ebdp\/\" \/>\n<meta property=\"og:site_name\" content=\"Nembutal Boutique\" \/>\n<meta property=\"article:modified_time\" content=\"2024-09-20T10:33:52+00:00\" \/>\n<meta property=\"og:image\" content=\"https:\/\/nembutalboutique.com\/wp-content\/uploads\/2024\/09\/BK-EBDP.gif\" \/>\n\t<meta property=\"og:image:width\" content=\"600\" \/>\n\t<meta property=\"og:image:height\" content=\"600\" \/>\n\t<meta property=\"og:image:type\" content=\"image\/gif\" \/>\n<meta name=\"twitter:card\" content=\"summary_large_image\" \/>\n<meta name=\"twitter:label1\" content=\"Becs\u00fclt olvas\u00e1si id\u0151\" \/>\n\t<meta name=\"twitter:data1\" content=\"3 perc\" \/>\n<script type=\"application\/ld+json\" class=\"yoast-schema-graph\">{\"@context\":\"https:\/\/schema.org\",\"@graph\":[{\"@type\":\"WebPage\",\"@id\":\"https:\/\/nembutalboutique.com\/produit\/bk-ebdp\/\",\"url\":\"https:\/\/nembutalboutique.com\/produit\/bk-ebdp\/\",\"name\":\"EBDP \u00e0 vendre - Achetez EBDP en ligne - Commandez EBDP\",\"isPartOf\":{\"@id\":\"https:\/\/nembutalboutique.com\/#website\"},\"primaryImageOfPage\":{\"@id\":\"https:\/\/nembutalboutique.com\/produit\/bk-ebdp\/#primaryimage\"},\"image\":{\"@id\":\"https:\/\/nembutalboutique.com\/produit\/bk-ebdp\/#primaryimage\"},\"thumbnailUrl\":\"https:\/\/nembutalboutique.com\/wp-content\/uploads\/2024\/09\/BK-EBDP.gif\",\"datePublished\":\"2024-09-16T08:12:45+00:00\",\"dateModified\":\"2024-09-20T10:33:52+00:00\",\"description\":\"Vous pouvez obtenir EBDP \u00e0 vendre aux meilleurs tarifs dans notre boutique en ligne. Nous sommes l\u00e0 pour vous aider \u00e0 acheter EBDP en ligne. Connectez-vous au meilleur magasin de la ville d\u00e8s aujourd'hui\u00a0!\",\"breadcrumb\":{\"@id\":\"https:\/\/nembutalboutique.com\/produit\/bk-ebdp\/#breadcrumb\"},\"inLanguage\":\"hu\",\"potentialAction\":[{\"@type\":\"ReadAction\",\"target\":[\"https:\/\/nembutalboutique.com\/produit\/bk-ebdp\/\"]}]},{\"@type\":\"ImageObject\",\"inLanguage\":\"hu\",\"@id\":\"https:\/\/nembutalboutique.com\/produit\/bk-ebdp\/#primaryimage\",\"url\":\"https:\/\/nembutalboutique.com\/wp-content\/uploads\/2024\/09\/BK-EBDP.gif\",\"contentUrl\":\"https:\/\/nembutalboutique.com\/wp-content\/uploads\/2024\/09\/BK-EBDP.gif\",\"width\":600,\"height\":600,\"caption\":\"Acheter BK-EBDP.gif\"},{\"@type\":\"BreadcrumbList\",\"@id\":\"https:\/\/nembutalboutique.com\/produit\/bk-ebdp\/#breadcrumb\",\"itemListElement\":[{\"@type\":\"ListItem\",\"position\":1,\"name\":\"Home\",\"item\":\"https:\/\/nembutalboutique.com\/\"},{\"@type\":\"ListItem\",\"position\":2,\"name\":\"Boutique\",\"item\":\"https:\/\/nembutalboutique.com\/shop\/\"},{\"@type\":\"ListItem\",\"position\":3,\"name\":\"BK-EBDP\"}]},{\"@type\":\"WebSite\",\"@id\":\"https:\/\/nembutalboutique.com\/#website\",\"url\":\"https:\/\/nembutalboutique.com\/\",\"name\":\"Nembutal Boutique\",\"description\":\"My WordPress Blog\",\"publisher\":{\"@id\":\"https:\/\/nembutalboutique.com\/#organization\"},\"potentialAction\":[{\"@type\":\"SearchAction\",\"target\":{\"@type\":\"EntryPoint\",\"urlTemplate\":\"https:\/\/nembutalboutique.com\/?s={search_term_string}\"},\"query-input\":{\"@type\":\"PropertyValueSpecification\",\"valueRequired\":true,\"valueName\":\"search_term_string\"}}],\"inLanguage\":\"hu\"},{\"@type\":\"Organization\",\"@id\":\"https:\/\/nembutalboutique.com\/#organization\",\"name\":\"Nembutal Boutique\",\"url\":\"https:\/\/nembutalboutique.com\/\",\"logo\":{\"@type\":\"ImageObject\",\"inLanguage\":\"hu\",\"@id\":\"https:\/\/nembutalboutique.com\/#\/schema\/logo\/image\/\",\"url\":\"https:\/\/nembutalboutique.com\/wp-content\/uploads\/2024\/01\/logo.png\",\"contentUrl\":\"https:\/\/nembutalboutique.com\/wp-content\/uploads\/2024\/01\/logo.png\",\"width\":494,\"height\":121,\"caption\":\"Nembutal Boutique\"},\"image\":{\"@id\":\"https:\/\/nembutalboutique.com\/#\/schema\/logo\/image\/\"}}]}<\/script>\n<!-- \/ Yoast SEO plugin. -->","yoast_head_json":{"title":"EBDP elad\u00f3 - EBDP online v\u00e1s\u00e1rl\u00e1s - EBDP rendel\u00e9s","description":"Az EBDP-t a legjobb \u00e1ron kaphatja meg online \u00e1ruh\u00e1zunkban. Az\u00e9rt vagyunk itt, hogy seg\u00edts\u00fcnk az EBDP online v\u00e1s\u00e1rl\u00e1s\u00e1ban. Csatlakozzon a v\u00e1ros legjobb \u00fczlet\u00e9hez m\u00e9g ma!","robots":{"index":"index","follow":"follow","max-snippet":"max-snippet:-1","max-image-preview":"max-image-preview:large","max-video-preview":"max-video-preview:-1"},"canonical":"https:\/\/nembutalboutique.com\/hu\/termek\/bk-ebdp\/","og_locale":"hu_HU","og_type":"article","og_title":"EBDP \u00e0 vendre - Achetez EBDP en ligne - Commandez EBDP","og_description":"Vous pouvez obtenir EBDP \u00e0 vendre aux meilleurs tarifs dans notre boutique en ligne. Nous sommes l\u00e0 pour vous aider \u00e0 acheter EBDP en ligne. Connectez-vous au meilleur magasin de la ville d\u00e8s aujourd'hui\u00a0!","og_url":"https:\/\/nembutalboutique.com\/hu\/termek\/bk-ebdp\/","og_site_name":"Nembutal Boutique","article_modified_time":"2024-09-20T10:33:52+00:00","og_image":[{"width":600,"height":600,"url":"https:\/\/nembutalboutique.com\/wp-content\/uploads\/2024\/09\/BK-EBDP.gif","type":"image\/gif"}],"twitter_card":"summary_large_image","twitter_misc":{"Becs\u00fclt olvas\u00e1si id\u0151":"3 perc"},"schema":{"@context":"https:\/\/schema.org","@graph":[{"@type":"WebPage","@id":"https:\/\/nembutalboutique.com\/produit\/bk-ebdp\/","url":"https:\/\/nembutalboutique.com\/produit\/bk-ebdp\/","name":"EBDP elad\u00f3 - EBDP online v\u00e1s\u00e1rl\u00e1s - EBDP rendel\u00e9s","isPartOf":{"@id":"https:\/\/nembutalboutique.com\/#website"},"primaryImageOfPage":{"@id":"https:\/\/nembutalboutique.com\/produit\/bk-ebdp\/#primaryimage"},"image":{"@id":"https:\/\/nembutalboutique.com\/produit\/bk-ebdp\/#primaryimage"},"thumbnailUrl":"https:\/\/nembutalboutique.com\/wp-content\/uploads\/2024\/09\/BK-EBDP.gif","datePublished":"2024-09-16T08:12:45+00:00","dateModified":"2024-09-20T10:33:52+00:00","description":"Az EBDP-t a legjobb \u00e1ron kaphatja meg online \u00e1ruh\u00e1zunkban. Az\u00e9rt vagyunk itt, hogy seg\u00edts\u00fcnk az EBDP online v\u00e1s\u00e1rl\u00e1s\u00e1ban. Csatlakozzon a v\u00e1ros legjobb \u00fczlet\u00e9hez m\u00e9g ma!","breadcrumb":{"@id":"https:\/\/nembutalboutique.com\/produit\/bk-ebdp\/#breadcrumb"},"inLanguage":"hu","potentialAction":[{"@type":"ReadAction","target":["https:\/\/nembutalboutique.com\/produit\/bk-ebdp\/"]}]},{"@type":"ImageObject","inLanguage":"hu","@id":"https:\/\/nembutalboutique.com\/produit\/bk-ebdp\/#primaryimage","url":"https:\/\/nembutalboutique.com\/wp-content\/uploads\/2024\/09\/BK-EBDP.gif","contentUrl":"https:\/\/nembutalboutique.com\/wp-content\/uploads\/2024\/09\/BK-EBDP.gif","width":600,"height":600,"caption":"Acheter BK-EBDP.gif"},{"@type":"BreadcrumbList","@id":"https:\/\/nembutalboutique.com\/produit\/bk-ebdp\/#breadcrumb","itemListElement":[{"@type":"ListItem","position":1,"name":"Home","item":"https:\/\/nembutalboutique.com\/"},{"@type":"ListItem","position":2,"name":"Boutique","item":"https:\/\/nembutalboutique.com\/shop\/"},{"@type":"ListItem","position":3,"name":"BK-EBDP"}]},{"@type":"WebSite","@id":"https:\/\/nembutalboutique.com\/#website","url":"https:\/\/nembutalboutique.com\/","name":"Nembutal Boutique","description":"Az \u00e9n WordPress blogom","publisher":{"@id":"https:\/\/nembutalboutique.com\/#organization"},"potentialAction":[{"@type":"SearchAction","target":{"@type":"EntryPoint","urlTemplate":"https:\/\/nembutalboutique.com\/?s={search_term_string}"},"query-input":{"@type":"PropertyValueSpecification","valueRequired":true,"valueName":"search_term_string"}}],"inLanguage":"hu"},{"@type":"Organization","@id":"https:\/\/nembutalboutique.com\/#organization","name":"Nembutal Boutique","url":"https:\/\/nembutalboutique.com\/","logo":{"@type":"ImageObject","inLanguage":"hu","@id":"https:\/\/nembutalboutique.com\/#\/schema\/logo\/image\/","url":"https:\/\/nembutalboutique.com\/wp-content\/uploads\/2024\/01\/logo.png","contentUrl":"https:\/\/nembutalboutique.com\/wp-content\/uploads\/2024\/01\/logo.png","width":494,"height":121,"caption":"Nembutal Boutique"},"image":{"@id":"https:\/\/nembutalboutique.com\/#\/schema\/logo\/image\/"}}]}},"_links":{"self":[{"href":"https:\/\/nembutalboutique.com\/hu\/wp-json\/wp\/v2\/product\/2824"}],"collection":[{"href":"https:\/\/nembutalboutique.com\/hu\/wp-json\/wp\/v2\/product"}],"about":[{"href":"https:\/\/nembutalboutique.com\/hu\/wp-json\/wp\/v2\/types\/product"}],"replies":[{"embeddable":true,"href":"https:\/\/nembutalboutique.com\/hu\/wp-json\/wp\/v2\/comments?post=2824"}],"wp:featuredmedia":[{"embeddable":true,"href":"https:\/\/nembutalboutique.com\/hu\/wp-json\/wp\/v2\/media\/2837"}],"wp:attachment":[{"href":"https:\/\/nembutalboutique.com\/hu\/wp-json\/wp\/v2\/media?parent=2824"}],"wp:term":[{"taxonomy":"product_brand","embeddable":true,"href":"https:\/\/nembutalboutique.com\/hu\/wp-json\/wp\/v2\/product_brand?post=2824"},{"taxonomy":"product_cat","embeddable":true,"href":"https:\/\/nembutalboutique.com\/hu\/wp-json\/wp\/v2\/product_cat?post=2824"},{"taxonomy":"product_tag","embeddable":true,"href":"https:\/\/nembutalboutique.com\/hu\/wp-json\/wp\/v2\/product_tag?post=2824"}],"curies":[{"name":"wp","href":"https:\/\/api.w.org\/{rel}","templated":true}]}}