{"id":2769,"date":"2024-09-16T08:12:28","date_gmt":"2024-09-16T08:12:28","guid":{"rendered":"https:\/\/nembutalboutique.com\/?post_type=product&#038;p=2769"},"modified":"2024-09-20T08:20:47","modified_gmt":"2024-09-20T08:20:47","slug":"4-mpd","status":"publish","type":"product","link":"https:\/\/nembutalboutique.com\/hu\/termek\/4-mpd\/","title":{"rendered":"4-MPD"},"content":{"rendered":"<h2>Acheter 4-MPD en ligne<\/h2>\n<h3>Qu&rsquo;est-ce que le 4-MPD ?<\/h3>\n<p>K\u00edv\u00e1ncsi a 4-MPD-re?\u00a0<strong>4-MPD<\/strong>\u00a0<strong>vagy 4-metil-pentedron<\/strong>\u00a0a katinonok oszt\u00e1ly\u00e1ba tartoz\u00f3 szintetikus stimul\u00e1ns. Serkent\u0151 \u00e9s euf\u00f3rikus hat\u00e1sair\u00f3l ismert, amelyek hasonl\u00f3ak lehetnek m\u00e1s katinonok, p\u00e9ld\u00e1ul a mefedron hat\u00e1saihoz, de saj\u00e1t, egyedi k\u00e9miai profilja van. A 4-MPD-t kutat\u00e1si \u00e9s tudom\u00e1nyos k\u00f6r\u00f6kben haszn\u00e1lj\u00e1k a katinonok emberi szervezetre gyakorolt hat\u00e1sainak tanulm\u00e1nyoz\u00e1s\u00e1ra, \u00e9s kutat\u00e1si c\u00e9lokra fejlesztett\u00e9k ki.<a href=\"https:\/\/nembutalboutique.com\/produit\/4-mpd\/\">.<\/a><\/p>\n<h3>A 4-MPD fejleszt\u00e9se<\/h3>\n<p>Le d\u00e9veloppement du 4MPD fait partie de l\u2019\u00e9tude plus large des cathinones, qui a retenu l\u2019attention de la communaut\u00e9 scientifique ces derni\u00e8res ann\u00e9es. Les cathinones int\u00e9ressent les chercheurs en raison de leur influence sur le syst\u00e8me nerveux central, affectant souvent la recapture des neurotransmetteurs comme la dopamine et la s\u00e9rotonine. L&rsquo;\u00e9tude du 4-MPD permet de mieux comprendre les propri\u00e9t\u00e9s pharmacologiques et toxicologiques de nouvelles substances psychoactives<a href=\"https:\/\/fr.wikipedia.org\/wiki\/MPD_Psycho\">.<\/a><\/p>\n<p>Figyelmeztet\u00e9s: A 4-MPD kiz\u00e1r\u00f3lag kutat\u00e1si c\u00e9lokra, \u00e9s nem emberi mpt-re szolg\u00e1l.<\/p>\n<h3>A 4-MPD hat\u00e1sai<\/h3>\n<p>A 4MPD hat\u00e1sai elt\u00e9r\u0151ek lehetnek, de a leggyakoribb tapasztalatok a k\u00f6vetkez\u0151k:<\/p>\n<ul>\n<li><strong>Stimul\u00e1ci\u00f3<\/strong>\u00a0: Augmentation de la sensation d&rsquo;\u00e9nergie et de vigilance.<\/li>\n<li><strong>Euf\u00f3ria<\/strong>\u00a0Az \u00f6r\u00f6m \u00e9s a j\u00f3l\u00e9t \u00e9rz\u00e9se.<\/li>\n<li><strong>Fokozott szociabilit\u00e1s<\/strong>\u00a0: N\u00f6veli a t\u00e1rsas \u00e9rintkez\u00e9s ir\u00e1nti v\u00e1gyat.<\/li>\n<li><strong>A pulzussz\u00e1m emelked\u00e9se<\/strong>\u00a0: Possibilit\u00e9 d&rsquo;acc\u00e9l\u00e9ration de la fr\u00e9quence cardiaque.<\/li>\n<\/ul>\n<p>Ezek a hat\u00e1sok az adagol\u00e1st\u00f3l \u00e9s az egy\u00e9ni reakci\u00f3t\u00f3l f\u00fcgg\u0151en v\u00e1ltozhatnak.<\/p>\n<h3>A 4-MPD meghat\u00e1roz\u00e1sa<\/h3>\n<ul>\n<li><strong>F\u00e9nyadagol\u00e1s :<\/strong>\u00a0Nem j\u00f3l megalapozott, \u00f3vatoss\u00e1gra int.<\/li>\n<li><strong>Szok\u00e1sos adagol\u00e1s :<\/strong>\u00a0Nem j\u00f3l megalapozott, \u00f3vatoss\u00e1gra int.<\/li>\n<li><strong>Er\u0151s adagol\u00e1s :<\/strong>\u00a0Nem j\u00f3l megalapozott, \u00f3vatoss\u00e1gra int.<\/li>\n<\/ul>\n<p>A kiterjedt kutat\u00e1sok hi\u00e1nya \u00e9s a szintetikus katinonok v\u00e1ltoz\u00e9konys\u00e1ga miatt neh\u00e9z konkr\u00e9t adagol\u00e1si ir\u00e1nymutat\u00e1sokat adni a 4-MPD-re vonatkoz\u00f3an. A kutat\u00e1si k\u00f6rnyezetben t\u00f6rt\u00e9n\u0151 alkalmaz\u00e1s pontos m\u00e9rlegel\u00e9st \u00e9s az adagol\u00e1s ellen\u0151rz\u00e9s\u00e9t ig\u00e9nyli.<\/p>\n<h3>A 4-MPD hat\u00e1sainak id\u0151tartama<\/h3>\n<p>La dur\u00e9e des effets du 4-MPD n&rsquo;est pas bien document\u00e9e et peut varier consid\u00e9rablement\u00a0:<\/p>\n<ul>\n<li><strong>A hat\u00e1sok kezdete :<\/strong>\u00a0Variable et d\u00e9pendante de la voie d&rsquo;administration.<\/li>\n<li><strong>Cs\u00facshat\u00e1s :<\/strong>\u00a0Nem j\u00f3l megalapozott.<\/li>\n<li><strong>Teljes id\u0151tartam :<\/strong>\u00a0Nem j\u00f3l megalapozott.<\/li>\n<\/ul>\n<p>En raison du manque d&rsquo;\u00e9tudes cliniques approfondies, la dur\u00e9e et l&rsquo;intensit\u00e9 des effets du 4-MPD peuvent varier consid\u00e9rablement et d\u00e9pendre de nombreux facteurs, notamment la dose et la r\u00e9ponse individuelle.<\/p>\n<h3>Mi\u00e9rt v\u00e1lassza a Professor.nl-t?<\/h3>\n<p>Si vous \u00eates un chercheur ou un scientifique \u00e0 la recherche des meilleurs produits chimiques de recherche, nembutalboutique est la boutique en ligne qu&rsquo;il vous faut. De nembutalboutique propose une large gamme de produits de la plus haute qualit\u00e9 au meilleur prix.<\/p>\n<p>Ezenk\u00edv\u00fcl a nembutalboutique gyors sz\u00e1ll\u00edt\u00e1st, biztons\u00e1gos fizet\u00e9si lehet\u0151s\u00e9geket \u00e9s kiv\u00e1l\u00f3 \u00fcgyf\u00e9lszolg\u00e1latot is k\u00edn\u00e1l. A professzor nagy jelent\u0151s\u00e9get tulajdon\u00edt a t\u00f6rv\u00e9nyeknek val\u00f3 megfelel\u00e9snek, \u00e9s minden term\u00e9k a vonatkoz\u00f3 t\u00f6rv\u00e9nyeknek \u00e9s rendeleteknek megfelel\u0151en k\u00e9sz\u00fcl. Szeretne rendelni\u00a0<em>4MPD<\/em>\u00a0? L\u00e1togasson el a  oldalra.\u00a0<em>4<\/em>&#8211;<em>MPD<\/em>\u00a0a Cathinones csoportba tartozik, \u00e9s Research Chemicals n\u00e9ven ker\u00fcl forgalomba. \u00d6n is\u00a0<em>v\u00e1s\u00e1rolni<\/em>\u00a0a  c\u00edmr\u0151l\u00a0<em>4<\/em>&#8211;<em>MPD<\/em>.<\/p>","protected":false},"excerpt":{"rendered":"<p>V\u00e1s\u00e1rolja meg a legjobb min\u0151s\u00e9g\u0171 4-MPD-t minden tudom\u00e1nyos kutat\u00e1s\u00e1hoz. A 4-MPD kutat\u00e1si vegyszerek tisztas\u00e1ga \u226598 %, \u00e9s nem alkalmasak emberi mpt-re.<\/p>","protected":false},"featured_media":2799,"comment_status":"open","ping_status":"closed","template":"","meta":{"_joinchat":[]},"product_brand":[],"product_cat":[447],"product_tag":[],"class_list":{"0":"post-2769","1":"product","2":"type-product","3":"status-publish","4":"has-post-thumbnail","6":"product_cat-stimulants","8":"first","9":"instock","10":"shipping-taxable","11":"purchasable","12":"product-type-variable"},"yoast_head":"<!-- This site is optimized with the Yoast SEO plugin v23.5 - https:\/\/yoast.com\/wordpress\/plugins\/seo\/ -->\n<title>Acheter 4-MPD en ligne - 4-MPD \u00e0 vendre<\/title>\n<meta name=\"description\" content=\"C&#039;est le meilleur moment pour visiter notre boutique en ligne NembutalBoutique et acheter du 4-MPD en ligne. Nous avons du 4-MPD \u00e0 vendre ici. Rencontrez-nous en ligne et passez votre commande d\u00e8s aujourd&#039;hui !\" \/>\n<meta name=\"robots\" content=\"index, follow, max-snippet:-1, max-image-preview:large, max-video-preview:-1\" \/>\n<link rel=\"canonical\" href=\"https:\/\/nembutalboutique.com\/hu\/termek\/4-mpd\/\" \/>\n<meta property=\"og:locale\" content=\"hu_HU\" \/>\n<meta property=\"og:type\" content=\"article\" \/>\n<meta property=\"og:title\" content=\"Acheter 4-MPD en ligne - 4-MPD \u00e0 vendre\" \/>\n<meta property=\"og:description\" content=\"C&#039;est le meilleur moment pour visiter notre boutique en ligne NembutalBoutique et acheter du 4-MPD en ligne. Nous avons du 4-MPD \u00e0 vendre ici. Rencontrez-nous en ligne et passez votre commande d\u00e8s aujourd&#039;hui !\" \/>\n<meta property=\"og:url\" content=\"https:\/\/nembutalboutique.com\/hu\/termek\/4-mpd\/\" \/>\n<meta property=\"og:site_name\" content=\"Nembutal Boutique\" \/>\n<meta property=\"article:modified_time\" content=\"2024-09-20T08:20:47+00:00\" \/>\n<meta property=\"og:image\" content=\"https:\/\/nembutalboutique.com\/wp-content\/uploads\/2024\/09\/4-MPD.gif\" \/>\n\t<meta property=\"og:image:width\" content=\"600\" \/>\n\t<meta property=\"og:image:height\" content=\"600\" \/>\n\t<meta property=\"og:image:type\" content=\"image\/gif\" \/>\n<meta name=\"twitter:card\" content=\"summary_large_image\" \/>\n<meta name=\"twitter:label1\" content=\"Becs\u00fclt olvas\u00e1si id\u0151\" \/>\n\t<meta name=\"twitter:data1\" content=\"3 perc\" \/>\n<script type=\"application\/ld+json\" class=\"yoast-schema-graph\">{\"@context\":\"https:\/\/schema.org\",\"@graph\":[{\"@type\":\"WebPage\",\"@id\":\"https:\/\/nembutalboutique.com\/produit\/4-mpd\/\",\"url\":\"https:\/\/nembutalboutique.com\/produit\/4-mpd\/\",\"name\":\"Acheter 4-MPD en ligne - 4-MPD \u00e0 vendre\",\"isPartOf\":{\"@id\":\"https:\/\/nembutalboutique.com\/#website\"},\"primaryImageOfPage\":{\"@id\":\"https:\/\/nembutalboutique.com\/produit\/4-mpd\/#primaryimage\"},\"image\":{\"@id\":\"https:\/\/nembutalboutique.com\/produit\/4-mpd\/#primaryimage\"},\"thumbnailUrl\":\"https:\/\/nembutalboutique.com\/wp-content\/uploads\/2024\/09\/4-MPD.gif\",\"datePublished\":\"2024-09-16T08:12:28+00:00\",\"dateModified\":\"2024-09-20T08:20:47+00:00\",\"description\":\"C'est le meilleur moment pour visiter notre boutique en ligne NembutalBoutique et acheter du 4-MPD en ligne. Nous avons du 4-MPD \u00e0 vendre ici. Rencontrez-nous en ligne et passez votre commande d\u00e8s aujourd'hui !\",\"breadcrumb\":{\"@id\":\"https:\/\/nembutalboutique.com\/produit\/4-mpd\/#breadcrumb\"},\"inLanguage\":\"hu\",\"potentialAction\":[{\"@type\":\"ReadAction\",\"target\":[\"https:\/\/nembutalboutique.com\/produit\/4-mpd\/\"]}]},{\"@type\":\"ImageObject\",\"inLanguage\":\"hu\",\"@id\":\"https:\/\/nembutalboutique.com\/produit\/4-mpd\/#primaryimage\",\"url\":\"https:\/\/nembutalboutique.com\/wp-content\/uploads\/2024\/09\/4-MPD.gif\",\"contentUrl\":\"https:\/\/nembutalboutique.com\/wp-content\/uploads\/2024\/09\/4-MPD.gif\",\"width\":600,\"height\":600,\"caption\":\"Acheter 4-MPD\"},{\"@type\":\"BreadcrumbList\",\"@id\":\"https:\/\/nembutalboutique.com\/produit\/4-mpd\/#breadcrumb\",\"itemListElement\":[{\"@type\":\"ListItem\",\"position\":1,\"name\":\"Home\",\"item\":\"https:\/\/nembutalboutique.com\/\"},{\"@type\":\"ListItem\",\"position\":2,\"name\":\"Boutique\",\"item\":\"https:\/\/nembutalboutique.com\/shop\/\"},{\"@type\":\"ListItem\",\"position\":3,\"name\":\"4-MPD\"}]},{\"@type\":\"WebSite\",\"@id\":\"https:\/\/nembutalboutique.com\/#website\",\"url\":\"https:\/\/nembutalboutique.com\/\",\"name\":\"Nembutal Boutique\",\"description\":\"My WordPress Blog\",\"publisher\":{\"@id\":\"https:\/\/nembutalboutique.com\/#organization\"},\"potentialAction\":[{\"@type\":\"SearchAction\",\"target\":{\"@type\":\"EntryPoint\",\"urlTemplate\":\"https:\/\/nembutalboutique.com\/?s={search_term_string}\"},\"query-input\":{\"@type\":\"PropertyValueSpecification\",\"valueRequired\":true,\"valueName\":\"search_term_string\"}}],\"inLanguage\":\"hu\"},{\"@type\":\"Organization\",\"@id\":\"https:\/\/nembutalboutique.com\/#organization\",\"name\":\"Nembutal Boutique\",\"url\":\"https:\/\/nembutalboutique.com\/\",\"logo\":{\"@type\":\"ImageObject\",\"inLanguage\":\"hu\",\"@id\":\"https:\/\/nembutalboutique.com\/#\/schema\/logo\/image\/\",\"url\":\"https:\/\/nembutalboutique.com\/wp-content\/uploads\/2024\/01\/logo.png\",\"contentUrl\":\"https:\/\/nembutalboutique.com\/wp-content\/uploads\/2024\/01\/logo.png\",\"width\":494,\"height\":121,\"caption\":\"Nembutal Boutique\"},\"image\":{\"@id\":\"https:\/\/nembutalboutique.com\/#\/schema\/logo\/image\/\"}}]}<\/script>\n<!-- \/ Yoast SEO plugin. -->","yoast_head_json":{"title":"4-MPD online v\u00e1s\u00e1rl\u00e1s - 4-MPD elad\u00f3","description":"Most van a legjobb id\u0151, hogy megl\u00e1togassa a NembutalBoutique web\u00e1ruh\u00e1zunkat \u00e9s megv\u00e1s\u00e1rolja a 4-MPD-t online. Itt van 4-MPD elad\u00f3. Tal\u00e1lkozzon vel\u00fcnk online \u00e9s adja le rendel\u00e9s\u00e9t m\u00e9g ma!","robots":{"index":"index","follow":"follow","max-snippet":"max-snippet:-1","max-image-preview":"max-image-preview:large","max-video-preview":"max-video-preview:-1"},"canonical":"https:\/\/nembutalboutique.com\/hu\/termek\/4-mpd\/","og_locale":"hu_HU","og_type":"article","og_title":"Acheter 4-MPD en ligne - 4-MPD \u00e0 vendre","og_description":"C'est le meilleur moment pour visiter notre boutique en ligne NembutalBoutique et acheter du 4-MPD en ligne. Nous avons du 4-MPD \u00e0 vendre ici. Rencontrez-nous en ligne et passez votre commande d\u00e8s aujourd'hui !","og_url":"https:\/\/nembutalboutique.com\/hu\/termek\/4-mpd\/","og_site_name":"Nembutal Boutique","article_modified_time":"2024-09-20T08:20:47+00:00","og_image":[{"width":600,"height":600,"url":"https:\/\/nembutalboutique.com\/wp-content\/uploads\/2024\/09\/4-MPD.gif","type":"image\/gif"}],"twitter_card":"summary_large_image","twitter_misc":{"Becs\u00fclt olvas\u00e1si id\u0151":"3 perc"},"schema":{"@context":"https:\/\/schema.org","@graph":[{"@type":"WebPage","@id":"https:\/\/nembutalboutique.com\/produit\/4-mpd\/","url":"https:\/\/nembutalboutique.com\/produit\/4-mpd\/","name":"4-MPD online v\u00e1s\u00e1rl\u00e1s - 4-MPD elad\u00f3","isPartOf":{"@id":"https:\/\/nembutalboutique.com\/#website"},"primaryImageOfPage":{"@id":"https:\/\/nembutalboutique.com\/produit\/4-mpd\/#primaryimage"},"image":{"@id":"https:\/\/nembutalboutique.com\/produit\/4-mpd\/#primaryimage"},"thumbnailUrl":"https:\/\/nembutalboutique.com\/wp-content\/uploads\/2024\/09\/4-MPD.gif","datePublished":"2024-09-16T08:12:28+00:00","dateModified":"2024-09-20T08:20:47+00:00","description":"Most van a legjobb id\u0151, hogy megl\u00e1togassa a NembutalBoutique web\u00e1ruh\u00e1zunkat \u00e9s megv\u00e1s\u00e1rolja a 4-MPD-t online. Itt van 4-MPD elad\u00f3. Tal\u00e1lkozzon vel\u00fcnk online \u00e9s adja le rendel\u00e9s\u00e9t m\u00e9g ma!","breadcrumb":{"@id":"https:\/\/nembutalboutique.com\/produit\/4-mpd\/#breadcrumb"},"inLanguage":"hu","potentialAction":[{"@type":"ReadAction","target":["https:\/\/nembutalboutique.com\/produit\/4-mpd\/"]}]},{"@type":"ImageObject","inLanguage":"hu","@id":"https:\/\/nembutalboutique.com\/produit\/4-mpd\/#primaryimage","url":"https:\/\/nembutalboutique.com\/wp-content\/uploads\/2024\/09\/4-MPD.gif","contentUrl":"https:\/\/nembutalboutique.com\/wp-content\/uploads\/2024\/09\/4-MPD.gif","width":600,"height":600,"caption":"Acheter 4-MPD"},{"@type":"BreadcrumbList","@id":"https:\/\/nembutalboutique.com\/produit\/4-mpd\/#breadcrumb","itemListElement":[{"@type":"ListItem","position":1,"name":"Home","item":"https:\/\/nembutalboutique.com\/"},{"@type":"ListItem","position":2,"name":"Boutique","item":"https:\/\/nembutalboutique.com\/shop\/"},{"@type":"ListItem","position":3,"name":"4-MPD"}]},{"@type":"WebSite","@id":"https:\/\/nembutalboutique.com\/#website","url":"https:\/\/nembutalboutique.com\/","name":"Nembutal Boutique","description":"Az \u00e9n WordPress blogom","publisher":{"@id":"https:\/\/nembutalboutique.com\/#organization"},"potentialAction":[{"@type":"SearchAction","target":{"@type":"EntryPoint","urlTemplate":"https:\/\/nembutalboutique.com\/?s={search_term_string}"},"query-input":{"@type":"PropertyValueSpecification","valueRequired":true,"valueName":"search_term_string"}}],"inLanguage":"hu"},{"@type":"Organization","@id":"https:\/\/nembutalboutique.com\/#organization","name":"Nembutal Boutique","url":"https:\/\/nembutalboutique.com\/","logo":{"@type":"ImageObject","inLanguage":"hu","@id":"https:\/\/nembutalboutique.com\/#\/schema\/logo\/image\/","url":"https:\/\/nembutalboutique.com\/wp-content\/uploads\/2024\/01\/logo.png","contentUrl":"https:\/\/nembutalboutique.com\/wp-content\/uploads\/2024\/01\/logo.png","width":494,"height":121,"caption":"Nembutal Boutique"},"image":{"@id":"https:\/\/nembutalboutique.com\/#\/schema\/logo\/image\/"}}]}},"_links":{"self":[{"href":"https:\/\/nembutalboutique.com\/hu\/wp-json\/wp\/v2\/product\/2769"}],"collection":[{"href":"https:\/\/nembutalboutique.com\/hu\/wp-json\/wp\/v2\/product"}],"about":[{"href":"https:\/\/nembutalboutique.com\/hu\/wp-json\/wp\/v2\/types\/product"}],"replies":[{"embeddable":true,"href":"https:\/\/nembutalboutique.com\/hu\/wp-json\/wp\/v2\/comments?post=2769"}],"wp:featuredmedia":[{"embeddable":true,"href":"https:\/\/nembutalboutique.com\/hu\/wp-json\/wp\/v2\/media\/2799"}],"wp:attachment":[{"href":"https:\/\/nembutalboutique.com\/hu\/wp-json\/wp\/v2\/media?parent=2769"}],"wp:term":[{"taxonomy":"product_brand","embeddable":true,"href":"https:\/\/nembutalboutique.com\/hu\/wp-json\/wp\/v2\/product_brand?post=2769"},{"taxonomy":"product_cat","embeddable":true,"href":"https:\/\/nembutalboutique.com\/hu\/wp-json\/wp\/v2\/product_cat?post=2769"},{"taxonomy":"product_tag","embeddable":true,"href":"https:\/\/nembutalboutique.com\/hu\/wp-json\/wp\/v2\/product_tag?post=2769"}],"curies":[{"name":"wp","href":"https:\/\/api.w.org\/{rel}","templated":true}]}}