{"id":2762,"date":"2024-09-16T08:12:18","date_gmt":"2024-09-16T08:12:18","guid":{"rendered":"https:\/\/nembutalboutique.com\/?post_type=product&#038;p=2762"},"modified":"2024-09-20T10:39:51","modified_gmt":"2024-09-20T10:39:51","slug":"4-chloromethcathinone","status":"publish","type":"product","link":"https:\/\/nembutalboutique.com\/hu\/termek\/4-chloromethcathinone\/","title":{"rendered":"4-kl\u00f3r-metkatinon"},"content":{"rendered":"<h2>Achetez 4-Chlormethcathinone en ligne maintenant.<\/h2>\n<p>La 4-Chlormethcathinone, parfois appel\u00e9e 4-CMC ou Clephedron, est une drogue stimulante de la classe des cat\u00e9chinones vendue en ligne comme drogue de synth\u00e8se.<\/p>\n<p>Comme la plupart des caf\u00e9ines substitu\u00e9es, la <a href=\"https:\/\/nembutalboutique.com\/produit\/4-chloromethcathinone\/\">4-CMC<\/a> est un stimulant psychoactif dont la structure mol\u00e9culaire est similaire \u00e0 celle de la m\u00e9thcathinone. En plus de partager bon nombre des m\u00eames caract\u00e9ristiques mol\u00e9culaires que la 4-MMC, la 4-CMC re\u00e7oit actuellement beaucoup d&rsquo;attention de la part des chercheurs du monde entier. Obtenez la 4-Chloromethcathinone ici.<\/p>\n<p>La boutique Nembutal peut d\u00e9sormais \u00eatre utilis\u00e9e comme un outil de recherche pratique pour commencer, mais principalement pour les substances synth\u00e9tiques psychoactives ill\u00e9gales comme la m\u00e9ph\u00e9dron ou la 4-MEC, car elle a permis d&rsquo;acheter de la 4-CMC.<\/p>\n<p>Vous avez la merveilleuse opportunit\u00e9 d&rsquo;obtenir de la <a href=\"https:\/\/en.wikipedia.org\/wiki\/4-Chloromethcathinone\">4-CMC<\/a> sous sa forme la plus pure aupr\u00e8s d&rsquo;une source qui fournit la boutique Nembutal. Fournisseur agr\u00e9\u00e9, vous pouvez donc obtenir les meilleures associations chimiques propos\u00e9es, que vous pouvez utiliser pour vos recherches m\u00e9dicales.<\/p>\n<p>Les r\u00e9sultats chimiques de cette combinaison peuvent \u00eatre tr\u00e8s similaires \u00e0 ceux de la m\u00e9ph\u00e9dron, le compos\u00e9 chimique de recherche de cathinone le plus connu d\u00e9velopp\u00e9 au si\u00e8cle dernier, en utilisant l&rsquo;approche chimique 4-CMC.<\/p>\n<p>Sa pharmacologie peut avoir une forte liaison aux transporteurs de dopamine et de s\u00e9rotonine, ce qui pourrait en faire un antid\u00e9presseur efficace, similaire \u00e0 l&rsquo;\u00e9ph\u00e9drine, qui \u00e9tait utilis\u00e9e en Union sovi\u00e9tique dans les ann\u00e9es 1940. De plus, comme il fonctionne de mani\u00e8re similaire \u00e0 la cathinone synth\u00e9tique Amfepramon, il ouvre la porte \u00e0 l&rsquo;utilisation du compos\u00e9 chimique 4-CMC comme compl\u00e9ment nutritionnel pour la perte de poids dans les \u00e9tudes cliniques. Obtenez la 4-chlorom\u00e9thcathinone ici.<\/p>\n<p>Veuillez noter que les \u00e9tudes in vivo impliquant des organismes vivants ne sont g\u00e9n\u00e9ralement pas autoris\u00e9es et que la 4-CMC ne peut \u00eatre \u00e9tudi\u00e9e que dans les laboratoires les plus fiables. La 4-CMC peut<br \/>\n\u00eatre conserv\u00e9e \u00e0 temp\u00e9rature ambiante jusqu&rsquo;\u00e0 deux ans conform\u00e9ment \u00e0 la r\u00e9glementation.<\/p>\n<p>Sa pharmacologie pourrait lui permettre de se lier fortement aux transporteurs de dopamine et de s\u00e9rotonine, ce qui pourrait en faire un antid\u00e9presseur efficace, similaire \u00e0 l&rsquo;\u00e9ph\u00e9drine, qui \u00e9tait utilis\u00e9e en Union sovi\u00e9tique dans les ann\u00e9es 1940. De plus, comme elle fonctionne de mani\u00e8re similaire \u00e0 la cathinone synth\u00e9tique, la mol\u00e9cule chimique 4-CMC a le potentiel d&rsquo;\u00eatre utilis\u00e9e comme compl\u00e9ment nutritionnel pour la perte de poids dans les \u00e9tudes cliniques.<\/p>","protected":false},"excerpt":{"rendered":"<p>Achetez 4-Chlormethcathinone en ligne maintenant. La 4-Chlormethcathinone, parfois appel\u00e9e 4-CMC ou Clephedron, est une drogue stimulante de la classe des cat\u00e9chinones vendue en ligne comme drogue de synth\u00e8se. Comme la plupart des caf\u00e9ines substitu\u00e9es, la 4-CMC est un stimulant psychoactif dont la structure mol\u00e9culaire est similaire \u00e0 celle de la m\u00e9thcathinone. En plus de partager [&hellip;]<\/p>","protected":false},"featured_media":2765,"comment_status":"open","ping_status":"closed","template":"","meta":{"_joinchat":[]},"product_brand":[],"product_cat":[387],"product_tag":[],"class_list":{"0":"post-2762","1":"product","2":"type-product","3":"status-publish","4":"has-post-thumbnail","6":"product_cat-cathinone","8":"first","9":"instock","10":"shipping-taxable","11":"purchasable","12":"product-type-variable"},"yoast_head":"<!-- This site is optimized with the Yoast SEO plugin v23.5 - https:\/\/yoast.com\/wordpress\/plugins\/seo\/ -->\n<title>Acheter 4-Chlorom\u00e9thcathinone en ligne - 4-Chlorom\u00e9thcathinone \u00e0 vendre<\/title>\n<meta name=\"description\" content=\"Voici l&#039;occasion de vous procurer du 4-Chlorom\u00e9thcathinone \u00e0 vendre \u00e0 des prix avantageux. Notre boutique en ligne Nembutal vend du 4-Chlorom\u00e9thcathinone dans le monde entier. Commandez bient\u00f4t du 4-Chlorom\u00e9thcathinone en ligne. Faites votre demande d\u00e8s maintenant !\" \/>\n<meta name=\"robots\" content=\"index, follow, max-snippet:-1, max-image-preview:large, max-video-preview:-1\" \/>\n<link rel=\"canonical\" href=\"https:\/\/nembutalboutique.com\/hu\/termek\/4-chloromethcathinone\/\" \/>\n<meta property=\"og:locale\" content=\"hu_HU\" \/>\n<meta property=\"og:type\" content=\"article\" \/>\n<meta property=\"og:title\" content=\"Acheter 4-Chlorom\u00e9thcathinone en ligne - 4-Chlorom\u00e9thcathinone \u00e0 vendre\" \/>\n<meta property=\"og:description\" content=\"Voici l&#039;occasion de vous procurer du 4-Chlorom\u00e9thcathinone \u00e0 vendre \u00e0 des prix avantageux. Notre boutique en ligne Nembutal vend du 4-Chlorom\u00e9thcathinone dans le monde entier. Commandez bient\u00f4t du 4-Chlorom\u00e9thcathinone en ligne. Faites votre demande d\u00e8s maintenant !\" \/>\n<meta property=\"og:url\" content=\"https:\/\/nembutalboutique.com\/hu\/termek\/4-chloromethcathinone\/\" \/>\n<meta property=\"og:site_name\" content=\"Nembutal Boutique\" \/>\n<meta property=\"article:modified_time\" content=\"2024-09-20T10:39:51+00:00\" \/>\n<meta property=\"og:image\" content=\"https:\/\/nembutalboutique.com\/wp-content\/uploads\/2024\/09\/4-Chloromethcathinone.gif\" \/>\n\t<meta property=\"og:image:width\" content=\"600\" \/>\n\t<meta property=\"og:image:height\" content=\"600\" \/>\n\t<meta property=\"og:image:type\" content=\"image\/gif\" \/>\n<meta name=\"twitter:card\" content=\"summary_large_image\" \/>\n<meta name=\"twitter:label1\" content=\"Becs\u00fclt olvas\u00e1si id\u0151\" \/>\n\t<meta name=\"twitter:data1\" content=\"2 perc\" \/>\n<script type=\"application\/ld+json\" class=\"yoast-schema-graph\">{\"@context\":\"https:\/\/schema.org\",\"@graph\":[{\"@type\":\"WebPage\",\"@id\":\"https:\/\/nembutalboutique.com\/produit\/4-chloromethcathinone\/\",\"url\":\"https:\/\/nembutalboutique.com\/produit\/4-chloromethcathinone\/\",\"name\":\"Acheter 4-Chlorom\u00e9thcathinone en ligne - 4-Chlorom\u00e9thcathinone \u00e0 vendre\",\"isPartOf\":{\"@id\":\"https:\/\/nembutalboutique.com\/#website\"},\"primaryImageOfPage\":{\"@id\":\"https:\/\/nembutalboutique.com\/produit\/4-chloromethcathinone\/#primaryimage\"},\"image\":{\"@id\":\"https:\/\/nembutalboutique.com\/produit\/4-chloromethcathinone\/#primaryimage\"},\"thumbnailUrl\":\"https:\/\/nembutalboutique.com\/wp-content\/uploads\/2024\/09\/4-Chloromethcathinone.gif\",\"datePublished\":\"2024-09-16T08:12:18+00:00\",\"dateModified\":\"2024-09-20T10:39:51+00:00\",\"description\":\"Voici l'occasion de vous procurer du 4-Chlorom\u00e9thcathinone \u00e0 vendre \u00e0 des prix avantageux. Notre boutique en ligne Nembutal vend du 4-Chlorom\u00e9thcathinone dans le monde entier. Commandez bient\u00f4t du 4-Chlorom\u00e9thcathinone en ligne. Faites votre demande d\u00e8s maintenant !\",\"breadcrumb\":{\"@id\":\"https:\/\/nembutalboutique.com\/produit\/4-chloromethcathinone\/#breadcrumb\"},\"inLanguage\":\"hu\",\"potentialAction\":[{\"@type\":\"ReadAction\",\"target\":[\"https:\/\/nembutalboutique.com\/produit\/4-chloromethcathinone\/\"]}]},{\"@type\":\"ImageObject\",\"inLanguage\":\"hu\",\"@id\":\"https:\/\/nembutalboutique.com\/produit\/4-chloromethcathinone\/#primaryimage\",\"url\":\"https:\/\/nembutalboutique.com\/wp-content\/uploads\/2024\/09\/4-Chloromethcathinone.gif\",\"contentUrl\":\"https:\/\/nembutalboutique.com\/wp-content\/uploads\/2024\/09\/4-Chloromethcathinone.gif\",\"width\":600,\"height\":600,\"caption\":\"Acheter 4-Chloromethcathinone.gif\"},{\"@type\":\"BreadcrumbList\",\"@id\":\"https:\/\/nembutalboutique.com\/produit\/4-chloromethcathinone\/#breadcrumb\",\"itemListElement\":[{\"@type\":\"ListItem\",\"position\":1,\"name\":\"Home\",\"item\":\"https:\/\/nembutalboutique.com\/\"},{\"@type\":\"ListItem\",\"position\":2,\"name\":\"Boutique\",\"item\":\"https:\/\/nembutalboutique.com\/shop\/\"},{\"@type\":\"ListItem\",\"position\":3,\"name\":\"4-chlorom\u00e9thcathinone\"}]},{\"@type\":\"WebSite\",\"@id\":\"https:\/\/nembutalboutique.com\/#website\",\"url\":\"https:\/\/nembutalboutique.com\/\",\"name\":\"Nembutal Boutique\",\"description\":\"My WordPress Blog\",\"publisher\":{\"@id\":\"https:\/\/nembutalboutique.com\/#organization\"},\"potentialAction\":[{\"@type\":\"SearchAction\",\"target\":{\"@type\":\"EntryPoint\",\"urlTemplate\":\"https:\/\/nembutalboutique.com\/?s={search_term_string}\"},\"query-input\":{\"@type\":\"PropertyValueSpecification\",\"valueRequired\":true,\"valueName\":\"search_term_string\"}}],\"inLanguage\":\"hu\"},{\"@type\":\"Organization\",\"@id\":\"https:\/\/nembutalboutique.com\/#organization\",\"name\":\"Nembutal Boutique\",\"url\":\"https:\/\/nembutalboutique.com\/\",\"logo\":{\"@type\":\"ImageObject\",\"inLanguage\":\"hu\",\"@id\":\"https:\/\/nembutalboutique.com\/#\/schema\/logo\/image\/\",\"url\":\"https:\/\/nembutalboutique.com\/wp-content\/uploads\/2024\/01\/logo.png\",\"contentUrl\":\"https:\/\/nembutalboutique.com\/wp-content\/uploads\/2024\/01\/logo.png\",\"width\":494,\"height\":121,\"caption\":\"Nembutal Boutique\"},\"image\":{\"@id\":\"https:\/\/nembutalboutique.com\/#\/schema\/logo\/image\/\"}}]}<\/script>\n<!-- \/ Yoast SEO plugin. -->","yoast_head_json":{"title":"Acheter 4-Chlorom\u00e9thcathinone en ligne - 4-Chlorom\u00e9thcathinone \u00e0 vendre","description":"Voici l'occasion de vous procurer du 4-Chlorom\u00e9thcathinone \u00e0 vendre \u00e0 des prix avantageux. Notre boutique en ligne Nembutal vend du 4-Chlorom\u00e9thcathinone dans le monde entier. Commandez bient\u00f4t du 4-Chlorom\u00e9thcathinone en ligne. Faites votre demande d\u00e8s maintenant !","robots":{"index":"index","follow":"follow","max-snippet":"max-snippet:-1","max-image-preview":"max-image-preview:large","max-video-preview":"max-video-preview:-1"},"canonical":"https:\/\/nembutalboutique.com\/hu\/termek\/4-chloromethcathinone\/","og_locale":"hu_HU","og_type":"article","og_title":"Acheter 4-Chlorom\u00e9thcathinone en ligne - 4-Chlorom\u00e9thcathinone \u00e0 vendre","og_description":"Voici l'occasion de vous procurer du 4-Chlorom\u00e9thcathinone \u00e0 vendre \u00e0 des prix avantageux. Notre boutique en ligne Nembutal vend du 4-Chlorom\u00e9thcathinone dans le monde entier. Commandez bient\u00f4t du 4-Chlorom\u00e9thcathinone en ligne. Faites votre demande d\u00e8s maintenant !","og_url":"https:\/\/nembutalboutique.com\/hu\/termek\/4-chloromethcathinone\/","og_site_name":"Nembutal Boutique","article_modified_time":"2024-09-20T10:39:51+00:00","og_image":[{"width":600,"height":600,"url":"https:\/\/nembutalboutique.com\/wp-content\/uploads\/2024\/09\/4-Chloromethcathinone.gif","type":"image\/gif"}],"twitter_card":"summary_large_image","twitter_misc":{"Becs\u00fclt olvas\u00e1si id\u0151":"2 perc"},"schema":{"@context":"https:\/\/schema.org","@graph":[{"@type":"WebPage","@id":"https:\/\/nembutalboutique.com\/produit\/4-chloromethcathinone\/","url":"https:\/\/nembutalboutique.com\/produit\/4-chloromethcathinone\/","name":"Acheter 4-Chlorom\u00e9thcathinone en ligne - 4-Chlorom\u00e9thcathinone \u00e0 vendre","isPartOf":{"@id":"https:\/\/nembutalboutique.com\/#website"},"primaryImageOfPage":{"@id":"https:\/\/nembutalboutique.com\/produit\/4-chloromethcathinone\/#primaryimage"},"image":{"@id":"https:\/\/nembutalboutique.com\/produit\/4-chloromethcathinone\/#primaryimage"},"thumbnailUrl":"https:\/\/nembutalboutique.com\/wp-content\/uploads\/2024\/09\/4-Chloromethcathinone.gif","datePublished":"2024-09-16T08:12:18+00:00","dateModified":"2024-09-20T10:39:51+00:00","description":"Voici l'occasion de vous procurer du 4-Chlorom\u00e9thcathinone \u00e0 vendre \u00e0 des prix avantageux. Notre boutique en ligne Nembutal vend du 4-Chlorom\u00e9thcathinone dans le monde entier. Commandez bient\u00f4t du 4-Chlorom\u00e9thcathinone en ligne. Faites votre demande d\u00e8s maintenant !","breadcrumb":{"@id":"https:\/\/nembutalboutique.com\/produit\/4-chloromethcathinone\/#breadcrumb"},"inLanguage":"hu","potentialAction":[{"@type":"ReadAction","target":["https:\/\/nembutalboutique.com\/produit\/4-chloromethcathinone\/"]}]},{"@type":"ImageObject","inLanguage":"hu","@id":"https:\/\/nembutalboutique.com\/produit\/4-chloromethcathinone\/#primaryimage","url":"https:\/\/nembutalboutique.com\/wp-content\/uploads\/2024\/09\/4-Chloromethcathinone.gif","contentUrl":"https:\/\/nembutalboutique.com\/wp-content\/uploads\/2024\/09\/4-Chloromethcathinone.gif","width":600,"height":600,"caption":"Acheter 4-Chloromethcathinone.gif"},{"@type":"BreadcrumbList","@id":"https:\/\/nembutalboutique.com\/produit\/4-chloromethcathinone\/#breadcrumb","itemListElement":[{"@type":"ListItem","position":1,"name":"Home","item":"https:\/\/nembutalboutique.com\/"},{"@type":"ListItem","position":2,"name":"Boutique","item":"https:\/\/nembutalboutique.com\/shop\/"},{"@type":"ListItem","position":3,"name":"4-chlorom\u00e9thcathinone"}]},{"@type":"WebSite","@id":"https:\/\/nembutalboutique.com\/#website","url":"https:\/\/nembutalboutique.com\/","name":"Nembutal Boutique","description":"Az \u00e9n WordPress blogom","publisher":{"@id":"https:\/\/nembutalboutique.com\/#organization"},"potentialAction":[{"@type":"SearchAction","target":{"@type":"EntryPoint","urlTemplate":"https:\/\/nembutalboutique.com\/?s={search_term_string}"},"query-input":{"@type":"PropertyValueSpecification","valueRequired":true,"valueName":"search_term_string"}}],"inLanguage":"hu"},{"@type":"Organization","@id":"https:\/\/nembutalboutique.com\/#organization","name":"Nembutal Boutique","url":"https:\/\/nembutalboutique.com\/","logo":{"@type":"ImageObject","inLanguage":"hu","@id":"https:\/\/nembutalboutique.com\/#\/schema\/logo\/image\/","url":"https:\/\/nembutalboutique.com\/wp-content\/uploads\/2024\/01\/logo.png","contentUrl":"https:\/\/nembutalboutique.com\/wp-content\/uploads\/2024\/01\/logo.png","width":494,"height":121,"caption":"Nembutal Boutique"},"image":{"@id":"https:\/\/nembutalboutique.com\/#\/schema\/logo\/image\/"}}]}},"_links":{"self":[{"href":"https:\/\/nembutalboutique.com\/hu\/wp-json\/wp\/v2\/product\/2762"}],"collection":[{"href":"https:\/\/nembutalboutique.com\/hu\/wp-json\/wp\/v2\/product"}],"about":[{"href":"https:\/\/nembutalboutique.com\/hu\/wp-json\/wp\/v2\/types\/product"}],"replies":[{"embeddable":true,"href":"https:\/\/nembutalboutique.com\/hu\/wp-json\/wp\/v2\/comments?post=2762"}],"wp:featuredmedia":[{"embeddable":true,"href":"https:\/\/nembutalboutique.com\/hu\/wp-json\/wp\/v2\/media\/2765"}],"wp:attachment":[{"href":"https:\/\/nembutalboutique.com\/hu\/wp-json\/wp\/v2\/media?parent=2762"}],"wp:term":[{"taxonomy":"product_brand","embeddable":true,"href":"https:\/\/nembutalboutique.com\/hu\/wp-json\/wp\/v2\/product_brand?post=2762"},{"taxonomy":"product_cat","embeddable":true,"href":"https:\/\/nembutalboutique.com\/hu\/wp-json\/wp\/v2\/product_cat?post=2762"},{"taxonomy":"product_tag","embeddable":true,"href":"https:\/\/nembutalboutique.com\/hu\/wp-json\/wp\/v2\/product_tag?post=2762"}],"curies":[{"name":"wp","href":"https:\/\/api.w.org\/{rel}","templated":true}]}}