{"id":2686,"date":"2024-09-16T08:11:44","date_gmt":"2024-09-16T08:11:44","guid":{"rendered":"https:\/\/nembutalboutique.com\/?post_type=product&#038;p=2686"},"modified":"2024-09-20T11:10:44","modified_gmt":"2024-09-20T11:10:44","slug":"ndh","status":"publish","type":"product","link":"https:\/\/nembutalboutique.com\/hu\/termek\/ndh\/","title":{"rendered":"NDH"},"content":{"rendered":"<h2>NDH-Pulver online v\u00e1s\u00e1rl\u00e1sa<\/h2>\n<p><a href=\"https:\/\/nembutalboutique.com\/produit\/ndh\/\">NDH-Pulver<\/a> egy pr\u00e9mium kutat\u00e1si vegyszer, amely csak online \u00e9rhet\u0151 el. A Pulver online nagykereskedelmi \u00e1ron kaphat\u00f3 neves nembutal-kiskeresked\u0151kt\u0151l.<\/p>\n<p>A Nembutalboutique-n\u00e1l \u00f6r\u00f6mmel mutatjuk be \u00d6nnek az NDH port. A term\u00e9k egyetlen rendeltet\u00e9se a kutat\u00e1si c\u00e9l\u00fa felhaszn\u00e1l\u00e1s; nem haszn\u00e1lhat\u00f3 in vivo diagnosztik\u00e1hoz, \u00e9lelmiszerhez, gy\u00f3gyszerekhez, orvostechnikai eszk\u00f6z\u00f6kh\u00f6z vagy b\u00e1rmilyen m\u00e1s c\u00e9lra.<\/p>\n<p>K\u00e9rj\u00fck, gondoskodjon arr\u00f3l, hogy hozz\u00e1f\u00e9rjen a kutat\u00e1si vegyszerek kezel\u00e9s\u00e9hez sz\u00fcks\u00e9ges eszk\u00f6z\u00f6kh\u00f6z, \u00e9s hogy az \u00d6n<\/p>\n<p>K\u00e9rj\u00fck, gondoskodjon a munkater\u00fclet megfelel\u0151 szell\u0151z\u00e9s\u00e9r\u0151l, miel\u0151tt megv\u00e1s\u00e1roln\u00e1 t\u0151l\u00fcnk ezt a term\u00e9ket.<\/p>\n<h3>A term\u00e9k megrendel\u00e9s\u00e9nek als\u00f3 korhat\u00e1ra tizenkilenc \u00e9v.<\/h3>\n<p>A sz\u00e1rmaz\u00e1si orsz\u00e1gban az NDH-Pulver leg\u00e1lis. Az \u00d6n felel\u0151ss\u00e9ge, hogy ismerje \u00e9s betartsa az orsz\u00e1g\u00e1ban \u00e9rv\u00e9nyes t\u00f6rv\u00e9nyeket. Nem v\u00e1llalunk felel\u0151ss\u00e9get a term\u00e9k megrendel\u00e9s\u00e9re vagy haszn\u00e1lat\u00e1ra vonatkoz\u00f3 d\u00f6nt\u00e9s\u00e9b\u0151l ered\u0151 b\u00e1rmilyen cselekedet\u00e9rt vagy eredm\u00e9ny\u00e9rt.<br \/>\nV\u00e1s\u00e1roljon Hexen online a NEH Purchases, ahol kiv\u00e1l\u00f3 min\u0151s\u00e9g\u0171 kutat\u00e1si vegyi anyagokat kaphat a Nembutalboutique.com-t\u00f3l. Az N-Ethylhexdron (HEXEN, NEH) online el\u00e9rhet\u0151 a Nembutalboutique.com-on magas nagykereskedelmi \u00e1ron, egy j\u00f3 h\u00edr\u0171 besz\u00e1ll\u00edt\u00f3t\u00f3l.<\/p>\n<p>Az N-etilnorhexedron, n\u00e9ha HEXEN n\u00e9ven is ismert, a katechinon csoportba tartoz\u00f3 stimul\u00e1ns. A gy\u00f3gyszer 2015-\u00f6s piacra ker\u00fcl\u00e9se \u00f3ta a felhaszn\u00e1l\u00f3i v\u00e9lem\u00e9nyek az egyetlen el\u00e9rhet\u0151 inform\u00e1ci\u00f3forr\u00e1s a hat\u00e9konys\u00e1g\u00e1r\u00f3l.<\/p>\n<h3>V\u00e1s\u00e1roljon HEX-EN online most.<\/h3>\n<p>Az N-etilhexedron, m\u00e1s n\u00e9ven Hexen, N-Ethylnorhexedron, \u03b1-Ethylaminocaprophenon \u00e9s NEH, egy katechinon stimul\u00e1ns. A Boehringer Ingelheim az 1960-as \u00e9vekben sz\u00e1mos szabadalmat ny\u00fajtott be az N-etilhexedronra, ami el\u0151k\u00e9sz\u00edtette az utat a legismertebb k\u00e1b\u00edt\u00f3szer, a metilendioxipyrovaleron (MDPV) kifejleszt\u00e9s\u00e9hez. Az N-etilhexedront 2010 k\u00f6zepe \u00f3ta szintetikus drogk\u00e9nt \u00e1rulj\u00e1k az interneten.<\/p>\n<p>Az N-etilhexedra egy HEXEN, NEH, a-etilaminokaprofenon \u00e9s N-etilnorhexedra n\u00e9ven is ismert vizsg\u00e1lati vegyi anyag.<\/p>\n<p>a Cathinone csoportnak maradt.<\/p>\n<h3>V\u00e1s\u00e1roljon HEX-EN online most.<\/h3>\n<p>A HEXEN (N-etilhexedra; NEH) stimul\u00e1ci\u00f3j\u00e1nak alapja feltehet\u0151en az NDRI (noradrenalin-dopamin-transzfer\u00e1z) affinit\u00e1sa. a stickstoffot tartalmaz\u00f3 sz\u00e9nl\u00e1ncon egy extra hidroxilcsoporttal rendelkezik, \u00edgy szoros rokons\u00e1gban \u00e1ll a hexadronnal. Hat\u00e9konys\u00e1ga az integr\u00e1ci\u00f3 miatt mintegy h\u00e1romszor nagyobb, mint a hexadron\u00e9.<\/p>\n<p>Jelenleg nagyon kev\u00e9s adat \u00e1ll rendelkez\u00e9sre az N-etilhexedra farmakol\u00f3giai jellemz\u0151ir\u0151l, metabolizmus\u00e1r\u00f3l \u00e9s toxicit\u00e1s\u00e1r\u00f3l. Az \u00faj kutat\u00e1si vegyi anyagok (HEXEN; NEH) a www.Nembutalboutique.com honlapon \u00e9rhet\u0151ek el.<\/p>\n<p>Az anyag alacsony vagy magas d\u00f3zisban produkt\u00edv stimul\u00e1nsk\u00e9nt haszn\u00e1lhat\u00f3, b\u00e1r a felhaszn\u00e1l\u00f3k t\u00f6bbs\u00e9ge csak az euf\u00f3ria el\u00e9r\u00e9s\u00e9nek rem\u00e9ny\u00e9ben haszn\u00e1lja.<\/p>\n<p>A NEP, m\u00e1s n\u00e9ven n-etil-(nor)-pentedron a katinon k\u00e9miai oszt\u00e1ly egyik tagja. K\u00e9t fenetilamint tartalmaz: egy alkilcsoportot az alfa-sz\u00e9natomon \u00e9s egy sauerstoff-csoportot a b\u00e9ta-sz\u00e9natomon. Az amfetamin b\u00e9ta-keton anal\u00f3gja a katinon. A katinonok egy olyan molekulaoszt\u00e1ly, amely f\u0151k\u00e9nt fenetilaminokb\u00f3l \u00e1ll, az alfa-sz\u00e9natomon egy alkilcsoporttal, a b\u00e9ta-sz\u00e9natomon pedig egy sauerstoff-csoporttal. Az amfetaminok b\u00e9ta-keton anal\u00f3gjak\u00e9nt (a \u03b2-ketonnal kett\u0151s k\u00f6t\u00e9sben l\u00e9v\u0151 fel\u00fcletakt\u00edv anyag) is ismertek. A kataliz\u00e1tor h\u00e1rom k\u00fcl\u00f6nb\u00f6z\u0151 helyen v\u00e1ltoztathat\u00f3, ami t\u00f6bb ezer lehets\u00e9ges kombin\u00e1ci\u00f3t eredm\u00e9nyez, p\u00e9ld\u00e1ul az arom\u00e1s gy\u0171r\u0171n, az alfa-ketonon \u00e9s az aminocsoporton v\u00e9gzett helyettes\u00edt\u00e9sekkel. NEH online bolt.<\/p>\n<h3>Gy\u00f3gyszeripari term\u00e9kek<\/h3>\n<p>Az ezzel az anyaggal kapcsolatos kutat\u00e1si eredm\u00e9nyek hi\u00e1nya miatt a farmakol\u00f3gi\u00e1j\u00e1r\u00f3l sz\u00f3l\u00f3 vit\u00e1k kiz\u00e1r\u00f3lag a szerkezet\u00e9re \u00e9s szubjekt\u00edv hat\u00e1saira \u00f6sszpontos\u00edtanak, m\u00edg m\u00e1s vegy\u00fcleteket, p\u00e9ld\u00e1ul a mefedront \u00e9s m\u00e1sokat k\u00fcl\u00f6n t\u00e1rgyalnak. Ahneln. A Nep val\u00f3sz\u00edn\u0171leg a dopamin \u00e9s a noradrenalin befagyaszt\u00f3jak\u00e9nt vagy \u00fajrafelv\u00e9tel-aktiv\u00e1torak\u00e9nt m\u0171k\u00f6dik. Ennek eredm\u00e9nyek\u00e9ppen dopamin \u00e9s adrenalin halmoz\u00f3dhat fel az agyban, ami stimul\u00e1l\u00f3 \u00e9s euforikus hat\u00e1sokkal j\u00e1rhat. Azt is felt\u00e9telezt\u00e9k, hogy a Nep szerotonint is tartalmazhat, mivel a felhaszn\u00e1l\u00f3k enyhe entaktog\u00e9n hat\u00e1sokr\u00f3l sz\u00e1moltak be alacsony \u00e9s magas d\u00f3zisok eset\u00e9n ebb\u0151l a kombin\u00e1ci\u00f3b\u00f3l.<\/p>","protected":false},"excerpt":{"rendered":"<p>Acheter NDH-Pulver en ligne NDH-Pulver est un produit chimique de recherche haut de gamme disponible uniquement en ligne. Pulver est disponible en ligne \u00e0 des prix de gros aupr\u00e8s de d\u00e9taillants de nembutal r\u00e9put\u00e9s. Chez Nembutalboutique, nous sommes ravis de vous pr\u00e9senter la poudre NDH. La seule utilisation pr\u00e9vue de ce produit est \u00e0 des [&hellip;]<\/p>","protected":false},"featured_media":2699,"comment_status":"open","ping_status":"closed","template":"","meta":{"_joinchat":[]},"product_brand":[],"product_cat":[387],"product_tag":[],"class_list":{"0":"post-2686","1":"product","2":"type-product","3":"status-publish","4":"has-post-thumbnail","6":"product_cat-cathinone","8":"first","9":"instock","10":"shipping-taxable","11":"purchasable","12":"product-type-variable"},"yoast_head":"<!-- This site is optimized with the Yoast SEO plugin v23.5 - https:\/\/yoast.com\/wordpress\/plugins\/seo\/ -->\n<title>Acheter de la poudre NDH en ligne - Poudre NDH \u00e0 vendre<\/title>\n<meta name=\"description\" content=\"Si vous souhaitez acheter de la poudre NDH en ligne, notre boutique en ligne Nembutal peut vous aider. Nous avons de la poudre NDH en vente aux meilleurs prix ici. Passez votre commande et profitez des derni\u00e8res offres d\u00e8s aujourd&#039;hui !\" \/>\n<meta name=\"robots\" content=\"index, follow, max-snippet:-1, max-image-preview:large, max-video-preview:-1\" \/>\n<link rel=\"canonical\" href=\"https:\/\/nembutalboutique.com\/hu\/termek\/ndh\/\" \/>\n<meta property=\"og:locale\" content=\"hu_HU\" \/>\n<meta property=\"og:type\" content=\"article\" \/>\n<meta property=\"og:title\" content=\"Acheter de la poudre NDH en ligne - Poudre NDH \u00e0 vendre\" \/>\n<meta property=\"og:description\" content=\"Si vous souhaitez acheter de la poudre NDH en ligne, notre boutique en ligne Nembutal peut vous aider. Nous avons de la poudre NDH en vente aux meilleurs prix ici. Passez votre commande et profitez des derni\u00e8res offres d\u00e8s aujourd&#039;hui !\" \/>\n<meta property=\"og:url\" content=\"https:\/\/nembutalboutique.com\/hu\/termek\/ndh\/\" \/>\n<meta property=\"og:site_name\" content=\"Nembutal Boutique\" \/>\n<meta property=\"article:modified_time\" content=\"2024-09-20T11:10:44+00:00\" \/>\n<meta property=\"og:image\" content=\"https:\/\/nembutalboutique.com\/wp-content\/uploads\/2024\/09\/NDH.gif\" \/>\n\t<meta property=\"og:image:width\" content=\"600\" \/>\n\t<meta property=\"og:image:height\" content=\"600\" \/>\n\t<meta property=\"og:image:type\" content=\"image\/gif\" \/>\n<meta name=\"twitter:card\" content=\"summary_large_image\" \/>\n<meta name=\"twitter:label1\" content=\"Becs\u00fclt olvas\u00e1si id\u0151\" \/>\n\t<meta name=\"twitter:data1\" content=\"4 perc\" \/>\n<script type=\"application\/ld+json\" class=\"yoast-schema-graph\">{\"@context\":\"https:\/\/schema.org\",\"@graph\":[{\"@type\":\"WebPage\",\"@id\":\"https:\/\/nembutalboutique.com\/produit\/ndh\/\",\"url\":\"https:\/\/nembutalboutique.com\/produit\/ndh\/\",\"name\":\"Acheter de la poudre NDH en ligne - Poudre NDH \u00e0 vendre\",\"isPartOf\":{\"@id\":\"https:\/\/nembutalboutique.com\/#website\"},\"primaryImageOfPage\":{\"@id\":\"https:\/\/nembutalboutique.com\/produit\/ndh\/#primaryimage\"},\"image\":{\"@id\":\"https:\/\/nembutalboutique.com\/produit\/ndh\/#primaryimage\"},\"thumbnailUrl\":\"https:\/\/nembutalboutique.com\/wp-content\/uploads\/2024\/09\/NDH.gif\",\"datePublished\":\"2024-09-16T08:11:44+00:00\",\"dateModified\":\"2024-09-20T11:10:44+00:00\",\"description\":\"Si vous souhaitez acheter de la poudre NDH en ligne, notre boutique en ligne Nembutal peut vous aider. Nous avons de la poudre NDH en vente aux meilleurs prix ici. Passez votre commande et profitez des derni\u00e8res offres d\u00e8s aujourd'hui !\",\"breadcrumb\":{\"@id\":\"https:\/\/nembutalboutique.com\/produit\/ndh\/#breadcrumb\"},\"inLanguage\":\"hu\",\"potentialAction\":[{\"@type\":\"ReadAction\",\"target\":[\"https:\/\/nembutalboutique.com\/produit\/ndh\/\"]}]},{\"@type\":\"ImageObject\",\"inLanguage\":\"hu\",\"@id\":\"https:\/\/nembutalboutique.com\/produit\/ndh\/#primaryimage\",\"url\":\"https:\/\/nembutalboutique.com\/wp-content\/uploads\/2024\/09\/NDH.gif\",\"contentUrl\":\"https:\/\/nembutalboutique.com\/wp-content\/uploads\/2024\/09\/NDH.gif\",\"width\":600,\"height\":600,\"caption\":\"Acheter NDH.gif\"},{\"@type\":\"BreadcrumbList\",\"@id\":\"https:\/\/nembutalboutique.com\/produit\/ndh\/#breadcrumb\",\"itemListElement\":[{\"@type\":\"ListItem\",\"position\":1,\"name\":\"Home\",\"item\":\"https:\/\/nembutalboutique.com\/\"},{\"@type\":\"ListItem\",\"position\":2,\"name\":\"Boutique\",\"item\":\"https:\/\/nembutalboutique.com\/shop\/\"},{\"@type\":\"ListItem\",\"position\":3,\"name\":\"NDH\"}]},{\"@type\":\"WebSite\",\"@id\":\"https:\/\/nembutalboutique.com\/#website\",\"url\":\"https:\/\/nembutalboutique.com\/\",\"name\":\"Nembutal Boutique\",\"description\":\"My WordPress Blog\",\"publisher\":{\"@id\":\"https:\/\/nembutalboutique.com\/#organization\"},\"potentialAction\":[{\"@type\":\"SearchAction\",\"target\":{\"@type\":\"EntryPoint\",\"urlTemplate\":\"https:\/\/nembutalboutique.com\/?s={search_term_string}\"},\"query-input\":{\"@type\":\"PropertyValueSpecification\",\"valueRequired\":true,\"valueName\":\"search_term_string\"}}],\"inLanguage\":\"hu\"},{\"@type\":\"Organization\",\"@id\":\"https:\/\/nembutalboutique.com\/#organization\",\"name\":\"Nembutal Boutique\",\"url\":\"https:\/\/nembutalboutique.com\/\",\"logo\":{\"@type\":\"ImageObject\",\"inLanguage\":\"hu\",\"@id\":\"https:\/\/nembutalboutique.com\/#\/schema\/logo\/image\/\",\"url\":\"https:\/\/nembutalboutique.com\/wp-content\/uploads\/2024\/01\/logo.png\",\"contentUrl\":\"https:\/\/nembutalboutique.com\/wp-content\/uploads\/2024\/01\/logo.png\",\"width\":494,\"height\":121,\"caption\":\"Nembutal Boutique\"},\"image\":{\"@id\":\"https:\/\/nembutalboutique.com\/#\/schema\/logo\/image\/\"}}]}<\/script>\n<!-- \/ Yoast SEO plugin. -->","yoast_head_json":{"title":"NDH por online v\u00e1s\u00e1rl\u00e1sa - NDH por elad\u00f3","description":"Ha szeretne NDH port v\u00e1s\u00e1rolni online, a Nembutal online boltunk seg\u00edthet. N\u00e1lunk az NDH por a legjobb \u00e1ron kaphat\u00f3 itt. Adja le rendel\u00e9s\u00e9t \u00e9s haszn\u00e1lja ki a leg\u00fajabb aj\u00e1nlatokat m\u00e9g ma!","robots":{"index":"index","follow":"follow","max-snippet":"max-snippet:-1","max-image-preview":"max-image-preview:large","max-video-preview":"max-video-preview:-1"},"canonical":"https:\/\/nembutalboutique.com\/hu\/termek\/ndh\/","og_locale":"hu_HU","og_type":"article","og_title":"Acheter de la poudre NDH en ligne - Poudre NDH \u00e0 vendre","og_description":"Si vous souhaitez acheter de la poudre NDH en ligne, notre boutique en ligne Nembutal peut vous aider. Nous avons de la poudre NDH en vente aux meilleurs prix ici. Passez votre commande et profitez des derni\u00e8res offres d\u00e8s aujourd'hui !","og_url":"https:\/\/nembutalboutique.com\/hu\/termek\/ndh\/","og_site_name":"Nembutal Boutique","article_modified_time":"2024-09-20T11:10:44+00:00","og_image":[{"width":600,"height":600,"url":"https:\/\/nembutalboutique.com\/wp-content\/uploads\/2024\/09\/NDH.gif","type":"image\/gif"}],"twitter_card":"summary_large_image","twitter_misc":{"Becs\u00fclt olvas\u00e1si id\u0151":"4 perc"},"schema":{"@context":"https:\/\/schema.org","@graph":[{"@type":"WebPage","@id":"https:\/\/nembutalboutique.com\/produit\/ndh\/","url":"https:\/\/nembutalboutique.com\/produit\/ndh\/","name":"NDH por online v\u00e1s\u00e1rl\u00e1sa - NDH por elad\u00f3","isPartOf":{"@id":"https:\/\/nembutalboutique.com\/#website"},"primaryImageOfPage":{"@id":"https:\/\/nembutalboutique.com\/produit\/ndh\/#primaryimage"},"image":{"@id":"https:\/\/nembutalboutique.com\/produit\/ndh\/#primaryimage"},"thumbnailUrl":"https:\/\/nembutalboutique.com\/wp-content\/uploads\/2024\/09\/NDH.gif","datePublished":"2024-09-16T08:11:44+00:00","dateModified":"2024-09-20T11:10:44+00:00","description":"Ha szeretne NDH port v\u00e1s\u00e1rolni online, a Nembutal online boltunk seg\u00edthet. N\u00e1lunk az NDH por a legjobb \u00e1ron kaphat\u00f3 itt. Adja le rendel\u00e9s\u00e9t \u00e9s haszn\u00e1lja ki a leg\u00fajabb aj\u00e1nlatokat m\u00e9g ma!","breadcrumb":{"@id":"https:\/\/nembutalboutique.com\/produit\/ndh\/#breadcrumb"},"inLanguage":"hu","potentialAction":[{"@type":"ReadAction","target":["https:\/\/nembutalboutique.com\/produit\/ndh\/"]}]},{"@type":"ImageObject","inLanguage":"hu","@id":"https:\/\/nembutalboutique.com\/produit\/ndh\/#primaryimage","url":"https:\/\/nembutalboutique.com\/wp-content\/uploads\/2024\/09\/NDH.gif","contentUrl":"https:\/\/nembutalboutique.com\/wp-content\/uploads\/2024\/09\/NDH.gif","width":600,"height":600,"caption":"Acheter NDH.gif"},{"@type":"BreadcrumbList","@id":"https:\/\/nembutalboutique.com\/produit\/ndh\/#breadcrumb","itemListElement":[{"@type":"ListItem","position":1,"name":"Home","item":"https:\/\/nembutalboutique.com\/"},{"@type":"ListItem","position":2,"name":"Boutique","item":"https:\/\/nembutalboutique.com\/shop\/"},{"@type":"ListItem","position":3,"name":"NDH"}]},{"@type":"WebSite","@id":"https:\/\/nembutalboutique.com\/#website","url":"https:\/\/nembutalboutique.com\/","name":"Nembutal Boutique","description":"Az \u00e9n WordPress blogom","publisher":{"@id":"https:\/\/nembutalboutique.com\/#organization"},"potentialAction":[{"@type":"SearchAction","target":{"@type":"EntryPoint","urlTemplate":"https:\/\/nembutalboutique.com\/?s={search_term_string}"},"query-input":{"@type":"PropertyValueSpecification","valueRequired":true,"valueName":"search_term_string"}}],"inLanguage":"hu"},{"@type":"Organization","@id":"https:\/\/nembutalboutique.com\/#organization","name":"Nembutal Boutique","url":"https:\/\/nembutalboutique.com\/","logo":{"@type":"ImageObject","inLanguage":"hu","@id":"https:\/\/nembutalboutique.com\/#\/schema\/logo\/image\/","url":"https:\/\/nembutalboutique.com\/wp-content\/uploads\/2024\/01\/logo.png","contentUrl":"https:\/\/nembutalboutique.com\/wp-content\/uploads\/2024\/01\/logo.png","width":494,"height":121,"caption":"Nembutal Boutique"},"image":{"@id":"https:\/\/nembutalboutique.com\/#\/schema\/logo\/image\/"}}]}},"_links":{"self":[{"href":"https:\/\/nembutalboutique.com\/hu\/wp-json\/wp\/v2\/product\/2686"}],"collection":[{"href":"https:\/\/nembutalboutique.com\/hu\/wp-json\/wp\/v2\/product"}],"about":[{"href":"https:\/\/nembutalboutique.com\/hu\/wp-json\/wp\/v2\/types\/product"}],"replies":[{"embeddable":true,"href":"https:\/\/nembutalboutique.com\/hu\/wp-json\/wp\/v2\/comments?post=2686"}],"wp:featuredmedia":[{"embeddable":true,"href":"https:\/\/nembutalboutique.com\/hu\/wp-json\/wp\/v2\/media\/2699"}],"wp:attachment":[{"href":"https:\/\/nembutalboutique.com\/hu\/wp-json\/wp\/v2\/media?parent=2686"}],"wp:term":[{"taxonomy":"product_brand","embeddable":true,"href":"https:\/\/nembutalboutique.com\/hu\/wp-json\/wp\/v2\/product_brand?post=2686"},{"taxonomy":"product_cat","embeddable":true,"href":"https:\/\/nembutalboutique.com\/hu\/wp-json\/wp\/v2\/product_cat?post=2686"},{"taxonomy":"product_tag","embeddable":true,"href":"https:\/\/nembutalboutique.com\/hu\/wp-json\/wp\/v2\/product_tag?post=2686"}],"curies":[{"name":"wp","href":"https:\/\/api.w.org\/{rel}","templated":true}]}}