{"id":2642,"date":"2024-09-16T08:11:26","date_gmt":"2024-09-16T08:11:26","guid":{"rendered":"https:\/\/nembutalboutique.com\/?post_type=product&#038;p=2642"},"modified":"2024-09-21T03:55:34","modified_gmt":"2024-09-21T03:55:34","slug":"jwh-018","status":"publish","type":"product","link":"https:\/\/nembutalboutique.com\/hu\/termek\/jwh-018\/","title":{"rendered":"JWH-018"},"content":{"rendered":"<h2>JWH-018 online v\u00e1s\u00e1rl\u00e1s most.<\/h2>\n<p>V\u00e1s\u00e1rolja meg a JWH-018 JWH 018 port az Egyes\u00fclt \u00c1llamokban online \u00e1ruh\u00e1zunkon kereszt\u00fcl \u00e9rt\u00e9kes\u00edtj\u00fck. A 'Spice' gy\u00f3gyn\u00f6v\u00e9nykever\u00e9k t\u00f6bb v\u00e1ltozat\u00e1t k\u00edn\u00e1ljuk. Ezen szintetikus kannabinoidok er\u0151s tulajdons\u00e1gai miatt, amelyek hasonl\u00edtanak a kannabiszban tal\u00e1lhat\u00f3 9-THC-ra, \u00e1ltal\u00e1ban illeg\u00e1lisan fogyasztj\u00e1k \u0151ket. B\u00e1r a jwh 018 l\u00e9nyegesen er\u0151sebb, mint a hasonl\u00f3 kannabiszadagok, jelent\u0151s akad\u00e1lyokba \u00fctk\u00f6zik, amikor a szok\u00e1sos 9-THC vizsg\u00e1lati elj\u00e1r\u00e1sokkal pr\u00f3b\u00e1lj\u00e1k azonos\u00edtani. A JWH-018 2009 j\u00falius\u00e1ban ker\u00fclt fel az Egyes\u00fclt \u00c1llamok k\u00e1b\u00edt\u00f3szer-ellenes hat\u00f3s\u00e1g\u00e1nak (DEA) a vesz\u00e9lyes k\u00e1b\u00edt\u00f3szerek \u00e9s vegyi anyagok list\u00e1j\u00e1ra. Az ohi\u00f3i \u00e9s floridai f\u0171szer lefoglal\u00e1sokr\u00f3l sz\u00f3l\u00f3 jelent\u00e9sek mellett m\u00e1s \u00e1llamok, k\u00f6zt\u00fck Alabama, Arkansas \u00e9s Florida is t\u00f6rv\u00e9nyt hoztak a f\u0171szer \u00e9rt\u00e9kes\u00edt\u00e9s\u00e9nek vagy birtokl\u00e1s\u00e1nak korl\u00e1toz\u00e1s\u00e1ra. <a href=\"https:\/\/nembutalboutique.com\/produit\/jwh-018\/\">por JWH-018<\/a>.<\/p>\n<h3>JWH-018 elad\u00e1sa | JWH-018 online v\u00e1s\u00e1rl\u00e1sa<\/h3>\n<p>JWH018, egy enyh\u00e9n szelekt\u00edv perif\u00e9ri\u00e1s kannabidiol antagonista A JWH 018 egy enyh\u00e9n szelekt\u00edv perif\u00e9ri\u00e1s kannabinoid (CB2) receptor antagonista, amely a WIN 55,212-2 aminoalkylindolb\u00f3l sz\u00e1rmazik. A CB1- vagy CB2-receptorokhoz val\u00f3 k\u00f6t\u0151d\u00e9s K-\u00e9rt\u00e9ke 9,0 vagy 2,94 nM, ami 3,061 CB1:CB2 ar\u00e1nynak felel meg. Patk\u00e1nyokon v\u00e9geztek vizsg\u00e1latokat, \u00e9s az eredm\u00e9nyek \u00f6sszehasonl\u00edthat\u00f3ak voltak a WIN 55,212-2 receptorh\u0151m\u00e9rs\u00e9klet\u00e9vel, a farokmozg\u00e1si teszt maxim\u00e1lis antagonista hat\u00e1s\u00e1val \u00e9s a spont\u00e1n aktivit\u00e1s g\u00e1tl\u00e1s\u00e1val. <a href=\"https:\/\/en.wikipedia.org\/wiki\/JWH-018\">JWH 018-Pulver<\/a> online megv\u00e1s\u00e1rolhat\u00f3 az Egyes\u00fclt \u00c1llamokban.<\/p>\n<h3>A JWH-018 az Egyes\u00fclt \u00c1llamokban kaphat\u00f3.<\/h3>\n<p>Az \u00e1llatorvosi farmakol\u00f3giai vizsg\u00e1latok szerint a JWH-018 tabletta a 9-THC-hoz hasonl\u00f3an m\u0171k\u00f6dik. F\u00e1jdalomcsillap\u00edt\u00e1s, a testh\u0151m\u00e9rs\u00e9klet cs\u00f6kken\u00e9se, katalepszia \u00e9s az aktivit\u00e1s \u00e1ltal\u00e1nos cs\u00f6kken\u00e9se az eredm\u00e9nyek a f\u00e9rfiakn\u00e1l. E n\u00e9gy hat\u00e1s kombin\u00e1ci\u00f3j\u00e1nak k\u00f6sz\u00f6nhet\u0151en a tud\u00f3sok a 9-THC-hez hasonl\u00f3 pszichoaktivit\u00e1st j\u00f3solnak az emberekn\u00e9l. A JWH-018 n\u00e9gy tesztben el\u00e9rt eredm\u00e9nyei arra utalnak, hogy az emberekben a THC-hez hasonl\u00f3 pszichoakt\u00edv hat\u00e1sokkal rendelkezik. A JWH-018 a patk\u00e1nyokon v\u00e9gzett k\u00e1b\u00edt\u00f3szer-diszkrimin\u00e1ci\u00f3s vizsg\u00e1latokban a 9-THC-hez \u00e1ltal\u00e1nos\u00edtott, \u00e9s a 9-THC-hez hasonl\u00f3 szubjekt\u00edv reakci\u00f3kat v\u00e1ltott ki. A JWH-018 a 9-THC-n\u00e1l er\u0151sebben k\u00f6t\u0151dik a kannabinoid CB1 receptorhoz az agyban, \u00e9s funkcion\u00e1lis tesztekben agonista tulajdons\u00e1gokat mutat, ami arra utal, hogy in vivo a 9-THC-hez hasonl\u00f3 hat\u00e1sai lehetnek.<\/p>\n<h3>Szintetikus kannabinoidok v\u00e1s\u00e1rl\u00e1sa<\/h3>\n<p>A THC-vel ellent\u00e9tben, amely csak r\u00e9szleges CB1 receptor antagonista, a JWH-018 online v\u00e1s\u00e1rl\u00e1s \u00e9s a k\u00fcl\u00f6nb\u00f6z\u0151 szintetikus kannabinoidok teljes antagonist\u00e1k. A THC-r\u0151l kimutatt\u00e1k, hogy sz\u00e1mos mechanizmus \u00e1ll a hippokampuszban a GABA-receptor \u00e1ltal k\u00f6zvet\u00edtett neurotranszmisszi\u00f3 g\u00e1tl\u00e1sa m\u00f6g\u00f6tt. A JWH-018 s\u00falyos szorong\u00e1st, hidegr\u00e1z\u00e1st \u00e9s ritka esetekben (\u00e1ltal\u00e1ban nem standard JWH-val kezelt betegekn\u00e9l) kappa-szer\u0171 epiz\u00f3dokat is okozhat, mivel a GABA-medi\u00e1lt neurotranszmisszi\u00f3 a THC-n\u00e9l jobb. A kannabinoid receptor antagonist\u00e1k t\u00falzott alkalmaz\u00e1suk eset\u00e9n val\u00f3di kock\u00e1zatot jelenthetnek a betegek sz\u00e1m\u00e1ra.<\/p>\n<p>Az online v\u00e1s\u00e1rolt JWH-018 haszn\u00e1lata sor\u00e1n k\u00fcl\u00f6nb\u00f6z\u0151 fizikai \u00e9s ment\u00e1lis k\u00e1ros hat\u00e1sokat figyeltek meg. H\u00e1trafel\u00e9 \u00e9bred\u00e9sr\u0151l \u00e9s rossz k\u00f6z\u00e9rzetr\u0151l sz\u00e1moltak be mell\u00e9khat\u00e1sk\u00e9nt egy olyan vizsg\u00e1latban, amelyben pszich\u00e9s zavarokkal k\u00fczd\u0151, frissen kezelt betegek vettek r\u00e9szt.[21] Javasolt\u00e1k, hogy a s\u00falyos betegs\u00e9gek kock\u00e1zati t\u00e9nyez\u0151ivel (p\u00e9ld\u00e1ul csal\u00e1di vagy kor\u00e1bbi pszich\u00f3zisos el\u0151zm\u00e9nyekkel) rendelkez\u0151 szem\u00e9lyek ker\u00fclj\u00e9k ezen anyagok haszn\u00e1lat\u00e1t, mivel agg\u00e1lyok mer\u00fcltek fel azzal kapcsolatban, hogy a JWH-018 \u00e9s m\u00e1s gy\u00e1rtott kannabinoidok k\u00e9pesek pszich\u00f3zist okozni gyenge egy\u00e9nekn\u00e9l.<\/p>","protected":false},"excerpt":{"rendered":"<p>Achetez JWH-018 en ligne maintenant. Acheter JWH-018 La poudre JWH 018 est vendue aux \u00c9tats-Unis via notre boutique en ligne. Nous proposons plusieurs versions du m\u00e9lange d&rsquo;herbes \u00ab Spice \u00bb. En raison des puissantes propri\u00e9t\u00e9s de ces cannabino\u00efdes synth\u00e9tiques, qui ressemblent au 9-THC du cannabis, ils sont g\u00e9n\u00e9ralement consomm\u00e9s ill\u00e9galement. Bien que le jwh 018 [&hellip;]<\/p>","protected":false},"featured_media":2660,"comment_status":"open","ping_status":"closed","template":"","meta":{"_joinchat":[]},"product_brand":[],"product_cat":[386,385],"product_tag":[407,408,409,410,411,412,413,414,415,416,417,418],"class_list":{"0":"post-2642","1":"product","2":"type-product","3":"status-publish","4":"has-post-thumbnail","6":"product_cat-cannabinoids","7":"product_cat-forschung-schemikalien","8":"product_tag-jwh-018-alibaba","9":"product_tag-jwh-018-flussig","10":"product_tag-jwh-018-kosten","11":"product_tag-jwh-018-preis","12":"product_tag-jwh-018-pulver","13":"product_tag-jwh-018-pulver-preis","14":"product_tag-jwh-018-spray","15":"product_tag-jwh-018-spray-zu-verkaufen","16":"product_tag-jwh-018-zu-verkaufen","17":"product_tag-naphthoylindoles-jwh18","18":"product_tag-wo-bekomme-ich-jwh-018","19":"product_tag-wo-kaufe-ich-jwh-018","21":"first","22":"instock","23":"shipping-taxable","24":"purchasable","25":"product-type-variable"},"yoast_head":"<!-- This site is optimized with the Yoast SEO plugin v23.5 - https:\/\/yoast.com\/wordpress\/plugins\/seo\/ -->\n<title>JWH-018 \u00e0 vendre - Achetez JWH-018 en ligne<\/title>\n<meta name=\"description\" content=\"Vous recherchez une source fiable pour acheter JWH-018 en ligne ? Votre recherche s&#039;arr\u00eate ici. Commandez JWH-018 en ligne dans notre boutique de confiance et profitez d&#039;un processus d&#039;achat transparent adapt\u00e9 \u00e0 vos besoins de recherche.\" \/>\n<meta name=\"robots\" content=\"index, follow, max-snippet:-1, max-image-preview:large, max-video-preview:-1\" \/>\n<link rel=\"canonical\" href=\"https:\/\/nembutalboutique.com\/hu\/termek\/jwh-018\/\" \/>\n<meta property=\"og:locale\" content=\"hu_HU\" \/>\n<meta property=\"og:type\" content=\"article\" \/>\n<meta property=\"og:title\" content=\"JWH-018 \u00e0 vendre - Achetez JWH-018 en ligne\" \/>\n<meta property=\"og:description\" content=\"Vous recherchez une source fiable pour acheter JWH-018 en ligne ? Votre recherche s&#039;arr\u00eate ici. Commandez JWH-018 en ligne dans notre boutique de confiance et profitez d&#039;un processus d&#039;achat transparent adapt\u00e9 \u00e0 vos besoins de recherche.\" \/>\n<meta property=\"og:url\" content=\"https:\/\/nembutalboutique.com\/hu\/termek\/jwh-018\/\" \/>\n<meta property=\"og:site_name\" content=\"Nembutal Boutique\" \/>\n<meta property=\"article:modified_time\" content=\"2024-09-21T03:55:34+00:00\" \/>\n<meta property=\"og:image\" content=\"https:\/\/nembutalboutique.com\/wp-content\/uploads\/2024\/09\/JwH08.gif\" \/>\n\t<meta property=\"og:image:width\" content=\"600\" \/>\n\t<meta property=\"og:image:height\" content=\"600\" \/>\n\t<meta property=\"og:image:type\" content=\"image\/gif\" \/>\n<meta name=\"twitter:card\" content=\"summary_large_image\" \/>\n<meta name=\"twitter:label1\" content=\"Becs\u00fclt olvas\u00e1si id\u0151\" \/>\n\t<meta name=\"twitter:data1\" content=\"3 perc\" \/>\n<script type=\"application\/ld+json\" class=\"yoast-schema-graph\">{\"@context\":\"https:\/\/schema.org\",\"@graph\":[{\"@type\":\"WebPage\",\"@id\":\"https:\/\/nembutalboutique.com\/produit\/jwh-018\/\",\"url\":\"https:\/\/nembutalboutique.com\/produit\/jwh-018\/\",\"name\":\"JWH-018 \u00e0 vendre - Achetez JWH-018 en ligne\",\"isPartOf\":{\"@id\":\"https:\/\/nembutalboutique.com\/#website\"},\"primaryImageOfPage\":{\"@id\":\"https:\/\/nembutalboutique.com\/produit\/jwh-018\/#primaryimage\"},\"image\":{\"@id\":\"https:\/\/nembutalboutique.com\/produit\/jwh-018\/#primaryimage\"},\"thumbnailUrl\":\"https:\/\/nembutalboutique.com\/wp-content\/uploads\/2024\/09\/JwH08.gif\",\"datePublished\":\"2024-09-16T08:11:26+00:00\",\"dateModified\":\"2024-09-21T03:55:34+00:00\",\"description\":\"Vous recherchez une source fiable pour acheter JWH-018 en ligne ? Votre recherche s'arr\u00eate ici. Commandez JWH-018 en ligne dans notre boutique de confiance et profitez d'un processus d'achat transparent adapt\u00e9 \u00e0 vos besoins de recherche.\",\"breadcrumb\":{\"@id\":\"https:\/\/nembutalboutique.com\/produit\/jwh-018\/#breadcrumb\"},\"inLanguage\":\"hu\",\"potentialAction\":[{\"@type\":\"ReadAction\",\"target\":[\"https:\/\/nembutalboutique.com\/produit\/jwh-018\/\"]}]},{\"@type\":\"ImageObject\",\"inLanguage\":\"hu\",\"@id\":\"https:\/\/nembutalboutique.com\/produit\/jwh-018\/#primaryimage\",\"url\":\"https:\/\/nembutalboutique.com\/wp-content\/uploads\/2024\/09\/JwH08.gif\",\"contentUrl\":\"https:\/\/nembutalboutique.com\/wp-content\/uploads\/2024\/09\/JwH08.gif\",\"width\":600,\"height\":600,\"caption\":\"Acheter JwH08.gif\"},{\"@type\":\"BreadcrumbList\",\"@id\":\"https:\/\/nembutalboutique.com\/produit\/jwh-018\/#breadcrumb\",\"itemListElement\":[{\"@type\":\"ListItem\",\"position\":1,\"name\":\"Home\",\"item\":\"https:\/\/nembutalboutique.com\/\"},{\"@type\":\"ListItem\",\"position\":2,\"name\":\"Boutique\",\"item\":\"https:\/\/nembutalboutique.com\/shop\/\"},{\"@type\":\"ListItem\",\"position\":3,\"name\":\"JWH-018\"}]},{\"@type\":\"WebSite\",\"@id\":\"https:\/\/nembutalboutique.com\/#website\",\"url\":\"https:\/\/nembutalboutique.com\/\",\"name\":\"Nembutal Boutique\",\"description\":\"My WordPress Blog\",\"publisher\":{\"@id\":\"https:\/\/nembutalboutique.com\/#organization\"},\"potentialAction\":[{\"@type\":\"SearchAction\",\"target\":{\"@type\":\"EntryPoint\",\"urlTemplate\":\"https:\/\/nembutalboutique.com\/?s={search_term_string}\"},\"query-input\":{\"@type\":\"PropertyValueSpecification\",\"valueRequired\":true,\"valueName\":\"search_term_string\"}}],\"inLanguage\":\"hu\"},{\"@type\":\"Organization\",\"@id\":\"https:\/\/nembutalboutique.com\/#organization\",\"name\":\"Nembutal Boutique\",\"url\":\"https:\/\/nembutalboutique.com\/\",\"logo\":{\"@type\":\"ImageObject\",\"inLanguage\":\"hu\",\"@id\":\"https:\/\/nembutalboutique.com\/#\/schema\/logo\/image\/\",\"url\":\"https:\/\/nembutalboutique.com\/wp-content\/uploads\/2024\/01\/logo.png\",\"contentUrl\":\"https:\/\/nembutalboutique.com\/wp-content\/uploads\/2024\/01\/logo.png\",\"width\":494,\"height\":121,\"caption\":\"Nembutal Boutique\"},\"image\":{\"@id\":\"https:\/\/nembutalboutique.com\/#\/schema\/logo\/image\/\"}}]}<\/script>\n<!-- \/ Yoast SEO plugin. -->","yoast_head_json":{"title":"JWH-018 elad\u00f3 - JWH-018 online v\u00e1s\u00e1rl\u00e1sa","description":"Megb\u00edzhat\u00f3 forr\u00e1st keres a JWH-018 online v\u00e1s\u00e1rl\u00e1s\u00e1hoz? A keres\u00e9sed itt \u00e9r v\u00e9get. Rendelje meg a JWH-018-t online megb\u00edzhat\u00f3 \u00fczlet\u00fcnkb\u0151l, \u00e9s \u00e9lvezze a z\u00f6kken\u0151mentes v\u00e1s\u00e1rl\u00e1si folyamatot, amely az \u00d6n kutat\u00e1si ig\u00e9nyeihez igazodik.","robots":{"index":"index","follow":"follow","max-snippet":"max-snippet:-1","max-image-preview":"max-image-preview:large","max-video-preview":"max-video-preview:-1"},"canonical":"https:\/\/nembutalboutique.com\/hu\/termek\/jwh-018\/","og_locale":"hu_HU","og_type":"article","og_title":"JWH-018 \u00e0 vendre - Achetez JWH-018 en ligne","og_description":"Vous recherchez une source fiable pour acheter JWH-018 en ligne ? Votre recherche s'arr\u00eate ici. Commandez JWH-018 en ligne dans notre boutique de confiance et profitez d'un processus d'achat transparent adapt\u00e9 \u00e0 vos besoins de recherche.","og_url":"https:\/\/nembutalboutique.com\/hu\/termek\/jwh-018\/","og_site_name":"Nembutal Boutique","article_modified_time":"2024-09-21T03:55:34+00:00","og_image":[{"width":600,"height":600,"url":"https:\/\/nembutalboutique.com\/wp-content\/uploads\/2024\/09\/JwH08.gif","type":"image\/gif"}],"twitter_card":"summary_large_image","twitter_misc":{"Becs\u00fclt olvas\u00e1si id\u0151":"3 perc"},"schema":{"@context":"https:\/\/schema.org","@graph":[{"@type":"WebPage","@id":"https:\/\/nembutalboutique.com\/produit\/jwh-018\/","url":"https:\/\/nembutalboutique.com\/produit\/jwh-018\/","name":"JWH-018 elad\u00f3 - JWH-018 online v\u00e1s\u00e1rl\u00e1sa","isPartOf":{"@id":"https:\/\/nembutalboutique.com\/#website"},"primaryImageOfPage":{"@id":"https:\/\/nembutalboutique.com\/produit\/jwh-018\/#primaryimage"},"image":{"@id":"https:\/\/nembutalboutique.com\/produit\/jwh-018\/#primaryimage"},"thumbnailUrl":"https:\/\/nembutalboutique.com\/wp-content\/uploads\/2024\/09\/JwH08.gif","datePublished":"2024-09-16T08:11:26+00:00","dateModified":"2024-09-21T03:55:34+00:00","description":"Megb\u00edzhat\u00f3 forr\u00e1st keres a JWH-018 online v\u00e1s\u00e1rl\u00e1s\u00e1hoz? A keres\u00e9sed itt \u00e9r v\u00e9get. Rendelje meg a JWH-018-t online megb\u00edzhat\u00f3 \u00fczlet\u00fcnkb\u0151l, \u00e9s \u00e9lvezze a z\u00f6kken\u0151mentes v\u00e1s\u00e1rl\u00e1si folyamatot, amely az \u00d6n kutat\u00e1si ig\u00e9nyeihez igazodik.","breadcrumb":{"@id":"https:\/\/nembutalboutique.com\/produit\/jwh-018\/#breadcrumb"},"inLanguage":"hu","potentialAction":[{"@type":"ReadAction","target":["https:\/\/nembutalboutique.com\/produit\/jwh-018\/"]}]},{"@type":"ImageObject","inLanguage":"hu","@id":"https:\/\/nembutalboutique.com\/produit\/jwh-018\/#primaryimage","url":"https:\/\/nembutalboutique.com\/wp-content\/uploads\/2024\/09\/JwH08.gif","contentUrl":"https:\/\/nembutalboutique.com\/wp-content\/uploads\/2024\/09\/JwH08.gif","width":600,"height":600,"caption":"Acheter JwH08.gif"},{"@type":"BreadcrumbList","@id":"https:\/\/nembutalboutique.com\/produit\/jwh-018\/#breadcrumb","itemListElement":[{"@type":"ListItem","position":1,"name":"Home","item":"https:\/\/nembutalboutique.com\/"},{"@type":"ListItem","position":2,"name":"Boutique","item":"https:\/\/nembutalboutique.com\/shop\/"},{"@type":"ListItem","position":3,"name":"JWH-018"}]},{"@type":"WebSite","@id":"https:\/\/nembutalboutique.com\/#website","url":"https:\/\/nembutalboutique.com\/","name":"Nembutal Boutique","description":"Az \u00e9n WordPress blogom","publisher":{"@id":"https:\/\/nembutalboutique.com\/#organization"},"potentialAction":[{"@type":"SearchAction","target":{"@type":"EntryPoint","urlTemplate":"https:\/\/nembutalboutique.com\/?s={search_term_string}"},"query-input":{"@type":"PropertyValueSpecification","valueRequired":true,"valueName":"search_term_string"}}],"inLanguage":"hu"},{"@type":"Organization","@id":"https:\/\/nembutalboutique.com\/#organization","name":"Nembutal Boutique","url":"https:\/\/nembutalboutique.com\/","logo":{"@type":"ImageObject","inLanguage":"hu","@id":"https:\/\/nembutalboutique.com\/#\/schema\/logo\/image\/","url":"https:\/\/nembutalboutique.com\/wp-content\/uploads\/2024\/01\/logo.png","contentUrl":"https:\/\/nembutalboutique.com\/wp-content\/uploads\/2024\/01\/logo.png","width":494,"height":121,"caption":"Nembutal Boutique"},"image":{"@id":"https:\/\/nembutalboutique.com\/#\/schema\/logo\/image\/"}}]}},"_links":{"self":[{"href":"https:\/\/nembutalboutique.com\/hu\/wp-json\/wp\/v2\/product\/2642"}],"collection":[{"href":"https:\/\/nembutalboutique.com\/hu\/wp-json\/wp\/v2\/product"}],"about":[{"href":"https:\/\/nembutalboutique.com\/hu\/wp-json\/wp\/v2\/types\/product"}],"replies":[{"embeddable":true,"href":"https:\/\/nembutalboutique.com\/hu\/wp-json\/wp\/v2\/comments?post=2642"}],"wp:featuredmedia":[{"embeddable":true,"href":"https:\/\/nembutalboutique.com\/hu\/wp-json\/wp\/v2\/media\/2660"}],"wp:attachment":[{"href":"https:\/\/nembutalboutique.com\/hu\/wp-json\/wp\/v2\/media?parent=2642"}],"wp:term":[{"taxonomy":"product_brand","embeddable":true,"href":"https:\/\/nembutalboutique.com\/hu\/wp-json\/wp\/v2\/product_brand?post=2642"},{"taxonomy":"product_cat","embeddable":true,"href":"https:\/\/nembutalboutique.com\/hu\/wp-json\/wp\/v2\/product_cat?post=2642"},{"taxonomy":"product_tag","embeddable":true,"href":"https:\/\/nembutalboutique.com\/hu\/wp-json\/wp\/v2\/product_tag?post=2642"}],"curies":[{"name":"wp","href":"https:\/\/api.w.org\/{rel}","templated":true}]}}