{"id":3368,"date":"2024-09-16T08:17:13","date_gmt":"2024-09-16T08:17:13","guid":{"rendered":"https:\/\/nembutalboutique.com\/?post_type=product&#038;p=3368"},"modified":"2024-09-20T08:19:10","modified_gmt":"2024-09-20T08:19:10","slug":"herion","status":"publish","type":"product","link":"https:\/\/nembutalboutique.com\/es\/producto\/comprar-hrion-online\/","title":{"rendered":"HERION"},"content":{"rendered":"<h2>Puedes comprar hero\u00edna online, comprar hero\u00edna en l\u00ednea o comprar hero\u00edna online.<\/h2>\n<p>Comprar heroina online en kaufennembutal.com para comprar heroina. Ofrecemos la m\u00e1s alta calidad de hero\u00edna para la venta en los Estados Unidos, Afganist\u00e1n, Gran Breta\u00f1a, Canad\u00e1, Australia y otros pa\u00edses. Ofrecemos a los revendedores la oportunidad de comprar<a href=\"https:\/\/nembutalboutique.com\/produit\/acheter-herion-en-ligne\/\">hero\u00edna<\/a> online en grandes cantidades. Comprar hero\u00edna en l\u00ednea.<\/p>\n<h3>Comprar hero\u00edna por Internet en Estados Unidos y Gran Breta\u00f1a.<\/h3>\n<p>La hero\u00edna se produce sintetizando morfina, una sustancia qu\u00edmica natural que se obtiene del tallo de la planta asi\u00e1tica del sue\u00f1o. La hero\u00edna es un opi\u00e1ceo narc\u00f3tico. La hero\u00edna se presenta generalmente como un polvo blanco o beige o como una sustancia negra fina conocida como \"Schwarzteer-Heroin\".<\/p>\n<p>En 2011, 4,2 millones de estadounidenses (1,6 %) mayores de 12 a\u00f1os declararon haber consumido<a href=\"https:\/\/en.wikipedia.org\/wiki\/Heroin\">hero\u00edna<\/a> al menos una vez en la vida. Khaben. Se calcula que alrededor del 23 % de los consumidores de hero\u00edna se independizan.<\/p>\n<h3>\u00bfPara qu\u00e9 se utiliza la hero\u00edna?<\/h3>\n<p>La hero\u00edna puede ser objeto de abuso, uso indebido o maltrato. Tambi\u00e9n puede inyectarse. La r\u00e1pida llegada de la droga al cerebro por los tres m\u00e9todos aumenta los riesgos para la salud de la droga e incrementa la probabilidad de desarrollar esquizofrenia, un trastorno cr\u00f3nico caracterizado por el consumo compulsivo de drogas sin tener en cuenta las consecuencias.<\/p>\n<p>Comprar hero\u00edna por Internet<\/p>\n<h3>\u00bfQu\u00e9 intervenciones existen para la dependencia de la hero\u00edna?<\/h3>\n<p>Adem\u00e1s, existen varios tratamientos eficaces para la adicci\u00f3n a la hero\u00edna, como la terapia conductual y los enfoques farmac\u00e9uticos (basados en f\u00e1rmacos). Ambas estrategias ayudan a restablecer cierto grado de normalidad en el cerebro y el comportamiento, lo que aumenta las tasas de empleo y reduce el riesgo de contraer el VIH y otras enfermedades, as\u00ed como la actividad delictiva. Aunque los tratamientos farmacol\u00f3gicos y conductuales pueden ser muy \u00fatiles por s\u00ed solos, las investigaciones sugieren que el enfoque m\u00e1s eficaz para muchas personas es combinar ambas formas de tratamiento.<\/p>\n<h3>Tratamiento farmacol\u00f3gico: medicamentos<\/h3>\n<p>Los estudios cient\u00edficos han demostrado la eficacia del tratamiento asistido con medicaci\u00f3n para la dependencia de opi\u00e1ceos. Gracias a un enfoque del tratamiento basado en la evidencia, puede comprar Herion en l\u00ednea sin necesidad de registrarse.<\/p>\n<p>Es m\u00e1s, cuando las personas adictas a los opi\u00e1ceos dejan de tomarlos, pueden experimentar graves s\u00edntomas de abstinencia, como n\u00e1useas, v\u00f3mitos e inquietud. Los medicamentos pueden reducir el hambre durante esta fase de abstinencia. Los s\u00edntomas f\u00edsicos adicionales suelen provocar reca\u00eddas. Comprar Herion online sin registrarse.<\/p>","protected":false},"excerpt":{"rendered":"<p>Vous pouvez acheter de l&rsquo;h\u00e9ro\u00efne en ligne, acheter de l&rsquo;h\u00e9ro\u00efne en ligne ou acheter de l&rsquo;h\u00e9ro\u00efne en ligne. Achetez de l&rsquo;h\u00e9ro\u00efne en ligne sur kaufennembutal.com pour acheter de l&rsquo;h\u00e9ro\u00efne. Nous proposons l&rsquo;h\u00e9ro\u00efne de la plus haute qualit\u00e9 \u00e0 la vente aux \u00c9tats-Unis, en Afghanistan, en Grande-Bretagne, au Canada, en Australie et dans d&rsquo;autres pays. Nous [&hellip;]<\/p>","protected":false},"featured_media":3380,"comment_status":"open","ping_status":"closed","template":"","meta":{"_joinchat":[]},"product_brand":[],"product_cat":[385],"product_tag":[],"class_list":{"0":"post-3368","1":"product","2":"type-product","3":"status-publish","4":"has-post-thumbnail","6":"product_cat-forschung-schemikalien","8":"first","9":"instock","10":"shipping-taxable","11":"purchasable","12":"product-type-variable"},"yoast_head":"<!-- This site is optimized with the Yoast SEO plugin v23.5 - https:\/\/yoast.com\/wordpress\/plugins\/seo\/ -->\n<title>Achetez HERION en ligne - HERION \u00e0 vendre<\/title>\n<meta name=\"description\" content=\"Trouvez HERION premium \u00e0 vendre dans notre boutique en ligne, offrant une plate-forme s\u00e9curis\u00e9e pour acheter HERION en ligne en toute simplicit\u00e9, r\u00e9pondant \u00e0 vos besoins de recherche.\" \/>\n<meta name=\"robots\" content=\"index, follow, max-snippet:-1, max-image-preview:large, max-video-preview:-1\" \/>\n<link rel=\"canonical\" href=\"https:\/\/nembutalboutique.com\/es\/producto\/comprar-hrion-online\/\" \/>\n<meta property=\"og:locale\" content=\"es_ES\" \/>\n<meta property=\"og:type\" content=\"article\" \/>\n<meta property=\"og:title\" content=\"Achetez HERION en ligne - HERION \u00e0 vendre\" \/>\n<meta property=\"og:description\" content=\"Trouvez HERION premium \u00e0 vendre dans notre boutique en ligne, offrant une plate-forme s\u00e9curis\u00e9e pour acheter HERION en ligne en toute simplicit\u00e9, r\u00e9pondant \u00e0 vos besoins de recherche.\" \/>\n<meta property=\"og:url\" content=\"https:\/\/nembutalboutique.com\/es\/producto\/comprar-hrion-online\/\" \/>\n<meta property=\"og:site_name\" content=\"Nembutal Boutique\" \/>\n<meta property=\"article:modified_time\" content=\"2024-09-20T08:19:10+00:00\" \/>\n<meta property=\"og:image\" content=\"https:\/\/nembutalboutique.com\/wp-content\/uploads\/2024\/09\/heroin.gif\" \/>\n\t<meta property=\"og:image:width\" content=\"600\" \/>\n\t<meta property=\"og:image:height\" content=\"600\" \/>\n\t<meta property=\"og:image:type\" content=\"image\/gif\" \/>\n<meta name=\"twitter:card\" content=\"summary_large_image\" \/>\n<meta name=\"twitter:label1\" content=\"Tiempo de lectura\" \/>\n\t<meta name=\"twitter:data1\" content=\"3 minutos\" \/>\n<script type=\"application\/ld+json\" class=\"yoast-schema-graph\">{\"@context\":\"https:\/\/schema.org\",\"@graph\":[{\"@type\":\"WebPage\",\"@id\":\"https:\/\/nembutalboutique.com\/produit\/herion\/\",\"url\":\"https:\/\/nembutalboutique.com\/produit\/herion\/\",\"name\":\"Achetez HERION en ligne - HERION \u00e0 vendre\",\"isPartOf\":{\"@id\":\"https:\/\/nembutalboutique.com\/#website\"},\"primaryImageOfPage\":{\"@id\":\"https:\/\/nembutalboutique.com\/produit\/herion\/#primaryimage\"},\"image\":{\"@id\":\"https:\/\/nembutalboutique.com\/produit\/herion\/#primaryimage\"},\"thumbnailUrl\":\"https:\/\/nembutalboutique.com\/wp-content\/uploads\/2024\/09\/heroin.gif\",\"datePublished\":\"2024-09-16T08:17:13+00:00\",\"dateModified\":\"2024-09-20T08:19:10+00:00\",\"description\":\"Trouvez HERION premium \u00e0 vendre dans notre boutique en ligne, offrant une plate-forme s\u00e9curis\u00e9e pour acheter HERION en ligne en toute simplicit\u00e9, r\u00e9pondant \u00e0 vos besoins de recherche.\",\"breadcrumb\":{\"@id\":\"https:\/\/nembutalboutique.com\/produit\/herion\/#breadcrumb\"},\"inLanguage\":\"es\",\"potentialAction\":[{\"@type\":\"ReadAction\",\"target\":[\"https:\/\/nembutalboutique.com\/produit\/herion\/\"]}]},{\"@type\":\"ImageObject\",\"inLanguage\":\"es\",\"@id\":\"https:\/\/nembutalboutique.com\/produit\/herion\/#primaryimage\",\"url\":\"https:\/\/nembutalboutique.com\/wp-content\/uploads\/2024\/09\/heroin.gif\",\"contentUrl\":\"https:\/\/nembutalboutique.com\/wp-content\/uploads\/2024\/09\/heroin.gif\",\"width\":600,\"height\":600,\"caption\":\"Acheter heroin.gif\"},{\"@type\":\"BreadcrumbList\",\"@id\":\"https:\/\/nembutalboutique.com\/produit\/herion\/#breadcrumb\",\"itemListElement\":[{\"@type\":\"ListItem\",\"position\":1,\"name\":\"Home\",\"item\":\"https:\/\/nembutalboutique.com\/\"},{\"@type\":\"ListItem\",\"position\":2,\"name\":\"Boutique\",\"item\":\"https:\/\/nembutalboutique.com\/shop\/\"},{\"@type\":\"ListItem\",\"position\":3,\"name\":\"HERION\"}]},{\"@type\":\"WebSite\",\"@id\":\"https:\/\/nembutalboutique.com\/#website\",\"url\":\"https:\/\/nembutalboutique.com\/\",\"name\":\"Nembutal Boutique\",\"description\":\"My WordPress Blog\",\"publisher\":{\"@id\":\"https:\/\/nembutalboutique.com\/#organization\"},\"potentialAction\":[{\"@type\":\"SearchAction\",\"target\":{\"@type\":\"EntryPoint\",\"urlTemplate\":\"https:\/\/nembutalboutique.com\/?s={search_term_string}\"},\"query-input\":{\"@type\":\"PropertyValueSpecification\",\"valueRequired\":true,\"valueName\":\"search_term_string\"}}],\"inLanguage\":\"es\"},{\"@type\":\"Organization\",\"@id\":\"https:\/\/nembutalboutique.com\/#organization\",\"name\":\"Nembutal Boutique\",\"url\":\"https:\/\/nembutalboutique.com\/\",\"logo\":{\"@type\":\"ImageObject\",\"inLanguage\":\"es\",\"@id\":\"https:\/\/nembutalboutique.com\/#\/schema\/logo\/image\/\",\"url\":\"https:\/\/nembutalboutique.com\/wp-content\/uploads\/2024\/01\/logo.png\",\"contentUrl\":\"https:\/\/nembutalboutique.com\/wp-content\/uploads\/2024\/01\/logo.png\",\"width\":494,\"height\":121,\"caption\":\"Nembutal Boutique\"},\"image\":{\"@id\":\"https:\/\/nembutalboutique.com\/#\/schema\/logo\/image\/\"}}]}<\/script>\n<!-- \/ Yoast SEO plugin. -->","yoast_head_json":{"title":"Comprar HERION online - Venta de HERION","description":"Encuentre HERION de primera calidad a la venta en nuestra tienda en l\u00ednea, que ofrece una plataforma segura para comprar HERION en l\u00ednea con facilidad, satisfaciendo sus necesidades de b\u00fasqueda.","robots":{"index":"index","follow":"follow","max-snippet":"max-snippet:-1","max-image-preview":"max-image-preview:large","max-video-preview":"max-video-preview:-1"},"canonical":"https:\/\/nembutalboutique.com\/es\/producto\/comprar-hrion-online\/","og_locale":"es_ES","og_type":"article","og_title":"Achetez HERION en ligne - HERION \u00e0 vendre","og_description":"Trouvez HERION premium \u00e0 vendre dans notre boutique en ligne, offrant une plate-forme s\u00e9curis\u00e9e pour acheter HERION en ligne en toute simplicit\u00e9, r\u00e9pondant \u00e0 vos besoins de recherche.","og_url":"https:\/\/nembutalboutique.com\/es\/producto\/comprar-hrion-online\/","og_site_name":"Nembutal Boutique","article_modified_time":"2024-09-20T08:19:10+00:00","og_image":[{"width":600,"height":600,"url":"https:\/\/nembutalboutique.com\/wp-content\/uploads\/2024\/09\/heroin.gif","type":"image\/gif"}],"twitter_card":"summary_large_image","twitter_misc":{"Tiempo de lectura":"3 minutos"},"schema":{"@context":"https:\/\/schema.org","@graph":[{"@type":"WebPage","@id":"https:\/\/nembutalboutique.com\/produit\/herion\/","url":"https:\/\/nembutalboutique.com\/produit\/herion\/","name":"Comprar HERION online - Venta de HERION","isPartOf":{"@id":"https:\/\/nembutalboutique.com\/#website"},"primaryImageOfPage":{"@id":"https:\/\/nembutalboutique.com\/produit\/herion\/#primaryimage"},"image":{"@id":"https:\/\/nembutalboutique.com\/produit\/herion\/#primaryimage"},"thumbnailUrl":"https:\/\/nembutalboutique.com\/wp-content\/uploads\/2024\/09\/heroin.gif","datePublished":"2024-09-16T08:17:13+00:00","dateModified":"2024-09-20T08:19:10+00:00","description":"Encuentre HERION de primera calidad a la venta en nuestra tienda en l\u00ednea, que ofrece una plataforma segura para comprar HERION en l\u00ednea con facilidad, satisfaciendo sus necesidades de b\u00fasqueda.","breadcrumb":{"@id":"https:\/\/nembutalboutique.com\/produit\/herion\/#breadcrumb"},"inLanguage":"es","potentialAction":[{"@type":"ReadAction","target":["https:\/\/nembutalboutique.com\/produit\/herion\/"]}]},{"@type":"ImageObject","inLanguage":"es","@id":"https:\/\/nembutalboutique.com\/produit\/herion\/#primaryimage","url":"https:\/\/nembutalboutique.com\/wp-content\/uploads\/2024\/09\/heroin.gif","contentUrl":"https:\/\/nembutalboutique.com\/wp-content\/uploads\/2024\/09\/heroin.gif","width":600,"height":600,"caption":"Acheter heroin.gif"},{"@type":"BreadcrumbList","@id":"https:\/\/nembutalboutique.com\/produit\/herion\/#breadcrumb","itemListElement":[{"@type":"ListItem","position":1,"name":"Home","item":"https:\/\/nembutalboutique.com\/"},{"@type":"ListItem","position":2,"name":"Boutique","item":"https:\/\/nembutalboutique.com\/shop\/"},{"@type":"ListItem","position":3,"name":"HERION"}]},{"@type":"WebSite","@id":"https:\/\/nembutalboutique.com\/#website","url":"https:\/\/nembutalboutique.com\/","name":"Boutique Nembutal","description":"Mi blog de WordPress","publisher":{"@id":"https:\/\/nembutalboutique.com\/#organization"},"potentialAction":[{"@type":"SearchAction","target":{"@type":"EntryPoint","urlTemplate":"https:\/\/nembutalboutique.com\/?s={search_term_string}"},"query-input":{"@type":"PropertyValueSpecification","valueRequired":true,"valueName":"search_term_string"}}],"inLanguage":"es"},{"@type":"Organization","@id":"https:\/\/nembutalboutique.com\/#organization","name":"Boutique Nembutal","url":"https:\/\/nembutalboutique.com\/","logo":{"@type":"ImageObject","inLanguage":"es","@id":"https:\/\/nembutalboutique.com\/#\/schema\/logo\/image\/","url":"https:\/\/nembutalboutique.com\/wp-content\/uploads\/2024\/01\/logo.png","contentUrl":"https:\/\/nembutalboutique.com\/wp-content\/uploads\/2024\/01\/logo.png","width":494,"height":121,"caption":"Nembutal Boutique"},"image":{"@id":"https:\/\/nembutalboutique.com\/#\/schema\/logo\/image\/"}}]}},"_links":{"self":[{"href":"https:\/\/nembutalboutique.com\/es\/wp-json\/wp\/v2\/product\/3368"}],"collection":[{"href":"https:\/\/nembutalboutique.com\/es\/wp-json\/wp\/v2\/product"}],"about":[{"href":"https:\/\/nembutalboutique.com\/es\/wp-json\/wp\/v2\/types\/product"}],"replies":[{"embeddable":true,"href":"https:\/\/nembutalboutique.com\/es\/wp-json\/wp\/v2\/comments?post=3368"}],"wp:featuredmedia":[{"embeddable":true,"href":"https:\/\/nembutalboutique.com\/es\/wp-json\/wp\/v2\/media\/3380"}],"wp:attachment":[{"href":"https:\/\/nembutalboutique.com\/es\/wp-json\/wp\/v2\/media?parent=3368"}],"wp:term":[{"taxonomy":"product_brand","embeddable":true,"href":"https:\/\/nembutalboutique.com\/es\/wp-json\/wp\/v2\/product_brand?post=3368"},{"taxonomy":"product_cat","embeddable":true,"href":"https:\/\/nembutalboutique.com\/es\/wp-json\/wp\/v2\/product_cat?post=3368"},{"taxonomy":"product_tag","embeddable":true,"href":"https:\/\/nembutalboutique.com\/es\/wp-json\/wp\/v2\/product_tag?post=3368"}],"curies":[{"name":"wp","href":"https:\/\/api.w.org\/{rel}","templated":true}]}}