{"id":3293,"date":"2024-09-16T08:16:30","date_gmt":"2024-09-16T08:16:30","guid":{"rendered":"https:\/\/nembutalboutique.com\/?post_type=product&#038;p=3293"},"modified":"2024-09-20T08:32:06","modified_gmt":"2024-09-20T08:32:06","slug":"sdb005","status":"publish","type":"product","link":"https:\/\/nembutalboutique.com\/es\/producto\/comprar-sdb005\/","title":{"rendered":"SDB005"},"content":{"rendered":"<h2>Comprar SDB005-Pulver online.<\/h2>\n<p>Comprar SDB005 , El cannabinoide sint\u00e9tico <a href=\"https:\/\/nembutalboutique.com\/produit\/sdb005\/\">SD B005<\/a> a base de indazol, que se puede comprar en l\u00ednea, ha ganado popularidad en los \u00faltimos a\u00f1os entre los interesados en el desarrollo de Nembutalboutique. Esta p\u00e1gina ofrece un an\u00e1lisis detallado de los efectos y riesgos potenciales asociados al SDB-005. Se deduce que los receptores CB1 y CB2 del organismo se ven influidos por un cannabinoide sint\u00e9tico llamado SB-005. Inicialmente, se supon\u00eda que el equivalente N-fenilo del SDB-005 pertenec\u00eda a una conexi\u00f3n diferente.<\/p>\n<h3>Comprar SDB005-Pulver online.<\/h3>\n<h3>\u00bfCU\u00c1NDO ESTAR\u00c1 LISTO PARA SU USO EL SDB-005?<\/h3>\n<p>Creemos que <a href=\"https:\/\/en.wikipedia.org\/wiki\/SDB-005\">SDB-005<\/a> act\u00faa como antagonista estimulando los receptores cannabinoides CB1 y CB2, lo que a su vez desencadena una respuesta fisiol\u00f3gica. Adem\u00e1s, se cree que el receptor CB1 tiene una fuerza de uni\u00f3n de 21 nM.<\/p>\n<h3>POSIBLES RIESGOS DEL SDB-005 PARA EL MIT<\/h3>\n<p>Como ocurre con cualquier producto qu\u00edmico nuevo, el SDB-005 puede entra\u00f1ar riesgos debido a la falta de investigaci\u00f3n. Se incluyen tambi\u00e9n el sexo y la adicci\u00f3n, as\u00ed como la posibilidad de efectos secundarios catastr\u00f3ficos no deseados. Adem\u00e1s, se desconocen los efectos a largo plazo de esta sustancia, lo que arroja dudas sobre los resultados previstos. En general, se puede afirmar que el SDB-005 es un cannabinoide sint\u00e9tico que se vende en Internet como droga de dise\u00f1o. Aunque no se han realizado estudios sobre sus posibles riesgos, puede tener efectos en el organismo. Si est\u00e1 pensando en comprar un producto nuevo o no probado, debe tener precauci\u00f3n y consultar a un m\u00e9dico antes de usar cualquier medicamento o comprar cualquier suplemento (SDB005).<\/p>","protected":false},"excerpt":{"rendered":"<p>Acheter SDB005-Pulver en ligne. Acheter SDB005 , Le cannabino\u00efde synth\u00e9tique SD B005 \u00e0 base d&rsquo;indazole, qui peut \u00eatre achet\u00e9 en ligne, a gagn\u00e9 en popularit\u00e9 ces derni\u00e8res ann\u00e9es parmi ceux qui s&rsquo;int\u00e9ressent au d\u00e9veloppement de Nembutalboutique. Cette page fournit une analyse d\u00e9taill\u00e9e des effets et des risques potentiels associ\u00e9s au SDB-005. On en d\u00e9duit que [&hellip;]<\/p>","protected":false},"featured_media":3315,"comment_status":"open","ping_status":"closed","template":"","meta":{"_joinchat":[]},"product_brand":[],"product_cat":[386],"product_tag":[],"class_list":{"0":"post-3293","1":"product","2":"type-product","3":"status-publish","4":"has-post-thumbnail","6":"product_cat-cannabinoids","8":"first","9":"instock","10":"shipping-taxable","11":"purchasable","12":"product-type-variable"},"yoast_head":"<!-- This site is optimized with the Yoast SEO plugin v23.5 - https:\/\/yoast.com\/wordpress\/plugins\/seo\/ -->\n<title>Achetez SDB005 en ligne - SDB005 \u00e0 vendre en ligne<\/title>\n<meta name=\"description\" content=\"Si vous n&#039;avez pas encore essay\u00e9 le SDB005 dans notre magasin, vous manquez beaucoup de choses. Nous vous aiderons \u00e0 acheter le SDB005 en ligne \u00e0 des prix avantageux. Achetez le SDB005 en vente d\u00e8s aujourd&#039;hui !\" \/>\n<meta name=\"robots\" content=\"index, follow, max-snippet:-1, max-image-preview:large, max-video-preview:-1\" \/>\n<link rel=\"canonical\" href=\"https:\/\/nembutalboutique.com\/es\/producto\/comprar-sdb005\/\" \/>\n<meta property=\"og:locale\" content=\"es_ES\" \/>\n<meta property=\"og:type\" content=\"article\" \/>\n<meta property=\"og:title\" content=\"Achetez SDB005 en ligne - SDB005 \u00e0 vendre en ligne\" \/>\n<meta property=\"og:description\" content=\"Si vous n&#039;avez pas encore essay\u00e9 le SDB005 dans notre magasin, vous manquez beaucoup de choses. Nous vous aiderons \u00e0 acheter le SDB005 en ligne \u00e0 des prix avantageux. Achetez le SDB005 en vente d\u00e8s aujourd&#039;hui !\" \/>\n<meta property=\"og:url\" content=\"https:\/\/nembutalboutique.com\/es\/producto\/comprar-sdb005\/\" \/>\n<meta property=\"og:site_name\" content=\"Nembutal Boutique\" \/>\n<meta property=\"article:modified_time\" content=\"2024-09-20T08:32:06+00:00\" \/>\n<meta property=\"og:image\" content=\"https:\/\/nembutalboutique.com\/wp-content\/uploads\/2024\/09\/SDB005.gif\" \/>\n\t<meta property=\"og:image:width\" content=\"600\" \/>\n\t<meta property=\"og:image:height\" content=\"600\" \/>\n\t<meta property=\"og:image:type\" content=\"image\/gif\" \/>\n<meta name=\"twitter:card\" content=\"summary_large_image\" \/>\n<meta name=\"twitter:label1\" content=\"Tiempo de lectura\" \/>\n\t<meta name=\"twitter:data1\" content=\"2 minutos\" \/>\n<script type=\"application\/ld+json\" class=\"yoast-schema-graph\">{\"@context\":\"https:\/\/schema.org\",\"@graph\":[{\"@type\":\"WebPage\",\"@id\":\"https:\/\/nembutalboutique.com\/produit\/sdb005\/\",\"url\":\"https:\/\/nembutalboutique.com\/produit\/sdb005\/\",\"name\":\"Achetez SDB005 en ligne - SDB005 \u00e0 vendre en ligne\",\"isPartOf\":{\"@id\":\"https:\/\/nembutalboutique.com\/#website\"},\"primaryImageOfPage\":{\"@id\":\"https:\/\/nembutalboutique.com\/produit\/sdb005\/#primaryimage\"},\"image\":{\"@id\":\"https:\/\/nembutalboutique.com\/produit\/sdb005\/#primaryimage\"},\"thumbnailUrl\":\"https:\/\/nembutalboutique.com\/wp-content\/uploads\/2024\/09\/SDB005.gif\",\"datePublished\":\"2024-09-16T08:16:30+00:00\",\"dateModified\":\"2024-09-20T08:32:06+00:00\",\"description\":\"Si vous n'avez pas encore essay\u00e9 le SDB005 dans notre magasin, vous manquez beaucoup de choses. Nous vous aiderons \u00e0 acheter le SDB005 en ligne \u00e0 des prix avantageux. Achetez le SDB005 en vente d\u00e8s aujourd'hui !\",\"breadcrumb\":{\"@id\":\"https:\/\/nembutalboutique.com\/produit\/sdb005\/#breadcrumb\"},\"inLanguage\":\"es\",\"potentialAction\":[{\"@type\":\"ReadAction\",\"target\":[\"https:\/\/nembutalboutique.com\/produit\/sdb005\/\"]}]},{\"@type\":\"ImageObject\",\"inLanguage\":\"es\",\"@id\":\"https:\/\/nembutalboutique.com\/produit\/sdb005\/#primaryimage\",\"url\":\"https:\/\/nembutalboutique.com\/wp-content\/uploads\/2024\/09\/SDB005.gif\",\"contentUrl\":\"https:\/\/nembutalboutique.com\/wp-content\/uploads\/2024\/09\/SDB005.gif\",\"width\":600,\"height\":600,\"caption\":\"Acheter SDB005.gif\"},{\"@type\":\"BreadcrumbList\",\"@id\":\"https:\/\/nembutalboutique.com\/produit\/sdb005\/#breadcrumb\",\"itemListElement\":[{\"@type\":\"ListItem\",\"position\":1,\"name\":\"Home\",\"item\":\"https:\/\/nembutalboutique.com\/\"},{\"@type\":\"ListItem\",\"position\":2,\"name\":\"Boutique\",\"item\":\"https:\/\/nembutalboutique.com\/shop\/\"},{\"@type\":\"ListItem\",\"position\":3,\"name\":\"SDB005\"}]},{\"@type\":\"WebSite\",\"@id\":\"https:\/\/nembutalboutique.com\/#website\",\"url\":\"https:\/\/nembutalboutique.com\/\",\"name\":\"Nembutal Boutique\",\"description\":\"My WordPress Blog\",\"publisher\":{\"@id\":\"https:\/\/nembutalboutique.com\/#organization\"},\"potentialAction\":[{\"@type\":\"SearchAction\",\"target\":{\"@type\":\"EntryPoint\",\"urlTemplate\":\"https:\/\/nembutalboutique.com\/?s={search_term_string}\"},\"query-input\":{\"@type\":\"PropertyValueSpecification\",\"valueRequired\":true,\"valueName\":\"search_term_string\"}}],\"inLanguage\":\"es\"},{\"@type\":\"Organization\",\"@id\":\"https:\/\/nembutalboutique.com\/#organization\",\"name\":\"Nembutal Boutique\",\"url\":\"https:\/\/nembutalboutique.com\/\",\"logo\":{\"@type\":\"ImageObject\",\"inLanguage\":\"es\",\"@id\":\"https:\/\/nembutalboutique.com\/#\/schema\/logo\/image\/\",\"url\":\"https:\/\/nembutalboutique.com\/wp-content\/uploads\/2024\/01\/logo.png\",\"contentUrl\":\"https:\/\/nembutalboutique.com\/wp-content\/uploads\/2024\/01\/logo.png\",\"width\":494,\"height\":121,\"caption\":\"Nembutal Boutique\"},\"image\":{\"@id\":\"https:\/\/nembutalboutique.com\/#\/schema\/logo\/image\/\"}}]}<\/script>\n<!-- \/ Yoast SEO plugin. -->","yoast_head_json":{"title":"Comprar SDB005 online - SDB005 en venta online","description":"Si a\u00fan no has probado el SDB005 en nuestra tienda, te lo est\u00e1s perdiendo. Te ayudaremos a comprar el SDB005 online a precios incre\u00edbles. \u00a1Compre el SDB005 a la venta hoy mismo!","robots":{"index":"index","follow":"follow","max-snippet":"max-snippet:-1","max-image-preview":"max-image-preview:large","max-video-preview":"max-video-preview:-1"},"canonical":"https:\/\/nembutalboutique.com\/es\/producto\/comprar-sdb005\/","og_locale":"es_ES","og_type":"article","og_title":"Achetez SDB005 en ligne - SDB005 \u00e0 vendre en ligne","og_description":"Si vous n'avez pas encore essay\u00e9 le SDB005 dans notre magasin, vous manquez beaucoup de choses. Nous vous aiderons \u00e0 acheter le SDB005 en ligne \u00e0 des prix avantageux. Achetez le SDB005 en vente d\u00e8s aujourd'hui !","og_url":"https:\/\/nembutalboutique.com\/es\/producto\/comprar-sdb005\/","og_site_name":"Nembutal Boutique","article_modified_time":"2024-09-20T08:32:06+00:00","og_image":[{"width":600,"height":600,"url":"https:\/\/nembutalboutique.com\/wp-content\/uploads\/2024\/09\/SDB005.gif","type":"image\/gif"}],"twitter_card":"summary_large_image","twitter_misc":{"Tiempo de lectura":"2 minutos"},"schema":{"@context":"https:\/\/schema.org","@graph":[{"@type":"WebPage","@id":"https:\/\/nembutalboutique.com\/produit\/sdb005\/","url":"https:\/\/nembutalboutique.com\/produit\/sdb005\/","name":"Comprar SDB005 online - SDB005 en venta online","isPartOf":{"@id":"https:\/\/nembutalboutique.com\/#website"},"primaryImageOfPage":{"@id":"https:\/\/nembutalboutique.com\/produit\/sdb005\/#primaryimage"},"image":{"@id":"https:\/\/nembutalboutique.com\/produit\/sdb005\/#primaryimage"},"thumbnailUrl":"https:\/\/nembutalboutique.com\/wp-content\/uploads\/2024\/09\/SDB005.gif","datePublished":"2024-09-16T08:16:30+00:00","dateModified":"2024-09-20T08:32:06+00:00","description":"Si a\u00fan no has probado el SDB005 en nuestra tienda, te lo est\u00e1s perdiendo. Te ayudaremos a comprar el SDB005 online a precios incre\u00edbles. \u00a1Compre el SDB005 a la venta hoy mismo!","breadcrumb":{"@id":"https:\/\/nembutalboutique.com\/produit\/sdb005\/#breadcrumb"},"inLanguage":"es","potentialAction":[{"@type":"ReadAction","target":["https:\/\/nembutalboutique.com\/produit\/sdb005\/"]}]},{"@type":"ImageObject","inLanguage":"es","@id":"https:\/\/nembutalboutique.com\/produit\/sdb005\/#primaryimage","url":"https:\/\/nembutalboutique.com\/wp-content\/uploads\/2024\/09\/SDB005.gif","contentUrl":"https:\/\/nembutalboutique.com\/wp-content\/uploads\/2024\/09\/SDB005.gif","width":600,"height":600,"caption":"Acheter SDB005.gif"},{"@type":"BreadcrumbList","@id":"https:\/\/nembutalboutique.com\/produit\/sdb005\/#breadcrumb","itemListElement":[{"@type":"ListItem","position":1,"name":"Home","item":"https:\/\/nembutalboutique.com\/"},{"@type":"ListItem","position":2,"name":"Boutique","item":"https:\/\/nembutalboutique.com\/shop\/"},{"@type":"ListItem","position":3,"name":"SDB005"}]},{"@type":"WebSite","@id":"https:\/\/nembutalboutique.com\/#website","url":"https:\/\/nembutalboutique.com\/","name":"Boutique Nembutal","description":"Mi blog de WordPress","publisher":{"@id":"https:\/\/nembutalboutique.com\/#organization"},"potentialAction":[{"@type":"SearchAction","target":{"@type":"EntryPoint","urlTemplate":"https:\/\/nembutalboutique.com\/?s={search_term_string}"},"query-input":{"@type":"PropertyValueSpecification","valueRequired":true,"valueName":"search_term_string"}}],"inLanguage":"es"},{"@type":"Organization","@id":"https:\/\/nembutalboutique.com\/#organization","name":"Boutique Nembutal","url":"https:\/\/nembutalboutique.com\/","logo":{"@type":"ImageObject","inLanguage":"es","@id":"https:\/\/nembutalboutique.com\/#\/schema\/logo\/image\/","url":"https:\/\/nembutalboutique.com\/wp-content\/uploads\/2024\/01\/logo.png","contentUrl":"https:\/\/nembutalboutique.com\/wp-content\/uploads\/2024\/01\/logo.png","width":494,"height":121,"caption":"Nembutal Boutique"},"image":{"@id":"https:\/\/nembutalboutique.com\/#\/schema\/logo\/image\/"}}]}},"_links":{"self":[{"href":"https:\/\/nembutalboutique.com\/es\/wp-json\/wp\/v2\/product\/3293"}],"collection":[{"href":"https:\/\/nembutalboutique.com\/es\/wp-json\/wp\/v2\/product"}],"about":[{"href":"https:\/\/nembutalboutique.com\/es\/wp-json\/wp\/v2\/types\/product"}],"replies":[{"embeddable":true,"href":"https:\/\/nembutalboutique.com\/es\/wp-json\/wp\/v2\/comments?post=3293"}],"wp:featuredmedia":[{"embeddable":true,"href":"https:\/\/nembutalboutique.com\/es\/wp-json\/wp\/v2\/media\/3315"}],"wp:attachment":[{"href":"https:\/\/nembutalboutique.com\/es\/wp-json\/wp\/v2\/media?parent=3293"}],"wp:term":[{"taxonomy":"product_brand","embeddable":true,"href":"https:\/\/nembutalboutique.com\/es\/wp-json\/wp\/v2\/product_brand?post=3293"},{"taxonomy":"product_cat","embeddable":true,"href":"https:\/\/nembutalboutique.com\/es\/wp-json\/wp\/v2\/product_cat?post=3293"},{"taxonomy":"product_tag","embeddable":true,"href":"https:\/\/nembutalboutique.com\/es\/wp-json\/wp\/v2\/product_tag?post=3293"}],"curies":[{"name":"wp","href":"https:\/\/api.w.org\/{rel}","templated":true}]}}