{"id":3292,"date":"2024-09-16T08:16:30","date_gmt":"2024-09-16T08:16:30","guid":{"rendered":"https:\/\/nembutalboutique.com\/?post_type=product&#038;p=3292"},"modified":"2024-09-20T08:33:29","modified_gmt":"2024-09-20T08:33:29","slug":"nm-2201","status":"publish","type":"product","link":"https:\/\/nembutalboutique.com\/es\/producto\/comprar-nm2201-online\/","title":{"rendered":"NM-2201"},"content":{"rendered":"<h2>Comprar NM-2201 en l\u00ednea<\/h2>\n<p><a href=\"https:\/\/nembutalboutique.com\/produit\/acheter-nm-2201\/\">Aunque la NM-2201<\/a> y otros cannabinoides sint\u00e9ticos se presentan como alternativas seguras y legales al cannabis, tambi\u00e9n pueden ser extremadamente peligrosos e incontrolables. El impacto La mayor\u00eda de los efectos del NM-2201 vienen determinados por la dosis, el m\u00e9todo de administraci\u00f3n y la tolerancia individual. El NM-2201 puede tener efectos leves como relajaci\u00f3n, supresi\u00f3n del apetito y sedaci\u00f3n a dosis bajas. A dosis m\u00e1s altas pueden producirse efectos secundarios graves como ansiedad, psicosis, alucinaciones y ca\u00eddas de kramp. Adem\u00e1s, el NM-2201 se ha asociado a efectos secundarios potencialmente mortales como da\u00f1os hep\u00e1ticos y renales.<\/p>\n<p>Una de las principales preocupaciones es el car\u00e1cter incontrolado y desenfrenado de la <a href=\"https:\/\/en.wikipedia.org\/wiki\/NM-2201\">NM-2201<\/a> y otros cannabinoides sint\u00e9ticos. La concentraci\u00f3n de estas sustancias suele variar considerablemente de un lote a otro, y los m\u00e9todos de control de calidad suelen ser inadecuados.<\/p>\n<h3><strong>El conflicto en torno al cannabis sint\u00e9tico<\/strong><\/h3>\n<p>Las leyes que rigen el cannabis sint\u00e9tico son complejas y difieren de un estado a otro. Su venta y distribuci\u00f3n est\u00e1n prohibidas en muchas jurisdicciones porque se consideran dispositivos de juego ilegales. En algunos pa\u00edses, se conocen como Legal Highs, lo que significa que su compra y consumo son aceptables sin causar problemas legales. Sea cual sea su estatus legal, el NM-2201 y otros cannabinoides sint\u00e9ticos son extremadamente peligrosos y poco fiables.<\/p>\n<h3>\u00bfQu\u00e9 es el NM-2201?<\/h3>\n<p>El NM-2201 es un producto qu\u00edmico de investigaci\u00f3n perteneciente a la clase de los cannabinoides. Aunque esta metodolog\u00eda de investigaci\u00f3n es nueva en el mercado, ya ha recibido cr\u00edticas entusiastas de cient\u00edficos de todo el mundo. Las pruebas con NM-2201 suelen dar como resultado una mejora de la comprensi\u00f3n musical, la facilidad f\u00edsica, la euforia, la reducci\u00f3n del dolor y los estados relacionados con el trauma.<\/p>\n<p>La NM-2201 se ha convertido en una entidad muy potente y duradera. Y sepa que su NM-2201 se ha convertido en una entidad muy potente y duradera. Aseg\u00farese de que se siguen correctamente todos los procedimientos de laboratorio pertinentes y de que sus mediciones no son excesivamente grandes. Incluso cantidades peque\u00f1as pueden dar lugar a resultados muy intensos.<\/p>\n<h3>\u00bfD\u00f3nde puedo comprar NM-2201?<\/h3>\n<p>El NM-2201 puede adquirirse aqu\u00ed mismo, en el sitio de compra de Nembutal. Ofrecemos el mejor NM-2201 disponible actualmente en el mercado. Nuestro NM-2201 se suministra normalmente en forma de polvo. Sin embargo, si necesita un formato diferente, p\u00f3ngase en contacto con nosotros. Es posible que podamos ofrecerle un servicio.<\/p>\n<p>Debe tener al menos dieciocho a\u00f1os para comprar NM-2201 de nosotros. Adem\u00e1s, debe comportarse de acuerdo con las leyes de su pa\u00eds al realizar investigaciones qu\u00edmicas en general. Aceptamos las principales tarjetas de cr\u00e9dito, as\u00ed como Bitcoin, una criptomoneda. Para muchos pa\u00edses, el env\u00edo en el mismo d\u00eda es una opci\u00f3n.<\/p>\n<h3>Legitimidad de la NM-2201<\/h3>\n<p>El NM-2201 est\u00e1 prohibido en Alemania, Suecia y Jap\u00f3n. Adem\u00e1s, est\u00e1 potencialmente prohibido en varios otros pa\u00edses, entre ellos Estados Unidos, debido a leyes similares y m\u00e1s estrictas Compra de NNM-2201.<\/p>","protected":false},"excerpt":{"rendered":"<p>Acheter NM-2201 en ligne Bien que le NM-2201 et d&rsquo;autres cannabino\u00efdes synth\u00e9tiques soient pr\u00e9sent\u00e9s comme des alternatives s\u00fbres et l\u00e9gales au cannabis, ils peuvent \u00e9galement \u00eatre extr\u00eamement dangereux et incontr\u00f4lables. L&rsquo;impact La plupart des effets du NM-2201 sont d\u00e9termin\u00e9s par le dosage, le mode d&rsquo;administration et la tol\u00e9rance individuelle. Le NM-2201 peut avoir des effets [&hellip;]<\/p>","protected":false},"featured_media":3314,"comment_status":"open","ping_status":"closed","template":"","meta":{"_joinchat":[]},"product_brand":[],"product_cat":[386],"product_tag":[],"class_list":{"0":"post-3292","1":"product","2":"type-product","3":"status-publish","4":"has-post-thumbnail","6":"product_cat-cannabinoids","8":"first","9":"instock","10":"shipping-taxable","11":"purchasable","12":"product-type-variable"},"yoast_head":"<!-- This site is optimized with the Yoast SEO plugin v23.5 - https:\/\/yoast.com\/wordpress\/plugins\/seo\/ -->\n<title>Achetez NM-2201 en ligne - NM-2201 \u00e0 vendre<\/title>\n<meta name=\"description\" content=\"Votre commande de NM-2201 \u00e0 vendre est notre responsabilit\u00e9. Nous prendrons en consid\u00e9ration votre commande d&#039;achat de NM-2201 et vous parviendrons dans un court d\u00e9lai. Passez des commandes group\u00e9es d\u00e8s maintenant !\" \/>\n<meta name=\"robots\" content=\"index, follow, max-snippet:-1, max-image-preview:large, max-video-preview:-1\" \/>\n<link rel=\"canonical\" href=\"https:\/\/nembutalboutique.com\/es\/producto\/comprar-nm2201-online\/\" \/>\n<meta property=\"og:locale\" content=\"es_ES\" \/>\n<meta property=\"og:type\" content=\"article\" \/>\n<meta property=\"og:title\" content=\"Achetez NM-2201 en ligne - NM-2201 \u00e0 vendre\" \/>\n<meta property=\"og:description\" content=\"Votre commande de NM-2201 \u00e0 vendre est notre responsabilit\u00e9. Nous prendrons en consid\u00e9ration votre commande d&#039;achat de NM-2201 et vous parviendrons dans un court d\u00e9lai. Passez des commandes group\u00e9es d\u00e8s maintenant !\" \/>\n<meta property=\"og:url\" content=\"https:\/\/nembutalboutique.com\/es\/producto\/comprar-nm2201-online\/\" \/>\n<meta property=\"og:site_name\" content=\"Nembutal Boutique\" \/>\n<meta property=\"article:modified_time\" content=\"2024-09-20T08:33:29+00:00\" \/>\n<meta property=\"og:image\" content=\"https:\/\/nembutalboutique.com\/wp-content\/uploads\/2024\/09\/NM2201.gif\" \/>\n\t<meta property=\"og:image:width\" content=\"600\" \/>\n\t<meta property=\"og:image:height\" content=\"600\" \/>\n\t<meta property=\"og:image:type\" content=\"image\/gif\" \/>\n<meta name=\"twitter:card\" content=\"summary_large_image\" \/>\n<meta name=\"twitter:label1\" content=\"Tiempo de lectura\" \/>\n\t<meta name=\"twitter:data1\" content=\"3 minutos\" \/>\n<script type=\"application\/ld+json\" class=\"yoast-schema-graph\">{\"@context\":\"https:\/\/schema.org\",\"@graph\":[{\"@type\":\"WebPage\",\"@id\":\"https:\/\/nembutalboutique.com\/produit\/nm-2201\/\",\"url\":\"https:\/\/nembutalboutique.com\/produit\/nm-2201\/\",\"name\":\"Achetez NM-2201 en ligne - NM-2201 \u00e0 vendre\",\"isPartOf\":{\"@id\":\"https:\/\/nembutalboutique.com\/#website\"},\"primaryImageOfPage\":{\"@id\":\"https:\/\/nembutalboutique.com\/produit\/nm-2201\/#primaryimage\"},\"image\":{\"@id\":\"https:\/\/nembutalboutique.com\/produit\/nm-2201\/#primaryimage\"},\"thumbnailUrl\":\"https:\/\/nembutalboutique.com\/wp-content\/uploads\/2024\/09\/NM2201.gif\",\"datePublished\":\"2024-09-16T08:16:30+00:00\",\"dateModified\":\"2024-09-20T08:33:29+00:00\",\"description\":\"Votre commande de NM-2201 \u00e0 vendre est notre responsabilit\u00e9. Nous prendrons en consid\u00e9ration votre commande d'achat de NM-2201 et vous parviendrons dans un court d\u00e9lai. Passez des commandes group\u00e9es d\u00e8s maintenant !\",\"breadcrumb\":{\"@id\":\"https:\/\/nembutalboutique.com\/produit\/nm-2201\/#breadcrumb\"},\"inLanguage\":\"es\",\"potentialAction\":[{\"@type\":\"ReadAction\",\"target\":[\"https:\/\/nembutalboutique.com\/produit\/nm-2201\/\"]}]},{\"@type\":\"ImageObject\",\"inLanguage\":\"es\",\"@id\":\"https:\/\/nembutalboutique.com\/produit\/nm-2201\/#primaryimage\",\"url\":\"https:\/\/nembutalboutique.com\/wp-content\/uploads\/2024\/09\/NM2201.gif\",\"contentUrl\":\"https:\/\/nembutalboutique.com\/wp-content\/uploads\/2024\/09\/NM2201.gif\",\"width\":600,\"height\":600,\"caption\":\"Acheter NM2201.gif\"},{\"@type\":\"BreadcrumbList\",\"@id\":\"https:\/\/nembutalboutique.com\/produit\/nm-2201\/#breadcrumb\",\"itemListElement\":[{\"@type\":\"ListItem\",\"position\":1,\"name\":\"Home\",\"item\":\"https:\/\/nembutalboutique.com\/\"},{\"@type\":\"ListItem\",\"position\":2,\"name\":\"Boutique\",\"item\":\"https:\/\/nembutalboutique.com\/shop\/\"},{\"@type\":\"ListItem\",\"position\":3,\"name\":\"NM-2201\"}]},{\"@type\":\"WebSite\",\"@id\":\"https:\/\/nembutalboutique.com\/#website\",\"url\":\"https:\/\/nembutalboutique.com\/\",\"name\":\"Nembutal Boutique\",\"description\":\"My WordPress Blog\",\"publisher\":{\"@id\":\"https:\/\/nembutalboutique.com\/#organization\"},\"potentialAction\":[{\"@type\":\"SearchAction\",\"target\":{\"@type\":\"EntryPoint\",\"urlTemplate\":\"https:\/\/nembutalboutique.com\/?s={search_term_string}\"},\"query-input\":{\"@type\":\"PropertyValueSpecification\",\"valueRequired\":true,\"valueName\":\"search_term_string\"}}],\"inLanguage\":\"es\"},{\"@type\":\"Organization\",\"@id\":\"https:\/\/nembutalboutique.com\/#organization\",\"name\":\"Nembutal Boutique\",\"url\":\"https:\/\/nembutalboutique.com\/\",\"logo\":{\"@type\":\"ImageObject\",\"inLanguage\":\"es\",\"@id\":\"https:\/\/nembutalboutique.com\/#\/schema\/logo\/image\/\",\"url\":\"https:\/\/nembutalboutique.com\/wp-content\/uploads\/2024\/01\/logo.png\",\"contentUrl\":\"https:\/\/nembutalboutique.com\/wp-content\/uploads\/2024\/01\/logo.png\",\"width\":494,\"height\":121,\"caption\":\"Nembutal Boutique\"},\"image\":{\"@id\":\"https:\/\/nembutalboutique.com\/#\/schema\/logo\/image\/\"}}]}<\/script>\n<!-- \/ Yoast SEO plugin. -->","yoast_head_json":{"title":"Comprar NM-2201 online - NM-2201 en venta","description":"Su pedido de NM-2201 para la venta es nuestra responsabilidad. Consideraremos su orden de compra de NM-2201 y nos pondremos en contacto con usted lo antes posible. \u00a1Haga pedidos al por mayor ahora!","robots":{"index":"index","follow":"follow","max-snippet":"max-snippet:-1","max-image-preview":"max-image-preview:large","max-video-preview":"max-video-preview:-1"},"canonical":"https:\/\/nembutalboutique.com\/es\/producto\/comprar-nm2201-online\/","og_locale":"es_ES","og_type":"article","og_title":"Achetez NM-2201 en ligne - NM-2201 \u00e0 vendre","og_description":"Votre commande de NM-2201 \u00e0 vendre est notre responsabilit\u00e9. Nous prendrons en consid\u00e9ration votre commande d'achat de NM-2201 et vous parviendrons dans un court d\u00e9lai. Passez des commandes group\u00e9es d\u00e8s maintenant !","og_url":"https:\/\/nembutalboutique.com\/es\/producto\/comprar-nm2201-online\/","og_site_name":"Nembutal Boutique","article_modified_time":"2024-09-20T08:33:29+00:00","og_image":[{"width":600,"height":600,"url":"https:\/\/nembutalboutique.com\/wp-content\/uploads\/2024\/09\/NM2201.gif","type":"image\/gif"}],"twitter_card":"summary_large_image","twitter_misc":{"Tiempo de lectura":"3 minutos"},"schema":{"@context":"https:\/\/schema.org","@graph":[{"@type":"WebPage","@id":"https:\/\/nembutalboutique.com\/produit\/nm-2201\/","url":"https:\/\/nembutalboutique.com\/produit\/nm-2201\/","name":"Comprar NM-2201 online - NM-2201 en venta","isPartOf":{"@id":"https:\/\/nembutalboutique.com\/#website"},"primaryImageOfPage":{"@id":"https:\/\/nembutalboutique.com\/produit\/nm-2201\/#primaryimage"},"image":{"@id":"https:\/\/nembutalboutique.com\/produit\/nm-2201\/#primaryimage"},"thumbnailUrl":"https:\/\/nembutalboutique.com\/wp-content\/uploads\/2024\/09\/NM2201.gif","datePublished":"2024-09-16T08:16:30+00:00","dateModified":"2024-09-20T08:33:29+00:00","description":"Su pedido de NM-2201 para la venta es nuestra responsabilidad. Consideraremos su orden de compra de NM-2201 y nos pondremos en contacto con usted lo antes posible. \u00a1Haga pedidos al por mayor ahora!","breadcrumb":{"@id":"https:\/\/nembutalboutique.com\/produit\/nm-2201\/#breadcrumb"},"inLanguage":"es","potentialAction":[{"@type":"ReadAction","target":["https:\/\/nembutalboutique.com\/produit\/nm-2201\/"]}]},{"@type":"ImageObject","inLanguage":"es","@id":"https:\/\/nembutalboutique.com\/produit\/nm-2201\/#primaryimage","url":"https:\/\/nembutalboutique.com\/wp-content\/uploads\/2024\/09\/NM2201.gif","contentUrl":"https:\/\/nembutalboutique.com\/wp-content\/uploads\/2024\/09\/NM2201.gif","width":600,"height":600,"caption":"Acheter NM2201.gif"},{"@type":"BreadcrumbList","@id":"https:\/\/nembutalboutique.com\/produit\/nm-2201\/#breadcrumb","itemListElement":[{"@type":"ListItem","position":1,"name":"Home","item":"https:\/\/nembutalboutique.com\/"},{"@type":"ListItem","position":2,"name":"Boutique","item":"https:\/\/nembutalboutique.com\/shop\/"},{"@type":"ListItem","position":3,"name":"NM-2201"}]},{"@type":"WebSite","@id":"https:\/\/nembutalboutique.com\/#website","url":"https:\/\/nembutalboutique.com\/","name":"Boutique Nembutal","description":"Mi blog de WordPress","publisher":{"@id":"https:\/\/nembutalboutique.com\/#organization"},"potentialAction":[{"@type":"SearchAction","target":{"@type":"EntryPoint","urlTemplate":"https:\/\/nembutalboutique.com\/?s={search_term_string}"},"query-input":{"@type":"PropertyValueSpecification","valueRequired":true,"valueName":"search_term_string"}}],"inLanguage":"es"},{"@type":"Organization","@id":"https:\/\/nembutalboutique.com\/#organization","name":"Boutique Nembutal","url":"https:\/\/nembutalboutique.com\/","logo":{"@type":"ImageObject","inLanguage":"es","@id":"https:\/\/nembutalboutique.com\/#\/schema\/logo\/image\/","url":"https:\/\/nembutalboutique.com\/wp-content\/uploads\/2024\/01\/logo.png","contentUrl":"https:\/\/nembutalboutique.com\/wp-content\/uploads\/2024\/01\/logo.png","width":494,"height":121,"caption":"Nembutal Boutique"},"image":{"@id":"https:\/\/nembutalboutique.com\/#\/schema\/logo\/image\/"}}]}},"_links":{"self":[{"href":"https:\/\/nembutalboutique.com\/es\/wp-json\/wp\/v2\/product\/3292"}],"collection":[{"href":"https:\/\/nembutalboutique.com\/es\/wp-json\/wp\/v2\/product"}],"about":[{"href":"https:\/\/nembutalboutique.com\/es\/wp-json\/wp\/v2\/types\/product"}],"replies":[{"embeddable":true,"href":"https:\/\/nembutalboutique.com\/es\/wp-json\/wp\/v2\/comments?post=3292"}],"wp:featuredmedia":[{"embeddable":true,"href":"https:\/\/nembutalboutique.com\/es\/wp-json\/wp\/v2\/media\/3314"}],"wp:attachment":[{"href":"https:\/\/nembutalboutique.com\/es\/wp-json\/wp\/v2\/media?parent=3292"}],"wp:term":[{"taxonomy":"product_brand","embeddable":true,"href":"https:\/\/nembutalboutique.com\/es\/wp-json\/wp\/v2\/product_brand?post=3292"},{"taxonomy":"product_cat","embeddable":true,"href":"https:\/\/nembutalboutique.com\/es\/wp-json\/wp\/v2\/product_cat?post=3292"},{"taxonomy":"product_tag","embeddable":true,"href":"https:\/\/nembutalboutique.com\/es\/wp-json\/wp\/v2\/product_tag?post=3292"}],"curies":[{"name":"wp","href":"https:\/\/api.w.org\/{rel}","templated":true}]}}