{"id":3291,"date":"2024-09-16T08:16:30","date_gmt":"2024-09-16T08:16:30","guid":{"rendered":"https:\/\/nembutalboutique.com\/?post_type=product&#038;p=3291"},"modified":"2024-09-20T08:15:39","modified_gmt":"2024-09-20T08:15:39","slug":"mn-018","status":"publish","type":"product","link":"https:\/\/nembutalboutique.com\/es\/producto\/comprar-mn-018\/","title":{"rendered":"MN-018"},"content":{"rendered":"<h2>Comprar MN-018-Pulver en l\u00ednea<\/h2>\n<p>Comprar MN-018, <a href=\"https:\/\/nembutalboutique.com\/produit\/acheter-mn-018\/\">MN 18<\/a> es una droga cannabinoide sint\u00e9tica basada en el indazol.<br \/>\nAtributos del producto :<\/p>\n<p>Nombre del producto : MN-018 Pulverizador<\/p>\n<p>IUPAC.3-Carboxamida-1-pentil-1H-indazol es N-(Naftalina-1-il).<\/p>\n<p>Franc\u00e9s:MF : C23H23N3O<\/p>\n<p>&gt; 99,5 Renovaci\u00f3n %<\/p>\n<p>Mira esto: cristal<\/p>\n<p>Embalaje : bolsa de aluminio C23H23N3O, MN-018, MN-018 polvo, MN-018 polvo China, MN-018 polvo en venta, MN-018 polvo proveedor, MN-018 polvo a granel<\/p>\n<h3>Comprar MN-018 en l\u00ednea<\/h3>\n<p>Comprar MN-018 online : <a href=\"https:\/\/en.wikipedia.org\/wiki\/MN-18\">MN 18<\/a> es un cannabinoide indazol que act\u00faa como antagonista de los receptores cannabinoides. Se vend\u00eda en Internet como droga de dise\u00f1o y ten\u00eda valores Ki de 45,72 nM para CB1 y 11.098 nM para CB2, as\u00ed como valores EC50 de 2.028 nM para CB1 y 1.233 nM para CB2.<br \/>\nSe trata \u00fanicamente del centro indaz\u00f3lico b\u00e1sico de la NNE1. Como se sabe que la amantadina es un metabolito libre (y perjudicial para el medio ambiente) del compuesto relacionado APINACA, se supone que la hidr\u00f3lisis metab\u00f3lica de la 1-naftilamina MN-18 puede liberar este conocido carcin\u00f3geno. La v\u00eda metab\u00f3lica de la MN-18 se ha descrito por escrito.<\/p>\n<h3>MN-018 a la venta en l\u00ednea<\/h3>\n<p>Comprar productos JWH. Comprar Nembutal a precios reducidos. Suministramos y enviamos productos qu\u00edmicos de investigaci\u00f3n de la m\u00e1s alta calidad a todo el mundo. Cada producto es cuidadosamente empaquetado y enviado discretamente para proteger la privacidad y seguridad de nuestros clientes. Aceptamos una amplia gama de m\u00e9todos de pago seguros y descuentos por grandes compras.<\/p>\n<p>Somos un proveedor verificado y nos complace que visite nuestro sitio web.<\/p>\n<p>Estamos entre los mejores proveedores de medicamentos de Estados Unidos y de muchas otras partes del mundo.<\/p>\n<p>Somos distribuidores mayoristas de una amplia gama de productos qu\u00edmicos y farmac\u00e9uticos.<\/p>\n<p>Nuestros productos qu\u00edmicos de investigaci\u00f3n tienen una pureza del 99,9 %, un buen mantenimiento y un precio razonable. Suministramos productos qu\u00edmicos de investigaci\u00f3n en todo el mundo y nuestros productos son muy recomendables. Comprar MN-018.<\/p>","protected":false},"excerpt":{"rendered":"<p>Acheter MN-018-Pulver en ligne Acheter MN-018, MN 18 est un m\u00e9dicament cannabino\u00efde synth\u00e9tique \u00e0 base d&rsquo;indazole. Attributs du produit\u00a0: Nom du produit\u00a0: MN-018 Pulver IUPAC.3-Carboxamid-1-pentyl-1H-indazol est N-(Naphthalin-1-yl). Fran\u00e7ais:MF\u00a0: C23H23N3O &gt; 99,5\u00a0% de renouvellement Regardez ceci\u00a0: cristal Emballage\u00a0: sachet en aluminium C23H23N3O, MN-018, poudre MN-018, poudre MN-018 Chine, poudre MN-018 \u00e0 vendre, fournisseur de poudre MN-018, [&hellip;]<\/p>","protected":false},"featured_media":3313,"comment_status":"open","ping_status":"closed","template":"","meta":{"_joinchat":[]},"product_brand":[],"product_cat":[386],"product_tag":[543,544,545,546,547,548,549,550,551,552,553,554,555,556,557,558,559,560,561,562,563,564,565,566,567,568,569,570],"class_list":{"0":"post-3291","1":"product","2":"type-product","3":"status-publish","4":"has-post-thumbnail","6":"product_cat-cannabinoids","7":"product_tag-4-chlor--pvp","8":"product_tag-beschreibung-mn-018","9":"product_tag-bestellen-mn-018","10":"product_tag-kaufen-mn-018-online","11":"product_tag-kaufen-online-mn-018","12":"product_tag-mn-018","13":"product_tag-mn-018-billigen-preis","14":"product_tag-mn-018-dosierung","15":"product_tag-mn-018-drogentest","16":"product_tag-mn-018-erfahrung","17":"product_tag-mn-018-hinterlegung","18":"product_tag-mn-018-iv","19":"product_tag-mn-018-kaufen","20":"product_tag-mn-018-legalitat","21":"product_tag-mn-018-lieferanten","22":"product_tag-mn-018-online","23":"product_tag-mn-018-preis","24":"product_tag-mn-018-pro-gramm","25":"product_tag-mn-018-psychonaut","26":"product_tag-mn-018-reddit","27":"product_tag-mn-018-zu-verkaufen","28":"product_tag-mn-018-zum-verkauf-in-europa","29":"product_tag-niedriger-preis-mn-018","30":"product_tag-online-kaufen-mn-018","31":"product_tag-uberprufung-mn-018","32":"product_tag-wie-viel-kostet-die-geschwindigkeit-mn-018","33":"product_tag-wie-zu-kaufen-mn-018","34":"product_tag-zu-verkaufen-mn-018","36":"first","37":"instock","38":"shipping-taxable","39":"purchasable","40":"product-type-variable"},"yoast_head":"<!-- This site is optimized with the Yoast SEO plugin v23.5 - https:\/\/yoast.com\/wordpress\/plugins\/seo\/ -->\n<title>Acheter MN-018 en ligne - MN-018 \u00e0 vendre | Boutique Nembutal<\/title>\n<meta name=\"description\" content=\"Notre boutique en ligne Nembutal propose \u00e0 la vente le MN-018 de la meilleure qualit\u00e9. Si vous souhaitez acheter du MN-018 en ligne, nous pouvons vous aider de toutes parts. Commandez d\u00e8s aujourd&#039;hui !\" \/>\n<meta name=\"robots\" content=\"index, follow, max-snippet:-1, max-image-preview:large, max-video-preview:-1\" \/>\n<link rel=\"canonical\" href=\"https:\/\/nembutalboutique.com\/es\/producto\/comprar-mn-018\/\" \/>\n<meta property=\"og:locale\" content=\"es_ES\" \/>\n<meta property=\"og:type\" content=\"article\" \/>\n<meta property=\"og:title\" content=\"Acheter MN-018 en ligne - MN-018 \u00e0 vendre | Boutique Nembutal\" \/>\n<meta property=\"og:description\" content=\"Notre boutique en ligne Nembutal propose \u00e0 la vente le MN-018 de la meilleure qualit\u00e9. Si vous souhaitez acheter du MN-018 en ligne, nous pouvons vous aider de toutes parts. Commandez d\u00e8s aujourd&#039;hui !\" \/>\n<meta property=\"og:url\" content=\"https:\/\/nembutalboutique.com\/es\/producto\/comprar-mn-018\/\" \/>\n<meta property=\"og:site_name\" content=\"Nembutal Boutique\" \/>\n<meta property=\"article:modified_time\" content=\"2024-09-20T08:15:39+00:00\" \/>\n<meta property=\"og:image\" content=\"https:\/\/nembutalboutique.com\/wp-content\/uploads\/2024\/09\/MN-018.gif\" \/>\n\t<meta property=\"og:image:width\" content=\"600\" \/>\n\t<meta property=\"og:image:height\" content=\"600\" \/>\n\t<meta property=\"og:image:type\" content=\"image\/gif\" \/>\n<meta name=\"twitter:card\" content=\"summary_large_image\" \/>\n<meta name=\"twitter:label1\" content=\"Tiempo de lectura\" \/>\n\t<meta name=\"twitter:data1\" content=\"2 minutos\" \/>\n<script type=\"application\/ld+json\" class=\"yoast-schema-graph\">{\"@context\":\"https:\/\/schema.org\",\"@graph\":[{\"@type\":\"WebPage\",\"@id\":\"https:\/\/nembutalboutique.com\/produit\/mn-018\/\",\"url\":\"https:\/\/nembutalboutique.com\/produit\/mn-018\/\",\"name\":\"Acheter MN-018 en ligne - MN-018 \u00e0 vendre | Boutique Nembutal\",\"isPartOf\":{\"@id\":\"https:\/\/nembutalboutique.com\/#website\"},\"primaryImageOfPage\":{\"@id\":\"https:\/\/nembutalboutique.com\/produit\/mn-018\/#primaryimage\"},\"image\":{\"@id\":\"https:\/\/nembutalboutique.com\/produit\/mn-018\/#primaryimage\"},\"thumbnailUrl\":\"https:\/\/nembutalboutique.com\/wp-content\/uploads\/2024\/09\/MN-018.gif\",\"datePublished\":\"2024-09-16T08:16:30+00:00\",\"dateModified\":\"2024-09-20T08:15:39+00:00\",\"description\":\"Notre boutique en ligne Nembutal propose \u00e0 la vente le MN-018 de la meilleure qualit\u00e9. Si vous souhaitez acheter du MN-018 en ligne, nous pouvons vous aider de toutes parts. Commandez d\u00e8s aujourd'hui !\",\"breadcrumb\":{\"@id\":\"https:\/\/nembutalboutique.com\/produit\/mn-018\/#breadcrumb\"},\"inLanguage\":\"es\",\"potentialAction\":[{\"@type\":\"ReadAction\",\"target\":[\"https:\/\/nembutalboutique.com\/produit\/mn-018\/\"]}]},{\"@type\":\"ImageObject\",\"inLanguage\":\"es\",\"@id\":\"https:\/\/nembutalboutique.com\/produit\/mn-018\/#primaryimage\",\"url\":\"https:\/\/nembutalboutique.com\/wp-content\/uploads\/2024\/09\/MN-018.gif\",\"contentUrl\":\"https:\/\/nembutalboutique.com\/wp-content\/uploads\/2024\/09\/MN-018.gif\",\"width\":600,\"height\":600,\"caption\":\"Acheter MN-018.gif\"},{\"@type\":\"BreadcrumbList\",\"@id\":\"https:\/\/nembutalboutique.com\/produit\/mn-018\/#breadcrumb\",\"itemListElement\":[{\"@type\":\"ListItem\",\"position\":1,\"name\":\"Home\",\"item\":\"https:\/\/nembutalboutique.com\/\"},{\"@type\":\"ListItem\",\"position\":2,\"name\":\"Boutique\",\"item\":\"https:\/\/nembutalboutique.com\/shop\/\"},{\"@type\":\"ListItem\",\"position\":3,\"name\":\"MN-018\"}]},{\"@type\":\"WebSite\",\"@id\":\"https:\/\/nembutalboutique.com\/#website\",\"url\":\"https:\/\/nembutalboutique.com\/\",\"name\":\"Nembutal Boutique\",\"description\":\"My WordPress Blog\",\"publisher\":{\"@id\":\"https:\/\/nembutalboutique.com\/#organization\"},\"potentialAction\":[{\"@type\":\"SearchAction\",\"target\":{\"@type\":\"EntryPoint\",\"urlTemplate\":\"https:\/\/nembutalboutique.com\/?s={search_term_string}\"},\"query-input\":{\"@type\":\"PropertyValueSpecification\",\"valueRequired\":true,\"valueName\":\"search_term_string\"}}],\"inLanguage\":\"es\"},{\"@type\":\"Organization\",\"@id\":\"https:\/\/nembutalboutique.com\/#organization\",\"name\":\"Nembutal Boutique\",\"url\":\"https:\/\/nembutalboutique.com\/\",\"logo\":{\"@type\":\"ImageObject\",\"inLanguage\":\"es\",\"@id\":\"https:\/\/nembutalboutique.com\/#\/schema\/logo\/image\/\",\"url\":\"https:\/\/nembutalboutique.com\/wp-content\/uploads\/2024\/01\/logo.png\",\"contentUrl\":\"https:\/\/nembutalboutique.com\/wp-content\/uploads\/2024\/01\/logo.png\",\"width\":494,\"height\":121,\"caption\":\"Nembutal Boutique\"},\"image\":{\"@id\":\"https:\/\/nembutalboutique.com\/#\/schema\/logo\/image\/\"}}]}<\/script>\n<!-- \/ Yoast SEO plugin. -->","yoast_head_json":{"title":"Comprar MN-018 online - MN-018 a la venta | Boutique Nembutal","description":"Nuestra tienda online de Nembutal ofrece MN-018 de la m\u00e1s alta calidad a la venta. Si desea comprar MN-018 en l\u00ednea, podemos ayudarle en todos los sentidos. \u00a1Haga su pedido hoy mismo!","robots":{"index":"index","follow":"follow","max-snippet":"max-snippet:-1","max-image-preview":"max-image-preview:large","max-video-preview":"max-video-preview:-1"},"canonical":"https:\/\/nembutalboutique.com\/es\/producto\/comprar-mn-018\/","og_locale":"es_ES","og_type":"article","og_title":"Acheter MN-018 en ligne - MN-018 \u00e0 vendre | Boutique Nembutal","og_description":"Notre boutique en ligne Nembutal propose \u00e0 la vente le MN-018 de la meilleure qualit\u00e9. Si vous souhaitez acheter du MN-018 en ligne, nous pouvons vous aider de toutes parts. Commandez d\u00e8s aujourd'hui !","og_url":"https:\/\/nembutalboutique.com\/es\/producto\/comprar-mn-018\/","og_site_name":"Nembutal Boutique","article_modified_time":"2024-09-20T08:15:39+00:00","og_image":[{"width":600,"height":600,"url":"https:\/\/nembutalboutique.com\/wp-content\/uploads\/2024\/09\/MN-018.gif","type":"image\/gif"}],"twitter_card":"summary_large_image","twitter_misc":{"Tiempo de lectura":"2 minutos"},"schema":{"@context":"https:\/\/schema.org","@graph":[{"@type":"WebPage","@id":"https:\/\/nembutalboutique.com\/produit\/mn-018\/","url":"https:\/\/nembutalboutique.com\/produit\/mn-018\/","name":"Comprar MN-018 online - MN-018 a la venta | Boutique Nembutal","isPartOf":{"@id":"https:\/\/nembutalboutique.com\/#website"},"primaryImageOfPage":{"@id":"https:\/\/nembutalboutique.com\/produit\/mn-018\/#primaryimage"},"image":{"@id":"https:\/\/nembutalboutique.com\/produit\/mn-018\/#primaryimage"},"thumbnailUrl":"https:\/\/nembutalboutique.com\/wp-content\/uploads\/2024\/09\/MN-018.gif","datePublished":"2024-09-16T08:16:30+00:00","dateModified":"2024-09-20T08:15:39+00:00","description":"Nuestra tienda online de Nembutal ofrece MN-018 de la m\u00e1s alta calidad a la venta. Si desea comprar MN-018 en l\u00ednea, podemos ayudarle en todos los sentidos. \u00a1Haga su pedido hoy mismo!","breadcrumb":{"@id":"https:\/\/nembutalboutique.com\/produit\/mn-018\/#breadcrumb"},"inLanguage":"es","potentialAction":[{"@type":"ReadAction","target":["https:\/\/nembutalboutique.com\/produit\/mn-018\/"]}]},{"@type":"ImageObject","inLanguage":"es","@id":"https:\/\/nembutalboutique.com\/produit\/mn-018\/#primaryimage","url":"https:\/\/nembutalboutique.com\/wp-content\/uploads\/2024\/09\/MN-018.gif","contentUrl":"https:\/\/nembutalboutique.com\/wp-content\/uploads\/2024\/09\/MN-018.gif","width":600,"height":600,"caption":"Acheter MN-018.gif"},{"@type":"BreadcrumbList","@id":"https:\/\/nembutalboutique.com\/produit\/mn-018\/#breadcrumb","itemListElement":[{"@type":"ListItem","position":1,"name":"Home","item":"https:\/\/nembutalboutique.com\/"},{"@type":"ListItem","position":2,"name":"Boutique","item":"https:\/\/nembutalboutique.com\/shop\/"},{"@type":"ListItem","position":3,"name":"MN-018"}]},{"@type":"WebSite","@id":"https:\/\/nembutalboutique.com\/#website","url":"https:\/\/nembutalboutique.com\/","name":"Boutique Nembutal","description":"Mi blog de WordPress","publisher":{"@id":"https:\/\/nembutalboutique.com\/#organization"},"potentialAction":[{"@type":"SearchAction","target":{"@type":"EntryPoint","urlTemplate":"https:\/\/nembutalboutique.com\/?s={search_term_string}"},"query-input":{"@type":"PropertyValueSpecification","valueRequired":true,"valueName":"search_term_string"}}],"inLanguage":"es"},{"@type":"Organization","@id":"https:\/\/nembutalboutique.com\/#organization","name":"Boutique Nembutal","url":"https:\/\/nembutalboutique.com\/","logo":{"@type":"ImageObject","inLanguage":"es","@id":"https:\/\/nembutalboutique.com\/#\/schema\/logo\/image\/","url":"https:\/\/nembutalboutique.com\/wp-content\/uploads\/2024\/01\/logo.png","contentUrl":"https:\/\/nembutalboutique.com\/wp-content\/uploads\/2024\/01\/logo.png","width":494,"height":121,"caption":"Nembutal Boutique"},"image":{"@id":"https:\/\/nembutalboutique.com\/#\/schema\/logo\/image\/"}}]}},"_links":{"self":[{"href":"https:\/\/nembutalboutique.com\/es\/wp-json\/wp\/v2\/product\/3291"}],"collection":[{"href":"https:\/\/nembutalboutique.com\/es\/wp-json\/wp\/v2\/product"}],"about":[{"href":"https:\/\/nembutalboutique.com\/es\/wp-json\/wp\/v2\/types\/product"}],"replies":[{"embeddable":true,"href":"https:\/\/nembutalboutique.com\/es\/wp-json\/wp\/v2\/comments?post=3291"}],"wp:featuredmedia":[{"embeddable":true,"href":"https:\/\/nembutalboutique.com\/es\/wp-json\/wp\/v2\/media\/3313"}],"wp:attachment":[{"href":"https:\/\/nembutalboutique.com\/es\/wp-json\/wp\/v2\/media?parent=3291"}],"wp:term":[{"taxonomy":"product_brand","embeddable":true,"href":"https:\/\/nembutalboutique.com\/es\/wp-json\/wp\/v2\/product_brand?post=3291"},{"taxonomy":"product_cat","embeddable":true,"href":"https:\/\/nembutalboutique.com\/es\/wp-json\/wp\/v2\/product_cat?post=3291"},{"taxonomy":"product_tag","embeddable":true,"href":"https:\/\/nembutalboutique.com\/es\/wp-json\/wp\/v2\/product_tag?post=3291"}],"curies":[{"name":"wp","href":"https:\/\/api.w.org\/{rel}","templated":true}]}}