{"id":3231,"date":"2024-09-16T08:16:07","date_gmt":"2024-09-16T08:16:07","guid":{"rendered":"https:\/\/nembutalboutique.com\/?post_type=product&#038;p=3231"},"modified":"2024-09-24T08:08:15","modified_gmt":"2024-09-24T08:08:15","slug":"mam-2201","status":"publish","type":"product","link":"https:\/\/nembutalboutique.com\/es\/producto\/comprar-mam-2201\/","title":{"rendered":"MAM-2201"},"content":{"rendered":"<h2>Comprar MAM-2201 en l\u00ednea<\/h2>\n<p>MAM-2201 Kaufen El producto <a href=\"https:\/\/nembutalboutique.com\/produit\/mam-2201\/\">MAM-2201<\/a> se ha creado y probado de acuerdo con la norma ISO17025:2005 y la Gu\u00eda 34:2009.<br \/>\nEste producto est\u00e1 destinado a servir como patr\u00f3n de referencia anal\u00edtica.<\/p>\n<p>El contenido masivo est\u00e1 disponible para estudios acad\u00e9micos en universidades acreditadas; p\u00f3ngase en contacto con nuestro departamento de ventas para cualquier consulta sobre precios.<\/p>\n<p>El potente cannabinoide sint\u00e9tico AM2201 (Art.-Nr. 10707) se une a los receptores CB1 y CB2 con gran afinidad (Ki = 1,0 bzw. 2,6 nM).1 <a href=\"https:\/\/en.wikipedia.org\/wiki\/MAM-2201\">MAM2201<\/a> es un an\u00e1logo del AM2201 en el que la posici\u00f3n 4 est\u00e1 metilada en el grupo naftilo. Se desconocen las caracter\u00edsticas fisiol\u00f3gicas y toxicol\u00f3gicas de esta combinaci\u00f3n. Este producto est\u00e1 destinado a su uso en contextos forenses y de investigaci\u00f3n.<\/p>\n<p>Este producto cumple los requisitos de fabricaci\u00f3n y ensayo de la norma ISO17025, lo que lo convierte en un material de referencia cualificado (MR). as\u00ed como los productos de referencia de Leitfaden 34. Para garantizar la repetibilidad de las mediciones, estos materiales se analizar\u00e1n mediante t\u00e9cnicas anal\u00edticas aprobadas utilizando equipos certificados. Aqu\u00ed, los MR que puedan encontrarse pueden recuperarse utilizando el n\u00famero de carga que figura en la etiqueta del producto y pueden comprobarse sus certificados de autenticidad. Para obtener una copia oficial del certificado de autenticidad, p\u00f3ngase en contacto con nuestro servicio de asistencia t\u00e9cnica.<\/p>\n<p>Desde nuestra fundaci\u00f3n, hemos crecido para satisfacer mejor las necesidades de nuestros clientes. Nuestro campo de especializaci\u00f3n se ha ampliado para incluir el desarrollo de normas de an\u00e1lisis precl\u00ednico y la creaci\u00f3n de normas de an\u00e1lisis forense,<\/p>\n<p>Servicios expertos en investigaci\u00f3n, fabricaci\u00f3n de productos farmac\u00e9uticos, financiaci\u00f3n de la investigaci\u00f3n, apoyo a la participaci\u00f3n comunitaria y mucho m\u00e1s. A pesar de todo lo que nos ha pasado, nos hemos mantenido fieles a nuestras ra\u00edces. y a nuestros objetivos originales, que eran apoyar a la comunidad investigadora y proporcionar art\u00edculos de alta calidad a un precio razonable.<\/p>\n<p>El mejor lugar para obtener productos qu\u00edmicos de investigaci\u00f3n y equiparse con materiales de vanguardia para sus proyectos es NembuKauFlog. Necesita un proveedor de confianza que le proporcione productos qu\u00edmicos 100 % aut\u00e9nticos y puros. Trabajar con nosotros le convencer\u00e1 de ello. Estamos muy orgullosos de habernos ganado la reputaci\u00f3n de ser uno de los proveedores m\u00e1s reputados del sector gracias a nuestra dedicaci\u00f3n a la calidad y la integridad cient\u00edfica, como demuestran nuestras compras de MAM-2201.<\/p>\n<p>Se desconocen las caracter\u00edsticas fisiol\u00f3gicas y toxicol\u00f3gicas del MAM2201. Los cannabinoides sint\u00e9ticos como el MAM-2201 pueden tener una gran afinidad por los receptores cannabinoides CB1 y CB2 perif\u00e9ricos.<\/p>\n<h3>\u00bfC\u00f3mo puedo comprar MAM-2201 online?<\/h3>\n<p>\u00bfEst\u00e1 tratando de encontrar un lugar para comprar MAM-2201 en l\u00ednea? Nembutalboutique le ofrece la oportunidad de comprar mam2201 online sin encontrar dificultades ni costes inesperados. Trabajamos incansablemente para asegurar que cada vez que pida mam2201 online en nuestra tienda de Productos Qu\u00edmicos de Investigaci\u00f3n, ahorre dinero. Nuestro objetivo en Chemicals Lab es dar a nuestros clientes m\u00e1s por menos.<\/p>","protected":false},"excerpt":{"rendered":"<p>Acheter MAM-2201 en ligne MAM-2201 Kaufen Le produit MAM-2201 a \u00e9t\u00e9 cr\u00e9\u00e9 et test\u00e9 conform\u00e9ment aux sp\u00e9cifications ISO17025:2005 et Guide 34:2009. Ce produit a pour but de servir de norme de r\u00e9f\u00e9rence analytique. La teneur en masse est disponible pour des \u00e9tudes universitaires dans des universit\u00e9s accr\u00e9dit\u00e9es ; veuillez contacter notre service commercial pour toute [&hellip;]<\/p>","protected":false},"featured_media":3249,"comment_status":"open","ping_status":"closed","template":"","meta":{"_joinchat":[]},"product_brand":[],"product_cat":[386],"product_tag":[],"class_list":{"0":"post-3231","1":"product","2":"type-product","3":"status-publish","4":"has-post-thumbnail","6":"product_cat-cannabinoids","8":"first","9":"instock","10":"shipping-taxable","11":"purchasable","12":"product-type-variable"},"yoast_head":"<!-- This site is optimized with the Yoast SEO plugin v23.5 - https:\/\/yoast.com\/wordpress\/plugins\/seo\/ -->\n<title>Achetez MAM-2201 en ligne - MAM-2201 \u00e0 vendre<\/title>\n<meta name=\"description\" content=\"Vous souhaitez acheter de la poudre MAM-2201 en ligne ? D\u00e9couvrez une plateforme transparente sur notre boutique en ligne o\u00f9 vous pouvez acheter de la poudre MAM-2201, garantissant une qualit\u00e9 de premier ordre pour vos besoins de recherche.\" \/>\n<meta name=\"robots\" content=\"index, follow, max-snippet:-1, max-image-preview:large, max-video-preview:-1\" \/>\n<link rel=\"canonical\" href=\"https:\/\/nembutalboutique.com\/es\/producto\/comprar-mam-2201\/\" \/>\n<meta property=\"og:locale\" content=\"es_ES\" \/>\n<meta property=\"og:type\" content=\"article\" \/>\n<meta property=\"og:title\" content=\"Achetez MAM-2201 en ligne - MAM-2201 \u00e0 vendre\" \/>\n<meta property=\"og:description\" content=\"Vous souhaitez acheter de la poudre MAM-2201 en ligne ? D\u00e9couvrez une plateforme transparente sur notre boutique en ligne o\u00f9 vous pouvez acheter de la poudre MAM-2201, garantissant une qualit\u00e9 de premier ordre pour vos besoins de recherche.\" \/>\n<meta property=\"og:url\" content=\"https:\/\/nembutalboutique.com\/es\/producto\/comprar-mam-2201\/\" \/>\n<meta property=\"og:site_name\" content=\"Nembutal Boutique\" \/>\n<meta property=\"article:modified_time\" content=\"2024-09-24T08:08:15+00:00\" \/>\n<meta property=\"og:image\" content=\"https:\/\/nembutalboutique.com\/wp-content\/uploads\/2024\/09\/MAM-2201.gif\" \/>\n\t<meta property=\"og:image:width\" content=\"600\" \/>\n\t<meta property=\"og:image:height\" content=\"600\" \/>\n\t<meta property=\"og:image:type\" content=\"image\/gif\" \/>\n<meta name=\"twitter:card\" content=\"summary_large_image\" \/>\n<meta name=\"twitter:label1\" content=\"Tiempo de lectura\" \/>\n\t<meta name=\"twitter:data1\" content=\"3 minutos\" \/>\n<script type=\"application\/ld+json\" class=\"yoast-schema-graph\">{\"@context\":\"https:\/\/schema.org\",\"@graph\":[{\"@type\":\"WebPage\",\"@id\":\"https:\/\/nembutalboutique.com\/produit\/mam-2201\/\",\"url\":\"https:\/\/nembutalboutique.com\/produit\/mam-2201\/\",\"name\":\"Achetez MAM-2201 en ligne - MAM-2201 \u00e0 vendre\",\"isPartOf\":{\"@id\":\"https:\/\/nembutalboutique.com\/#website\"},\"primaryImageOfPage\":{\"@id\":\"https:\/\/nembutalboutique.com\/produit\/mam-2201\/#primaryimage\"},\"image\":{\"@id\":\"https:\/\/nembutalboutique.com\/produit\/mam-2201\/#primaryimage\"},\"thumbnailUrl\":\"https:\/\/nembutalboutique.com\/wp-content\/uploads\/2024\/09\/MAM-2201.gif\",\"datePublished\":\"2024-09-16T08:16:07+00:00\",\"dateModified\":\"2024-09-24T08:08:15+00:00\",\"description\":\"Vous souhaitez acheter de la poudre MAM-2201 en ligne ? D\u00e9couvrez une plateforme transparente sur notre boutique en ligne o\u00f9 vous pouvez acheter de la poudre MAM-2201, garantissant une qualit\u00e9 de premier ordre pour vos besoins de recherche.\",\"breadcrumb\":{\"@id\":\"https:\/\/nembutalboutique.com\/produit\/mam-2201\/#breadcrumb\"},\"inLanguage\":\"es\",\"potentialAction\":[{\"@type\":\"ReadAction\",\"target\":[\"https:\/\/nembutalboutique.com\/produit\/mam-2201\/\"]}]},{\"@type\":\"ImageObject\",\"inLanguage\":\"es\",\"@id\":\"https:\/\/nembutalboutique.com\/produit\/mam-2201\/#primaryimage\",\"url\":\"https:\/\/nembutalboutique.com\/wp-content\/uploads\/2024\/09\/MAM-2201.gif\",\"contentUrl\":\"https:\/\/nembutalboutique.com\/wp-content\/uploads\/2024\/09\/MAM-2201.gif\",\"width\":600,\"height\":600,\"caption\":\"EBK Kristall\"},{\"@type\":\"BreadcrumbList\",\"@id\":\"https:\/\/nembutalboutique.com\/produit\/mam-2201\/#breadcrumb\",\"itemListElement\":[{\"@type\":\"ListItem\",\"position\":1,\"name\":\"Home\",\"item\":\"https:\/\/nembutalboutique.com\/\"},{\"@type\":\"ListItem\",\"position\":2,\"name\":\"Boutique\",\"item\":\"https:\/\/nembutalboutique.com\/shop\/\"},{\"@type\":\"ListItem\",\"position\":3,\"name\":\"MAM-2201\"}]},{\"@type\":\"WebSite\",\"@id\":\"https:\/\/nembutalboutique.com\/#website\",\"url\":\"https:\/\/nembutalboutique.com\/\",\"name\":\"Nembutal Boutique\",\"description\":\"My WordPress Blog\",\"publisher\":{\"@id\":\"https:\/\/nembutalboutique.com\/#organization\"},\"potentialAction\":[{\"@type\":\"SearchAction\",\"target\":{\"@type\":\"EntryPoint\",\"urlTemplate\":\"https:\/\/nembutalboutique.com\/?s={search_term_string}\"},\"query-input\":{\"@type\":\"PropertyValueSpecification\",\"valueRequired\":true,\"valueName\":\"search_term_string\"}}],\"inLanguage\":\"es\"},{\"@type\":\"Organization\",\"@id\":\"https:\/\/nembutalboutique.com\/#organization\",\"name\":\"Nembutal Boutique\",\"url\":\"https:\/\/nembutalboutique.com\/\",\"logo\":{\"@type\":\"ImageObject\",\"inLanguage\":\"es\",\"@id\":\"https:\/\/nembutalboutique.com\/#\/schema\/logo\/image\/\",\"url\":\"https:\/\/nembutalboutique.com\/wp-content\/uploads\/2024\/01\/logo.png\",\"contentUrl\":\"https:\/\/nembutalboutique.com\/wp-content\/uploads\/2024\/01\/logo.png\",\"width\":494,\"height\":121,\"caption\":\"Nembutal Boutique\"},\"image\":{\"@id\":\"https:\/\/nembutalboutique.com\/#\/schema\/logo\/image\/\"}}]}<\/script>\n<!-- \/ Yoast SEO plugin. -->","yoast_head_json":{"title":"Comprar MAM-2201 online - MAM-2201 en venta","description":"\u00bfDesea comprar MAM-2201 en polvo online? Descubra una plataforma transparente en nuestra tienda online donde podr\u00e1 comprar MAM-2201 en polvo, garantizando la m\u00e1xima calidad para sus necesidades de investigaci\u00f3n.","robots":{"index":"index","follow":"follow","max-snippet":"max-snippet:-1","max-image-preview":"max-image-preview:large","max-video-preview":"max-video-preview:-1"},"canonical":"https:\/\/nembutalboutique.com\/es\/producto\/comprar-mam-2201\/","og_locale":"es_ES","og_type":"article","og_title":"Achetez MAM-2201 en ligne - MAM-2201 \u00e0 vendre","og_description":"Vous souhaitez acheter de la poudre MAM-2201 en ligne ? D\u00e9couvrez une plateforme transparente sur notre boutique en ligne o\u00f9 vous pouvez acheter de la poudre MAM-2201, garantissant une qualit\u00e9 de premier ordre pour vos besoins de recherche.","og_url":"https:\/\/nembutalboutique.com\/es\/producto\/comprar-mam-2201\/","og_site_name":"Nembutal Boutique","article_modified_time":"2024-09-24T08:08:15+00:00","og_image":[{"width":600,"height":600,"url":"https:\/\/nembutalboutique.com\/wp-content\/uploads\/2024\/09\/MAM-2201.gif","type":"image\/gif"}],"twitter_card":"summary_large_image","twitter_misc":{"Tiempo de lectura":"3 minutos"},"schema":{"@context":"https:\/\/schema.org","@graph":[{"@type":"WebPage","@id":"https:\/\/nembutalboutique.com\/produit\/mam-2201\/","url":"https:\/\/nembutalboutique.com\/produit\/mam-2201\/","name":"Comprar MAM-2201 online - MAM-2201 en venta","isPartOf":{"@id":"https:\/\/nembutalboutique.com\/#website"},"primaryImageOfPage":{"@id":"https:\/\/nembutalboutique.com\/produit\/mam-2201\/#primaryimage"},"image":{"@id":"https:\/\/nembutalboutique.com\/produit\/mam-2201\/#primaryimage"},"thumbnailUrl":"https:\/\/nembutalboutique.com\/wp-content\/uploads\/2024\/09\/MAM-2201.gif","datePublished":"2024-09-16T08:16:07+00:00","dateModified":"2024-09-24T08:08:15+00:00","description":"\u00bfDesea comprar MAM-2201 en polvo online? Descubra una plataforma transparente en nuestra tienda online donde podr\u00e1 comprar MAM-2201 en polvo, garantizando la m\u00e1xima calidad para sus necesidades de investigaci\u00f3n.","breadcrumb":{"@id":"https:\/\/nembutalboutique.com\/produit\/mam-2201\/#breadcrumb"},"inLanguage":"es","potentialAction":[{"@type":"ReadAction","target":["https:\/\/nembutalboutique.com\/produit\/mam-2201\/"]}]},{"@type":"ImageObject","inLanguage":"es","@id":"https:\/\/nembutalboutique.com\/produit\/mam-2201\/#primaryimage","url":"https:\/\/nembutalboutique.com\/wp-content\/uploads\/2024\/09\/MAM-2201.gif","contentUrl":"https:\/\/nembutalboutique.com\/wp-content\/uploads\/2024\/09\/MAM-2201.gif","width":600,"height":600,"caption":"EBK Kristall"},{"@type":"BreadcrumbList","@id":"https:\/\/nembutalboutique.com\/produit\/mam-2201\/#breadcrumb","itemListElement":[{"@type":"ListItem","position":1,"name":"Home","item":"https:\/\/nembutalboutique.com\/"},{"@type":"ListItem","position":2,"name":"Boutique","item":"https:\/\/nembutalboutique.com\/shop\/"},{"@type":"ListItem","position":3,"name":"MAM-2201"}]},{"@type":"WebSite","@id":"https:\/\/nembutalboutique.com\/#website","url":"https:\/\/nembutalboutique.com\/","name":"Boutique Nembutal","description":"Mi blog de WordPress","publisher":{"@id":"https:\/\/nembutalboutique.com\/#organization"},"potentialAction":[{"@type":"SearchAction","target":{"@type":"EntryPoint","urlTemplate":"https:\/\/nembutalboutique.com\/?s={search_term_string}"},"query-input":{"@type":"PropertyValueSpecification","valueRequired":true,"valueName":"search_term_string"}}],"inLanguage":"es"},{"@type":"Organization","@id":"https:\/\/nembutalboutique.com\/#organization","name":"Boutique Nembutal","url":"https:\/\/nembutalboutique.com\/","logo":{"@type":"ImageObject","inLanguage":"es","@id":"https:\/\/nembutalboutique.com\/#\/schema\/logo\/image\/","url":"https:\/\/nembutalboutique.com\/wp-content\/uploads\/2024\/01\/logo.png","contentUrl":"https:\/\/nembutalboutique.com\/wp-content\/uploads\/2024\/01\/logo.png","width":494,"height":121,"caption":"Nembutal Boutique"},"image":{"@id":"https:\/\/nembutalboutique.com\/#\/schema\/logo\/image\/"}}]}},"_links":{"self":[{"href":"https:\/\/nembutalboutique.com\/es\/wp-json\/wp\/v2\/product\/3231"}],"collection":[{"href":"https:\/\/nembutalboutique.com\/es\/wp-json\/wp\/v2\/product"}],"about":[{"href":"https:\/\/nembutalboutique.com\/es\/wp-json\/wp\/v2\/types\/product"}],"replies":[{"embeddable":true,"href":"https:\/\/nembutalboutique.com\/es\/wp-json\/wp\/v2\/comments?post=3231"}],"wp:featuredmedia":[{"embeddable":true,"href":"https:\/\/nembutalboutique.com\/es\/wp-json\/wp\/v2\/media\/3249"}],"wp:attachment":[{"href":"https:\/\/nembutalboutique.com\/es\/wp-json\/wp\/v2\/media?parent=3231"}],"wp:term":[{"taxonomy":"product_brand","embeddable":true,"href":"https:\/\/nembutalboutique.com\/es\/wp-json\/wp\/v2\/product_brand?post=3231"},{"taxonomy":"product_cat","embeddable":true,"href":"https:\/\/nembutalboutique.com\/es\/wp-json\/wp\/v2\/product_cat?post=3231"},{"taxonomy":"product_tag","embeddable":true,"href":"https:\/\/nembutalboutique.com\/es\/wp-json\/wp\/v2\/product_tag?post=3231"}],"curies":[{"name":"wp","href":"https:\/\/api.w.org\/{rel}","templated":true}]}}