{"id":3226,"date":"2024-09-16T08:16:06","date_gmt":"2024-09-16T08:16:06","guid":{"rendered":"https:\/\/nembutalboutique.com\/?post_type=product&#038;p=3226"},"modified":"2024-09-20T09:31:29","modified_gmt":"2024-09-20T09:31:29","slug":"ab-chminaca","status":"publish","type":"product","link":"https:\/\/nembutalboutique.com\/es\/producto\/comprar-en-chminaca\/","title":{"rendered":"AB-CHMINACA"},"content":{"rendered":"<h2>Comprar AB-CHMINACA online<\/h2>\n<p>AB-CHMINACA, un cannabinoide (CB) sint\u00e9tico a base de indazol, con una afinidad diez veces mayor (Ki = 0,9 nM) por el receptor CB1 primario que JWH 018.<\/p>\n<p>La AB-CHMINACA fue producida originalmente por Pfizer, Inc. como un potente y eficaz modulador del receptor CB1 con potenciales aplicaciones m\u00e9dicas. Sin embargo, no se descubri\u00f3 hasta hace poco en preparados vegetales cuyo uso estaba prohibido con AB-PINACA.<\/p>\n<p>La similitud estructural entre <a href=\"https:\/\/nembutalboutique.com\/produit\/ab-chminaca\/\">AB-CHMINACA<\/a> y AB-FUBINACA es que esta \u00faltima contiene un grupo ciclohexilo en lugar de un grupo 4-fluorofenilo. No se han determinado las propiedades f\u00edsicas o toxicol\u00f3gicas de la sustancia. El producto se ha desarrollado para aplicaciones forenses y de investigaci\u00f3n.<\/p>\n<p>Puede encontrar este excelente producto qu\u00edmico de investigaci\u00f3n en nuestro laboratorio. Al realizar su pedido, le garantizamos que recibir\u00e1 un producto qu\u00edmico de investigaci\u00f3n de alta calidad para el fin de investigaci\u00f3n previsto.<br \/>\n\u00a1Comprar AB-CHMINACA en Buyen Nembutal porque la calidad importa!<\/p>\n<p>Comprar AB-CHMINACA en l\u00ednea de las mejores empresas qu\u00edmicas europeas Fabricado profesionalmente con al menos 98 % + Reinheit garantizado. \u00a1Proporcionamos un COA de cada carga producida qu\u00edmicamente durante nuestra investigaci\u00f3n!<\/p>\n<h3>Materiales en AB-CHMINACA<\/h3>\n<p>contiene un m\u00ednimo de 98 % + reinen <a href=\"https:\/\/en.wikipedia.org\/wiki\/AB-CHMINACA\">AB-CHMINACA<\/a> por unidad de control.<\/p>\n<h3>Posolog\u00eda de AB-CHMINACA<\/h3>\n<p>No existe una dosis recomendada, ya que la AB-CHMINACA s\u00f3lo se vende para su uso en la investigaci\u00f3n qu\u00edmica cient\u00edfica y no est\u00e1 destinada al consumo humano.<\/p>\n<p>Efectos de la AB-CHMINACA: Los efectos cl\u00ednicos de la mayor\u00eda de las nuevas drogas sint\u00e9ticas, incluida la AB-CHMINACA, pueden clasificarse como alucin\u00f3genos, estimulantes u opi\u00e1ceos. Es m\u00e1s, se obtiene una combinaci\u00f3n de estos efectos con la sustituci\u00f3n de sidekettes sint\u00e9ticos.<\/p>\n<h3>Efectos indeseables de AB-CHMINACA<\/h3>\n<p>\u00a1Al igual que otras drogas sint\u00e9ticas, el uso de AB-CHMINACA puede tener efectos secundarios graves, la sustancia no ha sido cl\u00ednicamente probado o aprobado en modo alguno como un producto para el profesional! \u00a1Por esta raz\u00f3n, AB-CHMINACA s\u00f3lo est\u00e1 destinado a la investigaci\u00f3n cient\u00edfica y no para uso humano!<\/p>\n<h3>Reconocido como: Ahorro gracias a ABC-CHMINACA<\/h3>\n<p>Almacenar AB-CHMINACA a menos de 30 grados Celsius. Conservar AB-CHMINACA en su envase original, al abrigo de la luz solar directa y de la humedad.<\/p>","protected":false},"excerpt":{"rendered":"<p>Acheter AB-CHMINACA en ligne AB-CHMINACA, un cannabino\u00efde synth\u00e9tique (CB) \u00e0 base d&rsquo;indazole, avec une affinit\u00e9 dix fois plus \u00e9lev\u00e9e (Ki = 0,9 nM) pour le r\u00e9cepteur CB1 primaire que JWH 018. AB-CHMINACA a \u00e9t\u00e9 initialement produit par Pfizer, Inc. comme un modulateur puissant et efficace du r\u00e9cepteur CB1 avec des applications m\u00e9dicales potentielles. Cependant, il [&hellip;]<\/p>","protected":false},"featured_media":3244,"comment_status":"open","ping_status":"closed","template":"","meta":{"_joinchat":[]},"product_brand":[],"product_cat":[386,385],"product_tag":[],"class_list":{"0":"post-3226","1":"product","2":"type-product","3":"status-publish","4":"has-post-thumbnail","6":"product_cat-cannabinoids","7":"product_cat-forschung-schemikalien","9":"first","10":"instock","11":"shipping-taxable","12":"purchasable","13":"product-type-variable"},"yoast_head":"<!-- This site is optimized with the Yoast SEO plugin v23.5 - https:\/\/yoast.com\/wordpress\/plugins\/seo\/ -->\n<title>Achetez AB-Chminaca en ligne - AB-Chminaca \u00e0 vendre<\/title>\n<meta name=\"description\" content=\"Vous pouvez acheter AB-Chminaca dans notre boutique en ligne et le recevoir \u00e0 votre porte sans aucun probl\u00e8me. Nous vous aidons \u00e0 acheter AB-Chminaca en ligne. Passez simplement votre commande maintenant !\" \/>\n<meta name=\"robots\" content=\"index, follow, max-snippet:-1, max-image-preview:large, max-video-preview:-1\" \/>\n<link rel=\"canonical\" href=\"https:\/\/nembutalboutique.com\/es\/producto\/comprar-en-chminaca\/\" \/>\n<meta property=\"og:locale\" content=\"es_ES\" \/>\n<meta property=\"og:type\" content=\"article\" \/>\n<meta property=\"og:title\" content=\"Achetez AB-Chminaca en ligne - AB-Chminaca \u00e0 vendre\" \/>\n<meta property=\"og:description\" content=\"Vous pouvez acheter AB-Chminaca dans notre boutique en ligne et le recevoir \u00e0 votre porte sans aucun probl\u00e8me. Nous vous aidons \u00e0 acheter AB-Chminaca en ligne. Passez simplement votre commande maintenant !\" \/>\n<meta property=\"og:url\" content=\"https:\/\/nembutalboutique.com\/es\/producto\/comprar-en-chminaca\/\" \/>\n<meta property=\"og:site_name\" content=\"Nembutal Boutique\" \/>\n<meta property=\"article:modified_time\" content=\"2024-09-20T09:31:29+00:00\" \/>\n<meta property=\"og:image\" content=\"https:\/\/nembutalboutique.com\/wp-content\/uploads\/2024\/09\/AB-CHMINACA.gif\" \/>\n\t<meta property=\"og:image:width\" content=\"600\" \/>\n\t<meta property=\"og:image:height\" content=\"600\" \/>\n\t<meta property=\"og:image:type\" content=\"image\/gif\" \/>\n<meta name=\"twitter:card\" content=\"summary_large_image\" \/>\n<meta name=\"twitter:label1\" content=\"Tiempo de lectura\" \/>\n\t<meta name=\"twitter:data1\" content=\"2 minutos\" \/>\n<script type=\"application\/ld+json\" class=\"yoast-schema-graph\">{\"@context\":\"https:\/\/schema.org\",\"@graph\":[{\"@type\":\"WebPage\",\"@id\":\"https:\/\/nembutalboutique.com\/produit\/ab-chminaca\/\",\"url\":\"https:\/\/nembutalboutique.com\/produit\/ab-chminaca\/\",\"name\":\"Achetez AB-Chminaca en ligne - AB-Chminaca \u00e0 vendre\",\"isPartOf\":{\"@id\":\"https:\/\/nembutalboutique.com\/#website\"},\"primaryImageOfPage\":{\"@id\":\"https:\/\/nembutalboutique.com\/produit\/ab-chminaca\/#primaryimage\"},\"image\":{\"@id\":\"https:\/\/nembutalboutique.com\/produit\/ab-chminaca\/#primaryimage\"},\"thumbnailUrl\":\"https:\/\/nembutalboutique.com\/wp-content\/uploads\/2024\/09\/AB-CHMINACA.gif\",\"datePublished\":\"2024-09-16T08:16:06+00:00\",\"dateModified\":\"2024-09-20T09:31:29+00:00\",\"description\":\"Vous pouvez acheter AB-Chminaca dans notre boutique en ligne et le recevoir \u00e0 votre porte sans aucun probl\u00e8me. Nous vous aidons \u00e0 acheter AB-Chminaca en ligne. Passez simplement votre commande maintenant !\",\"breadcrumb\":{\"@id\":\"https:\/\/nembutalboutique.com\/produit\/ab-chminaca\/#breadcrumb\"},\"inLanguage\":\"es\",\"potentialAction\":[{\"@type\":\"ReadAction\",\"target\":[\"https:\/\/nembutalboutique.com\/produit\/ab-chminaca\/\"]}]},{\"@type\":\"ImageObject\",\"inLanguage\":\"es\",\"@id\":\"https:\/\/nembutalboutique.com\/produit\/ab-chminaca\/#primaryimage\",\"url\":\"https:\/\/nembutalboutique.com\/wp-content\/uploads\/2024\/09\/AB-CHMINACA.gif\",\"contentUrl\":\"https:\/\/nembutalboutique.com\/wp-content\/uploads\/2024\/09\/AB-CHMINACA.gif\",\"width\":600,\"height\":600,\"caption\":\"Acheter AB-CHMINACA.gif\"},{\"@type\":\"BreadcrumbList\",\"@id\":\"https:\/\/nembutalboutique.com\/produit\/ab-chminaca\/#breadcrumb\",\"itemListElement\":[{\"@type\":\"ListItem\",\"position\":1,\"name\":\"Home\",\"item\":\"https:\/\/nembutalboutique.com\/\"},{\"@type\":\"ListItem\",\"position\":2,\"name\":\"Boutique\",\"item\":\"https:\/\/nembutalboutique.com\/shop\/\"},{\"@type\":\"ListItem\",\"position\":3,\"name\":\"AB-CHMINACA\"}]},{\"@type\":\"WebSite\",\"@id\":\"https:\/\/nembutalboutique.com\/#website\",\"url\":\"https:\/\/nembutalboutique.com\/\",\"name\":\"Nembutal Boutique\",\"description\":\"My WordPress Blog\",\"publisher\":{\"@id\":\"https:\/\/nembutalboutique.com\/#organization\"},\"potentialAction\":[{\"@type\":\"SearchAction\",\"target\":{\"@type\":\"EntryPoint\",\"urlTemplate\":\"https:\/\/nembutalboutique.com\/?s={search_term_string}\"},\"query-input\":{\"@type\":\"PropertyValueSpecification\",\"valueRequired\":true,\"valueName\":\"search_term_string\"}}],\"inLanguage\":\"es\"},{\"@type\":\"Organization\",\"@id\":\"https:\/\/nembutalboutique.com\/#organization\",\"name\":\"Nembutal Boutique\",\"url\":\"https:\/\/nembutalboutique.com\/\",\"logo\":{\"@type\":\"ImageObject\",\"inLanguage\":\"es\",\"@id\":\"https:\/\/nembutalboutique.com\/#\/schema\/logo\/image\/\",\"url\":\"https:\/\/nembutalboutique.com\/wp-content\/uploads\/2024\/01\/logo.png\",\"contentUrl\":\"https:\/\/nembutalboutique.com\/wp-content\/uploads\/2024\/01\/logo.png\",\"width\":494,\"height\":121,\"caption\":\"Nembutal Boutique\"},\"image\":{\"@id\":\"https:\/\/nembutalboutique.com\/#\/schema\/logo\/image\/\"}}]}<\/script>\n<!-- \/ Yoast SEO plugin. -->","yoast_head_json":{"title":"Comprar AB-Chminaca online - Venta de AB-Chminaca","description":"Puede comprar AB-Chminaca en nuestra tienda en l\u00ednea y recibirlo en su domicilio sin problemas. Le ayudaremos a comprar AB-Chminaca online. \u00a1Simplemente haga su pedido ahora!","robots":{"index":"index","follow":"follow","max-snippet":"max-snippet:-1","max-image-preview":"max-image-preview:large","max-video-preview":"max-video-preview:-1"},"canonical":"https:\/\/nembutalboutique.com\/es\/producto\/comprar-en-chminaca\/","og_locale":"es_ES","og_type":"article","og_title":"Achetez AB-Chminaca en ligne - AB-Chminaca \u00e0 vendre","og_description":"Vous pouvez acheter AB-Chminaca dans notre boutique en ligne et le recevoir \u00e0 votre porte sans aucun probl\u00e8me. Nous vous aidons \u00e0 acheter AB-Chminaca en ligne. Passez simplement votre commande maintenant !","og_url":"https:\/\/nembutalboutique.com\/es\/producto\/comprar-en-chminaca\/","og_site_name":"Nembutal Boutique","article_modified_time":"2024-09-20T09:31:29+00:00","og_image":[{"width":600,"height":600,"url":"https:\/\/nembutalboutique.com\/wp-content\/uploads\/2024\/09\/AB-CHMINACA.gif","type":"image\/gif"}],"twitter_card":"summary_large_image","twitter_misc":{"Tiempo de lectura":"2 minutos"},"schema":{"@context":"https:\/\/schema.org","@graph":[{"@type":"WebPage","@id":"https:\/\/nembutalboutique.com\/produit\/ab-chminaca\/","url":"https:\/\/nembutalboutique.com\/produit\/ab-chminaca\/","name":"Comprar AB-Chminaca online - Venta de AB-Chminaca","isPartOf":{"@id":"https:\/\/nembutalboutique.com\/#website"},"primaryImageOfPage":{"@id":"https:\/\/nembutalboutique.com\/produit\/ab-chminaca\/#primaryimage"},"image":{"@id":"https:\/\/nembutalboutique.com\/produit\/ab-chminaca\/#primaryimage"},"thumbnailUrl":"https:\/\/nembutalboutique.com\/wp-content\/uploads\/2024\/09\/AB-CHMINACA.gif","datePublished":"2024-09-16T08:16:06+00:00","dateModified":"2024-09-20T09:31:29+00:00","description":"Puede comprar AB-Chminaca en nuestra tienda en l\u00ednea y recibirlo en su domicilio sin problemas. Le ayudaremos a comprar AB-Chminaca online. \u00a1Simplemente haga su pedido ahora!","breadcrumb":{"@id":"https:\/\/nembutalboutique.com\/produit\/ab-chminaca\/#breadcrumb"},"inLanguage":"es","potentialAction":[{"@type":"ReadAction","target":["https:\/\/nembutalboutique.com\/produit\/ab-chminaca\/"]}]},{"@type":"ImageObject","inLanguage":"es","@id":"https:\/\/nembutalboutique.com\/produit\/ab-chminaca\/#primaryimage","url":"https:\/\/nembutalboutique.com\/wp-content\/uploads\/2024\/09\/AB-CHMINACA.gif","contentUrl":"https:\/\/nembutalboutique.com\/wp-content\/uploads\/2024\/09\/AB-CHMINACA.gif","width":600,"height":600,"caption":"Acheter AB-CHMINACA.gif"},{"@type":"BreadcrumbList","@id":"https:\/\/nembutalboutique.com\/produit\/ab-chminaca\/#breadcrumb","itemListElement":[{"@type":"ListItem","position":1,"name":"Home","item":"https:\/\/nembutalboutique.com\/"},{"@type":"ListItem","position":2,"name":"Boutique","item":"https:\/\/nembutalboutique.com\/shop\/"},{"@type":"ListItem","position":3,"name":"AB-CHMINACA"}]},{"@type":"WebSite","@id":"https:\/\/nembutalboutique.com\/#website","url":"https:\/\/nembutalboutique.com\/","name":"Boutique Nembutal","description":"Mi blog de WordPress","publisher":{"@id":"https:\/\/nembutalboutique.com\/#organization"},"potentialAction":[{"@type":"SearchAction","target":{"@type":"EntryPoint","urlTemplate":"https:\/\/nembutalboutique.com\/?s={search_term_string}"},"query-input":{"@type":"PropertyValueSpecification","valueRequired":true,"valueName":"search_term_string"}}],"inLanguage":"es"},{"@type":"Organization","@id":"https:\/\/nembutalboutique.com\/#organization","name":"Boutique Nembutal","url":"https:\/\/nembutalboutique.com\/","logo":{"@type":"ImageObject","inLanguage":"es","@id":"https:\/\/nembutalboutique.com\/#\/schema\/logo\/image\/","url":"https:\/\/nembutalboutique.com\/wp-content\/uploads\/2024\/01\/logo.png","contentUrl":"https:\/\/nembutalboutique.com\/wp-content\/uploads\/2024\/01\/logo.png","width":494,"height":121,"caption":"Nembutal Boutique"},"image":{"@id":"https:\/\/nembutalboutique.com\/#\/schema\/logo\/image\/"}}]}},"_links":{"self":[{"href":"https:\/\/nembutalboutique.com\/es\/wp-json\/wp\/v2\/product\/3226"}],"collection":[{"href":"https:\/\/nembutalboutique.com\/es\/wp-json\/wp\/v2\/product"}],"about":[{"href":"https:\/\/nembutalboutique.com\/es\/wp-json\/wp\/v2\/types\/product"}],"replies":[{"embeddable":true,"href":"https:\/\/nembutalboutique.com\/es\/wp-json\/wp\/v2\/comments?post=3226"}],"wp:featuredmedia":[{"embeddable":true,"href":"https:\/\/nembutalboutique.com\/es\/wp-json\/wp\/v2\/media\/3244"}],"wp:attachment":[{"href":"https:\/\/nembutalboutique.com\/es\/wp-json\/wp\/v2\/media?parent=3226"}],"wp:term":[{"taxonomy":"product_brand","embeddable":true,"href":"https:\/\/nembutalboutique.com\/es\/wp-json\/wp\/v2\/product_brand?post=3226"},{"taxonomy":"product_cat","embeddable":true,"href":"https:\/\/nembutalboutique.com\/es\/wp-json\/wp\/v2\/product_cat?post=3226"},{"taxonomy":"product_tag","embeddable":true,"href":"https:\/\/nembutalboutique.com\/es\/wp-json\/wp\/v2\/product_tag?post=3226"}],"curies":[{"name":"wp","href":"https:\/\/api.w.org\/{rel}","templated":true}]}}