{"id":3120,"date":"2024-09-16T08:15:14","date_gmt":"2024-09-16T08:15:14","guid":{"rendered":"https:\/\/nembutalboutique.com\/?post_type=product&#038;p=3120"},"modified":"2024-09-20T07:45:57","modified_gmt":"2024-09-20T07:45:57","slug":"25b-nbome","status":"publish","type":"product","link":"https:\/\/nembutalboutique.com\/es\/producto\/comprar-25b-nbome\/","title":{"rendered":"25B-NBOMe"},"content":{"rendered":"<h2>Para comprar 25B-NBOMe en l\u00ednea<\/h2>\n<p>Haz clic en este enlace y sigue los pasos. La fuente del 25B-NBOMe es la fenetilamina psicod\u00e9lica 2C-B, descubierta en 2004 por Ralf Heim en la Universidad Libre de Berl\u00edn. Para comprar <a href=\"https:\/\/nembutalboutique.com\/produit\/acheter-25b-nbome\/\">25B-NBOMe<\/a> en l\u00ednea, siga estos pasos.<\/p>\n<p>El Cimbi-36, tambi\u00e9n conocido como 2C-B-NBOMe o 25B-NBOMe, es una droga psicod\u00e9lica de reciente s\u00edntesis perteneciente a la clase qu\u00edmica de las fenetilaminas. Cuando se consume, tiene una serie de efectos psicod\u00e9licos desorientadores y visualmente abrumadores.<\/p>\n<p>25b Nbome para compras en l\u00ednea :<\/p>\n<p>El 2C-B, un psicod\u00e9lico inducido por la fenetilamina, es el origen de la abreviatura 25B-NBOMe, que significa 2C-B-NBOMe.<\/p>\n<p>Tiene potentes efectos agonistas parciales sobre el receptor 5-HT2A.<\/p>\n<p>Como es inocuo para la salud humana, la dosis es de s\u00f3lo un microgramo.<\/p>\n<p>Los informes anecd\u00f3ticos de los usuarios sugieren que el 25B-NBOMe es fiable. Con una dosis activa de s\u00f3lo 250-500 mcg, Bromo-DragonFLY es comparable a otros alucin\u00f3genos que contienen fenetilamina.<\/p>\n<p>Historia del uso humano antes de que se pusiera a la venta en l\u00ednea.<\/p>\n<p>Numerosos estudios tambi\u00e9n han puesto de relieve sus efectos imprevisibles y su relaci\u00f3n dosis\/sensibilidad incre\u00edblemente sensible.<\/p>\n<p>Por lo tanto, si decides consumir esta sustancia qu\u00edmica psicod\u00e9lica poco conocida y potencialmente letal, te recomendamos encarecidamente que procedas con precauci\u00f3n y sigas las instrucciones para minimizar los riesgos.<\/p>\n<p>Tambi\u00e9n conocido como cimbi-36 y 2c-b-nbome, el 25b-nbome es una nueva sustancia psicod\u00e9lica sint\u00e9tica derivada de la clase qu\u00edmica de las fenetilaminas que, cuando se administra, produce una variedad de efectos psicod\u00e9licos visualmente dominantes y estimulantes.<\/p>\n<p>El t\u00e9rmino 25b-nbome, abreviatura de 2c-b-nbome, es un derivado de la fenetilamina psicod\u00e9lica 2c-b. En 2004 naci\u00f3 Ralph Heim. descubierta en la Universidad Libre de Berl\u00edn. Funciona como un potente agonista parcial del receptor 5-HT2a. Se ha utilizado para medir la seguridad en humanos en estudios cl\u00ednicos a una dosis de tan s\u00f3lo un microgramo. Se descubri\u00f3 que esta dosis representa s\u00f3lo 1\/300 de la dosis a la que act\u00faan los alucin\u00f3genos humanos, y que la dosis considerada segura para los humanos ser\u00eda superada ampliamente por el consumidor recreativo.<\/p>\n<p>Los informes anecd\u00f3ticos de los usuarios sugieren que el <a href=\"https:\/\/en.wikipedia.org\/wiki\/25B-NBOMe\">25b-Nbome<\/a> es una hormona activa ya en dosis de 250 a 500 mcg, lo que la hace tan potente como otras hormonas extra\u00eddas de la fenetilamina, como la bromlibela. Cabe se\u00f1alar que los compuestos de la clase Nbome no son activos por v\u00eda oral, sino que deben tomarse por v\u00eda sublingual, lo que permite que la sustancia se absorba gradualmente en la boca y se asimile en un plazo de 15 a 30 minutos.<\/p>\n<p>Esta sustancia no se utiliz\u00f3 en humanos hasta 2010, cuando se vendi\u00f3 en l\u00ednea como droga sint\u00e9tica. Se sabe muy poco sobre las caracter\u00edsticas farmacol\u00f3gicas, el intercambio de drogas y la toxicidad de la 25b-Nbome en humanos. Muchos miembros de la epidemia de 25x-Nbome han sido hospitalizados y se han vinculado muertes a la epidemia. Combinado con la dosis altamente sensible y los efectos secundarios impredecibles, muchos informes tambi\u00e9n sugieren que puede ser muy dif\u00edcil utilizar esta sustancia de forma segura. Por lo tanto, si decides consumir esta sustancia psicod\u00e9lica poco conocida y potencialmente mortal, te recomendamos encarecidamente que lo hagas con la precauci\u00f3n y las t\u00e9cnicas de reducci\u00f3n de riesgos adecuadas.<br \/>\nQu\u00edmica<\/p>\n<p>La 25b-nbome, tambi\u00e9n conocida como 2c-b-nbome, es un derivado n-bencil derivado de la serotonina de las conocidas fenetilaminas sustituidas psicod\u00e9licas, 2c-b. La 25b-nbome es una fenetilamina sustituida con un bromato unido al \u00e1tomo de carbono r4 y dos grupos metoxi ch3o unidos a los carbonos r2 y r5. Su estructura difiere de la de la 2c-b por la sustituci\u00f3n de un grupo 2-metilbencilo (bome) por uno de los amino\u00e1cidos (nh2). Esta sustituci\u00f3n 2-metilbencilo es compartida por 25b-nbome con otros miembros de la familia qu\u00edmica nbome. Esta adici\u00f3n nbome comprende un ch3o-metoxi\u00e9ter, Kaufen 25B-NBOMe, que est\u00e1 unido a un anillo de benzol r2.<\/p>\n<h3>productos farmac\u00e9uticos<\/h3>\n<p>Eficaz en el receptor 5-HT2A, la 25b-nbome funciona como un potente agonista parcial. Sin embargo, sigue sin estar claro el papel de estas interacciones y c\u00f3mo contribuyen a la experiencia psicod\u00e9lica.<\/p>","protected":false},"excerpt":{"rendered":"<p>Pour acheter du 25B-NBOMe en ligne Cliquez sur ce lien et suivez les \u00e9tapes. La source de l&rsquo;achat en ligne de 25B-NBOMe est la ph\u00e9n\u00e9thylamine psych\u00e9d\u00e9lique 2C-B, d\u00e9couverte en 2004 par Ralf Heim \u00e0 l&rsquo;Universit\u00e9 libre de Berlin. Pour acheter du 25B-NBOMe en ligne, suivez ces \u00e9tapes. Le Cimbi-36, \u00e9galement connu sous le nom de [&hellip;]<\/p>","protected":false},"featured_media":3139,"comment_status":"open","ping_status":"closed","template":"","meta":{"_joinchat":[]},"product_brand":[],"product_cat":[385],"product_tag":[514,522,523,524,525,526,527,528],"class_list":{"0":"post-3120","1":"product","2":"type-product","3":"status-publish","4":"has-post-thumbnail","6":"product_cat-forschung-schemikalien","7":"product_tag-25b-nbome","8":"product_tag-25b-nbome-derivat","9":"product_tag-25b-nbome-gefahren","10":"product_tag-25b-nbome-todesfalle","11":"product_tag-25b-nbome-todliche-dosis","12":"product_tag-25b-nbome-vergiftung","13":"product_tag-25b-nbome-vorlaufer","14":"product_tag-ist-25b-nbome-todlich","16":"first","17":"instock","18":"shipping-taxable","19":"purchasable","20":"product-type-variable"},"yoast_head":"<!-- This site is optimized with the Yoast SEO plugin v23.5 - https:\/\/yoast.com\/wordpress\/plugins\/seo\/ -->\n<title>Achetez 25B-NBOME en ligne - 25B-NBOME \u00e0 vendre<\/title>\n<meta name=\"description\" content=\"Trouvez du 25B-NBOME premium \u00e0 vendre dans notre boutique en ligne, offrant une plate-forme s\u00e9curis\u00e9e pour acheter du 25B-NBOME en ligne en toute simplicit\u00e9, r\u00e9pondant \u00e0 vos besoins de recherche.\" \/>\n<meta name=\"robots\" content=\"index, follow, max-snippet:-1, max-image-preview:large, max-video-preview:-1\" \/>\n<link rel=\"canonical\" href=\"https:\/\/nembutalboutique.com\/es\/producto\/comprar-25b-nbome\/\" \/>\n<meta property=\"og:locale\" content=\"es_ES\" \/>\n<meta property=\"og:type\" content=\"article\" \/>\n<meta property=\"og:title\" content=\"Achetez 25B-NBOME en ligne - 25B-NBOME \u00e0 vendre\" \/>\n<meta property=\"og:description\" content=\"Trouvez du 25B-NBOME premium \u00e0 vendre dans notre boutique en ligne, offrant une plate-forme s\u00e9curis\u00e9e pour acheter du 25B-NBOME en ligne en toute simplicit\u00e9, r\u00e9pondant \u00e0 vos besoins de recherche.\" \/>\n<meta property=\"og:url\" content=\"https:\/\/nembutalboutique.com\/es\/producto\/comprar-25b-nbome\/\" \/>\n<meta property=\"og:site_name\" content=\"Nembutal Boutique\" \/>\n<meta property=\"article:modified_time\" content=\"2024-09-20T07:45:57+00:00\" \/>\n<meta property=\"og:image\" content=\"https:\/\/nembutalboutique.com\/wp-content\/uploads\/2024\/09\/25B-NBOMe.gif\" \/>\n\t<meta property=\"og:image:width\" content=\"600\" \/>\n\t<meta property=\"og:image:height\" content=\"600\" \/>\n\t<meta property=\"og:image:type\" content=\"image\/gif\" \/>\n<meta name=\"twitter:card\" content=\"summary_large_image\" \/>\n<meta name=\"twitter:label1\" content=\"Tiempo de lectura\" \/>\n\t<meta name=\"twitter:data1\" content=\"4 minutos\" \/>\n<script type=\"application\/ld+json\" class=\"yoast-schema-graph\">{\"@context\":\"https:\/\/schema.org\",\"@graph\":[{\"@type\":\"WebPage\",\"@id\":\"https:\/\/nembutalboutique.com\/produit\/25b-nbome\/\",\"url\":\"https:\/\/nembutalboutique.com\/produit\/25b-nbome\/\",\"name\":\"Achetez 25B-NBOME en ligne - 25B-NBOME \u00e0 vendre\",\"isPartOf\":{\"@id\":\"https:\/\/nembutalboutique.com\/#website\"},\"primaryImageOfPage\":{\"@id\":\"https:\/\/nembutalboutique.com\/produit\/25b-nbome\/#primaryimage\"},\"image\":{\"@id\":\"https:\/\/nembutalboutique.com\/produit\/25b-nbome\/#primaryimage\"},\"thumbnailUrl\":\"https:\/\/nembutalboutique.com\/wp-content\/uploads\/2024\/09\/25B-NBOMe.gif\",\"datePublished\":\"2024-09-16T08:15:14+00:00\",\"dateModified\":\"2024-09-20T07:45:57+00:00\",\"description\":\"Trouvez du 25B-NBOME premium \u00e0 vendre dans notre boutique en ligne, offrant une plate-forme s\u00e9curis\u00e9e pour acheter du 25B-NBOME en ligne en toute simplicit\u00e9, r\u00e9pondant \u00e0 vos besoins de recherche.\",\"breadcrumb\":{\"@id\":\"https:\/\/nembutalboutique.com\/produit\/25b-nbome\/#breadcrumb\"},\"inLanguage\":\"es\",\"potentialAction\":[{\"@type\":\"ReadAction\",\"target\":[\"https:\/\/nembutalboutique.com\/produit\/25b-nbome\/\"]}]},{\"@type\":\"ImageObject\",\"inLanguage\":\"es\",\"@id\":\"https:\/\/nembutalboutique.com\/produit\/25b-nbome\/#primaryimage\",\"url\":\"https:\/\/nembutalboutique.com\/wp-content\/uploads\/2024\/09\/25B-NBOMe.gif\",\"contentUrl\":\"https:\/\/nembutalboutique.com\/wp-content\/uploads\/2024\/09\/25B-NBOMe.gif\",\"width\":600,\"height\":600,\"caption\":\"Achetez 25B-NBOME\"},{\"@type\":\"BreadcrumbList\",\"@id\":\"https:\/\/nembutalboutique.com\/produit\/25b-nbome\/#breadcrumb\",\"itemListElement\":[{\"@type\":\"ListItem\",\"position\":1,\"name\":\"Home\",\"item\":\"https:\/\/nembutalboutique.com\/\"},{\"@type\":\"ListItem\",\"position\":2,\"name\":\"Boutique\",\"item\":\"https:\/\/nembutalboutique.com\/shop\/\"},{\"@type\":\"ListItem\",\"position\":3,\"name\":\"25B-NBOMe\"}]},{\"@type\":\"WebSite\",\"@id\":\"https:\/\/nembutalboutique.com\/#website\",\"url\":\"https:\/\/nembutalboutique.com\/\",\"name\":\"Nembutal Boutique\",\"description\":\"My WordPress Blog\",\"publisher\":{\"@id\":\"https:\/\/nembutalboutique.com\/#organization\"},\"potentialAction\":[{\"@type\":\"SearchAction\",\"target\":{\"@type\":\"EntryPoint\",\"urlTemplate\":\"https:\/\/nembutalboutique.com\/?s={search_term_string}\"},\"query-input\":{\"@type\":\"PropertyValueSpecification\",\"valueRequired\":true,\"valueName\":\"search_term_string\"}}],\"inLanguage\":\"es\"},{\"@type\":\"Organization\",\"@id\":\"https:\/\/nembutalboutique.com\/#organization\",\"name\":\"Nembutal Boutique\",\"url\":\"https:\/\/nembutalboutique.com\/\",\"logo\":{\"@type\":\"ImageObject\",\"inLanguage\":\"es\",\"@id\":\"https:\/\/nembutalboutique.com\/#\/schema\/logo\/image\/\",\"url\":\"https:\/\/nembutalboutique.com\/wp-content\/uploads\/2024\/01\/logo.png\",\"contentUrl\":\"https:\/\/nembutalboutique.com\/wp-content\/uploads\/2024\/01\/logo.png\",\"width\":494,\"height\":121,\"caption\":\"Nembutal Boutique\"},\"image\":{\"@id\":\"https:\/\/nembutalboutique.com\/#\/schema\/logo\/image\/\"}}]}<\/script>\n<!-- \/ Yoast SEO plugin. -->","yoast_head_json":{"title":"Comprar 25B-NBOME en l\u00ednea - 25B-NBOME en venta","description":"Encuentre 25B-NBOME de primera calidad a la venta en nuestra tienda en l\u00ednea, que ofrece una plataforma segura para comprar 25B-NBOME en l\u00ednea con facilidad, satisfaciendo sus necesidades de b\u00fasqueda.","robots":{"index":"index","follow":"follow","max-snippet":"max-snippet:-1","max-image-preview":"max-image-preview:large","max-video-preview":"max-video-preview:-1"},"canonical":"https:\/\/nembutalboutique.com\/es\/producto\/comprar-25b-nbome\/","og_locale":"es_ES","og_type":"article","og_title":"Achetez 25B-NBOME en ligne - 25B-NBOME \u00e0 vendre","og_description":"Trouvez du 25B-NBOME premium \u00e0 vendre dans notre boutique en ligne, offrant une plate-forme s\u00e9curis\u00e9e pour acheter du 25B-NBOME en ligne en toute simplicit\u00e9, r\u00e9pondant \u00e0 vos besoins de recherche.","og_url":"https:\/\/nembutalboutique.com\/es\/producto\/comprar-25b-nbome\/","og_site_name":"Nembutal Boutique","article_modified_time":"2024-09-20T07:45:57+00:00","og_image":[{"width":600,"height":600,"url":"https:\/\/nembutalboutique.com\/wp-content\/uploads\/2024\/09\/25B-NBOMe.gif","type":"image\/gif"}],"twitter_card":"summary_large_image","twitter_misc":{"Tiempo de lectura":"4 minutos"},"schema":{"@context":"https:\/\/schema.org","@graph":[{"@type":"WebPage","@id":"https:\/\/nembutalboutique.com\/produit\/25b-nbome\/","url":"https:\/\/nembutalboutique.com\/produit\/25b-nbome\/","name":"Comprar 25B-NBOME en l\u00ednea - 25B-NBOME en venta","isPartOf":{"@id":"https:\/\/nembutalboutique.com\/#website"},"primaryImageOfPage":{"@id":"https:\/\/nembutalboutique.com\/produit\/25b-nbome\/#primaryimage"},"image":{"@id":"https:\/\/nembutalboutique.com\/produit\/25b-nbome\/#primaryimage"},"thumbnailUrl":"https:\/\/nembutalboutique.com\/wp-content\/uploads\/2024\/09\/25B-NBOMe.gif","datePublished":"2024-09-16T08:15:14+00:00","dateModified":"2024-09-20T07:45:57+00:00","description":"Encuentre 25B-NBOME de primera calidad a la venta en nuestra tienda en l\u00ednea, que ofrece una plataforma segura para comprar 25B-NBOME en l\u00ednea con facilidad, satisfaciendo sus necesidades de b\u00fasqueda.","breadcrumb":{"@id":"https:\/\/nembutalboutique.com\/produit\/25b-nbome\/#breadcrumb"},"inLanguage":"es","potentialAction":[{"@type":"ReadAction","target":["https:\/\/nembutalboutique.com\/produit\/25b-nbome\/"]}]},{"@type":"ImageObject","inLanguage":"es","@id":"https:\/\/nembutalboutique.com\/produit\/25b-nbome\/#primaryimage","url":"https:\/\/nembutalboutique.com\/wp-content\/uploads\/2024\/09\/25B-NBOMe.gif","contentUrl":"https:\/\/nembutalboutique.com\/wp-content\/uploads\/2024\/09\/25B-NBOMe.gif","width":600,"height":600,"caption":"Achetez 25B-NBOME"},{"@type":"BreadcrumbList","@id":"https:\/\/nembutalboutique.com\/produit\/25b-nbome\/#breadcrumb","itemListElement":[{"@type":"ListItem","position":1,"name":"Home","item":"https:\/\/nembutalboutique.com\/"},{"@type":"ListItem","position":2,"name":"Boutique","item":"https:\/\/nembutalboutique.com\/shop\/"},{"@type":"ListItem","position":3,"name":"25B-NBOMe"}]},{"@type":"WebSite","@id":"https:\/\/nembutalboutique.com\/#website","url":"https:\/\/nembutalboutique.com\/","name":"Boutique Nembutal","description":"Mi blog de WordPress","publisher":{"@id":"https:\/\/nembutalboutique.com\/#organization"},"potentialAction":[{"@type":"SearchAction","target":{"@type":"EntryPoint","urlTemplate":"https:\/\/nembutalboutique.com\/?s={search_term_string}"},"query-input":{"@type":"PropertyValueSpecification","valueRequired":true,"valueName":"search_term_string"}}],"inLanguage":"es"},{"@type":"Organization","@id":"https:\/\/nembutalboutique.com\/#organization","name":"Boutique Nembutal","url":"https:\/\/nembutalboutique.com\/","logo":{"@type":"ImageObject","inLanguage":"es","@id":"https:\/\/nembutalboutique.com\/#\/schema\/logo\/image\/","url":"https:\/\/nembutalboutique.com\/wp-content\/uploads\/2024\/01\/logo.png","contentUrl":"https:\/\/nembutalboutique.com\/wp-content\/uploads\/2024\/01\/logo.png","width":494,"height":121,"caption":"Nembutal Boutique"},"image":{"@id":"https:\/\/nembutalboutique.com\/#\/schema\/logo\/image\/"}}]}},"_links":{"self":[{"href":"https:\/\/nembutalboutique.com\/es\/wp-json\/wp\/v2\/product\/3120"}],"collection":[{"href":"https:\/\/nembutalboutique.com\/es\/wp-json\/wp\/v2\/product"}],"about":[{"href":"https:\/\/nembutalboutique.com\/es\/wp-json\/wp\/v2\/types\/product"}],"replies":[{"embeddable":true,"href":"https:\/\/nembutalboutique.com\/es\/wp-json\/wp\/v2\/comments?post=3120"}],"wp:featuredmedia":[{"embeddable":true,"href":"https:\/\/nembutalboutique.com\/es\/wp-json\/wp\/v2\/media\/3139"}],"wp:attachment":[{"href":"https:\/\/nembutalboutique.com\/es\/wp-json\/wp\/v2\/media?parent=3120"}],"wp:term":[{"taxonomy":"product_brand","embeddable":true,"href":"https:\/\/nembutalboutique.com\/es\/wp-json\/wp\/v2\/product_brand?post=3120"},{"taxonomy":"product_cat","embeddable":true,"href":"https:\/\/nembutalboutique.com\/es\/wp-json\/wp\/v2\/product_cat?post=3120"},{"taxonomy":"product_tag","embeddable":true,"href":"https:\/\/nembutalboutique.com\/es\/wp-json\/wp\/v2\/product_tag?post=3120"}],"curies":[{"name":"wp","href":"https:\/\/api.w.org\/{rel}","templated":true}]}}