{"id":3062,"date":"2024-09-16T08:14:38","date_gmt":"2024-09-16T08:14:38","guid":{"rendered":"https:\/\/nembutalboutique.com\/?post_type=product&#038;p=3062"},"modified":"2024-09-20T09:49:49","modified_gmt":"2024-09-20T09:49:49","slug":"25i-nbome","status":"publish","type":"product","link":"https:\/\/nembutalboutique.com\/es\/producto\/comprar-25i-nbome-online\/","title":{"rendered":"25i-NBOMe"},"content":{"rendered":"<h2>Comprar un 25i-NBOMe en l\u00ednea.<\/h2>\n<p>Este drag\u00f3n alucin\u00f3geno, el <a href=\"https:\/\/nembutalboutique.com\/produit\/25i-nbome\/\">25i-NBOMe<\/a>Es completamente legal, pertenece a la familia de sustancias 2C y puede utilizarse f\u00e1cilmente con LSD. Compra 25i-NBOMe ahora. Esta sustancia qu\u00edmica s\u00f3lo necesita una peque\u00f1a cantidad para producir un efecto incre\u00edblemente potente, y esta peque\u00f1a cantidad se puede utilizar para crear una amplia gama de dosis. Prueba a experimentar con 200 a 600 microgramos; si esa resulta ser la cantidad adecuada para ti, deber\u00eda ser todo lo que necesitas para obtener una respuesta. Los efectos de la 25i-NBOMe duran de seis a diez horas y ofrecen una gran variedad de beneficios. Comprar 25i-NBOMe te proporcionar\u00e1 una sensaci\u00f3n agradable y feliz en todo el cuerpo y te proporcionar\u00e1 im\u00e1genes alucin\u00f3genas similares a las del LSD pero ligeramente menos intensas. bastante graves. Puede mejorar dr\u00e1sticamente tu estado de \u00e1nimo \u00a1e incluso cambiar tu forma de ver los colores!<\/p>\n<p>Desde este punto de vista, parece ser un excelente tratamiento para la depresi\u00f3n leve. Adem\u00e1s, estimula los niveles mental y f\u00edsico y fomenta el pensamiento anal\u00edtico y creativo. Incluso se dice que cambia la forma de percibir la m\u00fasica, d\u00e1ndote la capacidad de conectar con tus canciones favoritas a un nivel completamente nuevo. Adem\u00e1s, <a href=\"https:\/\/en.wikipedia.org\/wiki\/25I-NBOMe\">25i-NBOMe<\/a> aumenta considerablemente sus sentimientos de sensibilidad y felicidad.<\/p>\n<p>Sorprendentemente, tambi\u00e9n tiene una vida media f\u00edsica de unas dos semanas. As\u00ed que ten cuidado al decidir cu\u00e1nto tomar y con qu\u00e9 frecuencia, o no obtendr\u00e1s los mismos efectos espectaculares (o tendr\u00e1s que usar mucho m\u00e1s). Puede que te sorprenda si quieres comprar 25i-NBOMe para inspirarte o si simplemente quieres divertirte un poco despu\u00e9s de un d\u00eda estresante. En cualquier caso, es seguro, legal y entretenido para personas de todas las edades.<\/p>\n<p>Merkmale<\/p>\n<p>Este producto ha sido fabricado y probado de acuerdo con la norma ISO17025:2005 y la Gu\u00eda 34:2009.<\/p>\n<p>Este producto est\u00e1 destinado a utilizarse como patr\u00f3n de referencia anal\u00edtico.<\/p>\n<p>Las universidades subvencionables disponen de equipamiento b\u00e1sico para la investigaci\u00f3n universitaria;<\/p>\n<p>Otras palabras<br \/>\n2C-I-NBOMe Aunque la expresi\u00f3n del receptor de serotonina-2A (5-HT2A) es baja en muchas otras \u00e1reas cerebrales, est\u00e1 altamente expresado en la corteza frontal. Se ha relacionado con la funci\u00f3n cognitiva, los trastornos afectivos, incluida la esquizofrenia, y la memoria de trabajo, y se ha demostrado que modera los principales efectos secundarios de los f\u00e1rmacos inductores de alucinaciones. El 25I-NBOMe, un derivado de la fenetilamina-haluzin\u00f3geno 2C-I, tiene un valor Ki de 0,0444 nM, lo que lo convierte en 16 veces m\u00e1s potente que el 2C-I y en un antagonista muy eficaz del receptor 5-HT2A humano.1,2 Se ha podido cartografiar la localizaci\u00f3n de los receptores 5-HT2A en el cerebro utilizando una versi\u00f3n marcada radiactivamente del 25I-NBOMe.2,3<\/p>\n<p>Este producto cumple los requisitos de fabricaci\u00f3n y ensayo de la norma ISO 17025 y la Gu\u00eda 34, lo que lo convierte en un material de referencia cualificado (QRM). Para examinar estos materiales se utilizan t\u00e9cnicas anal\u00edticas verificadas. T\u00e9cnicas con equipos certificados para aumentar la trazabilidad de los mensajes. Utilizando el n\u00famero de lote indicado en el producto, puede descargar a continuaci\u00f3n todos los MR recuperables. Pueden identificarse por su CofA. P\u00f3ngase en contacto con nuestro servicio de asistencia t\u00e9cnica para obtener un CofA representativo.<\/p>","protected":false},"excerpt":{"rendered":"<p>Achetez un 25i-NBOMe en ligne. Ce dragon hallucinog\u00e8ne, le 25i-NBOMe, est totalement l\u00e9gal, fait partie de la famille des substances 2C et peut \u00eatre facilement utilis\u00e9 avec le LSD. Achetez le 25i-NBOMe maintenant. Ce produit chimique n&rsquo;a besoin que d&rsquo;une petite quantit\u00e9 pour produire un effet incroyablement puissant, et cette petite quantit\u00e9 peut \u00eatre utilis\u00e9e [&hellip;]<\/p>","protected":false},"featured_media":3077,"comment_status":"open","ping_status":"closed","template":"","meta":{"_joinchat":[]},"product_brand":[],"product_cat":[385],"product_tag":[],"class_list":{"0":"post-3062","1":"product","2":"type-product","3":"status-publish","4":"has-post-thumbnail","6":"product_cat-forschung-schemikalien","8":"first","9":"instock","10":"shipping-taxable","11":"purchasable","12":"product-type-variable"},"yoast_head":"<!-- This site is optimized with the Yoast SEO plugin v23.5 - https:\/\/yoast.com\/wordpress\/plugins\/seo\/ -->\n<title>Achetez 25i-NBOME en ligne - 25i-NBOME \u00e0 vendre<\/title>\n<meta name=\"description\" content=\"D\u00e9couvrez le 25i-NBOME de premier ordre en vente dans notre boutique en ligne - achetez le 25i-NBOME de mani\u00e8re pratique et s\u00e9curis\u00e9e pour alimenter vos recherches. Explorez et achetez le 25i-NBOME en ligne, pour faire progresser vos efforts scientifiques en toute simplicit\u00e9. Commandez maintenant !\" \/>\n<meta name=\"robots\" content=\"index, follow, max-snippet:-1, max-image-preview:large, max-video-preview:-1\" \/>\n<link rel=\"canonical\" href=\"https:\/\/nembutalboutique.com\/es\/producto\/comprar-25i-nbome-online\/\" \/>\n<meta property=\"og:locale\" content=\"es_ES\" \/>\n<meta property=\"og:type\" content=\"article\" \/>\n<meta property=\"og:title\" content=\"Achetez 25i-NBOME en ligne - 25i-NBOME \u00e0 vendre\" \/>\n<meta property=\"og:description\" content=\"D\u00e9couvrez le 25i-NBOME de premier ordre en vente dans notre boutique en ligne - achetez le 25i-NBOME de mani\u00e8re pratique et s\u00e9curis\u00e9e pour alimenter vos recherches. Explorez et achetez le 25i-NBOME en ligne, pour faire progresser vos efforts scientifiques en toute simplicit\u00e9. Commandez maintenant !\" \/>\n<meta property=\"og:url\" content=\"https:\/\/nembutalboutique.com\/es\/producto\/comprar-25i-nbome-online\/\" \/>\n<meta property=\"og:site_name\" content=\"Nembutal Boutique\" \/>\n<meta property=\"article:modified_time\" content=\"2024-09-20T09:49:49+00:00\" \/>\n<meta property=\"og:image\" content=\"https:\/\/nembutalboutique.com\/wp-content\/uploads\/2024\/09\/25i-NBOMe.gif\" \/>\n\t<meta property=\"og:image:width\" content=\"600\" \/>\n\t<meta property=\"og:image:height\" content=\"600\" \/>\n\t<meta property=\"og:image:type\" content=\"image\/gif\" \/>\n<meta name=\"twitter:card\" content=\"summary_large_image\" \/>\n<meta name=\"twitter:label1\" content=\"Tiempo de lectura\" \/>\n\t<meta name=\"twitter:data1\" content=\"3 minutos\" \/>\n<script type=\"application\/ld+json\" class=\"yoast-schema-graph\">{\"@context\":\"https:\/\/schema.org\",\"@graph\":[{\"@type\":\"WebPage\",\"@id\":\"https:\/\/nembutalboutique.com\/produit\/25i-nbome\/\",\"url\":\"https:\/\/nembutalboutique.com\/produit\/25i-nbome\/\",\"name\":\"Achetez 25i-NBOME en ligne - 25i-NBOME \u00e0 vendre\",\"isPartOf\":{\"@id\":\"https:\/\/nembutalboutique.com\/#website\"},\"primaryImageOfPage\":{\"@id\":\"https:\/\/nembutalboutique.com\/produit\/25i-nbome\/#primaryimage\"},\"image\":{\"@id\":\"https:\/\/nembutalboutique.com\/produit\/25i-nbome\/#primaryimage\"},\"thumbnailUrl\":\"https:\/\/nembutalboutique.com\/wp-content\/uploads\/2024\/09\/25i-NBOMe.gif\",\"datePublished\":\"2024-09-16T08:14:38+00:00\",\"dateModified\":\"2024-09-20T09:49:49+00:00\",\"description\":\"D\u00e9couvrez le 25i-NBOME de premier ordre en vente dans notre boutique en ligne - achetez le 25i-NBOME de mani\u00e8re pratique et s\u00e9curis\u00e9e pour alimenter vos recherches. Explorez et achetez le 25i-NBOME en ligne, pour faire progresser vos efforts scientifiques en toute simplicit\u00e9. Commandez maintenant !\",\"breadcrumb\":{\"@id\":\"https:\/\/nembutalboutique.com\/produit\/25i-nbome\/#breadcrumb\"},\"inLanguage\":\"es\",\"potentialAction\":[{\"@type\":\"ReadAction\",\"target\":[\"https:\/\/nembutalboutique.com\/produit\/25i-nbome\/\"]}]},{\"@type\":\"ImageObject\",\"inLanguage\":\"es\",\"@id\":\"https:\/\/nembutalboutique.com\/produit\/25i-nbome\/#primaryimage\",\"url\":\"https:\/\/nembutalboutique.com\/wp-content\/uploads\/2024\/09\/25i-NBOMe.gif\",\"contentUrl\":\"https:\/\/nembutalboutique.com\/wp-content\/uploads\/2024\/09\/25i-NBOMe.gif\",\"width\":600,\"height\":600,\"caption\":\"Achetez 25i-NBOME\"},{\"@type\":\"BreadcrumbList\",\"@id\":\"https:\/\/nembutalboutique.com\/produit\/25i-nbome\/#breadcrumb\",\"itemListElement\":[{\"@type\":\"ListItem\",\"position\":1,\"name\":\"Home\",\"item\":\"https:\/\/nembutalboutique.com\/\"},{\"@type\":\"ListItem\",\"position\":2,\"name\":\"Boutique\",\"item\":\"https:\/\/nembutalboutique.com\/shop\/\"},{\"@type\":\"ListItem\",\"position\":3,\"name\":\"25i-NBOMe\"}]},{\"@type\":\"WebSite\",\"@id\":\"https:\/\/nembutalboutique.com\/#website\",\"url\":\"https:\/\/nembutalboutique.com\/\",\"name\":\"Nembutal Boutique\",\"description\":\"My WordPress Blog\",\"publisher\":{\"@id\":\"https:\/\/nembutalboutique.com\/#organization\"},\"potentialAction\":[{\"@type\":\"SearchAction\",\"target\":{\"@type\":\"EntryPoint\",\"urlTemplate\":\"https:\/\/nembutalboutique.com\/?s={search_term_string}\"},\"query-input\":{\"@type\":\"PropertyValueSpecification\",\"valueRequired\":true,\"valueName\":\"search_term_string\"}}],\"inLanguage\":\"es\"},{\"@type\":\"Organization\",\"@id\":\"https:\/\/nembutalboutique.com\/#organization\",\"name\":\"Nembutal Boutique\",\"url\":\"https:\/\/nembutalboutique.com\/\",\"logo\":{\"@type\":\"ImageObject\",\"inLanguage\":\"es\",\"@id\":\"https:\/\/nembutalboutique.com\/#\/schema\/logo\/image\/\",\"url\":\"https:\/\/nembutalboutique.com\/wp-content\/uploads\/2024\/01\/logo.png\",\"contentUrl\":\"https:\/\/nembutalboutique.com\/wp-content\/uploads\/2024\/01\/logo.png\",\"width\":494,\"height\":121,\"caption\":\"Nembutal Boutique\"},\"image\":{\"@id\":\"https:\/\/nembutalboutique.com\/#\/schema\/logo\/image\/\"}}]}<\/script>\n<!-- \/ Yoast SEO plugin. -->","yoast_head_json":{"title":"Comprar 25i-NBOME en l\u00ednea - 25i-NBOME en venta","description":"Descubra la 25i-NBOME de primera calidad a la venta en nuestra tienda online - compre 25i-NBOME de forma c\u00f3moda y segura para impulsar su investigaci\u00f3n. Explore y compre 25i-NBOME en l\u00ednea, para avanzar en sus esfuerzos cient\u00edficos con facilidad. \u00a1Haga su pedido ahora!","robots":{"index":"index","follow":"follow","max-snippet":"max-snippet:-1","max-image-preview":"max-image-preview:large","max-video-preview":"max-video-preview:-1"},"canonical":"https:\/\/nembutalboutique.com\/es\/producto\/comprar-25i-nbome-online\/","og_locale":"es_ES","og_type":"article","og_title":"Achetez 25i-NBOME en ligne - 25i-NBOME \u00e0 vendre","og_description":"D\u00e9couvrez le 25i-NBOME de premier ordre en vente dans notre boutique en ligne - achetez le 25i-NBOME de mani\u00e8re pratique et s\u00e9curis\u00e9e pour alimenter vos recherches. Explorez et achetez le 25i-NBOME en ligne, pour faire progresser vos efforts scientifiques en toute simplicit\u00e9. Commandez maintenant !","og_url":"https:\/\/nembutalboutique.com\/es\/producto\/comprar-25i-nbome-online\/","og_site_name":"Nembutal Boutique","article_modified_time":"2024-09-20T09:49:49+00:00","og_image":[{"width":600,"height":600,"url":"https:\/\/nembutalboutique.com\/wp-content\/uploads\/2024\/09\/25i-NBOMe.gif","type":"image\/gif"}],"twitter_card":"summary_large_image","twitter_misc":{"Tiempo de lectura":"3 minutos"},"schema":{"@context":"https:\/\/schema.org","@graph":[{"@type":"WebPage","@id":"https:\/\/nembutalboutique.com\/produit\/25i-nbome\/","url":"https:\/\/nembutalboutique.com\/produit\/25i-nbome\/","name":"Comprar 25i-NBOME en l\u00ednea - 25i-NBOME en venta","isPartOf":{"@id":"https:\/\/nembutalboutique.com\/#website"},"primaryImageOfPage":{"@id":"https:\/\/nembutalboutique.com\/produit\/25i-nbome\/#primaryimage"},"image":{"@id":"https:\/\/nembutalboutique.com\/produit\/25i-nbome\/#primaryimage"},"thumbnailUrl":"https:\/\/nembutalboutique.com\/wp-content\/uploads\/2024\/09\/25i-NBOMe.gif","datePublished":"2024-09-16T08:14:38+00:00","dateModified":"2024-09-20T09:49:49+00:00","description":"Descubra la 25i-NBOME de primera calidad a la venta en nuestra tienda online - compre 25i-NBOME de forma c\u00f3moda y segura para impulsar su investigaci\u00f3n. Explore y compre 25i-NBOME en l\u00ednea, para avanzar en sus esfuerzos cient\u00edficos con facilidad. \u00a1Haga su pedido ahora!","breadcrumb":{"@id":"https:\/\/nembutalboutique.com\/produit\/25i-nbome\/#breadcrumb"},"inLanguage":"es","potentialAction":[{"@type":"ReadAction","target":["https:\/\/nembutalboutique.com\/produit\/25i-nbome\/"]}]},{"@type":"ImageObject","inLanguage":"es","@id":"https:\/\/nembutalboutique.com\/produit\/25i-nbome\/#primaryimage","url":"https:\/\/nembutalboutique.com\/wp-content\/uploads\/2024\/09\/25i-NBOMe.gif","contentUrl":"https:\/\/nembutalboutique.com\/wp-content\/uploads\/2024\/09\/25i-NBOMe.gif","width":600,"height":600,"caption":"Achetez 25i-NBOME"},{"@type":"BreadcrumbList","@id":"https:\/\/nembutalboutique.com\/produit\/25i-nbome\/#breadcrumb","itemListElement":[{"@type":"ListItem","position":1,"name":"Home","item":"https:\/\/nembutalboutique.com\/"},{"@type":"ListItem","position":2,"name":"Boutique","item":"https:\/\/nembutalboutique.com\/shop\/"},{"@type":"ListItem","position":3,"name":"25i-NBOMe"}]},{"@type":"WebSite","@id":"https:\/\/nembutalboutique.com\/#website","url":"https:\/\/nembutalboutique.com\/","name":"Boutique Nembutal","description":"Mi blog de WordPress","publisher":{"@id":"https:\/\/nembutalboutique.com\/#organization"},"potentialAction":[{"@type":"SearchAction","target":{"@type":"EntryPoint","urlTemplate":"https:\/\/nembutalboutique.com\/?s={search_term_string}"},"query-input":{"@type":"PropertyValueSpecification","valueRequired":true,"valueName":"search_term_string"}}],"inLanguage":"es"},{"@type":"Organization","@id":"https:\/\/nembutalboutique.com\/#organization","name":"Boutique Nembutal","url":"https:\/\/nembutalboutique.com\/","logo":{"@type":"ImageObject","inLanguage":"es","@id":"https:\/\/nembutalboutique.com\/#\/schema\/logo\/image\/","url":"https:\/\/nembutalboutique.com\/wp-content\/uploads\/2024\/01\/logo.png","contentUrl":"https:\/\/nembutalboutique.com\/wp-content\/uploads\/2024\/01\/logo.png","width":494,"height":121,"caption":"Nembutal Boutique"},"image":{"@id":"https:\/\/nembutalboutique.com\/#\/schema\/logo\/image\/"}}]}},"_links":{"self":[{"href":"https:\/\/nembutalboutique.com\/es\/wp-json\/wp\/v2\/product\/3062"}],"collection":[{"href":"https:\/\/nembutalboutique.com\/es\/wp-json\/wp\/v2\/product"}],"about":[{"href":"https:\/\/nembutalboutique.com\/es\/wp-json\/wp\/v2\/types\/product"}],"replies":[{"embeddable":true,"href":"https:\/\/nembutalboutique.com\/es\/wp-json\/wp\/v2\/comments?post=3062"}],"wp:featuredmedia":[{"embeddable":true,"href":"https:\/\/nembutalboutique.com\/es\/wp-json\/wp\/v2\/media\/3077"}],"wp:attachment":[{"href":"https:\/\/nembutalboutique.com\/es\/wp-json\/wp\/v2\/media?parent=3062"}],"wp:term":[{"taxonomy":"product_brand","embeddable":true,"href":"https:\/\/nembutalboutique.com\/es\/wp-json\/wp\/v2\/product_brand?post=3062"},{"taxonomy":"product_cat","embeddable":true,"href":"https:\/\/nembutalboutique.com\/es\/wp-json\/wp\/v2\/product_cat?post=3062"},{"taxonomy":"product_tag","embeddable":true,"href":"https:\/\/nembutalboutique.com\/es\/wp-json\/wp\/v2\/product_tag?post=3062"}],"curies":[{"name":"wp","href":"https:\/\/api.w.org\/{rel}","templated":true}]}}