{"id":3060,"date":"2024-09-16T08:14:38","date_gmt":"2024-09-16T08:14:38","guid":{"rendered":"https:\/\/nembutalboutique.com\/?post_type=product&#038;p=3060"},"modified":"2024-09-20T09:48:08","modified_gmt":"2024-09-20T09:48:08","slug":"5-meo-mipt","status":"publish","type":"product","link":"https:\/\/nembutalboutique.com\/es\/producto\/comprar-5-meo-mipt-online\/","title":{"rendered":"5-MeO-MiPT"},"content":{"rendered":"<h2>Comprar 5-MeO-MiPT online.<\/h2>\n<p>5-MeO-MiPT COMPRAR DIRECTAMENTE<\/p>\n<p><a href=\"https:\/\/nembutalboutique.com\/produit\/5-meo-mipt\/\">5-MeO-MiPT<\/a> BUYER, tambi\u00e9n conocida como 5-metoxi-N-metil-N-isopropiltriptamina, es una tetraciclina y alucin\u00f3geno perteneciente a la familia de sustancias conocidas como triptaminas. A veces se la denomina \"Moxy\". Se refiere al conocido hom\u00f3logo alucin\u00f3geno N-metil-N-isopropil de la 5-MeO-DMT. Su estructura y farmacodin\u00e1mica son comparables a las drogas 5-MeO-DiPT, DiPT y MiPT.<\/p>\n<p>El uso de esta droga en humanos era desconocido hasta que su s\u00edntesis y farmacolog\u00eda fueron publicadas en el Journal of Medicinal Chemistry en 1985 por Repke, Grotjahn y Shulgin. Hoy en d\u00eda, se compra principalmente como herramienta de investigaci\u00f3n en la zona gris a vendedores en l\u00ednea y se utiliza como droga recreativa y enteog\u00e9nica. Rara vez se vende en la calle.<\/p>\n<p>El proceso que produce algo. Aunque existen otros mecanismos, como la disminuci\u00f3n de la MAO, se supone que la causa principal de los efectos alucin\u00f3genos y entact\u00f3genos del <a href=\"https:\/\/en.wikipedia.org\/wiki\/5-MeO-MiPT\">5-MeO-MiPT<\/a> es el agonismo del receptor 5-HT2A.<\/p>\n<p>A continuaci\u00f3n comenzar\u00e9 a desglosar y discutir la compleja y amplia gama de efectos que componen la experiencia 5-MeO-MiPT bas\u00e1ndome en el \u00edndice de efectos subjetivos potencialmente significativos proporcionado anteriormente, que puedes encontrar aqu\u00ed.<\/p>\n<p>Efectos en el organismo :<\/p>\n<p>Los tres componentes diferentes que conforman los efectos f\u00edsicos del 5-MeO-MIPT se hacen m\u00e1s fuertes con dosis m\u00e1s altas. Estos se explican a continuaci\u00f3n y generalmente consisten en :<br \/>\nExperiencias t\u00e1ctiles inesperadas El efecto corporal del 5-MeO se caracteriza por una brisa agradable, relajante, tranquilizadora y energizante. Adem\u00e1s, aparece un cuchillo fr\u00edo y afilado en varios momentos coincidentes durante su propio curso. Aunque tambi\u00e9n pueden existir otros mecanismos como la inhibici\u00f3n de la MAO, se cree que los efectos enteog\u00e9nicos y alucin\u00f3genos del 5-MeO-MiPT son la causa principal del efecto antagonista sobre el receptor 5-HT2A.<\/p>\n<p>Algunos pueden seguir sintiendo una presencia constante durante todo el viaje, que comienza al principio y culmina cuando alcanzan la cima.<\/p>\n<p>Estimulante y relajante a la vez: la 5-MeO-MIPT puede tener efectos tanto energizantes como calmantes sobre los niveles de energ\u00eda f\u00edsica del viajero. Los niveles de energ\u00eda f\u00edsica parecen seguir un patr\u00f3n ondulatorio inesperado. Esto parece depender principalmente del entorno y puede tener un efecto estimulante en actividades f\u00edsicamente exigentes como bailar o correr. Por el contrario, los entornos serenos, como las habitaciones poco iluminadas con muebles c\u00f3modos, pueden tener un efecto calmante, relajante e incluso ligeramente sedante.<br \/>\nInconvenientes: se trata de un efecto secundario frecuente que suele desaparecer cuando el paciente mejora. Tambi\u00e9n puede considerarse como una interrupci\u00f3n que provoca ansiedad. A diferencia de otros psicod\u00e9licos como la psilocina, el LSD y el 2C-E, la eficacia de esta droga puede considerarse muy distinta. Se dice que esta droga es mucho menos estimulante f\u00edsicamente y mucho menos propensa a causar reacciones f\u00edsicas desagradables, como el 5-MeO-DIPT.<\/p>\n<p>Efectos cognitivos: Muchas personas consideran que la regi\u00f3n cerebral de la 5-MeO-MIPT es completa, a veces tranquilizadora y a veces bastante perturbadora. Esta sustancia produce una cantidad significativa de los efectos cognitivos prolongados de los psicod\u00e9licos. En general, los resultados m\u00e1s notables son los siguientes: El componente de auto-observaci\u00f3n s\u00f3lo se hace evidente cuando el usuario est\u00e1 solo en un entorno privado de interacci\u00f3n social.<\/p>\n<p>La mejora de las emociones, la solidaridad, la fuerza, la sociabilidad y la empat\u00eda son caracter\u00edsticas que s\u00f3lo se manifiestan espor\u00e1dicamente en las relaciones sociales. Aunque estas emociones son algo m\u00e1s suaves y menos intensas que las inspiradas por drogas como la MDMA y la 2C-B, son sin embargo lo suficientemente fuertes como para tener un efecto terap\u00e9utico a largo plazo. Estas emociones incluyen la amabilidad, la aceptaci\u00f3n y la empat\u00eda.<\/p>\n<h3>\u00bfQu\u00e9 es el 5-MeO-MiPT?<\/h3>\n<p>La 5-Metoxi-N-metil-N-isopropiltriptamina, a veces llamada 5-MeO-MiPT o Moxy, es una sustancia psicod\u00e9lica perteneciente a la clase de las triptaminas. Desde que sus efectos han aumentado la libido y el placer sexual en los \u00faltimos a\u00f1os, se ha hecho cada vez m\u00e1s popular.<\/p>\n<p>El 5-MeO-MiPT est\u00e1 qu\u00edmicamente relacionado con las triptaminas 5-MeO-DMT y 5-MeO-DiPT. Sus efectos psicoactivos se producen por la activaci\u00f3n de los receptores de serotonina en el cerebro. La primera descripci\u00f3n de la s\u00edntesis y farmacolog\u00eda de la 5-MeO-MiPT fue publicada en 1985 por David Repke y Alexander Shulgin. Sus efectos en humanos se documentaron en el libro de Shulung TiHKAL (\"Tryptamine, that I know and find\").<\/p>\n<p>Propiedades qu\u00edmicas de la 5-MeO-MiPT La 5-MeO-MiPT es una mol\u00e9cula indolalcaloide sint\u00e9tica de la clase de las triptaminas. La triptamina forma parte de una estructura central consistente en un heterociclo de biciclina unido a un grupo amino R3.<\/p>","protected":false},"excerpt":{"rendered":"<p>Achetez 5-MeO-MiPT en ligne. 5-MeO-MiPT ACHETER DIRECTEMENT 5-MeO-MiPT ACHETER, \u00e9galement connu sous le nom de 5-m\u00e9thoxy-N-m\u00e9thyl-N-isopropyltryptamine, est une t\u00e9tracycline et un hallucinog\u00e8ne qui appartient \u00e0 la famille des substances appel\u00e9es tryptamines. On l&rsquo;appelle parfois \u00ab\u00a0Moxy\u00a0\u00bb. Cela fait r\u00e9f\u00e9rence \u00e0 l&rsquo;homologue hallucinog\u00e8ne bien connu N-m\u00e9thyl-N-isopropyl du 5-MeO-DMT. Sa structure et sa pharmacodynamique sont comparables aux m\u00e9dicaments [&hellip;]<\/p>","protected":false},"featured_media":3075,"comment_status":"open","ping_status":"closed","template":"","meta":{"_joinchat":[]},"product_brand":[],"product_cat":[385],"product_tag":[],"class_list":{"0":"post-3060","1":"product","2":"type-product","3":"status-publish","4":"has-post-thumbnail","6":"product_cat-forschung-schemikalien","8":"first","9":"instock","10":"shipping-taxable","11":"purchasable","12":"product-type-variable"},"yoast_head":"<!-- This site is optimized with the Yoast SEO plugin v23.5 - https:\/\/yoast.com\/wordpress\/plugins\/seo\/ -->\n<title>Achetez 5 Meo Mipt en ligne - 5 Meo Mipt \u00e0 vendre<\/title>\n<meta name=\"description\" content=\"Dans notre boutique Nembutal, vous pouvez obtenir 5 Meo Mipt en vente \u00e0 des prix avantageux. Nous ne traitons que des produits de qualit\u00e9 sup\u00e9rieure. Achetez 5 Meo Mipt en ligne dans notre boutique d\u00e8s maintenant. Passez votre commande tout de suite !\" \/>\n<meta name=\"robots\" content=\"index, follow, max-snippet:-1, max-image-preview:large, max-video-preview:-1\" \/>\n<link rel=\"canonical\" href=\"https:\/\/nembutalboutique.com\/es\/producto\/comprar-5-meo-mipt-online\/\" \/>\n<meta property=\"og:locale\" content=\"es_ES\" \/>\n<meta property=\"og:type\" content=\"article\" \/>\n<meta property=\"og:title\" content=\"Achetez 5 Meo Mipt en ligne - 5 Meo Mipt \u00e0 vendre\" \/>\n<meta property=\"og:description\" content=\"Dans notre boutique Nembutal, vous pouvez obtenir 5 Meo Mipt en vente \u00e0 des prix avantageux. Nous ne traitons que des produits de qualit\u00e9 sup\u00e9rieure. Achetez 5 Meo Mipt en ligne dans notre boutique d\u00e8s maintenant. Passez votre commande tout de suite !\" \/>\n<meta property=\"og:url\" content=\"https:\/\/nembutalboutique.com\/es\/producto\/comprar-5-meo-mipt-online\/\" \/>\n<meta property=\"og:site_name\" content=\"Nembutal Boutique\" \/>\n<meta property=\"article:modified_time\" content=\"2024-09-20T09:48:08+00:00\" \/>\n<meta property=\"og:image\" content=\"https:\/\/nembutalboutique.com\/wp-content\/uploads\/2024\/09\/5-MeO-MiPT.gif\" \/>\n\t<meta property=\"og:image:width\" content=\"600\" \/>\n\t<meta property=\"og:image:height\" content=\"600\" \/>\n\t<meta property=\"og:image:type\" content=\"image\/gif\" \/>\n<meta name=\"twitter:card\" content=\"summary_large_image\" \/>\n<meta name=\"twitter:label1\" content=\"Tiempo de lectura\" \/>\n\t<meta name=\"twitter:data1\" content=\"4 minutos\" \/>\n<script type=\"application\/ld+json\" class=\"yoast-schema-graph\">{\"@context\":\"https:\/\/schema.org\",\"@graph\":[{\"@type\":\"WebPage\",\"@id\":\"https:\/\/nembutalboutique.com\/produit\/5-meo-mipt\/\",\"url\":\"https:\/\/nembutalboutique.com\/produit\/5-meo-mipt\/\",\"name\":\"Achetez 5 Meo Mipt en ligne - 5 Meo Mipt \u00e0 vendre\",\"isPartOf\":{\"@id\":\"https:\/\/nembutalboutique.com\/#website\"},\"primaryImageOfPage\":{\"@id\":\"https:\/\/nembutalboutique.com\/produit\/5-meo-mipt\/#primaryimage\"},\"image\":{\"@id\":\"https:\/\/nembutalboutique.com\/produit\/5-meo-mipt\/#primaryimage\"},\"thumbnailUrl\":\"https:\/\/nembutalboutique.com\/wp-content\/uploads\/2024\/09\/5-MeO-MiPT.gif\",\"datePublished\":\"2024-09-16T08:14:38+00:00\",\"dateModified\":\"2024-09-20T09:48:08+00:00\",\"description\":\"Dans notre boutique Nembutal, vous pouvez obtenir 5 Meo Mipt en vente \u00e0 des prix avantageux. Nous ne traitons que des produits de qualit\u00e9 sup\u00e9rieure. Achetez 5 Meo Mipt en ligne dans notre boutique d\u00e8s maintenant. Passez votre commande tout de suite !\",\"breadcrumb\":{\"@id\":\"https:\/\/nembutalboutique.com\/produit\/5-meo-mipt\/#breadcrumb\"},\"inLanguage\":\"es\",\"potentialAction\":[{\"@type\":\"ReadAction\",\"target\":[\"https:\/\/nembutalboutique.com\/produit\/5-meo-mipt\/\"]}]},{\"@type\":\"ImageObject\",\"inLanguage\":\"es\",\"@id\":\"https:\/\/nembutalboutique.com\/produit\/5-meo-mipt\/#primaryimage\",\"url\":\"https:\/\/nembutalboutique.com\/wp-content\/uploads\/2024\/09\/5-MeO-MiPT.gif\",\"contentUrl\":\"https:\/\/nembutalboutique.com\/wp-content\/uploads\/2024\/09\/5-MeO-MiPT.gif\",\"width\":600,\"height\":600,\"caption\":\"Acheter 5-MeO-MiPT\"},{\"@type\":\"BreadcrumbList\",\"@id\":\"https:\/\/nembutalboutique.com\/produit\/5-meo-mipt\/#breadcrumb\",\"itemListElement\":[{\"@type\":\"ListItem\",\"position\":1,\"name\":\"Home\",\"item\":\"https:\/\/nembutalboutique.com\/\"},{\"@type\":\"ListItem\",\"position\":2,\"name\":\"Boutique\",\"item\":\"https:\/\/nembutalboutique.com\/shop\/\"},{\"@type\":\"ListItem\",\"position\":3,\"name\":\"5-MeO-MiPT\"}]},{\"@type\":\"WebSite\",\"@id\":\"https:\/\/nembutalboutique.com\/#website\",\"url\":\"https:\/\/nembutalboutique.com\/\",\"name\":\"Nembutal Boutique\",\"description\":\"My WordPress Blog\",\"publisher\":{\"@id\":\"https:\/\/nembutalboutique.com\/#organization\"},\"potentialAction\":[{\"@type\":\"SearchAction\",\"target\":{\"@type\":\"EntryPoint\",\"urlTemplate\":\"https:\/\/nembutalboutique.com\/?s={search_term_string}\"},\"query-input\":{\"@type\":\"PropertyValueSpecification\",\"valueRequired\":true,\"valueName\":\"search_term_string\"}}],\"inLanguage\":\"es\"},{\"@type\":\"Organization\",\"@id\":\"https:\/\/nembutalboutique.com\/#organization\",\"name\":\"Nembutal Boutique\",\"url\":\"https:\/\/nembutalboutique.com\/\",\"logo\":{\"@type\":\"ImageObject\",\"inLanguage\":\"es\",\"@id\":\"https:\/\/nembutalboutique.com\/#\/schema\/logo\/image\/\",\"url\":\"https:\/\/nembutalboutique.com\/wp-content\/uploads\/2024\/01\/logo.png\",\"contentUrl\":\"https:\/\/nembutalboutique.com\/wp-content\/uploads\/2024\/01\/logo.png\",\"width\":494,\"height\":121,\"caption\":\"Nembutal Boutique\"},\"image\":{\"@id\":\"https:\/\/nembutalboutique.com\/#\/schema\/logo\/image\/\"}}]}<\/script>\n<!-- \/ Yoast SEO plugin. -->","yoast_head_json":{"title":"Comprar 5 Meo Mipt online - Venta de 5 Meo Mipt","description":"En nuestra tienda Nembutal, puede conseguir 5 Meo Mipt en oferta a precios de ganga. S\u00f3lo vendemos productos de alta calidad. Compre 5 Meo Mipt online en nuestra tienda ahora. \u00a1Haga su pedido ahora!","robots":{"index":"index","follow":"follow","max-snippet":"max-snippet:-1","max-image-preview":"max-image-preview:large","max-video-preview":"max-video-preview:-1"},"canonical":"https:\/\/nembutalboutique.com\/es\/producto\/comprar-5-meo-mipt-online\/","og_locale":"es_ES","og_type":"article","og_title":"Achetez 5 Meo Mipt en ligne - 5 Meo Mipt \u00e0 vendre","og_description":"Dans notre boutique Nembutal, vous pouvez obtenir 5 Meo Mipt en vente \u00e0 des prix avantageux. Nous ne traitons que des produits de qualit\u00e9 sup\u00e9rieure. Achetez 5 Meo Mipt en ligne dans notre boutique d\u00e8s maintenant. Passez votre commande tout de suite !","og_url":"https:\/\/nembutalboutique.com\/es\/producto\/comprar-5-meo-mipt-online\/","og_site_name":"Nembutal Boutique","article_modified_time":"2024-09-20T09:48:08+00:00","og_image":[{"width":600,"height":600,"url":"https:\/\/nembutalboutique.com\/wp-content\/uploads\/2024\/09\/5-MeO-MiPT.gif","type":"image\/gif"}],"twitter_card":"summary_large_image","twitter_misc":{"Tiempo de lectura":"4 minutos"},"schema":{"@context":"https:\/\/schema.org","@graph":[{"@type":"WebPage","@id":"https:\/\/nembutalboutique.com\/produit\/5-meo-mipt\/","url":"https:\/\/nembutalboutique.com\/produit\/5-meo-mipt\/","name":"Comprar 5 Meo Mipt online - Venta de 5 Meo Mipt","isPartOf":{"@id":"https:\/\/nembutalboutique.com\/#website"},"primaryImageOfPage":{"@id":"https:\/\/nembutalboutique.com\/produit\/5-meo-mipt\/#primaryimage"},"image":{"@id":"https:\/\/nembutalboutique.com\/produit\/5-meo-mipt\/#primaryimage"},"thumbnailUrl":"https:\/\/nembutalboutique.com\/wp-content\/uploads\/2024\/09\/5-MeO-MiPT.gif","datePublished":"2024-09-16T08:14:38+00:00","dateModified":"2024-09-20T09:48:08+00:00","description":"En nuestra tienda Nembutal, puede conseguir 5 Meo Mipt en oferta a precios de ganga. S\u00f3lo vendemos productos de alta calidad. Compre 5 Meo Mipt online en nuestra tienda ahora. \u00a1Haga su pedido ahora!","breadcrumb":{"@id":"https:\/\/nembutalboutique.com\/produit\/5-meo-mipt\/#breadcrumb"},"inLanguage":"es","potentialAction":[{"@type":"ReadAction","target":["https:\/\/nembutalboutique.com\/produit\/5-meo-mipt\/"]}]},{"@type":"ImageObject","inLanguage":"es","@id":"https:\/\/nembutalboutique.com\/produit\/5-meo-mipt\/#primaryimage","url":"https:\/\/nembutalboutique.com\/wp-content\/uploads\/2024\/09\/5-MeO-MiPT.gif","contentUrl":"https:\/\/nembutalboutique.com\/wp-content\/uploads\/2024\/09\/5-MeO-MiPT.gif","width":600,"height":600,"caption":"Acheter 5-MeO-MiPT"},{"@type":"BreadcrumbList","@id":"https:\/\/nembutalboutique.com\/produit\/5-meo-mipt\/#breadcrumb","itemListElement":[{"@type":"ListItem","position":1,"name":"Home","item":"https:\/\/nembutalboutique.com\/"},{"@type":"ListItem","position":2,"name":"Boutique","item":"https:\/\/nembutalboutique.com\/shop\/"},{"@type":"ListItem","position":3,"name":"5-MeO-MiPT"}]},{"@type":"WebSite","@id":"https:\/\/nembutalboutique.com\/#website","url":"https:\/\/nembutalboutique.com\/","name":"Boutique Nembutal","description":"Mi blog de WordPress","publisher":{"@id":"https:\/\/nembutalboutique.com\/#organization"},"potentialAction":[{"@type":"SearchAction","target":{"@type":"EntryPoint","urlTemplate":"https:\/\/nembutalboutique.com\/?s={search_term_string}"},"query-input":{"@type":"PropertyValueSpecification","valueRequired":true,"valueName":"search_term_string"}}],"inLanguage":"es"},{"@type":"Organization","@id":"https:\/\/nembutalboutique.com\/#organization","name":"Boutique Nembutal","url":"https:\/\/nembutalboutique.com\/","logo":{"@type":"ImageObject","inLanguage":"es","@id":"https:\/\/nembutalboutique.com\/#\/schema\/logo\/image\/","url":"https:\/\/nembutalboutique.com\/wp-content\/uploads\/2024\/01\/logo.png","contentUrl":"https:\/\/nembutalboutique.com\/wp-content\/uploads\/2024\/01\/logo.png","width":494,"height":121,"caption":"Nembutal Boutique"},"image":{"@id":"https:\/\/nembutalboutique.com\/#\/schema\/logo\/image\/"}}]}},"_links":{"self":[{"href":"https:\/\/nembutalboutique.com\/es\/wp-json\/wp\/v2\/product\/3060"}],"collection":[{"href":"https:\/\/nembutalboutique.com\/es\/wp-json\/wp\/v2\/product"}],"about":[{"href":"https:\/\/nembutalboutique.com\/es\/wp-json\/wp\/v2\/types\/product"}],"replies":[{"embeddable":true,"href":"https:\/\/nembutalboutique.com\/es\/wp-json\/wp\/v2\/comments?post=3060"}],"wp:featuredmedia":[{"embeddable":true,"href":"https:\/\/nembutalboutique.com\/es\/wp-json\/wp\/v2\/media\/3075"}],"wp:attachment":[{"href":"https:\/\/nembutalboutique.com\/es\/wp-json\/wp\/v2\/media?parent=3060"}],"wp:term":[{"taxonomy":"product_brand","embeddable":true,"href":"https:\/\/nembutalboutique.com\/es\/wp-json\/wp\/v2\/product_brand?post=3060"},{"taxonomy":"product_cat","embeddable":true,"href":"https:\/\/nembutalboutique.com\/es\/wp-json\/wp\/v2\/product_cat?post=3060"},{"taxonomy":"product_tag","embeddable":true,"href":"https:\/\/nembutalboutique.com\/es\/wp-json\/wp\/v2\/product_tag?post=3060"}],"curies":[{"name":"wp","href":"https:\/\/api.w.org\/{rel}","templated":true}]}}