{"id":3057,"date":"2024-09-16T08:14:37","date_gmt":"2024-09-16T08:14:37","guid":{"rendered":"https:\/\/nembutalboutique.com\/?post_type=product&#038;p=3057"},"modified":"2024-09-20T09:59:42","modified_gmt":"2024-09-20T09:59:42","slug":"2-fdck","status":"publish","type":"product","link":"https:\/\/nembutalboutique.com\/es\/producto\/comprar-2-fdck-online\/","title":{"rendered":"2-FDCK"},"content":{"rendered":"<h2>Comprar 2-FDCK en l\u00ednea<\/h2>\n<p>Comprar 2-FDCK online Tambi\u00e9n conocido como 2-FDCK, Fluoroketamin y 2-Fl-2\u2032-Oxo-PCM, es el compuesto anest\u00e9sico disociativo 2-Fl-2\u2032-Oxo-PCM. Es el equivalente fluorado de la ketamina sin el grupo cloruro. Compre 2-FDCK en l\u00ednea ahora.<\/p>\n<p>Tambi\u00e9n conocido como 2-Fluorodeschloroketamin,<a href=\"https:\/\/nembutalboutique.com\/produit\/acheter-du-2-fdck-en-ligne\/\"> 2-FDCK<\/a>y err\u00f3neamente conocido como 2-Fluroketamin, Fluoroketamin y 2-FDCK, es el nuevo f\u00e1rmaco disociativo de la clase arilciclohexilamina, 2-Fl-2\u2032-Oxo-PCM.<\/p>\n<p>La ketamina y la descloroketamina est\u00e1n qu\u00edmicamente relacionadas (DCK). A pesar de la escasez de investigaciones, se cree que funciona como antagonista del receptor NMDA. Al igual que la 2-FDCK, la estructura de las arilciclohexilaminas se basa en la uni\u00f3n de un anillo arom\u00e1tico y un grupo amino a un anillo de ciclohexano.<\/p>\n<p>\u00a1La mejor opci\u00f3n si quieres comprar 2-FDCK online es Nembutalbotique!<\/p>\n<h3>\u00bfC\u00f3mo puedo comprar 2fdck?<\/h3>\n<p>Nuestra interfaz de usuario es incre\u00edblemente r\u00e1pida, f\u00e1cil de usar y productiva. Ofrecemos entrega a cualquier pa\u00eds, por lo que cualquiera puede comprar el producto desde cualquier lugar. Nuestro equipo cuenta con a\u00f1os de experiencia en la industria qu\u00edmica y es un proveedor reputado y fiable de 2FDCK. S\u00f3lo tiene que entrar en nuestro sitio web, buscar el art\u00edculo, a\u00f1adirlo a la cesta y pasar por caja. Todo lo que tiene que hacer es facilitarnos algunos datos, como su direcci\u00f3n o el lugar en el que debe realizarse la entrega, y nosotros nos encargaremos de hacerlos llegar de forma segura mientras completamos la transacci\u00f3n necesaria. Reciba 2fdck en EE.UU.<\/p>\n<h3>\u00bfCu\u00e1l es la edad adecuada para comprar zapatos Online-2fdck-K\u00e4ufe?<\/h3>\n<p>C\u00f3mo comprar <a href=\"https:\/\/en.wikipedia.org\/wiki\/2-Fluorodeschloroketamine\">2fdck<\/a> en l\u00ednea, debe tener al menos dieciocho a\u00f1os. Estamos disponibles 365 d\u00edas al a\u00f1o, 24 horas al d\u00eda, para responder a sus solicitudes. Compre 2fdck y obtenga un descuento.<\/p>\n<p>\u00bfCu\u00e1les son las ventajas de la 2fdck?<\/p>\n<p>puede ser beneficioso para prevenir la ansiedad, la tensi\u00f3n y el sufrimiento futuros.<\/p>\n<p>Ayuda a prevenir el suicidio porque act\u00faa inmediatamente.<\/p>\n<h3>beneficioso para mejorar la neuroplasticidad \u00bfCu\u00e1les son las consecuencias de la 2fdck?<\/h3>\n<p>puede causar neurotoxicidad si se toma con frecuencia.<\/p>\n<p>Si se utiliza con mayor frecuencia o regularidad, puede da\u00f1ar su memoria.<\/p>\n<p>puede da\u00f1ar tu piel.<\/p>\n<p>Aplicabilidad de 2-FDCK Elija entre 500 mg, 1 g, 2 g, 5 g, 10 g, 20 g y 50 g para obtener la mejor calidad de 2-FDCK a la venta. 2-FDCK<br \/>\nCondiciones de almacenamiento En cuanto reciba su 2-FDCK, gu\u00e1rdelo en un lugar seco, alejado de la luz solar directa y a una temperatura no superior a 20-25 grados cent\u00edgrados. Para mantener la alta calidad del 2-FDCK, recomendamos utilizar una aspiradora. No dude en ponerse en contacto con nosotros si tiene alguna pregunta.<\/p>\n<p>P\u00f3ngase en contacto con su 2-FDCK.<\/p>\n<p>Le aconsejamos que extreme las precauciones al manipular el clorhidrato de 2-FDCK, por ejemplo utilizando guantes o una mascarilla FFP-2.<\/p>\n<h3>\u00bfD\u00f3nde es legal comprar 2-FDCK online?<\/h3>\n<p>Nuestro sitio web, NembutalBotique, es donde vendemos productos qu\u00edmicos de investigaci\u00f3n como el 2-FDCK. Antes de su venta, cada uno de nuestros materiales de investigaci\u00f3n es examinado y evaluado. S\u00f3lo as\u00ed se puede garantizar la m\u00e1xima calidad posible de nuestro 2-FDCK.<br \/>\nNo dude en ponerse en contacto con nosotros si necesita los resultados o cualquier otra ayuda. 2. Ofrecemos versiones Blotter y Pellet de otras conexiones de b\u00fasqueda, pero Pulver es la \u00fanica versi\u00f3n FDCK que vendemos.<\/p>\n<p>Ofrecemos una amplia gama de productos altamente eficaces para satisfacer sus necesidades qu\u00edmicas de investigaci\u00f3n. Desde el inicio de nuestras operaciones comerciales, hemos logrado afianzar nuestra posici\u00f3n como proveedor de primera calidad en el sector. Para asegurarse de que su paquete llegue lo antes posible, complete su pedido en l\u00ednea y compre 2-FDCK.<\/p>\n<h3>\u00bfPor qu\u00e9 debo comprar Nembutalbotique 2fdck?<\/h3>\n<p>S\u00f3lo vendemos los mejores productos y cobramos precios razonables por cada art\u00edculo. Tambi\u00e9n ofrecemos un excelente servicio de atenci\u00f3n al cliente y siempre estamos disponibles para responder preguntas y ayudar a resolver problemas. Usted puede comprar legalmente 2fdck productos qu\u00edmicos de investigaci\u00f3n en l\u00ednea.<\/p>\n<p>Si sigue sinti\u00e9ndose inc\u00f3modo, p\u00f3ngase en contacto con nosotros inmediatamente y le diremos c\u00f3mo podemos ayudarle. Estaremos encantados de responder a cualquier pregunta que pueda tener.<\/p>\n<h3>\u00bfC\u00f3mo se utilizan dos FDCK?<\/h3>\n<p>Disuelve la droga, libera energ\u00eda y despeja la mente. El SFDCK quiere tener una gran experiencia y sentirse m\u00e1s euf\u00f3rico gracias a la droga; estos f\u00e1rmacos permiten al usuario desahogarse tomando el 2-FDCK, m\u00e1s disociativo. Adem\u00e1s, la estimulaci\u00f3n es comparativamente m\u00e1s d\u00e9bil que con otros medios. Si compra estos productos en l\u00ednea, tendr\u00e1 que esperar a que se agote el 2FDCK, lo que le ahorrar\u00e1 la mayor parte de los costes asociados a la compra en l\u00ednea.<\/p>","protected":false},"excerpt":{"rendered":"<p>Acheter 2-FDCK en ligne Acheter 2-FDCK en ligne \u00c9galement connu sous le nom de 2-FDCK, Fluoroketamin et 2-Fl-2\u2032-Oxo-PCM, est le compos\u00e9 anesth\u00e9sique dissociatif 2-Fl-2\u2032-Oxo-PCM. C&rsquo;est l&rsquo;\u00e9quivalent \u00e0 base de fluor de la k\u00e9tamine sans le groupe chlorure. Achetez 2-FDCK en ligne maintenant. \u00c9galement connu sous le nom de 2-Fluorodeschloroketamin, 2-FDCK, et \u00e0 tort sous le [&hellip;]<\/p>","protected":false},"featured_media":3072,"comment_status":"open","ping_status":"closed","template":"","meta":{"_joinchat":[]},"product_brand":[],"product_cat":[386,385],"product_tag":[479,480,481,482,483,484,485,486,487,488,489,490,491,492,493,494,495,496,497,498,499,500,501,502,503,504],"class_list":{"0":"post-3057","1":"product","2":"type-product","3":"status-publish","4":"has-post-thumbnail","6":"product_cat-cannabinoids","7":"product_cat-forschung-schemikalien","8":"product_tag-2-fdck-erfahrung","9":"product_tag-2-fdck","10":"product_tag-2-fdck-arylcyclohexylamin-dissoziativ","11":"product_tag-2-fdck-avis","12":"product_tag-2-fdck-cayman","13":"product_tag-2-fdck-forschung","14":"product_tag-2-fdck-groshandel","15":"product_tag-2-fdck-hydrochlorid-erfahrung","16":"product_tag-2-fdck-kaufen-deutschland","17":"product_tag-2-fdck-kaufen-nachname","18":"product_tag-2-fdck-kristallpulver","19":"product_tag-2-fdck-nebenwirkungen","20":"product_tag-2-fdck-wie-zu-nehmen","21":"product_tag-2-fdck-wikipedia","22":"product_tag-2-fdck-zu-verkaufen","23":"product_tag-2-fluorodeschloroketamin","24":"product_tag-2-fluorodeschloroketamin-dissoziativ","25":"product_tag-2-fluorodeschloroketamin-droge","26":"product_tag-2-fluorodeschloroketamin-kristall","27":"product_tag-2fdck","28":"product_tag-2fdck-2fdck-bestellan","29":"product_tag-2fdck-alibaba","30":"product_tag-2fdck-antidepressivum","31":"product_tag-2fdck-und-eltizolam","32":"product_tag-2fdck-und-etizolam","33":"product_tag-2fdck-und-kratom","35":"first","36":"instock","37":"shipping-taxable","38":"purchasable","39":"product-type-variable"},"yoast_head":"<!-- This site is optimized with the Yoast SEO plugin v23.5 - https:\/\/yoast.com\/wordpress\/plugins\/seo\/ -->\n<title>Achetez 2-FDCK en ligne - 2 FDCK \u00e0 vendre - Commandez 2fdck<\/title>\n<meta name=\"description\" content=\"Vous souhaitez approfondir vos recherches ? Achetez du 2-FDCK en ligne de mani\u00e8re pratique et s\u00e9curis\u00e9e, gr\u00e2ce \u00e0 un processus de commande simple pour le 2-FDCK \u00e0 vendre. Explorez les possibilit\u00e9s et achetez du 2-FDCK en ligne pour vos projets de recherche d\u00e8s aujourd&#039;hui.\" \/>\n<meta name=\"robots\" content=\"index, follow, max-snippet:-1, max-image-preview:large, max-video-preview:-1\" \/>\n<link rel=\"canonical\" href=\"https:\/\/nembutalboutique.com\/es\/producto\/comprar-2-fdck-online\/\" \/>\n<meta property=\"og:locale\" content=\"es_ES\" \/>\n<meta property=\"og:type\" content=\"article\" \/>\n<meta property=\"og:title\" content=\"Achetez 2-FDCK en ligne - 2 FDCK \u00e0 vendre - Commandez 2fdck\" \/>\n<meta property=\"og:description\" content=\"Vous souhaitez approfondir vos recherches ? Achetez du 2-FDCK en ligne de mani\u00e8re pratique et s\u00e9curis\u00e9e, gr\u00e2ce \u00e0 un processus de commande simple pour le 2-FDCK \u00e0 vendre. Explorez les possibilit\u00e9s et achetez du 2-FDCK en ligne pour vos projets de recherche d\u00e8s aujourd&#039;hui.\" \/>\n<meta property=\"og:url\" content=\"https:\/\/nembutalboutique.com\/es\/producto\/comprar-2-fdck-online\/\" \/>\n<meta property=\"og:site_name\" content=\"Nembutal Boutique\" \/>\n<meta property=\"article:modified_time\" content=\"2024-09-20T09:59:42+00:00\" \/>\n<meta property=\"og:image\" content=\"https:\/\/nembutalboutique.com\/wp-content\/uploads\/2024\/09\/2-FDCK.gif\" \/>\n\t<meta property=\"og:image:width\" content=\"600\" \/>\n\t<meta property=\"og:image:height\" content=\"600\" \/>\n\t<meta property=\"og:image:type\" content=\"image\/gif\" \/>\n<meta name=\"twitter:card\" content=\"summary_large_image\" \/>\n<meta name=\"twitter:label1\" content=\"Tiempo de lectura\" \/>\n\t<meta name=\"twitter:data1\" content=\"4 minutos\" \/>\n<script type=\"application\/ld+json\" class=\"yoast-schema-graph\">{\"@context\":\"https:\/\/schema.org\",\"@graph\":[{\"@type\":\"WebPage\",\"@id\":\"https:\/\/nembutalboutique.com\/produit\/2-fdck\/\",\"url\":\"https:\/\/nembutalboutique.com\/produit\/2-fdck\/\",\"name\":\"Achetez 2-FDCK en ligne - 2 FDCK \u00e0 vendre - Commandez 2fdck\",\"isPartOf\":{\"@id\":\"https:\/\/nembutalboutique.com\/#website\"},\"primaryImageOfPage\":{\"@id\":\"https:\/\/nembutalboutique.com\/produit\/2-fdck\/#primaryimage\"},\"image\":{\"@id\":\"https:\/\/nembutalboutique.com\/produit\/2-fdck\/#primaryimage\"},\"thumbnailUrl\":\"https:\/\/nembutalboutique.com\/wp-content\/uploads\/2024\/09\/2-FDCK.gif\",\"datePublished\":\"2024-09-16T08:14:37+00:00\",\"dateModified\":\"2024-09-20T09:59:42+00:00\",\"description\":\"Vous souhaitez approfondir vos recherches ? Achetez du 2-FDCK en ligne de mani\u00e8re pratique et s\u00e9curis\u00e9e, gr\u00e2ce \u00e0 un processus de commande simple pour le 2-FDCK \u00e0 vendre. Explorez les possibilit\u00e9s et achetez du 2-FDCK en ligne pour vos projets de recherche d\u00e8s aujourd'hui.\",\"breadcrumb\":{\"@id\":\"https:\/\/nembutalboutique.com\/produit\/2-fdck\/#breadcrumb\"},\"inLanguage\":\"es\",\"potentialAction\":[{\"@type\":\"ReadAction\",\"target\":[\"https:\/\/nembutalboutique.com\/produit\/2-fdck\/\"]}]},{\"@type\":\"ImageObject\",\"inLanguage\":\"es\",\"@id\":\"https:\/\/nembutalboutique.com\/produit\/2-fdck\/#primaryimage\",\"url\":\"https:\/\/nembutalboutique.com\/wp-content\/uploads\/2024\/09\/2-FDCK.gif\",\"contentUrl\":\"https:\/\/nembutalboutique.com\/wp-content\/uploads\/2024\/09\/2-FDCK.gif\",\"width\":600,\"height\":600,\"caption\":\"Acheter 2-FDCK.gif\"},{\"@type\":\"BreadcrumbList\",\"@id\":\"https:\/\/nembutalboutique.com\/produit\/2-fdck\/#breadcrumb\",\"itemListElement\":[{\"@type\":\"ListItem\",\"position\":1,\"name\":\"Home\",\"item\":\"https:\/\/nembutalboutique.com\/\"},{\"@type\":\"ListItem\",\"position\":2,\"name\":\"Boutique\",\"item\":\"https:\/\/nembutalboutique.com\/shop\/\"},{\"@type\":\"ListItem\",\"position\":3,\"name\":\"2-FDCK\"}]},{\"@type\":\"WebSite\",\"@id\":\"https:\/\/nembutalboutique.com\/#website\",\"url\":\"https:\/\/nembutalboutique.com\/\",\"name\":\"Nembutal Boutique\",\"description\":\"My WordPress Blog\",\"publisher\":{\"@id\":\"https:\/\/nembutalboutique.com\/#organization\"},\"potentialAction\":[{\"@type\":\"SearchAction\",\"target\":{\"@type\":\"EntryPoint\",\"urlTemplate\":\"https:\/\/nembutalboutique.com\/?s={search_term_string}\"},\"query-input\":{\"@type\":\"PropertyValueSpecification\",\"valueRequired\":true,\"valueName\":\"search_term_string\"}}],\"inLanguage\":\"es\"},{\"@type\":\"Organization\",\"@id\":\"https:\/\/nembutalboutique.com\/#organization\",\"name\":\"Nembutal Boutique\",\"url\":\"https:\/\/nembutalboutique.com\/\",\"logo\":{\"@type\":\"ImageObject\",\"inLanguage\":\"es\",\"@id\":\"https:\/\/nembutalboutique.com\/#\/schema\/logo\/image\/\",\"url\":\"https:\/\/nembutalboutique.com\/wp-content\/uploads\/2024\/01\/logo.png\",\"contentUrl\":\"https:\/\/nembutalboutique.com\/wp-content\/uploads\/2024\/01\/logo.png\",\"width\":494,\"height\":121,\"caption\":\"Nembutal Boutique\"},\"image\":{\"@id\":\"https:\/\/nembutalboutique.com\/#\/schema\/logo\/image\/\"}}]}<\/script>\n<!-- \/ Yoast SEO plugin. -->","yoast_head_json":{"title":"Comprar 2-FDCK online - 2 FDCK en venta - Pedir 2fdck","description":"\u00bfQuiere investigar m\u00e1s? Compre 2-FDCK en l\u00ednea de forma c\u00f3moda y segura con un sencillo proceso de pedido de 2-FDCK en venta. Explore las posibilidades y compre 2-FDCK en l\u00ednea para sus proyectos de investigaci\u00f3n hoy mismo.","robots":{"index":"index","follow":"follow","max-snippet":"max-snippet:-1","max-image-preview":"max-image-preview:large","max-video-preview":"max-video-preview:-1"},"canonical":"https:\/\/nembutalboutique.com\/es\/producto\/comprar-2-fdck-online\/","og_locale":"es_ES","og_type":"article","og_title":"Achetez 2-FDCK en ligne - 2 FDCK \u00e0 vendre - Commandez 2fdck","og_description":"Vous souhaitez approfondir vos recherches ? Achetez du 2-FDCK en ligne de mani\u00e8re pratique et s\u00e9curis\u00e9e, gr\u00e2ce \u00e0 un processus de commande simple pour le 2-FDCK \u00e0 vendre. Explorez les possibilit\u00e9s et achetez du 2-FDCK en ligne pour vos projets de recherche d\u00e8s aujourd'hui.","og_url":"https:\/\/nembutalboutique.com\/es\/producto\/comprar-2-fdck-online\/","og_site_name":"Nembutal Boutique","article_modified_time":"2024-09-20T09:59:42+00:00","og_image":[{"width":600,"height":600,"url":"https:\/\/nembutalboutique.com\/wp-content\/uploads\/2024\/09\/2-FDCK.gif","type":"image\/gif"}],"twitter_card":"summary_large_image","twitter_misc":{"Tiempo de lectura":"4 minutos"},"schema":{"@context":"https:\/\/schema.org","@graph":[{"@type":"WebPage","@id":"https:\/\/nembutalboutique.com\/produit\/2-fdck\/","url":"https:\/\/nembutalboutique.com\/produit\/2-fdck\/","name":"Comprar 2-FDCK online - 2 FDCK en venta - Pedir 2fdck","isPartOf":{"@id":"https:\/\/nembutalboutique.com\/#website"},"primaryImageOfPage":{"@id":"https:\/\/nembutalboutique.com\/produit\/2-fdck\/#primaryimage"},"image":{"@id":"https:\/\/nembutalboutique.com\/produit\/2-fdck\/#primaryimage"},"thumbnailUrl":"https:\/\/nembutalboutique.com\/wp-content\/uploads\/2024\/09\/2-FDCK.gif","datePublished":"2024-09-16T08:14:37+00:00","dateModified":"2024-09-20T09:59:42+00:00","description":"\u00bfQuiere investigar m\u00e1s? Compre 2-FDCK en l\u00ednea de forma c\u00f3moda y segura con un sencillo proceso de pedido de 2-FDCK en venta. Explore las posibilidades y compre 2-FDCK en l\u00ednea para sus proyectos de investigaci\u00f3n hoy mismo.","breadcrumb":{"@id":"https:\/\/nembutalboutique.com\/produit\/2-fdck\/#breadcrumb"},"inLanguage":"es","potentialAction":[{"@type":"ReadAction","target":["https:\/\/nembutalboutique.com\/produit\/2-fdck\/"]}]},{"@type":"ImageObject","inLanguage":"es","@id":"https:\/\/nembutalboutique.com\/produit\/2-fdck\/#primaryimage","url":"https:\/\/nembutalboutique.com\/wp-content\/uploads\/2024\/09\/2-FDCK.gif","contentUrl":"https:\/\/nembutalboutique.com\/wp-content\/uploads\/2024\/09\/2-FDCK.gif","width":600,"height":600,"caption":"Acheter 2-FDCK.gif"},{"@type":"BreadcrumbList","@id":"https:\/\/nembutalboutique.com\/produit\/2-fdck\/#breadcrumb","itemListElement":[{"@type":"ListItem","position":1,"name":"Home","item":"https:\/\/nembutalboutique.com\/"},{"@type":"ListItem","position":2,"name":"Boutique","item":"https:\/\/nembutalboutique.com\/shop\/"},{"@type":"ListItem","position":3,"name":"2-FDCK"}]},{"@type":"WebSite","@id":"https:\/\/nembutalboutique.com\/#website","url":"https:\/\/nembutalboutique.com\/","name":"Boutique Nembutal","description":"Mi blog de WordPress","publisher":{"@id":"https:\/\/nembutalboutique.com\/#organization"},"potentialAction":[{"@type":"SearchAction","target":{"@type":"EntryPoint","urlTemplate":"https:\/\/nembutalboutique.com\/?s={search_term_string}"},"query-input":{"@type":"PropertyValueSpecification","valueRequired":true,"valueName":"search_term_string"}}],"inLanguage":"es"},{"@type":"Organization","@id":"https:\/\/nembutalboutique.com\/#organization","name":"Boutique Nembutal","url":"https:\/\/nembutalboutique.com\/","logo":{"@type":"ImageObject","inLanguage":"es","@id":"https:\/\/nembutalboutique.com\/#\/schema\/logo\/image\/","url":"https:\/\/nembutalboutique.com\/wp-content\/uploads\/2024\/01\/logo.png","contentUrl":"https:\/\/nembutalboutique.com\/wp-content\/uploads\/2024\/01\/logo.png","width":494,"height":121,"caption":"Nembutal Boutique"},"image":{"@id":"https:\/\/nembutalboutique.com\/#\/schema\/logo\/image\/"}}]}},"_links":{"self":[{"href":"https:\/\/nembutalboutique.com\/es\/wp-json\/wp\/v2\/product\/3057"}],"collection":[{"href":"https:\/\/nembutalboutique.com\/es\/wp-json\/wp\/v2\/product"}],"about":[{"href":"https:\/\/nembutalboutique.com\/es\/wp-json\/wp\/v2\/types\/product"}],"replies":[{"embeddable":true,"href":"https:\/\/nembutalboutique.com\/es\/wp-json\/wp\/v2\/comments?post=3057"}],"wp:featuredmedia":[{"embeddable":true,"href":"https:\/\/nembutalboutique.com\/es\/wp-json\/wp\/v2\/media\/3072"}],"wp:attachment":[{"href":"https:\/\/nembutalboutique.com\/es\/wp-json\/wp\/v2\/media?parent=3057"}],"wp:term":[{"taxonomy":"product_brand","embeddable":true,"href":"https:\/\/nembutalboutique.com\/es\/wp-json\/wp\/v2\/product_brand?post=3057"},{"taxonomy":"product_cat","embeddable":true,"href":"https:\/\/nembutalboutique.com\/es\/wp-json\/wp\/v2\/product_cat?post=3057"},{"taxonomy":"product_tag","embeddable":true,"href":"https:\/\/nembutalboutique.com\/es\/wp-json\/wp\/v2\/product_tag?post=3057"}],"curies":[{"name":"wp","href":"https:\/\/api.w.org\/{rel}","templated":true}]}}