{"id":3056,"date":"2024-09-16T08:14:37","date_gmt":"2024-09-16T08:14:37","guid":{"rendered":"https:\/\/nembutalboutique.com\/?post_type=product&#038;p=3056"},"modified":"2024-09-20T09:50:41","modified_gmt":"2024-09-20T09:50:41","slug":"2c-b-fly","status":"publish","type":"product","link":"https:\/\/nembutalboutique.com\/es\/producto\/comprar-2c-b-fly\/","title":{"rendered":"2C-B-FLY"},"content":{"rendered":"<h2>Vender tabletas de 2C-B-FLY en l\u00ednea.<\/h2>\n<p><a href=\"https:\/\/nembutalboutique.com\/produit\/2c-b-fly\/\">2C-B-FLY<\/a> Comprar una mosca 2CB de nosotros dar\u00e1 lugar a la entrega gratuita en pedidos grandes. La 2-dimetoxi-4-bromfenetilamina es una droga psicod\u00e9lica que pertenece a la familia de las 2C. Como droga recreativa, la 2C-B se vende en polvo, a veces comprimida en comprimidos o c\u00e1psulas, y recibe otros nombres. La droga suele tomarse por v\u00eda oral, pero tambi\u00e9n puede ingerirse por v\u00eda sublingual o administrarse por v\u00eda sublingual.<\/p>\n<p>Tucibi tambi\u00e9n se conoce como \"Elitedroge\" por su elevado precio. Tambi\u00e9n hay otros nombres, por citar s\u00f3lo algunos: Venus, Erox, Nexus, MFT, Pink Cocaine.<\/p>\n<p>Su nombre original era 2C-B.<\/p>\n<p>El compuesto 2C-B (2,5-dimetoxi-4-bromfenetilamina) pertenece a la familia de las anfetaminas.<\/p>\n<p>Cada comprimido de 2C-B contiene 25 mg. de 2C-B<\/p>\n<p>Nombre del producto: 2C-B-Pellets, 25 mg<\/p>\n<p>N\u00famero CAS: 66142-81-2<\/p>\n<p>F\u00f3rmula: C10H14BrNO2.<\/p>\n<p>Pantalla: cuadrada, puntos rojos<\/p>\n<p>Reinheit: m\u00e1s de 98,5 %<\/p>\n<h3>\u00bfQu\u00e9 es un 2C-B-FLY?<\/h3>\n<p>Le <a href=\"https:\/\/en.wikipedia.org\/wiki\/2C-B-FLY\">2C-B-FLY<\/a>tambi\u00e9n conocida como 2-Brom-2,3,6,7-benzo-dihidro-difuran-etilamina y 2C-B-FLY-Hydrochlorid, es una sustancia qu\u00edmica perteneciente a la clase de las fenetilaminas. Est\u00e1 estrechamente relacionada con la 2C-B y es una fenetilamina inusual que funciona de forma similar a la 2C-B, 3-FEA y 5-MAPB como estimulante y psicod\u00e9lico. Al incorporar los dos grupos metilo en el quinto anillo se crea una posici\u00f3n ideal de uni\u00f3n al receptor, lo que, a diferencia de la 2C-B, da lugar a un efecto 2C-B-FLY m\u00e1s potente.<\/p>\n<h3>Propiedades qu\u00edmicas de 2C-B-FLY<\/h3>\n<p>El 2C-B-FLY pertenece a una clase de derivados conocidos como FLY-Verbindungen, llamados as\u00ed por su aspecto de insecto y sus dos anillos de tetrahidrofurano \"alados\" que se fusionan en el lado opuesto del benzoring central.<br \/>\nUn sustituto molecular de la clase qu\u00edmica de la fenetilamina y el dihidrobenzofurano es el 2C-B-FLY. La 2C-B-FLY tiene un anillo de fenol unido a un grupo amino (NH2) a trav\u00e9s de una cadena de \u00e9ter. Tambi\u00e9n tiene un bromatoma unido al carbono R4 del anillo fen\u00f3lico. Como resultado, los grupos metoxi unidos a R2 y R5 de 2C-B se unen a los anillos de cinco glioxifurano que se fusionan en el benceno central y se incorporan.<\/p>\n<h3>\u00bfCu\u00e1les son los efectos de 2C-B-FLY?<\/h3>\n<p>Se dice que el 2C-B-FLY HCL tiene un efecto f\u00edsico mucho m\u00e1s fuerte, efectos visuales m\u00e1s intensos, una geometr\u00eda m\u00e1s compleja y alucinaciones internas m\u00e1s profundas que el 2-CB, lo que lo hace m\u00e1s comparable a la meskalina, el 2C-E o el MDA en dosis m\u00e1s altas. Los informes sobre dosis m\u00e1s bajas, sin embargo, hablan de una respuesta m\u00e1s visceral y emocional en contraposici\u00f3n a los efectos psicod\u00e9licos tradicionales.<\/p>\n<p>Efectos<\/p>\n<p>Los efectos de 2C-B-FLY pueden variar, pero las experiencias comunes incluyen:<\/p>\n<p>Alucinaciones visuales: colores vivos y dibujos.<br \/>\nApertura emocional: Mayor empat\u00eda y expresi\u00f3n emocional.<br \/>\nEuforia: Sensaci\u00f3n de bienestar y satisfacci\u00f3n.<br \/>\nDistorsi\u00f3n del tiempo: cambios en la percepci\u00f3n del tiempo.<\/p>\n<p>Estos efectos dependen en gran medida de la dosis, la configuraci\u00f3n y el ajuste, y pueden variar considerablemente de un individuo a otro.<\/p>\n<p>Dosificaci\u00f3n de 2C-B-FLY<br \/>\nDosis ligera: 5-10 mg<br \/>\nDosis habitual: 10-20 mg<br \/>\nDosis alta: 20-30 mg<br \/>\nDuraci\u00f3n de los efectos<\/p>\n<p>La duraci\u00f3n de los efectos de 2C-B-FLY es variable:<\/p>\n<p>Inicio de los efectos: 20 a 60 minutos despu\u00e9s de la ingesti\u00f3n.<br \/>\nEfecto m\u00e1ximo: de 2 a 5 horas despu\u00e9s de la ingesti\u00f3n.<br \/>\nDuraci\u00f3n total: de 6 a 8 horas.<\/p>\n<p>Este periodo puede variar de un individuo a otro y depende de una serie de factores como la dosis y el metabolismo.<\/p>\n<h3>\u00bfC\u00f3mo puedo comprar 10 mg de pastillas de 2C-B-FLY?<\/h3>\n<p>Puedes comprar 2C-B-FLY 10 mg pastillas para chupar y otras fenoletilaminas, como 3-FEA-HCL y 5-MAPB-HCL, en Nembutalboutique.com.<\/p>\n<p>Todos nuestros productos qu\u00edmicos se prueban en un laboratorio independiente y est\u00e1n destinados exclusivamente al uso en laboratorio; no est\u00e1n destinados al consumo humano.<\/p>","protected":false},"excerpt":{"rendered":"<p><span style=\"vertical-align: inherit;\"><span style=\"vertical-align: inherit;\">La 2C-B-FLY es una fenetilamina psicod\u00e9lica y droga de dise\u00f1o de la familia de las 2C. Fue sintetizada por primera vez en 1996 por Aaron Monte, profesor de qu\u00edmica de la UW-La Crosse.<\/span><\/span><\/p>","protected":false},"featured_media":3071,"comment_status":"open","ping_status":"closed","template":"","meta":{"_joinchat":[]},"product_brand":[],"product_cat":[385],"product_tag":[],"class_list":{"0":"post-3056","1":"product","2":"type-product","3":"status-publish","4":"has-post-thumbnail","6":"product_cat-forschung-schemikalien","8":"first","9":"instock","10":"shipping-taxable","11":"purchasable","12":"product-type-variable"},"yoast_head":"<!-- This site is optimized with the Yoast SEO plugin v23.5 - https:\/\/yoast.com\/wordpress\/plugins\/seo\/ -->\n<title>Achetez 2C-B Fly en ligne - 2C-B Fly \u00e0 vendre<\/title>\n<meta name=\"description\" content=\"Vous souhaitez acheter de la poudre 2C-B Fly en ligne ? D\u00e9couvrez une plateforme transparente sur notre boutique en ligne o\u00f9 vous pouvez acheter de la poudre 2C-B Fly, garantissant une qualit\u00e9 sup\u00e9rieure pour vos besoins de recherche.\" \/>\n<meta name=\"robots\" content=\"index, follow, max-snippet:-1, max-image-preview:large, max-video-preview:-1\" \/>\n<link rel=\"canonical\" href=\"https:\/\/nembutalboutique.com\/es\/producto\/comprar-2c-b-fly\/\" \/>\n<meta property=\"og:locale\" content=\"es_ES\" \/>\n<meta property=\"og:type\" content=\"article\" \/>\n<meta property=\"og:title\" content=\"Achetez 2C-B Fly en ligne - 2C-B Fly \u00e0 vendre\" \/>\n<meta property=\"og:description\" content=\"Vous souhaitez acheter de la poudre 2C-B Fly en ligne ? D\u00e9couvrez une plateforme transparente sur notre boutique en ligne o\u00f9 vous pouvez acheter de la poudre 2C-B Fly, garantissant une qualit\u00e9 sup\u00e9rieure pour vos besoins de recherche.\" \/>\n<meta property=\"og:url\" content=\"https:\/\/nembutalboutique.com\/es\/producto\/comprar-2c-b-fly\/\" \/>\n<meta property=\"og:site_name\" content=\"Nembutal Boutique\" \/>\n<meta property=\"article:modified_time\" content=\"2024-09-20T09:50:41+00:00\" \/>\n<meta property=\"og:image\" content=\"https:\/\/nembutalboutique.com\/wp-content\/uploads\/2024\/09\/2C-B-FLY.gif\" \/>\n\t<meta property=\"og:image:width\" content=\"600\" \/>\n\t<meta property=\"og:image:height\" content=\"600\" \/>\n\t<meta property=\"og:image:type\" content=\"image\/gif\" \/>\n<meta name=\"twitter:card\" content=\"summary_large_image\" \/>\n<meta name=\"twitter:label1\" content=\"Tiempo de lectura\" \/>\n\t<meta name=\"twitter:data1\" content=\"3 minutos\" \/>\n<script type=\"application\/ld+json\" class=\"yoast-schema-graph\">{\"@context\":\"https:\/\/schema.org\",\"@graph\":[{\"@type\":\"WebPage\",\"@id\":\"https:\/\/nembutalboutique.com\/produit\/2c-b-fly\/\",\"url\":\"https:\/\/nembutalboutique.com\/produit\/2c-b-fly\/\",\"name\":\"Achetez 2C-B Fly en ligne - 2C-B Fly \u00e0 vendre\",\"isPartOf\":{\"@id\":\"https:\/\/nembutalboutique.com\/#website\"},\"primaryImageOfPage\":{\"@id\":\"https:\/\/nembutalboutique.com\/produit\/2c-b-fly\/#primaryimage\"},\"image\":{\"@id\":\"https:\/\/nembutalboutique.com\/produit\/2c-b-fly\/#primaryimage\"},\"thumbnailUrl\":\"https:\/\/nembutalboutique.com\/wp-content\/uploads\/2024\/09\/2C-B-FLY.gif\",\"datePublished\":\"2024-09-16T08:14:37+00:00\",\"dateModified\":\"2024-09-20T09:50:41+00:00\",\"description\":\"Vous souhaitez acheter de la poudre 2C-B Fly en ligne ? D\u00e9couvrez une plateforme transparente sur notre boutique en ligne o\u00f9 vous pouvez acheter de la poudre 2C-B Fly, garantissant une qualit\u00e9 sup\u00e9rieure pour vos besoins de recherche.\",\"breadcrumb\":{\"@id\":\"https:\/\/nembutalboutique.com\/produit\/2c-b-fly\/#breadcrumb\"},\"inLanguage\":\"es\",\"potentialAction\":[{\"@type\":\"ReadAction\",\"target\":[\"https:\/\/nembutalboutique.com\/produit\/2c-b-fly\/\"]}]},{\"@type\":\"ImageObject\",\"inLanguage\":\"es\",\"@id\":\"https:\/\/nembutalboutique.com\/produit\/2c-b-fly\/#primaryimage\",\"url\":\"https:\/\/nembutalboutique.com\/wp-content\/uploads\/2024\/09\/2C-B-FLY.gif\",\"contentUrl\":\"https:\/\/nembutalboutique.com\/wp-content\/uploads\/2024\/09\/2C-B-FLY.gif\",\"width\":600,\"height\":600,\"caption\":\"2C-B-FLY\"},{\"@type\":\"BreadcrumbList\",\"@id\":\"https:\/\/nembutalboutique.com\/produit\/2c-b-fly\/#breadcrumb\",\"itemListElement\":[{\"@type\":\"ListItem\",\"position\":1,\"name\":\"Home\",\"item\":\"https:\/\/nembutalboutique.com\/\"},{\"@type\":\"ListItem\",\"position\":2,\"name\":\"Boutique\",\"item\":\"https:\/\/nembutalboutique.com\/shop\/\"},{\"@type\":\"ListItem\",\"position\":3,\"name\":\"2C-B-FLY\"}]},{\"@type\":\"WebSite\",\"@id\":\"https:\/\/nembutalboutique.com\/#website\",\"url\":\"https:\/\/nembutalboutique.com\/\",\"name\":\"Nembutal Boutique\",\"description\":\"My WordPress Blog\",\"publisher\":{\"@id\":\"https:\/\/nembutalboutique.com\/#organization\"},\"potentialAction\":[{\"@type\":\"SearchAction\",\"target\":{\"@type\":\"EntryPoint\",\"urlTemplate\":\"https:\/\/nembutalboutique.com\/?s={search_term_string}\"},\"query-input\":{\"@type\":\"PropertyValueSpecification\",\"valueRequired\":true,\"valueName\":\"search_term_string\"}}],\"inLanguage\":\"es\"},{\"@type\":\"Organization\",\"@id\":\"https:\/\/nembutalboutique.com\/#organization\",\"name\":\"Nembutal Boutique\",\"url\":\"https:\/\/nembutalboutique.com\/\",\"logo\":{\"@type\":\"ImageObject\",\"inLanguage\":\"es\",\"@id\":\"https:\/\/nembutalboutique.com\/#\/schema\/logo\/image\/\",\"url\":\"https:\/\/nembutalboutique.com\/wp-content\/uploads\/2024\/01\/logo.png\",\"contentUrl\":\"https:\/\/nembutalboutique.com\/wp-content\/uploads\/2024\/01\/logo.png\",\"width\":494,\"height\":121,\"caption\":\"Nembutal Boutique\"},\"image\":{\"@id\":\"https:\/\/nembutalboutique.com\/#\/schema\/logo\/image\/\"}}]}<\/script>\n<!-- \/ Yoast SEO plugin. -->","yoast_head_json":{"title":"Comprar 2C-B Fly online - 2C-B Fly en venta","description":"\u00bfDesea comprar 2C-B Fly en polvo online? Descubra una plataforma transparente en nuestra tienda online donde podr\u00e1 comprar 2C-B Fly en polvo, garantizando la m\u00e1xima calidad para sus necesidades de investigaci\u00f3n.","robots":{"index":"index","follow":"follow","max-snippet":"max-snippet:-1","max-image-preview":"max-image-preview:large","max-video-preview":"max-video-preview:-1"},"canonical":"https:\/\/nembutalboutique.com\/es\/producto\/comprar-2c-b-fly\/","og_locale":"es_ES","og_type":"article","og_title":"Achetez 2C-B Fly en ligne - 2C-B Fly \u00e0 vendre","og_description":"Vous souhaitez acheter de la poudre 2C-B Fly en ligne ? D\u00e9couvrez une plateforme transparente sur notre boutique en ligne o\u00f9 vous pouvez acheter de la poudre 2C-B Fly, garantissant une qualit\u00e9 sup\u00e9rieure pour vos besoins de recherche.","og_url":"https:\/\/nembutalboutique.com\/es\/producto\/comprar-2c-b-fly\/","og_site_name":"Nembutal Boutique","article_modified_time":"2024-09-20T09:50:41+00:00","og_image":[{"width":600,"height":600,"url":"https:\/\/nembutalboutique.com\/wp-content\/uploads\/2024\/09\/2C-B-FLY.gif","type":"image\/gif"}],"twitter_card":"summary_large_image","twitter_misc":{"Tiempo de lectura":"3 minutos"},"schema":{"@context":"https:\/\/schema.org","@graph":[{"@type":"WebPage","@id":"https:\/\/nembutalboutique.com\/produit\/2c-b-fly\/","url":"https:\/\/nembutalboutique.com\/produit\/2c-b-fly\/","name":"Comprar 2C-B Fly online - 2C-B Fly en venta","isPartOf":{"@id":"https:\/\/nembutalboutique.com\/#website"},"primaryImageOfPage":{"@id":"https:\/\/nembutalboutique.com\/produit\/2c-b-fly\/#primaryimage"},"image":{"@id":"https:\/\/nembutalboutique.com\/produit\/2c-b-fly\/#primaryimage"},"thumbnailUrl":"https:\/\/nembutalboutique.com\/wp-content\/uploads\/2024\/09\/2C-B-FLY.gif","datePublished":"2024-09-16T08:14:37+00:00","dateModified":"2024-09-20T09:50:41+00:00","description":"\u00bfDesea comprar 2C-B Fly en polvo online? Descubra una plataforma transparente en nuestra tienda online donde podr\u00e1 comprar 2C-B Fly en polvo, garantizando la m\u00e1xima calidad para sus necesidades de investigaci\u00f3n.","breadcrumb":{"@id":"https:\/\/nembutalboutique.com\/produit\/2c-b-fly\/#breadcrumb"},"inLanguage":"es","potentialAction":[{"@type":"ReadAction","target":["https:\/\/nembutalboutique.com\/produit\/2c-b-fly\/"]}]},{"@type":"ImageObject","inLanguage":"es","@id":"https:\/\/nembutalboutique.com\/produit\/2c-b-fly\/#primaryimage","url":"https:\/\/nembutalboutique.com\/wp-content\/uploads\/2024\/09\/2C-B-FLY.gif","contentUrl":"https:\/\/nembutalboutique.com\/wp-content\/uploads\/2024\/09\/2C-B-FLY.gif","width":600,"height":600,"caption":"2C-B-FLY"},{"@type":"BreadcrumbList","@id":"https:\/\/nembutalboutique.com\/produit\/2c-b-fly\/#breadcrumb","itemListElement":[{"@type":"ListItem","position":1,"name":"Home","item":"https:\/\/nembutalboutique.com\/"},{"@type":"ListItem","position":2,"name":"Boutique","item":"https:\/\/nembutalboutique.com\/shop\/"},{"@type":"ListItem","position":3,"name":"2C-B-FLY"}]},{"@type":"WebSite","@id":"https:\/\/nembutalboutique.com\/#website","url":"https:\/\/nembutalboutique.com\/","name":"Boutique Nembutal","description":"Mi blog de WordPress","publisher":{"@id":"https:\/\/nembutalboutique.com\/#organization"},"potentialAction":[{"@type":"SearchAction","target":{"@type":"EntryPoint","urlTemplate":"https:\/\/nembutalboutique.com\/?s={search_term_string}"},"query-input":{"@type":"PropertyValueSpecification","valueRequired":true,"valueName":"search_term_string"}}],"inLanguage":"es"},{"@type":"Organization","@id":"https:\/\/nembutalboutique.com\/#organization","name":"Boutique Nembutal","url":"https:\/\/nembutalboutique.com\/","logo":{"@type":"ImageObject","inLanguage":"es","@id":"https:\/\/nembutalboutique.com\/#\/schema\/logo\/image\/","url":"https:\/\/nembutalboutique.com\/wp-content\/uploads\/2024\/01\/logo.png","contentUrl":"https:\/\/nembutalboutique.com\/wp-content\/uploads\/2024\/01\/logo.png","width":494,"height":121,"caption":"Nembutal Boutique"},"image":{"@id":"https:\/\/nembutalboutique.com\/#\/schema\/logo\/image\/"}}]}},"_links":{"self":[{"href":"https:\/\/nembutalboutique.com\/es\/wp-json\/wp\/v2\/product\/3056"}],"collection":[{"href":"https:\/\/nembutalboutique.com\/es\/wp-json\/wp\/v2\/product"}],"about":[{"href":"https:\/\/nembutalboutique.com\/es\/wp-json\/wp\/v2\/types\/product"}],"replies":[{"embeddable":true,"href":"https:\/\/nembutalboutique.com\/es\/wp-json\/wp\/v2\/comments?post=3056"}],"wp:featuredmedia":[{"embeddable":true,"href":"https:\/\/nembutalboutique.com\/es\/wp-json\/wp\/v2\/media\/3071"}],"wp:attachment":[{"href":"https:\/\/nembutalboutique.com\/es\/wp-json\/wp\/v2\/media?parent=3056"}],"wp:term":[{"taxonomy":"product_brand","embeddable":true,"href":"https:\/\/nembutalboutique.com\/es\/wp-json\/wp\/v2\/product_brand?post=3056"},{"taxonomy":"product_cat","embeddable":true,"href":"https:\/\/nembutalboutique.com\/es\/wp-json\/wp\/v2\/product_cat?post=3056"},{"taxonomy":"product_tag","embeddable":true,"href":"https:\/\/nembutalboutique.com\/es\/wp-json\/wp\/v2\/product_tag?post=3056"}],"curies":[{"name":"wp","href":"https:\/\/api.w.org\/{rel}","templated":true}]}}