{"id":2879,"date":"2024-09-16T08:13:15","date_gmt":"2024-09-16T08:13:15","guid":{"rendered":"https:\/\/nembutalboutique.com\/?post_type=product&#038;p=2879"},"modified":"2024-09-20T10:24:48","modified_gmt":"2024-09-20T10:24:48","slug":"fluorococaine","status":"publish","type":"product","link":"https:\/\/nembutalboutique.com\/es\/producto\/comprar-fluorococaina-online\/","title":{"rendered":"fluoroca\u00edna"},"content":{"rendered":"<h2>Comprar 4Fluoroca\u00edna online puede ser<\/h2>\n<p>4Fluoroca\u00edna al comprar Nembutal - \u00a1C\u00f3mprelo porque la calidad cuenta!<br \/>\nLa <a href=\"https:\/\/en.wikipedia.org\/wiki\/4%E2%80%B2-Fluorococaine\">4Fluoroca\u00edna<\/a> pueden adquirirse en l\u00ednea en empresas qu\u00edmicas europeas de renombre con una garant\u00eda m\u00ednima de 98 % + Reinheit. \u00a1Suministramos el COA de cada relleno producido qu\u00edmicamente durante nuestra investigaci\u00f3n!<\/p>\n<p>Componentes de la 4-fluoroca\u00edna<\/p>\n<p>contiene un gramo de al menos 98 % de <a href=\"https:\/\/nembutalboutique.com\/produit\/fluorococaine\/\">4-fluoroca\u00edna pura<\/a> con cada pedido.<\/p>\n<h3>Administraci\u00f3n de 4-fluoroca\u00edna<\/h3>\n<p>No existe una dosis recomendada, ya que la 4Fluoroca\u00edna s\u00f3lo se vende para su uso en la investigaci\u00f3n qu\u00edmica cient\u00edfica y no est\u00e1 destinada al consumo humano.<\/p>\n<p>Efectos de la 4-fluoroca\u00edna :<\/p>\n<p>Los efectos cl\u00ednicos de la mayor\u00eda de las nuevas drogas sint\u00e9ticas, como la 4-fluoroca\u00edna, pueden clasificarse como estimulantes, alucin\u00f3genos u opi\u00e1ceos. Adem\u00e1s, se tiene una combinaci\u00f3n de estos efectos con la sustituci\u00f3n de sidekette sint\u00e9tico.<\/p>\n<h3>Efectos indeseables de la 4-fluoroca\u00edna<\/h3>\n<p>El uso de 4-fluoroca\u00edna, al igual que otras drogas sint\u00e9ticas, puede provocar efectos secundarios graves; \u00a1la sustancia no ha sido probada cl\u00ednicamente ni aprobada en modo alguno como medicamento! Por lo tanto, la 4-fluoroca\u00edna s\u00f3lo est\u00e1 destinada a la investigaci\u00f3n cient\u00edfica y no al consumo humano.<\/p>\n<h3>C\u00f3mo: almacenar 4-fluoroca\u00edna<\/h3>\n<p>Conservar la 4-fluoroca\u00edna a menos de 30 grados Celsius. 4 Conservar la 4-fluoroca\u00edna en su envase original, al abrigo de la luz solar directa y de la humedad.<\/p>\n<h3>Venta de 4\u2032-fluoroca\u00edna | Compra de 4\u2032-fluoroca\u00edna en l\u00ednea<\/h3>\n<p>El hom\u00f3logo sint\u00e9tico de la kaine, la 4\u2032-fluorococa\u00edna, es una sustancia obtenida a partir de tropanos. A diferencia de otras sustancias similares, como el derivado CFT 4\u2032-fluorofeniltropane correspondiente y el componente 2\u2032-hidroxi-salicilmetilcgonina, la 4\u2032-fluorococa\u00edna es s\u00f3lo ligeramente m\u00e1s eficaz que la ko\u00edna como inhibidor de la dopamina.<\/p>\n<h3>Los mejores proveedores en l\u00ednea de 4\u2032-fluoroka\u00edna en polvo<\/h3>\n<p>El hom\u00f3logo sint\u00e9tico de la ko\u00edna, la 4\u2032-fluoroka\u00edna, es una sustancia obtenida a partir de los tropanos. Aunque la 4\u2032-fluoroka\u00edna no es tan eficaz como la ko\u00edna como inhibidor de la dopamina, es un inhibidor mucho m\u00e1s potente de la serotonina, lo que en experimentos con animales da lugar a un perfil farmacol\u00f3gico notablemente alterado. Esto contrasta con compuestos conocidos como el derivado CFT 4\u2032-fluorofeniltropane correspondiente y el an\u00e1logo 2\u2032-hidroxi salicilmetilcgonina.<\/p>\n<p>Suministramos productos qu\u00edmicos de investigaci\u00f3n de primera clase. Nuestros productos qu\u00edmicos est\u00e1n totalmente normalizados con una pureza % para su uso en los sectores comercial y de investigaci\u00f3n. Ofrecemos excelentes precios y descuentos para grandes pedidos. Nuestro acceso directo a una planta de producci\u00f3n nos permite ofrecer precios incre\u00edblemente bajos para nuestros productos qu\u00edmicos de investigaci\u00f3n. Enviamos a EE.UU., Sudam\u00e9rica, Australia y pa\u00edses europeos. Orientamos a la mayor\u00eda.<\/p>","protected":false},"excerpt":{"rendered":"<p>Achet\u00e9r 4Fluorococa\u00efne en ligne peut \u00eatre 4Fluorococa\u00efne lors de l&rsquo;achat de Nembutal &#8211; achetez-le parce que la qualit\u00e9 compte ! La 4Fluorococa\u00efne peut \u00eatre achet\u00e9e en ligne aupr\u00e8s d&rsquo;entreprises chimiques europ\u00e9ennes r\u00e9put\u00e9es avec une garantie minimale de 98 % + Reinheit. Nous fournissons le COA de chaque charge produite chimiquement au cours de nos recherches [&hellip;]<\/p>","protected":false},"featured_media":2904,"comment_status":"open","ping_status":"closed","template":"","meta":{"_joinchat":[]},"product_brand":[],"product_cat":[385],"product_tag":[],"class_list":{"0":"post-2879","1":"product","2":"type-product","3":"status-publish","4":"has-post-thumbnail","6":"product_cat-forschung-schemikalien","8":"first","9":"instock","10":"shipping-taxable","11":"purchasable","12":"product-type-variable"},"yoast_head":"<!-- This site is optimized with the Yoast SEO plugin v23.5 - https:\/\/yoast.com\/wordpress\/plugins\/seo\/ -->\n<title>Acheter de la fluorococa\u00efne en ligne \u2013 Vente de fluorococa\u00efne<\/title>\n<meta name=\"description\" content=\"Notre boutique en ligne Nembutal propose la meilleure qualit\u00e9 de fluorococa\u00efne \u00e0 vendre. Si vous souhaitez acheter de la fluorococa\u00efne en ligne, nous pouvons vous aider de toutes parts. Commandez d\u00e8s aujourd&#039;hui !\" \/>\n<meta name=\"robots\" content=\"index, follow, max-snippet:-1, max-image-preview:large, max-video-preview:-1\" \/>\n<link rel=\"canonical\" href=\"https:\/\/nembutalboutique.com\/es\/producto\/comprar-fluorococaina-online\/\" \/>\n<meta property=\"og:locale\" content=\"es_ES\" \/>\n<meta property=\"og:type\" content=\"article\" \/>\n<meta property=\"og:title\" content=\"Acheter de la fluorococa\u00efne en ligne \u2013 Vente de fluorococa\u00efne\" \/>\n<meta property=\"og:description\" content=\"Notre boutique en ligne Nembutal propose la meilleure qualit\u00e9 de fluorococa\u00efne \u00e0 vendre. Si vous souhaitez acheter de la fluorococa\u00efne en ligne, nous pouvons vous aider de toutes parts. Commandez d\u00e8s aujourd&#039;hui !\" \/>\n<meta property=\"og:url\" content=\"https:\/\/nembutalboutique.com\/es\/producto\/comprar-fluorococaina-online\/\" \/>\n<meta property=\"og:site_name\" content=\"Nembutal Boutique\" \/>\n<meta property=\"article:modified_time\" content=\"2024-09-20T10:24:48+00:00\" \/>\n<meta property=\"og:image\" content=\"https:\/\/nembutalboutique.com\/wp-content\/uploads\/2024\/09\/Fluorococaine.gif\" \/>\n\t<meta property=\"og:image:width\" content=\"600\" \/>\n\t<meta property=\"og:image:height\" content=\"600\" \/>\n\t<meta property=\"og:image:type\" content=\"image\/gif\" \/>\n<meta name=\"twitter:card\" content=\"summary_large_image\" \/>\n<meta name=\"twitter:label1\" content=\"Tiempo de lectura\" \/>\n\t<meta name=\"twitter:data1\" content=\"3 minutos\" \/>\n<script type=\"application\/ld+json\" class=\"yoast-schema-graph\">{\"@context\":\"https:\/\/schema.org\",\"@graph\":[{\"@type\":\"WebPage\",\"@id\":\"https:\/\/nembutalboutique.com\/produit\/fluorococaine\/\",\"url\":\"https:\/\/nembutalboutique.com\/produit\/fluorococaine\/\",\"name\":\"Acheter de la fluorococa\u00efne en ligne \u2013 Vente de fluorococa\u00efne\",\"isPartOf\":{\"@id\":\"https:\/\/nembutalboutique.com\/#website\"},\"primaryImageOfPage\":{\"@id\":\"https:\/\/nembutalboutique.com\/produit\/fluorococaine\/#primaryimage\"},\"image\":{\"@id\":\"https:\/\/nembutalboutique.com\/produit\/fluorococaine\/#primaryimage\"},\"thumbnailUrl\":\"https:\/\/nembutalboutique.com\/wp-content\/uploads\/2024\/09\/Fluorococaine.gif\",\"datePublished\":\"2024-09-16T08:13:15+00:00\",\"dateModified\":\"2024-09-20T10:24:48+00:00\",\"description\":\"Notre boutique en ligne Nembutal propose la meilleure qualit\u00e9 de fluorococa\u00efne \u00e0 vendre. Si vous souhaitez acheter de la fluorococa\u00efne en ligne, nous pouvons vous aider de toutes parts. Commandez d\u00e8s aujourd'hui !\",\"breadcrumb\":{\"@id\":\"https:\/\/nembutalboutique.com\/produit\/fluorococaine\/#breadcrumb\"},\"inLanguage\":\"es\",\"potentialAction\":[{\"@type\":\"ReadAction\",\"target\":[\"https:\/\/nembutalboutique.com\/produit\/fluorococaine\/\"]}]},{\"@type\":\"ImageObject\",\"inLanguage\":\"es\",\"@id\":\"https:\/\/nembutalboutique.com\/produit\/fluorococaine\/#primaryimage\",\"url\":\"https:\/\/nembutalboutique.com\/wp-content\/uploads\/2024\/09\/Fluorococaine.gif\",\"contentUrl\":\"https:\/\/nembutalboutique.com\/wp-content\/uploads\/2024\/09\/Fluorococaine.gif\",\"width\":600,\"height\":600,\"caption\":\"Acheter Fluorococaine.gif\"},{\"@type\":\"BreadcrumbList\",\"@id\":\"https:\/\/nembutalboutique.com\/produit\/fluorococaine\/#breadcrumb\",\"itemListElement\":[{\"@type\":\"ListItem\",\"position\":1,\"name\":\"Home\",\"item\":\"https:\/\/nembutalboutique.com\/\"},{\"@type\":\"ListItem\",\"position\":2,\"name\":\"Boutique\",\"item\":\"https:\/\/nembutalboutique.com\/shop\/\"},{\"@type\":\"ListItem\",\"position\":3,\"name\":\"fluorococa\u00efne\"}]},{\"@type\":\"WebSite\",\"@id\":\"https:\/\/nembutalboutique.com\/#website\",\"url\":\"https:\/\/nembutalboutique.com\/\",\"name\":\"Nembutal Boutique\",\"description\":\"My WordPress Blog\",\"publisher\":{\"@id\":\"https:\/\/nembutalboutique.com\/#organization\"},\"potentialAction\":[{\"@type\":\"SearchAction\",\"target\":{\"@type\":\"EntryPoint\",\"urlTemplate\":\"https:\/\/nembutalboutique.com\/?s={search_term_string}\"},\"query-input\":{\"@type\":\"PropertyValueSpecification\",\"valueRequired\":true,\"valueName\":\"search_term_string\"}}],\"inLanguage\":\"es\"},{\"@type\":\"Organization\",\"@id\":\"https:\/\/nembutalboutique.com\/#organization\",\"name\":\"Nembutal Boutique\",\"url\":\"https:\/\/nembutalboutique.com\/\",\"logo\":{\"@type\":\"ImageObject\",\"inLanguage\":\"es\",\"@id\":\"https:\/\/nembutalboutique.com\/#\/schema\/logo\/image\/\",\"url\":\"https:\/\/nembutalboutique.com\/wp-content\/uploads\/2024\/01\/logo.png\",\"contentUrl\":\"https:\/\/nembutalboutique.com\/wp-content\/uploads\/2024\/01\/logo.png\",\"width\":494,\"height\":121,\"caption\":\"Nembutal Boutique\"},\"image\":{\"@id\":\"https:\/\/nembutalboutique.com\/#\/schema\/logo\/image\/\"}}]}<\/script>\n<!-- \/ Yoast SEO plugin. -->","yoast_head_json":{"title":"Comprar fluoroca\u00edna online - Venta de fluoroca\u00edna","description":"Nuestra tienda online de Nembutal ofrece la mejor calidad de fluoroca\u00edna a la venta. Si desea comprar fluoroca\u00edna online, podemos ayudarle en todo. \u00a1Haga su pedido hoy mismo!","robots":{"index":"index","follow":"follow","max-snippet":"max-snippet:-1","max-image-preview":"max-image-preview:large","max-video-preview":"max-video-preview:-1"},"canonical":"https:\/\/nembutalboutique.com\/es\/producto\/comprar-fluorococaina-online\/","og_locale":"es_ES","og_type":"article","og_title":"Acheter de la fluorococa\u00efne en ligne \u2013 Vente de fluorococa\u00efne","og_description":"Notre boutique en ligne Nembutal propose la meilleure qualit\u00e9 de fluorococa\u00efne \u00e0 vendre. Si vous souhaitez acheter de la fluorococa\u00efne en ligne, nous pouvons vous aider de toutes parts. Commandez d\u00e8s aujourd'hui !","og_url":"https:\/\/nembutalboutique.com\/es\/producto\/comprar-fluorococaina-online\/","og_site_name":"Nembutal Boutique","article_modified_time":"2024-09-20T10:24:48+00:00","og_image":[{"width":600,"height":600,"url":"https:\/\/nembutalboutique.com\/wp-content\/uploads\/2024\/09\/Fluorococaine.gif","type":"image\/gif"}],"twitter_card":"summary_large_image","twitter_misc":{"Tiempo de lectura":"3 minutos"},"schema":{"@context":"https:\/\/schema.org","@graph":[{"@type":"WebPage","@id":"https:\/\/nembutalboutique.com\/produit\/fluorococaine\/","url":"https:\/\/nembutalboutique.com\/produit\/fluorococaine\/","name":"Comprar fluoroca\u00edna online - Venta de fluoroca\u00edna","isPartOf":{"@id":"https:\/\/nembutalboutique.com\/#website"},"primaryImageOfPage":{"@id":"https:\/\/nembutalboutique.com\/produit\/fluorococaine\/#primaryimage"},"image":{"@id":"https:\/\/nembutalboutique.com\/produit\/fluorococaine\/#primaryimage"},"thumbnailUrl":"https:\/\/nembutalboutique.com\/wp-content\/uploads\/2024\/09\/Fluorococaine.gif","datePublished":"2024-09-16T08:13:15+00:00","dateModified":"2024-09-20T10:24:48+00:00","description":"Nuestra tienda online de Nembutal ofrece la mejor calidad de fluoroca\u00edna a la venta. Si desea comprar fluoroca\u00edna online, podemos ayudarle en todo. \u00a1Haga su pedido hoy mismo!","breadcrumb":{"@id":"https:\/\/nembutalboutique.com\/produit\/fluorococaine\/#breadcrumb"},"inLanguage":"es","potentialAction":[{"@type":"ReadAction","target":["https:\/\/nembutalboutique.com\/produit\/fluorococaine\/"]}]},{"@type":"ImageObject","inLanguage":"es","@id":"https:\/\/nembutalboutique.com\/produit\/fluorococaine\/#primaryimage","url":"https:\/\/nembutalboutique.com\/wp-content\/uploads\/2024\/09\/Fluorococaine.gif","contentUrl":"https:\/\/nembutalboutique.com\/wp-content\/uploads\/2024\/09\/Fluorococaine.gif","width":600,"height":600,"caption":"Acheter Fluorococaine.gif"},{"@type":"BreadcrumbList","@id":"https:\/\/nembutalboutique.com\/produit\/fluorococaine\/#breadcrumb","itemListElement":[{"@type":"ListItem","position":1,"name":"Home","item":"https:\/\/nembutalboutique.com\/"},{"@type":"ListItem","position":2,"name":"Boutique","item":"https:\/\/nembutalboutique.com\/shop\/"},{"@type":"ListItem","position":3,"name":"fluorococa\u00efne"}]},{"@type":"WebSite","@id":"https:\/\/nembutalboutique.com\/#website","url":"https:\/\/nembutalboutique.com\/","name":"Boutique Nembutal","description":"Mi blog de WordPress","publisher":{"@id":"https:\/\/nembutalboutique.com\/#organization"},"potentialAction":[{"@type":"SearchAction","target":{"@type":"EntryPoint","urlTemplate":"https:\/\/nembutalboutique.com\/?s={search_term_string}"},"query-input":{"@type":"PropertyValueSpecification","valueRequired":true,"valueName":"search_term_string"}}],"inLanguage":"es"},{"@type":"Organization","@id":"https:\/\/nembutalboutique.com\/#organization","name":"Boutique Nembutal","url":"https:\/\/nembutalboutique.com\/","logo":{"@type":"ImageObject","inLanguage":"es","@id":"https:\/\/nembutalboutique.com\/#\/schema\/logo\/image\/","url":"https:\/\/nembutalboutique.com\/wp-content\/uploads\/2024\/01\/logo.png","contentUrl":"https:\/\/nembutalboutique.com\/wp-content\/uploads\/2024\/01\/logo.png","width":494,"height":121,"caption":"Nembutal Boutique"},"image":{"@id":"https:\/\/nembutalboutique.com\/#\/schema\/logo\/image\/"}}]}},"_links":{"self":[{"href":"https:\/\/nembutalboutique.com\/es\/wp-json\/wp\/v2\/product\/2879"}],"collection":[{"href":"https:\/\/nembutalboutique.com\/es\/wp-json\/wp\/v2\/product"}],"about":[{"href":"https:\/\/nembutalboutique.com\/es\/wp-json\/wp\/v2\/types\/product"}],"replies":[{"embeddable":true,"href":"https:\/\/nembutalboutique.com\/es\/wp-json\/wp\/v2\/comments?post=2879"}],"wp:featuredmedia":[{"embeddable":true,"href":"https:\/\/nembutalboutique.com\/es\/wp-json\/wp\/v2\/media\/2904"}],"wp:attachment":[{"href":"https:\/\/nembutalboutique.com\/es\/wp-json\/wp\/v2\/media?parent=2879"}],"wp:term":[{"taxonomy":"product_brand","embeddable":true,"href":"https:\/\/nembutalboutique.com\/es\/wp-json\/wp\/v2\/product_brand?post=2879"},{"taxonomy":"product_cat","embeddable":true,"href":"https:\/\/nembutalboutique.com\/es\/wp-json\/wp\/v2\/product_cat?post=2879"},{"taxonomy":"product_tag","embeddable":true,"href":"https:\/\/nembutalboutique.com\/es\/wp-json\/wp\/v2\/product_tag?post=2879"}],"curies":[{"name":"wp","href":"https:\/\/api.w.org\/{rel}","templated":true}]}}