{"id":2822,"date":"2024-09-16T08:12:44","date_gmt":"2024-09-16T08:12:44","guid":{"rendered":"https:\/\/nembutalboutique.com\/?post_type=product&#038;p=2822"},"modified":"2024-09-20T10:47:58","modified_gmt":"2024-09-20T10:47:58","slug":"alpha-php","status":"publish","type":"product","link":"https:\/\/nembutalboutique.com\/es\/producto\/comprar-alpha-php-online-2\/","title":{"rendered":"Alfa PHP"},"content":{"rendered":"<h2>Comprar Alpha PHP en l\u00ednea<\/h2>\n<p>Somos un proveedor mundial de productos qu\u00edmicos para investigaci\u00f3n. Nuestros proveedores son fiables, dignos de confianza, controlados, seguros y homologados.<br \/>\nPresentamos NembutalBoutique, un reputado proveedor de productos qu\u00edmicos para investigaci\u00f3n que ofrece los materiales m\u00e1s novedosos para sus proyectos. Necesita un proveedor de confianza que le proporcione productos qu\u00edmicos 100 % aut\u00e9nticos y puros. Trabajar con nosotros le dar\u00e1 confianza. Estamos muy orgullosos de habernos consolidado como uno de los proveedores m\u00e1s reputados del sector gracias a nuestra dedicaci\u00f3n a la calidad y la integridad cient\u00edfica.<\/p>\n<p>Nuestros clientes pueden beneficiarse de nuestra amplia gama de opciones de pago, una entrega fiable y nuestra mayor selecci\u00f3n de productos qu\u00edmicos de investigaci\u00f3n. De este modo, podemos ayudar a muchos investigadores de todo el continente a localizar recursos de investigaci\u00f3n raros y poco investigados. \u00c9stos suelen tener un impacto significativo en la investigaci\u00f3n en los campos de la f\u00edsica, la qu\u00edmica, la biolog\u00eda o la farmacolog\u00eda. Buscamos constantemente formas de mejorar nuestra oferta y, en la medida de lo posible, a\u00f1adir nuevos productos qu\u00edmicos de investigaci\u00f3n a nuestra lista de productos para alcanzar nuestro objetivo.<\/p>\n<p>En funci\u00f3n de sus necesidades inmediatas, nuestros clientes pueden hacer pedidos en cantidades mayores o menores. Nos sentimos muy orgullosos de tomar las preferencias que nuestros clientes de todo el mundo nos han hecho llegar, pensarlas y suministrar los productos qu\u00edmicos de investigaci\u00f3n que nuestros clientes solicitan espec\u00edficamente. Nuestro principal objetivo es facilitar a la comunidad cient\u00edfica el acceso a productos qu\u00edmicos de investigaci\u00f3n innovadores y de alta calidad, al tiempo que se avanza en el conocimiento a trav\u00e9s de la tecnolog\u00eda.<\/p>\n<p>Cuando NembutalBoutiqueCompany env\u00eda art\u00edculos de investigaci\u00f3n, dirige al cliente.<br \/>\nS\u00f3lo debe utilizarse para estudios cient\u00edficos leg\u00edtimos que se lleven a cabo en un entorno de laboratorio seguro y controlado, cumpliendo las leyes y normativas locales. El examen humano de nuestro art\u00edculo est\u00e1 estrictamente prohibido en todos los casos.<\/p>\n<p>Almac\u00e9n qu\u00edmico, First Research, Inc.<\/p>\n<p>Suministramos productos qu\u00edmicos de investigaci\u00f3n a instituciones m\u00e9dicas, toxic\u00f3logos, bioqu\u00edmicos, farmac\u00e9uticos, estudiantes de qu\u00edmica, investigadores farmac\u00e9uticos y centros educativos.<\/p>\n<h3>A-PHP de la m\u00e1s alta calidad. PHP altamente desarrollado.<\/h3>\n<p>Ensayo a-PHP<\/p>\n<p>No existe una dosis recomendada porque el<a href=\"https:\/\/nembutalboutique.com\/produit\/alpha-php\/\">a-PHP<\/a> se vende \u00fanicamente con fines de investigaci\u00f3n cient\u00edfica y no se recomienda para consumo humano.<\/p>\n<h3>Efectos de a-PHP :<\/h3>\n<p>Los efectos cl\u00ednicos de la mayor\u00eda de las nuevas drogas sint\u00e9ticas, tales como<a href=\"https:\/\/en.wikipedia.org\/wiki\/%CE%91-Pyrrolidinohexiophenone\">a-PHP<\/a>Estas drogas pueden caracterizarse como estimulantes, alucin\u00f3genos u opi\u00e1ceos. A menudo, se obtiene una combinaci\u00f3n de estos efectos sustituyendo las cadenas laterales por drogas sint\u00e9ticas. Se pueden encontrar informes similares de experiencias con a-PHP en<br \/>\n\u00fcber Suchmaschinen in F\u00fclle und H\u00fclle und schl\u00e4gigen Foren.<\/p>\n<h3>Efectos adversos de a-PHP<\/h3>\n<p>Como ocurre con otras drogas sint\u00e9ticas, tomar a-PHP puede tener efectos secundarios graves; la sustancia no ha sido probada cl\u00ednicamente ni aprobada para su uso en medicina humana. Como resultado, a-PHP s\u00f3lo se recomienda para la investigaci\u00f3n cient\u00edfica y el examen, \u00a1no para uso humano!<\/p>\n<h3>Almacenamiento y estabilidad de a-PHP<\/h3>\n<p>Almacene a-PHP a 30 grados Celsius o menos en su envase original. Evite la luz solar directa y conserve la humedad. Si se almacena correctamente, la vida \u00fatil del material es de al menos un a\u00f1o. Para m\u00e1s informaci\u00f3n, p\u00f3ngase en contacto con nosotros.<\/p>","protected":false},"excerpt":{"rendered":"<p>Acheter Alpha PHP en ligne Nous sommes un fournisseur mondial de produits chimiques de recherche. Nos fournisseurs sont fiables, dignes de confiance, contr\u00f4l\u00e9s, s\u00e9curis\u00e9s et agr\u00e9\u00e9s. Pr\u00e9sentation de NembutalBoutique, un fournisseur r\u00e9put\u00e9 de produits chimiques de recherche qui propose les derniers mat\u00e9riaux pour vos projets. Vous avez besoin d&rsquo;un fournisseur en qui vous pouvez avoir [&hellip;]<\/p>","protected":false},"featured_media":2835,"comment_status":"open","ping_status":"closed","template":"","meta":{"_joinchat":[]},"product_brand":[],"product_cat":[385],"product_tag":[],"class_list":{"0":"post-2822","1":"product","2":"type-product","3":"status-publish","4":"has-post-thumbnail","6":"product_cat-forschung-schemikalien","8":"first","9":"instock","10":"shipping-taxable","11":"purchasable","12":"product-type-variable"},"yoast_head":"<!-- This site is optimized with the Yoast SEO plugin v23.5 - https:\/\/yoast.com\/wordpress\/plugins\/seo\/ -->\n<title>Acheter Alpha PHP en ligne - Alpha PHP \u00e0 vendre en ligne<\/title>\n<meta name=\"description\" content=\"Dans notre boutique NembutalBoutique, vous pouvez obtenir Alpha PHP \u00e0 des prix avantageux. Nous ne vendons que des produits de qualit\u00e9 sup\u00e9rieure. Achetez Alpha PHP en ligne d\u00e8s maintenant dans notre boutique. Passez votre commande imm\u00e9diatement !\" \/>\n<meta name=\"robots\" content=\"index, follow, max-snippet:-1, max-image-preview:large, max-video-preview:-1\" \/>\n<link rel=\"canonical\" href=\"https:\/\/nembutalboutique.com\/es\/producto\/comprar-alpha-php-online-2\/\" \/>\n<meta property=\"og:locale\" content=\"es_ES\" \/>\n<meta property=\"og:type\" content=\"article\" \/>\n<meta property=\"og:title\" content=\"Acheter Alpha PHP en ligne - Alpha PHP \u00e0 vendre en ligne\" \/>\n<meta property=\"og:description\" content=\"Dans notre boutique NembutalBoutique, vous pouvez obtenir Alpha PHP \u00e0 des prix avantageux. Nous ne vendons que des produits de qualit\u00e9 sup\u00e9rieure. Achetez Alpha PHP en ligne d\u00e8s maintenant dans notre boutique. Passez votre commande imm\u00e9diatement !\" \/>\n<meta property=\"og:url\" content=\"https:\/\/nembutalboutique.com\/es\/producto\/comprar-alpha-php-online-2\/\" \/>\n<meta property=\"og:site_name\" content=\"Nembutal Boutique\" \/>\n<meta property=\"article:modified_time\" content=\"2024-09-20T10:47:58+00:00\" \/>\n<meta property=\"og:image\" content=\"https:\/\/nembutalboutique.com\/wp-content\/uploads\/2024\/09\/A-PPP.gif\" \/>\n\t<meta property=\"og:image:width\" content=\"600\" \/>\n\t<meta property=\"og:image:height\" content=\"600\" \/>\n\t<meta property=\"og:image:type\" content=\"image\/gif\" \/>\n<meta name=\"twitter:card\" content=\"summary_large_image\" \/>\n<meta name=\"twitter:label1\" content=\"Tiempo de lectura\" \/>\n\t<meta name=\"twitter:data1\" content=\"3 minutos\" \/>\n<script type=\"application\/ld+json\" class=\"yoast-schema-graph\">{\"@context\":\"https:\/\/schema.org\",\"@graph\":[{\"@type\":\"WebPage\",\"@id\":\"https:\/\/nembutalboutique.com\/produit\/alpha-php\/\",\"url\":\"https:\/\/nembutalboutique.com\/produit\/alpha-php\/\",\"name\":\"Acheter Alpha PHP en ligne - Alpha PHP \u00e0 vendre en ligne\",\"isPartOf\":{\"@id\":\"https:\/\/nembutalboutique.com\/#website\"},\"primaryImageOfPage\":{\"@id\":\"https:\/\/nembutalboutique.com\/produit\/alpha-php\/#primaryimage\"},\"image\":{\"@id\":\"https:\/\/nembutalboutique.com\/produit\/alpha-php\/#primaryimage\"},\"thumbnailUrl\":\"https:\/\/nembutalboutique.com\/wp-content\/uploads\/2024\/09\/A-PPP.gif\",\"datePublished\":\"2024-09-16T08:12:44+00:00\",\"dateModified\":\"2024-09-20T10:47:58+00:00\",\"description\":\"Dans notre boutique NembutalBoutique, vous pouvez obtenir Alpha PHP \u00e0 des prix avantageux. Nous ne vendons que des produits de qualit\u00e9 sup\u00e9rieure. Achetez Alpha PHP en ligne d\u00e8s maintenant dans notre boutique. Passez votre commande imm\u00e9diatement !\",\"breadcrumb\":{\"@id\":\"https:\/\/nembutalboutique.com\/produit\/alpha-php\/#breadcrumb\"},\"inLanguage\":\"es\",\"potentialAction\":[{\"@type\":\"ReadAction\",\"target\":[\"https:\/\/nembutalboutique.com\/produit\/alpha-php\/\"]}]},{\"@type\":\"ImageObject\",\"inLanguage\":\"es\",\"@id\":\"https:\/\/nembutalboutique.com\/produit\/alpha-php\/#primaryimage\",\"url\":\"https:\/\/nembutalboutique.com\/wp-content\/uploads\/2024\/09\/A-PPP.gif\",\"contentUrl\":\"https:\/\/nembutalboutique.com\/wp-content\/uploads\/2024\/09\/A-PPP.gif\",\"width\":600,\"height\":600,\"caption\":\"Acheter A-PPP\"},{\"@type\":\"BreadcrumbList\",\"@id\":\"https:\/\/nembutalboutique.com\/produit\/alpha-php\/#breadcrumb\",\"itemListElement\":[{\"@type\":\"ListItem\",\"position\":1,\"name\":\"Home\",\"item\":\"https:\/\/nembutalboutique.com\/\"},{\"@type\":\"ListItem\",\"position\":2,\"name\":\"Boutique\",\"item\":\"https:\/\/nembutalboutique.com\/shop\/\"},{\"@type\":\"ListItem\",\"position\":3,\"name\":\"Alpha PHP\"}]},{\"@type\":\"WebSite\",\"@id\":\"https:\/\/nembutalboutique.com\/#website\",\"url\":\"https:\/\/nembutalboutique.com\/\",\"name\":\"Nembutal Boutique\",\"description\":\"My WordPress Blog\",\"publisher\":{\"@id\":\"https:\/\/nembutalboutique.com\/#organization\"},\"potentialAction\":[{\"@type\":\"SearchAction\",\"target\":{\"@type\":\"EntryPoint\",\"urlTemplate\":\"https:\/\/nembutalboutique.com\/?s={search_term_string}\"},\"query-input\":{\"@type\":\"PropertyValueSpecification\",\"valueRequired\":true,\"valueName\":\"search_term_string\"}}],\"inLanguage\":\"es\"},{\"@type\":\"Organization\",\"@id\":\"https:\/\/nembutalboutique.com\/#organization\",\"name\":\"Nembutal Boutique\",\"url\":\"https:\/\/nembutalboutique.com\/\",\"logo\":{\"@type\":\"ImageObject\",\"inLanguage\":\"es\",\"@id\":\"https:\/\/nembutalboutique.com\/#\/schema\/logo\/image\/\",\"url\":\"https:\/\/nembutalboutique.com\/wp-content\/uploads\/2024\/01\/logo.png\",\"contentUrl\":\"https:\/\/nembutalboutique.com\/wp-content\/uploads\/2024\/01\/logo.png\",\"width\":494,\"height\":121,\"caption\":\"Nembutal Boutique\"},\"image\":{\"@id\":\"https:\/\/nembutalboutique.com\/#\/schema\/logo\/image\/\"}}]}<\/script>\n<!-- \/ Yoast SEO plugin. -->","yoast_head_json":{"title":"Comprar Alpha PHP online - Alpha PHP en venta online","description":"En nuestra NembutalBoutique usted puede conseguir Alpha PHP a grandes precios. S\u00f3lo vendemos productos de primera calidad. Compre Alpha PHP online ahora en nuestra tienda. \u00a1Haga su pedido ahora!","robots":{"index":"index","follow":"follow","max-snippet":"max-snippet:-1","max-image-preview":"max-image-preview:large","max-video-preview":"max-video-preview:-1"},"canonical":"https:\/\/nembutalboutique.com\/es\/producto\/comprar-alpha-php-online-2\/","og_locale":"es_ES","og_type":"article","og_title":"Acheter Alpha PHP en ligne - Alpha PHP \u00e0 vendre en ligne","og_description":"Dans notre boutique NembutalBoutique, vous pouvez obtenir Alpha PHP \u00e0 des prix avantageux. Nous ne vendons que des produits de qualit\u00e9 sup\u00e9rieure. Achetez Alpha PHP en ligne d\u00e8s maintenant dans notre boutique. Passez votre commande imm\u00e9diatement !","og_url":"https:\/\/nembutalboutique.com\/es\/producto\/comprar-alpha-php-online-2\/","og_site_name":"Nembutal Boutique","article_modified_time":"2024-09-20T10:47:58+00:00","og_image":[{"width":600,"height":600,"url":"https:\/\/nembutalboutique.com\/wp-content\/uploads\/2024\/09\/A-PPP.gif","type":"image\/gif"}],"twitter_card":"summary_large_image","twitter_misc":{"Tiempo de lectura":"3 minutos"},"schema":{"@context":"https:\/\/schema.org","@graph":[{"@type":"WebPage","@id":"https:\/\/nembutalboutique.com\/produit\/alpha-php\/","url":"https:\/\/nembutalboutique.com\/produit\/alpha-php\/","name":"Comprar Alpha PHP online - Alpha PHP en venta online","isPartOf":{"@id":"https:\/\/nembutalboutique.com\/#website"},"primaryImageOfPage":{"@id":"https:\/\/nembutalboutique.com\/produit\/alpha-php\/#primaryimage"},"image":{"@id":"https:\/\/nembutalboutique.com\/produit\/alpha-php\/#primaryimage"},"thumbnailUrl":"https:\/\/nembutalboutique.com\/wp-content\/uploads\/2024\/09\/A-PPP.gif","datePublished":"2024-09-16T08:12:44+00:00","dateModified":"2024-09-20T10:47:58+00:00","description":"En nuestra NembutalBoutique usted puede conseguir Alpha PHP a grandes precios. S\u00f3lo vendemos productos de primera calidad. Compre Alpha PHP online ahora en nuestra tienda. \u00a1Haga su pedido ahora!","breadcrumb":{"@id":"https:\/\/nembutalboutique.com\/produit\/alpha-php\/#breadcrumb"},"inLanguage":"es","potentialAction":[{"@type":"ReadAction","target":["https:\/\/nembutalboutique.com\/produit\/alpha-php\/"]}]},{"@type":"ImageObject","inLanguage":"es","@id":"https:\/\/nembutalboutique.com\/produit\/alpha-php\/#primaryimage","url":"https:\/\/nembutalboutique.com\/wp-content\/uploads\/2024\/09\/A-PPP.gif","contentUrl":"https:\/\/nembutalboutique.com\/wp-content\/uploads\/2024\/09\/A-PPP.gif","width":600,"height":600,"caption":"Acheter A-PPP"},{"@type":"BreadcrumbList","@id":"https:\/\/nembutalboutique.com\/produit\/alpha-php\/#breadcrumb","itemListElement":[{"@type":"ListItem","position":1,"name":"Home","item":"https:\/\/nembutalboutique.com\/"},{"@type":"ListItem","position":2,"name":"Boutique","item":"https:\/\/nembutalboutique.com\/shop\/"},{"@type":"ListItem","position":3,"name":"Alpha PHP"}]},{"@type":"WebSite","@id":"https:\/\/nembutalboutique.com\/#website","url":"https:\/\/nembutalboutique.com\/","name":"Boutique Nembutal","description":"Mi blog de WordPress","publisher":{"@id":"https:\/\/nembutalboutique.com\/#organization"},"potentialAction":[{"@type":"SearchAction","target":{"@type":"EntryPoint","urlTemplate":"https:\/\/nembutalboutique.com\/?s={search_term_string}"},"query-input":{"@type":"PropertyValueSpecification","valueRequired":true,"valueName":"search_term_string"}}],"inLanguage":"es"},{"@type":"Organization","@id":"https:\/\/nembutalboutique.com\/#organization","name":"Boutique Nembutal","url":"https:\/\/nembutalboutique.com\/","logo":{"@type":"ImageObject","inLanguage":"es","@id":"https:\/\/nembutalboutique.com\/#\/schema\/logo\/image\/","url":"https:\/\/nembutalboutique.com\/wp-content\/uploads\/2024\/01\/logo.png","contentUrl":"https:\/\/nembutalboutique.com\/wp-content\/uploads\/2024\/01\/logo.png","width":494,"height":121,"caption":"Nembutal Boutique"},"image":{"@id":"https:\/\/nembutalboutique.com\/#\/schema\/logo\/image\/"}}]}},"_links":{"self":[{"href":"https:\/\/nembutalboutique.com\/es\/wp-json\/wp\/v2\/product\/2822"}],"collection":[{"href":"https:\/\/nembutalboutique.com\/es\/wp-json\/wp\/v2\/product"}],"about":[{"href":"https:\/\/nembutalboutique.com\/es\/wp-json\/wp\/v2\/types\/product"}],"replies":[{"embeddable":true,"href":"https:\/\/nembutalboutique.com\/es\/wp-json\/wp\/v2\/comments?post=2822"}],"wp:featuredmedia":[{"embeddable":true,"href":"https:\/\/nembutalboutique.com\/es\/wp-json\/wp\/v2\/media\/2835"}],"wp:attachment":[{"href":"https:\/\/nembutalboutique.com\/es\/wp-json\/wp\/v2\/media?parent=2822"}],"wp:term":[{"taxonomy":"product_brand","embeddable":true,"href":"https:\/\/nembutalboutique.com\/es\/wp-json\/wp\/v2\/product_brand?post=2822"},{"taxonomy":"product_cat","embeddable":true,"href":"https:\/\/nembutalboutique.com\/es\/wp-json\/wp\/v2\/product_cat?post=2822"},{"taxonomy":"product_tag","embeddable":true,"href":"https:\/\/nembutalboutique.com\/es\/wp-json\/wp\/v2\/product_tag?post=2822"}],"curies":[{"name":"wp","href":"https:\/\/api.w.org\/{rel}","templated":true}]}}