{"id":2820,"date":"2024-09-16T08:12:44","date_gmt":"2024-09-16T08:12:44","guid":{"rendered":"https:\/\/nembutalboutique.com\/?post_type=product&#038;p=2820"},"modified":"2024-09-20T07:50:15","modified_gmt":"2024-09-20T07:50:15","slug":"4f-pv8","status":"publish","type":"product","link":"https:\/\/nembutalboutique.com\/es\/producto\/comprar-4f-pv8-online\/","title":{"rendered":"4F-PV8"},"content":{"rendered":"<p><a href=\"https:\/\/en.wikipedia.org\/wiki\/4%27-Fluoro-%CE%B1-pyrrolidinooctanophenone\">4F-PV8<\/a> al comprar Buy nembutal \u00a1porque la calidad es importante!<br \/>\nCompre 4F-PV8 en l\u00ednea a las mejores empresas qu\u00edmicas europeas. Garantizado para ser producido con al menos 98 % pureza. \u00a1Suministramos el COA de cada carga producida qu\u00edmicamente durante nuestra investigaci\u00f3n!<\/p>\n<h2>Materiales en el 4F-PV8<\/h2>\n<p>Contiene un m\u00ednimo de 98 % + 4F-PV8 puros por unidad de control.<\/p>\n<p><strong>Dosificaci\u00f3n de 4-F-PV8<\/strong><\/p>\n<p>No existe una dosis recomendada porque el <a href=\"https:\/\/nembutalboutique.com\/produit\/acheter-4f-pv8-en-ligne\/\">4F-PV8<\/a> s\u00f3lo se vende para su uso en la investigaci\u00f3n qu\u00edmica cient\u00edfica y no est\u00e1 destinado al consumo humano.<\/p>\n<p><strong>Los efectos de 4F-PV8<\/strong><\/p>\n<p>Los efectos cl\u00ednicos de la mayor\u00eda de las nuevas drogas sint\u00e9ticas, como la 4F-PV8, pueden clasificarse como estimulantes, alucin\u00f3genos u opi\u00e1ceos. Adem\u00e1s, se tiene una combinaci\u00f3n de estos efectos con la sustituci\u00f3n de sidekette sint\u00e9tico.<br \/>\nEl uso de 4F-PV8 junto con otras drogas sint\u00e9ticas puede causar graves efectos secundarios. Aunque la sustancia no ha sido probada cl\u00ednicamente, \u00a1est\u00e1 en cierto modo aprobada como producto para el prescriptor! Como tal, \u00a1el 4F-PV8 est\u00e1 destinado \u00fanicamente a la investigaci\u00f3n cient\u00edfica y no debe utilizarse con fines humanos!<\/p>\n<h3>C\u00f3mo almacenar 4F-PV8<\/h3>\n<p>4F-PV8 debe almacenarse a una temperatura inferior a 30 grados Celsius. 4F-PV8 debe almacenarse en su envase original, protegido de la luz solar directa y de la humedad.<\/p>\n<p>4-PV8<\/p>\n<p>Datos t\u00e9cnicos<\/p>\n<p>1-(4-metoxifenil)-2-(pirrolidin-1-il)heptan-1-ona, monohidrocloruro es la denominaci\u00f3n oficial.<\/p>\n<p>Equivalente<\/p>\n<p>4-PV8<\/p>\n<p>p-MeO-PV8<\/p>\n<p>4-PHP Foxi<\/p>\n<p>HCl - Forma de adici\u00f3n C18H27NO2<\/p>\n<p>325,9 Peso de la f\u00f3rmula<\/p>\n<p>Resistencia 98 %<\/p>\n<p>Formulaci\u00f3n A cristalizada en estado s\u00f3lido<br \/>\nNembutalboutique: Suministramos productos qu\u00edmicos de investigaci\u00f3n a personas de todo el mundo.<\/p>\n<p>Proveedores de productos qu\u00edmicos de investigaci\u00f3n fiables, controlados, validados, seguros y autorizados<\/p>\n<p>Presentamos NembutalBoutique, un reputado proveedor de productos qu\u00edmicos para investigaci\u00f3n que ofrece los materiales m\u00e1s novedosos para sus proyectos. Necesita un proveedor de confianza que le proporcione productos qu\u00edmicos 100 % aut\u00e9nticos y puros. Trabajar con nosotros le convencer\u00e1 de ello. Estamos muy orgullosos de habernos establecido como uno de los proveedores m\u00e1s reputados del sector gracias a nuestra dedicaci\u00f3n a la calidad y la integridad cient\u00edfica.<\/p>\n<p>Nuestros clientes pueden beneficiarse de nuestra amplia gama de opciones de pago, una entrega fiable y la mayor selecci\u00f3n de productos qu\u00edmicos para investigaci\u00f3n. De este modo, podemos apoyar a muchos investigadores de todo el continente.<\/p>\n<p>Localice materiales de investigaci\u00f3n poco convencionales y poco explorados que tienen el potencial de tener un impacto significativo en los estudios de f\u00edsica, qu\u00edmica, biolog\u00eda o farmacolog\u00eda. Buscamos constantemente formas de mejorar nuestra oferta y, siempre que es posible, a\u00f1adimos nuevos productos qu\u00edmicos de investigaci\u00f3n a nuestra lista de productos para lograr nuestro objetivo.<\/p>\n<p>En funci\u00f3n de sus necesidades inmediatas, nuestros clientes pueden hacer pedidos en cantidades mayores o menores. Nos sentimos muy orgullosos de tomar las preferencias que nuestros clientes de todo el mundo nos han hecho llegar, pensarlas y suministrar los productos qu\u00edmicos de investigaci\u00f3n que nuestros clientes solicitan espec\u00edficamente. Nuestro principal objetivo es facilitar el acceso de la comunidad cient\u00edfica a productos qu\u00edmicos de investigaci\u00f3n revolucionarios y de alta calidad, a la vez que hacemos avanzar el conocimiento a trav\u00e9s de la tecnolog\u00eda.<\/p>\n<p>Tenga en cuenta que la compra de nembutal limita el uso estricto de sus sujetos de investigaci\u00f3n a estudios cient\u00edficos leg\u00edtimos realizados en un entorno de laboratorio seguro y regulado, cumpliendo las leyes y normativas locales. Las pruebas en humanos de nuestro art\u00edculo est\u00e1n estrictamente prohibidas en todos los casos.<\/p>\n<h3>Tienda de productos qu\u00edmicos, First Research, Inc.<\/h3>\n<p>Suministramos productos qu\u00edmicos de investigaci\u00f3n a instituciones m\u00e9dicas, toxic\u00f3logos, bioqu\u00edmicos, farmac\u00e9uticos, estudiantes de qu\u00edmica, investigadores farmac\u00e9uticos y centros educativos.<\/p>","protected":false},"excerpt":{"rendered":"<p>4F-PV8 \u00e0 l&rsquo;achat Achetez du nembutal car la qualit\u00e9 est importante ! Achetez du 4F-PV8 en ligne aupr\u00e8s des meilleures entreprises chimiques europ\u00e9ennes. Garanti d&rsquo;\u00eatre produit avec au moins 98 % de puret\u00e9. Nous fournissons le COA de chaque charge produite chimiquement au cours de nos recherches ! Mat\u00e9riaux dans le 4F-PV8 Contient un minimum [&hellip;]<\/p>","protected":false},"featured_media":2834,"comment_status":"open","ping_status":"closed","template":"","meta":{"_joinchat":[]},"product_brand":[],"product_cat":[385],"product_tag":[],"class_list":{"0":"post-2820","1":"product","2":"type-product","3":"status-publish","4":"has-post-thumbnail","6":"product_cat-forschung-schemikalien","8":"first","9":"instock","10":"shipping-taxable","11":"purchasable","12":"product-type-variable"},"yoast_head":"<!-- This site is optimized with the Yoast SEO plugin v23.5 - https:\/\/yoast.com\/wordpress\/plugins\/seo\/ -->\n<title>Achetez 4F-PV8 en ligne - 4F-PV8 \u00e0 vendre - Commandez 4F-PV8<\/title>\n<meta name=\"description\" content=\"Vous pouvez acheter du 4F-PV8 en ligne aux meilleurs prix dans notre boutique de m\u00e9dicaments en ligne. Nous proposons du 4F-PV8 bon march\u00e9 et de haute qualit\u00e9 \u00e0 la vente et proposons une livraison dans le monde entier. Vous pouvez commander de n&#039;importe o\u00f9, \u00e0 tout moment.\" \/>\n<meta name=\"robots\" content=\"index, follow, max-snippet:-1, max-image-preview:large, max-video-preview:-1\" \/>\n<link rel=\"canonical\" href=\"https:\/\/nembutalboutique.com\/es\/producto\/comprar-4f-pv8-online\/\" \/>\n<meta property=\"og:locale\" content=\"es_ES\" \/>\n<meta property=\"og:type\" content=\"article\" \/>\n<meta property=\"og:title\" content=\"Achetez 4F-PV8 en ligne - 4F-PV8 \u00e0 vendre - Commandez 4F-PV8\" \/>\n<meta property=\"og:description\" content=\"Vous pouvez acheter du 4F-PV8 en ligne aux meilleurs prix dans notre boutique de m\u00e9dicaments en ligne. Nous proposons du 4F-PV8 bon march\u00e9 et de haute qualit\u00e9 \u00e0 la vente et proposons une livraison dans le monde entier. Vous pouvez commander de n&#039;importe o\u00f9, \u00e0 tout moment.\" \/>\n<meta property=\"og:url\" content=\"https:\/\/nembutalboutique.com\/es\/producto\/comprar-4f-pv8-online\/\" \/>\n<meta property=\"og:site_name\" content=\"Nembutal Boutique\" \/>\n<meta property=\"article:modified_time\" content=\"2024-09-20T07:50:15+00:00\" \/>\n<meta property=\"og:image\" content=\"https:\/\/nembutalboutique.com\/wp-content\/uploads\/2024\/09\/4FPV8.gif\" \/>\n\t<meta property=\"og:image:width\" content=\"600\" \/>\n\t<meta property=\"og:image:height\" content=\"600\" \/>\n\t<meta property=\"og:image:type\" content=\"image\/gif\" \/>\n<meta name=\"twitter:card\" content=\"summary_large_image\" \/>\n<meta name=\"twitter:label1\" content=\"Tiempo de lectura\" \/>\n\t<meta name=\"twitter:data1\" content=\"4 minutos\" \/>\n<script type=\"application\/ld+json\" class=\"yoast-schema-graph\">{\"@context\":\"https:\/\/schema.org\",\"@graph\":[{\"@type\":\"WebPage\",\"@id\":\"https:\/\/nembutalboutique.com\/produit\/4f-pv8\/\",\"url\":\"https:\/\/nembutalboutique.com\/produit\/4f-pv8\/\",\"name\":\"Achetez 4F-PV8 en ligne - 4F-PV8 \u00e0 vendre - Commandez 4F-PV8\",\"isPartOf\":{\"@id\":\"https:\/\/nembutalboutique.com\/#website\"},\"primaryImageOfPage\":{\"@id\":\"https:\/\/nembutalboutique.com\/produit\/4f-pv8\/#primaryimage\"},\"image\":{\"@id\":\"https:\/\/nembutalboutique.com\/produit\/4f-pv8\/#primaryimage\"},\"thumbnailUrl\":\"https:\/\/nembutalboutique.com\/wp-content\/uploads\/2024\/09\/4FPV8.gif\",\"datePublished\":\"2024-09-16T08:12:44+00:00\",\"dateModified\":\"2024-09-20T07:50:15+00:00\",\"description\":\"Vous pouvez acheter du 4F-PV8 en ligne aux meilleurs prix dans notre boutique de m\u00e9dicaments en ligne. Nous proposons du 4F-PV8 bon march\u00e9 et de haute qualit\u00e9 \u00e0 la vente et proposons une livraison dans le monde entier. Vous pouvez commander de n'importe o\u00f9, \u00e0 tout moment.\",\"breadcrumb\":{\"@id\":\"https:\/\/nembutalboutique.com\/produit\/4f-pv8\/#breadcrumb\"},\"inLanguage\":\"es\",\"potentialAction\":[{\"@type\":\"ReadAction\",\"target\":[\"https:\/\/nembutalboutique.com\/produit\/4f-pv8\/\"]}]},{\"@type\":\"ImageObject\",\"inLanguage\":\"es\",\"@id\":\"https:\/\/nembutalboutique.com\/produit\/4f-pv8\/#primaryimage\",\"url\":\"https:\/\/nembutalboutique.com\/wp-content\/uploads\/2024\/09\/4FPV8.gif\",\"contentUrl\":\"https:\/\/nembutalboutique.com\/wp-content\/uploads\/2024\/09\/4FPV8.gif\",\"width\":600,\"height\":600,\"caption\":\"Acheter 4F-PV8\"},{\"@type\":\"BreadcrumbList\",\"@id\":\"https:\/\/nembutalboutique.com\/produit\/4f-pv8\/#breadcrumb\",\"itemListElement\":[{\"@type\":\"ListItem\",\"position\":1,\"name\":\"Home\",\"item\":\"https:\/\/nembutalboutique.com\/\"},{\"@type\":\"ListItem\",\"position\":2,\"name\":\"Boutique\",\"item\":\"https:\/\/nembutalboutique.com\/shop\/\"},{\"@type\":\"ListItem\",\"position\":3,\"name\":\"4F-PV8\"}]},{\"@type\":\"WebSite\",\"@id\":\"https:\/\/nembutalboutique.com\/#website\",\"url\":\"https:\/\/nembutalboutique.com\/\",\"name\":\"Nembutal Boutique\",\"description\":\"My WordPress Blog\",\"publisher\":{\"@id\":\"https:\/\/nembutalboutique.com\/#organization\"},\"potentialAction\":[{\"@type\":\"SearchAction\",\"target\":{\"@type\":\"EntryPoint\",\"urlTemplate\":\"https:\/\/nembutalboutique.com\/?s={search_term_string}\"},\"query-input\":{\"@type\":\"PropertyValueSpecification\",\"valueRequired\":true,\"valueName\":\"search_term_string\"}}],\"inLanguage\":\"es\"},{\"@type\":\"Organization\",\"@id\":\"https:\/\/nembutalboutique.com\/#organization\",\"name\":\"Nembutal Boutique\",\"url\":\"https:\/\/nembutalboutique.com\/\",\"logo\":{\"@type\":\"ImageObject\",\"inLanguage\":\"es\",\"@id\":\"https:\/\/nembutalboutique.com\/#\/schema\/logo\/image\/\",\"url\":\"https:\/\/nembutalboutique.com\/wp-content\/uploads\/2024\/01\/logo.png\",\"contentUrl\":\"https:\/\/nembutalboutique.com\/wp-content\/uploads\/2024\/01\/logo.png\",\"width\":494,\"height\":121,\"caption\":\"Nembutal Boutique\"},\"image\":{\"@id\":\"https:\/\/nembutalboutique.com\/#\/schema\/logo\/image\/\"}}]}<\/script>\n<!-- \/ Yoast SEO plugin. -->","yoast_head_json":{"title":"Comprar 4F-PV8 online - 4F-PV8 en venta - Pedir 4F-PV8","description":"Puede comprar 4F-PV8 en l\u00ednea a los mejores precios en nuestra tienda de medicamentos en l\u00ednea. Ofrecemos barato, de alta calidad 4F-PV8 para la venta y la entrega en todo el mundo. Usted puede ordenar desde cualquier lugar, en cualquier momento.","robots":{"index":"index","follow":"follow","max-snippet":"max-snippet:-1","max-image-preview":"max-image-preview:large","max-video-preview":"max-video-preview:-1"},"canonical":"https:\/\/nembutalboutique.com\/es\/producto\/comprar-4f-pv8-online\/","og_locale":"es_ES","og_type":"article","og_title":"Achetez 4F-PV8 en ligne - 4F-PV8 \u00e0 vendre - Commandez 4F-PV8","og_description":"Vous pouvez acheter du 4F-PV8 en ligne aux meilleurs prix dans notre boutique de m\u00e9dicaments en ligne. Nous proposons du 4F-PV8 bon march\u00e9 et de haute qualit\u00e9 \u00e0 la vente et proposons une livraison dans le monde entier. Vous pouvez commander de n'importe o\u00f9, \u00e0 tout moment.","og_url":"https:\/\/nembutalboutique.com\/es\/producto\/comprar-4f-pv8-online\/","og_site_name":"Nembutal Boutique","article_modified_time":"2024-09-20T07:50:15+00:00","og_image":[{"width":600,"height":600,"url":"https:\/\/nembutalboutique.com\/wp-content\/uploads\/2024\/09\/4FPV8.gif","type":"image\/gif"}],"twitter_card":"summary_large_image","twitter_misc":{"Tiempo de lectura":"4 minutos"},"schema":{"@context":"https:\/\/schema.org","@graph":[{"@type":"WebPage","@id":"https:\/\/nembutalboutique.com\/produit\/4f-pv8\/","url":"https:\/\/nembutalboutique.com\/produit\/4f-pv8\/","name":"Comprar 4F-PV8 online - 4F-PV8 en venta - Pedir 4F-PV8","isPartOf":{"@id":"https:\/\/nembutalboutique.com\/#website"},"primaryImageOfPage":{"@id":"https:\/\/nembutalboutique.com\/produit\/4f-pv8\/#primaryimage"},"image":{"@id":"https:\/\/nembutalboutique.com\/produit\/4f-pv8\/#primaryimage"},"thumbnailUrl":"https:\/\/nembutalboutique.com\/wp-content\/uploads\/2024\/09\/4FPV8.gif","datePublished":"2024-09-16T08:12:44+00:00","dateModified":"2024-09-20T07:50:15+00:00","description":"Puede comprar 4F-PV8 en l\u00ednea a los mejores precios en nuestra tienda de medicamentos en l\u00ednea. Ofrecemos barato, de alta calidad 4F-PV8 para la venta y la entrega en todo el mundo. Usted puede ordenar desde cualquier lugar, en cualquier momento.","breadcrumb":{"@id":"https:\/\/nembutalboutique.com\/produit\/4f-pv8\/#breadcrumb"},"inLanguage":"es","potentialAction":[{"@type":"ReadAction","target":["https:\/\/nembutalboutique.com\/produit\/4f-pv8\/"]}]},{"@type":"ImageObject","inLanguage":"es","@id":"https:\/\/nembutalboutique.com\/produit\/4f-pv8\/#primaryimage","url":"https:\/\/nembutalboutique.com\/wp-content\/uploads\/2024\/09\/4FPV8.gif","contentUrl":"https:\/\/nembutalboutique.com\/wp-content\/uploads\/2024\/09\/4FPV8.gif","width":600,"height":600,"caption":"Acheter 4F-PV8"},{"@type":"BreadcrumbList","@id":"https:\/\/nembutalboutique.com\/produit\/4f-pv8\/#breadcrumb","itemListElement":[{"@type":"ListItem","position":1,"name":"Home","item":"https:\/\/nembutalboutique.com\/"},{"@type":"ListItem","position":2,"name":"Boutique","item":"https:\/\/nembutalboutique.com\/shop\/"},{"@type":"ListItem","position":3,"name":"4F-PV8"}]},{"@type":"WebSite","@id":"https:\/\/nembutalboutique.com\/#website","url":"https:\/\/nembutalboutique.com\/","name":"Boutique Nembutal","description":"Mi blog de WordPress","publisher":{"@id":"https:\/\/nembutalboutique.com\/#organization"},"potentialAction":[{"@type":"SearchAction","target":{"@type":"EntryPoint","urlTemplate":"https:\/\/nembutalboutique.com\/?s={search_term_string}"},"query-input":{"@type":"PropertyValueSpecification","valueRequired":true,"valueName":"search_term_string"}}],"inLanguage":"es"},{"@type":"Organization","@id":"https:\/\/nembutalboutique.com\/#organization","name":"Boutique Nembutal","url":"https:\/\/nembutalboutique.com\/","logo":{"@type":"ImageObject","inLanguage":"es","@id":"https:\/\/nembutalboutique.com\/#\/schema\/logo\/image\/","url":"https:\/\/nembutalboutique.com\/wp-content\/uploads\/2024\/01\/logo.png","contentUrl":"https:\/\/nembutalboutique.com\/wp-content\/uploads\/2024\/01\/logo.png","width":494,"height":121,"caption":"Nembutal Boutique"},"image":{"@id":"https:\/\/nembutalboutique.com\/#\/schema\/logo\/image\/"}}]}},"_links":{"self":[{"href":"https:\/\/nembutalboutique.com\/es\/wp-json\/wp\/v2\/product\/2820"}],"collection":[{"href":"https:\/\/nembutalboutique.com\/es\/wp-json\/wp\/v2\/product"}],"about":[{"href":"https:\/\/nembutalboutique.com\/es\/wp-json\/wp\/v2\/types\/product"}],"replies":[{"embeddable":true,"href":"https:\/\/nembutalboutique.com\/es\/wp-json\/wp\/v2\/comments?post=2820"}],"wp:featuredmedia":[{"embeddable":true,"href":"https:\/\/nembutalboutique.com\/es\/wp-json\/wp\/v2\/media\/2834"}],"wp:attachment":[{"href":"https:\/\/nembutalboutique.com\/es\/wp-json\/wp\/v2\/media?parent=2820"}],"wp:term":[{"taxonomy":"product_brand","embeddable":true,"href":"https:\/\/nembutalboutique.com\/es\/wp-json\/wp\/v2\/product_brand?post=2820"},{"taxonomy":"product_cat","embeddable":true,"href":"https:\/\/nembutalboutique.com\/es\/wp-json\/wp\/v2\/product_cat?post=2820"},{"taxonomy":"product_tag","embeddable":true,"href":"https:\/\/nembutalboutique.com\/es\/wp-json\/wp\/v2\/product_tag?post=2820"}],"curies":[{"name":"wp","href":"https:\/\/api.w.org\/{rel}","templated":true}]}}