{"id":2690,"date":"2024-09-16T08:11:44","date_gmt":"2024-09-16T08:11:44","guid":{"rendered":"https:\/\/nembutalboutique.com\/?post_type=product&#038;p=2690"},"modified":"2024-09-20T11:15:05","modified_gmt":"2024-09-20T11:15:05","slug":"thpvp","status":"publish","type":"product","link":"https:\/\/nembutalboutique.com\/es\/producto\/comprar-thpvp-online\/","title":{"rendered":"THPVP"},"content":{"rendered":"<h2>COMPRAR TH-PVP: \u00bfQU\u00c9 ES?<\/h2>\n<p>Comprar THPVP; El <a href=\"https:\/\/nembutalboutique.com\/produit\/thpvp\/\">TH-PVP<\/a> se ha hecho famosa como droga sint\u00e9tica en los \u00faltimos a\u00f1os. Este compuesto qu\u00edmico es un subproducto natural de la planta del khat y se elabora a partir del chinon. Alemania, Espa\u00f1a, B\u00e9lgica, Polonia, Turqu\u00eda y Brasil son algunos de los pa\u00edses donde se ha descubierto el TH-PVP. Este art\u00edculo examina la farmacolog\u00eda, los efectos, los antecedentes hist\u00f3ricos y los riesgos potenciales del TH-PVP.<\/p>\n<h3><strong>LA VERSI\u00d3N TH-PVP<\/strong><\/h3>\n<p>El laboratorio forense alem\u00e1n identific\u00f3 por primera vez el TH-PVP en 2015. R\u00e1pidamente se extendi\u00f3 a otros pa\u00edses y adquiri\u00f3 notoriedad como elemento disuasorio contra el aumento de las agresiones sexuales. La TH-PVP suele suministrarse en forma de polvo blanco o gris y venderse como sustancia qu\u00edmica de investigaci\u00f3n o droga de dise\u00f1o. La sustancia suele tomarse por v\u00eda oral, disuelta o ingerida.<\/p>\n<h3>Farmacolog\u00eda de la PVP (Th-PVP)<\/h3>\n<p>Los estudios in vitro han demostrado que <a href=\"https:\/\/en.wikipedia.org\/wiki\/PVP\">TH-PVP<\/a> permite la recuperaci\u00f3n de los neurotransmisores monoamin\u00e9rgicos, incluida la serotonina. Adem\u00e1s, se produce un aumento de la liberaci\u00f3n de este neurotransmisor, lo que puede provocar cambios en el comportamiento y el estado de \u00e1nimo. A pesar de estos resultados, no se ha demostrado que la TH-PVP tenga un efecto estimulante en los animales. Seg\u00fan algunos investigadores, el perfil farmacol\u00f3gico de la TH-PVP se asemeja m\u00e1s al de empat\u00f3genos sedantes como la 5-metil-MDA y la MDAI.<\/p>\n<h3>TH-PVP AUSWIRKUNGEN UNGEN UND EFAHREN<\/h3>\n<p>Los efectos de la TH-PVP pueden variar considerablemente en funci\u00f3n de la dosis, la v\u00eda de administraci\u00f3n y las caracter\u00edsticas individuales. Los consumidores de TH-PVP han declarado sentirse felices, satisfechos y confiados. Otros han informado de sentimientos de ira, paranoia y feindseligkeit. Los efectos secundarios peligrosos de la TH-PVP incluyen a veces calambres, alucinaciones e incluso la muerte.<\/p>\n<p>Dado que el TH-PVP suele venderse como droga sint\u00e9tica, los riesgos son especialmente graves. Esto indica que el producto qu\u00edmico se utilizar\u00e1 indebidamente y se sustituir\u00e1 por un sustituto seguro de las drogas ilegales. Pero como el TH-PVP se fabrica generalmente en entornos no regulados, la cohesi\u00f3n y la flexibilidad de los rellenos pueden diferir considerablemente. Esto puede tener consecuencias inesperadas y peligrosas.<\/p>\n<p>En los \u00faltimos a\u00f1os, el TH-PVP se ha hecho cada vez m\u00e1s popular como droga sint\u00e9tica. Aunque se presenta como un sustituto seguro y legal de las drogas ilegales, esta sustancia se produce con frecuencia en laboratorios no regulados y puede ser perjudicial para la salud. Es preciso conocer los riesgos asociados a la TH-PVP y evitar su consumo. Si usted o alguien que conoce sufre adicci\u00f3n a las drogas, consulte a un m\u00e9dico cualificado y compre THPVP.<\/p>","protected":false},"excerpt":{"rendered":"<p>ACHETER DU TH-PVP : QU&rsquo;EST-CE QUE C&rsquo;EST ? Acheter du THPVP ; Le TH-PVP est devenu c\u00e9l\u00e8bre en tant que drogue de synth\u00e8se ces derni\u00e8res ann\u00e9es. Ce compos\u00e9 chimique est un sous-produit naturel de la plante de khat et est fabriqu\u00e9 \u00e0 partir de chinon. L&rsquo;Allemagne, l&rsquo;Espagne, la Belgique, la Pologne, la Turquie et le [&hellip;]<\/p>","protected":false},"featured_media":2703,"comment_status":"open","ping_status":"closed","template":"","meta":{"_joinchat":[]},"product_brand":[],"product_cat":[387],"product_tag":[],"class_list":{"0":"post-2690","1":"product","2":"type-product","3":"status-publish","4":"has-post-thumbnail","6":"product_cat-cathinone","8":"first","9":"instock","10":"shipping-taxable","11":"purchasable","12":"product-type-variable"},"yoast_head":"<!-- This site is optimized with the Yoast SEO plugin v23.5 - https:\/\/yoast.com\/wordpress\/plugins\/seo\/ -->\n<title>Achetez THPVP en ligne - THPVP \u00e0 vendre<\/title>\n<meta name=\"description\" content=\"Si vous souhaitez acheter du THPVP en ligne, notre boutique Nembutal peut vous aider. Nous avons du THPVP en vente aux meilleurs prix ici. Passez votre commande maintenant !\" \/>\n<meta name=\"robots\" content=\"index, follow, max-snippet:-1, max-image-preview:large, max-video-preview:-1\" \/>\n<link rel=\"canonical\" href=\"https:\/\/nembutalboutique.com\/es\/producto\/comprar-thpvp-online\/\" \/>\n<meta property=\"og:locale\" content=\"es_ES\" \/>\n<meta property=\"og:type\" content=\"article\" \/>\n<meta property=\"og:title\" content=\"Achetez THPVP en ligne - THPVP \u00e0 vendre\" \/>\n<meta property=\"og:description\" content=\"Si vous souhaitez acheter du THPVP en ligne, notre boutique Nembutal peut vous aider. Nous avons du THPVP en vente aux meilleurs prix ici. Passez votre commande maintenant !\" \/>\n<meta property=\"og:url\" content=\"https:\/\/nembutalboutique.com\/es\/producto\/comprar-thpvp-online\/\" \/>\n<meta property=\"og:site_name\" content=\"Nembutal Boutique\" \/>\n<meta property=\"article:modified_time\" content=\"2024-09-20T11:15:05+00:00\" \/>\n<meta property=\"og:image\" content=\"https:\/\/nembutalboutique.com\/wp-content\/uploads\/2024\/09\/Thpvp.gif\" \/>\n\t<meta property=\"og:image:width\" content=\"600\" \/>\n\t<meta property=\"og:image:height\" content=\"600\" \/>\n\t<meta property=\"og:image:type\" content=\"image\/gif\" \/>\n<meta name=\"twitter:card\" content=\"summary_large_image\" \/>\n<meta name=\"twitter:label1\" content=\"Tiempo de lectura\" \/>\n\t<meta name=\"twitter:data1\" content=\"3 minutos\" \/>\n<script type=\"application\/ld+json\" class=\"yoast-schema-graph\">{\"@context\":\"https:\/\/schema.org\",\"@graph\":[{\"@type\":\"WebPage\",\"@id\":\"https:\/\/nembutalboutique.com\/produit\/thpvp\/\",\"url\":\"https:\/\/nembutalboutique.com\/produit\/thpvp\/\",\"name\":\"Achetez THPVP en ligne - THPVP \u00e0 vendre\",\"isPartOf\":{\"@id\":\"https:\/\/nembutalboutique.com\/#website\"},\"primaryImageOfPage\":{\"@id\":\"https:\/\/nembutalboutique.com\/produit\/thpvp\/#primaryimage\"},\"image\":{\"@id\":\"https:\/\/nembutalboutique.com\/produit\/thpvp\/#primaryimage\"},\"thumbnailUrl\":\"https:\/\/nembutalboutique.com\/wp-content\/uploads\/2024\/09\/Thpvp.gif\",\"datePublished\":\"2024-09-16T08:11:44+00:00\",\"dateModified\":\"2024-09-20T11:15:05+00:00\",\"description\":\"Si vous souhaitez acheter du THPVP en ligne, notre boutique Nembutal peut vous aider. Nous avons du THPVP en vente aux meilleurs prix ici. Passez votre commande maintenant !\",\"breadcrumb\":{\"@id\":\"https:\/\/nembutalboutique.com\/produit\/thpvp\/#breadcrumb\"},\"inLanguage\":\"es\",\"potentialAction\":[{\"@type\":\"ReadAction\",\"target\":[\"https:\/\/nembutalboutique.com\/produit\/thpvp\/\"]}]},{\"@type\":\"ImageObject\",\"inLanguage\":\"es\",\"@id\":\"https:\/\/nembutalboutique.com\/produit\/thpvp\/#primaryimage\",\"url\":\"https:\/\/nembutalboutique.com\/wp-content\/uploads\/2024\/09\/Thpvp.gif\",\"contentUrl\":\"https:\/\/nembutalboutique.com\/wp-content\/uploads\/2024\/09\/Thpvp.gif\",\"width\":600,\"height\":600,\"caption\":\"acheter Thpvp.gif\"},{\"@type\":\"BreadcrumbList\",\"@id\":\"https:\/\/nembutalboutique.com\/produit\/thpvp\/#breadcrumb\",\"itemListElement\":[{\"@type\":\"ListItem\",\"position\":1,\"name\":\"Home\",\"item\":\"https:\/\/nembutalboutique.com\/\"},{\"@type\":\"ListItem\",\"position\":2,\"name\":\"Boutique\",\"item\":\"https:\/\/nembutalboutique.com\/shop\/\"},{\"@type\":\"ListItem\",\"position\":3,\"name\":\"THPVP\"}]},{\"@type\":\"WebSite\",\"@id\":\"https:\/\/nembutalboutique.com\/#website\",\"url\":\"https:\/\/nembutalboutique.com\/\",\"name\":\"Nembutal Boutique\",\"description\":\"My WordPress Blog\",\"publisher\":{\"@id\":\"https:\/\/nembutalboutique.com\/#organization\"},\"potentialAction\":[{\"@type\":\"SearchAction\",\"target\":{\"@type\":\"EntryPoint\",\"urlTemplate\":\"https:\/\/nembutalboutique.com\/?s={search_term_string}\"},\"query-input\":{\"@type\":\"PropertyValueSpecification\",\"valueRequired\":true,\"valueName\":\"search_term_string\"}}],\"inLanguage\":\"es\"},{\"@type\":\"Organization\",\"@id\":\"https:\/\/nembutalboutique.com\/#organization\",\"name\":\"Nembutal Boutique\",\"url\":\"https:\/\/nembutalboutique.com\/\",\"logo\":{\"@type\":\"ImageObject\",\"inLanguage\":\"es\",\"@id\":\"https:\/\/nembutalboutique.com\/#\/schema\/logo\/image\/\",\"url\":\"https:\/\/nembutalboutique.com\/wp-content\/uploads\/2024\/01\/logo.png\",\"contentUrl\":\"https:\/\/nembutalboutique.com\/wp-content\/uploads\/2024\/01\/logo.png\",\"width\":494,\"height\":121,\"caption\":\"Nembutal Boutique\"},\"image\":{\"@id\":\"https:\/\/nembutalboutique.com\/#\/schema\/logo\/image\/\"}}]}<\/script>\n<!-- \/ Yoast SEO plugin. -->","yoast_head_json":{"title":"Comprar THPVP online - THPVP en venta","description":"Si desea comprar THPVP en l\u00ednea, nuestra tienda de Nembutal puede ayudarle. Tenemos THPVP a la venta a los mejores precios aqu\u00ed. \u00a1Haga su pedido ahora!","robots":{"index":"index","follow":"follow","max-snippet":"max-snippet:-1","max-image-preview":"max-image-preview:large","max-video-preview":"max-video-preview:-1"},"canonical":"https:\/\/nembutalboutique.com\/es\/producto\/comprar-thpvp-online\/","og_locale":"es_ES","og_type":"article","og_title":"Achetez THPVP en ligne - THPVP \u00e0 vendre","og_description":"Si vous souhaitez acheter du THPVP en ligne, notre boutique Nembutal peut vous aider. Nous avons du THPVP en vente aux meilleurs prix ici. Passez votre commande maintenant !","og_url":"https:\/\/nembutalboutique.com\/es\/producto\/comprar-thpvp-online\/","og_site_name":"Nembutal Boutique","article_modified_time":"2024-09-20T11:15:05+00:00","og_image":[{"width":600,"height":600,"url":"https:\/\/nembutalboutique.com\/wp-content\/uploads\/2024\/09\/Thpvp.gif","type":"image\/gif"}],"twitter_card":"summary_large_image","twitter_misc":{"Tiempo de lectura":"3 minutos"},"schema":{"@context":"https:\/\/schema.org","@graph":[{"@type":"WebPage","@id":"https:\/\/nembutalboutique.com\/produit\/thpvp\/","url":"https:\/\/nembutalboutique.com\/produit\/thpvp\/","name":"Comprar THPVP online - THPVP en venta","isPartOf":{"@id":"https:\/\/nembutalboutique.com\/#website"},"primaryImageOfPage":{"@id":"https:\/\/nembutalboutique.com\/produit\/thpvp\/#primaryimage"},"image":{"@id":"https:\/\/nembutalboutique.com\/produit\/thpvp\/#primaryimage"},"thumbnailUrl":"https:\/\/nembutalboutique.com\/wp-content\/uploads\/2024\/09\/Thpvp.gif","datePublished":"2024-09-16T08:11:44+00:00","dateModified":"2024-09-20T11:15:05+00:00","description":"Si desea comprar THPVP en l\u00ednea, nuestra tienda de Nembutal puede ayudarle. Tenemos THPVP a la venta a los mejores precios aqu\u00ed. \u00a1Haga su pedido ahora!","breadcrumb":{"@id":"https:\/\/nembutalboutique.com\/produit\/thpvp\/#breadcrumb"},"inLanguage":"es","potentialAction":[{"@type":"ReadAction","target":["https:\/\/nembutalboutique.com\/produit\/thpvp\/"]}]},{"@type":"ImageObject","inLanguage":"es","@id":"https:\/\/nembutalboutique.com\/produit\/thpvp\/#primaryimage","url":"https:\/\/nembutalboutique.com\/wp-content\/uploads\/2024\/09\/Thpvp.gif","contentUrl":"https:\/\/nembutalboutique.com\/wp-content\/uploads\/2024\/09\/Thpvp.gif","width":600,"height":600,"caption":"acheter Thpvp.gif"},{"@type":"BreadcrumbList","@id":"https:\/\/nembutalboutique.com\/produit\/thpvp\/#breadcrumb","itemListElement":[{"@type":"ListItem","position":1,"name":"Home","item":"https:\/\/nembutalboutique.com\/"},{"@type":"ListItem","position":2,"name":"Boutique","item":"https:\/\/nembutalboutique.com\/shop\/"},{"@type":"ListItem","position":3,"name":"THPVP"}]},{"@type":"WebSite","@id":"https:\/\/nembutalboutique.com\/#website","url":"https:\/\/nembutalboutique.com\/","name":"Boutique Nembutal","description":"Mi blog de WordPress","publisher":{"@id":"https:\/\/nembutalboutique.com\/#organization"},"potentialAction":[{"@type":"SearchAction","target":{"@type":"EntryPoint","urlTemplate":"https:\/\/nembutalboutique.com\/?s={search_term_string}"},"query-input":{"@type":"PropertyValueSpecification","valueRequired":true,"valueName":"search_term_string"}}],"inLanguage":"es"},{"@type":"Organization","@id":"https:\/\/nembutalboutique.com\/#organization","name":"Boutique Nembutal","url":"https:\/\/nembutalboutique.com\/","logo":{"@type":"ImageObject","inLanguage":"es","@id":"https:\/\/nembutalboutique.com\/#\/schema\/logo\/image\/","url":"https:\/\/nembutalboutique.com\/wp-content\/uploads\/2024\/01\/logo.png","contentUrl":"https:\/\/nembutalboutique.com\/wp-content\/uploads\/2024\/01\/logo.png","width":494,"height":121,"caption":"Nembutal Boutique"},"image":{"@id":"https:\/\/nembutalboutique.com\/#\/schema\/logo\/image\/"}}]}},"_links":{"self":[{"href":"https:\/\/nembutalboutique.com\/es\/wp-json\/wp\/v2\/product\/2690"}],"collection":[{"href":"https:\/\/nembutalboutique.com\/es\/wp-json\/wp\/v2\/product"}],"about":[{"href":"https:\/\/nembutalboutique.com\/es\/wp-json\/wp\/v2\/types\/product"}],"replies":[{"embeddable":true,"href":"https:\/\/nembutalboutique.com\/es\/wp-json\/wp\/v2\/comments?post=2690"}],"wp:featuredmedia":[{"embeddable":true,"href":"https:\/\/nembutalboutique.com\/es\/wp-json\/wp\/v2\/media\/2703"}],"wp:attachment":[{"href":"https:\/\/nembutalboutique.com\/es\/wp-json\/wp\/v2\/media?parent=2690"}],"wp:term":[{"taxonomy":"product_brand","embeddable":true,"href":"https:\/\/nembutalboutique.com\/es\/wp-json\/wp\/v2\/product_brand?post=2690"},{"taxonomy":"product_cat","embeddable":true,"href":"https:\/\/nembutalboutique.com\/es\/wp-json\/wp\/v2\/product_cat?post=2690"},{"taxonomy":"product_tag","embeddable":true,"href":"https:\/\/nembutalboutique.com\/es\/wp-json\/wp\/v2\/product_tag?post=2690"}],"curies":[{"name":"wp","href":"https:\/\/api.w.org\/{rel}","templated":true}]}}