{"id":2689,"date":"2024-09-16T08:11:44","date_gmt":"2024-09-16T08:11:44","guid":{"rendered":"https:\/\/nembutalboutique.com\/?post_type=product&#038;p=2689"},"modified":"2024-09-20T11:14:44","modified_gmt":"2024-09-20T11:14:44","slug":"neh-2","status":"publish","type":"product","link":"https:\/\/nembutalboutique.com\/es\/producto\/comprar-neh-en-polvo\/","title":{"rendered":"NEH"},"content":{"rendered":"<h2>Pida NEH-Pulver en l\u00ednea.<\/h2>\n<p>NEH-Pulver Kaufen es una herramienta de b\u00fasqueda premium que se puede comprar en l\u00ednea. NDH-Pulver se puede comprar en l\u00ednea desde el proveedor de renombre Nembutalboutique.com a un precio razonable.<\/p>\n<p>En Nembutalboutique, estamos encantados de presentarles <a href=\"https:\/\/nembutalboutique.com\/produit\/neh-2\/\">NEH-Pulver<\/a>que se proporciona \u00fanicamente con fines de investigaci\u00f3n. No puede utilizarse para ning\u00fan otro fin, incluidos, entre otros, diagn\u00f3sticos in vivo, comidas, medicamentos, productos sanitarios o cosm\u00e9ticos para humanos o animales.<\/p>\n<p>Antes de comprarnos este producto, aseg\u00farese de que dispone de las herramientas necesarias para manipular productos qu\u00edmicos de investigaci\u00f3n y de que su espacio de trabajo est\u00e1 correctamente ventilado.<\/p>\n<h3>La edad m\u00ednima para pedir este producto es de diecinueve a\u00f1os.<\/h3>\n<p>En el pa\u00eds de origen, <a href=\"https:\/\/en.wikipedia.org\/wiki\/Neh\">NEH-Pulver<\/a> es legal. Es su responsabilidad conocer el ordenamiento jur\u00eddico de su pa\u00eds. No asumimos ninguna responsabilidad por las acciones o resultados derivados de su decisi\u00f3n de pedir o utilizar este producto.<\/p>\n<h3>Cultura pasada y presente<\/h3>\n<p>La primera identificaci\u00f3n de n-etilhexidina se realiz\u00f3 en una sonda Zolllabor belga, puesta en marcha en noviembre de 2015 con el CCI. El CCI la identific\u00f3 en enero de 2016 en una sonda puesta a disposici\u00f3n por el Zoll franc\u00e9s. Posteriormente, en febrero de 2016, el Comit\u00e9 Europeo de Medicamentos recibi\u00f3 informes de identificaci\u00f3n de esta sustancia procedentes de otros pa\u00edses, como Suiza, Pa\u00edses Bajos, Alemania, B\u00e9lgica y Eslovenia.<\/p>\n<h3>Qu\u00edmica<\/h3>\n<p>Un compuesto molecular perteneciente a la clase qu\u00edmica de los catalizadores es el n-etilhexdr\u00f3n. El t\u00e9rmino \"catinona sustituida\" se refiere a una amplia gama de sustancias basadas en la catinona, el principal principio activo de la planta de Khat. Existe una catinona compuesta por una anfetamina (una fenetilamina con un grupo alquilo unido al \u00e1tomo de carbono beta) y un grupo sauerstoff unido al \u00e1tomo de carbono beta. Las catinonas tambi\u00e9n se conocen como an\u00e1logos de la beta-cetona (\u03b2k), que son compuestos azufrados con un doble enlace en el \u00e1tomo de \u03b2-cetona de las anfetaminas.<\/p>\n<p>En concreto, el catalizador de la catinona puede modificarse en tres puntos diferentes, lo que da lugar a cientos de conexiones potenciales, incluidos sustitutos como<\/p>\n<p>que en el anillo arom\u00e1tico, la alfa-cetona o el grupo amina.<\/p>\n<h3>Productos farmac\u00e9uticos<\/h3>\n<p>Se dispone de muy pocos datos sobre la farmacolog\u00eda y la farmacodin\u00e1mica de la n-etilhexdrona y otras catinonas sustituidas en el ser humano. La catinona sint\u00e9tica, al igual que la anfetamina, ejerce sus efectos simpaticomim\u00e9ticos y estimulantes aumentando la concentraci\u00f3n de catecolaminas en las sinapsis, en particular la dopamina, la serotonina y la noradrenalina. Estas mol\u00e9culas tienen la capacidad de bloquear los transportadores de monoaminas, lo que reduce la eliminaci\u00f3n de neurotransmisores de las sinapsis. Adem\u00e1s, pueden afectar a la liberaci\u00f3n de aminas bi\u00f3genas del almacenamiento intracelular.<\/p>\n<p>Las catequinas sint\u00e9ticas suelen tener menor capacidad que las anfetaminas para atravesar la barrera hematoencef\u00e1lica, ya que el grupo beta-ceto aumenta la polaridad. A diferencia de otras catequinas sint\u00e9ticas, los derivados de la pirrolidina tienen una mayor capacidad para superar las barreras de coagulaci\u00f3n de la sangre, ya que el anillo de pirrolidina confiere a estas mol\u00e9culas una menor polaridad. Las investigaciones sobre la transformaci\u00f3n qu\u00edmica de la catecinona sint\u00e9tica han revelado que \u00e9sta se n-desmetila, el grupo ceto se reduce a hidroxilo y los grupos alquilo del anillo se oxidan.<\/p>","protected":false},"excerpt":{"rendered":"<p>Commandez NEH-Pulver en ligne. NEH-Pulver Kaufen est un outil de recherche haut de gamme qui peut \u00eatre achet\u00e9 en ligne. NDH-Pulver peut \u00eatre achet\u00e9 en ligne aupr\u00e8s du fournisseur r\u00e9put\u00e9 Nembutalboutique.com \u00e0 un prix raisonnable. Chez Nembutalboutique, nous sommes heureux de pr\u00e9senter NEH-Pulver, qui est fourni uniquement \u00e0 des fins de recherche. Il ne peut [&hellip;]<\/p>","protected":false},"featured_media":2702,"comment_status":"open","ping_status":"closed","template":"","meta":{"_joinchat":[]},"product_brand":[],"product_cat":[387],"product_tag":[],"class_list":{"0":"post-2689","1":"product","2":"type-product","3":"status-publish","4":"has-post-thumbnail","6":"product_cat-cathinone","8":"first","9":"instock","10":"shipping-taxable","11":"purchasable","12":"product-type-variable"},"yoast_head":"<!-- This site is optimized with the Yoast SEO plugin v23.5 - https:\/\/yoast.com\/wordpress\/plugins\/seo\/ -->\n<title>Achetez de la poudre NEH en ligne - Poudre NEH \u00e0 vendre<\/title>\n<meta name=\"description\" content=\"Vous pouvez acheter de la poudre NEH en vente dans notre magasin et la recevoir \u00e0 votre porte sans aucun probl\u00e8me. Nous vous aiderons \u00e0 acheter de la poudre NEH en ligne. Commandez maintenant !\" \/>\n<meta name=\"robots\" content=\"index, follow, max-snippet:-1, max-image-preview:large, max-video-preview:-1\" \/>\n<link rel=\"canonical\" href=\"https:\/\/nembutalboutique.com\/es\/producto\/comprar-neh-en-polvo\/\" \/>\n<meta property=\"og:locale\" content=\"es_ES\" \/>\n<meta property=\"og:type\" content=\"article\" \/>\n<meta property=\"og:title\" content=\"Achetez de la poudre NEH en ligne - Poudre NEH \u00e0 vendre\" \/>\n<meta property=\"og:description\" content=\"Vous pouvez acheter de la poudre NEH en vente dans notre magasin et la recevoir \u00e0 votre porte sans aucun probl\u00e8me. Nous vous aiderons \u00e0 acheter de la poudre NEH en ligne. Commandez maintenant !\" \/>\n<meta property=\"og:url\" content=\"https:\/\/nembutalboutique.com\/es\/producto\/comprar-neh-en-polvo\/\" \/>\n<meta property=\"og:site_name\" content=\"Nembutal Boutique\" \/>\n<meta property=\"article:modified_time\" content=\"2024-09-20T11:14:44+00:00\" \/>\n<meta property=\"og:image\" content=\"https:\/\/nembutalboutique.com\/wp-content\/uploads\/2024\/09\/NEH.gif\" \/>\n\t<meta property=\"og:image:width\" content=\"600\" \/>\n\t<meta property=\"og:image:height\" content=\"600\" \/>\n\t<meta property=\"og:image:type\" content=\"image\/gif\" \/>\n<meta name=\"twitter:card\" content=\"summary_large_image\" \/>\n<meta name=\"twitter:label1\" content=\"Tiempo de lectura\" \/>\n\t<meta name=\"twitter:data1\" content=\"3 minutos\" \/>\n<script type=\"application\/ld+json\" class=\"yoast-schema-graph\">{\"@context\":\"https:\/\/schema.org\",\"@graph\":[{\"@type\":\"WebPage\",\"@id\":\"https:\/\/nembutalboutique.com\/produit\/neh-2\/\",\"url\":\"https:\/\/nembutalboutique.com\/produit\/neh-2\/\",\"name\":\"Achetez de la poudre NEH en ligne - Poudre NEH \u00e0 vendre\",\"isPartOf\":{\"@id\":\"https:\/\/nembutalboutique.com\/#website\"},\"primaryImageOfPage\":{\"@id\":\"https:\/\/nembutalboutique.com\/produit\/neh-2\/#primaryimage\"},\"image\":{\"@id\":\"https:\/\/nembutalboutique.com\/produit\/neh-2\/#primaryimage\"},\"thumbnailUrl\":\"https:\/\/nembutalboutique.com\/wp-content\/uploads\/2024\/09\/NEH.gif\",\"datePublished\":\"2024-09-16T08:11:44+00:00\",\"dateModified\":\"2024-09-20T11:14:44+00:00\",\"description\":\"Vous pouvez acheter de la poudre NEH en vente dans notre magasin et la recevoir \u00e0 votre porte sans aucun probl\u00e8me. Nous vous aiderons \u00e0 acheter de la poudre NEH en ligne. Commandez maintenant !\",\"breadcrumb\":{\"@id\":\"https:\/\/nembutalboutique.com\/produit\/neh-2\/#breadcrumb\"},\"inLanguage\":\"es\",\"potentialAction\":[{\"@type\":\"ReadAction\",\"target\":[\"https:\/\/nembutalboutique.com\/produit\/neh-2\/\"]}]},{\"@type\":\"ImageObject\",\"inLanguage\":\"es\",\"@id\":\"https:\/\/nembutalboutique.com\/produit\/neh-2\/#primaryimage\",\"url\":\"https:\/\/nembutalboutique.com\/wp-content\/uploads\/2024\/09\/NEH.gif\",\"contentUrl\":\"https:\/\/nembutalboutique.com\/wp-content\/uploads\/2024\/09\/NEH.gif\",\"width\":600,\"height\":600,\"caption\":\"Acheter NEH.gif\"},{\"@type\":\"BreadcrumbList\",\"@id\":\"https:\/\/nembutalboutique.com\/produit\/neh-2\/#breadcrumb\",\"itemListElement\":[{\"@type\":\"ListItem\",\"position\":1,\"name\":\"Home\",\"item\":\"https:\/\/nembutalboutique.com\/\"},{\"@type\":\"ListItem\",\"position\":2,\"name\":\"Boutique\",\"item\":\"https:\/\/nembutalboutique.com\/shop\/\"},{\"@type\":\"ListItem\",\"position\":3,\"name\":\"NEH\"}]},{\"@type\":\"WebSite\",\"@id\":\"https:\/\/nembutalboutique.com\/#website\",\"url\":\"https:\/\/nembutalboutique.com\/\",\"name\":\"Nembutal Boutique\",\"description\":\"My WordPress Blog\",\"publisher\":{\"@id\":\"https:\/\/nembutalboutique.com\/#organization\"},\"potentialAction\":[{\"@type\":\"SearchAction\",\"target\":{\"@type\":\"EntryPoint\",\"urlTemplate\":\"https:\/\/nembutalboutique.com\/?s={search_term_string}\"},\"query-input\":{\"@type\":\"PropertyValueSpecification\",\"valueRequired\":true,\"valueName\":\"search_term_string\"}}],\"inLanguage\":\"es\"},{\"@type\":\"Organization\",\"@id\":\"https:\/\/nembutalboutique.com\/#organization\",\"name\":\"Nembutal Boutique\",\"url\":\"https:\/\/nembutalboutique.com\/\",\"logo\":{\"@type\":\"ImageObject\",\"inLanguage\":\"es\",\"@id\":\"https:\/\/nembutalboutique.com\/#\/schema\/logo\/image\/\",\"url\":\"https:\/\/nembutalboutique.com\/wp-content\/uploads\/2024\/01\/logo.png\",\"contentUrl\":\"https:\/\/nembutalboutique.com\/wp-content\/uploads\/2024\/01\/logo.png\",\"width\":494,\"height\":121,\"caption\":\"Nembutal Boutique\"},\"image\":{\"@id\":\"https:\/\/nembutalboutique.com\/#\/schema\/logo\/image\/\"}}]}<\/script>\n<!-- \/ Yoast SEO plugin. -->","yoast_head_json":{"title":"Comprar polvo de NEH en l\u00ednea - Venta de polvo de NEH","description":"Puede comprar polvo NEH a la venta en nuestra tienda y recibirlo en su domicilio sin problemas. Le ayudaremos a comprar polvo NEH en l\u00ednea. \u00a1Haga su pedido ahora!","robots":{"index":"index","follow":"follow","max-snippet":"max-snippet:-1","max-image-preview":"max-image-preview:large","max-video-preview":"max-video-preview:-1"},"canonical":"https:\/\/nembutalboutique.com\/es\/producto\/comprar-neh-en-polvo\/","og_locale":"es_ES","og_type":"article","og_title":"Achetez de la poudre NEH en ligne - Poudre NEH \u00e0 vendre","og_description":"Vous pouvez acheter de la poudre NEH en vente dans notre magasin et la recevoir \u00e0 votre porte sans aucun probl\u00e8me. Nous vous aiderons \u00e0 acheter de la poudre NEH en ligne. Commandez maintenant !","og_url":"https:\/\/nembutalboutique.com\/es\/producto\/comprar-neh-en-polvo\/","og_site_name":"Nembutal Boutique","article_modified_time":"2024-09-20T11:14:44+00:00","og_image":[{"width":600,"height":600,"url":"https:\/\/nembutalboutique.com\/wp-content\/uploads\/2024\/09\/NEH.gif","type":"image\/gif"}],"twitter_card":"summary_large_image","twitter_misc":{"Tiempo de lectura":"3 minutos"},"schema":{"@context":"https:\/\/schema.org","@graph":[{"@type":"WebPage","@id":"https:\/\/nembutalboutique.com\/produit\/neh-2\/","url":"https:\/\/nembutalboutique.com\/produit\/neh-2\/","name":"Comprar polvo de NEH en l\u00ednea - Venta de polvo de NEH","isPartOf":{"@id":"https:\/\/nembutalboutique.com\/#website"},"primaryImageOfPage":{"@id":"https:\/\/nembutalboutique.com\/produit\/neh-2\/#primaryimage"},"image":{"@id":"https:\/\/nembutalboutique.com\/produit\/neh-2\/#primaryimage"},"thumbnailUrl":"https:\/\/nembutalboutique.com\/wp-content\/uploads\/2024\/09\/NEH.gif","datePublished":"2024-09-16T08:11:44+00:00","dateModified":"2024-09-20T11:14:44+00:00","description":"Puede comprar polvo NEH a la venta en nuestra tienda y recibirlo en su domicilio sin problemas. Le ayudaremos a comprar polvo NEH en l\u00ednea. \u00a1Haga su pedido ahora!","breadcrumb":{"@id":"https:\/\/nembutalboutique.com\/produit\/neh-2\/#breadcrumb"},"inLanguage":"es","potentialAction":[{"@type":"ReadAction","target":["https:\/\/nembutalboutique.com\/produit\/neh-2\/"]}]},{"@type":"ImageObject","inLanguage":"es","@id":"https:\/\/nembutalboutique.com\/produit\/neh-2\/#primaryimage","url":"https:\/\/nembutalboutique.com\/wp-content\/uploads\/2024\/09\/NEH.gif","contentUrl":"https:\/\/nembutalboutique.com\/wp-content\/uploads\/2024\/09\/NEH.gif","width":600,"height":600,"caption":"Acheter NEH.gif"},{"@type":"BreadcrumbList","@id":"https:\/\/nembutalboutique.com\/produit\/neh-2\/#breadcrumb","itemListElement":[{"@type":"ListItem","position":1,"name":"Home","item":"https:\/\/nembutalboutique.com\/"},{"@type":"ListItem","position":2,"name":"Boutique","item":"https:\/\/nembutalboutique.com\/shop\/"},{"@type":"ListItem","position":3,"name":"NEH"}]},{"@type":"WebSite","@id":"https:\/\/nembutalboutique.com\/#website","url":"https:\/\/nembutalboutique.com\/","name":"Boutique Nembutal","description":"Mi blog de WordPress","publisher":{"@id":"https:\/\/nembutalboutique.com\/#organization"},"potentialAction":[{"@type":"SearchAction","target":{"@type":"EntryPoint","urlTemplate":"https:\/\/nembutalboutique.com\/?s={search_term_string}"},"query-input":{"@type":"PropertyValueSpecification","valueRequired":true,"valueName":"search_term_string"}}],"inLanguage":"es"},{"@type":"Organization","@id":"https:\/\/nembutalboutique.com\/#organization","name":"Boutique Nembutal","url":"https:\/\/nembutalboutique.com\/","logo":{"@type":"ImageObject","inLanguage":"es","@id":"https:\/\/nembutalboutique.com\/#\/schema\/logo\/image\/","url":"https:\/\/nembutalboutique.com\/wp-content\/uploads\/2024\/01\/logo.png","contentUrl":"https:\/\/nembutalboutique.com\/wp-content\/uploads\/2024\/01\/logo.png","width":494,"height":121,"caption":"Nembutal Boutique"},"image":{"@id":"https:\/\/nembutalboutique.com\/#\/schema\/logo\/image\/"}}]}},"_links":{"self":[{"href":"https:\/\/nembutalboutique.com\/es\/wp-json\/wp\/v2\/product\/2689"}],"collection":[{"href":"https:\/\/nembutalboutique.com\/es\/wp-json\/wp\/v2\/product"}],"about":[{"href":"https:\/\/nembutalboutique.com\/es\/wp-json\/wp\/v2\/types\/product"}],"replies":[{"embeddable":true,"href":"https:\/\/nembutalboutique.com\/es\/wp-json\/wp\/v2\/comments?post=2689"}],"wp:featuredmedia":[{"embeddable":true,"href":"https:\/\/nembutalboutique.com\/es\/wp-json\/wp\/v2\/media\/2702"}],"wp:attachment":[{"href":"https:\/\/nembutalboutique.com\/es\/wp-json\/wp\/v2\/media?parent=2689"}],"wp:term":[{"taxonomy":"product_brand","embeddable":true,"href":"https:\/\/nembutalboutique.com\/es\/wp-json\/wp\/v2\/product_brand?post=2689"},{"taxonomy":"product_cat","embeddable":true,"href":"https:\/\/nembutalboutique.com\/es\/wp-json\/wp\/v2\/product_cat?post=2689"},{"taxonomy":"product_tag","embeddable":true,"href":"https:\/\/nembutalboutique.com\/es\/wp-json\/wp\/v2\/product_tag?post=2689"}],"curies":[{"name":"wp","href":"https:\/\/api.w.org\/{rel}","templated":true}]}}