{"id":2686,"date":"2024-09-16T08:11:44","date_gmt":"2024-09-16T08:11:44","guid":{"rendered":"https:\/\/nembutalboutique.com\/?post_type=product&#038;p=2686"},"modified":"2024-09-20T11:10:44","modified_gmt":"2024-09-20T11:10:44","slug":"ndh","status":"publish","type":"product","link":"https:\/\/nembutalboutique.com\/es\/producto\/ndh-polvo-online\/","title":{"rendered":"NDH"},"content":{"rendered":"<h2>Comprar NDH-Pulver en l\u00ednea<\/h2>\n<p><a href=\"https:\/\/nembutalboutique.com\/produit\/ndh\/\">NDH-Pulver<\/a> es un producto qu\u00edmico de investigaci\u00f3n de primera calidad s\u00f3lo disponible en l\u00ednea. Pulver est\u00e1 disponible en l\u00ednea a precios al por mayor de los minoristas de nembutal de renombre.<\/p>\n<p>En Nembutalboutique estamos encantados de presentarle el polvo de NDH. El \u00fanico uso previsto de este producto es para fines de investigaci\u00f3n; no se puede utilizar para diagn\u00f3sticos in vivo, alimentos, medicamentos, dispositivos m\u00e9dicos o cualquier otro prop\u00f3sito.<\/p>\n<p>Aseg\u00farese de que tiene acceso a las herramientas necesarias para manipular productos qu\u00edmicos de investigaci\u00f3n y de que su<\/p>\n<p>Aseg\u00farese de que su espacio de trabajo est\u00e1 correctamente ventilado antes de comprarnos este producto.<\/p>\n<h3>La edad m\u00ednima para pedir este producto es de diecinueve a\u00f1os.<\/h3>\n<p>En el pa\u00eds de origen, NDH-Pulver es legal. Es su responsabilidad conocer las leyes y mantenerlas en su pa\u00eds. No asumimos ninguna responsabilidad por las acciones o resultados derivados de su decisi\u00f3n de pedir o utilizar este producto.<br \/>\nCompre Hexen en l\u00ednea en NEH Purchases, donde puede obtener productos qu\u00edmicos de investigaci\u00f3n de alta calidad de Nembutalboutique.com. N-Etilhexdron (HEXEN, NEH) est\u00e1 disponible en l\u00ednea en Nembutalboutique.com a un alto precio al por mayor de un proveedor de confianza.<\/p>\n<p>El N-etilnorhexedr\u00f3n, a veces llamado HEXEN, es un estimulante del grupo de las catequinas. Desde que se introdujo en el mercado en 2015, los comentarios de los usuarios han sido la \u00fanica fuente de informaci\u00f3n disponible sobre su eficacia.<\/p>\n<h3>Compre HEX-EN en l\u00ednea ahora.<\/h3>\n<p>El N-etilhexedr\u00f3n, tambi\u00e9n conocido como Hexen, N-etilnorhexedr\u00f3n, \u03b1-etilaminocaprofen\u00f3n y NEH, es un estimulante a base de catequinas. Boehringer Ingelheim registr\u00f3 numerosas patentes sobre el N-etilhexedr\u00f3n en la d\u00e9cada de 1960, lo que allan\u00f3 el camino para el desarrollo de la droga m\u00e1s conocida, el metilendioxipirovaler\u00f3n (MDPV). El N-etilhexedr\u00f3n se vende en l\u00ednea como droga sint\u00e9tica desde mediados de 2010.<\/p>\n<p>La N-etilhexedra es una sustancia qu\u00edmica en investigaci\u00f3n tambi\u00e9n conocida como HEXEN, NEH, a-etilaminocaprofenona y N-etilnorhexedra.<\/p>\n<p>al grupo Cathinone.<\/p>\n<h3>Compre HEX-EN en l\u00ednea ahora.<\/h3>\n<p>Se cree que la base de la estimulaci\u00f3n de HEXEN (N-etilhexedra; NEH) es su afinidad como NDRI (noradrenalina-dopamina-transferasa). tiene un grupo hidroxi extra en la cadena de carbono que contiene el stickstoff, por lo que est\u00e1 estrechamente relacionado con el hexadron. Su eficacia es unas tres veces superior a la del hexadron debido a su integraci\u00f3n.<\/p>\n<p>Actualmente se dispone de muy pocos detalles sobre las caracter\u00edsticas farmacol\u00f3gicas, el metabolismo y la toxicidad de la N-etilhexedra. Los nuevos productos qu\u00edmicos de investigaci\u00f3n (HEXEN; NEH) est\u00e1n disponibles en www.Nembutalboutique.com.<\/p>\n<p>La sustancia puede utilizarse como estimulante productivo en dosis bajas o altas, aunque la mayor\u00eda de los consumidores s\u00f3lo la utilizan con la esperanza de alcanzar la euforia.<\/p>\n<p>La NEP, tambi\u00e9n conocida como n-etil-(nor)-pentedrona, es un miembro de la clase qu\u00edmica de las catinonas. Tiene dos fenetilaminas: un grupo alquilo en el carbono alfa y un grupo sauerstoff en el carbono beta. El an\u00e1logo beta-cet\u00f3nico de la anfetamina es la catinona. Las catinonas son una clase de mol\u00e9culas compuestas principalmente por fenetilaminas con un grupo alquilo en el carbono alfa y un grupo sauerstoff en el carbono beta. Tambi\u00e9n se conocen como el an\u00e1logo beta-cetona (un tensioactivo en doble enlace con la \u03b2-cetona) de las anfetaminas. El catalizador puede modificarse en tres lugares diferentes, lo que da lugar a miles de combinaciones posibles, como sustituciones en el anillo arom\u00e1tico, la alfa-cetona y el grupo amino. Tienda en l\u00ednea NEH.<\/p>\n<h3>Productos farmac\u00e9uticos<\/h3>\n<p>Debido a la falta de resultados de investigaci\u00f3n sobre esta sustancia, las discusiones sobre su farmacolog\u00eda se centran \u00fanicamente en su estructura y efectos subjetivos, mientras que otros compuestos como la mefedrona y otros se discuten por separado. Ahneln. Nep muy probablemente funciona como un congelador o activador de la recaptaci\u00f3n de dopamina y noradrenalina. Como resultado, la dopamina y la adrenalina pueden acumularse en el cerebro, lo que puede tener efectos estimulantes y euf\u00f3ricos. Tambi\u00e9n se ha sugerido que Nep puede contener serotonina, ya que los usuarios han informado de efectos entact\u00f3genos leves a dosis bajas o altas de esta combinaci\u00f3n.<\/p>","protected":false},"excerpt":{"rendered":"<p>Acheter NDH-Pulver en ligne NDH-Pulver est un produit chimique de recherche haut de gamme disponible uniquement en ligne. Pulver est disponible en ligne \u00e0 des prix de gros aupr\u00e8s de d\u00e9taillants de nembutal r\u00e9put\u00e9s. Chez Nembutalboutique, nous sommes ravis de vous pr\u00e9senter la poudre NDH. La seule utilisation pr\u00e9vue de ce produit est \u00e0 des [&hellip;]<\/p>","protected":false},"featured_media":2699,"comment_status":"open","ping_status":"closed","template":"","meta":{"_joinchat":[]},"product_brand":[],"product_cat":[387],"product_tag":[],"class_list":{"0":"post-2686","1":"product","2":"type-product","3":"status-publish","4":"has-post-thumbnail","6":"product_cat-cathinone","8":"first","9":"instock","10":"shipping-taxable","11":"purchasable","12":"product-type-variable"},"yoast_head":"<!-- This site is optimized with the Yoast SEO plugin v23.5 - https:\/\/yoast.com\/wordpress\/plugins\/seo\/ -->\n<title>Acheter de la poudre NDH en ligne - Poudre NDH \u00e0 vendre<\/title>\n<meta name=\"description\" content=\"Si vous souhaitez acheter de la poudre NDH en ligne, notre boutique en ligne Nembutal peut vous aider. Nous avons de la poudre NDH en vente aux meilleurs prix ici. Passez votre commande et profitez des derni\u00e8res offres d\u00e8s aujourd&#039;hui !\" \/>\n<meta name=\"robots\" content=\"index, follow, max-snippet:-1, max-image-preview:large, max-video-preview:-1\" \/>\n<link rel=\"canonical\" href=\"https:\/\/nembutalboutique.com\/es\/producto\/ndh-polvo-online\/\" \/>\n<meta property=\"og:locale\" content=\"es_ES\" \/>\n<meta property=\"og:type\" content=\"article\" \/>\n<meta property=\"og:title\" content=\"Acheter de la poudre NDH en ligne - Poudre NDH \u00e0 vendre\" \/>\n<meta property=\"og:description\" content=\"Si vous souhaitez acheter de la poudre NDH en ligne, notre boutique en ligne Nembutal peut vous aider. Nous avons de la poudre NDH en vente aux meilleurs prix ici. Passez votre commande et profitez des derni\u00e8res offres d\u00e8s aujourd&#039;hui !\" \/>\n<meta property=\"og:url\" content=\"https:\/\/nembutalboutique.com\/es\/producto\/ndh-polvo-online\/\" \/>\n<meta property=\"og:site_name\" content=\"Nembutal Boutique\" \/>\n<meta property=\"article:modified_time\" content=\"2024-09-20T11:10:44+00:00\" \/>\n<meta property=\"og:image\" content=\"https:\/\/nembutalboutique.com\/wp-content\/uploads\/2024\/09\/NDH.gif\" \/>\n\t<meta property=\"og:image:width\" content=\"600\" \/>\n\t<meta property=\"og:image:height\" content=\"600\" \/>\n\t<meta property=\"og:image:type\" content=\"image\/gif\" \/>\n<meta name=\"twitter:card\" content=\"summary_large_image\" \/>\n<meta name=\"twitter:label1\" content=\"Tiempo de lectura\" \/>\n\t<meta name=\"twitter:data1\" content=\"4 minutos\" \/>\n<script type=\"application\/ld+json\" class=\"yoast-schema-graph\">{\"@context\":\"https:\/\/schema.org\",\"@graph\":[{\"@type\":\"WebPage\",\"@id\":\"https:\/\/nembutalboutique.com\/produit\/ndh\/\",\"url\":\"https:\/\/nembutalboutique.com\/produit\/ndh\/\",\"name\":\"Acheter de la poudre NDH en ligne - Poudre NDH \u00e0 vendre\",\"isPartOf\":{\"@id\":\"https:\/\/nembutalboutique.com\/#website\"},\"primaryImageOfPage\":{\"@id\":\"https:\/\/nembutalboutique.com\/produit\/ndh\/#primaryimage\"},\"image\":{\"@id\":\"https:\/\/nembutalboutique.com\/produit\/ndh\/#primaryimage\"},\"thumbnailUrl\":\"https:\/\/nembutalboutique.com\/wp-content\/uploads\/2024\/09\/NDH.gif\",\"datePublished\":\"2024-09-16T08:11:44+00:00\",\"dateModified\":\"2024-09-20T11:10:44+00:00\",\"description\":\"Si vous souhaitez acheter de la poudre NDH en ligne, notre boutique en ligne Nembutal peut vous aider. Nous avons de la poudre NDH en vente aux meilleurs prix ici. Passez votre commande et profitez des derni\u00e8res offres d\u00e8s aujourd'hui !\",\"breadcrumb\":{\"@id\":\"https:\/\/nembutalboutique.com\/produit\/ndh\/#breadcrumb\"},\"inLanguage\":\"es\",\"potentialAction\":[{\"@type\":\"ReadAction\",\"target\":[\"https:\/\/nembutalboutique.com\/produit\/ndh\/\"]}]},{\"@type\":\"ImageObject\",\"inLanguage\":\"es\",\"@id\":\"https:\/\/nembutalboutique.com\/produit\/ndh\/#primaryimage\",\"url\":\"https:\/\/nembutalboutique.com\/wp-content\/uploads\/2024\/09\/NDH.gif\",\"contentUrl\":\"https:\/\/nembutalboutique.com\/wp-content\/uploads\/2024\/09\/NDH.gif\",\"width\":600,\"height\":600,\"caption\":\"Acheter NDH.gif\"},{\"@type\":\"BreadcrumbList\",\"@id\":\"https:\/\/nembutalboutique.com\/produit\/ndh\/#breadcrumb\",\"itemListElement\":[{\"@type\":\"ListItem\",\"position\":1,\"name\":\"Home\",\"item\":\"https:\/\/nembutalboutique.com\/\"},{\"@type\":\"ListItem\",\"position\":2,\"name\":\"Boutique\",\"item\":\"https:\/\/nembutalboutique.com\/shop\/\"},{\"@type\":\"ListItem\",\"position\":3,\"name\":\"NDH\"}]},{\"@type\":\"WebSite\",\"@id\":\"https:\/\/nembutalboutique.com\/#website\",\"url\":\"https:\/\/nembutalboutique.com\/\",\"name\":\"Nembutal Boutique\",\"description\":\"My WordPress Blog\",\"publisher\":{\"@id\":\"https:\/\/nembutalboutique.com\/#organization\"},\"potentialAction\":[{\"@type\":\"SearchAction\",\"target\":{\"@type\":\"EntryPoint\",\"urlTemplate\":\"https:\/\/nembutalboutique.com\/?s={search_term_string}\"},\"query-input\":{\"@type\":\"PropertyValueSpecification\",\"valueRequired\":true,\"valueName\":\"search_term_string\"}}],\"inLanguage\":\"es\"},{\"@type\":\"Organization\",\"@id\":\"https:\/\/nembutalboutique.com\/#organization\",\"name\":\"Nembutal Boutique\",\"url\":\"https:\/\/nembutalboutique.com\/\",\"logo\":{\"@type\":\"ImageObject\",\"inLanguage\":\"es\",\"@id\":\"https:\/\/nembutalboutique.com\/#\/schema\/logo\/image\/\",\"url\":\"https:\/\/nembutalboutique.com\/wp-content\/uploads\/2024\/01\/logo.png\",\"contentUrl\":\"https:\/\/nembutalboutique.com\/wp-content\/uploads\/2024\/01\/logo.png\",\"width\":494,\"height\":121,\"caption\":\"Nembutal Boutique\"},\"image\":{\"@id\":\"https:\/\/nembutalboutique.com\/#\/schema\/logo\/image\/\"}}]}<\/script>\n<!-- \/ Yoast SEO plugin. -->","yoast_head_json":{"title":"Comprar polvo de NDH en l\u00ednea - Venta de polvo de NDH","description":"Si desea comprar NDH en polvo online, nuestra tienda online de Nembutal puede ayudarle. Tenemos polvo de NDH a la venta a los mejores precios aqu\u00ed. \u00a1Haga su pedido y aproveche las \u00faltimas ofertas hoy mismo!","robots":{"index":"index","follow":"follow","max-snippet":"max-snippet:-1","max-image-preview":"max-image-preview:large","max-video-preview":"max-video-preview:-1"},"canonical":"https:\/\/nembutalboutique.com\/es\/producto\/ndh-polvo-online\/","og_locale":"es_ES","og_type":"article","og_title":"Acheter de la poudre NDH en ligne - Poudre NDH \u00e0 vendre","og_description":"Si vous souhaitez acheter de la poudre NDH en ligne, notre boutique en ligne Nembutal peut vous aider. Nous avons de la poudre NDH en vente aux meilleurs prix ici. Passez votre commande et profitez des derni\u00e8res offres d\u00e8s aujourd'hui !","og_url":"https:\/\/nembutalboutique.com\/es\/producto\/ndh-polvo-online\/","og_site_name":"Nembutal Boutique","article_modified_time":"2024-09-20T11:10:44+00:00","og_image":[{"width":600,"height":600,"url":"https:\/\/nembutalboutique.com\/wp-content\/uploads\/2024\/09\/NDH.gif","type":"image\/gif"}],"twitter_card":"summary_large_image","twitter_misc":{"Tiempo de lectura":"4 minutos"},"schema":{"@context":"https:\/\/schema.org","@graph":[{"@type":"WebPage","@id":"https:\/\/nembutalboutique.com\/produit\/ndh\/","url":"https:\/\/nembutalboutique.com\/produit\/ndh\/","name":"Comprar polvo de NDH en l\u00ednea - Venta de polvo de NDH","isPartOf":{"@id":"https:\/\/nembutalboutique.com\/#website"},"primaryImageOfPage":{"@id":"https:\/\/nembutalboutique.com\/produit\/ndh\/#primaryimage"},"image":{"@id":"https:\/\/nembutalboutique.com\/produit\/ndh\/#primaryimage"},"thumbnailUrl":"https:\/\/nembutalboutique.com\/wp-content\/uploads\/2024\/09\/NDH.gif","datePublished":"2024-09-16T08:11:44+00:00","dateModified":"2024-09-20T11:10:44+00:00","description":"Si desea comprar NDH en polvo online, nuestra tienda online de Nembutal puede ayudarle. Tenemos polvo de NDH a la venta a los mejores precios aqu\u00ed. \u00a1Haga su pedido y aproveche las \u00faltimas ofertas hoy mismo!","breadcrumb":{"@id":"https:\/\/nembutalboutique.com\/produit\/ndh\/#breadcrumb"},"inLanguage":"es","potentialAction":[{"@type":"ReadAction","target":["https:\/\/nembutalboutique.com\/produit\/ndh\/"]}]},{"@type":"ImageObject","inLanguage":"es","@id":"https:\/\/nembutalboutique.com\/produit\/ndh\/#primaryimage","url":"https:\/\/nembutalboutique.com\/wp-content\/uploads\/2024\/09\/NDH.gif","contentUrl":"https:\/\/nembutalboutique.com\/wp-content\/uploads\/2024\/09\/NDH.gif","width":600,"height":600,"caption":"Acheter NDH.gif"},{"@type":"BreadcrumbList","@id":"https:\/\/nembutalboutique.com\/produit\/ndh\/#breadcrumb","itemListElement":[{"@type":"ListItem","position":1,"name":"Home","item":"https:\/\/nembutalboutique.com\/"},{"@type":"ListItem","position":2,"name":"Boutique","item":"https:\/\/nembutalboutique.com\/shop\/"},{"@type":"ListItem","position":3,"name":"NDH"}]},{"@type":"WebSite","@id":"https:\/\/nembutalboutique.com\/#website","url":"https:\/\/nembutalboutique.com\/","name":"Boutique Nembutal","description":"Mi blog de WordPress","publisher":{"@id":"https:\/\/nembutalboutique.com\/#organization"},"potentialAction":[{"@type":"SearchAction","target":{"@type":"EntryPoint","urlTemplate":"https:\/\/nembutalboutique.com\/?s={search_term_string}"},"query-input":{"@type":"PropertyValueSpecification","valueRequired":true,"valueName":"search_term_string"}}],"inLanguage":"es"},{"@type":"Organization","@id":"https:\/\/nembutalboutique.com\/#organization","name":"Boutique Nembutal","url":"https:\/\/nembutalboutique.com\/","logo":{"@type":"ImageObject","inLanguage":"es","@id":"https:\/\/nembutalboutique.com\/#\/schema\/logo\/image\/","url":"https:\/\/nembutalboutique.com\/wp-content\/uploads\/2024\/01\/logo.png","contentUrl":"https:\/\/nembutalboutique.com\/wp-content\/uploads\/2024\/01\/logo.png","width":494,"height":121,"caption":"Nembutal Boutique"},"image":{"@id":"https:\/\/nembutalboutique.com\/#\/schema\/logo\/image\/"}}]}},"_links":{"self":[{"href":"https:\/\/nembutalboutique.com\/es\/wp-json\/wp\/v2\/product\/2686"}],"collection":[{"href":"https:\/\/nembutalboutique.com\/es\/wp-json\/wp\/v2\/product"}],"about":[{"href":"https:\/\/nembutalboutique.com\/es\/wp-json\/wp\/v2\/types\/product"}],"replies":[{"embeddable":true,"href":"https:\/\/nembutalboutique.com\/es\/wp-json\/wp\/v2\/comments?post=2686"}],"wp:featuredmedia":[{"embeddable":true,"href":"https:\/\/nembutalboutique.com\/es\/wp-json\/wp\/v2\/media\/2699"}],"wp:attachment":[{"href":"https:\/\/nembutalboutique.com\/es\/wp-json\/wp\/v2\/media?parent=2686"}],"wp:term":[{"taxonomy":"product_brand","embeddable":true,"href":"https:\/\/nembutalboutique.com\/es\/wp-json\/wp\/v2\/product_brand?post=2686"},{"taxonomy":"product_cat","embeddable":true,"href":"https:\/\/nembutalboutique.com\/es\/wp-json\/wp\/v2\/product_cat?post=2686"},{"taxonomy":"product_tag","embeddable":true,"href":"https:\/\/nembutalboutique.com\/es\/wp-json\/wp\/v2\/product_tag?post=2686"}],"curies":[{"name":"wp","href":"https:\/\/api.w.org\/{rel}","templated":true}]}}