{"id":2569,"date":"2024-09-16T08:11:00","date_gmt":"2024-09-16T08:11:00","guid":{"rendered":"https:\/\/nembutalboutique.com\/?post_type=product&#038;p=2569"},"modified":"2024-09-21T04:01:55","modified_gmt":"2024-09-21T04:01:55","slug":"5f-aeb","status":"publish","type":"product","link":"https:\/\/nembutalboutique.com\/es\/producto\/comprar-5f-aeb-online\/","title":{"rendered":"5F-AEB"},"content":{"rendered":"<h2>\u00bfQu\u00e9 es el Comprar 5F-AEB online?<\/h2>\n<p>Le <a href=\"https:\/\/nembutalboutique.com\/produit\/5f-aeb\/\">5F-AEB<\/a> es otro nombre para el etil-(1-(5-fluorpentil)-1H-indazol-3-carbonil)-L-valinat. Se puede comprar por internet. La sustancia en cuesti\u00f3n es un cannabinoide sint\u00e9tico derivado de fuentes vegetales y un producto qu\u00edmico de investigaci\u00f3n. Se trata de una droga sint\u00e9tica indazol, relacionada con la familia de las indazol-3-carboxamidas seg\u00fan el an\u00e1lisis qu\u00edmico. Se utiliza \u00fanicamente con fines de investigaci\u00f3n y suele denominarse producto qu\u00edmico de investigaci\u00f3n.<\/p>\n<h3>Comprar cannabis 5F-AEB online.<\/h3>\n<p>Otros nombres de este f\u00e1rmaco son 5-Fluor-EMB-PINACA y AB-PINACA. Otro an\u00e1logo de la clase farmacol\u00f3gica 5F-AEB es el 5F-MDMB-2201.<\/p>\n<p>Tratar y realizar transacciones con nosotros es f\u00e1cil y agradable en todos los sentidos. NembuKauFlog es un proveedor de productos qu\u00edmicos reputado y fiable que puede ayudarle en su b\u00fasqueda. A lo largo de los a\u00f1os, nos hemos asociado con productos de primera calidad y nuestros clientes han tenido una excelente experiencia de compra. Con a\u00f1os de experiencia, Pure Chemicals ofrece productos de gama alta en envases llamativos a precios razonables.<\/p>\n<p>NembuKauFlog ofrece poleas 5F-AEB para la compra. Siempre puede ponerse en contacto con nosotros si tiene m\u00e1s preguntas sobre los productos o desea saber m\u00e1s sobre nosotros. Tendr\u00e1 la mejor experiencia posible al comprar productos qu\u00edmicos y suministros de investigaci\u00f3n de Pure Chemicals.<\/p>\n<h3>Descripci\u00f3n qu\u00edmica y especificaciones de 5F-AEB<\/h3>\n<p>Hay muy poca informaci\u00f3n sobre la <a href=\"https:\/\/en.wikipedia.org\/wiki\/5F-EMB-PINACA\">5F-AEB<\/a>. Es nuevo en el mercado y actualmente se est\u00e1 investigando para conocer mejor sus caracter\u00edsticas.<\/p>\n<h3>Comprar cannabis 5F-AEB online.<\/h3>\n<p>El 5F-AEB es un cannabinoide sint\u00e9tico en fase de investigaci\u00f3n. Otros nombres de este f\u00e1rmaco son 5-Fluor-EMB-PINACA y AB-PINACA. El compuesto qu\u00edmico correspondiente es el 5F-MDMB-2201. Se utiliza a menudo con fines recreativos. El nombre IUPAC del 5F-AEB es etil (1-(5-fluorpentil)-1H-indazol-3-carbonil)-L-valinat.<\/p>\n<p>Esta sustancia qu\u00edmica es de color naranja y tiene una textura pulverulenta. Se utiliza para tratar ataques de ansiedad, depresi\u00f3n, trastornos del sue\u00f1o y accidentes. La inyecci\u00f3n prolongada puede provocar problemas de salud mortales como infartos, enfermedades pulmonares, tumores pulmonares y lesiones cerebrales traum\u00e1ticas.<\/p>","protected":false},"excerpt":{"rendered":"<p>Qu&rsquo;est-ce que le Achetez 5F-AEB en ligne ? Le 5F-AEB est un autre nom pour l&rsquo;\u00e9thyl-(1-(5-fluorpentyl)-1H-indazol-3-carbonyl)-L-valinat. Il peut \u00eatre achet\u00e9 en ligne. La substance en question est un cannabino\u00efde synth\u00e9tique d\u00e9riv\u00e9 de sources v\u00e9g\u00e9tales et un produit chimique de recherche. Il s&rsquo;agit d&rsquo;un m\u00e9dicament indazole synth\u00e9tique, qui est apparent\u00e9 \u00e0 la famille des indazol-3-carboxamides selon [&hellip;]<\/p>","protected":false},"featured_media":2591,"comment_status":"open","ping_status":"closed","template":"","meta":{"_joinchat":[]},"product_brand":[],"product_cat":[386],"product_tag":[],"class_list":{"0":"post-2569","1":"product","2":"type-product","3":"status-publish","4":"has-post-thumbnail","6":"product_cat-cannabinoids","8":"first","9":"instock","10":"shipping-taxable","11":"purchasable","12":"product-type-variable"},"yoast_head":"<!-- This site is optimized with the Yoast SEO plugin v23.5 - https:\/\/yoast.com\/wordpress\/plugins\/seo\/ -->\n<title>Achetez 5F-AEB en ligne - 5F-AEB \u00e0 vendre en ligne<\/title>\n<meta name=\"description\" content=\"Vous cherchez du 5F-AEB \u00e0 vendre en ligne ? NembutalBoutique est un magasin leader o\u00f9 vous pouvez acheter du 5F-AEB en ligne, acheter du 5F-AEB en ligne au meilleur prix. Commandez maintenant avec une exp\u00e9dition discr\u00e8te !\" \/>\n<meta name=\"robots\" content=\"index, follow, max-snippet:-1, max-image-preview:large, max-video-preview:-1\" \/>\n<link rel=\"canonical\" href=\"https:\/\/nembutalboutique.com\/es\/producto\/comprar-5f-aeb-online\/\" \/>\n<meta property=\"og:locale\" content=\"es_ES\" \/>\n<meta property=\"og:type\" content=\"article\" \/>\n<meta property=\"og:title\" content=\"Achetez 5F-AEB en ligne - 5F-AEB \u00e0 vendre en ligne\" \/>\n<meta property=\"og:description\" content=\"Vous cherchez du 5F-AEB \u00e0 vendre en ligne ? NembutalBoutique est un magasin leader o\u00f9 vous pouvez acheter du 5F-AEB en ligne, acheter du 5F-AEB en ligne au meilleur prix. Commandez maintenant avec une exp\u00e9dition discr\u00e8te !\" \/>\n<meta property=\"og:url\" content=\"https:\/\/nembutalboutique.com\/es\/producto\/comprar-5f-aeb-online\/\" \/>\n<meta property=\"og:site_name\" content=\"Nembutal Boutique\" \/>\n<meta property=\"article:modified_time\" content=\"2024-09-21T04:01:55+00:00\" \/>\n<meta property=\"og:image\" content=\"https:\/\/nembutalboutique.com\/wp-content\/uploads\/2024\/09\/5f-AEB.gif\" \/>\n\t<meta property=\"og:image:width\" content=\"600\" \/>\n\t<meta property=\"og:image:height\" content=\"600\" \/>\n\t<meta property=\"og:image:type\" content=\"image\/gif\" \/>\n<meta name=\"twitter:card\" content=\"summary_large_image\" \/>\n<meta name=\"twitter:label1\" content=\"Tiempo de lectura\" \/>\n\t<meta name=\"twitter:data1\" content=\"2 minutos\" \/>\n<script type=\"application\/ld+json\" class=\"yoast-schema-graph\">{\"@context\":\"https:\/\/schema.org\",\"@graph\":[{\"@type\":\"WebPage\",\"@id\":\"https:\/\/nembutalboutique.com\/produit\/5f-aeb\/\",\"url\":\"https:\/\/nembutalboutique.com\/produit\/5f-aeb\/\",\"name\":\"Achetez 5F-AEB en ligne - 5F-AEB \u00e0 vendre en ligne\",\"isPartOf\":{\"@id\":\"https:\/\/nembutalboutique.com\/#website\"},\"primaryImageOfPage\":{\"@id\":\"https:\/\/nembutalboutique.com\/produit\/5f-aeb\/#primaryimage\"},\"image\":{\"@id\":\"https:\/\/nembutalboutique.com\/produit\/5f-aeb\/#primaryimage\"},\"thumbnailUrl\":\"https:\/\/nembutalboutique.com\/wp-content\/uploads\/2024\/09\/5f-AEB.gif\",\"datePublished\":\"2024-09-16T08:11:00+00:00\",\"dateModified\":\"2024-09-21T04:01:55+00:00\",\"description\":\"Vous cherchez du 5F-AEB \u00e0 vendre en ligne ? NembutalBoutique est un magasin leader o\u00f9 vous pouvez acheter du 5F-AEB en ligne, acheter du 5F-AEB en ligne au meilleur prix. Commandez maintenant avec une exp\u00e9dition discr\u00e8te !\",\"breadcrumb\":{\"@id\":\"https:\/\/nembutalboutique.com\/produit\/5f-aeb\/#breadcrumb\"},\"inLanguage\":\"es\",\"potentialAction\":[{\"@type\":\"ReadAction\",\"target\":[\"https:\/\/nembutalboutique.com\/produit\/5f-aeb\/\"]}]},{\"@type\":\"ImageObject\",\"inLanguage\":\"es\",\"@id\":\"https:\/\/nembutalboutique.com\/produit\/5f-aeb\/#primaryimage\",\"url\":\"https:\/\/nembutalboutique.com\/wp-content\/uploads\/2024\/09\/5f-AEB.gif\",\"contentUrl\":\"https:\/\/nembutalboutique.com\/wp-content\/uploads\/2024\/09\/5f-AEB.gif\",\"width\":600,\"height\":600,\"caption\":\"Acheter 5f-AEB\"},{\"@type\":\"BreadcrumbList\",\"@id\":\"https:\/\/nembutalboutique.com\/produit\/5f-aeb\/#breadcrumb\",\"itemListElement\":[{\"@type\":\"ListItem\",\"position\":1,\"name\":\"Home\",\"item\":\"https:\/\/nembutalboutique.com\/\"},{\"@type\":\"ListItem\",\"position\":2,\"name\":\"Boutique\",\"item\":\"https:\/\/nembutalboutique.com\/shop\/\"},{\"@type\":\"ListItem\",\"position\":3,\"name\":\"5F-AEB\"}]},{\"@type\":\"WebSite\",\"@id\":\"https:\/\/nembutalboutique.com\/#website\",\"url\":\"https:\/\/nembutalboutique.com\/\",\"name\":\"Nembutal Boutique\",\"description\":\"My WordPress Blog\",\"publisher\":{\"@id\":\"https:\/\/nembutalboutique.com\/#organization\"},\"potentialAction\":[{\"@type\":\"SearchAction\",\"target\":{\"@type\":\"EntryPoint\",\"urlTemplate\":\"https:\/\/nembutalboutique.com\/?s={search_term_string}\"},\"query-input\":{\"@type\":\"PropertyValueSpecification\",\"valueRequired\":true,\"valueName\":\"search_term_string\"}}],\"inLanguage\":\"es\"},{\"@type\":\"Organization\",\"@id\":\"https:\/\/nembutalboutique.com\/#organization\",\"name\":\"Nembutal Boutique\",\"url\":\"https:\/\/nembutalboutique.com\/\",\"logo\":{\"@type\":\"ImageObject\",\"inLanguage\":\"es\",\"@id\":\"https:\/\/nembutalboutique.com\/#\/schema\/logo\/image\/\",\"url\":\"https:\/\/nembutalboutique.com\/wp-content\/uploads\/2024\/01\/logo.png\",\"contentUrl\":\"https:\/\/nembutalboutique.com\/wp-content\/uploads\/2024\/01\/logo.png\",\"width\":494,\"height\":121,\"caption\":\"Nembutal Boutique\"},\"image\":{\"@id\":\"https:\/\/nembutalboutique.com\/#\/schema\/logo\/image\/\"}}]}<\/script>\n<!-- \/ Yoast SEO plugin. -->","yoast_head_json":{"title":"Comprar 5F-AEB online - 5F-AEB a la venta online","description":"\u00bfBuscas 5F-AEB para vender online? NembutalBoutique es una tienda l\u00edder donde comprar 5F-AEB online, comprar 5F-AEB online al mejor precio. \u00a1Haga su pedido ahora con env\u00edo discreto!","robots":{"index":"index","follow":"follow","max-snippet":"max-snippet:-1","max-image-preview":"max-image-preview:large","max-video-preview":"max-video-preview:-1"},"canonical":"https:\/\/nembutalboutique.com\/es\/producto\/comprar-5f-aeb-online\/","og_locale":"es_ES","og_type":"article","og_title":"Achetez 5F-AEB en ligne - 5F-AEB \u00e0 vendre en ligne","og_description":"Vous cherchez du 5F-AEB \u00e0 vendre en ligne ? NembutalBoutique est un magasin leader o\u00f9 vous pouvez acheter du 5F-AEB en ligne, acheter du 5F-AEB en ligne au meilleur prix. Commandez maintenant avec une exp\u00e9dition discr\u00e8te !","og_url":"https:\/\/nembutalboutique.com\/es\/producto\/comprar-5f-aeb-online\/","og_site_name":"Nembutal Boutique","article_modified_time":"2024-09-21T04:01:55+00:00","og_image":[{"width":600,"height":600,"url":"https:\/\/nembutalboutique.com\/wp-content\/uploads\/2024\/09\/5f-AEB.gif","type":"image\/gif"}],"twitter_card":"summary_large_image","twitter_misc":{"Tiempo de lectura":"2 minutos"},"schema":{"@context":"https:\/\/schema.org","@graph":[{"@type":"WebPage","@id":"https:\/\/nembutalboutique.com\/produit\/5f-aeb\/","url":"https:\/\/nembutalboutique.com\/produit\/5f-aeb\/","name":"Comprar 5F-AEB online - 5F-AEB a la venta online","isPartOf":{"@id":"https:\/\/nembutalboutique.com\/#website"},"primaryImageOfPage":{"@id":"https:\/\/nembutalboutique.com\/produit\/5f-aeb\/#primaryimage"},"image":{"@id":"https:\/\/nembutalboutique.com\/produit\/5f-aeb\/#primaryimage"},"thumbnailUrl":"https:\/\/nembutalboutique.com\/wp-content\/uploads\/2024\/09\/5f-AEB.gif","datePublished":"2024-09-16T08:11:00+00:00","dateModified":"2024-09-21T04:01:55+00:00","description":"\u00bfBuscas 5F-AEB para vender online? NembutalBoutique es una tienda l\u00edder donde comprar 5F-AEB online, comprar 5F-AEB online al mejor precio. \u00a1Haga su pedido ahora con env\u00edo discreto!","breadcrumb":{"@id":"https:\/\/nembutalboutique.com\/produit\/5f-aeb\/#breadcrumb"},"inLanguage":"es","potentialAction":[{"@type":"ReadAction","target":["https:\/\/nembutalboutique.com\/produit\/5f-aeb\/"]}]},{"@type":"ImageObject","inLanguage":"es","@id":"https:\/\/nembutalboutique.com\/produit\/5f-aeb\/#primaryimage","url":"https:\/\/nembutalboutique.com\/wp-content\/uploads\/2024\/09\/5f-AEB.gif","contentUrl":"https:\/\/nembutalboutique.com\/wp-content\/uploads\/2024\/09\/5f-AEB.gif","width":600,"height":600,"caption":"Acheter 5f-AEB"},{"@type":"BreadcrumbList","@id":"https:\/\/nembutalboutique.com\/produit\/5f-aeb\/#breadcrumb","itemListElement":[{"@type":"ListItem","position":1,"name":"Home","item":"https:\/\/nembutalboutique.com\/"},{"@type":"ListItem","position":2,"name":"Boutique","item":"https:\/\/nembutalboutique.com\/shop\/"},{"@type":"ListItem","position":3,"name":"5F-AEB"}]},{"@type":"WebSite","@id":"https:\/\/nembutalboutique.com\/#website","url":"https:\/\/nembutalboutique.com\/","name":"Boutique Nembutal","description":"Mi blog de WordPress","publisher":{"@id":"https:\/\/nembutalboutique.com\/#organization"},"potentialAction":[{"@type":"SearchAction","target":{"@type":"EntryPoint","urlTemplate":"https:\/\/nembutalboutique.com\/?s={search_term_string}"},"query-input":{"@type":"PropertyValueSpecification","valueRequired":true,"valueName":"search_term_string"}}],"inLanguage":"es"},{"@type":"Organization","@id":"https:\/\/nembutalboutique.com\/#organization","name":"Boutique Nembutal","url":"https:\/\/nembutalboutique.com\/","logo":{"@type":"ImageObject","inLanguage":"es","@id":"https:\/\/nembutalboutique.com\/#\/schema\/logo\/image\/","url":"https:\/\/nembutalboutique.com\/wp-content\/uploads\/2024\/01\/logo.png","contentUrl":"https:\/\/nembutalboutique.com\/wp-content\/uploads\/2024\/01\/logo.png","width":494,"height":121,"caption":"Nembutal Boutique"},"image":{"@id":"https:\/\/nembutalboutique.com\/#\/schema\/logo\/image\/"}}]}},"_links":{"self":[{"href":"https:\/\/nembutalboutique.com\/es\/wp-json\/wp\/v2\/product\/2569"}],"collection":[{"href":"https:\/\/nembutalboutique.com\/es\/wp-json\/wp\/v2\/product"}],"about":[{"href":"https:\/\/nembutalboutique.com\/es\/wp-json\/wp\/v2\/types\/product"}],"replies":[{"embeddable":true,"href":"https:\/\/nembutalboutique.com\/es\/wp-json\/wp\/v2\/comments?post=2569"}],"wp:featuredmedia":[{"embeddable":true,"href":"https:\/\/nembutalboutique.com\/es\/wp-json\/wp\/v2\/media\/2591"}],"wp:attachment":[{"href":"https:\/\/nembutalboutique.com\/es\/wp-json\/wp\/v2\/media?parent=2569"}],"wp:term":[{"taxonomy":"product_brand","embeddable":true,"href":"https:\/\/nembutalboutique.com\/es\/wp-json\/wp\/v2\/product_brand?post=2569"},{"taxonomy":"product_cat","embeddable":true,"href":"https:\/\/nembutalboutique.com\/es\/wp-json\/wp\/v2\/product_cat?post=2569"},{"taxonomy":"product_tag","embeddable":true,"href":"https:\/\/nembutalboutique.com\/es\/wp-json\/wp\/v2\/product_tag?post=2569"}],"curies":[{"name":"wp","href":"https:\/\/api.w.org\/{rel}","templated":true}]}}