{"id":2562,"date":"2024-09-16T08:10:59","date_gmt":"2024-09-16T08:10:59","guid":{"rendered":"https:\/\/nembutalboutique.com\/?post_type=product&#038;p=2562"},"modified":"2024-09-21T04:02:32","modified_gmt":"2024-09-21T04:02:32","slug":"3f-pvp","status":"publish","type":"product","link":"https:\/\/nembutalboutique.com\/es\/producto\/comprar-3f-pvp\/","title":{"rendered":"3F-PVP"},"content":{"rendered":"<h2>Comprar 3F-PVP CRISTALES (3FPVP) en l\u00ednea en los Estados Unidos.<\/h2>\n<p>Achetez 3F-PVP CRYSTALS (3FPVP) chez Nembutalboutique pour r\u00e9pondre \u00e0 tous vos besoins chimiques. L&rsquo;entreprise s&rsquo;efforce de fournir \u00e0 ses clients le meilleur service possible car elle a gagn\u00e9 la confiance de nombreuses personnes.<\/p>\n<h3>3F-PVP : QU&rsquo;EST-CE QUE C&rsquo;EST ?<\/h3>\n<p>3F-PVP en ligne est une boutique Nembutal de la classe Cathinon et poss\u00e8de les m\u00eames propri\u00e9t\u00e9s que l&rsquo;A-PHP. 3F-alpha-PVP est le nom chimique du <a href=\"https:\/\/nembutalboutique.com\/produit\/3f-pvp\/\">3F-PVP<\/a>. Le 3f-PVP a un poids mol\u00e9culaire de 249,32 et la formule C15H20FNO .<\/p>\n<p>Le dosage du 3F-PVP produit une sensation euphorique mod\u00e9r\u00e9e \u00e0 intense qui impr\u00e8gne tout le corps. Deuxi\u00e8mement, il peut \u00eatre \u00e9crasant \u00e0 fortes doses. Il encourage les activit\u00e9s r\u00e9cr\u00e9atives telles que la danse, l&rsquo;escalade et la course \u00e0 pied.<\/p>\n<p>Parfois, cela devient impossible. Les tremblements s\u00e9v\u00e8res des mains et un manque g\u00e9n\u00e9ral de contr\u00f4le moteur sont caus\u00e9s par le serrement des m\u00e2choires, les tremblements involontaires du corps et les vibrations, ce qui rend difficile voire impossible de rester immobile. Bien que ce m\u00e9dicament ait des effets n\u00e9gatifs tels que : Cependant, si vous rencontrez des probl\u00e8mes, tels que la capacit\u00e9 d&rsquo;une personne \u00e0 bouger les yeux d&rsquo;avant en arri\u00e8re de mani\u00e8re saccad\u00e9e, ce qui peut provoquer une vision temporairement floue et trouble, il est toujours recommand\u00e9 de toujours en parler \u00e0 votre m\u00e9decin avant de l&rsquo;utiliser. Achetez 3F-PVP CRYSTALS (3FPVP) en ligne aux \u00c9tats-Unis.<\/p>\n<h3>EL MEJOR SITIO PARA COMPRAR 3F PVP ONLINE<\/h3>\n<p>L&rsquo;un des d\u00e9taillants en ligne <a href=\"https:\/\/en.wikipedia.org\/wiki\/3F-PVP\">3F-PVP<\/a> r\u00e9put\u00e9s et fiables est NembuKauFlog. Les clients ont donn\u00e9 \u00e0 l&rsquo;entreprise de nombreuses critiques positives, affirmant qu&rsquo;ils re\u00e7oivent les produits de la plus haute qualit\u00e9 possible.<\/p>\n<p>Pour acheter 3F-PVP en ligne, vous devez avoir au moins dix-huit ans. Nous proposons des commandes en ligne de 3F-PVP dans des quantit\u00e9s allant de quelques milligrammes \u00e0 25 kilogrammes. L&rsquo;entreprise propose des services d&rsquo;exp\u00e9dition dans le monde entier. Pour que personne ne sache ce qu&rsquo;il y a dans le paquet, chaque paquet est emball\u00e9 individuellement. Toutes vos informations sont stock\u00e9es dans notre syst\u00e8me. Il n&rsquo;y a donc aucune possibilit\u00e9 que vos donn\u00e9es soient compromises. Les marchandises seront livr\u00e9es le plus rapidement possible.<\/p>\n<h3>COMPRAR CRISTALES DE 3F-PVP (3FPVP) ONLINE.<\/h3>\n<p>Descripci\u00f3n<br \/>\nVous cherchez \u00e0 acheter de la poudre de 3F-PVP, 3-fluoro-\u03b1-pyrrolidinovaleroph\u00e9none ? Alors vous \u00eates au bon endroit ! Tous les produits chimiques de recherche de notre boutique en ligne sont test\u00e9s en laboratoire et de la plus haute qualit\u00e9. Les commandes sont emball\u00e9es discr\u00e8tement et exp\u00e9di\u00e9es dans les 24 heures. De plus, vous pouvez payer en toute s\u00e9curit\u00e9 et rapidement avec Bitcoin et crypto-monnaies.<\/p>\n<h3>\u00bfD\u00f3nde puedo comprar 3F-PVP?<\/h3>\n<p>En nuestra tienda en l\u00ednea encontrar\u00e1 todos los productos qu\u00edmicos necesarios para su investigaci\u00f3n y tambi\u00e9n podr\u00e1 encargar aqu\u00ed 3F-PVP de la mejor calidad.<\/p>\n<p>Cette substance est destin\u00e9e uniquement \u00e0 un usage en laboratoire.<br \/>\nVeillez toujours \u00e0 prendre les pr\u00e9cautions de s\u00e9curit\u00e9 appropri\u00e9es. Par exemple, n&rsquo;oubliez pas de couvrir la peau expos\u00e9e et de porter des lunettes de s\u00e9curit\u00e9.<\/p>\n<p>Attention : comme d&rsquo;autres produits chimiques de recherche, le 3F-PVP est destin\u00e9 \u00e0 la recherche uniquement et ne doit pas \u00eatre consomm\u00e9 par les humains, les animaux ou d&rsquo;autres \u00eatres vivants.<\/p>\n<p>Gu\u00e1rdelo en un lugar fresco y seco para garantizar su m\u00e1xima conservaci\u00f3n.<\/p>\n<p>No vendemos productos qu\u00edmicos de investigaci\u00f3n a menores de 18 a\u00f1os.<\/p>","protected":false},"excerpt":{"rendered":"<p>Achetez 3F-PVP CRYSTALS (3FPVP) en ligne aux \u00c9tats-Unis. Achetez 3F-PVP CRYSTALS (3FPVP) chez Nembutalboutique pour r\u00e9pondre \u00e0 tous vos besoins chimiques. L&rsquo;entreprise s&rsquo;efforce de fournir \u00e0 ses clients le meilleur service possible car elle a gagn\u00e9 la confiance de nombreuses personnes. 3F-PVP : QU&rsquo;EST-CE QUE C&rsquo;EST ? 3F-PVP en ligne est une boutique Nembutal de [&hellip;]<\/p>","protected":false},"featured_media":3533,"comment_status":"open","ping_status":"closed","template":"","meta":{"_joinchat":[]},"product_brand":[],"product_cat":[387,385],"product_tag":[388,389,390,391,392,393,394,395,396,397,398,399,400],"class_list":{"0":"post-2562","1":"product","2":"type-product","3":"status-publish","4":"has-post-thumbnail","6":"product_cat-cathinone","7":"product_cat-forschung-schemikalien","8":"product_tag-2-me-pvp","9":"product_tag-3-fluoramphetamin","10":"product_tag-3-fluorethamphetamin","11":"product_tag-3-fluormethcathinon","12":"product_tag-3-fluoromethamphetamin","13":"product_tag-3-fluorophenmetrazin","14":"product_tag-3f-neb","15":"product_tag-3f-neh","16":"product_tag-3f-php","17":"product_tag-3f-pihp","18":"product_tag-4cl-pvp","19":"product_tag-4f-php","20":"product_tag-4f-pvp","22":"first","23":"instock","24":"shipping-taxable","25":"purchasable","26":"product-type-variable"},"yoast_head":"<!-- This site is optimized with the Yoast SEO plugin v23.5 - https:\/\/yoast.com\/wordpress\/plugins\/seo\/ -->\n<title>Acheter 3F-PVP en ligne - 3F-PVP \u00e0 vendre - Commander 3F-PVP<\/title>\n<meta name=\"description\" content=\"Vous pouvez acheter du 3F-PVP dans notre boutique NembutalBoutique et le recevoir \u00e0 votre porte sans aucun probl\u00e8me. Nous vous aidons \u00e0 acheter du 3F-PVP en ligne. Commandez maintenant !\" \/>\n<meta name=\"robots\" content=\"index, follow, max-snippet:-1, max-image-preview:large, max-video-preview:-1\" \/>\n<link rel=\"canonical\" href=\"https:\/\/nembutalboutique.com\/es\/producto\/comprar-3f-pvp\/\" \/>\n<meta property=\"og:locale\" content=\"es_ES\" \/>\n<meta property=\"og:type\" content=\"article\" \/>\n<meta property=\"og:title\" content=\"Acheter 3F-PVP en ligne - 3F-PVP \u00e0 vendre - Commander 3F-PVP\" \/>\n<meta property=\"og:description\" content=\"Vous pouvez acheter du 3F-PVP dans notre boutique NembutalBoutique et le recevoir \u00e0 votre porte sans aucun probl\u00e8me. Nous vous aidons \u00e0 acheter du 3F-PVP en ligne. Commandez maintenant !\" \/>\n<meta property=\"og:url\" content=\"https:\/\/nembutalboutique.com\/es\/producto\/comprar-3f-pvp\/\" \/>\n<meta property=\"og:site_name\" content=\"Nembutal Boutique\" \/>\n<meta property=\"article:modified_time\" content=\"2024-09-21T04:02:32+00:00\" \/>\n<meta property=\"og:image\" content=\"https:\/\/nembutalboutique.com\/wp-content\/uploads\/2024\/09\/3F-PVP.webp\" \/>\n\t<meta property=\"og:image:width\" content=\"500\" \/>\n\t<meta property=\"og:image:height\" content=\"500\" \/>\n\t<meta property=\"og:image:type\" content=\"image\/webp\" \/>\n<meta name=\"twitter:card\" content=\"summary_large_image\" \/>\n<meta name=\"twitter:label1\" content=\"Tiempo de lectura\" \/>\n\t<meta name=\"twitter:data1\" content=\"3 minutos\" \/>\n<script type=\"application\/ld+json\" class=\"yoast-schema-graph\">{\"@context\":\"https:\/\/schema.org\",\"@graph\":[{\"@type\":\"WebPage\",\"@id\":\"https:\/\/nembutalboutique.com\/produit\/3f-pvp\/\",\"url\":\"https:\/\/nembutalboutique.com\/produit\/3f-pvp\/\",\"name\":\"Acheter 3F-PVP en ligne - 3F-PVP \u00e0 vendre - Commander 3F-PVP\",\"isPartOf\":{\"@id\":\"https:\/\/nembutalboutique.com\/#website\"},\"primaryImageOfPage\":{\"@id\":\"https:\/\/nembutalboutique.com\/produit\/3f-pvp\/#primaryimage\"},\"image\":{\"@id\":\"https:\/\/nembutalboutique.com\/produit\/3f-pvp\/#primaryimage\"},\"thumbnailUrl\":\"https:\/\/nembutalboutique.com\/wp-content\/uploads\/2024\/09\/3F-PVP.webp\",\"datePublished\":\"2024-09-16T08:10:59+00:00\",\"dateModified\":\"2024-09-21T04:02:32+00:00\",\"description\":\"Vous pouvez acheter du 3F-PVP dans notre boutique NembutalBoutique et le recevoir \u00e0 votre porte sans aucun probl\u00e8me. Nous vous aidons \u00e0 acheter du 3F-PVP en ligne. Commandez maintenant !\",\"breadcrumb\":{\"@id\":\"https:\/\/nembutalboutique.com\/produit\/3f-pvp\/#breadcrumb\"},\"inLanguage\":\"es\",\"potentialAction\":[{\"@type\":\"ReadAction\",\"target\":[\"https:\/\/nembutalboutique.com\/produit\/3f-pvp\/\"]}]},{\"@type\":\"ImageObject\",\"inLanguage\":\"es\",\"@id\":\"https:\/\/nembutalboutique.com\/produit\/3f-pvp\/#primaryimage\",\"url\":\"https:\/\/nembutalboutique.com\/wp-content\/uploads\/2024\/09\/3F-PVP.webp\",\"contentUrl\":\"https:\/\/nembutalboutique.com\/wp-content\/uploads\/2024\/09\/3F-PVP.webp\",\"width\":500,\"height\":500,\"caption\":\"3F-PVP\"},{\"@type\":\"BreadcrumbList\",\"@id\":\"https:\/\/nembutalboutique.com\/produit\/3f-pvp\/#breadcrumb\",\"itemListElement\":[{\"@type\":\"ListItem\",\"position\":1,\"name\":\"Home\",\"item\":\"https:\/\/nembutalboutique.com\/\"},{\"@type\":\"ListItem\",\"position\":2,\"name\":\"Boutique\",\"item\":\"https:\/\/nembutalboutique.com\/shop\/\"},{\"@type\":\"ListItem\",\"position\":3,\"name\":\"3F-PVP\"}]},{\"@type\":\"WebSite\",\"@id\":\"https:\/\/nembutalboutique.com\/#website\",\"url\":\"https:\/\/nembutalboutique.com\/\",\"name\":\"Nembutal Boutique\",\"description\":\"My WordPress Blog\",\"publisher\":{\"@id\":\"https:\/\/nembutalboutique.com\/#organization\"},\"potentialAction\":[{\"@type\":\"SearchAction\",\"target\":{\"@type\":\"EntryPoint\",\"urlTemplate\":\"https:\/\/nembutalboutique.com\/?s={search_term_string}\"},\"query-input\":{\"@type\":\"PropertyValueSpecification\",\"valueRequired\":true,\"valueName\":\"search_term_string\"}}],\"inLanguage\":\"es\"},{\"@type\":\"Organization\",\"@id\":\"https:\/\/nembutalboutique.com\/#organization\",\"name\":\"Nembutal Boutique\",\"url\":\"https:\/\/nembutalboutique.com\/\",\"logo\":{\"@type\":\"ImageObject\",\"inLanguage\":\"es\",\"@id\":\"https:\/\/nembutalboutique.com\/#\/schema\/logo\/image\/\",\"url\":\"https:\/\/nembutalboutique.com\/wp-content\/uploads\/2024\/01\/logo.png\",\"contentUrl\":\"https:\/\/nembutalboutique.com\/wp-content\/uploads\/2024\/01\/logo.png\",\"width\":494,\"height\":121,\"caption\":\"Nembutal Boutique\"},\"image\":{\"@id\":\"https:\/\/nembutalboutique.com\/#\/schema\/logo\/image\/\"}}]}<\/script>\n<!-- \/ Yoast SEO plugin. -->","yoast_head_json":{"title":"Acheter 3F-PVP en ligne - 3F-PVP \u00e0 vendre - Commander 3F-PVP","description":"Vous pouvez acheter du 3F-PVP dans notre boutique NembutalBoutique et le recevoir \u00e0 votre porte sans aucun probl\u00e8me. Nous vous aidons \u00e0 acheter du 3F-PVP en ligne. Commandez maintenant !","robots":{"index":"index","follow":"follow","max-snippet":"max-snippet:-1","max-image-preview":"max-image-preview:large","max-video-preview":"max-video-preview:-1"},"canonical":"https:\/\/nembutalboutique.com\/es\/producto\/comprar-3f-pvp\/","og_locale":"es_ES","og_type":"article","og_title":"Acheter 3F-PVP en ligne - 3F-PVP \u00e0 vendre - Commander 3F-PVP","og_description":"Vous pouvez acheter du 3F-PVP dans notre boutique NembutalBoutique et le recevoir \u00e0 votre porte sans aucun probl\u00e8me. Nous vous aidons \u00e0 acheter du 3F-PVP en ligne. Commandez maintenant !","og_url":"https:\/\/nembutalboutique.com\/es\/producto\/comprar-3f-pvp\/","og_site_name":"Nembutal Boutique","article_modified_time":"2024-09-21T04:02:32+00:00","og_image":[{"width":500,"height":500,"url":"https:\/\/nembutalboutique.com\/wp-content\/uploads\/2024\/09\/3F-PVP.webp","type":"image\/webp"}],"twitter_card":"summary_large_image","twitter_misc":{"Tiempo de lectura":"3 minutos"},"schema":{"@context":"https:\/\/schema.org","@graph":[{"@type":"WebPage","@id":"https:\/\/nembutalboutique.com\/produit\/3f-pvp\/","url":"https:\/\/nembutalboutique.com\/produit\/3f-pvp\/","name":"Acheter 3F-PVP en ligne - 3F-PVP \u00e0 vendre - Commander 3F-PVP","isPartOf":{"@id":"https:\/\/nembutalboutique.com\/#website"},"primaryImageOfPage":{"@id":"https:\/\/nembutalboutique.com\/produit\/3f-pvp\/#primaryimage"},"image":{"@id":"https:\/\/nembutalboutique.com\/produit\/3f-pvp\/#primaryimage"},"thumbnailUrl":"https:\/\/nembutalboutique.com\/wp-content\/uploads\/2024\/09\/3F-PVP.webp","datePublished":"2024-09-16T08:10:59+00:00","dateModified":"2024-09-21T04:02:32+00:00","description":"Vous pouvez acheter du 3F-PVP dans notre boutique NembutalBoutique et le recevoir \u00e0 votre porte sans aucun probl\u00e8me. Nous vous aidons \u00e0 acheter du 3F-PVP en ligne. Commandez maintenant !","breadcrumb":{"@id":"https:\/\/nembutalboutique.com\/produit\/3f-pvp\/#breadcrumb"},"inLanguage":"es","potentialAction":[{"@type":"ReadAction","target":["https:\/\/nembutalboutique.com\/produit\/3f-pvp\/"]}]},{"@type":"ImageObject","inLanguage":"es","@id":"https:\/\/nembutalboutique.com\/produit\/3f-pvp\/#primaryimage","url":"https:\/\/nembutalboutique.com\/wp-content\/uploads\/2024\/09\/3F-PVP.webp","contentUrl":"https:\/\/nembutalboutique.com\/wp-content\/uploads\/2024\/09\/3F-PVP.webp","width":500,"height":500,"caption":"3F-PVP"},{"@type":"BreadcrumbList","@id":"https:\/\/nembutalboutique.com\/produit\/3f-pvp\/#breadcrumb","itemListElement":[{"@type":"ListItem","position":1,"name":"Home","item":"https:\/\/nembutalboutique.com\/"},{"@type":"ListItem","position":2,"name":"Boutique","item":"https:\/\/nembutalboutique.com\/shop\/"},{"@type":"ListItem","position":3,"name":"3F-PVP"}]},{"@type":"WebSite","@id":"https:\/\/nembutalboutique.com\/#website","url":"https:\/\/nembutalboutique.com\/","name":"Boutique Nembutal","description":"Mi blog de WordPress","publisher":{"@id":"https:\/\/nembutalboutique.com\/#organization"},"potentialAction":[{"@type":"SearchAction","target":{"@type":"EntryPoint","urlTemplate":"https:\/\/nembutalboutique.com\/?s={search_term_string}"},"query-input":{"@type":"PropertyValueSpecification","valueRequired":true,"valueName":"search_term_string"}}],"inLanguage":"es"},{"@type":"Organization","@id":"https:\/\/nembutalboutique.com\/#organization","name":"Boutique Nembutal","url":"https:\/\/nembutalboutique.com\/","logo":{"@type":"ImageObject","inLanguage":"es","@id":"https:\/\/nembutalboutique.com\/#\/schema\/logo\/image\/","url":"https:\/\/nembutalboutique.com\/wp-content\/uploads\/2024\/01\/logo.png","contentUrl":"https:\/\/nembutalboutique.com\/wp-content\/uploads\/2024\/01\/logo.png","width":494,"height":121,"caption":"Nembutal Boutique"},"image":{"@id":"https:\/\/nembutalboutique.com\/#\/schema\/logo\/image\/"}}]}},"_links":{"self":[{"href":"https:\/\/nembutalboutique.com\/es\/wp-json\/wp\/v2\/product\/2562"}],"collection":[{"href":"https:\/\/nembutalboutique.com\/es\/wp-json\/wp\/v2\/product"}],"about":[{"href":"https:\/\/nembutalboutique.com\/es\/wp-json\/wp\/v2\/types\/product"}],"replies":[{"embeddable":true,"href":"https:\/\/nembutalboutique.com\/es\/wp-json\/wp\/v2\/comments?post=2562"}],"wp:featuredmedia":[{"embeddable":true,"href":"https:\/\/nembutalboutique.com\/es\/wp-json\/wp\/v2\/media\/3533"}],"wp:attachment":[{"href":"https:\/\/nembutalboutique.com\/es\/wp-json\/wp\/v2\/media?parent=2562"}],"wp:term":[{"taxonomy":"product_brand","embeddable":true,"href":"https:\/\/nembutalboutique.com\/es\/wp-json\/wp\/v2\/product_brand?post=2562"},{"taxonomy":"product_cat","embeddable":true,"href":"https:\/\/nembutalboutique.com\/es\/wp-json\/wp\/v2\/product_cat?post=2562"},{"taxonomy":"product_tag","embeddable":true,"href":"https:\/\/nembutalboutique.com\/es\/wp-json\/wp\/v2\/product_tag?post=2562"}],"curies":[{"name":"wp","href":"https:\/\/api.w.org\/{rel}","templated":true}]}}