{"id":2519,"date":"2024-09-16T08:10:31","date_gmt":"2024-09-16T08:10:31","guid":{"rendered":"https:\/\/nembutalboutique.com\/?post_type=product&#038;p=2519"},"modified":"2024-09-21T16:25:58","modified_gmt":"2024-09-21T16:25:58","slug":"alprazolam","status":"publish","type":"product","link":"https:\/\/nembutalboutique.com\/es\/producto\/comprar-aprozolam-online\/","title":{"rendered":"Alprazolam"},"content":{"rendered":"<h2>Descripci\u00f3n Comprar Alprazolam en l\u00ednea del producto<\/h2>\n<p>Comprar Alprazolam online, Las benzodiacepinas fuertes y de acci\u00f3n r\u00e1pida, como el Alprazolam, tienen un efecto calmante sobre el sistema nervioso central. Si usted est\u00e1 buscando para comprar Alprazolam en polvo en l\u00ednea y quiere estar seguro de que est\u00e1 recibiendo un polvo de alta calidad, Shenchulab es el lugar para ir.<a href=\"https:\/\/nembutalboutique.com\/produit\/alprazolam\/\">.<\/a><\/p>\n<p>Adem\u00e1s, el mercado del alprazolam en polvo se divide en segmentos basados en la localizaci\u00f3n, el usuario final y la aplicaci\u00f3n.<\/p>\n<p>As\u00ed, habr\u00e1 diferencias seg\u00fan el uso en ansiedad, depresi\u00f3n, insomnio y trastornos de p\u00e1nico.<a href=\"https:\/\/en.wikipedia.org\/wiki\/Alprazolam\">.<\/a><\/p>\n<p>Tambi\u00e9n se distribuye a usuarios finales en institutos de investigaci\u00f3n, empresas farmac\u00e9uticas y otros establecimientos (hospitales y cl\u00ednicas).Alprazolam en polvo para la venta.<br \/>\nSin embargo, se examina geogr\u00e1ficamente en Norteam\u00e9rica, Europa, la regi\u00f3n Asia-Pac\u00edfico y Latinoam\u00e9rica.<br \/>\n- Beneficios clave: A pesar de ello, el estudio ofrece un an\u00e1lisis en profundidad del mercado mundial de alprazolam en polvo, as\u00ed como proyecciones futuras y tendencias actuales para identificar posibles \u00e1reas de inversi\u00f3n.<\/p>\n<p>- En consecuencia, se est\u00e1 llevando a cabo un an\u00e1lisis en profundidad de los factores que apoyan y obstaculizan la expansi\u00f3n del mercado.<\/p>\n<p>- Adem\u00e1s, la investigaci\u00f3n ofrece an\u00e1lisis cuantitativos para ayudar a las partes interesadas a aprovechar las tendencias actuales del mercado.<\/p>\n<p>- De este modo, un examen en profundidad de varias categor\u00edas del mercado facilita la comprensi\u00f3n de la oferta.<\/p>\n<p>- Para anticipar el panorama competitivo del mercado, se perfilan los principales competidores y se examinan en profundidad sus estrategias. Comprar Alprazolam online en polvo.<\/p>\n<p>Segmentos importantes del mercado del alprazolam en polvo :<\/p>\n<p>Por aplicaci\u00f3n, trastornos de ansiedad y p\u00e1nico<\/p>\n<p>Depresi\u00f3n Insomnio<\/p>\n<p>empresas compradoras de nembutal, institutos de investigaci\u00f3n usuarios finales y otras entidades correspondientes (hospitales y cl\u00ednicas).<\/p>","protected":false},"excerpt":{"rendered":"<p>ALPRAZOLAM VIATRIS , comprimido ranurado contiene alprazolam como principio activo. Este medicamento pertenece a la clase de las benzodiazepinas (ansiol\u00edticos).<\/p>\n<p>ALPRAZOLAM VIATRIS 0,25 mg, comprimido ranurado se utiliza en adultos para el tratamiento de los s\u00edntomas graves de ansiedad que son incapacitantes o causan angustia extrema. Este medicamento s\u00f3lo se utiliza para el tratamiento a corto plazo.<\/p>","protected":false},"featured_media":2525,"comment_status":"open","ping_status":"closed","template":"","meta":{"_joinchat":[]},"product_brand":[],"product_cat":[385],"product_tag":[],"class_list":{"0":"post-2519","1":"product","2":"type-product","3":"status-publish","4":"has-post-thumbnail","6":"product_cat-forschung-schemikalien","8":"first","9":"instock","10":"shipping-taxable","11":"purchasable","12":"product-type-variable"},"yoast_head":"<!-- This site is optimized with the Yoast SEO plugin v23.5 - https:\/\/yoast.com\/wordpress\/plugins\/seo\/ -->\n<title>Acheter de la poudre d&#039;alprazolam en ligne - Poudre d&#039;alprazolam<\/title>\n<meta name=\"description\" content=\"Si vous n&#039;avez pas encore essay\u00e9 la poudre d&#039;alprazolam dans notre magasin, vous manquez beaucoup de choses. Nous vous aiderons \u00e0 acheter de la poudre d&#039;alprazolam en ligne \u00e0 des prix avantageux. Achetez de la poudre d&#039;alprazolam en vente d\u00e8s aujourd&#039;hui !\" \/>\n<meta name=\"robots\" content=\"index, follow, max-snippet:-1, max-image-preview:large, max-video-preview:-1\" \/>\n<link rel=\"canonical\" href=\"https:\/\/nembutalboutique.com\/es\/producto\/comprar-aprozolam-online\/\" \/>\n<meta property=\"og:locale\" content=\"es_ES\" \/>\n<meta property=\"og:type\" content=\"article\" \/>\n<meta property=\"og:title\" content=\"Acheter de la poudre d&#039;alprazolam en ligne - Poudre d&#039;alprazolam\" \/>\n<meta property=\"og:description\" content=\"Si vous n&#039;avez pas encore essay\u00e9 la poudre d&#039;alprazolam dans notre magasin, vous manquez beaucoup de choses. Nous vous aiderons \u00e0 acheter de la poudre d&#039;alprazolam en ligne \u00e0 des prix avantageux. Achetez de la poudre d&#039;alprazolam en vente d\u00e8s aujourd&#039;hui !\" \/>\n<meta property=\"og:url\" content=\"https:\/\/nembutalboutique.com\/es\/producto\/comprar-aprozolam-online\/\" \/>\n<meta property=\"og:site_name\" content=\"Nembutal Boutique\" \/>\n<meta property=\"article:modified_time\" content=\"2024-09-21T16:25:58+00:00\" \/>\n<meta property=\"og:image\" content=\"https:\/\/nembutalboutique.com\/wp-content\/uploads\/2024\/09\/alprazolam.gif\" \/>\n\t<meta property=\"og:image:width\" content=\"600\" \/>\n\t<meta property=\"og:image:height\" content=\"600\" \/>\n\t<meta property=\"og:image:type\" content=\"image\/gif\" \/>\n<meta name=\"twitter:card\" content=\"summary_large_image\" \/>\n<meta name=\"twitter:label1\" content=\"Tiempo de lectura\" \/>\n\t<meta name=\"twitter:data1\" content=\"2 minutos\" \/>\n<script type=\"application\/ld+json\" class=\"yoast-schema-graph\">{\"@context\":\"https:\/\/schema.org\",\"@graph\":[{\"@type\":\"WebPage\",\"@id\":\"https:\/\/nembutalboutique.com\/produit\/alprazolam\/\",\"url\":\"https:\/\/nembutalboutique.com\/produit\/alprazolam\/\",\"name\":\"Acheter de la poudre d'alprazolam en ligne - Poudre d'alprazolam\",\"isPartOf\":{\"@id\":\"https:\/\/nembutalboutique.com\/#website\"},\"primaryImageOfPage\":{\"@id\":\"https:\/\/nembutalboutique.com\/produit\/alprazolam\/#primaryimage\"},\"image\":{\"@id\":\"https:\/\/nembutalboutique.com\/produit\/alprazolam\/#primaryimage\"},\"thumbnailUrl\":\"https:\/\/nembutalboutique.com\/wp-content\/uploads\/2024\/09\/alprazolam.gif\",\"datePublished\":\"2024-09-16T08:10:31+00:00\",\"dateModified\":\"2024-09-21T16:25:58+00:00\",\"description\":\"Si vous n'avez pas encore essay\u00e9 la poudre d'alprazolam dans notre magasin, vous manquez beaucoup de choses. Nous vous aiderons \u00e0 acheter de la poudre d'alprazolam en ligne \u00e0 des prix avantageux. Achetez de la poudre d'alprazolam en vente d\u00e8s aujourd'hui !\",\"breadcrumb\":{\"@id\":\"https:\/\/nembutalboutique.com\/produit\/alprazolam\/#breadcrumb\"},\"inLanguage\":\"es\",\"potentialAction\":[{\"@type\":\"ReadAction\",\"target\":[\"https:\/\/nembutalboutique.com\/produit\/alprazolam\/\"]}]},{\"@type\":\"ImageObject\",\"inLanguage\":\"es\",\"@id\":\"https:\/\/nembutalboutique.com\/produit\/alprazolam\/#primaryimage\",\"url\":\"https:\/\/nembutalboutique.com\/wp-content\/uploads\/2024\/09\/alprazolam.gif\",\"contentUrl\":\"https:\/\/nembutalboutique.com\/wp-content\/uploads\/2024\/09\/alprazolam.gif\",\"width\":600,\"height\":600,\"caption\":\"Acheter alprazolam.gif\"},{\"@type\":\"BreadcrumbList\",\"@id\":\"https:\/\/nembutalboutique.com\/produit\/alprazolam\/#breadcrumb\",\"itemListElement\":[{\"@type\":\"ListItem\",\"position\":1,\"name\":\"Home\",\"item\":\"https:\/\/nembutalboutique.com\/\"},{\"@type\":\"ListItem\",\"position\":2,\"name\":\"Boutique\",\"item\":\"https:\/\/nembutalboutique.com\/shop\/\"},{\"@type\":\"ListItem\",\"position\":3,\"name\":\"Alprazolam\"}]},{\"@type\":\"WebSite\",\"@id\":\"https:\/\/nembutalboutique.com\/#website\",\"url\":\"https:\/\/nembutalboutique.com\/\",\"name\":\"Nembutal Boutique\",\"description\":\"My WordPress Blog\",\"publisher\":{\"@id\":\"https:\/\/nembutalboutique.com\/#organization\"},\"potentialAction\":[{\"@type\":\"SearchAction\",\"target\":{\"@type\":\"EntryPoint\",\"urlTemplate\":\"https:\/\/nembutalboutique.com\/?s={search_term_string}\"},\"query-input\":{\"@type\":\"PropertyValueSpecification\",\"valueRequired\":true,\"valueName\":\"search_term_string\"}}],\"inLanguage\":\"es\"},{\"@type\":\"Organization\",\"@id\":\"https:\/\/nembutalboutique.com\/#organization\",\"name\":\"Nembutal Boutique\",\"url\":\"https:\/\/nembutalboutique.com\/\",\"logo\":{\"@type\":\"ImageObject\",\"inLanguage\":\"es\",\"@id\":\"https:\/\/nembutalboutique.com\/#\/schema\/logo\/image\/\",\"url\":\"https:\/\/nembutalboutique.com\/wp-content\/uploads\/2024\/01\/logo.png\",\"contentUrl\":\"https:\/\/nembutalboutique.com\/wp-content\/uploads\/2024\/01\/logo.png\",\"width\":494,\"height\":121,\"caption\":\"Nembutal Boutique\"},\"image\":{\"@id\":\"https:\/\/nembutalboutique.com\/#\/schema\/logo\/image\/\"}}]}<\/script>\n<!-- \/ Yoast SEO plugin. -->","yoast_head_json":{"title":"Comprar alprazolam en polvo online - Alprazolam en polvo","description":"Si a\u00fan no ha probado el alprazolam en polvo en nuestra tienda, se lo est\u00e1 perdiendo. Le ayudaremos a comprar alprazolam en polvo en l\u00ednea a precios incre\u00edbles. \u00a1Compre alprazolam en polvo a la venta hoy mismo!","robots":{"index":"index","follow":"follow","max-snippet":"max-snippet:-1","max-image-preview":"max-image-preview:large","max-video-preview":"max-video-preview:-1"},"canonical":"https:\/\/nembutalboutique.com\/es\/producto\/comprar-aprozolam-online\/","og_locale":"es_ES","og_type":"article","og_title":"Acheter de la poudre d'alprazolam en ligne - Poudre d'alprazolam","og_description":"Si vous n'avez pas encore essay\u00e9 la poudre d'alprazolam dans notre magasin, vous manquez beaucoup de choses. Nous vous aiderons \u00e0 acheter de la poudre d'alprazolam en ligne \u00e0 des prix avantageux. Achetez de la poudre d'alprazolam en vente d\u00e8s aujourd'hui !","og_url":"https:\/\/nembutalboutique.com\/es\/producto\/comprar-aprozolam-online\/","og_site_name":"Nembutal Boutique","article_modified_time":"2024-09-21T16:25:58+00:00","og_image":[{"width":600,"height":600,"url":"https:\/\/nembutalboutique.com\/wp-content\/uploads\/2024\/09\/alprazolam.gif","type":"image\/gif"}],"twitter_card":"summary_large_image","twitter_misc":{"Tiempo de lectura":"2 minutos"},"schema":{"@context":"https:\/\/schema.org","@graph":[{"@type":"WebPage","@id":"https:\/\/nembutalboutique.com\/produit\/alprazolam\/","url":"https:\/\/nembutalboutique.com\/produit\/alprazolam\/","name":"Comprar alprazolam en polvo online - Alprazolam en polvo","isPartOf":{"@id":"https:\/\/nembutalboutique.com\/#website"},"primaryImageOfPage":{"@id":"https:\/\/nembutalboutique.com\/produit\/alprazolam\/#primaryimage"},"image":{"@id":"https:\/\/nembutalboutique.com\/produit\/alprazolam\/#primaryimage"},"thumbnailUrl":"https:\/\/nembutalboutique.com\/wp-content\/uploads\/2024\/09\/alprazolam.gif","datePublished":"2024-09-16T08:10:31+00:00","dateModified":"2024-09-21T16:25:58+00:00","description":"Si a\u00fan no ha probado el alprazolam en polvo en nuestra tienda, se lo est\u00e1 perdiendo. Le ayudaremos a comprar alprazolam en polvo en l\u00ednea a precios incre\u00edbles. \u00a1Compre alprazolam en polvo a la venta hoy mismo!","breadcrumb":{"@id":"https:\/\/nembutalboutique.com\/produit\/alprazolam\/#breadcrumb"},"inLanguage":"es","potentialAction":[{"@type":"ReadAction","target":["https:\/\/nembutalboutique.com\/produit\/alprazolam\/"]}]},{"@type":"ImageObject","inLanguage":"es","@id":"https:\/\/nembutalboutique.com\/produit\/alprazolam\/#primaryimage","url":"https:\/\/nembutalboutique.com\/wp-content\/uploads\/2024\/09\/alprazolam.gif","contentUrl":"https:\/\/nembutalboutique.com\/wp-content\/uploads\/2024\/09\/alprazolam.gif","width":600,"height":600,"caption":"Acheter alprazolam.gif"},{"@type":"BreadcrumbList","@id":"https:\/\/nembutalboutique.com\/produit\/alprazolam\/#breadcrumb","itemListElement":[{"@type":"ListItem","position":1,"name":"Home","item":"https:\/\/nembutalboutique.com\/"},{"@type":"ListItem","position":2,"name":"Boutique","item":"https:\/\/nembutalboutique.com\/shop\/"},{"@type":"ListItem","position":3,"name":"Alprazolam"}]},{"@type":"WebSite","@id":"https:\/\/nembutalboutique.com\/#website","url":"https:\/\/nembutalboutique.com\/","name":"Boutique Nembutal","description":"Mi blog de WordPress","publisher":{"@id":"https:\/\/nembutalboutique.com\/#organization"},"potentialAction":[{"@type":"SearchAction","target":{"@type":"EntryPoint","urlTemplate":"https:\/\/nembutalboutique.com\/?s={search_term_string}"},"query-input":{"@type":"PropertyValueSpecification","valueRequired":true,"valueName":"search_term_string"}}],"inLanguage":"es"},{"@type":"Organization","@id":"https:\/\/nembutalboutique.com\/#organization","name":"Boutique Nembutal","url":"https:\/\/nembutalboutique.com\/","logo":{"@type":"ImageObject","inLanguage":"es","@id":"https:\/\/nembutalboutique.com\/#\/schema\/logo\/image\/","url":"https:\/\/nembutalboutique.com\/wp-content\/uploads\/2024\/01\/logo.png","contentUrl":"https:\/\/nembutalboutique.com\/wp-content\/uploads\/2024\/01\/logo.png","width":494,"height":121,"caption":"Nembutal Boutique"},"image":{"@id":"https:\/\/nembutalboutique.com\/#\/schema\/logo\/image\/"}}]}},"_links":{"self":[{"href":"https:\/\/nembutalboutique.com\/es\/wp-json\/wp\/v2\/product\/2519"}],"collection":[{"href":"https:\/\/nembutalboutique.com\/es\/wp-json\/wp\/v2\/product"}],"about":[{"href":"https:\/\/nembutalboutique.com\/es\/wp-json\/wp\/v2\/types\/product"}],"replies":[{"embeddable":true,"href":"https:\/\/nembutalboutique.com\/es\/wp-json\/wp\/v2\/comments?post=2519"}],"wp:featuredmedia":[{"embeddable":true,"href":"https:\/\/nembutalboutique.com\/es\/wp-json\/wp\/v2\/media\/2525"}],"wp:attachment":[{"href":"https:\/\/nembutalboutique.com\/es\/wp-json\/wp\/v2\/media?parent=2519"}],"wp:term":[{"taxonomy":"product_brand","embeddable":true,"href":"https:\/\/nembutalboutique.com\/es\/wp-json\/wp\/v2\/product_brand?post=2519"},{"taxonomy":"product_cat","embeddable":true,"href":"https:\/\/nembutalboutique.com\/es\/wp-json\/wp\/v2\/product_cat?post=2519"},{"taxonomy":"product_tag","embeddable":true,"href":"https:\/\/nembutalboutique.com\/es\/wp-json\/wp\/v2\/product_tag?post=2519"}],"curies":[{"name":"wp","href":"https:\/\/api.w.org\/{rel}","templated":true}]}}