{"id":2301,"date":"2024-01-16T06:05:05","date_gmt":"2024-01-16T06:05:05","guid":{"rendered":"https:\/\/gblexpress.com\/nembu\/?post_type=product&#038;p=2301"},"modified":"2024-09-21T04:20:33","modified_gmt":"2024-09-21T04:20:33","slug":"gelules-nembutal","status":"publish","type":"product","link":"https:\/\/nembutalboutique.com\/es\/producto\/capsulas-de-nembutal\/","title":{"rendered":"Nembutal c\u00e1psulas"},"content":{"rendered":"<h2>Compre c\u00e1psulas de Nembutal online de forma segura: su tienda de c\u00e1psulas de Nembutal de confianza en Francia<\/h2>\n<p>\u00bfBusca una fuente fiable para comprar <a href=\"https:\/\/nembutalboutique.com\/produit\/gelules-nembutal\/\">Nembutal c\u00e1psulas<\/a> \u00bfen l\u00ednea? No busque m\u00e1s - en NembutalBoutique.com, somos su tienda de confianza de c\u00e1psulas de Nembutal, garantizando una experiencia de compra segura y legal. Con un compromiso con la calidad y la satisfacci\u00f3n del cliente, ofrecemos un proceso sin problemas para pedir c\u00e1psulas de Nembutal en el Reino Unido y m\u00e1s all\u00e1.<\/p>\n<h3>\u00bfPor qu\u00e9 elegirnos para las c\u00e1psulas de Nembutal?<\/h3>\n<p>En NembutalBoutique.com, anteponemos su seguridad y satisfacci\u00f3n. Cuando nos compra c\u00e1psulas de Nembutal, puede estar seguro de que est\u00e1 adquiriendo un producto leg\u00edtimo y de alta calidad. Nuestro compromiso con la transparencia y la legalidad nos distingue en el mercado.<\/p>\n<h3>Encargar Nembutal c\u00e1psulas online<\/h3>\n<p>Cuando decida hacer un pedido <a href=\"https:\/\/en.wikipedia.org\/?title=Nembutal&amp;redirect=no\">Nembut<\/a>al, nuestra sencilla plataforma en l\u00ednea le garantiza una experiencia sin complicaciones. Navegue por nuestro sitio web, explore nuestra oferta de productos y haga su pedido con confianza. Le garantizamos un embalaje discreto y una entrega r\u00e1pida en su domicilio.<\/p>\n<h3>Comprar Nembutal c\u00e1psulas legalmente<\/h3>\n<p>Comprendemos la importancia del cumplimiento legal. Tenga la seguridad de que cuando nos compra c\u00e1psulas de Nembutal, lo hace legalmente. Nuestro compromiso con el cumplimiento de todas las normativas aplicables garantiza que pueda comprar c\u00e1psulas de Nembutal en el Reino Unido con total tranquilidad.<\/p>\n<h3>\u00bfD\u00f3nde puedo comprar c\u00e1psulas de Nembutal?<\/h3>\n<p>\u00bfSe pregunta d\u00f3nde comprar c\u00e1psulas de Nembutal? NembutalBoutique.com es su ventanilla \u00fanica para comprar c\u00e1psulas de Nembutal. Con una amplia gama de productos y un sencillo proceso de pedido, le facilitamos la compra de c\u00e1psulas de Nembutal en Francia y otros pa\u00edses.<\/p>\n<h3>Venta de c\u00e1psulas de Nembutal - Calidad garantizada<\/h3>\n<p>Nuestras c\u00e1psulas de Nembutal proceden de fabricantes reputados, lo que garantiza la m\u00e1xima calidad. Nuestra prioridad es la seguridad y el bienestar de nuestros clientes, y nuestros productos se someten a rigurosas pruebas para cumplir las normas internacionales.<\/p>\n<h2>Pida hoy mismo c\u00e1psulas de Nembutal<\/h2>\n<p>\u00bfListo para hacer una compra? Pida hoy mismo c\u00e1psulas de Nembutal en NembutalBoutique.com y experimente la comodidad y fiabilidad de nuestros servicios. Conf\u00ede en nosotros para ser su socio en la obtenci\u00f3n de c\u00e1psulas de Nembutal legalmente y con seguridad.<\/p>\n<p>No comprometa la calidad y la legalidad - elija NembutalBoutique.com para todas sus necesidades de c\u00e1psulas de Nembutal. Su satisfacci\u00f3n es nuestra prioridad.<\/p>","protected":false},"excerpt":{"rendered":"<p>Achetez des capsules de Nembutal en ligne en toute s\u00e9curit\u00e9 : votre magasin de capsules de Nembutal de confiance en France Vous recherchez une source fiable pour acheter des capsules de Nembutal en ligne ? Ne cherchez plus \u2013 sur NembutalBoutique.com, nous sommes votre magasin de capsules de Nembutal de confiance, garantissant une exp\u00e9rience d&rsquo;achat [&hellip;]<\/p>","protected":false},"featured_media":2313,"comment_status":"open","ping_status":"closed","template":"","meta":{"_joinchat":[]},"product_brand":[],"product_cat":[116],"product_tag":[172,173,170,169,174,171,193,191,192,178,177,176,179,183,180,181,182,184,190,185,186,187,188,189,200,199,201,194,196,195,197,175,198],"class_list":{"0":"post-2301","1":"product","2":"type-product","3":"status-publish","4":"has-post-thumbnail","6":"product_cat-nembutal","7":"product_tag-acheter-des-pilules-de-nembutal-en-ligne","8":"product_tag-acheter-des-pilules-de-nembutal-en-ligne-sans-ordonnance","9":"product_tag-acheter-du-nembutal-en-ligne","10":"product_tag-acheter-du-nembutal-exit-international","11":"product_tag-acheter-du-nembutal-france","12":"product_tag-acheter-du-nembutal-pentobarbital","13":"product_tag-commander-des-pilules-de-nembutal-en-ligne","14":"product_tag-commander-du-nembutal","15":"product_tag-commander-du-nembutal-en-ligne","16":"product_tag-comment-acheter-du-nembutal","17":"product_tag-comment-fabriquer-du-nembutal","18":"product_tag-comment-puis-je-obtenir-du-nembutal","19":"product_tag-nembutal","20":"product_tag-nembutal-a-vendre","21":"product_tag-nembutal-acheter","22":"product_tag-nembutal-acheter-inde","23":"product_tag-nembutal-capsules-a-vendre","24":"product_tag-nembutal-commander-en-ligne","25":"product_tag-nembutal-ou-trouver-acheter","26":"product_tag-nembutal-pentobarbital-a-vendre-en-france","27":"product_tag-nembutal-pentobarbital-sodium-a-vendre","28":"product_tag-nembutal-pilules-a-vendre","29":"product_tag-nembutal-sodium","30":"product_tag-nembutal-suicide","31":"product_tag-ou-acheter-des-pilules-de-nembutal","32":"product_tag-ou-acheter-du-nembutal","33":"product_tag-ou-acheter-du-pentobarbital-pour-chiens","34":"product_tag-pentobarbital","35":"product_tag-pentobarbital-a-vendre","36":"product_tag-pentobarbital-acheter","37":"product_tag-pentobarbital-de-sodium","38":"product_tag-pilules-de-nembutal-bon-marche-a-vendre","39":"product_tag-quest-ce-que-le-nembutal","41":"first","42":"instock","43":"shipping-taxable","44":"purchasable","45":"product-type-variable","46":"has-default-attributes"},"yoast_head":"<!-- This site is optimized with the Yoast SEO plugin v23.5 - https:\/\/yoast.com\/wordpress\/plugins\/seo\/ -->\n<title>Gel Nembutal \u00e0 vendre - Acheter Gel Nembutal en ligne<\/title>\n<meta name=\"description\" content=\"Achetez du gel Nembutal en vente dans l&#039;une des meilleures boutiques en ligne NembutalBoutique. Nous vous aiderons \u00e0 acheter du gel Nembutal en ligne de haute qualit\u00e9. Ne tardez pas \u00e0 passer votre commande et profitez des derni\u00e8res r\u00e9ductions !\" \/>\n<meta name=\"robots\" content=\"index, follow, max-snippet:-1, max-image-preview:large, max-video-preview:-1\" \/>\n<link rel=\"canonical\" href=\"https:\/\/nembutalboutique.com\/es\/producto\/capsulas-de-nembutal\/\" \/>\n<meta property=\"og:locale\" content=\"es_ES\" \/>\n<meta property=\"og:type\" content=\"article\" \/>\n<meta property=\"og:title\" content=\"Gel Nembutal \u00e0 vendre - Acheter Gel Nembutal en ligne\" \/>\n<meta property=\"og:description\" content=\"Achetez du gel Nembutal en vente dans l&#039;une des meilleures boutiques en ligne NembutalBoutique. Nous vous aiderons \u00e0 acheter du gel Nembutal en ligne de haute qualit\u00e9. Ne tardez pas \u00e0 passer votre commande et profitez des derni\u00e8res r\u00e9ductions !\" \/>\n<meta property=\"og:url\" content=\"https:\/\/nembutalboutique.com\/es\/producto\/capsulas-de-nembutal\/\" \/>\n<meta property=\"og:site_name\" content=\"Nembutal Boutique\" \/>\n<meta property=\"article:modified_time\" content=\"2024-09-21T04:20:33+00:00\" \/>\n<meta property=\"og:image\" content=\"https:\/\/nembutalboutique.com\/wp-content\/uploads\/2024\/01\/nembutal-capsules.jpg\" \/>\n\t<meta property=\"og:image:width\" content=\"1000\" \/>\n\t<meta property=\"og:image:height\" content=\"1000\" \/>\n\t<meta property=\"og:image:type\" content=\"image\/jpeg\" \/>\n<meta name=\"twitter:card\" content=\"summary_large_image\" \/>\n<meta name=\"twitter:label1\" content=\"Tiempo de lectura\" \/>\n\t<meta name=\"twitter:data1\" content=\"3 minutos\" \/>\n<script type=\"application\/ld+json\" class=\"yoast-schema-graph\">{\"@context\":\"https:\/\/schema.org\",\"@graph\":[{\"@type\":\"WebPage\",\"@id\":\"https:\/\/nembutalboutique.com\/produit\/gelules-nembutal\/\",\"url\":\"https:\/\/nembutalboutique.com\/produit\/gelules-nembutal\/\",\"name\":\"Gel Nembutal \u00e0 vendre - Acheter Gel Nembutal en ligne\",\"isPartOf\":{\"@id\":\"https:\/\/nembutalboutique.com\/#website\"},\"primaryImageOfPage\":{\"@id\":\"https:\/\/nembutalboutique.com\/produit\/gelules-nembutal\/#primaryimage\"},\"image\":{\"@id\":\"https:\/\/nembutalboutique.com\/produit\/gelules-nembutal\/#primaryimage\"},\"thumbnailUrl\":\"https:\/\/nembutalboutique.com\/wp-content\/uploads\/2024\/01\/nembutal-capsules.jpg\",\"datePublished\":\"2024-01-16T06:05:05+00:00\",\"dateModified\":\"2024-09-21T04:20:33+00:00\",\"description\":\"Achetez du gel Nembutal en vente dans l'une des meilleures boutiques en ligne NembutalBoutique. Nous vous aiderons \u00e0 acheter du gel Nembutal en ligne de haute qualit\u00e9. Ne tardez pas \u00e0 passer votre commande et profitez des derni\u00e8res r\u00e9ductions !\",\"breadcrumb\":{\"@id\":\"https:\/\/nembutalboutique.com\/produit\/gelules-nembutal\/#breadcrumb\"},\"inLanguage\":\"es\",\"potentialAction\":[{\"@type\":\"ReadAction\",\"target\":[\"https:\/\/nembutalboutique.com\/produit\/gelules-nembutal\/\"]}]},{\"@type\":\"ImageObject\",\"inLanguage\":\"es\",\"@id\":\"https:\/\/nembutalboutique.com\/produit\/gelules-nembutal\/#primaryimage\",\"url\":\"https:\/\/nembutalboutique.com\/wp-content\/uploads\/2024\/01\/nembutal-capsules.jpg\",\"contentUrl\":\"https:\/\/nembutalboutique.com\/wp-content\/uploads\/2024\/01\/nembutal-capsules.jpg\",\"width\":1000,\"height\":1000,\"caption\":\"Acheter des capsules Nembutal\"},{\"@type\":\"BreadcrumbList\",\"@id\":\"https:\/\/nembutalboutique.com\/produit\/gelules-nembutal\/#breadcrumb\",\"itemListElement\":[{\"@type\":\"ListItem\",\"position\":1,\"name\":\"Home\",\"item\":\"https:\/\/nembutalboutique.com\/\"},{\"@type\":\"ListItem\",\"position\":2,\"name\":\"Boutique\",\"item\":\"https:\/\/nembutalboutique.com\/shop\/\"},{\"@type\":\"ListItem\",\"position\":3,\"name\":\"G\u00e9lules Nembutal\"}]},{\"@type\":\"WebSite\",\"@id\":\"https:\/\/nembutalboutique.com\/#website\",\"url\":\"https:\/\/nembutalboutique.com\/\",\"name\":\"Nembutal Boutique\",\"description\":\"My WordPress Blog\",\"publisher\":{\"@id\":\"https:\/\/nembutalboutique.com\/#organization\"},\"potentialAction\":[{\"@type\":\"SearchAction\",\"target\":{\"@type\":\"EntryPoint\",\"urlTemplate\":\"https:\/\/nembutalboutique.com\/?s={search_term_string}\"},\"query-input\":{\"@type\":\"PropertyValueSpecification\",\"valueRequired\":true,\"valueName\":\"search_term_string\"}}],\"inLanguage\":\"es\"},{\"@type\":\"Organization\",\"@id\":\"https:\/\/nembutalboutique.com\/#organization\",\"name\":\"Nembutal Boutique\",\"url\":\"https:\/\/nembutalboutique.com\/\",\"logo\":{\"@type\":\"ImageObject\",\"inLanguage\":\"es\",\"@id\":\"https:\/\/nembutalboutique.com\/#\/schema\/logo\/image\/\",\"url\":\"https:\/\/nembutalboutique.com\/wp-content\/uploads\/2024\/01\/logo.png\",\"contentUrl\":\"https:\/\/nembutalboutique.com\/wp-content\/uploads\/2024\/01\/logo.png\",\"width\":494,\"height\":121,\"caption\":\"Nembutal Boutique\"},\"image\":{\"@id\":\"https:\/\/nembutalboutique.com\/#\/schema\/logo\/image\/\"}}]}<\/script>\n<!-- \/ Yoast SEO plugin. -->","yoast_head_json":{"title":"Gel Nembutal en venta - Comprar Gel Nembutal online","description":"Comprar Nembutal Gel a la venta en una de las mejores tiendas online NembutalBoutique. Le ayudaremos a comprar Nembutal Gel online de alta calidad. \u00a1No se demore en hacer su pedido y aproveche los \u00faltimos descuentos!","robots":{"index":"index","follow":"follow","max-snippet":"max-snippet:-1","max-image-preview":"max-image-preview:large","max-video-preview":"max-video-preview:-1"},"canonical":"https:\/\/nembutalboutique.com\/es\/producto\/capsulas-de-nembutal\/","og_locale":"es_ES","og_type":"article","og_title":"Gel Nembutal \u00e0 vendre - Acheter Gel Nembutal en ligne","og_description":"Achetez du gel Nembutal en vente dans l'une des meilleures boutiques en ligne NembutalBoutique. Nous vous aiderons \u00e0 acheter du gel Nembutal en ligne de haute qualit\u00e9. Ne tardez pas \u00e0 passer votre commande et profitez des derni\u00e8res r\u00e9ductions !","og_url":"https:\/\/nembutalboutique.com\/es\/producto\/capsulas-de-nembutal\/","og_site_name":"Nembutal Boutique","article_modified_time":"2024-09-21T04:20:33+00:00","og_image":[{"width":1000,"height":1000,"url":"https:\/\/nembutalboutique.com\/wp-content\/uploads\/2024\/01\/nembutal-capsules.jpg","type":"image\/jpeg"}],"twitter_card":"summary_large_image","twitter_misc":{"Tiempo de lectura":"3 minutos"},"schema":{"@context":"https:\/\/schema.org","@graph":[{"@type":"WebPage","@id":"https:\/\/nembutalboutique.com\/produit\/gelules-nembutal\/","url":"https:\/\/nembutalboutique.com\/produit\/gelules-nembutal\/","name":"Gel Nembutal en venta - Comprar Gel Nembutal online","isPartOf":{"@id":"https:\/\/nembutalboutique.com\/#website"},"primaryImageOfPage":{"@id":"https:\/\/nembutalboutique.com\/produit\/gelules-nembutal\/#primaryimage"},"image":{"@id":"https:\/\/nembutalboutique.com\/produit\/gelules-nembutal\/#primaryimage"},"thumbnailUrl":"https:\/\/nembutalboutique.com\/wp-content\/uploads\/2024\/01\/nembutal-capsules.jpg","datePublished":"2024-01-16T06:05:05+00:00","dateModified":"2024-09-21T04:20:33+00:00","description":"Comprar Nembutal Gel a la venta en una de las mejores tiendas online NembutalBoutique. Le ayudaremos a comprar Nembutal Gel online de alta calidad. \u00a1No se demore en hacer su pedido y aproveche los \u00faltimos descuentos!","breadcrumb":{"@id":"https:\/\/nembutalboutique.com\/produit\/gelules-nembutal\/#breadcrumb"},"inLanguage":"es","potentialAction":[{"@type":"ReadAction","target":["https:\/\/nembutalboutique.com\/produit\/gelules-nembutal\/"]}]},{"@type":"ImageObject","inLanguage":"es","@id":"https:\/\/nembutalboutique.com\/produit\/gelules-nembutal\/#primaryimage","url":"https:\/\/nembutalboutique.com\/wp-content\/uploads\/2024\/01\/nembutal-capsules.jpg","contentUrl":"https:\/\/nembutalboutique.com\/wp-content\/uploads\/2024\/01\/nembutal-capsules.jpg","width":1000,"height":1000,"caption":"Acheter des capsules Nembutal"},{"@type":"BreadcrumbList","@id":"https:\/\/nembutalboutique.com\/produit\/gelules-nembutal\/#breadcrumb","itemListElement":[{"@type":"ListItem","position":1,"name":"Home","item":"https:\/\/nembutalboutique.com\/"},{"@type":"ListItem","position":2,"name":"Boutique","item":"https:\/\/nembutalboutique.com\/shop\/"},{"@type":"ListItem","position":3,"name":"G\u00e9lules Nembutal"}]},{"@type":"WebSite","@id":"https:\/\/nembutalboutique.com\/#website","url":"https:\/\/nembutalboutique.com\/","name":"Boutique Nembutal","description":"Mi blog de WordPress","publisher":{"@id":"https:\/\/nembutalboutique.com\/#organization"},"potentialAction":[{"@type":"SearchAction","target":{"@type":"EntryPoint","urlTemplate":"https:\/\/nembutalboutique.com\/?s={search_term_string}"},"query-input":{"@type":"PropertyValueSpecification","valueRequired":true,"valueName":"search_term_string"}}],"inLanguage":"es"},{"@type":"Organization","@id":"https:\/\/nembutalboutique.com\/#organization","name":"Boutique Nembutal","url":"https:\/\/nembutalboutique.com\/","logo":{"@type":"ImageObject","inLanguage":"es","@id":"https:\/\/nembutalboutique.com\/#\/schema\/logo\/image\/","url":"https:\/\/nembutalboutique.com\/wp-content\/uploads\/2024\/01\/logo.png","contentUrl":"https:\/\/nembutalboutique.com\/wp-content\/uploads\/2024\/01\/logo.png","width":494,"height":121,"caption":"Nembutal Boutique"},"image":{"@id":"https:\/\/nembutalboutique.com\/#\/schema\/logo\/image\/"}}]}},"_links":{"self":[{"href":"https:\/\/nembutalboutique.com\/es\/wp-json\/wp\/v2\/product\/2301"}],"collection":[{"href":"https:\/\/nembutalboutique.com\/es\/wp-json\/wp\/v2\/product"}],"about":[{"href":"https:\/\/nembutalboutique.com\/es\/wp-json\/wp\/v2\/types\/product"}],"replies":[{"embeddable":true,"href":"https:\/\/nembutalboutique.com\/es\/wp-json\/wp\/v2\/comments?post=2301"}],"wp:featuredmedia":[{"embeddable":true,"href":"https:\/\/nembutalboutique.com\/es\/wp-json\/wp\/v2\/media\/2313"}],"wp:attachment":[{"href":"https:\/\/nembutalboutique.com\/es\/wp-json\/wp\/v2\/media?parent=2301"}],"wp:term":[{"taxonomy":"product_brand","embeddable":true,"href":"https:\/\/nembutalboutique.com\/es\/wp-json\/wp\/v2\/product_brand?post=2301"},{"taxonomy":"product_cat","embeddable":true,"href":"https:\/\/nembutalboutique.com\/es\/wp-json\/wp\/v2\/product_cat?post=2301"},{"taxonomy":"product_tag","embeddable":true,"href":"https:\/\/nembutalboutique.com\/es\/wp-json\/wp\/v2\/product_tag?post=2301"}],"curies":[{"name":"wp","href":"https:\/\/api.w.org\/{rel}","templated":true}]}}