{"id":3337,"date":"2024-09-16T08:16:53","date_gmt":"2024-09-16T08:16:53","guid":{"rendered":"https:\/\/nembutalboutique.com\/?post_type=product&#038;p=3337"},"modified":"2025-11-26T14:45:03","modified_gmt":"2025-11-26T14:45:03","slug":"cocaine","status":"publish","type":"product","link":"https:\/\/nembutalboutique.com\/de\/produkt\/cocaine\/","title":{"rendered":"COCAIN"},"content":{"rendered":"<h2>Kokainpulver online kaufen<\/h2>\n<p>Kaufen Sie <a href=\"https:\/\/nembutalboutique.com\/produit\/cocaine\">Kokain<\/a> online Kokainpulver ist die am h\u00e4ufigsten verwendete Form von Nembutal. Daher wird es auch als Stra\u00dfendroge bezeichnet. Die Kokapflanzen, die man haupts\u00e4chlich in s\u00fcdlichen L\u00e4ndern findet, werden zur Herstellung dieses Pulvers verwendet.<\/p>\n<p>Es ist ein starkes Stimulans, das eine Vielzahl von Krankheiten behandelt, indem es direkt auf das Zentralhirn einwirkt. Dieses Stimulans erh\u00f6ht bestimmte Molek\u00fcle im Gehirn, wodurch das menschliche Organsystem in der Lage ist, nach Bedarf zu reagieren. Aufgrund seiner vielen Vorteile ist diese spezielle Kokainart die weltweit am h\u00e4ufigsten verwendete.<\/p>\n<h3>im Gegensatz zu Kokainpulver, einer anderen Sorte der Droge. Wie man Kokainpulver verwendet<\/h3>\n<p>Die Vorteile des Kokainpulvers reichen weit \u00fcber den menschlichen K\u00f6rper hinaus. Der Schl\u00fcsselfaktor hinter seiner Attraktivit\u00e4t ist jedoch, dass es weniger Gesundheitsrisiken birgt. Es wird h\u00e4ufig in Kombination mit anderen verschreibungspflichtigen Medikamenten wie Talkum, Fentanyl usw. verwendet. Es kann jedoch gesundheitssch\u00e4dlich sein, wenn es unbeaufsichtigt in Verbindung mit Fentanyl eingenommen wird.<\/p>\n<p>Daher lohnt es sich, \u00fcber die Verwendung eines so starken Prodrugs nachzudenken. Dieses pulverf\u00f6rmige Material wird von den Menschen auf unterschiedliche Weise verwendet, z. B. indem sie es wie eine Zigarette rauchen oder es direkt in eine Vene injizieren. Die ideale Methode, die man anwenden sollte, wird von den besonderen k\u00f6rperlichen und geistigen Voraussetzungen jeder Person bestimmt.<\/p>\n<p>Manche Menschen haben das Pulver auch in Kombination mit kohlens\u00e4urehaltigen Getr\u00e4nken verwendet, obwohl dies sehr gef\u00e4hrlich ist.<br \/>\nKokainpulver f\u00fcr medizinische Zwecke<\/p>\n<p>Das Kokainpulver st\u00e4rkt auch das Reaktionssystem des Gehirns, indem es mehr Chemikalien einf\u00fchrt. \u00c4rzte verschreiben das Medikament Menschen, die in ihren Bewegungen und ihrem Verhalten Gleichg\u00fcltigkeit zeigen.<\/p>\n<h3>Kokainhydrochlorid zum Verkauf<\/h3>\n<p>Au\u00dferdem wird er von \u00c4rzten zur Schmerzlinderung bei verschiedenen chirurgischen Eingriffen eingesetzt. Seine kurze Dauer ist f\u00fcr den Menschen sehr vorteilhaft, da er der Psyche ein Gef\u00fchl von Freude und Vitalit\u00e4t einhaucht. Aufgrund dieser Eigenschaften finden ihn viele Menschen auf der ganzen Welt attraktiv.<\/p>\n<p>Die Verf\u00fcgbarkeit von Kokainpulver auf dem Online-Markt ist f\u00fcr jedermann leicht zug\u00e4nglich. Dar\u00fcber hinaus ist dieses erstaunliche Pulver in unserem Shop zu erstaunlich niedrigen Preisen erh\u00e4ltlich. Wir bieten auch die schnellste verf\u00fcgbare Produktlieferung direkt an Ihre Haust\u00fcr.<br \/>\nWie man Kokain unauff\u00e4llig online kaufen kann: ein schneller \u00dcberblick \u00fcber das Verfahren<br \/>\nWir machen es Ihnen leicht, Kokain online zu bestellen. Unser Shop ist extrem gut organisiert, so dass Sie den perfekten Artikel leicht ausw\u00e4hlen k\u00f6nnen. Sie k\u00f6nnen immer das optimale Preis-Leistungs-Verh\u00e4ltnis ausw\u00e4hlen, indem Sie aus einer Vielzahl von Mengen und Qualit\u00e4ten w\u00e4hlen. Dar\u00fcber hinaus veranstalten wir h\u00e4ufig Sonderangebote und Rabatte, damit Sie Kokain g\u00fcnstiger bekommen k\u00f6nnen.<\/p>\n<h3>Kaufen Sie Kokain online und profitieren Sie von unserer gro\u00dfen Auswahl an Kokainartikeln.<\/h3>\n<p>Unser Zahlungsvorgang ist einfach und \u00e4u\u00dferst sicher. Um die Anonymit\u00e4t und Sicherheit jeder Transaktion zu wahren, akzeptieren wir ausschlie\u00dflich Zahlungen in Bitcoin. Sie m\u00fcssen sich keine Sorgen machen, erwischt zu werden, wenn Sie sich daf\u00fcr entscheiden, Kokain bei uns zu kaufen, da wir alle notwendigen Ma\u00dfnahmen ergreifen, um Ihre Gesundheit zu sch\u00fctzen. Unser oberstes Ziel ist es, sicherzustellen, dass Sie das beste Kokain online bekommen k\u00f6nnen. Wir arbeiten ausschlie\u00dflich mit den besten Produzenten zusammen und jeder Artikel wird inspiziert, bevor er in unseren Bestand aufgenommen wird. Wir sind davon \u00fcberzeugt, dass Sie das Kaliber unseres Kokains \u00fcberraschen wird.<\/p>\n<p><a href=\"https:\/\/en.wikipedia.org\/wiki\/Cocaine\">Kokain<\/a> Premium online: Das beste Kokain zu einem g\u00fcnstigen Preis erhalten Sie in unserem Kokainladen.<\/p>\n<p>Wir sind immer f\u00fcr Sie da, um Ihnen bei Fragen oder Problemen zu helfen. Bitte z\u00f6gern Sie nicht, uns zu kontaktieren, wenn Sie weitere Informationen ben\u00f6tigen. Wir helfen Ihnen gerne bei allen Anfragen oder Bed\u00fcrfnissen.<\/p>\n<p>Kokain bei uns zu kaufen ist in der Regel einfach und sicher. Wir bieten eine gro\u00dfe Auswahl an Spitzenprodukten zu g\u00fcnstigen Preisen an. Wenn Sie auf der Suche nach dem besten Kokain sind, das Sie online kaufen k\u00f6nnen, sind Sie hier genau richtig. Wir freuen uns darauf, Ihnen beim Kauf Ihres n\u00e4chsten Kokains zu helfen. Kaufen Sie jetzt eins f\u00fcr das beste Kokainerlebnis Ihres Lebens!<\/p>\n<h3>Der beste Ort, um Kokain online zu kaufen, ist unser renommierter Kokainladen.<\/h3>\n<p>Kaufen Sie Kokain online; wenn Sie Kokain oder andere Bet\u00e4ubungsmittel konsumiert haben, d\u00fcrfen Sie nicht Auto fahren. In unserem Shop k\u00f6nnen Sie mehr als nur Kokain bestellen. Auch andere Drogen k\u00f6nnen einfach online gekauft werden. Hier k\u00f6nnen Sie zum Beispiel :<\/p>","protected":false},"excerpt":{"rendered":"<p>Acheter de la poudre de coca\u00efne en ligne Acheter de la coca\u00efne en ligne La poudre de coca\u00efne est la forme la plus couramment utilis\u00e9e de Nembutal. C&rsquo;est pourquoi on l&rsquo;appelle aussi drogue de rue. Ces plantes de coca, que l&rsquo;on trouve principalement dans les pays du Sud, sont utilis\u00e9es pour fabriquer cette poudre. C&rsquo;est [&hellip;]<\/p>","protected":false},"featured_media":3347,"comment_status":"open","ping_status":"closed","template":"","meta":{"_joinchat":[]},"product_brand":[],"product_cat":[571],"product_tag":[],"class_list":{"0":"post-3337","1":"product","2":"type-product","3":"status-publish","4":"has-post-thumbnail","6":"product_cat-cocaine","8":"first","9":"instock","10":"shipping-taxable","11":"purchasable","12":"product-type-variable","13":"has-default-attributes"},"yoast_head":"<!-- This site is optimized with the Yoast SEO plugin v23.5 - https:\/\/yoast.com\/wordpress\/plugins\/seo\/ -->\n<title>Acheter de la poudre de coca\u00efne en ligne - Poudre de coca\u00efne \u00e0 vendre<\/title>\n<meta name=\"description\" content=\"Vous cherchez de la poudre de coca\u00efne \u00e0 vendre en ligne ? Nembutal Boutique est un magasin leader o\u00f9 vous pouvez acheter de la coca\u00efne en ligne au meilleur prix. Commandez maintenant avec une exp\u00e9dition discr\u00e8te !\" \/>\n<meta name=\"robots\" content=\"index, follow, max-snippet:-1, max-image-preview:large, max-video-preview:-1\" \/>\n<link rel=\"canonical\" href=\"https:\/\/nembutalboutique.com\/de\/produkt\/cocaine\/\" \/>\n<meta property=\"og:locale\" content=\"de_DE\" \/>\n<meta property=\"og:type\" content=\"article\" \/>\n<meta property=\"og:title\" content=\"Acheter de la poudre de coca\u00efne en ligne - Poudre de coca\u00efne \u00e0 vendre\" \/>\n<meta property=\"og:description\" content=\"Vous cherchez de la poudre de coca\u00efne \u00e0 vendre en ligne ? Nembutal Boutique est un magasin leader o\u00f9 vous pouvez acheter de la coca\u00efne en ligne au meilleur prix. Commandez maintenant avec une exp\u00e9dition discr\u00e8te !\" \/>\n<meta property=\"og:url\" content=\"https:\/\/nembutalboutique.com\/de\/produkt\/cocaine\/\" \/>\n<meta property=\"og:site_name\" content=\"Nembutal Boutique\" \/>\n<meta property=\"article:modified_time\" content=\"2025-11-26T14:45:03+00:00\" \/>\n<meta property=\"og:image\" content=\"https:\/\/nembutalboutique.com\/wp-content\/uploads\/2024\/09\/CoCAINE.gif\" \/>\n\t<meta property=\"og:image:width\" content=\"600\" \/>\n\t<meta property=\"og:image:height\" content=\"600\" \/>\n\t<meta property=\"og:image:type\" content=\"image\/gif\" \/>\n<meta name=\"twitter:card\" content=\"summary_large_image\" \/>\n<meta name=\"twitter:label1\" content=\"Gesch\u00e4tzte Lesezeit\" \/>\n\t<meta name=\"twitter:data1\" content=\"4\u00a0Minuten\" \/>\n<script type=\"application\/ld+json\" class=\"yoast-schema-graph\">{\"@context\":\"https:\/\/schema.org\",\"@graph\":[{\"@type\":\"WebPage\",\"@id\":\"https:\/\/nembutalboutique.com\/produit\/cocaine\/\",\"url\":\"https:\/\/nembutalboutique.com\/produit\/cocaine\/\",\"name\":\"Acheter de la poudre de coca\u00efne en ligne - Poudre de coca\u00efne \u00e0 vendre\",\"isPartOf\":{\"@id\":\"https:\/\/nembutalboutique.com\/#website\"},\"primaryImageOfPage\":{\"@id\":\"https:\/\/nembutalboutique.com\/produit\/cocaine\/#primaryimage\"},\"image\":{\"@id\":\"https:\/\/nembutalboutique.com\/produit\/cocaine\/#primaryimage\"},\"thumbnailUrl\":\"https:\/\/nembutalboutique.com\/wp-content\/uploads\/2024\/09\/CoCAINE.gif\",\"datePublished\":\"2024-09-16T08:16:53+00:00\",\"dateModified\":\"2025-11-26T14:45:03+00:00\",\"description\":\"Vous cherchez de la poudre de coca\u00efne \u00e0 vendre en ligne ? Nembutal Boutique est un magasin leader o\u00f9 vous pouvez acheter de la coca\u00efne en ligne au meilleur prix. Commandez maintenant avec une exp\u00e9dition discr\u00e8te !\",\"breadcrumb\":{\"@id\":\"https:\/\/nembutalboutique.com\/produit\/cocaine\/#breadcrumb\"},\"inLanguage\":\"de\",\"potentialAction\":[{\"@type\":\"ReadAction\",\"target\":[\"https:\/\/nembutalboutique.com\/produit\/cocaine\/\"]}]},{\"@type\":\"ImageObject\",\"inLanguage\":\"de\",\"@id\":\"https:\/\/nembutalboutique.com\/produit\/cocaine\/#primaryimage\",\"url\":\"https:\/\/nembutalboutique.com\/wp-content\/uploads\/2024\/09\/CoCAINE.gif\",\"contentUrl\":\"https:\/\/nembutalboutique.com\/wp-content\/uploads\/2024\/09\/CoCAINE.gif\",\"width\":600,\"height\":600,\"caption\":\"Acheter CoCAINE.gif\"},{\"@type\":\"BreadcrumbList\",\"@id\":\"https:\/\/nembutalboutique.com\/produit\/cocaine\/#breadcrumb\",\"itemListElement\":[{\"@type\":\"ListItem\",\"position\":1,\"name\":\"Home\",\"item\":\"https:\/\/nembutalboutique.com\/\"},{\"@type\":\"ListItem\",\"position\":2,\"name\":\"Boutique\",\"item\":\"https:\/\/nembutalboutique.com\/shop\/\"},{\"@type\":\"ListItem\",\"position\":3,\"name\":\"COCA\u00cfNE\"}]},{\"@type\":\"WebSite\",\"@id\":\"https:\/\/nembutalboutique.com\/#website\",\"url\":\"https:\/\/nembutalboutique.com\/\",\"name\":\"Nembutal Boutique\",\"description\":\"My WordPress Blog\",\"publisher\":{\"@id\":\"https:\/\/nembutalboutique.com\/#organization\"},\"potentialAction\":[{\"@type\":\"SearchAction\",\"target\":{\"@type\":\"EntryPoint\",\"urlTemplate\":\"https:\/\/nembutalboutique.com\/?s={search_term_string}\"},\"query-input\":{\"@type\":\"PropertyValueSpecification\",\"valueRequired\":true,\"valueName\":\"search_term_string\"}}],\"inLanguage\":\"de\"},{\"@type\":\"Organization\",\"@id\":\"https:\/\/nembutalboutique.com\/#organization\",\"name\":\"Nembutal Boutique\",\"url\":\"https:\/\/nembutalboutique.com\/\",\"logo\":{\"@type\":\"ImageObject\",\"inLanguage\":\"de\",\"@id\":\"https:\/\/nembutalboutique.com\/#\/schema\/logo\/image\/\",\"url\":\"https:\/\/nembutalboutique.com\/wp-content\/uploads\/2024\/01\/logo.png\",\"contentUrl\":\"https:\/\/nembutalboutique.com\/wp-content\/uploads\/2024\/01\/logo.png\",\"width\":494,\"height\":121,\"caption\":\"Nembutal Boutique\"},\"image\":{\"@id\":\"https:\/\/nembutalboutique.com\/#\/schema\/logo\/image\/\"}}]}<\/script>\n<!-- \/ Yoast SEO plugin. -->","yoast_head_json":{"title":"Kokainpulver online kaufen - Kokainpulver zum Verkauf","description":"Suchen Sie Kokainpulver, das Sie online verkaufen k\u00f6nnen? Nembutal Boutique ist ein f\u00fchrender Shop, in dem Sie Kokain online zum besten Preis kaufen k\u00f6nnen. Bestellen Sie jetzt mit diskretem Versand!","robots":{"index":"index","follow":"follow","max-snippet":"max-snippet:-1","max-image-preview":"max-image-preview:large","max-video-preview":"max-video-preview:-1"},"canonical":"https:\/\/nembutalboutique.com\/de\/produkt\/cocaine\/","og_locale":"de_DE","og_type":"article","og_title":"Acheter de la poudre de coca\u00efne en ligne - Poudre de coca\u00efne \u00e0 vendre","og_description":"Vous cherchez de la poudre de coca\u00efne \u00e0 vendre en ligne ? Nembutal Boutique est un magasin leader o\u00f9 vous pouvez acheter de la coca\u00efne en ligne au meilleur prix. Commandez maintenant avec une exp\u00e9dition discr\u00e8te !","og_url":"https:\/\/nembutalboutique.com\/de\/produkt\/cocaine\/","og_site_name":"Nembutal Boutique","article_modified_time":"2025-11-26T14:45:03+00:00","og_image":[{"width":600,"height":600,"url":"https:\/\/nembutalboutique.com\/wp-content\/uploads\/2024\/09\/CoCAINE.gif","type":"image\/gif"}],"twitter_card":"summary_large_image","twitter_misc":{"Gesch\u00e4tzte Lesezeit":"4\u00a0Minuten"},"schema":{"@context":"https:\/\/schema.org","@graph":[{"@type":"WebPage","@id":"https:\/\/nembutalboutique.com\/produit\/cocaine\/","url":"https:\/\/nembutalboutique.com\/produit\/cocaine\/","name":"Kokainpulver online kaufen - Kokainpulver zum Verkauf","isPartOf":{"@id":"https:\/\/nembutalboutique.com\/#website"},"primaryImageOfPage":{"@id":"https:\/\/nembutalboutique.com\/produit\/cocaine\/#primaryimage"},"image":{"@id":"https:\/\/nembutalboutique.com\/produit\/cocaine\/#primaryimage"},"thumbnailUrl":"https:\/\/nembutalboutique.com\/wp-content\/uploads\/2024\/09\/CoCAINE.gif","datePublished":"2024-09-16T08:16:53+00:00","dateModified":"2025-11-26T14:45:03+00:00","description":"Suchen Sie Kokainpulver, das Sie online verkaufen k\u00f6nnen? Nembutal Boutique ist ein f\u00fchrender Shop, in dem Sie Kokain online zum besten Preis kaufen k\u00f6nnen. Bestellen Sie jetzt mit diskretem Versand!","breadcrumb":{"@id":"https:\/\/nembutalboutique.com\/produit\/cocaine\/#breadcrumb"},"inLanguage":"de","potentialAction":[{"@type":"ReadAction","target":["https:\/\/nembutalboutique.com\/produit\/cocaine\/"]}]},{"@type":"ImageObject","inLanguage":"de","@id":"https:\/\/nembutalboutique.com\/produit\/cocaine\/#primaryimage","url":"https:\/\/nembutalboutique.com\/wp-content\/uploads\/2024\/09\/CoCAINE.gif","contentUrl":"https:\/\/nembutalboutique.com\/wp-content\/uploads\/2024\/09\/CoCAINE.gif","width":600,"height":600,"caption":"Acheter CoCAINE.gif"},{"@type":"BreadcrumbList","@id":"https:\/\/nembutalboutique.com\/produit\/cocaine\/#breadcrumb","itemListElement":[{"@type":"ListItem","position":1,"name":"Home","item":"https:\/\/nembutalboutique.com\/"},{"@type":"ListItem","position":2,"name":"Boutique","item":"https:\/\/nembutalboutique.com\/shop\/"},{"@type":"ListItem","position":3,"name":"COCA\u00cfNE"}]},{"@type":"WebSite","@id":"https:\/\/nembutalboutique.com\/#website","url":"https:\/\/nembutalboutique.com\/","name":"Nembutal Boutique","description":"Mein WordPress-Blog","publisher":{"@id":"https:\/\/nembutalboutique.com\/#organization"},"potentialAction":[{"@type":"SearchAction","target":{"@type":"EntryPoint","urlTemplate":"https:\/\/nembutalboutique.com\/?s={search_term_string}"},"query-input":{"@type":"PropertyValueSpecification","valueRequired":true,"valueName":"search_term_string"}}],"inLanguage":"de"},{"@type":"Organization","@id":"https:\/\/nembutalboutique.com\/#organization","name":"Nembutal Boutique","url":"https:\/\/nembutalboutique.com\/","logo":{"@type":"ImageObject","inLanguage":"de","@id":"https:\/\/nembutalboutique.com\/#\/schema\/logo\/image\/","url":"https:\/\/nembutalboutique.com\/wp-content\/uploads\/2024\/01\/logo.png","contentUrl":"https:\/\/nembutalboutique.com\/wp-content\/uploads\/2024\/01\/logo.png","width":494,"height":121,"caption":"Nembutal Boutique"},"image":{"@id":"https:\/\/nembutalboutique.com\/#\/schema\/logo\/image\/"}}]}},"_links":{"self":[{"href":"https:\/\/nembutalboutique.com\/de\/wp-json\/wp\/v2\/product\/3337"}],"collection":[{"href":"https:\/\/nembutalboutique.com\/de\/wp-json\/wp\/v2\/product"}],"about":[{"href":"https:\/\/nembutalboutique.com\/de\/wp-json\/wp\/v2\/types\/product"}],"replies":[{"embeddable":true,"href":"https:\/\/nembutalboutique.com\/de\/wp-json\/wp\/v2\/comments?post=3337"}],"wp:featuredmedia":[{"embeddable":true,"href":"https:\/\/nembutalboutique.com\/de\/wp-json\/wp\/v2\/media\/3347"}],"wp:attachment":[{"href":"https:\/\/nembutalboutique.com\/de\/wp-json\/wp\/v2\/media?parent=3337"}],"wp:term":[{"taxonomy":"product_brand","embeddable":true,"href":"https:\/\/nembutalboutique.com\/de\/wp-json\/wp\/v2\/product_brand?post=3337"},{"taxonomy":"product_cat","embeddable":true,"href":"https:\/\/nembutalboutique.com\/de\/wp-json\/wp\/v2\/product_cat?post=3337"},{"taxonomy":"product_tag","embeddable":true,"href":"https:\/\/nembutalboutique.com\/de\/wp-json\/wp\/v2\/product_tag?post=3337"}],"curies":[{"name":"wp","href":"https:\/\/api.w.org\/{rel}","templated":true}]}}