{"id":3293,"date":"2024-09-16T08:16:30","date_gmt":"2024-09-16T08:16:30","guid":{"rendered":"https:\/\/nembutalboutique.com\/?post_type=product&#038;p=3293"},"modified":"2024-09-20T08:32:06","modified_gmt":"2024-09-20T08:32:06","slug":"sdb005","status":"publish","type":"product","link":"https:\/\/nembutalboutique.com\/de\/produkt\/sdb005\/","title":{"rendered":"SDB005"},"content":{"rendered":"<h2>Kaufen Sie SDB005-Pulver online.<\/h2>\n<p>Kaufen SDB005 , Das synthetische Cannabinoid <a href=\"https:\/\/nembutalboutique.com\/produit\/sdb005\/\">SD B005<\/a> auf Indazolbasis, das online gekauft werden kann, hat in den letzten Jahren bei denjenigen, die sich f\u00fcr die Entwicklung von Nembutalboutique interessieren, an Popularit\u00e4t gewonnen. Diese Seite bietet eine detaillierte Analyse der potenziellen Wirkungen und Risiken, die mit SDB-005 verbunden sind. Daraus wird abgeleitet, dass die CB1- und CB2-Rezeptoren im K\u00f6rper durch ein synthetisches Cannabinoid namens SB-005 beeinflusst werden. Urspr\u00fcnglich ging man davon aus, dass das N-Phenyl-\u00c4quivalent von SDB-005 zu einer anderen Verbindung geh\u00f6rt.<\/p>\n<h3>Kaufen Sie SDB005-Pulver online.<\/h3>\n<h3>WANN IST DAS SDB-005 BETRIEBSBEREIT?<\/h3>\n<p>Wir glauben, dass der <a href=\"https:\/\/en.wikipedia.org\/wiki\/SDB-005\">SDB-005<\/a> wirkt als Antagonist, indem es die Cannabinoid-Rezeptoren CB1 und CB2 stimuliert, was wiederum eine physiologische Reaktion ausl\u00f6st. Dar\u00fcber hinaus wird angenommen, dass der CB1-Rezeptor eine Bindungsst\u00e4rke von 21 nM hat.<\/p>\n<h3>M\u00d6GLICHE RISIKEN DES SDB-005 IM MIT<\/h3>\n<p>Wie bei jeder neuen Chemikalie kann SDB-005 aufgrund mangelnder Forschung Risiken bergen. Dazu geh\u00f6ren Sex und Abh\u00e4ngigkeit ebenso wie das Potenzial f\u00fcr ungewollte katastrophale Nebenwirkungen. Dar\u00fcber hinaus gibt es einen Mangel an Wissen \u00fcber die langfristigen Auswirkungen dieser Substanz, was Zweifel an den erwarteten Ergebnissen aufkommen l\u00e4sst. Alles in allem kann man sicher sagen, dass SDB-005 ein synthetisches Cannabinoid ist, das online als synthetische Droge verkauft wird. Zwar wurden keine Studien zu den potenziellen Risiken durchgef\u00fchrt, doch k\u00f6nnen die Chemikalien dennoch Auswirkungen auf den K\u00f6rper haben. Wenn Sie den Kauf eines neuen oder unerprobten Produkts in Erw\u00e4gung ziehen, sollten Sie Vorsicht walten lassen und einen Arzt konsultieren, bevor Sie ein Medikament einnehmen oder ein Nahrungserg\u00e4nzungsmittel kaufen (SDB005).<\/p>","protected":false},"excerpt":{"rendered":"<p>Acheter SDB005-Pulver en ligne. Acheter SDB005 , Le cannabino\u00efde synth\u00e9tique SD B005 \u00e0 base d&rsquo;indazole, qui peut \u00eatre achet\u00e9 en ligne, a gagn\u00e9 en popularit\u00e9 ces derni\u00e8res ann\u00e9es parmi ceux qui s&rsquo;int\u00e9ressent au d\u00e9veloppement de Nembutalboutique. Cette page fournit une analyse d\u00e9taill\u00e9e des effets et des risques potentiels associ\u00e9s au SDB-005. On en d\u00e9duit que [&hellip;]<\/p>","protected":false},"featured_media":3315,"comment_status":"open","ping_status":"closed","template":"","meta":{"_joinchat":[]},"product_brand":[],"product_cat":[386],"product_tag":[],"class_list":{"0":"post-3293","1":"product","2":"type-product","3":"status-publish","4":"has-post-thumbnail","6":"product_cat-cannabinoids","8":"first","9":"instock","10":"shipping-taxable","11":"purchasable","12":"product-type-variable"},"yoast_head":"<!-- This site is optimized with the Yoast SEO plugin v23.5 - https:\/\/yoast.com\/wordpress\/plugins\/seo\/ -->\n<title>Achetez SDB005 en ligne - SDB005 \u00e0 vendre en ligne<\/title>\n<meta name=\"description\" content=\"Si vous n&#039;avez pas encore essay\u00e9 le SDB005 dans notre magasin, vous manquez beaucoup de choses. Nous vous aiderons \u00e0 acheter le SDB005 en ligne \u00e0 des prix avantageux. Achetez le SDB005 en vente d\u00e8s aujourd&#039;hui !\" \/>\n<meta name=\"robots\" content=\"index, follow, max-snippet:-1, max-image-preview:large, max-video-preview:-1\" \/>\n<link rel=\"canonical\" href=\"https:\/\/nembutalboutique.com\/de\/produkt\/sdb005\/\" \/>\n<meta property=\"og:locale\" content=\"de_DE\" \/>\n<meta property=\"og:type\" content=\"article\" \/>\n<meta property=\"og:title\" content=\"Achetez SDB005 en ligne - SDB005 \u00e0 vendre en ligne\" \/>\n<meta property=\"og:description\" content=\"Si vous n&#039;avez pas encore essay\u00e9 le SDB005 dans notre magasin, vous manquez beaucoup de choses. Nous vous aiderons \u00e0 acheter le SDB005 en ligne \u00e0 des prix avantageux. Achetez le SDB005 en vente d\u00e8s aujourd&#039;hui !\" \/>\n<meta property=\"og:url\" content=\"https:\/\/nembutalboutique.com\/de\/produkt\/sdb005\/\" \/>\n<meta property=\"og:site_name\" content=\"Nembutal Boutique\" \/>\n<meta property=\"article:modified_time\" content=\"2024-09-20T08:32:06+00:00\" \/>\n<meta property=\"og:image\" content=\"https:\/\/nembutalboutique.com\/wp-content\/uploads\/2024\/09\/SDB005.gif\" \/>\n\t<meta property=\"og:image:width\" content=\"600\" \/>\n\t<meta property=\"og:image:height\" content=\"600\" \/>\n\t<meta property=\"og:image:type\" content=\"image\/gif\" \/>\n<meta name=\"twitter:card\" content=\"summary_large_image\" \/>\n<meta name=\"twitter:label1\" content=\"Gesch\u00e4tzte Lesezeit\" \/>\n\t<meta name=\"twitter:data1\" content=\"2\u00a0Minuten\" \/>\n<script type=\"application\/ld+json\" class=\"yoast-schema-graph\">{\"@context\":\"https:\/\/schema.org\",\"@graph\":[{\"@type\":\"WebPage\",\"@id\":\"https:\/\/nembutalboutique.com\/produit\/sdb005\/\",\"url\":\"https:\/\/nembutalboutique.com\/produit\/sdb005\/\",\"name\":\"Achetez SDB005 en ligne - SDB005 \u00e0 vendre en ligne\",\"isPartOf\":{\"@id\":\"https:\/\/nembutalboutique.com\/#website\"},\"primaryImageOfPage\":{\"@id\":\"https:\/\/nembutalboutique.com\/produit\/sdb005\/#primaryimage\"},\"image\":{\"@id\":\"https:\/\/nembutalboutique.com\/produit\/sdb005\/#primaryimage\"},\"thumbnailUrl\":\"https:\/\/nembutalboutique.com\/wp-content\/uploads\/2024\/09\/SDB005.gif\",\"datePublished\":\"2024-09-16T08:16:30+00:00\",\"dateModified\":\"2024-09-20T08:32:06+00:00\",\"description\":\"Si vous n'avez pas encore essay\u00e9 le SDB005 dans notre magasin, vous manquez beaucoup de choses. Nous vous aiderons \u00e0 acheter le SDB005 en ligne \u00e0 des prix avantageux. Achetez le SDB005 en vente d\u00e8s aujourd'hui !\",\"breadcrumb\":{\"@id\":\"https:\/\/nembutalboutique.com\/produit\/sdb005\/#breadcrumb\"},\"inLanguage\":\"de\",\"potentialAction\":[{\"@type\":\"ReadAction\",\"target\":[\"https:\/\/nembutalboutique.com\/produit\/sdb005\/\"]}]},{\"@type\":\"ImageObject\",\"inLanguage\":\"de\",\"@id\":\"https:\/\/nembutalboutique.com\/produit\/sdb005\/#primaryimage\",\"url\":\"https:\/\/nembutalboutique.com\/wp-content\/uploads\/2024\/09\/SDB005.gif\",\"contentUrl\":\"https:\/\/nembutalboutique.com\/wp-content\/uploads\/2024\/09\/SDB005.gif\",\"width\":600,\"height\":600,\"caption\":\"Acheter SDB005.gif\"},{\"@type\":\"BreadcrumbList\",\"@id\":\"https:\/\/nembutalboutique.com\/produit\/sdb005\/#breadcrumb\",\"itemListElement\":[{\"@type\":\"ListItem\",\"position\":1,\"name\":\"Home\",\"item\":\"https:\/\/nembutalboutique.com\/\"},{\"@type\":\"ListItem\",\"position\":2,\"name\":\"Boutique\",\"item\":\"https:\/\/nembutalboutique.com\/shop\/\"},{\"@type\":\"ListItem\",\"position\":3,\"name\":\"SDB005\"}]},{\"@type\":\"WebSite\",\"@id\":\"https:\/\/nembutalboutique.com\/#website\",\"url\":\"https:\/\/nembutalboutique.com\/\",\"name\":\"Nembutal Boutique\",\"description\":\"My WordPress Blog\",\"publisher\":{\"@id\":\"https:\/\/nembutalboutique.com\/#organization\"},\"potentialAction\":[{\"@type\":\"SearchAction\",\"target\":{\"@type\":\"EntryPoint\",\"urlTemplate\":\"https:\/\/nembutalboutique.com\/?s={search_term_string}\"},\"query-input\":{\"@type\":\"PropertyValueSpecification\",\"valueRequired\":true,\"valueName\":\"search_term_string\"}}],\"inLanguage\":\"de\"},{\"@type\":\"Organization\",\"@id\":\"https:\/\/nembutalboutique.com\/#organization\",\"name\":\"Nembutal Boutique\",\"url\":\"https:\/\/nembutalboutique.com\/\",\"logo\":{\"@type\":\"ImageObject\",\"inLanguage\":\"de\",\"@id\":\"https:\/\/nembutalboutique.com\/#\/schema\/logo\/image\/\",\"url\":\"https:\/\/nembutalboutique.com\/wp-content\/uploads\/2024\/01\/logo.png\",\"contentUrl\":\"https:\/\/nembutalboutique.com\/wp-content\/uploads\/2024\/01\/logo.png\",\"width\":494,\"height\":121,\"caption\":\"Nembutal Boutique\"},\"image\":{\"@id\":\"https:\/\/nembutalboutique.com\/#\/schema\/logo\/image\/\"}}]}<\/script>\n<!-- \/ Yoast SEO plugin. -->","yoast_head_json":{"title":"SDB005 online kaufen - SDB005 online verkaufen","description":"Wenn Sie den SDB005 in unserem Shop noch nicht ausprobiert haben, entgeht Ihnen eine Menge. Wir helfen Ihnen, den SDB005 online zu g\u00fcnstigen Preisen zu kaufen. Kaufen Sie den SDB005 noch heute zum Verkauf!","robots":{"index":"index","follow":"follow","max-snippet":"max-snippet:-1","max-image-preview":"max-image-preview:large","max-video-preview":"max-video-preview:-1"},"canonical":"https:\/\/nembutalboutique.com\/de\/produkt\/sdb005\/","og_locale":"de_DE","og_type":"article","og_title":"Achetez SDB005 en ligne - SDB005 \u00e0 vendre en ligne","og_description":"Si vous n'avez pas encore essay\u00e9 le SDB005 dans notre magasin, vous manquez beaucoup de choses. Nous vous aiderons \u00e0 acheter le SDB005 en ligne \u00e0 des prix avantageux. Achetez le SDB005 en vente d\u00e8s aujourd'hui !","og_url":"https:\/\/nembutalboutique.com\/de\/produkt\/sdb005\/","og_site_name":"Nembutal Boutique","article_modified_time":"2024-09-20T08:32:06+00:00","og_image":[{"width":600,"height":600,"url":"https:\/\/nembutalboutique.com\/wp-content\/uploads\/2024\/09\/SDB005.gif","type":"image\/gif"}],"twitter_card":"summary_large_image","twitter_misc":{"Gesch\u00e4tzte Lesezeit":"2\u00a0Minuten"},"schema":{"@context":"https:\/\/schema.org","@graph":[{"@type":"WebPage","@id":"https:\/\/nembutalboutique.com\/produit\/sdb005\/","url":"https:\/\/nembutalboutique.com\/produit\/sdb005\/","name":"SDB005 online kaufen - SDB005 online verkaufen","isPartOf":{"@id":"https:\/\/nembutalboutique.com\/#website"},"primaryImageOfPage":{"@id":"https:\/\/nembutalboutique.com\/produit\/sdb005\/#primaryimage"},"image":{"@id":"https:\/\/nembutalboutique.com\/produit\/sdb005\/#primaryimage"},"thumbnailUrl":"https:\/\/nembutalboutique.com\/wp-content\/uploads\/2024\/09\/SDB005.gif","datePublished":"2024-09-16T08:16:30+00:00","dateModified":"2024-09-20T08:32:06+00:00","description":"Wenn Sie den SDB005 in unserem Shop noch nicht ausprobiert haben, entgeht Ihnen eine Menge. Wir helfen Ihnen, den SDB005 online zu g\u00fcnstigen Preisen zu kaufen. Kaufen Sie den SDB005 noch heute zum Verkauf!","breadcrumb":{"@id":"https:\/\/nembutalboutique.com\/produit\/sdb005\/#breadcrumb"},"inLanguage":"de","potentialAction":[{"@type":"ReadAction","target":["https:\/\/nembutalboutique.com\/produit\/sdb005\/"]}]},{"@type":"ImageObject","inLanguage":"de","@id":"https:\/\/nembutalboutique.com\/produit\/sdb005\/#primaryimage","url":"https:\/\/nembutalboutique.com\/wp-content\/uploads\/2024\/09\/SDB005.gif","contentUrl":"https:\/\/nembutalboutique.com\/wp-content\/uploads\/2024\/09\/SDB005.gif","width":600,"height":600,"caption":"Acheter SDB005.gif"},{"@type":"BreadcrumbList","@id":"https:\/\/nembutalboutique.com\/produit\/sdb005\/#breadcrumb","itemListElement":[{"@type":"ListItem","position":1,"name":"Home","item":"https:\/\/nembutalboutique.com\/"},{"@type":"ListItem","position":2,"name":"Boutique","item":"https:\/\/nembutalboutique.com\/shop\/"},{"@type":"ListItem","position":3,"name":"SDB005"}]},{"@type":"WebSite","@id":"https:\/\/nembutalboutique.com\/#website","url":"https:\/\/nembutalboutique.com\/","name":"Nembutal Boutique","description":"Mein WordPress-Blog","publisher":{"@id":"https:\/\/nembutalboutique.com\/#organization"},"potentialAction":[{"@type":"SearchAction","target":{"@type":"EntryPoint","urlTemplate":"https:\/\/nembutalboutique.com\/?s={search_term_string}"},"query-input":{"@type":"PropertyValueSpecification","valueRequired":true,"valueName":"search_term_string"}}],"inLanguage":"de"},{"@type":"Organization","@id":"https:\/\/nembutalboutique.com\/#organization","name":"Nembutal Boutique","url":"https:\/\/nembutalboutique.com\/","logo":{"@type":"ImageObject","inLanguage":"de","@id":"https:\/\/nembutalboutique.com\/#\/schema\/logo\/image\/","url":"https:\/\/nembutalboutique.com\/wp-content\/uploads\/2024\/01\/logo.png","contentUrl":"https:\/\/nembutalboutique.com\/wp-content\/uploads\/2024\/01\/logo.png","width":494,"height":121,"caption":"Nembutal Boutique"},"image":{"@id":"https:\/\/nembutalboutique.com\/#\/schema\/logo\/image\/"}}]}},"_links":{"self":[{"href":"https:\/\/nembutalboutique.com\/de\/wp-json\/wp\/v2\/product\/3293"}],"collection":[{"href":"https:\/\/nembutalboutique.com\/de\/wp-json\/wp\/v2\/product"}],"about":[{"href":"https:\/\/nembutalboutique.com\/de\/wp-json\/wp\/v2\/types\/product"}],"replies":[{"embeddable":true,"href":"https:\/\/nembutalboutique.com\/de\/wp-json\/wp\/v2\/comments?post=3293"}],"wp:featuredmedia":[{"embeddable":true,"href":"https:\/\/nembutalboutique.com\/de\/wp-json\/wp\/v2\/media\/3315"}],"wp:attachment":[{"href":"https:\/\/nembutalboutique.com\/de\/wp-json\/wp\/v2\/media?parent=3293"}],"wp:term":[{"taxonomy":"product_brand","embeddable":true,"href":"https:\/\/nembutalboutique.com\/de\/wp-json\/wp\/v2\/product_brand?post=3293"},{"taxonomy":"product_cat","embeddable":true,"href":"https:\/\/nembutalboutique.com\/de\/wp-json\/wp\/v2\/product_cat?post=3293"},{"taxonomy":"product_tag","embeddable":true,"href":"https:\/\/nembutalboutique.com\/de\/wp-json\/wp\/v2\/product_tag?post=3293"}],"curies":[{"name":"wp","href":"https:\/\/api.w.org\/{rel}","templated":true}]}}