{"id":3292,"date":"2024-09-16T08:16:30","date_gmt":"2024-09-16T08:16:30","guid":{"rendered":"https:\/\/nembutalboutique.com\/?post_type=product&#038;p=3292"},"modified":"2024-09-20T08:33:29","modified_gmt":"2024-09-20T08:33:29","slug":"nm-2201","status":"publish","type":"product","link":"https:\/\/nembutalboutique.com\/de\/produkt\/nm-2201\/","title":{"rendered":"NM-2201"},"content":{"rendered":"<h2>Kaufen Sie NM-2201 online<\/h2>\n<p><a href=\"https:\/\/nembutalboutique.com\/produit\/acheter-nm-2201\/\">Obwohl der NM-2201<\/a> und andere synthetische Cannabinoide als sichere und legale Alternativen zu Cannabis angepriesen werden, k\u00f6nnen sie auch extrem gef\u00e4hrlich und unkontrollierbar sein. Die Wirkung Die meisten Wirkungen von NM-2201 werden durch die Dosierung, die Art der Verabreichung und die individuelle Vertr\u00e4glichkeit bestimmt. NM-2201 kann bei niedriger Dosierung leichte Wirkungen wie Entspannung, Appetitz\u00fcgelung und Sedierung haben. Bei h\u00f6heren Dosen k\u00f6nnen schwere Nebenwirkungen wie \u00c4ngste, Psychosen, Halluzinationen und Krampfanf\u00e4lle auftreten. Dar\u00fcber hinaus wurde NM-2201 mit lebensbedrohlichen Nebenwirkungen wie Leber- und Nierensch\u00e4den in Verbindung gebracht.<\/p>\n<p>Eine der gr\u00f6\u00dften Sorgen ist die unkontrollierte und hemmungslose Natur des <a href=\"https:\/\/en.wikipedia.org\/wiki\/NM-2201\">NM-2201<\/a> und andere synthetische Cannabinoide. Diese Substanzen weisen oft gro\u00dfe Konzentrationsschwankungen von einer Ladung zur n\u00e4chsten auf, und die Methoden zur Qualit\u00e4tskontrolle sind h\u00e4ufig unzureichend.<\/p>\n<h3><strong>Der Konflikt um synthetisches Cannabis<\/strong><\/h3>\n<p>Die Gesetze, die synthetisches Cannabis regeln, sind komplex und unterscheiden sich von Staat zu Staat. Sein Verkauf und seine Verbreitung sind in vielen Gerichtsbarkeiten verboten, da sie als illegale Gl\u00fccksspielinstrumente angesehen werden. In einigen L\u00e4ndern werden sie als Legal Highs bezeichnet, was bedeutet, dass ihr Kauf und Konsum akzeptabel ist, ohne rechtliche Probleme zu verursachen. Unabh\u00e4ngig von ihrem rechtlichen Status sind NM-2201 und andere synthetische Cannabinoide \u00e4u\u00dferst gef\u00e4hrlich und unzuverl\u00e4ssig.<\/p>\n<h3>Was ist NM-2201?<\/h3>\n<p>NM-2201 ist eine Forschungschemikalie, die zur Klasse der Cannabinoide geh\u00f6rt. Obwohl diese Forschungsmethodik neu auf dem Markt ist, hat sie bereits begeisterte Kritik von Wissenschaftlern aus der ganzen Welt hervorgerufen. Tests mit NM-2201 f\u00fchren in der Regel zu einem besseren Musikverst\u00e4ndnis, k\u00f6rperlicher Gewandtheit, Euphorie, weniger Schmerzen und traumabedingten Zust\u00e4nden.<\/p>\n<p>Der NM-2201 ist zu einem sehr m\u00e4chtigen und langlebigen Wesen geworden. Dar\u00fcber hinaus sollten Sie wissen, dass Ihr NM-2201 zu einer sehr leistungsf\u00e4higen und langlebigen Einheit geworden ist. Stellen Sie sicher, dass alle relevanten Laborverfahren korrekt befolgt werden und dass Ihre Messungen nicht \u00fcberm\u00e4\u00dfig gro\u00df sind. Selbst kleine Mengen k\u00f6nnen zu recht intensiven Ergebnissen f\u00fchren.<\/p>\n<h3>Wo kann ich NM-2201 kaufen?<\/h3>\n<p>Der NM-2201 kann gleich hier auf der Einkaufsseite von Nembutal gekauft werden. Wir bieten das beste NM-2201 an, das derzeit auf dem Markt erh\u00e4ltlich ist. In der Regel wird unser NM-2201 in Pulverform geliefert. Sollten Sie dennoch ein anderes Format ben\u00f6tigen, setzen Sie sich bitte mit uns in Verbindung. Vielleicht k\u00f6nnen wir Ihnen etwas anbieten.<\/p>\n<p>Sie m\u00fcssen mindestens achtzehn Jahre alt sein, um bei uns NM-2201 kaufen zu k\u00f6nnen. Au\u00dferdem m\u00fcssen Sie sich bei der Durchf\u00fchrung von chemischen Untersuchungen im Allgemeinen gem\u00e4\u00df den Gesetzen Ihres Landes verhalten. Wir akzeptieren alle g\u00e4ngigen Kreditkarten sowie Bitcoin, eine Kryptow\u00e4hrung. F\u00fcr viele L\u00e4nder ist der Versand am selben Tag eine Option.<\/p>\n<h3>Legitimit\u00e4t des NM-2201<\/h3>\n<p>NM-2201 ist in Deutschland, Schweden und Japan verboten. Dar\u00fcber hinaus ist es in mehreren anderen L\u00e4ndern, insbesondere in den USA, aufgrund analoger, strengerer Gesetze potenziell verboten Achat NNM-2201.<\/p>","protected":false},"excerpt":{"rendered":"<p>Acheter NM-2201 en ligne Bien que le NM-2201 et d&rsquo;autres cannabino\u00efdes synth\u00e9tiques soient pr\u00e9sent\u00e9s comme des alternatives s\u00fbres et l\u00e9gales au cannabis, ils peuvent \u00e9galement \u00eatre extr\u00eamement dangereux et incontr\u00f4lables. L&rsquo;impact La plupart des effets du NM-2201 sont d\u00e9termin\u00e9s par le dosage, le mode d&rsquo;administration et la tol\u00e9rance individuelle. Le NM-2201 peut avoir des effets [&hellip;]<\/p>","protected":false},"featured_media":3314,"comment_status":"open","ping_status":"closed","template":"","meta":{"_joinchat":[]},"product_brand":[],"product_cat":[386],"product_tag":[],"class_list":{"0":"post-3292","1":"product","2":"type-product","3":"status-publish","4":"has-post-thumbnail","6":"product_cat-cannabinoids","8":"first","9":"instock","10":"shipping-taxable","11":"purchasable","12":"product-type-variable"},"yoast_head":"<!-- This site is optimized with the Yoast SEO plugin v23.5 - https:\/\/yoast.com\/wordpress\/plugins\/seo\/ -->\n<title>Achetez NM-2201 en ligne - NM-2201 \u00e0 vendre<\/title>\n<meta name=\"description\" content=\"Votre commande de NM-2201 \u00e0 vendre est notre responsabilit\u00e9. Nous prendrons en consid\u00e9ration votre commande d&#039;achat de NM-2201 et vous parviendrons dans un court d\u00e9lai. Passez des commandes group\u00e9es d\u00e8s maintenant !\" \/>\n<meta name=\"robots\" content=\"index, follow, max-snippet:-1, max-image-preview:large, max-video-preview:-1\" \/>\n<link rel=\"canonical\" href=\"https:\/\/nembutalboutique.com\/de\/produkt\/nm-2201\/\" \/>\n<meta property=\"og:locale\" content=\"de_DE\" \/>\n<meta property=\"og:type\" content=\"article\" \/>\n<meta property=\"og:title\" content=\"Achetez NM-2201 en ligne - NM-2201 \u00e0 vendre\" \/>\n<meta property=\"og:description\" content=\"Votre commande de NM-2201 \u00e0 vendre est notre responsabilit\u00e9. Nous prendrons en consid\u00e9ration votre commande d&#039;achat de NM-2201 et vous parviendrons dans un court d\u00e9lai. Passez des commandes group\u00e9es d\u00e8s maintenant !\" \/>\n<meta property=\"og:url\" content=\"https:\/\/nembutalboutique.com\/de\/produkt\/nm-2201\/\" \/>\n<meta property=\"og:site_name\" content=\"Nembutal Boutique\" \/>\n<meta property=\"article:modified_time\" content=\"2024-09-20T08:33:29+00:00\" \/>\n<meta property=\"og:image\" content=\"https:\/\/nembutalboutique.com\/wp-content\/uploads\/2024\/09\/NM2201.gif\" \/>\n\t<meta property=\"og:image:width\" content=\"600\" \/>\n\t<meta property=\"og:image:height\" content=\"600\" \/>\n\t<meta property=\"og:image:type\" content=\"image\/gif\" \/>\n<meta name=\"twitter:card\" content=\"summary_large_image\" \/>\n<meta name=\"twitter:label1\" content=\"Gesch\u00e4tzte Lesezeit\" \/>\n\t<meta name=\"twitter:data1\" content=\"3\u00a0Minuten\" \/>\n<script type=\"application\/ld+json\" class=\"yoast-schema-graph\">{\"@context\":\"https:\/\/schema.org\",\"@graph\":[{\"@type\":\"WebPage\",\"@id\":\"https:\/\/nembutalboutique.com\/produit\/nm-2201\/\",\"url\":\"https:\/\/nembutalboutique.com\/produit\/nm-2201\/\",\"name\":\"Achetez NM-2201 en ligne - NM-2201 \u00e0 vendre\",\"isPartOf\":{\"@id\":\"https:\/\/nembutalboutique.com\/#website\"},\"primaryImageOfPage\":{\"@id\":\"https:\/\/nembutalboutique.com\/produit\/nm-2201\/#primaryimage\"},\"image\":{\"@id\":\"https:\/\/nembutalboutique.com\/produit\/nm-2201\/#primaryimage\"},\"thumbnailUrl\":\"https:\/\/nembutalboutique.com\/wp-content\/uploads\/2024\/09\/NM2201.gif\",\"datePublished\":\"2024-09-16T08:16:30+00:00\",\"dateModified\":\"2024-09-20T08:33:29+00:00\",\"description\":\"Votre commande de NM-2201 \u00e0 vendre est notre responsabilit\u00e9. Nous prendrons en consid\u00e9ration votre commande d'achat de NM-2201 et vous parviendrons dans un court d\u00e9lai. Passez des commandes group\u00e9es d\u00e8s maintenant !\",\"breadcrumb\":{\"@id\":\"https:\/\/nembutalboutique.com\/produit\/nm-2201\/#breadcrumb\"},\"inLanguage\":\"de\",\"potentialAction\":[{\"@type\":\"ReadAction\",\"target\":[\"https:\/\/nembutalboutique.com\/produit\/nm-2201\/\"]}]},{\"@type\":\"ImageObject\",\"inLanguage\":\"de\",\"@id\":\"https:\/\/nembutalboutique.com\/produit\/nm-2201\/#primaryimage\",\"url\":\"https:\/\/nembutalboutique.com\/wp-content\/uploads\/2024\/09\/NM2201.gif\",\"contentUrl\":\"https:\/\/nembutalboutique.com\/wp-content\/uploads\/2024\/09\/NM2201.gif\",\"width\":600,\"height\":600,\"caption\":\"Acheter NM2201.gif\"},{\"@type\":\"BreadcrumbList\",\"@id\":\"https:\/\/nembutalboutique.com\/produit\/nm-2201\/#breadcrumb\",\"itemListElement\":[{\"@type\":\"ListItem\",\"position\":1,\"name\":\"Home\",\"item\":\"https:\/\/nembutalboutique.com\/\"},{\"@type\":\"ListItem\",\"position\":2,\"name\":\"Boutique\",\"item\":\"https:\/\/nembutalboutique.com\/shop\/\"},{\"@type\":\"ListItem\",\"position\":3,\"name\":\"NM-2201\"}]},{\"@type\":\"WebSite\",\"@id\":\"https:\/\/nembutalboutique.com\/#website\",\"url\":\"https:\/\/nembutalboutique.com\/\",\"name\":\"Nembutal Boutique\",\"description\":\"My WordPress Blog\",\"publisher\":{\"@id\":\"https:\/\/nembutalboutique.com\/#organization\"},\"potentialAction\":[{\"@type\":\"SearchAction\",\"target\":{\"@type\":\"EntryPoint\",\"urlTemplate\":\"https:\/\/nembutalboutique.com\/?s={search_term_string}\"},\"query-input\":{\"@type\":\"PropertyValueSpecification\",\"valueRequired\":true,\"valueName\":\"search_term_string\"}}],\"inLanguage\":\"de\"},{\"@type\":\"Organization\",\"@id\":\"https:\/\/nembutalboutique.com\/#organization\",\"name\":\"Nembutal Boutique\",\"url\":\"https:\/\/nembutalboutique.com\/\",\"logo\":{\"@type\":\"ImageObject\",\"inLanguage\":\"de\",\"@id\":\"https:\/\/nembutalboutique.com\/#\/schema\/logo\/image\/\",\"url\":\"https:\/\/nembutalboutique.com\/wp-content\/uploads\/2024\/01\/logo.png\",\"contentUrl\":\"https:\/\/nembutalboutique.com\/wp-content\/uploads\/2024\/01\/logo.png\",\"width\":494,\"height\":121,\"caption\":\"Nembutal Boutique\"},\"image\":{\"@id\":\"https:\/\/nembutalboutique.com\/#\/schema\/logo\/image\/\"}}]}<\/script>\n<!-- \/ Yoast SEO plugin. -->","yoast_head_json":{"title":"NM-2201 online kaufen - NM-2201 zum Verkauf","description":"Ihre Bestellung von NM-2201 zum Verkauf liegt in unserer Verantwortung. Wir werden Ihre Bestellung f\u00fcr den Kauf von NM-2201 ber\u00fccksichtigen und Ihnen in kurzer Zeit zukommen lassen. Geben Sie jetzt Sammelbestellungen auf!","robots":{"index":"index","follow":"follow","max-snippet":"max-snippet:-1","max-image-preview":"max-image-preview:large","max-video-preview":"max-video-preview:-1"},"canonical":"https:\/\/nembutalboutique.com\/de\/produkt\/nm-2201\/","og_locale":"de_DE","og_type":"article","og_title":"Achetez NM-2201 en ligne - NM-2201 \u00e0 vendre","og_description":"Votre commande de NM-2201 \u00e0 vendre est notre responsabilit\u00e9. Nous prendrons en consid\u00e9ration votre commande d'achat de NM-2201 et vous parviendrons dans un court d\u00e9lai. Passez des commandes group\u00e9es d\u00e8s maintenant !","og_url":"https:\/\/nembutalboutique.com\/de\/produkt\/nm-2201\/","og_site_name":"Nembutal Boutique","article_modified_time":"2024-09-20T08:33:29+00:00","og_image":[{"width":600,"height":600,"url":"https:\/\/nembutalboutique.com\/wp-content\/uploads\/2024\/09\/NM2201.gif","type":"image\/gif"}],"twitter_card":"summary_large_image","twitter_misc":{"Gesch\u00e4tzte Lesezeit":"3\u00a0Minuten"},"schema":{"@context":"https:\/\/schema.org","@graph":[{"@type":"WebPage","@id":"https:\/\/nembutalboutique.com\/produit\/nm-2201\/","url":"https:\/\/nembutalboutique.com\/produit\/nm-2201\/","name":"NM-2201 online kaufen - NM-2201 zum Verkauf","isPartOf":{"@id":"https:\/\/nembutalboutique.com\/#website"},"primaryImageOfPage":{"@id":"https:\/\/nembutalboutique.com\/produit\/nm-2201\/#primaryimage"},"image":{"@id":"https:\/\/nembutalboutique.com\/produit\/nm-2201\/#primaryimage"},"thumbnailUrl":"https:\/\/nembutalboutique.com\/wp-content\/uploads\/2024\/09\/NM2201.gif","datePublished":"2024-09-16T08:16:30+00:00","dateModified":"2024-09-20T08:33:29+00:00","description":"Ihre Bestellung von NM-2201 zum Verkauf liegt in unserer Verantwortung. Wir werden Ihre Bestellung f\u00fcr den Kauf von NM-2201 ber\u00fccksichtigen und Ihnen in kurzer Zeit zukommen lassen. Geben Sie jetzt Sammelbestellungen auf!","breadcrumb":{"@id":"https:\/\/nembutalboutique.com\/produit\/nm-2201\/#breadcrumb"},"inLanguage":"de","potentialAction":[{"@type":"ReadAction","target":["https:\/\/nembutalboutique.com\/produit\/nm-2201\/"]}]},{"@type":"ImageObject","inLanguage":"de","@id":"https:\/\/nembutalboutique.com\/produit\/nm-2201\/#primaryimage","url":"https:\/\/nembutalboutique.com\/wp-content\/uploads\/2024\/09\/NM2201.gif","contentUrl":"https:\/\/nembutalboutique.com\/wp-content\/uploads\/2024\/09\/NM2201.gif","width":600,"height":600,"caption":"Acheter NM2201.gif"},{"@type":"BreadcrumbList","@id":"https:\/\/nembutalboutique.com\/produit\/nm-2201\/#breadcrumb","itemListElement":[{"@type":"ListItem","position":1,"name":"Home","item":"https:\/\/nembutalboutique.com\/"},{"@type":"ListItem","position":2,"name":"Boutique","item":"https:\/\/nembutalboutique.com\/shop\/"},{"@type":"ListItem","position":3,"name":"NM-2201"}]},{"@type":"WebSite","@id":"https:\/\/nembutalboutique.com\/#website","url":"https:\/\/nembutalboutique.com\/","name":"Nembutal Boutique","description":"Mein WordPress-Blog","publisher":{"@id":"https:\/\/nembutalboutique.com\/#organization"},"potentialAction":[{"@type":"SearchAction","target":{"@type":"EntryPoint","urlTemplate":"https:\/\/nembutalboutique.com\/?s={search_term_string}"},"query-input":{"@type":"PropertyValueSpecification","valueRequired":true,"valueName":"search_term_string"}}],"inLanguage":"de"},{"@type":"Organization","@id":"https:\/\/nembutalboutique.com\/#organization","name":"Nembutal Boutique","url":"https:\/\/nembutalboutique.com\/","logo":{"@type":"ImageObject","inLanguage":"de","@id":"https:\/\/nembutalboutique.com\/#\/schema\/logo\/image\/","url":"https:\/\/nembutalboutique.com\/wp-content\/uploads\/2024\/01\/logo.png","contentUrl":"https:\/\/nembutalboutique.com\/wp-content\/uploads\/2024\/01\/logo.png","width":494,"height":121,"caption":"Nembutal Boutique"},"image":{"@id":"https:\/\/nembutalboutique.com\/#\/schema\/logo\/image\/"}}]}},"_links":{"self":[{"href":"https:\/\/nembutalboutique.com\/de\/wp-json\/wp\/v2\/product\/3292"}],"collection":[{"href":"https:\/\/nembutalboutique.com\/de\/wp-json\/wp\/v2\/product"}],"about":[{"href":"https:\/\/nembutalboutique.com\/de\/wp-json\/wp\/v2\/types\/product"}],"replies":[{"embeddable":true,"href":"https:\/\/nembutalboutique.com\/de\/wp-json\/wp\/v2\/comments?post=3292"}],"wp:featuredmedia":[{"embeddable":true,"href":"https:\/\/nembutalboutique.com\/de\/wp-json\/wp\/v2\/media\/3314"}],"wp:attachment":[{"href":"https:\/\/nembutalboutique.com\/de\/wp-json\/wp\/v2\/media?parent=3292"}],"wp:term":[{"taxonomy":"product_brand","embeddable":true,"href":"https:\/\/nembutalboutique.com\/de\/wp-json\/wp\/v2\/product_brand?post=3292"},{"taxonomy":"product_cat","embeddable":true,"href":"https:\/\/nembutalboutique.com\/de\/wp-json\/wp\/v2\/product_cat?post=3292"},{"taxonomy":"product_tag","embeddable":true,"href":"https:\/\/nembutalboutique.com\/de\/wp-json\/wp\/v2\/product_tag?post=3292"}],"curies":[{"name":"wp","href":"https:\/\/api.w.org\/{rel}","templated":true}]}}