{"id":3231,"date":"2024-09-16T08:16:07","date_gmt":"2024-09-16T08:16:07","guid":{"rendered":"https:\/\/nembutalboutique.com\/?post_type=product&#038;p=3231"},"modified":"2024-09-24T08:08:15","modified_gmt":"2024-09-24T08:08:15","slug":"mam-2201","status":"publish","type":"product","link":"https:\/\/nembutalboutique.com\/de\/produkt\/mam-2201\/","title":{"rendered":"MAM-2201"},"content":{"rendered":"<h2>MAM-2201 online kaufen<\/h2>\n<p>MAM-2201 Kaufen Das Produkt <a href=\"https:\/\/nembutalboutique.com\/produit\/mam-2201\/\">MAM-2201<\/a> wurde gem\u00e4\u00df den Spezifikationen ISO17025:2005 und Guide 34:2009 erstellt und getestet.<br \/>\nDieses Produkt soll als analytischer Referenzstandard dienen.<\/p>\n<p>Der Massengehalt ist f\u00fcr Universit\u00e4tsstudien an akkreditierten Universit\u00e4ten erh\u00e4ltlich; bitte wenden Sie sich an unsere Verkaufsabteilung, wenn Sie Fragen zu den Preisen haben.<\/p>\n<p>Das starke synthetische Cannabinoid AM2201 (Art.-Nr. 10707) bindet mit hoher Affinit\u00e4t an die CB1- und CB2-Rezeptoren (Ki = 1,0 bzw. 2,6 nM).1 <a href=\"https:\/\/en.wikipedia.org\/wiki\/MAM-2201\">MAM2201<\/a> ist ein Analogon von AM2201, bei dem die 4-Position an der Naphthylgruppe methyliert ist. Die physiologischen und toxikologischen Eigenschaften dieser Kombination sind nicht bekannt. Dieses Produkt ist f\u00fcr die Verwendung in forensischen und Forschungskontexten vorgesehen.<\/p>\n<p>Dieses Produkt erf\u00fcllt die Herstellungs- und Testanforderungen der Norm ISO17025 und ist somit ein qualifiziertes Referenzmaterial (RM). sowie Referenzprodukte in Leitfaden 34. Um die Wiederholbarkeit der Messungen zu gew\u00e4hrleisten, werden diese Materialien mithilfe zugelassener Analysetechniken unter Verwendung zertifizierter Ger\u00e4te analysiert. Hier k\u00f6nnen alle MR, die gefunden werden k\u00f6nnen, mithilfe der Chargennummer auf dem Produktetikett abgerufen und ihre Echtheitszertifikate \u00fcberpr\u00fcft werden. Um eine offizielle Kopie des Echtheitszertifikats zu erhalten, wenden Sie sich bitte an unseren technischen Support.<\/p>\n<p>Seit unserer Gr\u00fcndung sind wir gewachsen, um die Bed\u00fcrfnisse unserer Kunden besser erf\u00fcllen zu k\u00f6nnen. Unser Fachgebiet hat sich erweitert und umfasst nun auch die Entwicklung von Standards f\u00fcr die pr\u00e4klinische Analyse, die Erstellung von Standards f\u00fcr die forensische Analyse,<\/p>\n<p>Dienstleistungen in den Bereichen Expertenforschung, Herstellung von pharmazeutischen Wirkstoffen, Forschungsfinanzierung, Unterst\u00fctzung des Engagements der Gemeinschaft usw. Trotz all dessen, was uns widerfahren ist, sind wir unseren Wurzeln treu geblieben. und unseren urspr\u00fcnglichen Zielen, die Forschungsgemeinschaft zu unterst\u00fctzen und qualitativ hochwertige Artikel zu einem angemessenen Preis anzubieten.<\/p>\n<p>Der beste Ort, um Forschungschemikalien zu erhalten und sich mit den modernsten Materialien f\u00fcr Ihre Projekte auszustatten, ist NembuKauFlog. Sie brauchen einen Lieferanten, dem Sie vertrauen k\u00f6nnen und der Ihnen echte und reine 100 % Chemikalien liefern kann. Die Zusammenarbeit mit uns wird Ihnen helfen, sich davon zu \u00fcberzeugen. Wir sind sehr stolz darauf, dass wir uns durch unser Engagement f\u00fcr Qualit\u00e4t und wissenschaftliche Integrit\u00e4t den Ruf als einer der angesehensten Lieferanten der Branche erworben haben, wie die Eink\u00e4ufe von MAM-2201 zeigen.<\/p>\n<p>Die physiologischen und toxikologischen Eigenschaften von MAM2201 sind nicht bekannt. Synthetische Cannabinoide wie MAM-2201 k\u00f6nnen eine hohe Affinit\u00e4t zu den peripheren Cannabinoid-Rezeptoren CB1 und CB2 aufweisen.<\/p>\n<h3>Wie kann ich online MAM-2201 kaufen?<\/h3>\n<p>Versuchen Sie, einen Ort zu finden, an dem Sie mam-2201 online kaufen k\u00f6nnen? Nembutalboutique bietet Ihnen die M\u00f6glichkeit, mam2201 online zu kaufen, ohne auf unerwartete Schwierigkeiten oder Kosten zu sto\u00dfen. Wir arbeiten unerm\u00fcdlich daran, sicherzustellen, dass Sie jedes Mal, wenn Sie mam2201 online in unserem Research Chemicals Shop bestellen, Geld sparen. Unser Ziel bei Chemicals Lab ist es, unseren Kunden mehr zu bieten und sie gleichzeitig weniger bezahlen zu lassen.<\/p>","protected":false},"excerpt":{"rendered":"<p>Acheter MAM-2201 en ligne MAM-2201 Kaufen Le produit MAM-2201 a \u00e9t\u00e9 cr\u00e9\u00e9 et test\u00e9 conform\u00e9ment aux sp\u00e9cifications ISO17025:2005 et Guide 34:2009. Ce produit a pour but de servir de norme de r\u00e9f\u00e9rence analytique. La teneur en masse est disponible pour des \u00e9tudes universitaires dans des universit\u00e9s accr\u00e9dit\u00e9es ; veuillez contacter notre service commercial pour toute [&hellip;]<\/p>","protected":false},"featured_media":3249,"comment_status":"open","ping_status":"closed","template":"","meta":{"_joinchat":[]},"product_brand":[],"product_cat":[386],"product_tag":[],"class_list":{"0":"post-3231","1":"product","2":"type-product","3":"status-publish","4":"has-post-thumbnail","6":"product_cat-cannabinoids","8":"first","9":"instock","10":"shipping-taxable","11":"purchasable","12":"product-type-variable"},"yoast_head":"<!-- This site is optimized with the Yoast SEO plugin v23.5 - https:\/\/yoast.com\/wordpress\/plugins\/seo\/ -->\n<title>Achetez MAM-2201 en ligne - MAM-2201 \u00e0 vendre<\/title>\n<meta name=\"description\" content=\"Vous souhaitez acheter de la poudre MAM-2201 en ligne ? D\u00e9couvrez une plateforme transparente sur notre boutique en ligne o\u00f9 vous pouvez acheter de la poudre MAM-2201, garantissant une qualit\u00e9 de premier ordre pour vos besoins de recherche.\" \/>\n<meta name=\"robots\" content=\"index, follow, max-snippet:-1, max-image-preview:large, max-video-preview:-1\" \/>\n<link rel=\"canonical\" href=\"https:\/\/nembutalboutique.com\/de\/produkt\/mam-2201\/\" \/>\n<meta property=\"og:locale\" content=\"de_DE\" \/>\n<meta property=\"og:type\" content=\"article\" \/>\n<meta property=\"og:title\" content=\"Achetez MAM-2201 en ligne - MAM-2201 \u00e0 vendre\" \/>\n<meta property=\"og:description\" content=\"Vous souhaitez acheter de la poudre MAM-2201 en ligne ? D\u00e9couvrez une plateforme transparente sur notre boutique en ligne o\u00f9 vous pouvez acheter de la poudre MAM-2201, garantissant une qualit\u00e9 de premier ordre pour vos besoins de recherche.\" \/>\n<meta property=\"og:url\" content=\"https:\/\/nembutalboutique.com\/de\/produkt\/mam-2201\/\" \/>\n<meta property=\"og:site_name\" content=\"Nembutal Boutique\" \/>\n<meta property=\"article:modified_time\" content=\"2024-09-24T08:08:15+00:00\" \/>\n<meta property=\"og:image\" content=\"https:\/\/nembutalboutique.com\/wp-content\/uploads\/2024\/09\/MAM-2201.gif\" \/>\n\t<meta property=\"og:image:width\" content=\"600\" \/>\n\t<meta property=\"og:image:height\" content=\"600\" \/>\n\t<meta property=\"og:image:type\" content=\"image\/gif\" \/>\n<meta name=\"twitter:card\" content=\"summary_large_image\" \/>\n<meta name=\"twitter:label1\" content=\"Gesch\u00e4tzte Lesezeit\" \/>\n\t<meta name=\"twitter:data1\" content=\"3\u00a0Minuten\" \/>\n<script type=\"application\/ld+json\" class=\"yoast-schema-graph\">{\"@context\":\"https:\/\/schema.org\",\"@graph\":[{\"@type\":\"WebPage\",\"@id\":\"https:\/\/nembutalboutique.com\/produit\/mam-2201\/\",\"url\":\"https:\/\/nembutalboutique.com\/produit\/mam-2201\/\",\"name\":\"Achetez MAM-2201 en ligne - MAM-2201 \u00e0 vendre\",\"isPartOf\":{\"@id\":\"https:\/\/nembutalboutique.com\/#website\"},\"primaryImageOfPage\":{\"@id\":\"https:\/\/nembutalboutique.com\/produit\/mam-2201\/#primaryimage\"},\"image\":{\"@id\":\"https:\/\/nembutalboutique.com\/produit\/mam-2201\/#primaryimage\"},\"thumbnailUrl\":\"https:\/\/nembutalboutique.com\/wp-content\/uploads\/2024\/09\/MAM-2201.gif\",\"datePublished\":\"2024-09-16T08:16:07+00:00\",\"dateModified\":\"2024-09-24T08:08:15+00:00\",\"description\":\"Vous souhaitez acheter de la poudre MAM-2201 en ligne ? D\u00e9couvrez une plateforme transparente sur notre boutique en ligne o\u00f9 vous pouvez acheter de la poudre MAM-2201, garantissant une qualit\u00e9 de premier ordre pour vos besoins de recherche.\",\"breadcrumb\":{\"@id\":\"https:\/\/nembutalboutique.com\/produit\/mam-2201\/#breadcrumb\"},\"inLanguage\":\"de\",\"potentialAction\":[{\"@type\":\"ReadAction\",\"target\":[\"https:\/\/nembutalboutique.com\/produit\/mam-2201\/\"]}]},{\"@type\":\"ImageObject\",\"inLanguage\":\"de\",\"@id\":\"https:\/\/nembutalboutique.com\/produit\/mam-2201\/#primaryimage\",\"url\":\"https:\/\/nembutalboutique.com\/wp-content\/uploads\/2024\/09\/MAM-2201.gif\",\"contentUrl\":\"https:\/\/nembutalboutique.com\/wp-content\/uploads\/2024\/09\/MAM-2201.gif\",\"width\":600,\"height\":600,\"caption\":\"EBK Kristall\"},{\"@type\":\"BreadcrumbList\",\"@id\":\"https:\/\/nembutalboutique.com\/produit\/mam-2201\/#breadcrumb\",\"itemListElement\":[{\"@type\":\"ListItem\",\"position\":1,\"name\":\"Home\",\"item\":\"https:\/\/nembutalboutique.com\/\"},{\"@type\":\"ListItem\",\"position\":2,\"name\":\"Boutique\",\"item\":\"https:\/\/nembutalboutique.com\/shop\/\"},{\"@type\":\"ListItem\",\"position\":3,\"name\":\"MAM-2201\"}]},{\"@type\":\"WebSite\",\"@id\":\"https:\/\/nembutalboutique.com\/#website\",\"url\":\"https:\/\/nembutalboutique.com\/\",\"name\":\"Nembutal Boutique\",\"description\":\"My WordPress Blog\",\"publisher\":{\"@id\":\"https:\/\/nembutalboutique.com\/#organization\"},\"potentialAction\":[{\"@type\":\"SearchAction\",\"target\":{\"@type\":\"EntryPoint\",\"urlTemplate\":\"https:\/\/nembutalboutique.com\/?s={search_term_string}\"},\"query-input\":{\"@type\":\"PropertyValueSpecification\",\"valueRequired\":true,\"valueName\":\"search_term_string\"}}],\"inLanguage\":\"de\"},{\"@type\":\"Organization\",\"@id\":\"https:\/\/nembutalboutique.com\/#organization\",\"name\":\"Nembutal Boutique\",\"url\":\"https:\/\/nembutalboutique.com\/\",\"logo\":{\"@type\":\"ImageObject\",\"inLanguage\":\"de\",\"@id\":\"https:\/\/nembutalboutique.com\/#\/schema\/logo\/image\/\",\"url\":\"https:\/\/nembutalboutique.com\/wp-content\/uploads\/2024\/01\/logo.png\",\"contentUrl\":\"https:\/\/nembutalboutique.com\/wp-content\/uploads\/2024\/01\/logo.png\",\"width\":494,\"height\":121,\"caption\":\"Nembutal Boutique\"},\"image\":{\"@id\":\"https:\/\/nembutalboutique.com\/#\/schema\/logo\/image\/\"}}]}<\/script>\n<!-- \/ Yoast SEO plugin. -->","yoast_head_json":{"title":"MAM-2201 online kaufen - MAM-2201 zum Verkauf","description":"Sie m\u00f6chten MAM-2201 Pulver online kaufen? Entdecken Sie eine transparente Plattform in unserem Online-Shop, auf der Sie MAM-2201-Pulver kaufen k\u00f6nnen, das eine erstklassige Qualit\u00e4t f\u00fcr Ihren Forschungsbedarf garantiert.","robots":{"index":"index","follow":"follow","max-snippet":"max-snippet:-1","max-image-preview":"max-image-preview:large","max-video-preview":"max-video-preview:-1"},"canonical":"https:\/\/nembutalboutique.com\/de\/produkt\/mam-2201\/","og_locale":"de_DE","og_type":"article","og_title":"Achetez MAM-2201 en ligne - MAM-2201 \u00e0 vendre","og_description":"Vous souhaitez acheter de la poudre MAM-2201 en ligne ? D\u00e9couvrez une plateforme transparente sur notre boutique en ligne o\u00f9 vous pouvez acheter de la poudre MAM-2201, garantissant une qualit\u00e9 de premier ordre pour vos besoins de recherche.","og_url":"https:\/\/nembutalboutique.com\/de\/produkt\/mam-2201\/","og_site_name":"Nembutal Boutique","article_modified_time":"2024-09-24T08:08:15+00:00","og_image":[{"width":600,"height":600,"url":"https:\/\/nembutalboutique.com\/wp-content\/uploads\/2024\/09\/MAM-2201.gif","type":"image\/gif"}],"twitter_card":"summary_large_image","twitter_misc":{"Gesch\u00e4tzte Lesezeit":"3\u00a0Minuten"},"schema":{"@context":"https:\/\/schema.org","@graph":[{"@type":"WebPage","@id":"https:\/\/nembutalboutique.com\/produit\/mam-2201\/","url":"https:\/\/nembutalboutique.com\/produit\/mam-2201\/","name":"MAM-2201 online kaufen - MAM-2201 zum Verkauf","isPartOf":{"@id":"https:\/\/nembutalboutique.com\/#website"},"primaryImageOfPage":{"@id":"https:\/\/nembutalboutique.com\/produit\/mam-2201\/#primaryimage"},"image":{"@id":"https:\/\/nembutalboutique.com\/produit\/mam-2201\/#primaryimage"},"thumbnailUrl":"https:\/\/nembutalboutique.com\/wp-content\/uploads\/2024\/09\/MAM-2201.gif","datePublished":"2024-09-16T08:16:07+00:00","dateModified":"2024-09-24T08:08:15+00:00","description":"Sie m\u00f6chten MAM-2201 Pulver online kaufen? Entdecken Sie eine transparente Plattform in unserem Online-Shop, auf der Sie MAM-2201-Pulver kaufen k\u00f6nnen, das eine erstklassige Qualit\u00e4t f\u00fcr Ihren Forschungsbedarf garantiert.","breadcrumb":{"@id":"https:\/\/nembutalboutique.com\/produit\/mam-2201\/#breadcrumb"},"inLanguage":"de","potentialAction":[{"@type":"ReadAction","target":["https:\/\/nembutalboutique.com\/produit\/mam-2201\/"]}]},{"@type":"ImageObject","inLanguage":"de","@id":"https:\/\/nembutalboutique.com\/produit\/mam-2201\/#primaryimage","url":"https:\/\/nembutalboutique.com\/wp-content\/uploads\/2024\/09\/MAM-2201.gif","contentUrl":"https:\/\/nembutalboutique.com\/wp-content\/uploads\/2024\/09\/MAM-2201.gif","width":600,"height":600,"caption":"EBK Kristall"},{"@type":"BreadcrumbList","@id":"https:\/\/nembutalboutique.com\/produit\/mam-2201\/#breadcrumb","itemListElement":[{"@type":"ListItem","position":1,"name":"Home","item":"https:\/\/nembutalboutique.com\/"},{"@type":"ListItem","position":2,"name":"Boutique","item":"https:\/\/nembutalboutique.com\/shop\/"},{"@type":"ListItem","position":3,"name":"MAM-2201"}]},{"@type":"WebSite","@id":"https:\/\/nembutalboutique.com\/#website","url":"https:\/\/nembutalboutique.com\/","name":"Nembutal Boutique","description":"Mein WordPress-Blog","publisher":{"@id":"https:\/\/nembutalboutique.com\/#organization"},"potentialAction":[{"@type":"SearchAction","target":{"@type":"EntryPoint","urlTemplate":"https:\/\/nembutalboutique.com\/?s={search_term_string}"},"query-input":{"@type":"PropertyValueSpecification","valueRequired":true,"valueName":"search_term_string"}}],"inLanguage":"de"},{"@type":"Organization","@id":"https:\/\/nembutalboutique.com\/#organization","name":"Nembutal Boutique","url":"https:\/\/nembutalboutique.com\/","logo":{"@type":"ImageObject","inLanguage":"de","@id":"https:\/\/nembutalboutique.com\/#\/schema\/logo\/image\/","url":"https:\/\/nembutalboutique.com\/wp-content\/uploads\/2024\/01\/logo.png","contentUrl":"https:\/\/nembutalboutique.com\/wp-content\/uploads\/2024\/01\/logo.png","width":494,"height":121,"caption":"Nembutal Boutique"},"image":{"@id":"https:\/\/nembutalboutique.com\/#\/schema\/logo\/image\/"}}]}},"_links":{"self":[{"href":"https:\/\/nembutalboutique.com\/de\/wp-json\/wp\/v2\/product\/3231"}],"collection":[{"href":"https:\/\/nembutalboutique.com\/de\/wp-json\/wp\/v2\/product"}],"about":[{"href":"https:\/\/nembutalboutique.com\/de\/wp-json\/wp\/v2\/types\/product"}],"replies":[{"embeddable":true,"href":"https:\/\/nembutalboutique.com\/de\/wp-json\/wp\/v2\/comments?post=3231"}],"wp:featuredmedia":[{"embeddable":true,"href":"https:\/\/nembutalboutique.com\/de\/wp-json\/wp\/v2\/media\/3249"}],"wp:attachment":[{"href":"https:\/\/nembutalboutique.com\/de\/wp-json\/wp\/v2\/media?parent=3231"}],"wp:term":[{"taxonomy":"product_brand","embeddable":true,"href":"https:\/\/nembutalboutique.com\/de\/wp-json\/wp\/v2\/product_brand?post=3231"},{"taxonomy":"product_cat","embeddable":true,"href":"https:\/\/nembutalboutique.com\/de\/wp-json\/wp\/v2\/product_cat?post=3231"},{"taxonomy":"product_tag","embeddable":true,"href":"https:\/\/nembutalboutique.com\/de\/wp-json\/wp\/v2\/product_tag?post=3231"}],"curies":[{"name":"wp","href":"https:\/\/api.w.org\/{rel}","templated":true}]}}