{"id":3229,"date":"2024-09-16T08:16:06","date_gmt":"2024-09-16T08:16:06","guid":{"rendered":"https:\/\/nembutalboutique.com\/?post_type=product&#038;p=3229"},"modified":"2024-09-24T07:48:53","modified_gmt":"2024-09-24T07:48:53","slug":"fub-pb-22","status":"publish","type":"product","link":"https:\/\/nembutalboutique.com\/de\/produkt\/fub-pb-22\/","title":{"rendered":"FUB-PB 22"},"content":{"rendered":"<h2>Kaufen Sie FUB-PB 22 online.<\/h2>\n<p>Kaufen <a href=\"https:\/\/nembutalboutique.com\/produit\/fub-pb-22\/\">FUB-PB 22<\/a> Das Produkt FUB-PB 22 wurde gem\u00e4\u00df den Spezifikationen von ISO17025:2005 und Guide 34:2009 hergestellt und getestet.<\/p>\n<p>Dieses Produkt ist dazu bestimmt, als analytischer Bezugsstandard zu dienen.<\/p>\n<p>Bulk Content ist f\u00fcr akademische Studien an akkreditierten Universit\u00e4ten verf\u00fcgbar; bitte wenden Sie sich an unsere Verkaufsabteilung, wenn Sie Fragen zu Preisen haben.<\/p>\n<p>Andere W\u00f6rter<\/p>\n<h3>5. Fluor-QUPIC<\/h3>\n<p>Die strukturelle Klassifikation der analytischen Referenzsonde FUB-PB 22 (Art.-Nr. 14095) ist die des synthetischen Cannabinoids (CB). Es handelt sich um einen vollst\u00e4ndigen Antagonisten mit pEC50-Werten von 8,55 bzw. 7,97 f\u00fcr die m\u00e4nnlichen CB1- bzw. CB2-Rezeptoren. Die In-vivo-Effekte von \u03949-THC werden durch 1,2-5-Fluor-<a href=\"https:\/\/en.wikipedia.org\/wiki\/FUB-PB-22\">FUB-PB 22<\/a> Das Ger\u00e4t ist mit einem speziellen, hochwirksamen und dosisabh\u00e4ngigen Herzfrequenzreduktionsmittel f\u00fcr Ratten ausgestattet (Art.-Nr. 12068 | ISO60157).1. Die Zielm\u00e4rkte f\u00fcr dieses Ger\u00e4t sind forensische und Forschungsanwendungen.<br \/>\nDieses Produkt erf\u00fcllt die Herstellungs- und Testanforderungen der ISO 17025 und des Leitfadens 34 und ist somit ein qualifiziertes Referenzmaterial (RM). Diese Materialien werden mithilfe zugelassener Analysetechniken unter Verwendung zertifizierter Ger\u00e4te analysiert, um die Reproduzierbarkeit der Messungen zu gew\u00e4hrleisten. Hier k\u00f6nnen alle RM, die gefunden werden k\u00f6nnen, mithilfe der Chargennummer auf dem Produktetikett abgerufen und ihre CofA \u00fcberpr\u00fcft werden. Um eine offizielle Kopie des CofA zu erhalten, wenden Sie sich bitte an unseren technischen Support.<\/p>\n<p>Nembutalboutique wird sowohl einzeln als auch in gro\u00dfen Mengen von nembutalboutique, einem Unternehmen mit Hauptsitz in Europa, verkauft. Um den Bed\u00fcrfnissen unserer Kunden gerecht zu werden, haben wir seit unserer Gr\u00fcndung eine breite Palette von Produkten entwickelt. Unsere F\u00e4higkeiten haben sich weiterentwickelt und umfassen nun auch Auftragsforschung, die Erstellung von Standards f\u00fcr forensische Analysen, die Synthese von pharmazeutischen Inhaltsstoffen und die \u00dcbernahme von FUB-PB 22.<\/p>","protected":false},"excerpt":{"rendered":"<p>Acheter FUB-PB 22 en ligne. Acheter FUB-PB 22 Le produit FUB-PB 22 a \u00e9t\u00e9 fabriqu\u00e9 et test\u00e9 conform\u00e9ment aux sp\u00e9cifications ISO17025:2005 et Guide 34:2009. Ce produit est destin\u00e9 \u00e0 servir de norme de r\u00e9f\u00e9rence analytique. Le contenu en vrac est disponible pour des \u00e9tudes universitaires dans des universit\u00e9s accr\u00e9dit\u00e9es ; veuillez contacter notre service commercial [&hellip;]<\/p>","protected":false},"featured_media":3247,"comment_status":"open","ping_status":"closed","template":"","meta":{"_joinchat":[]},"product_brand":[],"product_cat":[386],"product_tag":[],"class_list":{"0":"post-3229","1":"product","2":"type-product","3":"status-publish","4":"has-post-thumbnail","6":"product_cat-cannabinoids","8":"first","9":"instock","10":"shipping-taxable","11":"purchasable","12":"product-type-variable"},"yoast_head":"<!-- This site is optimized with the Yoast SEO plugin v23.5 - https:\/\/yoast.com\/wordpress\/plugins\/seo\/ -->\n<title>Acheter FUB-PB 22 en ligne - FUB-PB 22 \u00e0 vendre<\/title>\n<meta name=\"description\" content=\"Vous souhaitez approfondir vos recherches ? Achetez FUB-PB 22 en ligne de mani\u00e8re pratique et s\u00e9curis\u00e9e, gr\u00e2ce \u00e0 un processus de commande simple pour FUB-PB 22 \u00e0 vendre. Explorez les possibilit\u00e9s et achetez FUB-PB 22 en ligne pour vos travaux de recherche d\u00e8s aujourd&#039;hui.\" \/>\n<meta name=\"robots\" content=\"index, follow, max-snippet:-1, max-image-preview:large, max-video-preview:-1\" \/>\n<link rel=\"canonical\" href=\"https:\/\/nembutalboutique.com\/de\/produkt\/fub-pb-22\/\" \/>\n<meta property=\"og:locale\" content=\"de_DE\" \/>\n<meta property=\"og:type\" content=\"article\" \/>\n<meta property=\"og:title\" content=\"Acheter FUB-PB 22 en ligne - FUB-PB 22 \u00e0 vendre\" \/>\n<meta property=\"og:description\" content=\"Vous souhaitez approfondir vos recherches ? Achetez FUB-PB 22 en ligne de mani\u00e8re pratique et s\u00e9curis\u00e9e, gr\u00e2ce \u00e0 un processus de commande simple pour FUB-PB 22 \u00e0 vendre. Explorez les possibilit\u00e9s et achetez FUB-PB 22 en ligne pour vos travaux de recherche d\u00e8s aujourd&#039;hui.\" \/>\n<meta property=\"og:url\" content=\"https:\/\/nembutalboutique.com\/de\/produkt\/fub-pb-22\/\" \/>\n<meta property=\"og:site_name\" content=\"Nembutal Boutique\" \/>\n<meta property=\"article:modified_time\" content=\"2024-09-24T07:48:53+00:00\" \/>\n<meta property=\"og:image\" content=\"https:\/\/nembutalboutique.com\/wp-content\/uploads\/2024\/09\/FUB-PB-22.gif\" \/>\n\t<meta property=\"og:image:width\" content=\"600\" \/>\n\t<meta property=\"og:image:height\" content=\"600\" \/>\n\t<meta property=\"og:image:type\" content=\"image\/gif\" \/>\n<meta name=\"twitter:card\" content=\"summary_large_image\" \/>\n<meta name=\"twitter:label1\" content=\"Gesch\u00e4tzte Lesezeit\" \/>\n\t<meta name=\"twitter:data1\" content=\"2\u00a0Minuten\" \/>\n<script type=\"application\/ld+json\" class=\"yoast-schema-graph\">{\"@context\":\"https:\/\/schema.org\",\"@graph\":[{\"@type\":\"WebPage\",\"@id\":\"https:\/\/nembutalboutique.com\/produit\/fub-pb-22\/\",\"url\":\"https:\/\/nembutalboutique.com\/produit\/fub-pb-22\/\",\"name\":\"Acheter FUB-PB 22 en ligne - FUB-PB 22 \u00e0 vendre\",\"isPartOf\":{\"@id\":\"https:\/\/nembutalboutique.com\/#website\"},\"primaryImageOfPage\":{\"@id\":\"https:\/\/nembutalboutique.com\/produit\/fub-pb-22\/#primaryimage\"},\"image\":{\"@id\":\"https:\/\/nembutalboutique.com\/produit\/fub-pb-22\/#primaryimage\"},\"thumbnailUrl\":\"https:\/\/nembutalboutique.com\/wp-content\/uploads\/2024\/09\/FUB-PB-22.gif\",\"datePublished\":\"2024-09-16T08:16:06+00:00\",\"dateModified\":\"2024-09-24T07:48:53+00:00\",\"description\":\"Vous souhaitez approfondir vos recherches ? Achetez FUB-PB 22 en ligne de mani\u00e8re pratique et s\u00e9curis\u00e9e, gr\u00e2ce \u00e0 un processus de commande simple pour FUB-PB 22 \u00e0 vendre. Explorez les possibilit\u00e9s et achetez FUB-PB 22 en ligne pour vos travaux de recherche d\u00e8s aujourd'hui.\",\"breadcrumb\":{\"@id\":\"https:\/\/nembutalboutique.com\/produit\/fub-pb-22\/#breadcrumb\"},\"inLanguage\":\"de\",\"potentialAction\":[{\"@type\":\"ReadAction\",\"target\":[\"https:\/\/nembutalboutique.com\/produit\/fub-pb-22\/\"]}]},{\"@type\":\"ImageObject\",\"inLanguage\":\"de\",\"@id\":\"https:\/\/nembutalboutique.com\/produit\/fub-pb-22\/#primaryimage\",\"url\":\"https:\/\/nembutalboutique.com\/wp-content\/uploads\/2024\/09\/FUB-PB-22.gif\",\"contentUrl\":\"https:\/\/nembutalboutique.com\/wp-content\/uploads\/2024\/09\/FUB-PB-22.gif\",\"width\":600,\"height\":600,\"caption\":\"Acheter FUB-PB-22.gif\"},{\"@type\":\"BreadcrumbList\",\"@id\":\"https:\/\/nembutalboutique.com\/produit\/fub-pb-22\/#breadcrumb\",\"itemListElement\":[{\"@type\":\"ListItem\",\"position\":1,\"name\":\"Home\",\"item\":\"https:\/\/nembutalboutique.com\/\"},{\"@type\":\"ListItem\",\"position\":2,\"name\":\"Boutique\",\"item\":\"https:\/\/nembutalboutique.com\/shop\/\"},{\"@type\":\"ListItem\",\"position\":3,\"name\":\"FUB-PB 22\"}]},{\"@type\":\"WebSite\",\"@id\":\"https:\/\/nembutalboutique.com\/#website\",\"url\":\"https:\/\/nembutalboutique.com\/\",\"name\":\"Nembutal Boutique\",\"description\":\"My WordPress Blog\",\"publisher\":{\"@id\":\"https:\/\/nembutalboutique.com\/#organization\"},\"potentialAction\":[{\"@type\":\"SearchAction\",\"target\":{\"@type\":\"EntryPoint\",\"urlTemplate\":\"https:\/\/nembutalboutique.com\/?s={search_term_string}\"},\"query-input\":{\"@type\":\"PropertyValueSpecification\",\"valueRequired\":true,\"valueName\":\"search_term_string\"}}],\"inLanguage\":\"de\"},{\"@type\":\"Organization\",\"@id\":\"https:\/\/nembutalboutique.com\/#organization\",\"name\":\"Nembutal Boutique\",\"url\":\"https:\/\/nembutalboutique.com\/\",\"logo\":{\"@type\":\"ImageObject\",\"inLanguage\":\"de\",\"@id\":\"https:\/\/nembutalboutique.com\/#\/schema\/logo\/image\/\",\"url\":\"https:\/\/nembutalboutique.com\/wp-content\/uploads\/2024\/01\/logo.png\",\"contentUrl\":\"https:\/\/nembutalboutique.com\/wp-content\/uploads\/2024\/01\/logo.png\",\"width\":494,\"height\":121,\"caption\":\"Nembutal Boutique\"},\"image\":{\"@id\":\"https:\/\/nembutalboutique.com\/#\/schema\/logo\/image\/\"}}]}<\/script>\n<!-- \/ Yoast SEO plugin. -->","yoast_head_json":{"title":"FUB-PB 22 online kaufen - FUB-PB 22 zum Verkauf","description":"M\u00f6chten Sie Ihre Suche vertiefen? Kaufen Sie FUB-PB 22 online auf bequeme und sichere Weise, dank eines einfachen Bestellvorgangs f\u00fcr FUB-PB 22 zum Verkauf. Erkunden Sie die M\u00f6glichkeiten und kaufen Sie FUB-PB 22 online f\u00fcr Ihre Forschungsarbeit noch heute.","robots":{"index":"index","follow":"follow","max-snippet":"max-snippet:-1","max-image-preview":"max-image-preview:large","max-video-preview":"max-video-preview:-1"},"canonical":"https:\/\/nembutalboutique.com\/de\/produkt\/fub-pb-22\/","og_locale":"de_DE","og_type":"article","og_title":"Acheter FUB-PB 22 en ligne - FUB-PB 22 \u00e0 vendre","og_description":"Vous souhaitez approfondir vos recherches ? Achetez FUB-PB 22 en ligne de mani\u00e8re pratique et s\u00e9curis\u00e9e, gr\u00e2ce \u00e0 un processus de commande simple pour FUB-PB 22 \u00e0 vendre. Explorez les possibilit\u00e9s et achetez FUB-PB 22 en ligne pour vos travaux de recherche d\u00e8s aujourd'hui.","og_url":"https:\/\/nembutalboutique.com\/de\/produkt\/fub-pb-22\/","og_site_name":"Nembutal Boutique","article_modified_time":"2024-09-24T07:48:53+00:00","og_image":[{"width":600,"height":600,"url":"https:\/\/nembutalboutique.com\/wp-content\/uploads\/2024\/09\/FUB-PB-22.gif","type":"image\/gif"}],"twitter_card":"summary_large_image","twitter_misc":{"Gesch\u00e4tzte Lesezeit":"2\u00a0Minuten"},"schema":{"@context":"https:\/\/schema.org","@graph":[{"@type":"WebPage","@id":"https:\/\/nembutalboutique.com\/produit\/fub-pb-22\/","url":"https:\/\/nembutalboutique.com\/produit\/fub-pb-22\/","name":"FUB-PB 22 online kaufen - FUB-PB 22 zum Verkauf","isPartOf":{"@id":"https:\/\/nembutalboutique.com\/#website"},"primaryImageOfPage":{"@id":"https:\/\/nembutalboutique.com\/produit\/fub-pb-22\/#primaryimage"},"image":{"@id":"https:\/\/nembutalboutique.com\/produit\/fub-pb-22\/#primaryimage"},"thumbnailUrl":"https:\/\/nembutalboutique.com\/wp-content\/uploads\/2024\/09\/FUB-PB-22.gif","datePublished":"2024-09-16T08:16:06+00:00","dateModified":"2024-09-24T07:48:53+00:00","description":"M\u00f6chten Sie Ihre Suche vertiefen? Kaufen Sie FUB-PB 22 online auf bequeme und sichere Weise, dank eines einfachen Bestellvorgangs f\u00fcr FUB-PB 22 zum Verkauf. Erkunden Sie die M\u00f6glichkeiten und kaufen Sie FUB-PB 22 online f\u00fcr Ihre Forschungsarbeit noch heute.","breadcrumb":{"@id":"https:\/\/nembutalboutique.com\/produit\/fub-pb-22\/#breadcrumb"},"inLanguage":"de","potentialAction":[{"@type":"ReadAction","target":["https:\/\/nembutalboutique.com\/produit\/fub-pb-22\/"]}]},{"@type":"ImageObject","inLanguage":"de","@id":"https:\/\/nembutalboutique.com\/produit\/fub-pb-22\/#primaryimage","url":"https:\/\/nembutalboutique.com\/wp-content\/uploads\/2024\/09\/FUB-PB-22.gif","contentUrl":"https:\/\/nembutalboutique.com\/wp-content\/uploads\/2024\/09\/FUB-PB-22.gif","width":600,"height":600,"caption":"Acheter FUB-PB-22.gif"},{"@type":"BreadcrumbList","@id":"https:\/\/nembutalboutique.com\/produit\/fub-pb-22\/#breadcrumb","itemListElement":[{"@type":"ListItem","position":1,"name":"Home","item":"https:\/\/nembutalboutique.com\/"},{"@type":"ListItem","position":2,"name":"Boutique","item":"https:\/\/nembutalboutique.com\/shop\/"},{"@type":"ListItem","position":3,"name":"FUB-PB 22"}]},{"@type":"WebSite","@id":"https:\/\/nembutalboutique.com\/#website","url":"https:\/\/nembutalboutique.com\/","name":"Nembutal Boutique","description":"Mein WordPress-Blog","publisher":{"@id":"https:\/\/nembutalboutique.com\/#organization"},"potentialAction":[{"@type":"SearchAction","target":{"@type":"EntryPoint","urlTemplate":"https:\/\/nembutalboutique.com\/?s={search_term_string}"},"query-input":{"@type":"PropertyValueSpecification","valueRequired":true,"valueName":"search_term_string"}}],"inLanguage":"de"},{"@type":"Organization","@id":"https:\/\/nembutalboutique.com\/#organization","name":"Nembutal Boutique","url":"https:\/\/nembutalboutique.com\/","logo":{"@type":"ImageObject","inLanguage":"de","@id":"https:\/\/nembutalboutique.com\/#\/schema\/logo\/image\/","url":"https:\/\/nembutalboutique.com\/wp-content\/uploads\/2024\/01\/logo.png","contentUrl":"https:\/\/nembutalboutique.com\/wp-content\/uploads\/2024\/01\/logo.png","width":494,"height":121,"caption":"Nembutal Boutique"},"image":{"@id":"https:\/\/nembutalboutique.com\/#\/schema\/logo\/image\/"}}]}},"_links":{"self":[{"href":"https:\/\/nembutalboutique.com\/de\/wp-json\/wp\/v2\/product\/3229"}],"collection":[{"href":"https:\/\/nembutalboutique.com\/de\/wp-json\/wp\/v2\/product"}],"about":[{"href":"https:\/\/nembutalboutique.com\/de\/wp-json\/wp\/v2\/types\/product"}],"replies":[{"embeddable":true,"href":"https:\/\/nembutalboutique.com\/de\/wp-json\/wp\/v2\/comments?post=3229"}],"wp:featuredmedia":[{"embeddable":true,"href":"https:\/\/nembutalboutique.com\/de\/wp-json\/wp\/v2\/media\/3247"}],"wp:attachment":[{"href":"https:\/\/nembutalboutique.com\/de\/wp-json\/wp\/v2\/media?parent=3229"}],"wp:term":[{"taxonomy":"product_brand","embeddable":true,"href":"https:\/\/nembutalboutique.com\/de\/wp-json\/wp\/v2\/product_brand?post=3229"},{"taxonomy":"product_cat","embeddable":true,"href":"https:\/\/nembutalboutique.com\/de\/wp-json\/wp\/v2\/product_cat?post=3229"},{"taxonomy":"product_tag","embeddable":true,"href":"https:\/\/nembutalboutique.com\/de\/wp-json\/wp\/v2\/product_tag?post=3229"}],"curies":[{"name":"wp","href":"https:\/\/api.w.org\/{rel}","templated":true}]}}