{"id":3225,"date":"2024-09-16T08:16:06","date_gmt":"2024-09-16T08:16:06","guid":{"rendered":"https:\/\/nembutalboutique.com\/?post_type=product&#038;p=3225"},"modified":"2024-09-20T08:25:27","modified_gmt":"2024-09-20T08:25:27","slug":"ab-fubinaca","status":"publish","type":"product","link":"https:\/\/nembutalboutique.com\/de\/produkt\/ab-fubinaca\/","title":{"rendered":"AB-FUBINACA"},"content":{"rendered":"<h2><strong>Kaufen Sie AB-FUBINACA online.<\/strong><\/h2>\n<p>Kaufen Sie AB-FUBINACA. Mit K\u1d62-Werten von 0,9 nM f\u00fcr CB\u2081 und 23,2 nM f\u00fcr CB\u2082 und EC\u2085\u2080-Werten von 1,8 nM f\u00fcr CB\u2081 und 3,2 nM f\u00fcr CB\u2082 wirkt Buy AB-FUBINACA Online als starker Antagonist der Cannabinoid-Rezeptoren. [(1S)-1-Methylpropyl-2-(aminocarbonyl)] <a href=\"https:\/\/nembutalboutique.com\/produit\/ab-fubinaca\/\">AB-FUBINACA<\/a> (N)-[1-[(4-A-Um einen schnellen Wirkungseintritt und eine schnelle Entw\u00f6hnungsphase zu gew\u00e4hrleisten, werden Fl\u00fcssigkeiten in der Regel eingesch\u00fcchtert oder angefeuchtet. Wenn es in einem Lipid gel\u00f6st ist, wird AB-FUBINACA oral aktiv, was seine Wirkungsdauer erheblich verl\u00e4ngern kann. Es l\u00f6st sich in Lipiden und Ethanol, ist aber wie andere Cannabinoide nicht wasserl\u00f6slich.<\/p>\n<p>N-[(1S)] oder [Methylpropyl-1-(aminocarbonyl)] AB-FUBINACA2-[Methyl(4-fluorphenyl)] -1-1H-indazolWeil es einen substituierten Indazolring enth\u00e4lt, ist 3-Carboxamid ein synthetisches Material, das ein Indazol-Cannabinoid-Arzneimittel ist. Dieser Indazolring ist an eine 4-methylsubstituierte Fluorophenylgruppe an R1 von Indazol gebunden. Bei diesem Indazol handelt es sich um eine Kohlenhydrat-Ersatzgruppe an der R3-Position. Die terminale Aminos\u00e4ure dieses Carbonamids ist an eine Propylenkette gebunden, die \u00fcber eine Methylgruppe in R2 und eine Aminocarbonylgruppe in R1 substituiert ist.<\/p>\n<p>Auch wenn dies noch nicht eingehend untersucht wurde, wird aufgrund struktureller Untersuchungen angenommen, dass AB-FUBINACA in vivo viele Eigenschaften von \u03949-THC teilt und ein \u00e4hnliches Bindungsprofil wie andere Cannabinoide hat. \u00c4hnlich wie die in Cannabis gefundenen Substanzen, <a href=\"https:\/\/en.wikipedia.org\/wiki\/AB-FUBINACA\">der AB-FUBINACA<\/a> weist ein breites Spektrum an Wirkungen auf, indem es die Cannabinoid-Rezeptoren CB1 und CB2 vollst\u00e4ndig agonisiert, mit einer leichten Pr\u00e4ferenz f\u00fcr CB2. Der Zweck dieser Interaktionen sowie die Art und Weise, wie sie zu dem euphorischen Gef\u00fchl von Cannabis beitragen, sind unklar.<\/p>\n<p>AB-FUBINACA online kaufen Im Gegensatz zu Cannabis ist der langfristige Missbrauch von synthetischen Cannabinoiden mit einer hohen Sterblichkeitsrate, sch\u00e4dlichen Nebenwirkungen und einer allgemeinen Toxizit\u00e4t verbunden. Wir raten daher dringend davon ab, dieses Medikament \u00fcberm\u00e4\u00dfig oder \u00fcber einen l\u00e4ngeren Zeitraum einzunehmen. Ein Medikament, das als starker Antagonist der Cannabinoid-Rezeptoren wirkt und subjektive Wirkungen hat, die an Cannabis erinnern, ist Fluorphenyl)methyl]-1H-indazol-3-carboxamid.<\/p>\n<p>Online-Kauf von AB-FUBINACA Es wurde urspr\u00fcnglich von Pfizer im Jahr 2009 als schmerzstillendes Medikament entwickelt[1], aber die Verwendung beim Menschen wurde nie in Betracht gezogen. Sp\u00e4ter im Jahr 2012 wurde entdeckt, dass in Japan hergestellte synthetische Cannabismischungen diese Chemikalien sowie eine verwandte Verbindung, die als AB-PINACA bekannt ist, enthielten, \u00fcber die zuvor keine Informationen zur Verf\u00fcgung gestellt worden waren.<\/p>\n<p>Kaufen Sie AB-FUBINACA bei Nembutal, weil Qualit\u00e4t wichtig ist!<br \/>\nKaufen Sie AB-FUBINACA online von den besten europ\u00e4ischen Chemieunternehmen Professionell hergestellt mit mindestens 98 % + Reinheit garantiert. Wir liefern die COA jeder chemisch hergestellten Ladung im Laufe unserer Forschung!<\/p>\n<p><strong>Inhaltsstoffe von AB-FUBINACA<\/strong><\/p>\n<p>Enth\u00e4lt mindestens 98 % + AB-FUBINACA reinen pro Bestelleinheit.<\/p>\n<p><strong>Dosierung von AB-FUBINACA<\/strong><\/p>\n<p>Es gibt keine Dosierungsempfehlung, da AB-FUBINACA nur zur Verwendung in der wissenschaftlichen chemischen Forschung verkauft wird und nicht f\u00fcr den menschlichen Verzehr bestimmt ist.<\/p>\n<p><strong>Auswirkungen von AB-FUBINACA :<\/strong><\/p>\n<p>Die klinischen Wirkungen der meisten neuen synthetischen Drogen wie AB-FUBINACA k\u00f6nnen als stimulierend, halluzinogen oder opioid\u00e4hnlich eingestuft werden. Au\u00dferdem haben Sie eine Kombination dieser Wirkungen mit der Substitution des sekund\u00e4ren synthetischen Wirkstoffs.<\/p>\n<p><strong>Unerw\u00fcnschte Wirkungen von AB-FUBINACA<\/strong><\/p>\n<p>Wie andere synthetische Drogen kann der Gebrauch von AB-FUBINACA starke Nebenwirkungen haben; die Substanz wurde weder klinisch getestet noch in irgendeiner Weise als Produkt f\u00fcr den Heilpraktiker zugelassen! Aus diesem Grund ist AB-FUBINACA nur f\u00fcr die wissenschaftliche Forschung und nicht f\u00fcr den menschlichen Gebrauch bestimmt!<\/p>\n<p><strong>Wie ist AB-FUBINACA aufzubewahren?<\/strong><\/p>\n<p>Lagern Sie AB-FUBINACA bei Temperaturen unter 30 Grad Celsius. Bewahren Sie AB-FUBINACA in der Originalverpackung auf und sch\u00fctzen Sie es vor direktem Sonnenlicht und Feuchtigkeit.<\/p>","protected":false},"excerpt":{"rendered":"<p>Achetez AB-FUBINACA en ligne. Achetez AB-FUBINACA. Avec des valeurs K\u1d62 de 0,9 nM pour CB\u2081 et 23,2 nM pour CB\u2082 et des valeurs EC\u2085\u2080 de 1,8 nM pour CB\u2081 et 3,2 nM pour CB\u2082, Buy AB-FUBINACA Online fonctionne comme un puissant antagoniste des r\u00e9cepteurs cannabino\u00efdes. [(1S)-1-m\u00e9thylpropyl-2-(aminocarbonyl)] AB-FUBINACA (N)-[1-[(4-Afin d&rsquo;assurer un d\u00e9marrage rapide des effets et [&hellip;]<\/p>","protected":false},"featured_media":3243,"comment_status":"open","ping_status":"closed","template":"","meta":{"_joinchat":[]},"product_brand":[],"product_cat":[386],"product_tag":[],"class_list":{"0":"post-3225","1":"product","2":"type-product","3":"status-publish","4":"has-post-thumbnail","6":"product_cat-cannabinoids","8":"first","9":"instock","10":"shipping-taxable","11":"purchasable","12":"product-type-variable"},"yoast_head":"<!-- This site is optimized with the Yoast SEO plugin v23.5 - https:\/\/yoast.com\/wordpress\/plugins\/seo\/ -->\n<title>Achetez AB-Fubinaca en ligne - AB-Fubinaca \u00e0 vendre<\/title>\n<meta name=\"description\" content=\"Si vous souhaitez acheter AB-Fubinaca en ligne, notre boutique en ligne Nembutal peut vous aider. Nous avons AB-Fubinaca en vente aux meilleurs prix ici. Passez votre commande et profitez des derni\u00e8res offres d\u00e8s aujourd&#039;hui !\" \/>\n<meta name=\"robots\" content=\"index, follow, max-snippet:-1, max-image-preview:large, max-video-preview:-1\" \/>\n<link rel=\"canonical\" href=\"https:\/\/nembutalboutique.com\/de\/produkt\/ab-fubinaca\/\" \/>\n<meta property=\"og:locale\" content=\"de_DE\" \/>\n<meta property=\"og:type\" content=\"article\" \/>\n<meta property=\"og:title\" content=\"Achetez AB-Fubinaca en ligne - AB-Fubinaca \u00e0 vendre\" \/>\n<meta property=\"og:description\" content=\"Si vous souhaitez acheter AB-Fubinaca en ligne, notre boutique en ligne Nembutal peut vous aider. Nous avons AB-Fubinaca en vente aux meilleurs prix ici. Passez votre commande et profitez des derni\u00e8res offres d\u00e8s aujourd&#039;hui !\" \/>\n<meta property=\"og:url\" content=\"https:\/\/nembutalboutique.com\/de\/produkt\/ab-fubinaca\/\" \/>\n<meta property=\"og:site_name\" content=\"Nembutal Boutique\" \/>\n<meta property=\"article:modified_time\" content=\"2024-09-20T08:25:27+00:00\" \/>\n<meta property=\"og:image\" content=\"https:\/\/nembutalboutique.com\/wp-content\/uploads\/2024\/09\/AB-FUBINACA.gif\" \/>\n\t<meta property=\"og:image:width\" content=\"600\" \/>\n\t<meta property=\"og:image:height\" content=\"600\" \/>\n\t<meta property=\"og:image:type\" content=\"image\/gif\" \/>\n<meta name=\"twitter:card\" content=\"summary_large_image\" \/>\n<meta name=\"twitter:label1\" content=\"Gesch\u00e4tzte Lesezeit\" \/>\n\t<meta name=\"twitter:data1\" content=\"3\u00a0Minuten\" \/>\n<script type=\"application\/ld+json\" class=\"yoast-schema-graph\">{\"@context\":\"https:\/\/schema.org\",\"@graph\":[{\"@type\":\"WebPage\",\"@id\":\"https:\/\/nembutalboutique.com\/produit\/ab-fubinaca\/\",\"url\":\"https:\/\/nembutalboutique.com\/produit\/ab-fubinaca\/\",\"name\":\"Achetez AB-Fubinaca en ligne - AB-Fubinaca \u00e0 vendre\",\"isPartOf\":{\"@id\":\"https:\/\/nembutalboutique.com\/#website\"},\"primaryImageOfPage\":{\"@id\":\"https:\/\/nembutalboutique.com\/produit\/ab-fubinaca\/#primaryimage\"},\"image\":{\"@id\":\"https:\/\/nembutalboutique.com\/produit\/ab-fubinaca\/#primaryimage\"},\"thumbnailUrl\":\"https:\/\/nembutalboutique.com\/wp-content\/uploads\/2024\/09\/AB-FUBINACA.gif\",\"datePublished\":\"2024-09-16T08:16:06+00:00\",\"dateModified\":\"2024-09-20T08:25:27+00:00\",\"description\":\"Si vous souhaitez acheter AB-Fubinaca en ligne, notre boutique en ligne Nembutal peut vous aider. Nous avons AB-Fubinaca en vente aux meilleurs prix ici. Passez votre commande et profitez des derni\u00e8res offres d\u00e8s aujourd'hui !\",\"breadcrumb\":{\"@id\":\"https:\/\/nembutalboutique.com\/produit\/ab-fubinaca\/#breadcrumb\"},\"inLanguage\":\"de\",\"potentialAction\":[{\"@type\":\"ReadAction\",\"target\":[\"https:\/\/nembutalboutique.com\/produit\/ab-fubinaca\/\"]}]},{\"@type\":\"ImageObject\",\"inLanguage\":\"de\",\"@id\":\"https:\/\/nembutalboutique.com\/produit\/ab-fubinaca\/#primaryimage\",\"url\":\"https:\/\/nembutalboutique.com\/wp-content\/uploads\/2024\/09\/AB-FUBINACA.gif\",\"contentUrl\":\"https:\/\/nembutalboutique.com\/wp-content\/uploads\/2024\/09\/AB-FUBINACA.gif\",\"width\":600,\"height\":600,\"caption\":\"Acheter AB-FUBINACA.gif\"},{\"@type\":\"BreadcrumbList\",\"@id\":\"https:\/\/nembutalboutique.com\/produit\/ab-fubinaca\/#breadcrumb\",\"itemListElement\":[{\"@type\":\"ListItem\",\"position\":1,\"name\":\"Home\",\"item\":\"https:\/\/nembutalboutique.com\/\"},{\"@type\":\"ListItem\",\"position\":2,\"name\":\"Boutique\",\"item\":\"https:\/\/nembutalboutique.com\/shop\/\"},{\"@type\":\"ListItem\",\"position\":3,\"name\":\"AB-FUBINACA\"}]},{\"@type\":\"WebSite\",\"@id\":\"https:\/\/nembutalboutique.com\/#website\",\"url\":\"https:\/\/nembutalboutique.com\/\",\"name\":\"Nembutal Boutique\",\"description\":\"My WordPress Blog\",\"publisher\":{\"@id\":\"https:\/\/nembutalboutique.com\/#organization\"},\"potentialAction\":[{\"@type\":\"SearchAction\",\"target\":{\"@type\":\"EntryPoint\",\"urlTemplate\":\"https:\/\/nembutalboutique.com\/?s={search_term_string}\"},\"query-input\":{\"@type\":\"PropertyValueSpecification\",\"valueRequired\":true,\"valueName\":\"search_term_string\"}}],\"inLanguage\":\"de\"},{\"@type\":\"Organization\",\"@id\":\"https:\/\/nembutalboutique.com\/#organization\",\"name\":\"Nembutal Boutique\",\"url\":\"https:\/\/nembutalboutique.com\/\",\"logo\":{\"@type\":\"ImageObject\",\"inLanguage\":\"de\",\"@id\":\"https:\/\/nembutalboutique.com\/#\/schema\/logo\/image\/\",\"url\":\"https:\/\/nembutalboutique.com\/wp-content\/uploads\/2024\/01\/logo.png\",\"contentUrl\":\"https:\/\/nembutalboutique.com\/wp-content\/uploads\/2024\/01\/logo.png\",\"width\":494,\"height\":121,\"caption\":\"Nembutal Boutique\"},\"image\":{\"@id\":\"https:\/\/nembutalboutique.com\/#\/schema\/logo\/image\/\"}}]}<\/script>\n<!-- \/ Yoast SEO plugin. -->","yoast_head_json":{"title":"AB-Fubinaca online kaufen - AB-Fubinaca zum Verkauf","description":"Wenn Sie AB-Fubinaca online kaufen m\u00f6chten, kann Ihnen unser Nembutal Online-Shop helfen. Wir haben AB-Fubinaca hier zu den besten Preisen im Angebot. Geben Sie Ihre Bestellung auf und sichern Sie sich noch heute die neuesten Angebote!","robots":{"index":"index","follow":"follow","max-snippet":"max-snippet:-1","max-image-preview":"max-image-preview:large","max-video-preview":"max-video-preview:-1"},"canonical":"https:\/\/nembutalboutique.com\/de\/produkt\/ab-fubinaca\/","og_locale":"de_DE","og_type":"article","og_title":"Achetez AB-Fubinaca en ligne - AB-Fubinaca \u00e0 vendre","og_description":"Si vous souhaitez acheter AB-Fubinaca en ligne, notre boutique en ligne Nembutal peut vous aider. Nous avons AB-Fubinaca en vente aux meilleurs prix ici. Passez votre commande et profitez des derni\u00e8res offres d\u00e8s aujourd'hui !","og_url":"https:\/\/nembutalboutique.com\/de\/produkt\/ab-fubinaca\/","og_site_name":"Nembutal Boutique","article_modified_time":"2024-09-20T08:25:27+00:00","og_image":[{"width":600,"height":600,"url":"https:\/\/nembutalboutique.com\/wp-content\/uploads\/2024\/09\/AB-FUBINACA.gif","type":"image\/gif"}],"twitter_card":"summary_large_image","twitter_misc":{"Gesch\u00e4tzte Lesezeit":"3\u00a0Minuten"},"schema":{"@context":"https:\/\/schema.org","@graph":[{"@type":"WebPage","@id":"https:\/\/nembutalboutique.com\/produit\/ab-fubinaca\/","url":"https:\/\/nembutalboutique.com\/produit\/ab-fubinaca\/","name":"AB-Fubinaca online kaufen - AB-Fubinaca zum Verkauf","isPartOf":{"@id":"https:\/\/nembutalboutique.com\/#website"},"primaryImageOfPage":{"@id":"https:\/\/nembutalboutique.com\/produit\/ab-fubinaca\/#primaryimage"},"image":{"@id":"https:\/\/nembutalboutique.com\/produit\/ab-fubinaca\/#primaryimage"},"thumbnailUrl":"https:\/\/nembutalboutique.com\/wp-content\/uploads\/2024\/09\/AB-FUBINACA.gif","datePublished":"2024-09-16T08:16:06+00:00","dateModified":"2024-09-20T08:25:27+00:00","description":"Wenn Sie AB-Fubinaca online kaufen m\u00f6chten, kann Ihnen unser Nembutal Online-Shop helfen. Wir haben AB-Fubinaca hier zu den besten Preisen im Angebot. Geben Sie Ihre Bestellung auf und sichern Sie sich noch heute die neuesten Angebote!","breadcrumb":{"@id":"https:\/\/nembutalboutique.com\/produit\/ab-fubinaca\/#breadcrumb"},"inLanguage":"de","potentialAction":[{"@type":"ReadAction","target":["https:\/\/nembutalboutique.com\/produit\/ab-fubinaca\/"]}]},{"@type":"ImageObject","inLanguage":"de","@id":"https:\/\/nembutalboutique.com\/produit\/ab-fubinaca\/#primaryimage","url":"https:\/\/nembutalboutique.com\/wp-content\/uploads\/2024\/09\/AB-FUBINACA.gif","contentUrl":"https:\/\/nembutalboutique.com\/wp-content\/uploads\/2024\/09\/AB-FUBINACA.gif","width":600,"height":600,"caption":"Acheter AB-FUBINACA.gif"},{"@type":"BreadcrumbList","@id":"https:\/\/nembutalboutique.com\/produit\/ab-fubinaca\/#breadcrumb","itemListElement":[{"@type":"ListItem","position":1,"name":"Home","item":"https:\/\/nembutalboutique.com\/"},{"@type":"ListItem","position":2,"name":"Boutique","item":"https:\/\/nembutalboutique.com\/shop\/"},{"@type":"ListItem","position":3,"name":"AB-FUBINACA"}]},{"@type":"WebSite","@id":"https:\/\/nembutalboutique.com\/#website","url":"https:\/\/nembutalboutique.com\/","name":"Nembutal Boutique","description":"Mein WordPress-Blog","publisher":{"@id":"https:\/\/nembutalboutique.com\/#organization"},"potentialAction":[{"@type":"SearchAction","target":{"@type":"EntryPoint","urlTemplate":"https:\/\/nembutalboutique.com\/?s={search_term_string}"},"query-input":{"@type":"PropertyValueSpecification","valueRequired":true,"valueName":"search_term_string"}}],"inLanguage":"de"},{"@type":"Organization","@id":"https:\/\/nembutalboutique.com\/#organization","name":"Nembutal Boutique","url":"https:\/\/nembutalboutique.com\/","logo":{"@type":"ImageObject","inLanguage":"de","@id":"https:\/\/nembutalboutique.com\/#\/schema\/logo\/image\/","url":"https:\/\/nembutalboutique.com\/wp-content\/uploads\/2024\/01\/logo.png","contentUrl":"https:\/\/nembutalboutique.com\/wp-content\/uploads\/2024\/01\/logo.png","width":494,"height":121,"caption":"Nembutal Boutique"},"image":{"@id":"https:\/\/nembutalboutique.com\/#\/schema\/logo\/image\/"}}]}},"_links":{"self":[{"href":"https:\/\/nembutalboutique.com\/de\/wp-json\/wp\/v2\/product\/3225"}],"collection":[{"href":"https:\/\/nembutalboutique.com\/de\/wp-json\/wp\/v2\/product"}],"about":[{"href":"https:\/\/nembutalboutique.com\/de\/wp-json\/wp\/v2\/types\/product"}],"replies":[{"embeddable":true,"href":"https:\/\/nembutalboutique.com\/de\/wp-json\/wp\/v2\/comments?post=3225"}],"wp:featuredmedia":[{"embeddable":true,"href":"https:\/\/nembutalboutique.com\/de\/wp-json\/wp\/v2\/media\/3243"}],"wp:attachment":[{"href":"https:\/\/nembutalboutique.com\/de\/wp-json\/wp\/v2\/media?parent=3225"}],"wp:term":[{"taxonomy":"product_brand","embeddable":true,"href":"https:\/\/nembutalboutique.com\/de\/wp-json\/wp\/v2\/product_brand?post=3225"},{"taxonomy":"product_cat","embeddable":true,"href":"https:\/\/nembutalboutique.com\/de\/wp-json\/wp\/v2\/product_cat?post=3225"},{"taxonomy":"product_tag","embeddable":true,"href":"https:\/\/nembutalboutique.com\/de\/wp-json\/wp\/v2\/product_tag?post=3225"}],"curies":[{"name":"wp","href":"https:\/\/api.w.org\/{rel}","templated":true}]}}