{"id":3181,"date":"2024-09-16T08:15:45","date_gmt":"2024-09-16T08:15:45","guid":{"rendered":"https:\/\/nembutalboutique.com\/?post_type=product&#038;p=3181"},"modified":"2024-09-20T09:26:24","modified_gmt":"2024-09-20T09:26:24","slug":"5f-adb","status":"publish","type":"product","link":"https:\/\/nembutalboutique.com\/de\/produkt\/5f-adb\/","title":{"rendered":"5F-ADB"},"content":{"rendered":"<h2>Kaufen Sie 5F-ADB online.<\/h2>\n<p>Kaufen <a href=\"https:\/\/en.wikipedia.org\/wiki\/5F-ADB\">5F-ADB<\/a> online, auch bekannt als 5F-MDMB-PINACA. Es handelt sich um ein synthetisches Cannabinoid, das von Indazol abgeleitet ist und zur Familie der Indazol-3-Carboxamine geh\u00f6rt. Diese wurden als Wirkstoffe in synthetischen Cannabisprodukten und synthetischen Drogen verwendet. Ein bemerkenswerter Anteil an synthetischen Cannabinoiden wurde aufgrund ihrer faszinierenden Rezeptorbindungseigenschaften f\u00fcr die Untergruppe der Cannabinoid-Rezeptoren erreicht. In den letzten zwei Jahren gab es in den USA trotz jahrzehntelanger strenger Marihuanaverbote eine Marihuanabewegung. Dies hat das molekulare und pharmakologische Wissen \u00fcber Cannabinoide in erstaunlicher Weise erweitert.<\/p>\n<p>Die <a href=\"https:\/\/nembutalboutique.com\/produit\/5f-adb\/\">5F-ADB<\/a>auch bekannt als 5F-MDMB-PINACA, 5-Fluor-ADB oder 5-Fluor-MDMB-PINACA, ist ein synthetisches Cannabinoid, das chemische \u00c4hnlichkeiten mit dem weithin bekannten AKB48 oder APINACA aufweist. Da AKB48 ein starker Antagonist der Cannabinoid-Rezeptoren ist, wird angenommen, dass 5F-MDMB-PINACA diese Eigenschaft besitzt. Das letzte Kohlenstoffatom der AKB48-Derivate<br \/>\nhat oft ein zus\u00e4tzliches Fluor, das an die Pentylgruppe gebunden ist. Das terminale Amid, das normalerweise in ADP-PINACA vorhanden ist, wird in 5F-MDMB-PINACA durch einen Methylester ersetzt, was zu einer restriktiveren Variante dieses Themas f\u00fchrt.<\/p>\n<p>Kaufen Sie 5F-ADB online. Die von der EU bereitgestellten Forschungsverbindungen wie 5F-MDMB-PINACA d\u00fcrfen nur in sorgf\u00e4ltig kontrollierten In-vitro-Experimenten verwendet werden, die in gut ausgestatteten Labors durchgef\u00fchrt werden. Unsere Allgemeinen Gesch\u00e4ftsbedingungen verbieten aufgrund der potenziellen Risiken ausdr\u00fccklich die Verwendung von Forschungschemikalien durch Menschen oder Tiere. Daher ist der 5F-MDMB-PINACA ein hochmodernes Ger\u00e4t, das in jeden gut ausgestatteten Arbeitsbereich passt.<\/p>\n<h3>Perspektiven<\/h3>\n<p>Kaufen Sie 5F-ADB online. Ein bemerkenswerter Anteil an synthetischen Cannabinoiden wurde aufgrund ihrer faszinierenden rezeptorbindenden Eigenschaften f\u00fcr die Untergruppe der Cannabinoid-Rezeptoren erreicht. Trotz jahrzehntelanger Beschr\u00e4nkungen gab es in den USA in den letzten zwei Jahren st\u00e4rkere Beschr\u00e4nkungen.<br \/>\nF\u00fcr Cannabis gibt es eine Marihuana-Bewegung. Dies hat das molekulare und pharmakologische Wissen \u00fcber Cannabinoide in erstaunlicher Weise erweitert. Dar\u00fcber hinaus ist 5F-MDMB-PINACA, auch 5F-ADB, 5-Fluor-ADB oder 5-Fluor-MDMB-PINACA genannt, beteiligt. kontinuierlicher Strom von Cannabis, dessen Molekularstruktur der von AKB48 oder APINACA \u00e4hnelt, die gr\u00fcndlich erforscht wurden.<\/p>\n<p>Kaufen Sie 5F-ADB online. Es wird angenommen, dass 5F-MDMB-PINACA die starken cannabinoid-rezeptorantagonistischen Eigenschaften von AKB48 teilt. In der Regel besitzt das terminale Kohlenstoffatom von AKB48-Derivaten ein zus\u00e4tzliches Fluor, das an die Pentylgruppe gebunden ist. Das terminale Amid, das normalerweise in ADP-PINACA vorhanden ist, wird in 5F-MDMB-PINACA durch einen Methylester ersetzt, was zu einer restriktiveren Variante dieses Themas f\u00fchrt. Daher ist der 5F-MDMB-PINACA ein hochmodernes Ger\u00e4t, das in jeden gut ausgestatteten Arbeitsbereich passt. Beachten Sie, dass sich dieses Thema aufgrund eines Terminals irgendwo im 5F-MDMB-PINACA leicht ver\u00e4ndert hat.<\/p>\n<h3>Kaufen Sie 5F-ADB online.<\/h3>\n<p>Von der EU bereitgestellte Forschungsverbindungen wie 5F-MDMB-PINACA d\u00fcrfen nur in sorgf\u00e4ltig \u00fcberwachten In-vitro-Experimenten verwendet werden, die in gut ausgestatteten Labors durchgef\u00fchrt werden. Unsere Allgemeinen Gesch\u00e4ftsbedingungen verbieten aufgrund der potenziellen Risiken ausdr\u00fccklich die Verwendung von Forschungschemikalien durch Menschen oder Tiere. Bitte \u00fcberpr\u00fcfen Sie die lokalen Quellen, bevor Sie eine Online-Bestellung aufgeben, um sicherzustellen, dass 5F-MDMB-PINACA in Ihrem Land legal ist.<\/p>","protected":false},"excerpt":{"rendered":"<p>Acheter 5F-ADB en ligne. Acheter 5F-ADB en ligne, \u00e9galement connu sous le nom de 5F-MDMB-PINACA. Il s&rsquo;agit d&rsquo;un cannabino\u00efde synth\u00e9tique d\u00e9riv\u00e9 de l&rsquo;indazole et membre de la famille des indazol-3-carboxamines. Ceux-ci \u00e9taient utilis\u00e9s comme ingr\u00e9dients actifs dans les produits de cannabis synth\u00e9tiques et les drogues de synth\u00e8se. Un taux notable de cannabino\u00efdes synth\u00e9tiques a \u00e9t\u00e9 [&hellip;]<\/p>","protected":false},"featured_media":3211,"comment_status":"open","ping_status":"closed","template":"","meta":{"_joinchat":[]},"product_brand":[],"product_cat":[386],"product_tag":[],"class_list":{"0":"post-3181","1":"product","2":"type-product","3":"status-publish","4":"has-post-thumbnail","6":"product_cat-cannabinoids","8":"first","9":"instock","10":"shipping-taxable","11":"purchasable","12":"product-type-variable"},"yoast_head":"<!-- This site is optimized with the Yoast SEO plugin v23.5 - https:\/\/yoast.com\/wordpress\/plugins\/seo\/ -->\n<title>Achetez 5F-ADB en ligne - 5F-ADB \u00e0 vendre<\/title>\n<meta name=\"description\" content=\"Si vous n&#039;avez pas essay\u00e9 le 5F-ADB dans notre magasin de m\u00e9dicaments, vous manquez beaucoup de choses. Nous vous aiderons \u00e0 acheter du 5F-ADB en ligne \u00e0 des prix avantageux. Obtenez du 5F-ADB en vente d\u00e8s aujourd&#039;hui !\" \/>\n<meta name=\"robots\" content=\"index, follow, max-snippet:-1, max-image-preview:large, max-video-preview:-1\" \/>\n<link rel=\"canonical\" href=\"https:\/\/nembutalboutique.com\/de\/produkt\/5f-adb\/\" \/>\n<meta property=\"og:locale\" content=\"de_DE\" \/>\n<meta property=\"og:type\" content=\"article\" \/>\n<meta property=\"og:title\" content=\"Achetez 5F-ADB en ligne - 5F-ADB \u00e0 vendre\" \/>\n<meta property=\"og:description\" content=\"Si vous n&#039;avez pas essay\u00e9 le 5F-ADB dans notre magasin de m\u00e9dicaments, vous manquez beaucoup de choses. Nous vous aiderons \u00e0 acheter du 5F-ADB en ligne \u00e0 des prix avantageux. Obtenez du 5F-ADB en vente d\u00e8s aujourd&#039;hui !\" \/>\n<meta property=\"og:url\" content=\"https:\/\/nembutalboutique.com\/de\/produkt\/5f-adb\/\" \/>\n<meta property=\"og:site_name\" content=\"Nembutal Boutique\" \/>\n<meta property=\"article:modified_time\" content=\"2024-09-20T09:26:24+00:00\" \/>\n<meta property=\"og:image\" content=\"https:\/\/nembutalboutique.com\/wp-content\/uploads\/2024\/09\/5F-ADB.gif\" \/>\n\t<meta property=\"og:image:width\" content=\"600\" \/>\n\t<meta property=\"og:image:height\" content=\"600\" \/>\n\t<meta property=\"og:image:type\" content=\"image\/gif\" \/>\n<meta name=\"twitter:card\" content=\"summary_large_image\" \/>\n<meta name=\"twitter:label1\" content=\"Gesch\u00e4tzte Lesezeit\" \/>\n\t<meta name=\"twitter:data1\" content=\"3\u00a0Minuten\" \/>\n<script type=\"application\/ld+json\" class=\"yoast-schema-graph\">{\"@context\":\"https:\/\/schema.org\",\"@graph\":[{\"@type\":\"WebPage\",\"@id\":\"https:\/\/nembutalboutique.com\/produit\/5f-adb\/\",\"url\":\"https:\/\/nembutalboutique.com\/produit\/5f-adb\/\",\"name\":\"Achetez 5F-ADB en ligne - 5F-ADB \u00e0 vendre\",\"isPartOf\":{\"@id\":\"https:\/\/nembutalboutique.com\/#website\"},\"primaryImageOfPage\":{\"@id\":\"https:\/\/nembutalboutique.com\/produit\/5f-adb\/#primaryimage\"},\"image\":{\"@id\":\"https:\/\/nembutalboutique.com\/produit\/5f-adb\/#primaryimage\"},\"thumbnailUrl\":\"https:\/\/nembutalboutique.com\/wp-content\/uploads\/2024\/09\/5F-ADB.gif\",\"datePublished\":\"2024-09-16T08:15:45+00:00\",\"dateModified\":\"2024-09-20T09:26:24+00:00\",\"description\":\"Si vous n'avez pas essay\u00e9 le 5F-ADB dans notre magasin de m\u00e9dicaments, vous manquez beaucoup de choses. Nous vous aiderons \u00e0 acheter du 5F-ADB en ligne \u00e0 des prix avantageux. Obtenez du 5F-ADB en vente d\u00e8s aujourd'hui !\",\"breadcrumb\":{\"@id\":\"https:\/\/nembutalboutique.com\/produit\/5f-adb\/#breadcrumb\"},\"inLanguage\":\"de\",\"potentialAction\":[{\"@type\":\"ReadAction\",\"target\":[\"https:\/\/nembutalboutique.com\/produit\/5f-adb\/\"]}]},{\"@type\":\"ImageObject\",\"inLanguage\":\"de\",\"@id\":\"https:\/\/nembutalboutique.com\/produit\/5f-adb\/#primaryimage\",\"url\":\"https:\/\/nembutalboutique.com\/wp-content\/uploads\/2024\/09\/5F-ADB.gif\",\"contentUrl\":\"https:\/\/nembutalboutique.com\/wp-content\/uploads\/2024\/09\/5F-ADB.gif\",\"width\":600,\"height\":600,\"caption\":\"Acheter 5F-ADB\"},{\"@type\":\"BreadcrumbList\",\"@id\":\"https:\/\/nembutalboutique.com\/produit\/5f-adb\/#breadcrumb\",\"itemListElement\":[{\"@type\":\"ListItem\",\"position\":1,\"name\":\"Home\",\"item\":\"https:\/\/nembutalboutique.com\/\"},{\"@type\":\"ListItem\",\"position\":2,\"name\":\"Boutique\",\"item\":\"https:\/\/nembutalboutique.com\/shop\/\"},{\"@type\":\"ListItem\",\"position\":3,\"name\":\"5F-ADB\"}]},{\"@type\":\"WebSite\",\"@id\":\"https:\/\/nembutalboutique.com\/#website\",\"url\":\"https:\/\/nembutalboutique.com\/\",\"name\":\"Nembutal Boutique\",\"description\":\"My WordPress Blog\",\"publisher\":{\"@id\":\"https:\/\/nembutalboutique.com\/#organization\"},\"potentialAction\":[{\"@type\":\"SearchAction\",\"target\":{\"@type\":\"EntryPoint\",\"urlTemplate\":\"https:\/\/nembutalboutique.com\/?s={search_term_string}\"},\"query-input\":{\"@type\":\"PropertyValueSpecification\",\"valueRequired\":true,\"valueName\":\"search_term_string\"}}],\"inLanguage\":\"de\"},{\"@type\":\"Organization\",\"@id\":\"https:\/\/nembutalboutique.com\/#organization\",\"name\":\"Nembutal Boutique\",\"url\":\"https:\/\/nembutalboutique.com\/\",\"logo\":{\"@type\":\"ImageObject\",\"inLanguage\":\"de\",\"@id\":\"https:\/\/nembutalboutique.com\/#\/schema\/logo\/image\/\",\"url\":\"https:\/\/nembutalboutique.com\/wp-content\/uploads\/2024\/01\/logo.png\",\"contentUrl\":\"https:\/\/nembutalboutique.com\/wp-content\/uploads\/2024\/01\/logo.png\",\"width\":494,\"height\":121,\"caption\":\"Nembutal Boutique\"},\"image\":{\"@id\":\"https:\/\/nembutalboutique.com\/#\/schema\/logo\/image\/\"}}]}<\/script>\n<!-- \/ Yoast SEO plugin. -->","yoast_head_json":{"title":"5F-ADB online kaufen - 5F-ADB zum Verkauf","description":"Wenn Sie 5F-ADB nicht in unserem Medikamenten-Shop ausprobiert haben, entgeht Ihnen eine Menge. Wir helfen Ihnen, 5F-ADB online zu g\u00fcnstigen Preisen zu kaufen. Holen Sie sich noch heute 5F-ADB zum Verkauf!","robots":{"index":"index","follow":"follow","max-snippet":"max-snippet:-1","max-image-preview":"max-image-preview:large","max-video-preview":"max-video-preview:-1"},"canonical":"https:\/\/nembutalboutique.com\/de\/produkt\/5f-adb\/","og_locale":"de_DE","og_type":"article","og_title":"Achetez 5F-ADB en ligne - 5F-ADB \u00e0 vendre","og_description":"Si vous n'avez pas essay\u00e9 le 5F-ADB dans notre magasin de m\u00e9dicaments, vous manquez beaucoup de choses. Nous vous aiderons \u00e0 acheter du 5F-ADB en ligne \u00e0 des prix avantageux. Obtenez du 5F-ADB en vente d\u00e8s aujourd'hui !","og_url":"https:\/\/nembutalboutique.com\/de\/produkt\/5f-adb\/","og_site_name":"Nembutal Boutique","article_modified_time":"2024-09-20T09:26:24+00:00","og_image":[{"width":600,"height":600,"url":"https:\/\/nembutalboutique.com\/wp-content\/uploads\/2024\/09\/5F-ADB.gif","type":"image\/gif"}],"twitter_card":"summary_large_image","twitter_misc":{"Gesch\u00e4tzte Lesezeit":"3\u00a0Minuten"},"schema":{"@context":"https:\/\/schema.org","@graph":[{"@type":"WebPage","@id":"https:\/\/nembutalboutique.com\/produit\/5f-adb\/","url":"https:\/\/nembutalboutique.com\/produit\/5f-adb\/","name":"5F-ADB online kaufen - 5F-ADB zum Verkauf","isPartOf":{"@id":"https:\/\/nembutalboutique.com\/#website"},"primaryImageOfPage":{"@id":"https:\/\/nembutalboutique.com\/produit\/5f-adb\/#primaryimage"},"image":{"@id":"https:\/\/nembutalboutique.com\/produit\/5f-adb\/#primaryimage"},"thumbnailUrl":"https:\/\/nembutalboutique.com\/wp-content\/uploads\/2024\/09\/5F-ADB.gif","datePublished":"2024-09-16T08:15:45+00:00","dateModified":"2024-09-20T09:26:24+00:00","description":"Wenn Sie 5F-ADB nicht in unserem Medikamenten-Shop ausprobiert haben, entgeht Ihnen eine Menge. Wir helfen Ihnen, 5F-ADB online zu g\u00fcnstigen Preisen zu kaufen. Holen Sie sich noch heute 5F-ADB zum Verkauf!","breadcrumb":{"@id":"https:\/\/nembutalboutique.com\/produit\/5f-adb\/#breadcrumb"},"inLanguage":"de","potentialAction":[{"@type":"ReadAction","target":["https:\/\/nembutalboutique.com\/produit\/5f-adb\/"]}]},{"@type":"ImageObject","inLanguage":"de","@id":"https:\/\/nembutalboutique.com\/produit\/5f-adb\/#primaryimage","url":"https:\/\/nembutalboutique.com\/wp-content\/uploads\/2024\/09\/5F-ADB.gif","contentUrl":"https:\/\/nembutalboutique.com\/wp-content\/uploads\/2024\/09\/5F-ADB.gif","width":600,"height":600,"caption":"Acheter 5F-ADB"},{"@type":"BreadcrumbList","@id":"https:\/\/nembutalboutique.com\/produit\/5f-adb\/#breadcrumb","itemListElement":[{"@type":"ListItem","position":1,"name":"Home","item":"https:\/\/nembutalboutique.com\/"},{"@type":"ListItem","position":2,"name":"Boutique","item":"https:\/\/nembutalboutique.com\/shop\/"},{"@type":"ListItem","position":3,"name":"5F-ADB"}]},{"@type":"WebSite","@id":"https:\/\/nembutalboutique.com\/#website","url":"https:\/\/nembutalboutique.com\/","name":"Nembutal Boutique","description":"Mein WordPress-Blog","publisher":{"@id":"https:\/\/nembutalboutique.com\/#organization"},"potentialAction":[{"@type":"SearchAction","target":{"@type":"EntryPoint","urlTemplate":"https:\/\/nembutalboutique.com\/?s={search_term_string}"},"query-input":{"@type":"PropertyValueSpecification","valueRequired":true,"valueName":"search_term_string"}}],"inLanguage":"de"},{"@type":"Organization","@id":"https:\/\/nembutalboutique.com\/#organization","name":"Nembutal Boutique","url":"https:\/\/nembutalboutique.com\/","logo":{"@type":"ImageObject","inLanguage":"de","@id":"https:\/\/nembutalboutique.com\/#\/schema\/logo\/image\/","url":"https:\/\/nembutalboutique.com\/wp-content\/uploads\/2024\/01\/logo.png","contentUrl":"https:\/\/nembutalboutique.com\/wp-content\/uploads\/2024\/01\/logo.png","width":494,"height":121,"caption":"Nembutal Boutique"},"image":{"@id":"https:\/\/nembutalboutique.com\/#\/schema\/logo\/image\/"}}]}},"_links":{"self":[{"href":"https:\/\/nembutalboutique.com\/de\/wp-json\/wp\/v2\/product\/3181"}],"collection":[{"href":"https:\/\/nembutalboutique.com\/de\/wp-json\/wp\/v2\/product"}],"about":[{"href":"https:\/\/nembutalboutique.com\/de\/wp-json\/wp\/v2\/types\/product"}],"replies":[{"embeddable":true,"href":"https:\/\/nembutalboutique.com\/de\/wp-json\/wp\/v2\/comments?post=3181"}],"wp:featuredmedia":[{"embeddable":true,"href":"https:\/\/nembutalboutique.com\/de\/wp-json\/wp\/v2\/media\/3211"}],"wp:attachment":[{"href":"https:\/\/nembutalboutique.com\/de\/wp-json\/wp\/v2\/media?parent=3181"}],"wp:term":[{"taxonomy":"product_brand","embeddable":true,"href":"https:\/\/nembutalboutique.com\/de\/wp-json\/wp\/v2\/product_brand?post=3181"},{"taxonomy":"product_cat","embeddable":true,"href":"https:\/\/nembutalboutique.com\/de\/wp-json\/wp\/v2\/product_cat?post=3181"},{"taxonomy":"product_tag","embeddable":true,"href":"https:\/\/nembutalboutique.com\/de\/wp-json\/wp\/v2\/product_tag?post=3181"}],"curies":[{"name":"wp","href":"https:\/\/api.w.org\/{rel}","templated":true}]}}