{"id":3176,"date":"2024-09-16T08:15:44","date_gmt":"2024-09-16T08:15:44","guid":{"rendered":"https:\/\/nembutalboutique.com\/?post_type=product&#038;p=3176"},"modified":"2024-09-20T09:25:48","modified_gmt":"2024-09-20T09:25:48","slug":"u-48800","status":"publish","type":"product","link":"https:\/\/nembutalboutique.com\/de\/produkt\/u-48800\/","title":{"rendered":"U-48800"},"content":{"rendered":"<h2>Kaufen Sie Hydrochlorid (CAS 2749298-67-5) U-48800 online.<\/h2>\n<p><a href=\"https:\/\/nembutalboutique.com\/produit\/u-48800\/\">Kaufen, U-48800<\/a> Die analytische Referenzsubstanz, Buy U-48800 (Hydrochlorid), hat eine Struktur, die den bekannten Opioiden \u00e4hnelt. Anwendungen in der Forschung und Forensik sind die Zielm\u00e4rkte f\u00fcr dieses Ger\u00e4t.<\/p>\n<p>Dieses Produkt erf\u00fcllt die Herstellungs- und Testanforderungen der ISO\/IEC 17025 und des ISO Guide 34 und ist somit ein qualifiziertes Referenzmaterial (RM). Diese Materialien werden mithilfe zugelassener Analysetechniken unter Verwendung zertifizierter Ger\u00e4te analysiert, um die Reproduzierbarkeit der Messungen zu gew\u00e4hrleisten.<\/p>\n<h3>Lieferant U-48800<\/h3>\n<p>Hier k\u00f6nnen alle MR, die gefunden werden k\u00f6nnen, mithilfe der Ladungsnummer auf dem Produktetikett wiederhergestellt und ihre CofAs \u00fcberpr\u00fcft werden. F\u00fcr eine offizielle Kopie der CofA wenden Sie sich bitte an unseren technischen Support.<\/p>\n<h3>Warnung: Vermeiden Sie die Anwendung dieses Produkts bei Menschen oder Tieren.<\/h3>\n<p>Anbieter U-48800 : <a href=\"https:\/\/en.wikipedia.org\/wiki\/U-48800\">U-48800<\/a> ist ein extrem starker Opioid-Agonist, der zu Opioid-\u00dcberdosierungen und Nebenwirkungen f\u00fchrt. Es ist strukturell nicht mit Fentanyl verwandt. Neue synthetische Opioide (NSO), die im Dark Web \u00fcber traditionelle Kan\u00e4le illegal hergestellt und verkauft werden, sind synthetische Opioide ohne bekannten medizinischen Nutzen, die geschaffen wurden, um Drogenkontrollgesetzen wie U-48800 zu entgehen. Die Verwendung dieser zertifizierten Spiking\u00ae -L\u00f6sung eignet sich f\u00fcr den Einsatz in der klinischen Toxikologie, f\u00fcr forensische Analysen mittels LC-MS\/MS oder GC\/MS und f\u00fcr Drogenscreenings im Urin.<\/p>\n<h3>Besorgen Sie sich hier Fentanyl (U-47700, U-48800).<\/h3>\n<p>Dieses Cerilliant-Produkt ist Teil der Opioid-CRM-Kits der Centers for Disease Control and Prevention (CDC), die \u00fcber 40 CRMs zur Verwendung im Labor als Reaktion auf die Opioidkrise enthalten. Der Zugang zu den Kits ist f\u00fcr Drogentestzentren in den USA kostenlos.<\/p>","protected":false},"excerpt":{"rendered":"<p>Acheter du chlorhydrate (CAS 2749298-67-5) U-48800 en ligne. Acheter, U-48800 La substance de r\u00e9f\u00e9rence analytique, Buy U-48800 (chlorhydrate), a une structure ressemblant \u00e0 celle des opio\u00efdes bien connus. Les applications dans la recherche et la criminalistique sont les march\u00e9s cibles de cet appareil. Ce produit satisfait aux exigences de fabrication et de test de la [&hellip;]<\/p>","protected":false},"featured_media":3206,"comment_status":"open","ping_status":"closed","template":"","meta":{"_joinchat":[]},"product_brand":[],"product_cat":[529],"product_tag":[],"class_list":{"0":"post-3176","1":"product","2":"type-product","3":"status-publish","4":"has-post-thumbnail","6":"product_cat-opioids","8":"first","9":"instock","10":"shipping-taxable","11":"purchasable","12":"product-type-variable"},"yoast_head":"<!-- This site is optimized with the Yoast SEO plugin v23.5 - https:\/\/yoast.com\/wordpress\/plugins\/seo\/ -->\n<title>Achetez U-48800 en ligne - Poudre U-48800 \u00e0 vendre<\/title>\n<meta name=\"description\" content=\"Voici l&#039;occasion de vous procurer de la poudre U-48800 \u00e0 bas prix. La boutique en ligne Nembutal Boutique vend de la poudre U-48800 dans le monde entier. Commandez bient\u00f4t pour acheter de la poudre U-48800 en ligne !\" \/>\n<meta name=\"robots\" content=\"index, follow, max-snippet:-1, max-image-preview:large, max-video-preview:-1\" \/>\n<link rel=\"canonical\" href=\"https:\/\/nembutalboutique.com\/de\/produkt\/u-48800\/\" \/>\n<meta property=\"og:locale\" content=\"de_DE\" \/>\n<meta property=\"og:type\" content=\"article\" \/>\n<meta property=\"og:title\" content=\"Achetez U-48800 en ligne - Poudre U-48800 \u00e0 vendre\" \/>\n<meta property=\"og:description\" content=\"Voici l&#039;occasion de vous procurer de la poudre U-48800 \u00e0 bas prix. La boutique en ligne Nembutal Boutique vend de la poudre U-48800 dans le monde entier. Commandez bient\u00f4t pour acheter de la poudre U-48800 en ligne !\" \/>\n<meta property=\"og:url\" content=\"https:\/\/nembutalboutique.com\/de\/produkt\/u-48800\/\" \/>\n<meta property=\"og:site_name\" content=\"Nembutal Boutique\" \/>\n<meta property=\"article:modified_time\" content=\"2024-09-20T09:25:48+00:00\" \/>\n<meta property=\"og:image\" content=\"https:\/\/nembutalboutique.com\/wp-content\/uploads\/2024\/09\/U-48800.gif\" \/>\n\t<meta property=\"og:image:width\" content=\"600\" \/>\n\t<meta property=\"og:image:height\" content=\"600\" \/>\n\t<meta property=\"og:image:type\" content=\"image\/gif\" \/>\n<meta name=\"twitter:card\" content=\"summary_large_image\" \/>\n<meta name=\"twitter:label1\" content=\"Gesch\u00e4tzte Lesezeit\" \/>\n\t<meta name=\"twitter:data1\" content=\"2\u00a0Minuten\" \/>\n<script type=\"application\/ld+json\" class=\"yoast-schema-graph\">{\"@context\":\"https:\/\/schema.org\",\"@graph\":[{\"@type\":\"WebPage\",\"@id\":\"https:\/\/nembutalboutique.com\/produit\/u-48800\/\",\"url\":\"https:\/\/nembutalboutique.com\/produit\/u-48800\/\",\"name\":\"Achetez U-48800 en ligne - Poudre U-48800 \u00e0 vendre\",\"isPartOf\":{\"@id\":\"https:\/\/nembutalboutique.com\/#website\"},\"primaryImageOfPage\":{\"@id\":\"https:\/\/nembutalboutique.com\/produit\/u-48800\/#primaryimage\"},\"image\":{\"@id\":\"https:\/\/nembutalboutique.com\/produit\/u-48800\/#primaryimage\"},\"thumbnailUrl\":\"https:\/\/nembutalboutique.com\/wp-content\/uploads\/2024\/09\/U-48800.gif\",\"datePublished\":\"2024-09-16T08:15:44+00:00\",\"dateModified\":\"2024-09-20T09:25:48+00:00\",\"description\":\"Voici l'occasion de vous procurer de la poudre U-48800 \u00e0 bas prix. La boutique en ligne Nembutal Boutique vend de la poudre U-48800 dans le monde entier. Commandez bient\u00f4t pour acheter de la poudre U-48800 en ligne !\",\"breadcrumb\":{\"@id\":\"https:\/\/nembutalboutique.com\/produit\/u-48800\/#breadcrumb\"},\"inLanguage\":\"de\",\"potentialAction\":[{\"@type\":\"ReadAction\",\"target\":[\"https:\/\/nembutalboutique.com\/produit\/u-48800\/\"]}]},{\"@type\":\"ImageObject\",\"inLanguage\":\"de\",\"@id\":\"https:\/\/nembutalboutique.com\/produit\/u-48800\/#primaryimage\",\"url\":\"https:\/\/nembutalboutique.com\/wp-content\/uploads\/2024\/09\/U-48800.gif\",\"contentUrl\":\"https:\/\/nembutalboutique.com\/wp-content\/uploads\/2024\/09\/U-48800.gif\",\"width\":600,\"height\":600,\"caption\":\"Acheter U-48800.gif\"},{\"@type\":\"BreadcrumbList\",\"@id\":\"https:\/\/nembutalboutique.com\/produit\/u-48800\/#breadcrumb\",\"itemListElement\":[{\"@type\":\"ListItem\",\"position\":1,\"name\":\"Home\",\"item\":\"https:\/\/nembutalboutique.com\/\"},{\"@type\":\"ListItem\",\"position\":2,\"name\":\"Boutique\",\"item\":\"https:\/\/nembutalboutique.com\/shop\/\"},{\"@type\":\"ListItem\",\"position\":3,\"name\":\"U-48800\"}]},{\"@type\":\"WebSite\",\"@id\":\"https:\/\/nembutalboutique.com\/#website\",\"url\":\"https:\/\/nembutalboutique.com\/\",\"name\":\"Nembutal Boutique\",\"description\":\"My WordPress Blog\",\"publisher\":{\"@id\":\"https:\/\/nembutalboutique.com\/#organization\"},\"potentialAction\":[{\"@type\":\"SearchAction\",\"target\":{\"@type\":\"EntryPoint\",\"urlTemplate\":\"https:\/\/nembutalboutique.com\/?s={search_term_string}\"},\"query-input\":{\"@type\":\"PropertyValueSpecification\",\"valueRequired\":true,\"valueName\":\"search_term_string\"}}],\"inLanguage\":\"de\"},{\"@type\":\"Organization\",\"@id\":\"https:\/\/nembutalboutique.com\/#organization\",\"name\":\"Nembutal Boutique\",\"url\":\"https:\/\/nembutalboutique.com\/\",\"logo\":{\"@type\":\"ImageObject\",\"inLanguage\":\"de\",\"@id\":\"https:\/\/nembutalboutique.com\/#\/schema\/logo\/image\/\",\"url\":\"https:\/\/nembutalboutique.com\/wp-content\/uploads\/2024\/01\/logo.png\",\"contentUrl\":\"https:\/\/nembutalboutique.com\/wp-content\/uploads\/2024\/01\/logo.png\",\"width\":494,\"height\":121,\"caption\":\"Nembutal Boutique\"},\"image\":{\"@id\":\"https:\/\/nembutalboutique.com\/#\/schema\/logo\/image\/\"}}]}<\/script>\n<!-- \/ Yoast SEO plugin. -->","yoast_head_json":{"title":"U-48800 online kaufen - U-48800 Pulver zum Verkauf","description":"Hier ist die Gelegenheit, U-48800-Pulver zu niedrigen Preisen zu erwerben. Der Online-Shop Nembutal Boutique verkauft U-48800-Pulver in die ganze Welt. Bestellen Sie bald, um U-48800-Pulver online zu kaufen!","robots":{"index":"index","follow":"follow","max-snippet":"max-snippet:-1","max-image-preview":"max-image-preview:large","max-video-preview":"max-video-preview:-1"},"canonical":"https:\/\/nembutalboutique.com\/de\/produkt\/u-48800\/","og_locale":"de_DE","og_type":"article","og_title":"Achetez U-48800 en ligne - Poudre U-48800 \u00e0 vendre","og_description":"Voici l'occasion de vous procurer de la poudre U-48800 \u00e0 bas prix. La boutique en ligne Nembutal Boutique vend de la poudre U-48800 dans le monde entier. Commandez bient\u00f4t pour acheter de la poudre U-48800 en ligne !","og_url":"https:\/\/nembutalboutique.com\/de\/produkt\/u-48800\/","og_site_name":"Nembutal Boutique","article_modified_time":"2024-09-20T09:25:48+00:00","og_image":[{"width":600,"height":600,"url":"https:\/\/nembutalboutique.com\/wp-content\/uploads\/2024\/09\/U-48800.gif","type":"image\/gif"}],"twitter_card":"summary_large_image","twitter_misc":{"Gesch\u00e4tzte Lesezeit":"2\u00a0Minuten"},"schema":{"@context":"https:\/\/schema.org","@graph":[{"@type":"WebPage","@id":"https:\/\/nembutalboutique.com\/produit\/u-48800\/","url":"https:\/\/nembutalboutique.com\/produit\/u-48800\/","name":"U-48800 online kaufen - U-48800 Pulver zum Verkauf","isPartOf":{"@id":"https:\/\/nembutalboutique.com\/#website"},"primaryImageOfPage":{"@id":"https:\/\/nembutalboutique.com\/produit\/u-48800\/#primaryimage"},"image":{"@id":"https:\/\/nembutalboutique.com\/produit\/u-48800\/#primaryimage"},"thumbnailUrl":"https:\/\/nembutalboutique.com\/wp-content\/uploads\/2024\/09\/U-48800.gif","datePublished":"2024-09-16T08:15:44+00:00","dateModified":"2024-09-20T09:25:48+00:00","description":"Hier ist die Gelegenheit, U-48800-Pulver zu niedrigen Preisen zu erwerben. Der Online-Shop Nembutal Boutique verkauft U-48800-Pulver in die ganze Welt. Bestellen Sie bald, um U-48800-Pulver online zu kaufen!","breadcrumb":{"@id":"https:\/\/nembutalboutique.com\/produit\/u-48800\/#breadcrumb"},"inLanguage":"de","potentialAction":[{"@type":"ReadAction","target":["https:\/\/nembutalboutique.com\/produit\/u-48800\/"]}]},{"@type":"ImageObject","inLanguage":"de","@id":"https:\/\/nembutalboutique.com\/produit\/u-48800\/#primaryimage","url":"https:\/\/nembutalboutique.com\/wp-content\/uploads\/2024\/09\/U-48800.gif","contentUrl":"https:\/\/nembutalboutique.com\/wp-content\/uploads\/2024\/09\/U-48800.gif","width":600,"height":600,"caption":"Acheter U-48800.gif"},{"@type":"BreadcrumbList","@id":"https:\/\/nembutalboutique.com\/produit\/u-48800\/#breadcrumb","itemListElement":[{"@type":"ListItem","position":1,"name":"Home","item":"https:\/\/nembutalboutique.com\/"},{"@type":"ListItem","position":2,"name":"Boutique","item":"https:\/\/nembutalboutique.com\/shop\/"},{"@type":"ListItem","position":3,"name":"U-48800"}]},{"@type":"WebSite","@id":"https:\/\/nembutalboutique.com\/#website","url":"https:\/\/nembutalboutique.com\/","name":"Nembutal Boutique","description":"Mein WordPress-Blog","publisher":{"@id":"https:\/\/nembutalboutique.com\/#organization"},"potentialAction":[{"@type":"SearchAction","target":{"@type":"EntryPoint","urlTemplate":"https:\/\/nembutalboutique.com\/?s={search_term_string}"},"query-input":{"@type":"PropertyValueSpecification","valueRequired":true,"valueName":"search_term_string"}}],"inLanguage":"de"},{"@type":"Organization","@id":"https:\/\/nembutalboutique.com\/#organization","name":"Nembutal Boutique","url":"https:\/\/nembutalboutique.com\/","logo":{"@type":"ImageObject","inLanguage":"de","@id":"https:\/\/nembutalboutique.com\/#\/schema\/logo\/image\/","url":"https:\/\/nembutalboutique.com\/wp-content\/uploads\/2024\/01\/logo.png","contentUrl":"https:\/\/nembutalboutique.com\/wp-content\/uploads\/2024\/01\/logo.png","width":494,"height":121,"caption":"Nembutal Boutique"},"image":{"@id":"https:\/\/nembutalboutique.com\/#\/schema\/logo\/image\/"}}]}},"_links":{"self":[{"href":"https:\/\/nembutalboutique.com\/de\/wp-json\/wp\/v2\/product\/3176"}],"collection":[{"href":"https:\/\/nembutalboutique.com\/de\/wp-json\/wp\/v2\/product"}],"about":[{"href":"https:\/\/nembutalboutique.com\/de\/wp-json\/wp\/v2\/types\/product"}],"replies":[{"embeddable":true,"href":"https:\/\/nembutalboutique.com\/de\/wp-json\/wp\/v2\/comments?post=3176"}],"wp:featuredmedia":[{"embeddable":true,"href":"https:\/\/nembutalboutique.com\/de\/wp-json\/wp\/v2\/media\/3206"}],"wp:attachment":[{"href":"https:\/\/nembutalboutique.com\/de\/wp-json\/wp\/v2\/media?parent=3176"}],"wp:term":[{"taxonomy":"product_brand","embeddable":true,"href":"https:\/\/nembutalboutique.com\/de\/wp-json\/wp\/v2\/product_brand?post=3176"},{"taxonomy":"product_cat","embeddable":true,"href":"https:\/\/nembutalboutique.com\/de\/wp-json\/wp\/v2\/product_cat?post=3176"},{"taxonomy":"product_tag","embeddable":true,"href":"https:\/\/nembutalboutique.com\/de\/wp-json\/wp\/v2\/product_tag?post=3176"}],"curies":[{"name":"wp","href":"https:\/\/api.w.org\/{rel}","templated":true}]}}