{"id":3120,"date":"2024-09-16T08:15:14","date_gmt":"2024-09-16T08:15:14","guid":{"rendered":"https:\/\/nembutalboutique.com\/?post_type=product&#038;p=3120"},"modified":"2024-09-20T07:45:57","modified_gmt":"2024-09-20T07:45:57","slug":"25b-nbome","status":"publish","type":"product","link":"https:\/\/nembutalboutique.com\/de\/produkt\/25b-nbome\/","title":{"rendered":"25B-NBOMe"},"content":{"rendered":"<h2>Um 25B-NBOMe online zu kaufen<\/h2>\n<p>Klicken Sie auf diesen Link und folgen Sie den Schritten. Die Quelle f\u00fcr den Online-Kauf von 25B-NBOMe ist das psychedelische Phenethylamin 2C-B, das 2004 von Ralf Heim an der Freien Universit\u00e4t Berlin entdeckt wurde. Zum Kauf von <a href=\"https:\/\/nembutalboutique.com\/produit\/acheter-25b-nbome\/\">25B-NBOMe<\/a> online zu nutzen, folgen Sie diesen Schritten.<\/p>\n<p>Cimbi-36, auch bekannt als 2C-B-NBOMe oder 25B-NBOMe, ist eine neu synthetisierte psychedelische Droge, die zur chemischen Klasse der Phenethylamine geh\u00f6rt. Wenn es verwendet wird, hat es eine Vielzahl von desorientierenden und visuell \u00fcberw\u00e4ltigenden psychedelischen Effekten.<\/p>\n<p>25b Nbome f\u00fcr Online-Eink\u00e4ufe :<\/p>\n<p>2C-B, ein durch Phenethylamin induziertes Psychedelikum, ist der Ursprung der Abk\u00fcrzung 25B-NBOMe, die f\u00fcr 2C-B-NBOMe steht.<\/p>\n<p>Es hat starke partiell agonistische Effekte auf den 5-HT2A-Rezeptor.<\/p>\n<p>Da es f\u00fcr die menschliche Gesundheit ungef\u00e4hrlich ist, betr\u00e4gt die Dosierung nur ein Mikrogramm.<\/p>\n<p>Anekdotische Anwenderberichte legen nahe, dass 25B-NBOMe zuverl\u00e4ssig ist. Mit einer aktiven Dosis von nur 250-500 mcg ist Bromo-DragonFLY vergleichbar mit anderen Phenethylamin-haltigen Halluzinogenen.<\/p>\n<p>Geschichte der menschlichen Nutzung, bevor sie online zum Verkauf angeboten wurde.<\/p>\n<p>Viele Studien betonen auch seine unvorhersehbaren Auswirkungen und sein unglaublich empfindliches Dosis-Empfindlichkeits-Verh\u00e4ltnis.<\/p>\n<p>Wenn Sie sich also dazu entschlie\u00dfen, diese wenig bekannte und potenziell t\u00f6dliche psychedelische Chemikalie zu konsumieren, wird Ihnen dringend geraten, mit Vorsicht vorzugehen und die Richtlinien zur Risikominimierung zu befolgen.<\/p>\n<p>Auch bekannt als Cimbi-36 und 2c-b-nbome, ist 25b-nbome eine neue synthetische psychedelische Substanz, die aus der chemischen Klasse der Phenethylamine stammt und bei Verabreichung eine Vielzahl von visuell dominanten und stimulierenden psychedelischen Effekten hervorruft.<\/p>\n<p>Der Begriff 25b-nbome, der eine Abk\u00fcrzung f\u00fcr 2c-b-nbome ist, ist ein Derivat des psychedelischen Phenethylamins 2c-b. 2004 wurde Ralph Heim. an der Freien Universit\u00e4t Berlin entdeckt. Es wirkt als starker partieller Agonist des 5-HT2a-Rezeptors. Es wurde zur Messung der menschlichen Sicherheit in klinischen Studien in einer Dosis von einem einzigen Mikrogramm verwendet. Es wurde festgestellt, dass diese Dosis nur 1\/300 der Dosis entspricht, bei der menschliche Halluzinogene wirken, und dass die f\u00fcr den Menschen als sicher geltende Dosis vom Freizeitnutzer bei weitem \u00fcberschritten w\u00fcrde.<\/p>\n<p>Anekdotische Nutzerberichte legen nahe, dass der <a href=\"https:\/\/en.wikipedia.org\/wiki\/25B-NBOMe\">25b-Nbome<\/a> ist ein Hormon, das bereits in einer Dosis von 250 bis 500 mcg aktiv ist und damit genauso stark wirkt wie andere aus Phenethylamin gewonnene Hormone wie Bromlibella. Es ist zu beachten, dass die Verbindungen der Nbome-Klasse nicht oral wirksam sind und stattdessen sublingual eingenommen werden m\u00fcssen, wodurch die Substanz allm\u00e4hlich in den Mund aufgenommen wird und innerhalb von 15 bis 30 Minuten absorbiert wird.<\/p>\n<p>Diese Substanz wurde bis 2010, als sie online als synthetische Droge verkauft wurde, nicht von Menschen verwendet. Es ist sehr wenig \u00fcber die pharmakologischen Eigenschaften, den Medikamentenaustausch und die Toxizit\u00e4t von 25b-Nbome beim Menschen bekannt. Viele Mitglieder des 25x-Nbome-Ausbruchs wurden ins Krankenhaus eingeliefert und Todesf\u00e4lle wurden mit dem Ausbruch in Verbindung gebracht. In Verbindung mit der sehr empfindlichen Dosierung und den unvorhersehbaren Nebenwirkungen deuten viele Berichte auch darauf hin, dass es sehr schwierig sein kann, diese Substanz sicher zu verwenden. Wenn man sich also f\u00fcr die Einnahme dieser missverstandenen und potenziell t\u00f6dlichen psychedelischen Substanz entscheidet, wird dringend empfohlen, sie mit einem angemessenen Ma\u00df an Vorsicht und Techniken zur Risikominderung anzugehen.<br \/>\nChemie<\/p>\n<p>25b-nbome, auch bekannt als 2c-b-nbome, ist ein serotoninabgeleitetes n-Benzylderivat der bekannten psychedelischen substituierten Phenethylamine 2c-b. 25b-nbom ist ein substituiertes Phenethylamin, das ein an das Kohlenstoffatom r4 gebundenes Bromatom und zwei an die Kohlenstoffe r2 und r5 gebundene Methoxygruppen ch3o besitzt. Seine Struktur unterscheidet sich von der des 2c-b durch die Substitution einer 2-Methylbenzylgruppe (Bome) an einer der Aminos\u00e4uren (nh2). Diese 2-Methoxybenzyl-Substitution teilt 25b-nbome mit anderen Mitgliedern der nbome-Chemikalienfamilie. Diese nbome-Addition umfasst einen ch3o-Methoxyether, Kaufen 25B-NBOMe, der an einen r2-Benzolring gebunden ist.<\/p>\n<h3>pharmazeutische Produkte<\/h3>\n<p>Wirksam am 5-HT2A-Rezeptor, wirkt 25b-nbome als starker partieller Agonist. Die Rolle dieser Interaktionen und wie sie zur psychedelischen Erfahrung beitragen, ist jedoch noch unklar.<\/p>","protected":false},"excerpt":{"rendered":"<p>Pour acheter du 25B-NBOMe en ligne Cliquez sur ce lien et suivez les \u00e9tapes. La source de l&rsquo;achat en ligne de 25B-NBOMe est la ph\u00e9n\u00e9thylamine psych\u00e9d\u00e9lique 2C-B, d\u00e9couverte en 2004 par Ralf Heim \u00e0 l&rsquo;Universit\u00e9 libre de Berlin. Pour acheter du 25B-NBOMe en ligne, suivez ces \u00e9tapes. Le Cimbi-36, \u00e9galement connu sous le nom de [&hellip;]<\/p>","protected":false},"featured_media":3139,"comment_status":"open","ping_status":"closed","template":"","meta":{"_joinchat":[]},"product_brand":[],"product_cat":[385],"product_tag":[514,522,523,524,525,526,527,528],"class_list":{"0":"post-3120","1":"product","2":"type-product","3":"status-publish","4":"has-post-thumbnail","6":"product_cat-forschung-schemikalien","7":"product_tag-25b-nbome","8":"product_tag-25b-nbome-derivat","9":"product_tag-25b-nbome-gefahren","10":"product_tag-25b-nbome-todesfalle","11":"product_tag-25b-nbome-todliche-dosis","12":"product_tag-25b-nbome-vergiftung","13":"product_tag-25b-nbome-vorlaufer","14":"product_tag-ist-25b-nbome-todlich","16":"first","17":"instock","18":"shipping-taxable","19":"purchasable","20":"product-type-variable"},"yoast_head":"<!-- This site is optimized with the Yoast SEO plugin v23.5 - https:\/\/yoast.com\/wordpress\/plugins\/seo\/ -->\n<title>Achetez 25B-NBOME en ligne - 25B-NBOME \u00e0 vendre<\/title>\n<meta name=\"description\" content=\"Trouvez du 25B-NBOME premium \u00e0 vendre dans notre boutique en ligne, offrant une plate-forme s\u00e9curis\u00e9e pour acheter du 25B-NBOME en ligne en toute simplicit\u00e9, r\u00e9pondant \u00e0 vos besoins de recherche.\" \/>\n<meta name=\"robots\" content=\"index, follow, max-snippet:-1, max-image-preview:large, max-video-preview:-1\" \/>\n<link rel=\"canonical\" href=\"https:\/\/nembutalboutique.com\/de\/produkt\/25b-nbome\/\" \/>\n<meta property=\"og:locale\" content=\"de_DE\" \/>\n<meta property=\"og:type\" content=\"article\" \/>\n<meta property=\"og:title\" content=\"Achetez 25B-NBOME en ligne - 25B-NBOME \u00e0 vendre\" \/>\n<meta property=\"og:description\" content=\"Trouvez du 25B-NBOME premium \u00e0 vendre dans notre boutique en ligne, offrant une plate-forme s\u00e9curis\u00e9e pour acheter du 25B-NBOME en ligne en toute simplicit\u00e9, r\u00e9pondant \u00e0 vos besoins de recherche.\" \/>\n<meta property=\"og:url\" content=\"https:\/\/nembutalboutique.com\/de\/produkt\/25b-nbome\/\" \/>\n<meta property=\"og:site_name\" content=\"Nembutal Boutique\" \/>\n<meta property=\"article:modified_time\" content=\"2024-09-20T07:45:57+00:00\" \/>\n<meta property=\"og:image\" content=\"https:\/\/nembutalboutique.com\/wp-content\/uploads\/2024\/09\/25B-NBOMe.gif\" \/>\n\t<meta property=\"og:image:width\" content=\"600\" \/>\n\t<meta property=\"og:image:height\" content=\"600\" \/>\n\t<meta property=\"og:image:type\" content=\"image\/gif\" \/>\n<meta name=\"twitter:card\" content=\"summary_large_image\" \/>\n<meta name=\"twitter:label1\" content=\"Gesch\u00e4tzte Lesezeit\" \/>\n\t<meta name=\"twitter:data1\" content=\"4\u00a0Minuten\" \/>\n<script type=\"application\/ld+json\" class=\"yoast-schema-graph\">{\"@context\":\"https:\/\/schema.org\",\"@graph\":[{\"@type\":\"WebPage\",\"@id\":\"https:\/\/nembutalboutique.com\/produit\/25b-nbome\/\",\"url\":\"https:\/\/nembutalboutique.com\/produit\/25b-nbome\/\",\"name\":\"Achetez 25B-NBOME en ligne - 25B-NBOME \u00e0 vendre\",\"isPartOf\":{\"@id\":\"https:\/\/nembutalboutique.com\/#website\"},\"primaryImageOfPage\":{\"@id\":\"https:\/\/nembutalboutique.com\/produit\/25b-nbome\/#primaryimage\"},\"image\":{\"@id\":\"https:\/\/nembutalboutique.com\/produit\/25b-nbome\/#primaryimage\"},\"thumbnailUrl\":\"https:\/\/nembutalboutique.com\/wp-content\/uploads\/2024\/09\/25B-NBOMe.gif\",\"datePublished\":\"2024-09-16T08:15:14+00:00\",\"dateModified\":\"2024-09-20T07:45:57+00:00\",\"description\":\"Trouvez du 25B-NBOME premium \u00e0 vendre dans notre boutique en ligne, offrant une plate-forme s\u00e9curis\u00e9e pour acheter du 25B-NBOME en ligne en toute simplicit\u00e9, r\u00e9pondant \u00e0 vos besoins de recherche.\",\"breadcrumb\":{\"@id\":\"https:\/\/nembutalboutique.com\/produit\/25b-nbome\/#breadcrumb\"},\"inLanguage\":\"de\",\"potentialAction\":[{\"@type\":\"ReadAction\",\"target\":[\"https:\/\/nembutalboutique.com\/produit\/25b-nbome\/\"]}]},{\"@type\":\"ImageObject\",\"inLanguage\":\"de\",\"@id\":\"https:\/\/nembutalboutique.com\/produit\/25b-nbome\/#primaryimage\",\"url\":\"https:\/\/nembutalboutique.com\/wp-content\/uploads\/2024\/09\/25B-NBOMe.gif\",\"contentUrl\":\"https:\/\/nembutalboutique.com\/wp-content\/uploads\/2024\/09\/25B-NBOMe.gif\",\"width\":600,\"height\":600,\"caption\":\"Achetez 25B-NBOME\"},{\"@type\":\"BreadcrumbList\",\"@id\":\"https:\/\/nembutalboutique.com\/produit\/25b-nbome\/#breadcrumb\",\"itemListElement\":[{\"@type\":\"ListItem\",\"position\":1,\"name\":\"Home\",\"item\":\"https:\/\/nembutalboutique.com\/\"},{\"@type\":\"ListItem\",\"position\":2,\"name\":\"Boutique\",\"item\":\"https:\/\/nembutalboutique.com\/shop\/\"},{\"@type\":\"ListItem\",\"position\":3,\"name\":\"25B-NBOMe\"}]},{\"@type\":\"WebSite\",\"@id\":\"https:\/\/nembutalboutique.com\/#website\",\"url\":\"https:\/\/nembutalboutique.com\/\",\"name\":\"Nembutal Boutique\",\"description\":\"My WordPress Blog\",\"publisher\":{\"@id\":\"https:\/\/nembutalboutique.com\/#organization\"},\"potentialAction\":[{\"@type\":\"SearchAction\",\"target\":{\"@type\":\"EntryPoint\",\"urlTemplate\":\"https:\/\/nembutalboutique.com\/?s={search_term_string}\"},\"query-input\":{\"@type\":\"PropertyValueSpecification\",\"valueRequired\":true,\"valueName\":\"search_term_string\"}}],\"inLanguage\":\"de\"},{\"@type\":\"Organization\",\"@id\":\"https:\/\/nembutalboutique.com\/#organization\",\"name\":\"Nembutal Boutique\",\"url\":\"https:\/\/nembutalboutique.com\/\",\"logo\":{\"@type\":\"ImageObject\",\"inLanguage\":\"de\",\"@id\":\"https:\/\/nembutalboutique.com\/#\/schema\/logo\/image\/\",\"url\":\"https:\/\/nembutalboutique.com\/wp-content\/uploads\/2024\/01\/logo.png\",\"contentUrl\":\"https:\/\/nembutalboutique.com\/wp-content\/uploads\/2024\/01\/logo.png\",\"width\":494,\"height\":121,\"caption\":\"Nembutal Boutique\"},\"image\":{\"@id\":\"https:\/\/nembutalboutique.com\/#\/schema\/logo\/image\/\"}}]}<\/script>\n<!-- \/ Yoast SEO plugin. -->","yoast_head_json":{"title":"25B-NBOME online kaufen - 25B-NBOME zum Verkauf","description":"Finden Sie 25B-NBOME Premium zum Verkauf in unserem Online-Shop, der eine sichere Plattform bietet, auf der Sie 25B-NBOME einfach online kaufen k\u00f6nnen und die Ihren Suchanforderungen entspricht.","robots":{"index":"index","follow":"follow","max-snippet":"max-snippet:-1","max-image-preview":"max-image-preview:large","max-video-preview":"max-video-preview:-1"},"canonical":"https:\/\/nembutalboutique.com\/de\/produkt\/25b-nbome\/","og_locale":"de_DE","og_type":"article","og_title":"Achetez 25B-NBOME en ligne - 25B-NBOME \u00e0 vendre","og_description":"Trouvez du 25B-NBOME premium \u00e0 vendre dans notre boutique en ligne, offrant une plate-forme s\u00e9curis\u00e9e pour acheter du 25B-NBOME en ligne en toute simplicit\u00e9, r\u00e9pondant \u00e0 vos besoins de recherche.","og_url":"https:\/\/nembutalboutique.com\/de\/produkt\/25b-nbome\/","og_site_name":"Nembutal Boutique","article_modified_time":"2024-09-20T07:45:57+00:00","og_image":[{"width":600,"height":600,"url":"https:\/\/nembutalboutique.com\/wp-content\/uploads\/2024\/09\/25B-NBOMe.gif","type":"image\/gif"}],"twitter_card":"summary_large_image","twitter_misc":{"Gesch\u00e4tzte Lesezeit":"4\u00a0Minuten"},"schema":{"@context":"https:\/\/schema.org","@graph":[{"@type":"WebPage","@id":"https:\/\/nembutalboutique.com\/produit\/25b-nbome\/","url":"https:\/\/nembutalboutique.com\/produit\/25b-nbome\/","name":"25B-NBOME online kaufen - 25B-NBOME zum Verkauf","isPartOf":{"@id":"https:\/\/nembutalboutique.com\/#website"},"primaryImageOfPage":{"@id":"https:\/\/nembutalboutique.com\/produit\/25b-nbome\/#primaryimage"},"image":{"@id":"https:\/\/nembutalboutique.com\/produit\/25b-nbome\/#primaryimage"},"thumbnailUrl":"https:\/\/nembutalboutique.com\/wp-content\/uploads\/2024\/09\/25B-NBOMe.gif","datePublished":"2024-09-16T08:15:14+00:00","dateModified":"2024-09-20T07:45:57+00:00","description":"Finden Sie 25B-NBOME Premium zum Verkauf in unserem Online-Shop, der eine sichere Plattform bietet, auf der Sie 25B-NBOME einfach online kaufen k\u00f6nnen und die Ihren Suchanforderungen entspricht.","breadcrumb":{"@id":"https:\/\/nembutalboutique.com\/produit\/25b-nbome\/#breadcrumb"},"inLanguage":"de","potentialAction":[{"@type":"ReadAction","target":["https:\/\/nembutalboutique.com\/produit\/25b-nbome\/"]}]},{"@type":"ImageObject","inLanguage":"de","@id":"https:\/\/nembutalboutique.com\/produit\/25b-nbome\/#primaryimage","url":"https:\/\/nembutalboutique.com\/wp-content\/uploads\/2024\/09\/25B-NBOMe.gif","contentUrl":"https:\/\/nembutalboutique.com\/wp-content\/uploads\/2024\/09\/25B-NBOMe.gif","width":600,"height":600,"caption":"Achetez 25B-NBOME"},{"@type":"BreadcrumbList","@id":"https:\/\/nembutalboutique.com\/produit\/25b-nbome\/#breadcrumb","itemListElement":[{"@type":"ListItem","position":1,"name":"Home","item":"https:\/\/nembutalboutique.com\/"},{"@type":"ListItem","position":2,"name":"Boutique","item":"https:\/\/nembutalboutique.com\/shop\/"},{"@type":"ListItem","position":3,"name":"25B-NBOMe"}]},{"@type":"WebSite","@id":"https:\/\/nembutalboutique.com\/#website","url":"https:\/\/nembutalboutique.com\/","name":"Nembutal Boutique","description":"Mein WordPress-Blog","publisher":{"@id":"https:\/\/nembutalboutique.com\/#organization"},"potentialAction":[{"@type":"SearchAction","target":{"@type":"EntryPoint","urlTemplate":"https:\/\/nembutalboutique.com\/?s={search_term_string}"},"query-input":{"@type":"PropertyValueSpecification","valueRequired":true,"valueName":"search_term_string"}}],"inLanguage":"de"},{"@type":"Organization","@id":"https:\/\/nembutalboutique.com\/#organization","name":"Nembutal Boutique","url":"https:\/\/nembutalboutique.com\/","logo":{"@type":"ImageObject","inLanguage":"de","@id":"https:\/\/nembutalboutique.com\/#\/schema\/logo\/image\/","url":"https:\/\/nembutalboutique.com\/wp-content\/uploads\/2024\/01\/logo.png","contentUrl":"https:\/\/nembutalboutique.com\/wp-content\/uploads\/2024\/01\/logo.png","width":494,"height":121,"caption":"Nembutal Boutique"},"image":{"@id":"https:\/\/nembutalboutique.com\/#\/schema\/logo\/image\/"}}]}},"_links":{"self":[{"href":"https:\/\/nembutalboutique.com\/de\/wp-json\/wp\/v2\/product\/3120"}],"collection":[{"href":"https:\/\/nembutalboutique.com\/de\/wp-json\/wp\/v2\/product"}],"about":[{"href":"https:\/\/nembutalboutique.com\/de\/wp-json\/wp\/v2\/types\/product"}],"replies":[{"embeddable":true,"href":"https:\/\/nembutalboutique.com\/de\/wp-json\/wp\/v2\/comments?post=3120"}],"wp:featuredmedia":[{"embeddable":true,"href":"https:\/\/nembutalboutique.com\/de\/wp-json\/wp\/v2\/media\/3139"}],"wp:attachment":[{"href":"https:\/\/nembutalboutique.com\/de\/wp-json\/wp\/v2\/media?parent=3120"}],"wp:term":[{"taxonomy":"product_brand","embeddable":true,"href":"https:\/\/nembutalboutique.com\/de\/wp-json\/wp\/v2\/product_brand?post=3120"},{"taxonomy":"product_cat","embeddable":true,"href":"https:\/\/nembutalboutique.com\/de\/wp-json\/wp\/v2\/product_cat?post=3120"},{"taxonomy":"product_tag","embeddable":true,"href":"https:\/\/nembutalboutique.com\/de\/wp-json\/wp\/v2\/product_tag?post=3120"}],"curies":[{"name":"wp","href":"https:\/\/api.w.org\/{rel}","templated":true}]}}