{"id":3060,"date":"2024-09-16T08:14:38","date_gmt":"2024-09-16T08:14:38","guid":{"rendered":"https:\/\/nembutalboutique.com\/?post_type=product&#038;p=3060"},"modified":"2024-09-20T09:48:08","modified_gmt":"2024-09-20T09:48:08","slug":"5-meo-mipt","status":"publish","type":"product","link":"https:\/\/nembutalboutique.com\/de\/produkt\/5-meo-mipt\/","title":{"rendered":"5-MeO-MiPT"},"content":{"rendered":"<h2>Kaufen Sie 5-MeO-MiPT online.<\/h2>\n<p>5-MeO-MiPT DIREKT KAUFEN<\/p>\n<p><a href=\"https:\/\/nembutalboutique.com\/produit\/5-meo-mipt\/\">5-MeO-MiPT<\/a> ACHETER, auch bekannt als 5-Methoxy-N-methyl-N-isopropyltryptamin, ist ein Tetracyclin und Halluzinogen, das zur Familie der als Tryptamine bezeichneten Substanzen geh\u00f6rt. Manchmal wird es auch als \"Moxy\" bezeichnet. Dies bezieht sich auf das bekannte halluzinogene Homolog N-Methyl-N-isopropyl von 5-MeO-DMT. Seine Struktur und Pharmakodynamik sind mit den Arzneimitteln 5-MeO-DiPT, DiPT und MiPT vergleichbar.<\/p>\n<p>Die Verwendung dieses Medikaments beim Menschen war unbekannt, bis seine Synthese und Pharmakologie 1985 von Repke, Grotjahn und Shulgin im Journal of Medicinal Chemistry ver\u00f6ffentlicht wurden. Heute wird es haupts\u00e4chlich als Forschungswerkzeug in der Grauzone von Online-H\u00e4ndlern gekauft und als Freizeitdroge und Entheogen verwendet. Es wird nur selten auf der Stra\u00dfe verkauft.<\/p>\n<p>Der Prozess, der etwas hervorbringt. Obwohl es auch andere Mechanismen gibt, wie z. B. die Verringerung der MAO, wird angenommen, dass die Hauptursache f\u00fcr die halluzinogenen und entaktogenen Wirkungen von <a href=\"https:\/\/en.wikipedia.org\/wiki\/5-MeO-MiPT\">5-MeO-MiPT<\/a> ist der Agonismus des 5-HT2A-Rezeptors.<\/p>\n<p>Ich werde nun damit beginnen, die komplexe und breite Palette von Effekten, die die 5-MeO-MiPT-Erfahrung ausmachen, aufzuschl\u00fcsseln und zu diskutieren, wobei ich mich auf den zuvor bereitgestellten Index der potenziell bedeutsamen subjektiven Effekte st\u00fctze, den Sie hier finden k\u00f6nnen.<\/p>\n<p>Auswirkungen auf den K\u00f6rper :<\/p>\n<p>Die drei verschiedenen Komponenten, aus denen sich die k\u00f6rperlichen Wirkungen von 5-MeO-MIPT zusammensetzen, werden bei h\u00f6heren Dosierungen jeweils st\u00e4rker. Diese werden im Folgenden erl\u00e4utert und bestehen in der Regel aus :<br \/>\nUnerwartete taktile Erfahrungen Die k\u00f6rperliche Wirkung von 5-MeO ist durch eine angenehme Brise gekennzeichnet, die beruhigend, bes\u00e4nftigend und energetisierend wirkt. Dar\u00fcber hinaus gibt es ein kaltes, scharfes Messer, das zu verschiedenen, zusammenfallenden Zeitpunkten w\u00e4hrend des eigenen Verlaufs auftritt. Obwohl es auch andere Mechanismen wie die MAO-Hemmung geben kann, werden die entheogenen und halluzinogenen Effekte von 5-MeO-MiPT als Hauptursache f\u00fcr die antagonistische Wirkung auf den 5-HT2A-Rezeptor angesehen.<\/p>\n<p>Einige k\u00f6nnen w\u00e4hrend der gesamten Reise weiterhin eine st\u00e4ndige Pr\u00e4senz sp\u00fcren, die sie am Anfang zu sp\u00fcren beginnen und ihren H\u00f6hepunkt erreicht, wenn sie den Gipfel erreichen.<\/p>\n<p>Sowohl anregend als auch entspannend: 5-MeO-MIPT hat das Potenzial, sowohl energetisierende als auch beruhigende Auswirkungen auf das k\u00f6rperliche Energieniveau eines Trippers zu haben. Die k\u00f6rperlichen Energielevel scheinen einem unerwarteten Wellenmuster zu folgen. Es scheint haupts\u00e4chlich von der Umgebung abzuh\u00e4ngen und kann sich stimulierend auf k\u00f6rperlich anstrengende Aktivit\u00e4ten wie Tanzen oder Joggen auswirken. Umgekehrt k\u00f6nnen ruhige Umgebungen wie schwach beleuchtete R\u00e4ume mit bequemen M\u00f6beln eine beruhigende, entspannende und sogar leicht sedierende Wirkung haben.<br \/>\nNachteile: Es handelt sich um eine h\u00e4ufige Nebenwirkung, die in der Regel verschwindet, sobald es dem Patienten besser geht. Principal kann auch als angstausl\u00f6sende Unterbrechung angesehen werden. Im Gegensatz zu anderen Psychedelika wie Psilocin, LSD und 2C-E kann die Wirksamkeit dieser Droge als sehr distinkt angesehen werden. Die Droge gilt als k\u00f6rperlich weit weniger stimulierend und neigt weit weniger dazu, unangenehme k\u00f6rperliche Reaktionen hervorzurufen, wie etwa 5-MeO-DIPT.<\/p>\n<p>Kognitive Effekte : Viele Menschen empfinden die Gehirnregion 5-MeO-MIPT als umfassend, manchmal beruhigend und manchmal ziemlich verst\u00f6rend. Diese Substanz erzeugt eine bedeutende Menge der lang anhaltenden kognitiven Effekte von Psychedelika. Im Allgemeinen sind die bemerkenswertesten Ergebnisse wie folgt: Die Selbstbeobachtungskomponente wird nur dann sichtbar, wenn der Benutzer allein in einer Umgebung ohne soziale Interaktion ist.<\/p>\n<p>Die Verbesserung der Emotionen, der Solidarit\u00e4t, der St\u00e4rke, der Geselligkeit und des Einf\u00fchlungsverm\u00f6gens sind Eigenschaften, die in sozialen Beziehungen nur sporadisch auftreten. Obwohl diese Emotionen etwas weicher und weniger intensiv sind als die, die durch Drogen wie MDMA und 2C-B hervorgerufen werden, sind sie dennoch stark genug, um einen langfristigen therapeutischen Effekt zu haben. Zu diesen Emotionen geh\u00f6ren Freundlichkeit, Akzeptanz und Empathie.<\/p>\n<h3>Was ist 5-MeO-MiPT?<\/h3>\n<p>5-Methoxy-N-methyl-N-isopropyltryptamin, manchmal auch als 5-MeO-MiPT oder Moxy bezeichnet, ist eine psychedelische Substanz, die zur Klasse der Tryptamine geh\u00f6rt. Seit seine Wirkung in den letzten Jahren die Libido und das sexuelle Vergn\u00fcgen gesteigert hat, ist es immer beliebter geworden.<\/p>\n<p>5-MeO-MiPT ist chemisch mit den Tryptaminen 5-MeO-DMT und 5-MeO-DiPT verwandt. Seine psychoaktiven Wirkungen werden durch die Aktivierung der Serotoninrezeptoren im Gehirn erzeugt. Die erste Beschreibung der Synthese und Pharmakologie von 5-MeO-MiPT wurde 1985 von David Repke und Alexander Shulgin ver\u00f6ffentlicht. Seine Wirkung auf den Menschen wurde in Shulung TiHKALs Buch (\"Tryptamin, what I know and what I find\") dokumentiert.<\/p>\n<p>Chemische Eigenschaften von 5-MeO-MiPT 5-MeO-MiPT ist ein synthetisches Indolalkaloid-Molek\u00fcl aus der Klasse der Tryptamine. Tryptamin ist Teil einer zentralen Struktur, die aus einem Biclin-Heterocyclus besteht, der an eine Aminogruppe R3 gebunden ist.<\/p>","protected":false},"excerpt":{"rendered":"<p>Achetez 5-MeO-MiPT en ligne. 5-MeO-MiPT ACHETER DIRECTEMENT 5-MeO-MiPT ACHETER, \u00e9galement connu sous le nom de 5-m\u00e9thoxy-N-m\u00e9thyl-N-isopropyltryptamine, est une t\u00e9tracycline et un hallucinog\u00e8ne qui appartient \u00e0 la famille des substances appel\u00e9es tryptamines. On l&rsquo;appelle parfois \u00ab\u00a0Moxy\u00a0\u00bb. Cela fait r\u00e9f\u00e9rence \u00e0 l&rsquo;homologue hallucinog\u00e8ne bien connu N-m\u00e9thyl-N-isopropyl du 5-MeO-DMT. Sa structure et sa pharmacodynamique sont comparables aux m\u00e9dicaments [&hellip;]<\/p>","protected":false},"featured_media":3075,"comment_status":"open","ping_status":"closed","template":"","meta":{"_joinchat":[]},"product_brand":[],"product_cat":[385],"product_tag":[],"class_list":{"0":"post-3060","1":"product","2":"type-product","3":"status-publish","4":"has-post-thumbnail","6":"product_cat-forschung-schemikalien","8":"first","9":"instock","10":"shipping-taxable","11":"purchasable","12":"product-type-variable"},"yoast_head":"<!-- This site is optimized with the Yoast SEO plugin v23.5 - https:\/\/yoast.com\/wordpress\/plugins\/seo\/ -->\n<title>Achetez 5 Meo Mipt en ligne - 5 Meo Mipt \u00e0 vendre<\/title>\n<meta name=\"description\" content=\"Dans notre boutique Nembutal, vous pouvez obtenir 5 Meo Mipt en vente \u00e0 des prix avantageux. Nous ne traitons que des produits de qualit\u00e9 sup\u00e9rieure. Achetez 5 Meo Mipt en ligne dans notre boutique d\u00e8s maintenant. Passez votre commande tout de suite !\" \/>\n<meta name=\"robots\" content=\"index, follow, max-snippet:-1, max-image-preview:large, max-video-preview:-1\" \/>\n<link rel=\"canonical\" href=\"https:\/\/nembutalboutique.com\/de\/produkt\/5-meo-mipt\/\" \/>\n<meta property=\"og:locale\" content=\"de_DE\" \/>\n<meta property=\"og:type\" content=\"article\" \/>\n<meta property=\"og:title\" content=\"Achetez 5 Meo Mipt en ligne - 5 Meo Mipt \u00e0 vendre\" \/>\n<meta property=\"og:description\" content=\"Dans notre boutique Nembutal, vous pouvez obtenir 5 Meo Mipt en vente \u00e0 des prix avantageux. Nous ne traitons que des produits de qualit\u00e9 sup\u00e9rieure. Achetez 5 Meo Mipt en ligne dans notre boutique d\u00e8s maintenant. Passez votre commande tout de suite !\" \/>\n<meta property=\"og:url\" content=\"https:\/\/nembutalboutique.com\/de\/produkt\/5-meo-mipt\/\" \/>\n<meta property=\"og:site_name\" content=\"Nembutal Boutique\" \/>\n<meta property=\"article:modified_time\" content=\"2024-09-20T09:48:08+00:00\" \/>\n<meta property=\"og:image\" content=\"https:\/\/nembutalboutique.com\/wp-content\/uploads\/2024\/09\/5-MeO-MiPT.gif\" \/>\n\t<meta property=\"og:image:width\" content=\"600\" \/>\n\t<meta property=\"og:image:height\" content=\"600\" \/>\n\t<meta property=\"og:image:type\" content=\"image\/gif\" \/>\n<meta name=\"twitter:card\" content=\"summary_large_image\" \/>\n<meta name=\"twitter:label1\" content=\"Gesch\u00e4tzte Lesezeit\" \/>\n\t<meta name=\"twitter:data1\" content=\"4\u00a0Minuten\" \/>\n<script type=\"application\/ld+json\" class=\"yoast-schema-graph\">{\"@context\":\"https:\/\/schema.org\",\"@graph\":[{\"@type\":\"WebPage\",\"@id\":\"https:\/\/nembutalboutique.com\/produit\/5-meo-mipt\/\",\"url\":\"https:\/\/nembutalboutique.com\/produit\/5-meo-mipt\/\",\"name\":\"Achetez 5 Meo Mipt en ligne - 5 Meo Mipt \u00e0 vendre\",\"isPartOf\":{\"@id\":\"https:\/\/nembutalboutique.com\/#website\"},\"primaryImageOfPage\":{\"@id\":\"https:\/\/nembutalboutique.com\/produit\/5-meo-mipt\/#primaryimage\"},\"image\":{\"@id\":\"https:\/\/nembutalboutique.com\/produit\/5-meo-mipt\/#primaryimage\"},\"thumbnailUrl\":\"https:\/\/nembutalboutique.com\/wp-content\/uploads\/2024\/09\/5-MeO-MiPT.gif\",\"datePublished\":\"2024-09-16T08:14:38+00:00\",\"dateModified\":\"2024-09-20T09:48:08+00:00\",\"description\":\"Dans notre boutique Nembutal, vous pouvez obtenir 5 Meo Mipt en vente \u00e0 des prix avantageux. Nous ne traitons que des produits de qualit\u00e9 sup\u00e9rieure. Achetez 5 Meo Mipt en ligne dans notre boutique d\u00e8s maintenant. Passez votre commande tout de suite !\",\"breadcrumb\":{\"@id\":\"https:\/\/nembutalboutique.com\/produit\/5-meo-mipt\/#breadcrumb\"},\"inLanguage\":\"de\",\"potentialAction\":[{\"@type\":\"ReadAction\",\"target\":[\"https:\/\/nembutalboutique.com\/produit\/5-meo-mipt\/\"]}]},{\"@type\":\"ImageObject\",\"inLanguage\":\"de\",\"@id\":\"https:\/\/nembutalboutique.com\/produit\/5-meo-mipt\/#primaryimage\",\"url\":\"https:\/\/nembutalboutique.com\/wp-content\/uploads\/2024\/09\/5-MeO-MiPT.gif\",\"contentUrl\":\"https:\/\/nembutalboutique.com\/wp-content\/uploads\/2024\/09\/5-MeO-MiPT.gif\",\"width\":600,\"height\":600,\"caption\":\"Acheter 5-MeO-MiPT\"},{\"@type\":\"BreadcrumbList\",\"@id\":\"https:\/\/nembutalboutique.com\/produit\/5-meo-mipt\/#breadcrumb\",\"itemListElement\":[{\"@type\":\"ListItem\",\"position\":1,\"name\":\"Home\",\"item\":\"https:\/\/nembutalboutique.com\/\"},{\"@type\":\"ListItem\",\"position\":2,\"name\":\"Boutique\",\"item\":\"https:\/\/nembutalboutique.com\/shop\/\"},{\"@type\":\"ListItem\",\"position\":3,\"name\":\"5-MeO-MiPT\"}]},{\"@type\":\"WebSite\",\"@id\":\"https:\/\/nembutalboutique.com\/#website\",\"url\":\"https:\/\/nembutalboutique.com\/\",\"name\":\"Nembutal Boutique\",\"description\":\"My WordPress Blog\",\"publisher\":{\"@id\":\"https:\/\/nembutalboutique.com\/#organization\"},\"potentialAction\":[{\"@type\":\"SearchAction\",\"target\":{\"@type\":\"EntryPoint\",\"urlTemplate\":\"https:\/\/nembutalboutique.com\/?s={search_term_string}\"},\"query-input\":{\"@type\":\"PropertyValueSpecification\",\"valueRequired\":true,\"valueName\":\"search_term_string\"}}],\"inLanguage\":\"de\"},{\"@type\":\"Organization\",\"@id\":\"https:\/\/nembutalboutique.com\/#organization\",\"name\":\"Nembutal Boutique\",\"url\":\"https:\/\/nembutalboutique.com\/\",\"logo\":{\"@type\":\"ImageObject\",\"inLanguage\":\"de\",\"@id\":\"https:\/\/nembutalboutique.com\/#\/schema\/logo\/image\/\",\"url\":\"https:\/\/nembutalboutique.com\/wp-content\/uploads\/2024\/01\/logo.png\",\"contentUrl\":\"https:\/\/nembutalboutique.com\/wp-content\/uploads\/2024\/01\/logo.png\",\"width\":494,\"height\":121,\"caption\":\"Nembutal Boutique\"},\"image\":{\"@id\":\"https:\/\/nembutalboutique.com\/#\/schema\/logo\/image\/\"}}]}<\/script>\n<!-- \/ Yoast SEO plugin. -->","yoast_head_json":{"title":"5 Meo Mipt online kaufen - 5 Meo Mipt zum Verkauf","description":"In unserem Nembutal-Shop erhalten Sie 5 Meo Mipt im Verkauf zu g\u00fcnstigen Preisen. Wir verarbeiten nur Produkte von h\u00f6chster Qualit\u00e4t. Kaufen Sie jetzt 5 Meo Mipt online in unserem Shop. Geben Sie Ihre Bestellung sofort auf!","robots":{"index":"index","follow":"follow","max-snippet":"max-snippet:-1","max-image-preview":"max-image-preview:large","max-video-preview":"max-video-preview:-1"},"canonical":"https:\/\/nembutalboutique.com\/de\/produkt\/5-meo-mipt\/","og_locale":"de_DE","og_type":"article","og_title":"Achetez 5 Meo Mipt en ligne - 5 Meo Mipt \u00e0 vendre","og_description":"Dans notre boutique Nembutal, vous pouvez obtenir 5 Meo Mipt en vente \u00e0 des prix avantageux. Nous ne traitons que des produits de qualit\u00e9 sup\u00e9rieure. Achetez 5 Meo Mipt en ligne dans notre boutique d\u00e8s maintenant. Passez votre commande tout de suite !","og_url":"https:\/\/nembutalboutique.com\/de\/produkt\/5-meo-mipt\/","og_site_name":"Nembutal Boutique","article_modified_time":"2024-09-20T09:48:08+00:00","og_image":[{"width":600,"height":600,"url":"https:\/\/nembutalboutique.com\/wp-content\/uploads\/2024\/09\/5-MeO-MiPT.gif","type":"image\/gif"}],"twitter_card":"summary_large_image","twitter_misc":{"Gesch\u00e4tzte Lesezeit":"4\u00a0Minuten"},"schema":{"@context":"https:\/\/schema.org","@graph":[{"@type":"WebPage","@id":"https:\/\/nembutalboutique.com\/produit\/5-meo-mipt\/","url":"https:\/\/nembutalboutique.com\/produit\/5-meo-mipt\/","name":"5 Meo Mipt online kaufen - 5 Meo Mipt zum Verkauf","isPartOf":{"@id":"https:\/\/nembutalboutique.com\/#website"},"primaryImageOfPage":{"@id":"https:\/\/nembutalboutique.com\/produit\/5-meo-mipt\/#primaryimage"},"image":{"@id":"https:\/\/nembutalboutique.com\/produit\/5-meo-mipt\/#primaryimage"},"thumbnailUrl":"https:\/\/nembutalboutique.com\/wp-content\/uploads\/2024\/09\/5-MeO-MiPT.gif","datePublished":"2024-09-16T08:14:38+00:00","dateModified":"2024-09-20T09:48:08+00:00","description":"In unserem Nembutal-Shop erhalten Sie 5 Meo Mipt im Verkauf zu g\u00fcnstigen Preisen. Wir verarbeiten nur Produkte von h\u00f6chster Qualit\u00e4t. Kaufen Sie jetzt 5 Meo Mipt online in unserem Shop. Geben Sie Ihre Bestellung sofort auf!","breadcrumb":{"@id":"https:\/\/nembutalboutique.com\/produit\/5-meo-mipt\/#breadcrumb"},"inLanguage":"de","potentialAction":[{"@type":"ReadAction","target":["https:\/\/nembutalboutique.com\/produit\/5-meo-mipt\/"]}]},{"@type":"ImageObject","inLanguage":"de","@id":"https:\/\/nembutalboutique.com\/produit\/5-meo-mipt\/#primaryimage","url":"https:\/\/nembutalboutique.com\/wp-content\/uploads\/2024\/09\/5-MeO-MiPT.gif","contentUrl":"https:\/\/nembutalboutique.com\/wp-content\/uploads\/2024\/09\/5-MeO-MiPT.gif","width":600,"height":600,"caption":"Acheter 5-MeO-MiPT"},{"@type":"BreadcrumbList","@id":"https:\/\/nembutalboutique.com\/produit\/5-meo-mipt\/#breadcrumb","itemListElement":[{"@type":"ListItem","position":1,"name":"Home","item":"https:\/\/nembutalboutique.com\/"},{"@type":"ListItem","position":2,"name":"Boutique","item":"https:\/\/nembutalboutique.com\/shop\/"},{"@type":"ListItem","position":3,"name":"5-MeO-MiPT"}]},{"@type":"WebSite","@id":"https:\/\/nembutalboutique.com\/#website","url":"https:\/\/nembutalboutique.com\/","name":"Nembutal Boutique","description":"Mein WordPress-Blog","publisher":{"@id":"https:\/\/nembutalboutique.com\/#organization"},"potentialAction":[{"@type":"SearchAction","target":{"@type":"EntryPoint","urlTemplate":"https:\/\/nembutalboutique.com\/?s={search_term_string}"},"query-input":{"@type":"PropertyValueSpecification","valueRequired":true,"valueName":"search_term_string"}}],"inLanguage":"de"},{"@type":"Organization","@id":"https:\/\/nembutalboutique.com\/#organization","name":"Nembutal Boutique","url":"https:\/\/nembutalboutique.com\/","logo":{"@type":"ImageObject","inLanguage":"de","@id":"https:\/\/nembutalboutique.com\/#\/schema\/logo\/image\/","url":"https:\/\/nembutalboutique.com\/wp-content\/uploads\/2024\/01\/logo.png","contentUrl":"https:\/\/nembutalboutique.com\/wp-content\/uploads\/2024\/01\/logo.png","width":494,"height":121,"caption":"Nembutal Boutique"},"image":{"@id":"https:\/\/nembutalboutique.com\/#\/schema\/logo\/image\/"}}]}},"_links":{"self":[{"href":"https:\/\/nembutalboutique.com\/de\/wp-json\/wp\/v2\/product\/3060"}],"collection":[{"href":"https:\/\/nembutalboutique.com\/de\/wp-json\/wp\/v2\/product"}],"about":[{"href":"https:\/\/nembutalboutique.com\/de\/wp-json\/wp\/v2\/types\/product"}],"replies":[{"embeddable":true,"href":"https:\/\/nembutalboutique.com\/de\/wp-json\/wp\/v2\/comments?post=3060"}],"wp:featuredmedia":[{"embeddable":true,"href":"https:\/\/nembutalboutique.com\/de\/wp-json\/wp\/v2\/media\/3075"}],"wp:attachment":[{"href":"https:\/\/nembutalboutique.com\/de\/wp-json\/wp\/v2\/media?parent=3060"}],"wp:term":[{"taxonomy":"product_brand","embeddable":true,"href":"https:\/\/nembutalboutique.com\/de\/wp-json\/wp\/v2\/product_brand?post=3060"},{"taxonomy":"product_cat","embeddable":true,"href":"https:\/\/nembutalboutique.com\/de\/wp-json\/wp\/v2\/product_cat?post=3060"},{"taxonomy":"product_tag","embeddable":true,"href":"https:\/\/nembutalboutique.com\/de\/wp-json\/wp\/v2\/product_tag?post=3060"}],"curies":[{"name":"wp","href":"https:\/\/api.w.org\/{rel}","templated":true}]}}