{"id":3012,"date":"2024-09-16T08:14:16","date_gmt":"2024-09-16T08:14:16","guid":{"rendered":"https:\/\/nembutalboutique.com\/?post_type=product&#038;p=3012"},"modified":"2024-09-20T09:59:23","modified_gmt":"2024-09-20T09:59:23","slug":"th-pbp","status":"publish","type":"product","link":"https:\/\/nembutalboutique.com\/de\/produkt\/th-pbp\/","title":{"rendered":"TH-PBP"},"content":{"rendered":"<h2>TH-PBP online kaufen<\/h2>\n<p>TH-PBP-Anbieter, <a href=\"https:\/\/nembutalboutique.com\/produit\/th-pbp\/\">TH-PBP<\/a> zu verkaufen. TH-PBP Ausf\u00fchrer Gro\u00dfhandel.<\/p>\n<p>Effekte: psychedelisch, halluzinogen und stimulierend<\/p>\n<p>Produktspezifikationen :<\/p>\n<p>Ursprungsort: China<\/p>\n<p>Titel des Produkts : TH-PBP-Pulver<\/p>\n<p>Alternative: PBP-TH<\/p>\n<p>Fluorphenyl-Propan-Amin (IUPAC)<\/p>\n<p>MF :<\/p>\n<p>Reinheit: gr\u00f6\u00dfer als 99,5 %<\/p>\n<h3>Manifestationsbild: Staub, Kristall<\/h3>\n<p>Verpackung: Aluminiumbeutel oder Plastikbeutel<br \/>\nTH- kaufen<a href=\"https:\/\/en.wikipedia.org\/wiki\/PBP\">PBP<\/a> zu reduzierten Preisen bei Buy Nembutal. Wir bereiten die besten Forschungschemikalien auf und vertreiben sie weltweit. Wir verpacken und versenden jedes Produkt sorgf\u00e4ltig, um die Privatsph\u00e4re und Sicherheit unserer Kunden zu sch\u00fctzen. Wir bieten Rabatte f\u00fcr Gro\u00dfbestellungen sowie eine Reihe von sicheren Zahlungsoptionen. Wir bieten eine breite Palette von Produkten an, die zu den besten verf\u00fcgbaren Chemikalien der Welt geh\u00f6ren. Alle unsere Produkte sind 100%-Originalprodukte und k\u00f6nnen weltweit versendet werden. Wir legen gro\u00dfen Wert auf die Qualit\u00e4t unserer Dienstleistungen und die Auswahl unserer Lieferanten. Wir verpflichten uns, schnell auf Ihre Anfragen zu reagieren. Fazit: Wenn Sie diese Produkte online suchen, sind Sie hier genau richtig. Nach der Registrierung des Pakets stellen wir unseren Kunden die verf\u00fcgbaren Trackingnummern zur Verf\u00fcgung, mit denen sie das Paket online verfolgen k\u00f6nnen. Viel Spa\u00df beim Einkaufen!<\/p>","protected":false},"excerpt":{"rendered":"<p>Acheter TH-PBP en ligne fournisseur TH-PBP, TH-PBP \u00e0 vendre. TH-PBP Ausf\u00fchrer Grosshandel. Effets : psych\u00e9d\u00e9lique, hallucinog\u00e8ne et stimulant Sp\u00e9cifications du produit : Lieu d&rsquo;origine : Chine Titre du produit : TH-PBP-Pulver Alternative : PBP-TH Fluorph\u00e9nyl-propane-amine (IUPAC) MF : Reinheit : sup\u00e9rieur \u00e0 99,5 % Image de manifestation : Poussi\u00e8re, cristal Emballage : Sachet en aluminium [&hellip;]<\/p>","protected":false},"featured_media":3038,"comment_status":"open","ping_status":"closed","template":"","meta":{"_joinchat":[]},"product_brand":[],"product_cat":[385],"product_tag":[],"class_list":{"0":"post-3012","1":"product","2":"type-product","3":"status-publish","4":"has-post-thumbnail","6":"product_cat-forschung-schemikalien","8":"first","9":"instock","10":"shipping-taxable","11":"purchasable","12":"product-type-variable"},"yoast_head":"<!-- This site is optimized with the Yoast SEO plugin v23.5 - https:\/\/yoast.com\/wordpress\/plugins\/seo\/ -->\n<title>Acheter TH-PBP en ligne - TH-PBP \u00e0 vendre - Commander TH-PBP<\/title>\n<meta name=\"description\" content=\"Si vous souhaitez acheter du TH-PBP en ligne, notre boutique en ligne Nembutal peut vous aider. Nous avons du TH-PBP en vente aux meilleurs prix ici. Passez votre commande et profitez des derni\u00e8res offres d\u00e8s aujourd&#039;hui !\" \/>\n<meta name=\"robots\" content=\"index, follow, max-snippet:-1, max-image-preview:large, max-video-preview:-1\" \/>\n<link rel=\"canonical\" href=\"https:\/\/nembutalboutique.com\/de\/produkt\/th-pbp\/\" \/>\n<meta property=\"og:locale\" content=\"de_DE\" \/>\n<meta property=\"og:type\" content=\"article\" \/>\n<meta property=\"og:title\" content=\"Acheter TH-PBP en ligne - TH-PBP \u00e0 vendre - Commander TH-PBP\" \/>\n<meta property=\"og:description\" content=\"Si vous souhaitez acheter du TH-PBP en ligne, notre boutique en ligne Nembutal peut vous aider. Nous avons du TH-PBP en vente aux meilleurs prix ici. Passez votre commande et profitez des derni\u00e8res offres d\u00e8s aujourd&#039;hui !\" \/>\n<meta property=\"og:url\" content=\"https:\/\/nembutalboutique.com\/de\/produkt\/th-pbp\/\" \/>\n<meta property=\"og:site_name\" content=\"Nembutal Boutique\" \/>\n<meta property=\"article:modified_time\" content=\"2024-09-20T09:59:23+00:00\" \/>\n<meta property=\"og:image\" content=\"https:\/\/nembutalboutique.com\/wp-content\/uploads\/2024\/09\/TH-PBP.gif\" \/>\n\t<meta property=\"og:image:width\" content=\"600\" \/>\n\t<meta property=\"og:image:height\" content=\"600\" \/>\n\t<meta property=\"og:image:type\" content=\"image\/gif\" \/>\n<meta name=\"twitter:card\" content=\"summary_large_image\" \/>\n<meta name=\"twitter:label1\" content=\"Gesch\u00e4tzte Lesezeit\" \/>\n\t<meta name=\"twitter:data1\" content=\"2\u00a0Minuten\" \/>\n<script type=\"application\/ld+json\" class=\"yoast-schema-graph\">{\"@context\":\"https:\/\/schema.org\",\"@graph\":[{\"@type\":\"WebPage\",\"@id\":\"https:\/\/nembutalboutique.com\/produit\/th-pbp\/\",\"url\":\"https:\/\/nembutalboutique.com\/produit\/th-pbp\/\",\"name\":\"Acheter TH-PBP en ligne - TH-PBP \u00e0 vendre - Commander TH-PBP\",\"isPartOf\":{\"@id\":\"https:\/\/nembutalboutique.com\/#website\"},\"primaryImageOfPage\":{\"@id\":\"https:\/\/nembutalboutique.com\/produit\/th-pbp\/#primaryimage\"},\"image\":{\"@id\":\"https:\/\/nembutalboutique.com\/produit\/th-pbp\/#primaryimage\"},\"thumbnailUrl\":\"https:\/\/nembutalboutique.com\/wp-content\/uploads\/2024\/09\/TH-PBP.gif\",\"datePublished\":\"2024-09-16T08:14:16+00:00\",\"dateModified\":\"2024-09-20T09:59:23+00:00\",\"description\":\"Si vous souhaitez acheter du TH-PBP en ligne, notre boutique en ligne Nembutal peut vous aider. Nous avons du TH-PBP en vente aux meilleurs prix ici. Passez votre commande et profitez des derni\u00e8res offres d\u00e8s aujourd'hui !\",\"breadcrumb\":{\"@id\":\"https:\/\/nembutalboutique.com\/produit\/th-pbp\/#breadcrumb\"},\"inLanguage\":\"de\",\"potentialAction\":[{\"@type\":\"ReadAction\",\"target\":[\"https:\/\/nembutalboutique.com\/produit\/th-pbp\/\"]}]},{\"@type\":\"ImageObject\",\"inLanguage\":\"de\",\"@id\":\"https:\/\/nembutalboutique.com\/produit\/th-pbp\/#primaryimage\",\"url\":\"https:\/\/nembutalboutique.com\/wp-content\/uploads\/2024\/09\/TH-PBP.gif\",\"contentUrl\":\"https:\/\/nembutalboutique.com\/wp-content\/uploads\/2024\/09\/TH-PBP.gif\",\"width\":600,\"height\":600,\"caption\":\"acheter TH-PBP.gif\"},{\"@type\":\"BreadcrumbList\",\"@id\":\"https:\/\/nembutalboutique.com\/produit\/th-pbp\/#breadcrumb\",\"itemListElement\":[{\"@type\":\"ListItem\",\"position\":1,\"name\":\"Home\",\"item\":\"https:\/\/nembutalboutique.com\/\"},{\"@type\":\"ListItem\",\"position\":2,\"name\":\"Boutique\",\"item\":\"https:\/\/nembutalboutique.com\/shop\/\"},{\"@type\":\"ListItem\",\"position\":3,\"name\":\"TH-PBP\"}]},{\"@type\":\"WebSite\",\"@id\":\"https:\/\/nembutalboutique.com\/#website\",\"url\":\"https:\/\/nembutalboutique.com\/\",\"name\":\"Nembutal Boutique\",\"description\":\"My WordPress Blog\",\"publisher\":{\"@id\":\"https:\/\/nembutalboutique.com\/#organization\"},\"potentialAction\":[{\"@type\":\"SearchAction\",\"target\":{\"@type\":\"EntryPoint\",\"urlTemplate\":\"https:\/\/nembutalboutique.com\/?s={search_term_string}\"},\"query-input\":{\"@type\":\"PropertyValueSpecification\",\"valueRequired\":true,\"valueName\":\"search_term_string\"}}],\"inLanguage\":\"de\"},{\"@type\":\"Organization\",\"@id\":\"https:\/\/nembutalboutique.com\/#organization\",\"name\":\"Nembutal Boutique\",\"url\":\"https:\/\/nembutalboutique.com\/\",\"logo\":{\"@type\":\"ImageObject\",\"inLanguage\":\"de\",\"@id\":\"https:\/\/nembutalboutique.com\/#\/schema\/logo\/image\/\",\"url\":\"https:\/\/nembutalboutique.com\/wp-content\/uploads\/2024\/01\/logo.png\",\"contentUrl\":\"https:\/\/nembutalboutique.com\/wp-content\/uploads\/2024\/01\/logo.png\",\"width\":494,\"height\":121,\"caption\":\"Nembutal Boutique\"},\"image\":{\"@id\":\"https:\/\/nembutalboutique.com\/#\/schema\/logo\/image\/\"}}]}<\/script>\n<!-- \/ Yoast SEO plugin. -->","yoast_head_json":{"title":"TH-PBP online kaufen - TH-PBP zum Verkauf - TH-PBP bestellen","description":"Wenn Sie TH-PBP online kaufen m\u00f6chten, kann Ihnen unser Nembutal Online-Shop helfen. Wir haben TH-PBP zu den besten Preisen hier im Angebot. Geben Sie Ihre Bestellung auf und sichern Sie sich noch heute die neuesten Angebote!","robots":{"index":"index","follow":"follow","max-snippet":"max-snippet:-1","max-image-preview":"max-image-preview:large","max-video-preview":"max-video-preview:-1"},"canonical":"https:\/\/nembutalboutique.com\/de\/produkt\/th-pbp\/","og_locale":"de_DE","og_type":"article","og_title":"Acheter TH-PBP en ligne - TH-PBP \u00e0 vendre - Commander TH-PBP","og_description":"Si vous souhaitez acheter du TH-PBP en ligne, notre boutique en ligne Nembutal peut vous aider. Nous avons du TH-PBP en vente aux meilleurs prix ici. Passez votre commande et profitez des derni\u00e8res offres d\u00e8s aujourd'hui !","og_url":"https:\/\/nembutalboutique.com\/de\/produkt\/th-pbp\/","og_site_name":"Nembutal Boutique","article_modified_time":"2024-09-20T09:59:23+00:00","og_image":[{"width":600,"height":600,"url":"https:\/\/nembutalboutique.com\/wp-content\/uploads\/2024\/09\/TH-PBP.gif","type":"image\/gif"}],"twitter_card":"summary_large_image","twitter_misc":{"Gesch\u00e4tzte Lesezeit":"2\u00a0Minuten"},"schema":{"@context":"https:\/\/schema.org","@graph":[{"@type":"WebPage","@id":"https:\/\/nembutalboutique.com\/produit\/th-pbp\/","url":"https:\/\/nembutalboutique.com\/produit\/th-pbp\/","name":"TH-PBP online kaufen - TH-PBP zum Verkauf - TH-PBP bestellen","isPartOf":{"@id":"https:\/\/nembutalboutique.com\/#website"},"primaryImageOfPage":{"@id":"https:\/\/nembutalboutique.com\/produit\/th-pbp\/#primaryimage"},"image":{"@id":"https:\/\/nembutalboutique.com\/produit\/th-pbp\/#primaryimage"},"thumbnailUrl":"https:\/\/nembutalboutique.com\/wp-content\/uploads\/2024\/09\/TH-PBP.gif","datePublished":"2024-09-16T08:14:16+00:00","dateModified":"2024-09-20T09:59:23+00:00","description":"Wenn Sie TH-PBP online kaufen m\u00f6chten, kann Ihnen unser Nembutal Online-Shop helfen. Wir haben TH-PBP zu den besten Preisen hier im Angebot. Geben Sie Ihre Bestellung auf und sichern Sie sich noch heute die neuesten Angebote!","breadcrumb":{"@id":"https:\/\/nembutalboutique.com\/produit\/th-pbp\/#breadcrumb"},"inLanguage":"de","potentialAction":[{"@type":"ReadAction","target":["https:\/\/nembutalboutique.com\/produit\/th-pbp\/"]}]},{"@type":"ImageObject","inLanguage":"de","@id":"https:\/\/nembutalboutique.com\/produit\/th-pbp\/#primaryimage","url":"https:\/\/nembutalboutique.com\/wp-content\/uploads\/2024\/09\/TH-PBP.gif","contentUrl":"https:\/\/nembutalboutique.com\/wp-content\/uploads\/2024\/09\/TH-PBP.gif","width":600,"height":600,"caption":"acheter TH-PBP.gif"},{"@type":"BreadcrumbList","@id":"https:\/\/nembutalboutique.com\/produit\/th-pbp\/#breadcrumb","itemListElement":[{"@type":"ListItem","position":1,"name":"Home","item":"https:\/\/nembutalboutique.com\/"},{"@type":"ListItem","position":2,"name":"Boutique","item":"https:\/\/nembutalboutique.com\/shop\/"},{"@type":"ListItem","position":3,"name":"TH-PBP"}]},{"@type":"WebSite","@id":"https:\/\/nembutalboutique.com\/#website","url":"https:\/\/nembutalboutique.com\/","name":"Nembutal Boutique","description":"Mein WordPress-Blog","publisher":{"@id":"https:\/\/nembutalboutique.com\/#organization"},"potentialAction":[{"@type":"SearchAction","target":{"@type":"EntryPoint","urlTemplate":"https:\/\/nembutalboutique.com\/?s={search_term_string}"},"query-input":{"@type":"PropertyValueSpecification","valueRequired":true,"valueName":"search_term_string"}}],"inLanguage":"de"},{"@type":"Organization","@id":"https:\/\/nembutalboutique.com\/#organization","name":"Nembutal Boutique","url":"https:\/\/nembutalboutique.com\/","logo":{"@type":"ImageObject","inLanguage":"de","@id":"https:\/\/nembutalboutique.com\/#\/schema\/logo\/image\/","url":"https:\/\/nembutalboutique.com\/wp-content\/uploads\/2024\/01\/logo.png","contentUrl":"https:\/\/nembutalboutique.com\/wp-content\/uploads\/2024\/01\/logo.png","width":494,"height":121,"caption":"Nembutal Boutique"},"image":{"@id":"https:\/\/nembutalboutique.com\/#\/schema\/logo\/image\/"}}]}},"_links":{"self":[{"href":"https:\/\/nembutalboutique.com\/de\/wp-json\/wp\/v2\/product\/3012"}],"collection":[{"href":"https:\/\/nembutalboutique.com\/de\/wp-json\/wp\/v2\/product"}],"about":[{"href":"https:\/\/nembutalboutique.com\/de\/wp-json\/wp\/v2\/types\/product"}],"replies":[{"embeddable":true,"href":"https:\/\/nembutalboutique.com\/de\/wp-json\/wp\/v2\/comments?post=3012"}],"wp:featuredmedia":[{"embeddable":true,"href":"https:\/\/nembutalboutique.com\/de\/wp-json\/wp\/v2\/media\/3038"}],"wp:attachment":[{"href":"https:\/\/nembutalboutique.com\/de\/wp-json\/wp\/v2\/media?parent=3012"}],"wp:term":[{"taxonomy":"product_brand","embeddable":true,"href":"https:\/\/nembutalboutique.com\/de\/wp-json\/wp\/v2\/product_brand?post=3012"},{"taxonomy":"product_cat","embeddable":true,"href":"https:\/\/nembutalboutique.com\/de\/wp-json\/wp\/v2\/product_cat?post=3012"},{"taxonomy":"product_tag","embeddable":true,"href":"https:\/\/nembutalboutique.com\/de\/wp-json\/wp\/v2\/product_tag?post=3012"}],"curies":[{"name":"wp","href":"https:\/\/api.w.org\/{rel}","templated":true}]}}