{"id":2934,"date":"2024-09-16T08:13:35","date_gmt":"2024-09-16T08:13:35","guid":{"rendered":"https:\/\/nembutalboutique.com\/?post_type=product&#038;p=2934"},"modified":"2024-09-20T10:14:18","modified_gmt":"2024-09-20T10:14:18","slug":"mphp","status":"publish","type":"product","link":"https:\/\/nembutalboutique.com\/de\/produkt\/mphp\/","title":{"rendered":"MPHP"},"content":{"rendered":"<h2>Wo kann ich MPHP-2201 online kaufen?<br \/>\nWas ist der MPHP-2201?<\/h2>\n<p>5-Fluorin MPP-PICA ist ein analytischer Referenzstandard, der in der Forensik und in der Forschung verwendet wird. Seine Struktur \u00e4hnelt der der bekannten synthetischen Cannabinoide. Kaufen Sie <a href=\"https:\/\/nembutalboutique.com\/produit\/mphp\/\">MPHP-2201<\/a> jetzt online.<\/p>\n<p>Technische Details: MPHP-2201 zum Online-Kauf verf\u00fcgbar<\/p>\n<p>Name des Herstellers : -<\/p>\n<p>CAS-Nummer :<\/p>\n<p>Ein anderer Name f\u00fcr dieses Produkt ist MPHP-2201.<\/p>\n<p>Molekularformel: -<\/p>\n<p>Gewicht in Gramm: - g\/mol<\/p>\n<p>Reinheit 98%<\/p>\n<p>Formulierung :<\/p>\n<p>Versand und Lagerung: MPHP-2201 online kaufen<\/p>\n<p>Lagerung: -20\u00b0C<\/p>\n<p>Lieferung: Raumtemperatur<\/p>\n<p>Stabilit\u00e4t: &lt; 2 Jahre<\/p>\n<p>Spezifikationen<br \/>\nFarbgel<br \/>\nSiehe auch: Pulver<\/p>\n<p>Manchmal wird sie auch als 5-Fluor-MPhP-PICA und 5-Fluor-MPP-PICA bezeichnet. Es handelt sich um eine g\u00e4ngige Forschungsmethodik, die in vielen Labors und Forschungseinrichtungen eingesetzt wird.<\/p>\n<p>Alles in allem ist der <a href=\"https:\/\/en.wikipedia.org\/wiki\/4%27-Methyl-%CE%B1-pyrrolidinohexiophenone\">MPHP-2201<\/a> hat einen Ki-Wert von 1,0 nM f\u00fcr CB1-Cannabinoid-Rezeptoren und 2,6 nM f\u00fcr CB2-Cannabinoid-Rezeptoren, was es zu einem starken Antagonisten macht.<\/p>\n<p>Au\u00dferdem ist seine Verwendung bei Menschen oder Tieren aufgrund seiner Toxizit\u00e4t verboten. Es hat die Form einer gr\u00fcnen Paprika und einen Reinheitsgrad von 98 %.<\/p>\n<p>Natur der Chemie von MPHP-2201 Ebenso ist MPHP-2201 ein neues Medikament, das weltweit als Alternative zu AM-2201 eingesetzt wird. Es kann nur ein chemischer Wadenbei\u00dfer verwendet werden.<\/p>\n<p>Die IUPAC-Bezeichnung von MPHP-2201 ist Methyl (1-(5-fluorpentyl)-1H-indol-3-carbonyl)phenylalanin.<\/p>\n<p>Masse und Summenform: Diese Substanz hat ein Molekulargewicht von 410,5 g\/mol, und die Summenform Reinheitsgrad und Wellenl\u00e4nge: MPHP-2201 hat eine Wellenl\u00e4nge von 216 bis 291 nm und einen Reinheitsgrad von 99 %.<\/p>\n<h3>Was sind die Auswirkungen von MPHP-2201?<\/h3>\n<p>Die Wirkungen von MPHP-2201 sind denen von AM-2201, einer starken synthetischen Cannabissorte, \u00e4hnlich. Angesichts der Auswirkungen auf den Menschen wurden keine relevanten Studien durchgef\u00fchrt. Die Erfahrungen der Nutzer legen nahe, dass es sich insbesondere auf die k\u00f6rperliche und geistige Gesundheit auswirken kann.<\/p>\n<p>Psychologische Symptome wie Angst- und Panikattacken, Halluzinationen und Paranoia k\u00f6nnen nach einem chirurgischen Eingriff auftreten.<\/p>\n<p>MPHP-2201 kann daher auch k\u00f6rperliche Auswirkungen haben. Bei Patienten k\u00f6nnen Brennen, Kr\u00e4mpfe, Sodbrennen und Bauchschmerzen beobachtet werden.<\/p>\n<h3>Hinweis: Dieses Produkt ist nicht f\u00fcr den Gebrauch durch Menschen oder Tiere bestimmt.<\/h3>\n<p>Richtlinien f\u00fcr die Dosierung von MPHP-2201 Laut Patientenberichten betr\u00e4gt die typische Dosierung von MPHP-2201 100 mg. Kein Spezialist wei\u00df das. Wenn Sie mehr als 100 mg einnehmen, werden Sie sowohl positive als auch negative Auswirkungen versp\u00fcren.<\/p>\n<p>Es k\u00f6nnen jedoch schwerwiegende Wirkungen auftreten, wenn Sie eine h\u00f6here Dosis einnehmen oder andere Medikamente, wie Alkohol, kombinieren.<\/p>\n<p>Es kann potenziell t\u00f6dliche Auswirkungen auf den menschlichen K\u00f6rper haben und Organsch\u00e4den verursachen.<\/p>\n<h3>Rechtlicher Status von MPHP-2201<\/h3>\n<p>Vor allem aufgrund seiner starken und sch\u00e4dlichen Wirkung ist AM-2201 in vielen L\u00e4ndern gesetzlich verboten. Die Tatsache, dass sein Gegenst\u00fcck MPHP-2201 weder verboten noch reguliert ist, ist f\u00fcr die Forscher von Vorteil.<\/p>\n<p>Au\u00dferdem ist es in vielen L\u00e4ndern als Forschungschemikalie oder synthetisches Medikament online erh\u00e4ltlich.<\/p>\n<p>Allerdings muss dieses Medikament in L\u00e4ndern mit einer \u00e4hnlich strengen Gesetzgebung besondere Einschr\u00e4nkungen beachten.<\/p>\n<p>Bevor Sie eine Bestellung aufgeben, best\u00e4tigen Sie bitte, dass dieses Material<br \/>\nin Ihrem Land nicht verboten oder eingeschr\u00e4nkt ist.<\/p>\n<h3>MPHP beim Kauf von Nembutal: Kaufen Sie es, weil Qualit\u00e4t z\u00e4hlt!<\/h3>\n<p>Kaufen Sie MPHP online von den besten professionell hergestellten europ\u00e4ischen Chemieunternehmen mit mindestens 98 % + Reinheit-Garantie. Wir liefern den COA jeder Charge, die im Zuge unserer Recherchen chemisch hergestellt wurde!<\/p>\n<p>Materialien in MPHP<\/p>\n<h3>Enth\u00e4lt mindestens 98 % reines MPHP pro Auftragseinheit.<\/h3>\n<p>MPHP-Dosierung<\/p>\n<p>Da MPHP nur zur Verwendung in der wissenschaftlichen chemischen Forschung verkauft wird und nicht f\u00fcr den menschlichen Verzehr bestimmt ist, gibt es keine Dosierungsempfehlungen.<\/p>\n<h3>MPHP-Effekte :<\/h3>\n<p>Die klinischen Wirkungen der meisten neuen synthetischen Drogen, wie MPHP, k\u00f6nnen als stimulierend, halluzinogen oder opioid\u00e4hnlich eingestuft werden. Dar\u00fcber hinaus haben Sie eine Kombination dieser Wirkungen mit der Substitution durch synthetische Medikamente.<\/p>\n<h3>Nebenwirkungen von MPHP<\/h3>\n<p>Wie bei anderen synthetischen Drogen kann die Anwendung von MPHP erhebliche Nebenwirkungen haben. Sch\u00e4den verursachen; die Substanz wurde weder klinisch getestet noch in irgendeiner Weise als Produkt f\u00fcr den Praktiker zugelassen! MPHP ist daher nur f\u00fcr die wissenschaftliche Forschung und nicht f\u00fcr den Menschen bestimmt!<\/p>\n<h3>Verstehen, wie man MPHP aufbewahrt<\/h3>\n<p>Bewahren Sie Ihr MPHP bei Temperaturen unter 30 Grad Celsius auf. Das MPHP sollte in seiner Originalverpackung vor direktem Sonnenlicht gesch\u00fctzt und feucht gehalten werden.<\/p>","protected":false},"excerpt":{"rendered":"<p>O\u00f9 puis-je acheter du MPHP-2201 en ligne\u00a0? Qu&rsquo;est-ce que le MPHP-2201\u00a0? Le 5-Fluorine MPP-PICA est un \u00e9talon de r\u00e9f\u00e9rence analytique utilis\u00e9 dans les applications m\u00e9dico-l\u00e9gales et de recherche. Sa structure est similaire \u00e0 celle des cannabino\u00efdes synth\u00e9tiques connus. Achetez du MPHP-2201 en ligne d\u00e8s maintenant. D\u00e9tails techniques\u00a0: MPHP-2201 disponible \u00e0 l&rsquo;achat en ligne Nom du [&hellip;]<\/p>","protected":false},"featured_media":2940,"comment_status":"open","ping_status":"closed","template":"","meta":{"_joinchat":[]},"product_brand":[],"product_cat":[385],"product_tag":[],"class_list":{"0":"post-2934","1":"product","2":"type-product","3":"status-publish","4":"has-post-thumbnail","6":"product_cat-forschung-schemikalien","8":"first","9":"instock","10":"shipping-taxable","11":"purchasable","12":"product-type-variable"},"yoast_head":"<!-- This site is optimized with the Yoast SEO plugin v23.5 - https:\/\/yoast.com\/wordpress\/plugins\/seo\/ -->\n<title>Achetez du MPHP en ligne - MPHP \u00e0 vendre<\/title>\n<meta name=\"description\" content=\"Vous souhaitez acheter du MPHP en ligne \u00e0 un prix raisonnable ? Visitez notre boutique en ligne r\u00e9put\u00e9e NembutalBoutique et obtenez du MPHP en vente d\u00e8s aujourd&#039;hui. Passez une commande maintenant !\" \/>\n<meta name=\"robots\" content=\"index, follow, max-snippet:-1, max-image-preview:large, max-video-preview:-1\" \/>\n<link rel=\"canonical\" href=\"https:\/\/nembutalboutique.com\/de\/produkt\/mphp\/\" \/>\n<meta property=\"og:locale\" content=\"de_DE\" \/>\n<meta property=\"og:type\" content=\"article\" \/>\n<meta property=\"og:title\" content=\"Achetez du MPHP en ligne - MPHP \u00e0 vendre\" \/>\n<meta property=\"og:description\" content=\"Vous souhaitez acheter du MPHP en ligne \u00e0 un prix raisonnable ? Visitez notre boutique en ligne r\u00e9put\u00e9e NembutalBoutique et obtenez du MPHP en vente d\u00e8s aujourd&#039;hui. Passez une commande maintenant !\" \/>\n<meta property=\"og:url\" content=\"https:\/\/nembutalboutique.com\/de\/produkt\/mphp\/\" \/>\n<meta property=\"og:site_name\" content=\"Nembutal Boutique\" \/>\n<meta property=\"article:modified_time\" content=\"2024-09-20T10:14:18+00:00\" \/>\n<meta property=\"og:image\" content=\"https:\/\/nembutalboutique.com\/wp-content\/uploads\/2024\/09\/MPHP.gif\" \/>\n\t<meta property=\"og:image:width\" content=\"600\" \/>\n\t<meta property=\"og:image:height\" content=\"600\" \/>\n\t<meta property=\"og:image:type\" content=\"image\/gif\" \/>\n<meta name=\"twitter:card\" content=\"summary_large_image\" \/>\n<meta name=\"twitter:label1\" content=\"Gesch\u00e4tzte Lesezeit\" \/>\n\t<meta name=\"twitter:data1\" content=\"4\u00a0Minuten\" \/>\n<script type=\"application\/ld+json\" class=\"yoast-schema-graph\">{\"@context\":\"https:\/\/schema.org\",\"@graph\":[{\"@type\":\"WebPage\",\"@id\":\"https:\/\/nembutalboutique.com\/produit\/mphp\/\",\"url\":\"https:\/\/nembutalboutique.com\/produit\/mphp\/\",\"name\":\"Achetez du MPHP en ligne - MPHP \u00e0 vendre\",\"isPartOf\":{\"@id\":\"https:\/\/nembutalboutique.com\/#website\"},\"primaryImageOfPage\":{\"@id\":\"https:\/\/nembutalboutique.com\/produit\/mphp\/#primaryimage\"},\"image\":{\"@id\":\"https:\/\/nembutalboutique.com\/produit\/mphp\/#primaryimage\"},\"thumbnailUrl\":\"https:\/\/nembutalboutique.com\/wp-content\/uploads\/2024\/09\/MPHP.gif\",\"datePublished\":\"2024-09-16T08:13:35+00:00\",\"dateModified\":\"2024-09-20T10:14:18+00:00\",\"description\":\"Vous souhaitez acheter du MPHP en ligne \u00e0 un prix raisonnable ? Visitez notre boutique en ligne r\u00e9put\u00e9e NembutalBoutique et obtenez du MPHP en vente d\u00e8s aujourd'hui. Passez une commande maintenant !\",\"breadcrumb\":{\"@id\":\"https:\/\/nembutalboutique.com\/produit\/mphp\/#breadcrumb\"},\"inLanguage\":\"de\",\"potentialAction\":[{\"@type\":\"ReadAction\",\"target\":[\"https:\/\/nembutalboutique.com\/produit\/mphp\/\"]}]},{\"@type\":\"ImageObject\",\"inLanguage\":\"de\",\"@id\":\"https:\/\/nembutalboutique.com\/produit\/mphp\/#primaryimage\",\"url\":\"https:\/\/nembutalboutique.com\/wp-content\/uploads\/2024\/09\/MPHP.gif\",\"contentUrl\":\"https:\/\/nembutalboutique.com\/wp-content\/uploads\/2024\/09\/MPHP.gif\",\"width\":600,\"height\":600,\"caption\":\"Acheter MPHP.gif\"},{\"@type\":\"BreadcrumbList\",\"@id\":\"https:\/\/nembutalboutique.com\/produit\/mphp\/#breadcrumb\",\"itemListElement\":[{\"@type\":\"ListItem\",\"position\":1,\"name\":\"Home\",\"item\":\"https:\/\/nembutalboutique.com\/\"},{\"@type\":\"ListItem\",\"position\":2,\"name\":\"Boutique\",\"item\":\"https:\/\/nembutalboutique.com\/shop\/\"},{\"@type\":\"ListItem\",\"position\":3,\"name\":\"MPHP\"}]},{\"@type\":\"WebSite\",\"@id\":\"https:\/\/nembutalboutique.com\/#website\",\"url\":\"https:\/\/nembutalboutique.com\/\",\"name\":\"Nembutal Boutique\",\"description\":\"My WordPress Blog\",\"publisher\":{\"@id\":\"https:\/\/nembutalboutique.com\/#organization\"},\"potentialAction\":[{\"@type\":\"SearchAction\",\"target\":{\"@type\":\"EntryPoint\",\"urlTemplate\":\"https:\/\/nembutalboutique.com\/?s={search_term_string}\"},\"query-input\":{\"@type\":\"PropertyValueSpecification\",\"valueRequired\":true,\"valueName\":\"search_term_string\"}}],\"inLanguage\":\"de\"},{\"@type\":\"Organization\",\"@id\":\"https:\/\/nembutalboutique.com\/#organization\",\"name\":\"Nembutal Boutique\",\"url\":\"https:\/\/nembutalboutique.com\/\",\"logo\":{\"@type\":\"ImageObject\",\"inLanguage\":\"de\",\"@id\":\"https:\/\/nembutalboutique.com\/#\/schema\/logo\/image\/\",\"url\":\"https:\/\/nembutalboutique.com\/wp-content\/uploads\/2024\/01\/logo.png\",\"contentUrl\":\"https:\/\/nembutalboutique.com\/wp-content\/uploads\/2024\/01\/logo.png\",\"width\":494,\"height\":121,\"caption\":\"Nembutal Boutique\"},\"image\":{\"@id\":\"https:\/\/nembutalboutique.com\/#\/schema\/logo\/image\/\"}}]}<\/script>\n<!-- \/ Yoast SEO plugin. -->","yoast_head_json":{"title":"MPHP online kaufen - MPHP zum Verkauf","description":"M\u00f6chten Sie MPHP online zu einem g\u00fcnstigen Preis kaufen? Besuchen Sie unseren renommierten Online-Shop NembutalBoutique und erhalten Sie MPHP noch heute zum Verkauf. Geben Sie jetzt eine Bestellung auf!","robots":{"index":"index","follow":"follow","max-snippet":"max-snippet:-1","max-image-preview":"max-image-preview:large","max-video-preview":"max-video-preview:-1"},"canonical":"https:\/\/nembutalboutique.com\/de\/produkt\/mphp\/","og_locale":"de_DE","og_type":"article","og_title":"Achetez du MPHP en ligne - MPHP \u00e0 vendre","og_description":"Vous souhaitez acheter du MPHP en ligne \u00e0 un prix raisonnable ? Visitez notre boutique en ligne r\u00e9put\u00e9e NembutalBoutique et obtenez du MPHP en vente d\u00e8s aujourd'hui. Passez une commande maintenant !","og_url":"https:\/\/nembutalboutique.com\/de\/produkt\/mphp\/","og_site_name":"Nembutal Boutique","article_modified_time":"2024-09-20T10:14:18+00:00","og_image":[{"width":600,"height":600,"url":"https:\/\/nembutalboutique.com\/wp-content\/uploads\/2024\/09\/MPHP.gif","type":"image\/gif"}],"twitter_card":"summary_large_image","twitter_misc":{"Gesch\u00e4tzte Lesezeit":"4\u00a0Minuten"},"schema":{"@context":"https:\/\/schema.org","@graph":[{"@type":"WebPage","@id":"https:\/\/nembutalboutique.com\/produit\/mphp\/","url":"https:\/\/nembutalboutique.com\/produit\/mphp\/","name":"MPHP online kaufen - MPHP zum Verkauf","isPartOf":{"@id":"https:\/\/nembutalboutique.com\/#website"},"primaryImageOfPage":{"@id":"https:\/\/nembutalboutique.com\/produit\/mphp\/#primaryimage"},"image":{"@id":"https:\/\/nembutalboutique.com\/produit\/mphp\/#primaryimage"},"thumbnailUrl":"https:\/\/nembutalboutique.com\/wp-content\/uploads\/2024\/09\/MPHP.gif","datePublished":"2024-09-16T08:13:35+00:00","dateModified":"2024-09-20T10:14:18+00:00","description":"M\u00f6chten Sie MPHP online zu einem g\u00fcnstigen Preis kaufen? Besuchen Sie unseren renommierten Online-Shop NembutalBoutique und erhalten Sie MPHP noch heute zum Verkauf. Geben Sie jetzt eine Bestellung auf!","breadcrumb":{"@id":"https:\/\/nembutalboutique.com\/produit\/mphp\/#breadcrumb"},"inLanguage":"de","potentialAction":[{"@type":"ReadAction","target":["https:\/\/nembutalboutique.com\/produit\/mphp\/"]}]},{"@type":"ImageObject","inLanguage":"de","@id":"https:\/\/nembutalboutique.com\/produit\/mphp\/#primaryimage","url":"https:\/\/nembutalboutique.com\/wp-content\/uploads\/2024\/09\/MPHP.gif","contentUrl":"https:\/\/nembutalboutique.com\/wp-content\/uploads\/2024\/09\/MPHP.gif","width":600,"height":600,"caption":"Acheter MPHP.gif"},{"@type":"BreadcrumbList","@id":"https:\/\/nembutalboutique.com\/produit\/mphp\/#breadcrumb","itemListElement":[{"@type":"ListItem","position":1,"name":"Home","item":"https:\/\/nembutalboutique.com\/"},{"@type":"ListItem","position":2,"name":"Boutique","item":"https:\/\/nembutalboutique.com\/shop\/"},{"@type":"ListItem","position":3,"name":"MPHP"}]},{"@type":"WebSite","@id":"https:\/\/nembutalboutique.com\/#website","url":"https:\/\/nembutalboutique.com\/","name":"Nembutal Boutique","description":"Mein WordPress-Blog","publisher":{"@id":"https:\/\/nembutalboutique.com\/#organization"},"potentialAction":[{"@type":"SearchAction","target":{"@type":"EntryPoint","urlTemplate":"https:\/\/nembutalboutique.com\/?s={search_term_string}"},"query-input":{"@type":"PropertyValueSpecification","valueRequired":true,"valueName":"search_term_string"}}],"inLanguage":"de"},{"@type":"Organization","@id":"https:\/\/nembutalboutique.com\/#organization","name":"Nembutal Boutique","url":"https:\/\/nembutalboutique.com\/","logo":{"@type":"ImageObject","inLanguage":"de","@id":"https:\/\/nembutalboutique.com\/#\/schema\/logo\/image\/","url":"https:\/\/nembutalboutique.com\/wp-content\/uploads\/2024\/01\/logo.png","contentUrl":"https:\/\/nembutalboutique.com\/wp-content\/uploads\/2024\/01\/logo.png","width":494,"height":121,"caption":"Nembutal Boutique"},"image":{"@id":"https:\/\/nembutalboutique.com\/#\/schema\/logo\/image\/"}}]}},"_links":{"self":[{"href":"https:\/\/nembutalboutique.com\/de\/wp-json\/wp\/v2\/product\/2934"}],"collection":[{"href":"https:\/\/nembutalboutique.com\/de\/wp-json\/wp\/v2\/product"}],"about":[{"href":"https:\/\/nembutalboutique.com\/de\/wp-json\/wp\/v2\/types\/product"}],"replies":[{"embeddable":true,"href":"https:\/\/nembutalboutique.com\/de\/wp-json\/wp\/v2\/comments?post=2934"}],"wp:featuredmedia":[{"embeddable":true,"href":"https:\/\/nembutalboutique.com\/de\/wp-json\/wp\/v2\/media\/2940"}],"wp:attachment":[{"href":"https:\/\/nembutalboutique.com\/de\/wp-json\/wp\/v2\/media?parent=2934"}],"wp:term":[{"taxonomy":"product_brand","embeddable":true,"href":"https:\/\/nembutalboutique.com\/de\/wp-json\/wp\/v2\/product_brand?post=2934"},{"taxonomy":"product_cat","embeddable":true,"href":"https:\/\/nembutalboutique.com\/de\/wp-json\/wp\/v2\/product_cat?post=2934"},{"taxonomy":"product_tag","embeddable":true,"href":"https:\/\/nembutalboutique.com\/de\/wp-json\/wp\/v2\/product_tag?post=2934"}],"curies":[{"name":"wp","href":"https:\/\/api.w.org\/{rel}","templated":true}]}}