{"id":2874,"date":"2024-09-16T08:13:15","date_gmt":"2024-09-16T08:13:15","guid":{"rendered":"https:\/\/nembutalboutique.com\/?post_type=product&#038;p=2874"},"modified":"2024-09-20T10:31:44","modified_gmt":"2024-09-20T10:31:44","slug":"dibutylone","status":"publish","type":"product","link":"https:\/\/nembutalboutique.com\/de\/produkt\/dibutylon\/","title":{"rendered":"Dibutylon"},"content":{"rendered":"<h2>Dibutylon Kristall online kaufen.<\/h2>\n<p>Die <a href=\"https:\/\/nembutalboutique.com\/produit\/dibutylone\/\">Dibutylon<\/a>, manchmal auch bk-DMBDB genannt, ist eine psychoaktive Substanz, die online gekauft werden kann. Es geh\u00f6rt zur selben Klasse von Drogen wie Cathinon, Phenethylamin und Amphetamin. Methylon und Dibutylon, zwei \"synthetische Drogen\", die h\u00e4ufig zur Herstellung von Artikeln wie Bettw\u00e4sche verwendet werden, haben \u00e4hnliche strukturelle Designs. Kaufen Sie Dibutylone Crystal online.<\/p>\n<p>Wie viele andere Medikamente aus seiner Familie ist es als gl\u00e4nzendes wei\u00dfes Pulver und Bauschiger erh\u00e4ltlich. Au\u00dferdem hat es einen leichten Geruch, der dem von Zitronengras \u00e4hnelt. Personen, die das Medikament eingenommen haben, beschreiben es oft als \"Ansturm\" und behaupten, dass die Wirkungen von Dibutylon und MDMA vergleichbar sind.<\/p>\n<h3>Dibutylonkristalle k\u00f6nnen online gekauft werden - Dibutylon Crystal Online<\/h3>\n<p>Ihr Toleranzniveau und Ihre Dosierung bestimmen die Wirkung des <a href=\"https:\/\/en.wikipedia.org\/wiki\/Dibutylone\">Dibutylon<\/a> auf Sie \u00fcbertragen. Am besten nehmen Sie eine kurze \"Testdosis\" und beobachten die Ver\u00e4nderungen, die danach eintreten. Wenn nach der Testdosis alles in Ordnung ist, k\u00f6nnen Sie die Dosis erh\u00f6hen, um die Vorteile des Medikaments voll auszusch\u00f6pfen. Hier sind einige typische Wirkungen:<\/p>\n<p>Gef\u00fchl von erh\u00f6hter Wachsamkeit und Bewusstsein<\/p>\n<p>Entweder Euphemismus oder Desintegration (je nach Dosierung und individuellen Unterschieden)<\/p>\n<p>Es f\u00e4llt mir schwer, zu einer vern\u00fcnftigen Zeit einzuschlafen.<\/p>\n<p>Derealisation und Halluzinationen (variiert von Person zu Person, wird aber am h\u00e4ufigsten bei hochdosierten oder Langzeitnutzern beobachtet)<\/p>\n<p>Bluthochdruck<\/p>\n<p>hohe K\u00f6rpertemperatur und Bleichpotenzial<\/p>\n<p>Gef\u00fchl des Unwohlseins<\/p>\n<p>Nur vor\u00fcbergehende erektile Dysfunktion<\/p>\n<p>Unsere Anbieter<\/p>\n<p>Wie Sie sehen k\u00f6nnen, ist die Wirkung von Dibutylon mit der von Partydrogen wie MDMA vergleichbar. Sie sollten jedoch wissen, dass die Wirkungen, die Sie sp\u00fcren, von der Dosierung abh\u00e4ngen, die Sie einnehmen, und<br \/>\nkann sich Ihre Pers\u00f6nlichkeit stark ver\u00e4ndern. Wie \u00fcblich ist es sinnvoll, mit einer niedrigen Dosierung zu beginnen und diese allm\u00e4hlich zu erh\u00f6hen, um festzustellen, wie gut Sie das Medikament vertragen k\u00f6nnen. Bedenken Sie auch, dass die Einnahme der Substanz zu einer l\u00e4nger anhaltenden Wirkung mit einem l\u00e4ngeren Beginn f\u00fchrt. Auch wenn Sie glauben, dass das Medikament Ihnen nicht geschadet hat, ist es immer ratsam, es nicht noch einmal zu verwenden. Dibutylon Kristall online.<\/p>\n<p>Was ist Dibutylen?<\/p>\n<p>Dibutylon, auch bekannt als bk-DMBDB, ist eine Forschungschemikalie, die dem Butyl von Natur aus sehr \u00e4hnlich ist. Dibutylon geh\u00f6rt zur chemischen Gruppe der Amphetamine. Es kann jedoch auch als Cathinon klassifiziert werden.<\/p>\n<p>Diese Chemikalie ist relativ selten und nicht in allen Forschungszentren zu finden. Dennoch a es Es gibt bereits eine betr\u00e4chtliche Anzahl von Versuchen. Die Forschungsstudien, bei denen Dibutylon verwendet wurde, f\u00fchrten zu Ergebnissen, die f\u00fcr stimulierende Medikamente typisch sind. Einige dieser Ergebnisse umfassen Euphorie, erh\u00f6hte Energie, erh\u00f6hte taktile Wahrnehmung, Empathie, Zeitdilatation, Aufmerksamkeit, Gedankenerweiterung, erh\u00f6hte musikalische Wertsch\u00e4tzung und erh\u00f6hte Libido.<\/p>\n<p>Wo kann ich Dibutylen kaufen?<\/p>\n<p>Bei Chemical Planet verkaufen wir Dibutylon von hoher Qualit\u00e4t. Normalerweise ist unser Dibutylon in Pulverform erh\u00e4ltlich. Wenn Sie eine andere Form bevorzugen, kontaktieren Sie uns bitte. Wir werden Sie dann schnell informieren, wenn wir andere Formen im Voraus haben.<\/p>\n<p>Um Dibutylon von Chemical Planet zu kaufen, m\u00fcssen Sie mindestens achtzehn Jahre alt sein und alle geltenden Gesetze zur chemischen Forschung in Ihrem Land einhalten. Unsere Substanzen sind nicht f\u00fcr den menschlichen oder tierischen Verzehr bestimmt; sie werden vielmehr ausschlie\u00dflich zu Forschungszwecken verwendet.<br \/>\n\u00dcber die Legalit\u00e4t von Dibutylon<\/p>\n<p>Dibutylon kommt nur in wenigen L\u00e4ndern vor. Es k\u00f6nnte jedoch als ein Homolog zu Butyl eingestuft werden, das in einigen Staaten verboten ist. [Pause f\u00fcr Textgestaltung][Pause f\u00fcr Textgestaltung]Um eine optimale Haltbarkeit zu erreichen, bewahren Sie das Produkt immer an einem k\u00fchlen und trockenen Ort auf. Dieses Produkt ist f\u00fcr die Verwendung bei forensischen Untersuchungen und Ermittlungen bestimmt. Es ist daher nicht f\u00fcr den menschlichen Gebrauch oder f\u00fcr jegliche Art von In-vivo-Tests an Tieren oder lebenden Organismen geeignet. Dibutylon online kaufen.<\/p>","protected":false},"excerpt":{"rendered":"<p>Acheter Dibutylon Kristall en ligne. Le dibutylone, parfois appel\u00e9 bk-DMBDB, est une substance psychoactive qui peut \u00eatre achet\u00e9e en ligne. Il appartient \u00e0 la m\u00eame classe de m\u00e9dicaments que la cathinone, la ph\u00e9n\u00e9thylamine et l&rsquo;amph\u00e9tamine. La m\u00e9thylone et le dibutylone, deux \u00ab drogues de synth\u00e8se \u00bb couramment utilis\u00e9es pour fabriquer des articles comme la literie, [&hellip;]<\/p>","protected":false},"featured_media":2899,"comment_status":"open","ping_status":"closed","template":"","meta":{"_joinchat":[]},"product_brand":[],"product_cat":[385],"product_tag":[],"class_list":{"0":"post-2874","1":"product","2":"type-product","3":"status-publish","4":"has-post-thumbnail","6":"product_cat-forschung-schemikalien","8":"first","9":"instock","10":"shipping-taxable","11":"purchasable","12":"product-type-variable"},"yoast_head":"<!-- This site is optimized with the Yoast SEO plugin v23.5 - https:\/\/yoast.com\/wordpress\/plugins\/seo\/ -->\n<title>Acheter du dibutylone en ligne - Dibutylone \u00e0 vendre<\/title>\n<meta name=\"description\" content=\"Le dibutylone est d\u00e9sormais facilement disponible \u00e0 la vente dans notre boutique en ligne Nembutal. Vous pouvez vous connecter directement \u00e0 notre boutique de m\u00e9dicaments et acheter du dibutylone en ligne aux meilleurs prix.\" \/>\n<meta name=\"robots\" content=\"index, follow, max-snippet:-1, max-image-preview:large, max-video-preview:-1\" \/>\n<link rel=\"canonical\" href=\"https:\/\/nembutalboutique.com\/de\/produkt\/dibutylon\/\" \/>\n<meta property=\"og:locale\" content=\"de_DE\" \/>\n<meta property=\"og:type\" content=\"article\" \/>\n<meta property=\"og:title\" content=\"Acheter du dibutylone en ligne - Dibutylone \u00e0 vendre\" \/>\n<meta property=\"og:description\" content=\"Le dibutylone est d\u00e9sormais facilement disponible \u00e0 la vente dans notre boutique en ligne Nembutal. Vous pouvez vous connecter directement \u00e0 notre boutique de m\u00e9dicaments et acheter du dibutylone en ligne aux meilleurs prix.\" \/>\n<meta property=\"og:url\" content=\"https:\/\/nembutalboutique.com\/de\/produkt\/dibutylon\/\" \/>\n<meta property=\"og:site_name\" content=\"Nembutal Boutique\" \/>\n<meta property=\"article:modified_time\" content=\"2024-09-20T10:31:44+00:00\" \/>\n<meta property=\"og:image\" content=\"https:\/\/nembutalboutique.com\/wp-content\/uploads\/2024\/09\/Dibutylone.gif\" \/>\n\t<meta property=\"og:image:width\" content=\"600\" \/>\n\t<meta property=\"og:image:height\" content=\"600\" \/>\n\t<meta property=\"og:image:type\" content=\"image\/gif\" \/>\n<meta name=\"twitter:card\" content=\"summary_large_image\" \/>\n<meta name=\"twitter:label1\" content=\"Gesch\u00e4tzte Lesezeit\" \/>\n\t<meta name=\"twitter:data1\" content=\"4\u00a0Minuten\" \/>\n<script type=\"application\/ld+json\" class=\"yoast-schema-graph\">{\"@context\":\"https:\/\/schema.org\",\"@graph\":[{\"@type\":\"WebPage\",\"@id\":\"https:\/\/nembutalboutique.com\/produit\/dibutylone\/\",\"url\":\"https:\/\/nembutalboutique.com\/produit\/dibutylone\/\",\"name\":\"Acheter du dibutylone en ligne - Dibutylone \u00e0 vendre\",\"isPartOf\":{\"@id\":\"https:\/\/nembutalboutique.com\/#website\"},\"primaryImageOfPage\":{\"@id\":\"https:\/\/nembutalboutique.com\/produit\/dibutylone\/#primaryimage\"},\"image\":{\"@id\":\"https:\/\/nembutalboutique.com\/produit\/dibutylone\/#primaryimage\"},\"thumbnailUrl\":\"https:\/\/nembutalboutique.com\/wp-content\/uploads\/2024\/09\/Dibutylone.gif\",\"datePublished\":\"2024-09-16T08:13:15+00:00\",\"dateModified\":\"2024-09-20T10:31:44+00:00\",\"description\":\"Le dibutylone est d\u00e9sormais facilement disponible \u00e0 la vente dans notre boutique en ligne Nembutal. Vous pouvez vous connecter directement \u00e0 notre boutique de m\u00e9dicaments et acheter du dibutylone en ligne aux meilleurs prix.\",\"breadcrumb\":{\"@id\":\"https:\/\/nembutalboutique.com\/produit\/dibutylone\/#breadcrumb\"},\"inLanguage\":\"de\",\"potentialAction\":[{\"@type\":\"ReadAction\",\"target\":[\"https:\/\/nembutalboutique.com\/produit\/dibutylone\/\"]}]},{\"@type\":\"ImageObject\",\"inLanguage\":\"de\",\"@id\":\"https:\/\/nembutalboutique.com\/produit\/dibutylone\/#primaryimage\",\"url\":\"https:\/\/nembutalboutique.com\/wp-content\/uploads\/2024\/09\/Dibutylone.gif\",\"contentUrl\":\"https:\/\/nembutalboutique.com\/wp-content\/uploads\/2024\/09\/Dibutylone.gif\",\"width\":600,\"height\":600,\"caption\":\"Acheter Dibutylone.gif\"},{\"@type\":\"BreadcrumbList\",\"@id\":\"https:\/\/nembutalboutique.com\/produit\/dibutylone\/#breadcrumb\",\"itemListElement\":[{\"@type\":\"ListItem\",\"position\":1,\"name\":\"Home\",\"item\":\"https:\/\/nembutalboutique.com\/\"},{\"@type\":\"ListItem\",\"position\":2,\"name\":\"Boutique\",\"item\":\"https:\/\/nembutalboutique.com\/shop\/\"},{\"@type\":\"ListItem\",\"position\":3,\"name\":\"dibutylone\"}]},{\"@type\":\"WebSite\",\"@id\":\"https:\/\/nembutalboutique.com\/#website\",\"url\":\"https:\/\/nembutalboutique.com\/\",\"name\":\"Nembutal Boutique\",\"description\":\"My WordPress Blog\",\"publisher\":{\"@id\":\"https:\/\/nembutalboutique.com\/#organization\"},\"potentialAction\":[{\"@type\":\"SearchAction\",\"target\":{\"@type\":\"EntryPoint\",\"urlTemplate\":\"https:\/\/nembutalboutique.com\/?s={search_term_string}\"},\"query-input\":{\"@type\":\"PropertyValueSpecification\",\"valueRequired\":true,\"valueName\":\"search_term_string\"}}],\"inLanguage\":\"de\"},{\"@type\":\"Organization\",\"@id\":\"https:\/\/nembutalboutique.com\/#organization\",\"name\":\"Nembutal Boutique\",\"url\":\"https:\/\/nembutalboutique.com\/\",\"logo\":{\"@type\":\"ImageObject\",\"inLanguage\":\"de\",\"@id\":\"https:\/\/nembutalboutique.com\/#\/schema\/logo\/image\/\",\"url\":\"https:\/\/nembutalboutique.com\/wp-content\/uploads\/2024\/01\/logo.png\",\"contentUrl\":\"https:\/\/nembutalboutique.com\/wp-content\/uploads\/2024\/01\/logo.png\",\"width\":494,\"height\":121,\"caption\":\"Nembutal Boutique\"},\"image\":{\"@id\":\"https:\/\/nembutalboutique.com\/#\/schema\/logo\/image\/\"}}]}<\/script>\n<!-- \/ Yoast SEO plugin. -->","yoast_head_json":{"title":"Dibutylone online kaufen - Dibutylone zum Verkauf","description":"Dibutylone ist jetzt ganz einfach in unserem Nembutal Online-Shop zu kaufen. Sie k\u00f6nnen sich direkt in unseren Medikamenten-Shop einloggen und Dibutylone online zu den besten Preisen kaufen.","robots":{"index":"index","follow":"follow","max-snippet":"max-snippet:-1","max-image-preview":"max-image-preview:large","max-video-preview":"max-video-preview:-1"},"canonical":"https:\/\/nembutalboutique.com\/de\/produkt\/dibutylon\/","og_locale":"de_DE","og_type":"article","og_title":"Acheter du dibutylone en ligne - Dibutylone \u00e0 vendre","og_description":"Le dibutylone est d\u00e9sormais facilement disponible \u00e0 la vente dans notre boutique en ligne Nembutal. Vous pouvez vous connecter directement \u00e0 notre boutique de m\u00e9dicaments et acheter du dibutylone en ligne aux meilleurs prix.","og_url":"https:\/\/nembutalboutique.com\/de\/produkt\/dibutylon\/","og_site_name":"Nembutal Boutique","article_modified_time":"2024-09-20T10:31:44+00:00","og_image":[{"width":600,"height":600,"url":"https:\/\/nembutalboutique.com\/wp-content\/uploads\/2024\/09\/Dibutylone.gif","type":"image\/gif"}],"twitter_card":"summary_large_image","twitter_misc":{"Gesch\u00e4tzte Lesezeit":"4\u00a0Minuten"},"schema":{"@context":"https:\/\/schema.org","@graph":[{"@type":"WebPage","@id":"https:\/\/nembutalboutique.com\/produit\/dibutylone\/","url":"https:\/\/nembutalboutique.com\/produit\/dibutylone\/","name":"Dibutylone online kaufen - Dibutylone zum Verkauf","isPartOf":{"@id":"https:\/\/nembutalboutique.com\/#website"},"primaryImageOfPage":{"@id":"https:\/\/nembutalboutique.com\/produit\/dibutylone\/#primaryimage"},"image":{"@id":"https:\/\/nembutalboutique.com\/produit\/dibutylone\/#primaryimage"},"thumbnailUrl":"https:\/\/nembutalboutique.com\/wp-content\/uploads\/2024\/09\/Dibutylone.gif","datePublished":"2024-09-16T08:13:15+00:00","dateModified":"2024-09-20T10:31:44+00:00","description":"Dibutylone ist jetzt ganz einfach in unserem Nembutal Online-Shop zu kaufen. Sie k\u00f6nnen sich direkt in unseren Medikamenten-Shop einloggen und Dibutylone online zu den besten Preisen kaufen.","breadcrumb":{"@id":"https:\/\/nembutalboutique.com\/produit\/dibutylone\/#breadcrumb"},"inLanguage":"de","potentialAction":[{"@type":"ReadAction","target":["https:\/\/nembutalboutique.com\/produit\/dibutylone\/"]}]},{"@type":"ImageObject","inLanguage":"de","@id":"https:\/\/nembutalboutique.com\/produit\/dibutylone\/#primaryimage","url":"https:\/\/nembutalboutique.com\/wp-content\/uploads\/2024\/09\/Dibutylone.gif","contentUrl":"https:\/\/nembutalboutique.com\/wp-content\/uploads\/2024\/09\/Dibutylone.gif","width":600,"height":600,"caption":"Acheter Dibutylone.gif"},{"@type":"BreadcrumbList","@id":"https:\/\/nembutalboutique.com\/produit\/dibutylone\/#breadcrumb","itemListElement":[{"@type":"ListItem","position":1,"name":"Home","item":"https:\/\/nembutalboutique.com\/"},{"@type":"ListItem","position":2,"name":"Boutique","item":"https:\/\/nembutalboutique.com\/shop\/"},{"@type":"ListItem","position":3,"name":"dibutylone"}]},{"@type":"WebSite","@id":"https:\/\/nembutalboutique.com\/#website","url":"https:\/\/nembutalboutique.com\/","name":"Nembutal Boutique","description":"Mein WordPress-Blog","publisher":{"@id":"https:\/\/nembutalboutique.com\/#organization"},"potentialAction":[{"@type":"SearchAction","target":{"@type":"EntryPoint","urlTemplate":"https:\/\/nembutalboutique.com\/?s={search_term_string}"},"query-input":{"@type":"PropertyValueSpecification","valueRequired":true,"valueName":"search_term_string"}}],"inLanguage":"de"},{"@type":"Organization","@id":"https:\/\/nembutalboutique.com\/#organization","name":"Nembutal Boutique","url":"https:\/\/nembutalboutique.com\/","logo":{"@type":"ImageObject","inLanguage":"de","@id":"https:\/\/nembutalboutique.com\/#\/schema\/logo\/image\/","url":"https:\/\/nembutalboutique.com\/wp-content\/uploads\/2024\/01\/logo.png","contentUrl":"https:\/\/nembutalboutique.com\/wp-content\/uploads\/2024\/01\/logo.png","width":494,"height":121,"caption":"Nembutal Boutique"},"image":{"@id":"https:\/\/nembutalboutique.com\/#\/schema\/logo\/image\/"}}]}},"_links":{"self":[{"href":"https:\/\/nembutalboutique.com\/de\/wp-json\/wp\/v2\/product\/2874"}],"collection":[{"href":"https:\/\/nembutalboutique.com\/de\/wp-json\/wp\/v2\/product"}],"about":[{"href":"https:\/\/nembutalboutique.com\/de\/wp-json\/wp\/v2\/types\/product"}],"replies":[{"embeddable":true,"href":"https:\/\/nembutalboutique.com\/de\/wp-json\/wp\/v2\/comments?post=2874"}],"wp:featuredmedia":[{"embeddable":true,"href":"https:\/\/nembutalboutique.com\/de\/wp-json\/wp\/v2\/media\/2899"}],"wp:attachment":[{"href":"https:\/\/nembutalboutique.com\/de\/wp-json\/wp\/v2\/media?parent=2874"}],"wp:term":[{"taxonomy":"product_brand","embeddable":true,"href":"https:\/\/nembutalboutique.com\/de\/wp-json\/wp\/v2\/product_brand?post=2874"},{"taxonomy":"product_cat","embeddable":true,"href":"https:\/\/nembutalboutique.com\/de\/wp-json\/wp\/v2\/product_cat?post=2874"},{"taxonomy":"product_tag","embeddable":true,"href":"https:\/\/nembutalboutique.com\/de\/wp-json\/wp\/v2\/product_tag?post=2874"}],"curies":[{"name":"wp","href":"https:\/\/api.w.org\/{rel}","templated":true}]}}