{"id":2824,"date":"2024-09-16T08:12:45","date_gmt":"2024-09-16T08:12:45","guid":{"rendered":"https:\/\/nembutalboutique.com\/?post_type=product&#038;p=2824"},"modified":"2024-09-20T10:33:52","modified_gmt":"2024-09-20T10:33:52","slug":"bk-ebdp","status":"publish","type":"product","link":"https:\/\/nembutalboutique.com\/de\/produkt\/bk-ebdp\/","title":{"rendered":"BK-EBDP"},"content":{"rendered":"<h2>KAUFEN Sie BK-EBDP online,<\/h2>\n<p>Eine neue Strategie f\u00fcr Forschung und Anregung ist das <a href=\"https:\/\/nembutalboutique.com\/produit\/bk-ebdp\/\">BK-EBDP<\/a>. Obwohl es eine viel h\u00f6here Arbeitssteifigkeit als sein Gegenst\u00fcck Methylon hat, ist es dennoch mit Methylon vergleichbar. Ephylon, auch bk-EBDP genannt, ist eine psychoaktive Substanz, die zur chemischen Klasse der Phenethylamine geh\u00f6rt. Es wird als Stimulans, Psychedelikum und Entaktogen verwendet. Es wird angenommen, dass Alexander Shulgin es als erster synthetisiert hat. Es wird auch unter dem Namen Ethyl-K vermarktet.<\/p>\n<h3>Wozu dient der bk-EBDP?<\/h3>\n<p>Obwohl es nicht so stark ist wie andere Stimulanzien wie MDMA, ist Bk-EBDP daf\u00fcr bekannt, dass es ein mildes Stimulans und ein Appetitz\u00fcgler ist, wenn es verwendet wird. Es wird von Personen verwendet, die eine leichte Euphorie versp\u00fcren wollen, sich aber nicht auf ein zwanghaftes oder unfreiwilliges Verhalten einlassen wollen. Dies kann \u00fcber die Medien geschehen. Es erzeugt ein starkes Verlangen nach k\u00f6rperlich anstrengenden Aktivit\u00e4ten und wird von Personen verwendet, die sich auf intensives Training und \u00dcbungen einlassen.<\/p>\n<p>Au\u00dferdem f\u00fchrt er aufgrund seiner Stimulation zu \u00fcberm\u00e4\u00dfigem Wasserverbrauch. Obwohl es nicht jedermanns Sache ist, kann es den Appetit steigern. Es ist bekannt, dass Menschen ihn zu nichtmedizinischen Zwecken verwenden, um Effekte wie die St\u00e4rkung des Egos oder eine emotionale Verbesserung zu erzielen.<\/p>\n<h3>Unerw\u00fcnschte Nebenwirkungen von bk-EBDP<\/h3>\n<p>Die <a href=\"https:\/\/en.wikipedia.org\/wiki\/1,3-Benzodioxolyl-N-ethylpentanamine\">bk-EBDP<\/a> ist ein Stimulans, das psychedelische und entaktogene Wirkungen hat. Es kann ein leicht erratisches Verhalten hervorrufen, das oft als nerv\u00f6ses oder erregtes Verhalten bei der Akzeptanz beschrieben wird. Es kann den K\u00f6rperkontakt verbessern. Eine Nebenwirkung des Medikaments ist eine leichte Augenreizung, die ein bis zwei Wochen nach Beginn der Behandlung auftritt.<\/p>\n<p>Zu den k\u00f6rperlichen Auswirkungen geh\u00f6ren Amputationen von Gliedma\u00dfen, Kontraktionen im ganzen K\u00f6rper und unkontrollierbare Extremit\u00e4ten aufgrund des Verlusts der motorischen Funktion. Das Trinken von zu viel Wasser kann zu einem schweren Kater und Appetitlosigkeit f\u00fchren. Zu den Nebenwirkungen geh\u00f6ren eine erh\u00f6hte Herzfrequenz und Blutungen.<\/p>\n<p>Ungleichheit bei Medikamenten kann sch\u00e4dliche Auswirkungen haben.<\/p>\n<h3>Dosierung und \u00dcberdosierung von bk-EBDP<\/h3>\n<p>Die Menschen wollen mehr davon einnehmen, da die \u00fcbliche Dosierung selten das gesamte Spektrum der Wirkungen abdeckt. Eine \u00dcberdosierung kann diese Nebenwirkungen sowie zus\u00e4tzliche unerw\u00fcnschte Wirkungen wie schwere Blutungen oder im schlimmsten Fall sogar den Tod verursachen.<br \/>\nRechtsstatus des bk-EBDP<br \/>\nDie meisten L\u00e4nder regulieren die Herstellung, den Vertrieb und das Eigentum an diesen Drohnen.<\/p>\n<h3>Wo kann ich bk-EBDP kaufen?<\/h3>\n<p>Medikamente von guter Qualit\u00e4t sind weltweit auf unserem Marktplatz f\u00fcr Online-Apotheken zu einem sehr wettbewerbsf\u00e4higen Preis f\u00fcr Labore, Apotheken, Forschungszentren oder einzelne Verbraucher erh\u00e4ltlich.<\/p>","protected":false},"excerpt":{"rendered":"<p>ACHETER BK-EBDP en ligne, Une nouvelle strat\u00e9gie de recherche et de stimulation est le BK-EBDP. Bien qu&rsquo;il ait une rigidit\u00e9 de travail beaucoup plus \u00e9lev\u00e9e que son homologue Methylon, il est n\u00e9anmoins comparable au Methylon. L&rsquo;Ephylon, \u00e9galement appel\u00e9 bk-EBDP, est une substance psychoactive qui appartient \u00e0 la classe chimique des ph\u00e9n\u00e9thylamines. Il est utilis\u00e9 comme [&hellip;]<\/p>","protected":false},"featured_media":2837,"comment_status":"open","ping_status":"closed","template":"","meta":{"_joinchat":[]},"product_brand":[],"product_cat":[386],"product_tag":[],"class_list":{"0":"post-2824","1":"product","2":"type-product","3":"status-publish","4":"has-post-thumbnail","6":"product_cat-cannabinoids","8":"first","9":"instock","10":"shipping-taxable","11":"purchasable","12":"product-type-variable"},"yoast_head":"<!-- This site is optimized with the Yoast SEO plugin v23.5 - https:\/\/yoast.com\/wordpress\/plugins\/seo\/ -->\n<title>EBDP \u00e0 vendre - Achetez EBDP en ligne - Commandez EBDP<\/title>\n<meta name=\"description\" content=\"Vous pouvez obtenir EBDP \u00e0 vendre aux meilleurs tarifs dans notre boutique en ligne. Nous sommes l\u00e0 pour vous aider \u00e0 acheter EBDP en ligne. Connectez-vous au meilleur magasin de la ville d\u00e8s aujourd&#039;hui\u00a0!\" \/>\n<meta name=\"robots\" content=\"index, follow, max-snippet:-1, max-image-preview:large, max-video-preview:-1\" \/>\n<link rel=\"canonical\" href=\"https:\/\/nembutalboutique.com\/de\/produkt\/bk-ebdp\/\" \/>\n<meta property=\"og:locale\" content=\"de_DE\" \/>\n<meta property=\"og:type\" content=\"article\" \/>\n<meta property=\"og:title\" content=\"EBDP \u00e0 vendre - Achetez EBDP en ligne - Commandez EBDP\" \/>\n<meta property=\"og:description\" content=\"Vous pouvez obtenir EBDP \u00e0 vendre aux meilleurs tarifs dans notre boutique en ligne. Nous sommes l\u00e0 pour vous aider \u00e0 acheter EBDP en ligne. Connectez-vous au meilleur magasin de la ville d\u00e8s aujourd&#039;hui\u00a0!\" \/>\n<meta property=\"og:url\" content=\"https:\/\/nembutalboutique.com\/de\/produkt\/bk-ebdp\/\" \/>\n<meta property=\"og:site_name\" content=\"Nembutal Boutique\" \/>\n<meta property=\"article:modified_time\" content=\"2024-09-20T10:33:52+00:00\" \/>\n<meta property=\"og:image\" content=\"https:\/\/nembutalboutique.com\/wp-content\/uploads\/2024\/09\/BK-EBDP.gif\" \/>\n\t<meta property=\"og:image:width\" content=\"600\" \/>\n\t<meta property=\"og:image:height\" content=\"600\" \/>\n\t<meta property=\"og:image:type\" content=\"image\/gif\" \/>\n<meta name=\"twitter:card\" content=\"summary_large_image\" \/>\n<meta name=\"twitter:label1\" content=\"Gesch\u00e4tzte Lesezeit\" \/>\n\t<meta name=\"twitter:data1\" content=\"3\u00a0Minuten\" \/>\n<script type=\"application\/ld+json\" class=\"yoast-schema-graph\">{\"@context\":\"https:\/\/schema.org\",\"@graph\":[{\"@type\":\"WebPage\",\"@id\":\"https:\/\/nembutalboutique.com\/produit\/bk-ebdp\/\",\"url\":\"https:\/\/nembutalboutique.com\/produit\/bk-ebdp\/\",\"name\":\"EBDP \u00e0 vendre - Achetez EBDP en ligne - Commandez EBDP\",\"isPartOf\":{\"@id\":\"https:\/\/nembutalboutique.com\/#website\"},\"primaryImageOfPage\":{\"@id\":\"https:\/\/nembutalboutique.com\/produit\/bk-ebdp\/#primaryimage\"},\"image\":{\"@id\":\"https:\/\/nembutalboutique.com\/produit\/bk-ebdp\/#primaryimage\"},\"thumbnailUrl\":\"https:\/\/nembutalboutique.com\/wp-content\/uploads\/2024\/09\/BK-EBDP.gif\",\"datePublished\":\"2024-09-16T08:12:45+00:00\",\"dateModified\":\"2024-09-20T10:33:52+00:00\",\"description\":\"Vous pouvez obtenir EBDP \u00e0 vendre aux meilleurs tarifs dans notre boutique en ligne. Nous sommes l\u00e0 pour vous aider \u00e0 acheter EBDP en ligne. Connectez-vous au meilleur magasin de la ville d\u00e8s aujourd'hui\u00a0!\",\"breadcrumb\":{\"@id\":\"https:\/\/nembutalboutique.com\/produit\/bk-ebdp\/#breadcrumb\"},\"inLanguage\":\"de\",\"potentialAction\":[{\"@type\":\"ReadAction\",\"target\":[\"https:\/\/nembutalboutique.com\/produit\/bk-ebdp\/\"]}]},{\"@type\":\"ImageObject\",\"inLanguage\":\"de\",\"@id\":\"https:\/\/nembutalboutique.com\/produit\/bk-ebdp\/#primaryimage\",\"url\":\"https:\/\/nembutalboutique.com\/wp-content\/uploads\/2024\/09\/BK-EBDP.gif\",\"contentUrl\":\"https:\/\/nembutalboutique.com\/wp-content\/uploads\/2024\/09\/BK-EBDP.gif\",\"width\":600,\"height\":600,\"caption\":\"Acheter BK-EBDP.gif\"},{\"@type\":\"BreadcrumbList\",\"@id\":\"https:\/\/nembutalboutique.com\/produit\/bk-ebdp\/#breadcrumb\",\"itemListElement\":[{\"@type\":\"ListItem\",\"position\":1,\"name\":\"Home\",\"item\":\"https:\/\/nembutalboutique.com\/\"},{\"@type\":\"ListItem\",\"position\":2,\"name\":\"Boutique\",\"item\":\"https:\/\/nembutalboutique.com\/shop\/\"},{\"@type\":\"ListItem\",\"position\":3,\"name\":\"BK-EBDP\"}]},{\"@type\":\"WebSite\",\"@id\":\"https:\/\/nembutalboutique.com\/#website\",\"url\":\"https:\/\/nembutalboutique.com\/\",\"name\":\"Nembutal Boutique\",\"description\":\"My WordPress Blog\",\"publisher\":{\"@id\":\"https:\/\/nembutalboutique.com\/#organization\"},\"potentialAction\":[{\"@type\":\"SearchAction\",\"target\":{\"@type\":\"EntryPoint\",\"urlTemplate\":\"https:\/\/nembutalboutique.com\/?s={search_term_string}\"},\"query-input\":{\"@type\":\"PropertyValueSpecification\",\"valueRequired\":true,\"valueName\":\"search_term_string\"}}],\"inLanguage\":\"de\"},{\"@type\":\"Organization\",\"@id\":\"https:\/\/nembutalboutique.com\/#organization\",\"name\":\"Nembutal Boutique\",\"url\":\"https:\/\/nembutalboutique.com\/\",\"logo\":{\"@type\":\"ImageObject\",\"inLanguage\":\"de\",\"@id\":\"https:\/\/nembutalboutique.com\/#\/schema\/logo\/image\/\",\"url\":\"https:\/\/nembutalboutique.com\/wp-content\/uploads\/2024\/01\/logo.png\",\"contentUrl\":\"https:\/\/nembutalboutique.com\/wp-content\/uploads\/2024\/01\/logo.png\",\"width\":494,\"height\":121,\"caption\":\"Nembutal Boutique\"},\"image\":{\"@id\":\"https:\/\/nembutalboutique.com\/#\/schema\/logo\/image\/\"}}]}<\/script>\n<!-- \/ Yoast SEO plugin. -->","yoast_head_json":{"title":"EBDP zum Verkauf - EBDP online kaufen - EBDP bestellen","description":"Sie k\u00f6nnen EBDP zum Verkauf zu den besten Preisen in unserem Online-Shop erhalten. Wir sind hier, um Ihnen zu helfen, EBDP online zu kaufen. Melden Sie sich noch heute beim besten Shop der Stadt an!","robots":{"index":"index","follow":"follow","max-snippet":"max-snippet:-1","max-image-preview":"max-image-preview:large","max-video-preview":"max-video-preview:-1"},"canonical":"https:\/\/nembutalboutique.com\/de\/produkt\/bk-ebdp\/","og_locale":"de_DE","og_type":"article","og_title":"EBDP \u00e0 vendre - Achetez EBDP en ligne - Commandez EBDP","og_description":"Vous pouvez obtenir EBDP \u00e0 vendre aux meilleurs tarifs dans notre boutique en ligne. Nous sommes l\u00e0 pour vous aider \u00e0 acheter EBDP en ligne. Connectez-vous au meilleur magasin de la ville d\u00e8s aujourd'hui\u00a0!","og_url":"https:\/\/nembutalboutique.com\/de\/produkt\/bk-ebdp\/","og_site_name":"Nembutal Boutique","article_modified_time":"2024-09-20T10:33:52+00:00","og_image":[{"width":600,"height":600,"url":"https:\/\/nembutalboutique.com\/wp-content\/uploads\/2024\/09\/BK-EBDP.gif","type":"image\/gif"}],"twitter_card":"summary_large_image","twitter_misc":{"Gesch\u00e4tzte Lesezeit":"3\u00a0Minuten"},"schema":{"@context":"https:\/\/schema.org","@graph":[{"@type":"WebPage","@id":"https:\/\/nembutalboutique.com\/produit\/bk-ebdp\/","url":"https:\/\/nembutalboutique.com\/produit\/bk-ebdp\/","name":"EBDP zum Verkauf - EBDP online kaufen - EBDP bestellen","isPartOf":{"@id":"https:\/\/nembutalboutique.com\/#website"},"primaryImageOfPage":{"@id":"https:\/\/nembutalboutique.com\/produit\/bk-ebdp\/#primaryimage"},"image":{"@id":"https:\/\/nembutalboutique.com\/produit\/bk-ebdp\/#primaryimage"},"thumbnailUrl":"https:\/\/nembutalboutique.com\/wp-content\/uploads\/2024\/09\/BK-EBDP.gif","datePublished":"2024-09-16T08:12:45+00:00","dateModified":"2024-09-20T10:33:52+00:00","description":"Sie k\u00f6nnen EBDP zum Verkauf zu den besten Preisen in unserem Online-Shop erhalten. Wir sind hier, um Ihnen zu helfen, EBDP online zu kaufen. Melden Sie sich noch heute beim besten Shop der Stadt an!","breadcrumb":{"@id":"https:\/\/nembutalboutique.com\/produit\/bk-ebdp\/#breadcrumb"},"inLanguage":"de","potentialAction":[{"@type":"ReadAction","target":["https:\/\/nembutalboutique.com\/produit\/bk-ebdp\/"]}]},{"@type":"ImageObject","inLanguage":"de","@id":"https:\/\/nembutalboutique.com\/produit\/bk-ebdp\/#primaryimage","url":"https:\/\/nembutalboutique.com\/wp-content\/uploads\/2024\/09\/BK-EBDP.gif","contentUrl":"https:\/\/nembutalboutique.com\/wp-content\/uploads\/2024\/09\/BK-EBDP.gif","width":600,"height":600,"caption":"Acheter BK-EBDP.gif"},{"@type":"BreadcrumbList","@id":"https:\/\/nembutalboutique.com\/produit\/bk-ebdp\/#breadcrumb","itemListElement":[{"@type":"ListItem","position":1,"name":"Home","item":"https:\/\/nembutalboutique.com\/"},{"@type":"ListItem","position":2,"name":"Boutique","item":"https:\/\/nembutalboutique.com\/shop\/"},{"@type":"ListItem","position":3,"name":"BK-EBDP"}]},{"@type":"WebSite","@id":"https:\/\/nembutalboutique.com\/#website","url":"https:\/\/nembutalboutique.com\/","name":"Nembutal Boutique","description":"Mein WordPress-Blog","publisher":{"@id":"https:\/\/nembutalboutique.com\/#organization"},"potentialAction":[{"@type":"SearchAction","target":{"@type":"EntryPoint","urlTemplate":"https:\/\/nembutalboutique.com\/?s={search_term_string}"},"query-input":{"@type":"PropertyValueSpecification","valueRequired":true,"valueName":"search_term_string"}}],"inLanguage":"de"},{"@type":"Organization","@id":"https:\/\/nembutalboutique.com\/#organization","name":"Nembutal Boutique","url":"https:\/\/nembutalboutique.com\/","logo":{"@type":"ImageObject","inLanguage":"de","@id":"https:\/\/nembutalboutique.com\/#\/schema\/logo\/image\/","url":"https:\/\/nembutalboutique.com\/wp-content\/uploads\/2024\/01\/logo.png","contentUrl":"https:\/\/nembutalboutique.com\/wp-content\/uploads\/2024\/01\/logo.png","width":494,"height":121,"caption":"Nembutal Boutique"},"image":{"@id":"https:\/\/nembutalboutique.com\/#\/schema\/logo\/image\/"}}]}},"_links":{"self":[{"href":"https:\/\/nembutalboutique.com\/de\/wp-json\/wp\/v2\/product\/2824"}],"collection":[{"href":"https:\/\/nembutalboutique.com\/de\/wp-json\/wp\/v2\/product"}],"about":[{"href":"https:\/\/nembutalboutique.com\/de\/wp-json\/wp\/v2\/types\/product"}],"replies":[{"embeddable":true,"href":"https:\/\/nembutalboutique.com\/de\/wp-json\/wp\/v2\/comments?post=2824"}],"wp:featuredmedia":[{"embeddable":true,"href":"https:\/\/nembutalboutique.com\/de\/wp-json\/wp\/v2\/media\/2837"}],"wp:attachment":[{"href":"https:\/\/nembutalboutique.com\/de\/wp-json\/wp\/v2\/media?parent=2824"}],"wp:term":[{"taxonomy":"product_brand","embeddable":true,"href":"https:\/\/nembutalboutique.com\/de\/wp-json\/wp\/v2\/product_brand?post=2824"},{"taxonomy":"product_cat","embeddable":true,"href":"https:\/\/nembutalboutique.com\/de\/wp-json\/wp\/v2\/product_cat?post=2824"},{"taxonomy":"product_tag","embeddable":true,"href":"https:\/\/nembutalboutique.com\/de\/wp-json\/wp\/v2\/product_tag?post=2824"}],"curies":[{"name":"wp","href":"https:\/\/api.w.org\/{rel}","templated":true}]}}