{"id":2685,"date":"2024-09-16T08:11:44","date_gmt":"2024-09-16T08:11:44","guid":{"rendered":"https:\/\/nembutalboutique.com\/?post_type=product&#038;p=2685"},"modified":"2024-09-20T11:06:54","modified_gmt":"2024-09-20T11:06:54","slug":"apvp","status":"publish","type":"product","link":"https:\/\/nembutalboutique.com\/de\/produkt\/apvp\/","title":{"rendered":"APVP"},"content":{"rendered":"<h2>Kaufen Sie echtes A-PVP 100% bei Kaufen Nembutal | KAUFEN Sie REINES A-PVP sicher online<\/h2>\n<p>Buy a-PVP Crystal Powder Online \u00c4hnlich wie MDPV und \"Badesalz\" in den ersten Monaten des Jahres 2011 beschrieben wurden, ist Buy a-PVP Crystal Powder Online ein relativ neues Produkt, das von den Medien genau unter die Lupe genommen wird.<\/p>\n<p>Eine Substanz, die zur Familie der synthetischen Stimulanzien, Pyrovaleron und Cathinon, geh\u00f6rt. Kaufen Sie a-PVP Kristallpulver online. Es wird auch als <a href=\"https:\/\/nembutalboutique.com\/produit\/apvp\/\">A-PVP<\/a>, Alpha-PVP, \u03b1-Pyrrolidinopentiophenon oder Flakka. Chemisch gesehen \u00e4hnelt es anderen pyroclazonhaltigen Verbindungen wie MDPV und den phenolhaltigen Verbindungen, die in der s\u00fcdafrikanischen Khat-Pflanze vorkommen. Anwender k\u00f6nnen es konsumieren, um Wirkungen zu erzielen, die mit denen von Kakain und Amphetamin recht vergleichbar sind. Gew\u00f6hnlich liegt es in Form eines riesigen Kristallseparators oder eines Kristallpulvers vor.<\/p>\n<p>A-PVP Pulver online kaufen. Pulver kaufen <a href=\"https:\/\/en.wikipedia.org\/wiki\/Alpha-Pyrrolidinopentiophenone\">A-PVP<\/a> online zur Verf\u00fcgung gestellt. Das Pulver ist ein relativ neues Produkt und wird von den Medien genau unter die Lupe genommen, ebenso wie das 2011 eingef\u00fchrte MDPV und \"Badesalz\". Es wird h\u00e4ufig in gro\u00dfen Mengen in China hergestellt und von Verk\u00e4ufern online als Forschungschemikalie verkauft.<\/p>\n<h3>Auswirkungen von Alpha-PVP-Kristallen auf das Aussehen<\/h3>\n<p>Unerwartete taktile Erfahrungen Der ganze K\u00f6rper wird von einem leichten bis starken euphorischen Kribbeln betroffen, das als \"K\u00f6rperhoch\" von \u03b1-PVP bezeichnet wird. Es kann bei h\u00f6heren Dosierungen \u00fcberschritten werden. Dieses Gef\u00fchl ist allumfassend; es beginnt normal und erreicht einen H\u00f6hepunkt, bevor es wieder abf\u00e4llt.<\/p>\n<p>Es wird angenommen, dass \u03b1-PVP einen guten Effekt hinsichtlich der Auswirkungen auf das Niveau der k\u00f6rperlichen Energie des Nutzers hatte.<\/p>\n<p>unglaublich inspirierend und motivierend. Es ermutigt zu k\u00f6rperlicher Aktivit\u00e4t wie Tanzen,<\/p>\n<p>Die Geschichte der A-PVP<br \/>\nA-PVP wurde erst vor kurzem entdeckt und ist seitdem seit 2011 Gegenstand von Untersuchungen durch Forscher und Medien, haupts\u00e4chlich aufgrund von Personen, die es missbrauchen, indem sie seine stimulierende Wirkung nutzen, ohne die entsprechenden Verfahren oder Richtlinien zu befolgen. Obwohl es nur begrenzt als Forschungsinstrument eingesetzt wurde, wird A-PVP in China in gro\u00dfen Mengen produziert.<\/p>\n<h3>Zu welchem Zweck wird A-PVP eingesetzt?<\/h3>\n<p>A-PVP ist f\u00fcr seine stimulierende Wirkung bekannt, und nach dem Konsum wurde festgestellt, dass es energetische Effekte hervorruft, die den Menschen helfen, zu rennen, zu tanzen oder sich mit anderen zu verbinden. Es ist auch bekannt, dass es bewirkt, dass sich die Anwender in energische oder stimulierende Aktivit\u00e4ten st\u00fcrzen; bei h\u00f6heren Dosen wird diese Nebenwirkung schwerer zu tolerieren sein. Diese Eigenschaften haben die Aufmerksamkeit der Menschen auf sich selbst gelenkt und sie dazu gebracht, sich an h\u00e4ufigen und energiereichen Aktivit\u00e4ten zu beteiligen.<\/p>\n<p>Es kann Gef\u00fchle von Motivation, sozialer Energie und Selbstbewusstsein ausl\u00f6sen. Es erzeugt einen starken Antrieb f\u00fcr k\u00f6rperlich anstrengende Aktivit\u00e4ten und wird von Personen verwendet, die sich in intensiven Trainings und \u00dcbungen engagieren.<br \/>\nAu\u00dferdem verursacht er aufgrund seiner Stimulation einen \u00fcberm\u00e4\u00dfigen Wasserverbrauch. Auch wenn es nicht allen Anwendern gef\u00e4llt, kann es den Appetit steigern. Es ist bekannt, dass Menschen es zu nichtmedizinischen Zwecken verwendet haben, um Effekte wie die Steigerung des Egos oder emotionale Steigerung zu erzielen.<\/p>\n<h3>Auswirkungen von A-PVP<\/h3>\n<p>Aufgrund der stimulierenden Wirkung von Drosera sind die Effekte \u00e4hnlich. Es bringt die Anwender dazu, \u00fcberm\u00e4\u00dfig zu handeln oder sich energisch zu verhalten. Zu den k\u00f6rperlichen Auswirkungen geh\u00f6ren Amputationen von Gliedma\u00dfen, Zuckungen im ganzen K\u00f6rper und unkontrollierbare Extremit\u00e4ten aufgrund des Verlusts der motorischen Funktion. Au\u00dferdem fallen die Affen durch unkontrollierte Bewegungen oder Bewegungsprobleme auf. Das Trinken von zu viel Wasser kann zu \u00dcbelkeit und Erbrechen f\u00fchren, was in schweren F\u00e4llen eine Dehydrierung zur Folge haben kann. Zu den Nebenwirkungen geh\u00f6ren Schwierigkeiten beim Wasserlassen. Die zwischenmenschliche Kommunikation wird verst\u00e4rkt und eine erh\u00f6hte Herzfrequenz ist eine der Nebenwirkungen. Aufgrund der Angst vor \u00fcberm\u00e4\u00dfiger k\u00f6rperlicher Aktivit\u00e4t ist das Risiko, krank zu werden, erh\u00f6ht.<\/p>\n<p>Ungleichheiten bei Medikamenten k\u00f6nnen sich nachteilig auswirken APVP Online Kaufen.<\/p>\n<h3>Dosierung und \u00dcberdosierung von A-PVP<\/h3>\n<p>Die Dosierung des Medikaments reicht von 1 mg bis 25 mg. Die niedrigeren Dosierungen reichen von weniger als 1 bis 2 mg, w\u00e4hrend die typische Dosierung zwischen 5 und 15 mg liegt. Mehr als 25 mg w\u00fcrde als schwere Dosierung des Medikaments gelten.<\/p>\n<p>Eine \u00dcberdosis kann diese Nebenwirkungen sowie zus\u00e4tzliche unerw\u00fcnschte Wirkungen wie schwere Blutungen oder im schlimmsten Fall sogar den Tod verursachen.<\/p>\n<h3>Rechtsstatus der A-PVP<\/h3>\n<p>Aufgrund seines schlechten Verhaltens ist die Herstellung, der Vertrieb und der Besitz dieses Medikaments in den meisten L\u00e4ndern verboten.<\/p>\n<h3>Wo kann ich A-PVP kaufen?<\/h3>\n<p>Medikamente von guter Qualit\u00e4t sind weltweit auf unserem Marktplatz f\u00fcr Online-Apotheken zu einem sehr wettbewerbsf\u00e4higen Preis f\u00fcr Labore, Apotheken, Forschungszentren oder einzelne Verbraucher erh\u00e4ltlich.<\/p>","protected":false},"excerpt":{"rendered":"<p>Achetez de l&rsquo;A-PVP 100% authentique chez Kaufen Nembutal | ACHETEZ REINES A-PVP en toute s\u00e9curit\u00e9 en ligne Achats APVP en ligne Similaire \u00e0 la fa\u00e7on dont MDPV et \u00ab\u00a0Badesalz\u00a0\u00bb ont \u00e9t\u00e9 d\u00e9crits au cours des premiers mois de 2011, Buy a-PVP Crystal Powder Online est un produit relativement nouveau qui est examin\u00e9 de pr\u00e8s par [&hellip;]<\/p>","protected":false},"featured_media":2698,"comment_status":"open","ping_status":"closed","template":"","meta":{"_joinchat":[]},"product_brand":[],"product_cat":[386,385],"product_tag":[],"class_list":{"0":"post-2685","1":"product","2":"type-product","3":"status-publish","4":"has-post-thumbnail","6":"product_cat-cannabinoids","7":"product_cat-forschung-schemikalien","9":"first","10":"instock","11":"shipping-taxable","12":"purchasable","13":"product-type-variable"},"yoast_head":"<!-- This site is optimized with the Yoast SEO plugin v23.5 - https:\/\/yoast.com\/wordpress\/plugins\/seo\/ -->\n<title>Achetez APVP en ligne - APVP \u00e0 vendre en ligne<\/title>\n<meta name=\"description\" content=\"Ne manquez aucune opportunit\u00e9 d&#039;acheter APVP en ligne sur notre boutique NB. Nous vendons exclusivement des APVP \u00e0 des prix avantageux. Nous sommes l\u00e0 pour vous aider. Commandez maintenant !\" \/>\n<meta name=\"robots\" content=\"index, follow, max-snippet:-1, max-image-preview:large, max-video-preview:-1\" \/>\n<link rel=\"canonical\" href=\"https:\/\/nembutalboutique.com\/de\/produkt\/apvp\/\" \/>\n<meta property=\"og:locale\" content=\"de_DE\" \/>\n<meta property=\"og:type\" content=\"article\" \/>\n<meta property=\"og:title\" content=\"Achetez APVP en ligne - APVP \u00e0 vendre en ligne\" \/>\n<meta property=\"og:description\" content=\"Ne manquez aucune opportunit\u00e9 d&#039;acheter APVP en ligne sur notre boutique NB. Nous vendons exclusivement des APVP \u00e0 des prix avantageux. Nous sommes l\u00e0 pour vous aider. Commandez maintenant !\" \/>\n<meta property=\"og:url\" content=\"https:\/\/nembutalboutique.com\/de\/produkt\/apvp\/\" \/>\n<meta property=\"og:site_name\" content=\"Nembutal Boutique\" \/>\n<meta property=\"article:modified_time\" content=\"2024-09-20T11:06:54+00:00\" \/>\n<meta property=\"og:image\" content=\"https:\/\/nembutalboutique.com\/wp-content\/uploads\/2024\/09\/APVP.gif\" \/>\n\t<meta property=\"og:image:width\" content=\"600\" \/>\n\t<meta property=\"og:image:height\" content=\"600\" \/>\n\t<meta property=\"og:image:type\" content=\"image\/gif\" \/>\n<meta name=\"twitter:card\" content=\"summary_large_image\" \/>\n<meta name=\"twitter:label1\" content=\"Gesch\u00e4tzte Lesezeit\" \/>\n\t<meta name=\"twitter:data1\" content=\"4\u00a0Minuten\" \/>\n<script type=\"application\/ld+json\" class=\"yoast-schema-graph\">{\"@context\":\"https:\/\/schema.org\",\"@graph\":[{\"@type\":\"WebPage\",\"@id\":\"https:\/\/nembutalboutique.com\/produit\/apvp\/\",\"url\":\"https:\/\/nembutalboutique.com\/produit\/apvp\/\",\"name\":\"Achetez APVP en ligne - APVP \u00e0 vendre en ligne\",\"isPartOf\":{\"@id\":\"https:\/\/nembutalboutique.com\/#website\"},\"primaryImageOfPage\":{\"@id\":\"https:\/\/nembutalboutique.com\/produit\/apvp\/#primaryimage\"},\"image\":{\"@id\":\"https:\/\/nembutalboutique.com\/produit\/apvp\/#primaryimage\"},\"thumbnailUrl\":\"https:\/\/nembutalboutique.com\/wp-content\/uploads\/2024\/09\/APVP.gif\",\"datePublished\":\"2024-09-16T08:11:44+00:00\",\"dateModified\":\"2024-09-20T11:06:54+00:00\",\"description\":\"Ne manquez aucune opportunit\u00e9 d'acheter APVP en ligne sur notre boutique NB. Nous vendons exclusivement des APVP \u00e0 des prix avantageux. Nous sommes l\u00e0 pour vous aider. Commandez maintenant !\",\"breadcrumb\":{\"@id\":\"https:\/\/nembutalboutique.com\/produit\/apvp\/#breadcrumb\"},\"inLanguage\":\"de\",\"potentialAction\":[{\"@type\":\"ReadAction\",\"target\":[\"https:\/\/nembutalboutique.com\/produit\/apvp\/\"]}]},{\"@type\":\"ImageObject\",\"inLanguage\":\"de\",\"@id\":\"https:\/\/nembutalboutique.com\/produit\/apvp\/#primaryimage\",\"url\":\"https:\/\/nembutalboutique.com\/wp-content\/uploads\/2024\/09\/APVP.gif\",\"contentUrl\":\"https:\/\/nembutalboutique.com\/wp-content\/uploads\/2024\/09\/APVP.gif\",\"width\":600,\"height\":600,\"caption\":\"Acheter APVP.gif\"},{\"@type\":\"BreadcrumbList\",\"@id\":\"https:\/\/nembutalboutique.com\/produit\/apvp\/#breadcrumb\",\"itemListElement\":[{\"@type\":\"ListItem\",\"position\":1,\"name\":\"Home\",\"item\":\"https:\/\/nembutalboutique.com\/\"},{\"@type\":\"ListItem\",\"position\":2,\"name\":\"Boutique\",\"item\":\"https:\/\/nembutalboutique.com\/shop\/\"},{\"@type\":\"ListItem\",\"position\":3,\"name\":\"APVP\"}]},{\"@type\":\"WebSite\",\"@id\":\"https:\/\/nembutalboutique.com\/#website\",\"url\":\"https:\/\/nembutalboutique.com\/\",\"name\":\"Nembutal Boutique\",\"description\":\"My WordPress Blog\",\"publisher\":{\"@id\":\"https:\/\/nembutalboutique.com\/#organization\"},\"potentialAction\":[{\"@type\":\"SearchAction\",\"target\":{\"@type\":\"EntryPoint\",\"urlTemplate\":\"https:\/\/nembutalboutique.com\/?s={search_term_string}\"},\"query-input\":{\"@type\":\"PropertyValueSpecification\",\"valueRequired\":true,\"valueName\":\"search_term_string\"}}],\"inLanguage\":\"de\"},{\"@type\":\"Organization\",\"@id\":\"https:\/\/nembutalboutique.com\/#organization\",\"name\":\"Nembutal Boutique\",\"url\":\"https:\/\/nembutalboutique.com\/\",\"logo\":{\"@type\":\"ImageObject\",\"inLanguage\":\"de\",\"@id\":\"https:\/\/nembutalboutique.com\/#\/schema\/logo\/image\/\",\"url\":\"https:\/\/nembutalboutique.com\/wp-content\/uploads\/2024\/01\/logo.png\",\"contentUrl\":\"https:\/\/nembutalboutique.com\/wp-content\/uploads\/2024\/01\/logo.png\",\"width\":494,\"height\":121,\"caption\":\"Nembutal Boutique\"},\"image\":{\"@id\":\"https:\/\/nembutalboutique.com\/#\/schema\/logo\/image\/\"}}]}<\/script>\n<!-- \/ Yoast SEO plugin. -->","yoast_head_json":{"title":"Kaufen Sie APVP online - APVP zum Verkauf online","description":"Verpassen Sie keine Gelegenheit, APVP online in unserem NB-Shop zu kaufen. Wir verkaufen ausschlie\u00dflich APVPs zu g\u00fcnstigen Preisen. Wir sind hier, um Ihnen zu helfen. Bestellen Sie jetzt!","robots":{"index":"index","follow":"follow","max-snippet":"max-snippet:-1","max-image-preview":"max-image-preview:large","max-video-preview":"max-video-preview:-1"},"canonical":"https:\/\/nembutalboutique.com\/de\/produkt\/apvp\/","og_locale":"de_DE","og_type":"article","og_title":"Achetez APVP en ligne - APVP \u00e0 vendre en ligne","og_description":"Ne manquez aucune opportunit\u00e9 d'acheter APVP en ligne sur notre boutique NB. Nous vendons exclusivement des APVP \u00e0 des prix avantageux. Nous sommes l\u00e0 pour vous aider. Commandez maintenant !","og_url":"https:\/\/nembutalboutique.com\/de\/produkt\/apvp\/","og_site_name":"Nembutal Boutique","article_modified_time":"2024-09-20T11:06:54+00:00","og_image":[{"width":600,"height":600,"url":"https:\/\/nembutalboutique.com\/wp-content\/uploads\/2024\/09\/APVP.gif","type":"image\/gif"}],"twitter_card":"summary_large_image","twitter_misc":{"Gesch\u00e4tzte Lesezeit":"4\u00a0Minuten"},"schema":{"@context":"https:\/\/schema.org","@graph":[{"@type":"WebPage","@id":"https:\/\/nembutalboutique.com\/produit\/apvp\/","url":"https:\/\/nembutalboutique.com\/produit\/apvp\/","name":"Kaufen Sie APVP online - APVP zum Verkauf online","isPartOf":{"@id":"https:\/\/nembutalboutique.com\/#website"},"primaryImageOfPage":{"@id":"https:\/\/nembutalboutique.com\/produit\/apvp\/#primaryimage"},"image":{"@id":"https:\/\/nembutalboutique.com\/produit\/apvp\/#primaryimage"},"thumbnailUrl":"https:\/\/nembutalboutique.com\/wp-content\/uploads\/2024\/09\/APVP.gif","datePublished":"2024-09-16T08:11:44+00:00","dateModified":"2024-09-20T11:06:54+00:00","description":"Verpassen Sie keine Gelegenheit, APVP online in unserem NB-Shop zu kaufen. Wir verkaufen ausschlie\u00dflich APVPs zu g\u00fcnstigen Preisen. Wir sind hier, um Ihnen zu helfen. Bestellen Sie jetzt!","breadcrumb":{"@id":"https:\/\/nembutalboutique.com\/produit\/apvp\/#breadcrumb"},"inLanguage":"de","potentialAction":[{"@type":"ReadAction","target":["https:\/\/nembutalboutique.com\/produit\/apvp\/"]}]},{"@type":"ImageObject","inLanguage":"de","@id":"https:\/\/nembutalboutique.com\/produit\/apvp\/#primaryimage","url":"https:\/\/nembutalboutique.com\/wp-content\/uploads\/2024\/09\/APVP.gif","contentUrl":"https:\/\/nembutalboutique.com\/wp-content\/uploads\/2024\/09\/APVP.gif","width":600,"height":600,"caption":"Acheter APVP.gif"},{"@type":"BreadcrumbList","@id":"https:\/\/nembutalboutique.com\/produit\/apvp\/#breadcrumb","itemListElement":[{"@type":"ListItem","position":1,"name":"Home","item":"https:\/\/nembutalboutique.com\/"},{"@type":"ListItem","position":2,"name":"Boutique","item":"https:\/\/nembutalboutique.com\/shop\/"},{"@type":"ListItem","position":3,"name":"APVP"}]},{"@type":"WebSite","@id":"https:\/\/nembutalboutique.com\/#website","url":"https:\/\/nembutalboutique.com\/","name":"Nembutal Boutique","description":"Mein WordPress-Blog","publisher":{"@id":"https:\/\/nembutalboutique.com\/#organization"},"potentialAction":[{"@type":"SearchAction","target":{"@type":"EntryPoint","urlTemplate":"https:\/\/nembutalboutique.com\/?s={search_term_string}"},"query-input":{"@type":"PropertyValueSpecification","valueRequired":true,"valueName":"search_term_string"}}],"inLanguage":"de"},{"@type":"Organization","@id":"https:\/\/nembutalboutique.com\/#organization","name":"Nembutal Boutique","url":"https:\/\/nembutalboutique.com\/","logo":{"@type":"ImageObject","inLanguage":"de","@id":"https:\/\/nembutalboutique.com\/#\/schema\/logo\/image\/","url":"https:\/\/nembutalboutique.com\/wp-content\/uploads\/2024\/01\/logo.png","contentUrl":"https:\/\/nembutalboutique.com\/wp-content\/uploads\/2024\/01\/logo.png","width":494,"height":121,"caption":"Nembutal Boutique"},"image":{"@id":"https:\/\/nembutalboutique.com\/#\/schema\/logo\/image\/"}}]}},"_links":{"self":[{"href":"https:\/\/nembutalboutique.com\/de\/wp-json\/wp\/v2\/product\/2685"}],"collection":[{"href":"https:\/\/nembutalboutique.com\/de\/wp-json\/wp\/v2\/product"}],"about":[{"href":"https:\/\/nembutalboutique.com\/de\/wp-json\/wp\/v2\/types\/product"}],"replies":[{"embeddable":true,"href":"https:\/\/nembutalboutique.com\/de\/wp-json\/wp\/v2\/comments?post=2685"}],"wp:featuredmedia":[{"embeddable":true,"href":"https:\/\/nembutalboutique.com\/de\/wp-json\/wp\/v2\/media\/2698"}],"wp:attachment":[{"href":"https:\/\/nembutalboutique.com\/de\/wp-json\/wp\/v2\/media?parent=2685"}],"wp:term":[{"taxonomy":"product_brand","embeddable":true,"href":"https:\/\/nembutalboutique.com\/de\/wp-json\/wp\/v2\/product_brand?post=2685"},{"taxonomy":"product_cat","embeddable":true,"href":"https:\/\/nembutalboutique.com\/de\/wp-json\/wp\/v2\/product_cat?post=2685"},{"taxonomy":"product_tag","embeddable":true,"href":"https:\/\/nembutalboutique.com\/de\/wp-json\/wp\/v2\/product_tag?post=2685"}],"curies":[{"name":"wp","href":"https:\/\/api.w.org\/{rel}","templated":true}]}}