{"id":2584,"date":"2024-09-16T08:11:03","date_gmt":"2024-09-16T08:11:03","guid":{"rendered":"https:\/\/nembutalboutique.com\/?post_type=product&#038;p=2584"},"modified":"2024-09-21T03:59:42","modified_gmt":"2024-09-21T03:59:42","slug":"5f-emb","status":"publish","type":"product","link":"https:\/\/nembutalboutique.com\/de\/produkt\/5f-emb\/","title":{"rendered":"5f-EMB"},"content":{"rendered":"<h2>Kaufen Sie 5f-EMB auf Nembutalboutique.com.<\/h2>\n<p>Kaufen Sie 5f-EMB, Die Kombination von synthetischen und nat\u00fcrlichen Komponenten f\u00fchrte zu einer neuen synthetischen Forschungschemikalie, die unter dem Namen 5f-EMB bekannt ist. Der Hauptzweck von Forschungschemikalien besteht darin, eine eingehende Untersuchung dieser Verbindungen zu erm\u00f6glichen, um mehr \u00fcber ihre Eigenschaften zu erfahren. Die Verwendung von 5f-EMB ist ausschlie\u00dflich auf wissenschaftliche oder forensische Labore beschr\u00e4nkt. Die beste M\u00f6glichkeit, 5f-EMB online zu kaufen, ist NembutalBoutique.<\/p>\n<p>Da 5f-EMB eine relativ neue Chemikalie auf dem Markt ist, ist wenig \u00fcber ihre Auswirkungen auf die menschliche Gesundheit bekannt. Das Molekulargewicht betr\u00e4gt 376,5 und die chemische Formel lautet c21h29fn203. Die angegebenen Daten wurden durch mehrere Laborexperimente ermittelt. Da das <a href=\"https:\/\/nembutalboutique.com\/produit\/5f-emb\/\">5f-EMB<\/a> und andere Molek\u00fcle etwas \u00e4hnlich sind, deuten zus\u00e4tzliche Daten auf einen Zusammenhang hin.<\/p>\n<p>Da die wissenschaftlichen Beweise darauf hindeuten, dass die Chemikalie ein starker Antagonist der Cannabinoid-Rezeptoren ist, sollte 5f-EMB ein \u00e4hnliches Ergebnis erzielen.<\/p>\n<p>Forschungsprojekte an akademischen Einrichtungen haben 5f-EMB mit einer Vielzahl von Substanzen in Verbindung gebracht. Wir werden diese Substanz untersuchen, um festzustellen, ob ihre Zusammensetzung und ihre Eigenschaften bekannt sind. Diese Chemikalie wird jedoch nicht f\u00fcr den menschlichen Gebrauch empfohlen, da derzeit keine Informationen \u00fcber ihren Nutzen, ihre Toxizit\u00e4t, ihre Nebenwirkungen oder ihre langfristigen Auswirkungen verf\u00fcgbar sind (Einkauf von 5f-EMB).<\/p>\n<h3>Vorteile des 5f-EMB.<\/h3>\n<p>Die Forschung legt nahe, dass der Online-Kauf von 5f-EMB in den folgenden F\u00e4llen von Vorteil sein kann:<\/p>\n<p>Infektionen und Krankheiten, die durch die Chemotherapie verursacht wurden, k\u00f6nnen behandelt werden.<\/p>\n<p>hilft, Unbehagen zu reduzieren und traumatische Erfahrungen zu mildern.<\/p>\n<p>Tumor Watch wird angehalten, damit die Krebszellen eliminiert werden.<\/p>\n<p>Menschen mit Multipler Sklerose m\u00fcssen ihre verspannten Muskeln entspannen.<\/p>\n<p>F\u00f6rdern Sie Ihren Appetit und zeigen Sie Ihre Unterst\u00fctzung f\u00fcr AIDS- und Krebspatienten.<\/p>\n<h3>Warum sind wir die beste Wettseite in der Stadt, 5f-EMB Online?<\/h3>\n<p>Bei Nembutalboutique verkaufen wir das Beste <a href=\"https:\/\/en.wikipedia.org\/wiki\/5F-EMB-PINACA\">5f-EMB<\/a> \u00fcberall auf der Welt erh\u00e4ltlich. Wir halten die Produktpreise auf dem Markt wettbewerbsf\u00e4hig. F\u00fcr unseren Online-Shop steht eine professionelle technische und logistische Unterst\u00fctzung zur Verf\u00fcgung. Unsere Versandpolitik ist schnell und wir verwenden gedeckte Verpackungen. Sie k\u00f6nnen Ihre Bestellung zu uns bringen und wir werden sie so schnell wie m\u00f6glich bearbeiten. Aktivieren Sie jetzt Ihren 5f-EMB-Online-Einkauf!<\/p>","protected":false},"excerpt":{"rendered":"<p>Achetez 5f-EMB sur Nembutalboutique.com. Achetez 5f-EMB, La combinaison de composants synth\u00e9tiques et naturels a abouti \u00e0 la cr\u00e9ation d&rsquo;un nouveau produit chimique de recherche synth\u00e9tique connu sous le nom de 5f-EMB. Le but principal des produits chimiques de recherche est de permettre une \u00e9tude approfondie de ces compos\u00e9s afin d&rsquo;en savoir plus sur leurs propri\u00e9t\u00e9s. [&hellip;]<\/p>","protected":false},"featured_media":2594,"comment_status":"open","ping_status":"closed","template":"","meta":{"_joinchat":[]},"product_brand":[],"product_cat":[385],"product_tag":[],"class_list":{"0":"post-2584","1":"product","2":"type-product","3":"status-publish","4":"has-post-thumbnail","6":"product_cat-forschung-schemikalien","8":"first","9":"instock","10":"shipping-taxable","11":"purchasable","12":"product-type-variable"},"yoast_head":"<!-- This site is optimized with the Yoast SEO plugin v23.5 - https:\/\/yoast.com\/wordpress\/plugins\/seo\/ -->\n<title>Achetez 5F-EMB en ligne - 5F-EMB \u00e0 vendre<\/title>\n<meta name=\"description\" content=\"Vous souhaitez approfondir vos recherches ? Achetez 5F-EMB en ligne de mani\u00e8re pratique et s\u00e9curis\u00e9e, gr\u00e2ce \u00e0 un processus de commande simple pour la vente de 5F-EMB. Explorez les possibilit\u00e9s et achetez 5F-EMB en ligne pour vos travaux de recherche d\u00e8s aujourd&#039;hui.\" \/>\n<meta name=\"robots\" content=\"index, follow, max-snippet:-1, max-image-preview:large, max-video-preview:-1\" \/>\n<link rel=\"canonical\" href=\"https:\/\/nembutalboutique.com\/de\/produkt\/5f-emb\/\" \/>\n<meta property=\"og:locale\" content=\"de_DE\" \/>\n<meta property=\"og:type\" content=\"article\" \/>\n<meta property=\"og:title\" content=\"Achetez 5F-EMB en ligne - 5F-EMB \u00e0 vendre\" \/>\n<meta property=\"og:description\" content=\"Vous souhaitez approfondir vos recherches ? Achetez 5F-EMB en ligne de mani\u00e8re pratique et s\u00e9curis\u00e9e, gr\u00e2ce \u00e0 un processus de commande simple pour la vente de 5F-EMB. Explorez les possibilit\u00e9s et achetez 5F-EMB en ligne pour vos travaux de recherche d\u00e8s aujourd&#039;hui.\" \/>\n<meta property=\"og:url\" content=\"https:\/\/nembutalboutique.com\/de\/produkt\/5f-emb\/\" \/>\n<meta property=\"og:site_name\" content=\"Nembutal Boutique\" \/>\n<meta property=\"article:modified_time\" content=\"2024-09-21T03:59:42+00:00\" \/>\n<meta property=\"og:image\" content=\"https:\/\/nembutalboutique.com\/wp-content\/uploads\/2024\/09\/5f-EMB.gif\" \/>\n\t<meta property=\"og:image:width\" content=\"600\" \/>\n\t<meta property=\"og:image:height\" content=\"600\" \/>\n\t<meta property=\"og:image:type\" content=\"image\/gif\" \/>\n<meta name=\"twitter:card\" content=\"summary_large_image\" \/>\n<meta name=\"twitter:label1\" content=\"Gesch\u00e4tzte Lesezeit\" \/>\n\t<meta name=\"twitter:data1\" content=\"2\u00a0Minuten\" \/>\n<script type=\"application\/ld+json\" class=\"yoast-schema-graph\">{\"@context\":\"https:\/\/schema.org\",\"@graph\":[{\"@type\":\"WebPage\",\"@id\":\"https:\/\/nembutalboutique.com\/produit\/5f-emb\/\",\"url\":\"https:\/\/nembutalboutique.com\/produit\/5f-emb\/\",\"name\":\"Achetez 5F-EMB en ligne - 5F-EMB \u00e0 vendre\",\"isPartOf\":{\"@id\":\"https:\/\/nembutalboutique.com\/#website\"},\"primaryImageOfPage\":{\"@id\":\"https:\/\/nembutalboutique.com\/produit\/5f-emb\/#primaryimage\"},\"image\":{\"@id\":\"https:\/\/nembutalboutique.com\/produit\/5f-emb\/#primaryimage\"},\"thumbnailUrl\":\"https:\/\/nembutalboutique.com\/wp-content\/uploads\/2024\/09\/5f-EMB.gif\",\"datePublished\":\"2024-09-16T08:11:03+00:00\",\"dateModified\":\"2024-09-21T03:59:42+00:00\",\"description\":\"Vous souhaitez approfondir vos recherches ? Achetez 5F-EMB en ligne de mani\u00e8re pratique et s\u00e9curis\u00e9e, gr\u00e2ce \u00e0 un processus de commande simple pour la vente de 5F-EMB. Explorez les possibilit\u00e9s et achetez 5F-EMB en ligne pour vos travaux de recherche d\u00e8s aujourd'hui.\",\"breadcrumb\":{\"@id\":\"https:\/\/nembutalboutique.com\/produit\/5f-emb\/#breadcrumb\"},\"inLanguage\":\"de\",\"potentialAction\":[{\"@type\":\"ReadAction\",\"target\":[\"https:\/\/nembutalboutique.com\/produit\/5f-emb\/\"]}]},{\"@type\":\"ImageObject\",\"inLanguage\":\"de\",\"@id\":\"https:\/\/nembutalboutique.com\/produit\/5f-emb\/#primaryimage\",\"url\":\"https:\/\/nembutalboutique.com\/wp-content\/uploads\/2024\/09\/5f-EMB.gif\",\"contentUrl\":\"https:\/\/nembutalboutique.com\/wp-content\/uploads\/2024\/09\/5f-EMB.gif\",\"width\":600,\"height\":600,\"caption\":\"Acheter 5f-EMB\"},{\"@type\":\"BreadcrumbList\",\"@id\":\"https:\/\/nembutalboutique.com\/produit\/5f-emb\/#breadcrumb\",\"itemListElement\":[{\"@type\":\"ListItem\",\"position\":1,\"name\":\"Home\",\"item\":\"https:\/\/nembutalboutique.com\/\"},{\"@type\":\"ListItem\",\"position\":2,\"name\":\"Boutique\",\"item\":\"https:\/\/nembutalboutique.com\/shop\/\"},{\"@type\":\"ListItem\",\"position\":3,\"name\":\"5f-EMB\"}]},{\"@type\":\"WebSite\",\"@id\":\"https:\/\/nembutalboutique.com\/#website\",\"url\":\"https:\/\/nembutalboutique.com\/\",\"name\":\"Nembutal Boutique\",\"description\":\"My WordPress Blog\",\"publisher\":{\"@id\":\"https:\/\/nembutalboutique.com\/#organization\"},\"potentialAction\":[{\"@type\":\"SearchAction\",\"target\":{\"@type\":\"EntryPoint\",\"urlTemplate\":\"https:\/\/nembutalboutique.com\/?s={search_term_string}\"},\"query-input\":{\"@type\":\"PropertyValueSpecification\",\"valueRequired\":true,\"valueName\":\"search_term_string\"}}],\"inLanguage\":\"de\"},{\"@type\":\"Organization\",\"@id\":\"https:\/\/nembutalboutique.com\/#organization\",\"name\":\"Nembutal Boutique\",\"url\":\"https:\/\/nembutalboutique.com\/\",\"logo\":{\"@type\":\"ImageObject\",\"inLanguage\":\"de\",\"@id\":\"https:\/\/nembutalboutique.com\/#\/schema\/logo\/image\/\",\"url\":\"https:\/\/nembutalboutique.com\/wp-content\/uploads\/2024\/01\/logo.png\",\"contentUrl\":\"https:\/\/nembutalboutique.com\/wp-content\/uploads\/2024\/01\/logo.png\",\"width\":494,\"height\":121,\"caption\":\"Nembutal Boutique\"},\"image\":{\"@id\":\"https:\/\/nembutalboutique.com\/#\/schema\/logo\/image\/\"}}]}<\/script>\n<!-- \/ Yoast SEO plugin. -->","yoast_head_json":{"title":"5F-EMB online kaufen - 5F-EMB zum Verkauf","description":"M\u00f6chten Sie Ihre Recherchen vertiefen? Kaufen Sie 5F-EMB bequem und sicher online, dank eines einfachen Bestellvorgangs f\u00fcr den Verkauf von 5F-EMB. Erkunden Sie die M\u00f6glichkeiten und kaufen Sie noch heute 5F-EMB online f\u00fcr Ihre Forschungsarbeit.","robots":{"index":"index","follow":"follow","max-snippet":"max-snippet:-1","max-image-preview":"max-image-preview:large","max-video-preview":"max-video-preview:-1"},"canonical":"https:\/\/nembutalboutique.com\/de\/produkt\/5f-emb\/","og_locale":"de_DE","og_type":"article","og_title":"Achetez 5F-EMB en ligne - 5F-EMB \u00e0 vendre","og_description":"Vous souhaitez approfondir vos recherches ? Achetez 5F-EMB en ligne de mani\u00e8re pratique et s\u00e9curis\u00e9e, gr\u00e2ce \u00e0 un processus de commande simple pour la vente de 5F-EMB. Explorez les possibilit\u00e9s et achetez 5F-EMB en ligne pour vos travaux de recherche d\u00e8s aujourd'hui.","og_url":"https:\/\/nembutalboutique.com\/de\/produkt\/5f-emb\/","og_site_name":"Nembutal Boutique","article_modified_time":"2024-09-21T03:59:42+00:00","og_image":[{"width":600,"height":600,"url":"https:\/\/nembutalboutique.com\/wp-content\/uploads\/2024\/09\/5f-EMB.gif","type":"image\/gif"}],"twitter_card":"summary_large_image","twitter_misc":{"Gesch\u00e4tzte Lesezeit":"2\u00a0Minuten"},"schema":{"@context":"https:\/\/schema.org","@graph":[{"@type":"WebPage","@id":"https:\/\/nembutalboutique.com\/produit\/5f-emb\/","url":"https:\/\/nembutalboutique.com\/produit\/5f-emb\/","name":"5F-EMB online kaufen - 5F-EMB zum Verkauf","isPartOf":{"@id":"https:\/\/nembutalboutique.com\/#website"},"primaryImageOfPage":{"@id":"https:\/\/nembutalboutique.com\/produit\/5f-emb\/#primaryimage"},"image":{"@id":"https:\/\/nembutalboutique.com\/produit\/5f-emb\/#primaryimage"},"thumbnailUrl":"https:\/\/nembutalboutique.com\/wp-content\/uploads\/2024\/09\/5f-EMB.gif","datePublished":"2024-09-16T08:11:03+00:00","dateModified":"2024-09-21T03:59:42+00:00","description":"M\u00f6chten Sie Ihre Recherchen vertiefen? Kaufen Sie 5F-EMB bequem und sicher online, dank eines einfachen Bestellvorgangs f\u00fcr den Verkauf von 5F-EMB. Erkunden Sie die M\u00f6glichkeiten und kaufen Sie noch heute 5F-EMB online f\u00fcr Ihre Forschungsarbeit.","breadcrumb":{"@id":"https:\/\/nembutalboutique.com\/produit\/5f-emb\/#breadcrumb"},"inLanguage":"de","potentialAction":[{"@type":"ReadAction","target":["https:\/\/nembutalboutique.com\/produit\/5f-emb\/"]}]},{"@type":"ImageObject","inLanguage":"de","@id":"https:\/\/nembutalboutique.com\/produit\/5f-emb\/#primaryimage","url":"https:\/\/nembutalboutique.com\/wp-content\/uploads\/2024\/09\/5f-EMB.gif","contentUrl":"https:\/\/nembutalboutique.com\/wp-content\/uploads\/2024\/09\/5f-EMB.gif","width":600,"height":600,"caption":"Acheter 5f-EMB"},{"@type":"BreadcrumbList","@id":"https:\/\/nembutalboutique.com\/produit\/5f-emb\/#breadcrumb","itemListElement":[{"@type":"ListItem","position":1,"name":"Home","item":"https:\/\/nembutalboutique.com\/"},{"@type":"ListItem","position":2,"name":"Boutique","item":"https:\/\/nembutalboutique.com\/shop\/"},{"@type":"ListItem","position":3,"name":"5f-EMB"}]},{"@type":"WebSite","@id":"https:\/\/nembutalboutique.com\/#website","url":"https:\/\/nembutalboutique.com\/","name":"Nembutal Boutique","description":"Mein WordPress-Blog","publisher":{"@id":"https:\/\/nembutalboutique.com\/#organization"},"potentialAction":[{"@type":"SearchAction","target":{"@type":"EntryPoint","urlTemplate":"https:\/\/nembutalboutique.com\/?s={search_term_string}"},"query-input":{"@type":"PropertyValueSpecification","valueRequired":true,"valueName":"search_term_string"}}],"inLanguage":"de"},{"@type":"Organization","@id":"https:\/\/nembutalboutique.com\/#organization","name":"Nembutal Boutique","url":"https:\/\/nembutalboutique.com\/","logo":{"@type":"ImageObject","inLanguage":"de","@id":"https:\/\/nembutalboutique.com\/#\/schema\/logo\/image\/","url":"https:\/\/nembutalboutique.com\/wp-content\/uploads\/2024\/01\/logo.png","contentUrl":"https:\/\/nembutalboutique.com\/wp-content\/uploads\/2024\/01\/logo.png","width":494,"height":121,"caption":"Nembutal Boutique"},"image":{"@id":"https:\/\/nembutalboutique.com\/#\/schema\/logo\/image\/"}}]}},"_links":{"self":[{"href":"https:\/\/nembutalboutique.com\/de\/wp-json\/wp\/v2\/product\/2584"}],"collection":[{"href":"https:\/\/nembutalboutique.com\/de\/wp-json\/wp\/v2\/product"}],"about":[{"href":"https:\/\/nembutalboutique.com\/de\/wp-json\/wp\/v2\/types\/product"}],"replies":[{"embeddable":true,"href":"https:\/\/nembutalboutique.com\/de\/wp-json\/wp\/v2\/comments?post=2584"}],"wp:featuredmedia":[{"embeddable":true,"href":"https:\/\/nembutalboutique.com\/de\/wp-json\/wp\/v2\/media\/2594"}],"wp:attachment":[{"href":"https:\/\/nembutalboutique.com\/de\/wp-json\/wp\/v2\/media?parent=2584"}],"wp:term":[{"taxonomy":"product_brand","embeddable":true,"href":"https:\/\/nembutalboutique.com\/de\/wp-json\/wp\/v2\/product_brand?post=2584"},{"taxonomy":"product_cat","embeddable":true,"href":"https:\/\/nembutalboutique.com\/de\/wp-json\/wp\/v2\/product_cat?post=2584"},{"taxonomy":"product_tag","embeddable":true,"href":"https:\/\/nembutalboutique.com\/de\/wp-json\/wp\/v2\/product_tag?post=2584"}],"curies":[{"name":"wp","href":"https:\/\/api.w.org\/{rel}","templated":true}]}}