{"id":2577,"date":"2024-09-16T08:11:02","date_gmt":"2024-09-16T08:11:02","guid":{"rendered":"https:\/\/nembutalboutique.com\/?post_type=product&#038;p=2577"},"modified":"2024-09-21T04:00:06","modified_gmt":"2024-09-21T04:00:06","slug":"4f-akb","status":"publish","type":"product","link":"https:\/\/nembutalboutique.com\/de\/produkt\/4f-akb\/","title":{"rendered":"4F-AKB"},"content":{"rendered":"<h2>Achetez du 4F-AKB en ligne aupr\u00e8s d&rsquo;un d\u00e9taillant comme NembutalBoutique.com.<\/h2>\n<p>Un cannabino\u00efde synth\u00e9tique \u00e0 base d&rsquo;indazole s&rsquo;appelle 4F-AKB. C&rsquo;est un puissant antagoniste et r\u00e9cepteur des cannabino\u00efdes. Il pr\u00e9sente une ressemblance frappante avec d&rsquo;autres cannabino\u00efdes synth\u00e9tiques, tels que le 5F-ADB. Si vous voulez l&rsquo;essayer, vous n&rsquo;aurez pas besoin de beaucoup de ce cannabis pour ressentir des effets notables. Cela peut \u00eatre attribu\u00e9 \u00e0 la forte r\u00e9activit\u00e9 du produit chimique. Assurez-vous de suivre les protocoles de s\u00e9curit\u00e9 appropri\u00e9s en laboratoire pour \u00e9viter toute exp\u00e9rimentation excessive. Des sensations de conscience corporelle, de relaxation, d&rsquo;excitation et de musique plus forte font partie des r\u00e9sultats des exp\u00e9riences sur le 4F-AKB.<\/p>\n<p><strong>4F-AKB-Review<\/strong><\/p>\n<p>\u00c9tant donn\u00e9 que le 4F-ADB n&rsquo;est plus autoris\u00e9 dans la plupart des pays, il est autoris\u00e9 dans plusieurs d&rsquo;entre eux. Cependant, comme il peut \u00eatre consid\u00e9r\u00e9 comme un analogue du 5F-ADB, il pourrait \u00eatre utilis\u00e9 dans des pays comme les \u00c9tats-Unis avec du 4F-AKB plus puissant 4FADB Les pr\u00e9curseurs les plus r\u00e9ussis <a href=\"https:\/\/en.wikipedia.org\/wiki\/4F-MDMB-BINACA\">4F-AKB<\/a> Poudre blanche Kraftvolles.<br \/>\nLe 4F-AKB est une nouvelle m\u00e9thodologie de recherche qui peut \u00eatre utilis\u00e9e dans les \u00e9tudes scientifiques ! C&rsquo;est un analogue du 5fadb ; vous pouvez trouver plus d&rsquo;informations dans 5fadb ! Le cannabino\u00efde de haute qualit\u00e9 le plus r\u00e9cent et le plus appr\u00e9ci\u00e9 est le 4F-AKB. Les chercheurs experts qui ont d\u00e9j\u00e0 travaill\u00e9 avec des cannabino\u00efdes synth\u00e9tiques puissants et des produits chimiques comme le 5f-adb peuvent obtenir du 4F-AKB. Le r\u00e9sultat est comparable au 5f-adb.<\/p>\n<p><strong>Notre compr\u00e9hension du cannabis :<\/strong><\/p>\n<p>Notre niveau d&rsquo;expertise est assez \u00e9lev\u00e9. Nos clients re\u00e7oivent toujours leurs produits de haute qualit\u00e9 dans les plus brefs d\u00e9lais. Qu&rsquo;il s&rsquo;agisse d&rsquo;une grande ville ou d&rsquo;un petit village, nous livrons l&rsquo;article directement dans les endroits les plus recul\u00e9s de la plan\u00e8te. De plus, nous garantissons une livraison pr\u00e9cise \u00e0 100 % des marchandises. \u00c9tats-Unis<\/p>\n<p>Reinheit\u00a0:<\/p>\n<h3>(parfois appel\u00e9 5F-MDMB-PINACA) est un cannabino\u00efde synth\u00e9tique \u00e0 base d&rsquo;indazole.<\/h3>\n<p>est un puissant antagoniste des r\u00e9cepteurs CB1, mais il n&rsquo;est pas certain qu&rsquo;il soit sp\u00e9cifiquement destin\u00e9 \u00e0 cet usage. Nous avons en stock la meilleure qualit\u00e9 disponible, qui semble \u00eatre beaucoup moins nocive que les cannabino\u00efdes synth\u00e9tiques pr\u00e9c\u00e9dents qui \u00e9taient disponibles \u00e0 l&rsquo;achat. En raison des quantit\u00e9s extr\u00eamement faibles trouv\u00e9es dans les sondes gewebe, on suppose qu&rsquo;il est extr\u00eamement puissant.<\/p>\n<h3>Qu&rsquo;est-ce qu&rsquo;un grinder 4F-ADB\u00a0?<\/h3>\n<p>Le cannabino\u00efde synth\u00e9tique 4F-ADB est bas\u00e9 sur l&rsquo;indazole. C&rsquo;est un puissant antagoniste des r\u00e9cepteurs cannabino\u00efdes. Il est tr\u00e8s similaire \u00e0 d&rsquo;autres cannabino\u00efdes synth\u00e9tiques comme le 5F-ADB. Si vous souhaitez explorer ce cannabis, vous n&rsquo;avez besoin que de petites quantit\u00e9s pour voir des r\u00e9sultats notables\u00a0; procurez-vous le <a href=\"https:\/\/nembutalboutique.com\/produit\/4f-akb\/\">4F-AKB<\/a>.<\/p>\n<p>C&rsquo;est parce que ce produit chimique est assez puissant. Suivez attentivement les consignes de s\u00e9curit\u00e9 pour \u00e9viter toute exp\u00e9rimentation excessive.<\/p>\n<h3>Acheter 4F-ADB<\/h3>\n<p>Nembutal Boutique propose \u00e0 la vente le 4F-ADB de la plus haute qualit\u00e9. Le 4F-ADB que nous proposons se pr\u00e9sente sous forme de poudre. Pour acheter du 4F-ADB chez nous, vous devez avoir au moins dix-huit ans.<\/p>\n<p>Le produit n&rsquo;est pas destin\u00e9 \u00e0 \u00eatre utilis\u00e9 par les humains ou les animaux. Il est destin\u00e9 uniquement \u00e0 des fins exp\u00e9rimentales. De plus, l&rsquo;achat doit \u00eatre effectu\u00e9 dans le plein respect des lois de votre pays.<\/p>\n<h3>Le statut juridique du 4F-ADB<\/h3>\n<p>\u00c9tant donn\u00e9 que le 4F-ADB est actuellement inconnu dans de nombreux pays, il est l\u00e9gal dans de nombreux endroits. Cependant, il peut \u00eatre consid\u00e9r\u00e9 comme un analogue du 5F-ADB, ce qui le rendrait ill\u00e9gal dans les pays ayant des lois strictes sur les analogues comme les \u00c9tats-Unis. Veuillez nous contacter pour plus d&rsquo;informations.<\/p>","protected":false},"excerpt":{"rendered":"<p>Achetez du 4F-AKB en ligne aupr\u00e8s d&rsquo;un d\u00e9taillant comme NembutalBoutique.com. Un cannabino\u00efde synth\u00e9tique \u00e0 base d&rsquo;indazole s&rsquo;appelle 4F-AKB. C&rsquo;est un puissant antagoniste et r\u00e9cepteur des cannabino\u00efdes. Il pr\u00e9sente une ressemblance frappante avec d&rsquo;autres cannabino\u00efdes synth\u00e9tiques, tels que le 5F-ADB. Si vous voulez l&rsquo;essayer, vous n&rsquo;aurez pas besoin de beaucoup de ce cannabis pour ressentir des [&hellip;]<\/p>","protected":false},"featured_media":2593,"comment_status":"open","ping_status":"closed","template":"","meta":{"_joinchat":[]},"product_brand":[],"product_cat":[386],"product_tag":[402,403,404,405,406],"class_list":{"0":"post-2577","1":"product","2":"type-product","3":"status-publish","4":"has-post-thumbnail","6":"product_cat-cannabinoids","7":"product_tag-4f-bekleidung-verkauf","8":"product_tag-4f-online-shop","9":"product_tag-4f-shop-polen","10":"product_tag-4f-sportbekleidung-verkauf","11":"product_tag-marke-4f-online-shop","13":"first","14":"instock","15":"shipping-taxable","16":"purchasable","17":"product-type-variable"},"yoast_head":"<!-- This site is optimized with the Yoast SEO plugin v23.5 - https:\/\/yoast.com\/wordpress\/plugins\/seo\/ -->\n<title>Achetez 4F-AKB en ligne - 4F-AKB \u00e0 vendre<\/title>\n<meta name=\"description\" content=\"Achetez 4F-AKB en ligne sur notre boutique en ligne de confiance pour des produits de qualit\u00e9 sup\u00e9rieure. Obtenez 4F-AKB \u00e0 vendre facilement et en toute s\u00e9curit\u00e9 sur notre plateforme pour une satisfaction client ultime. Commandez maintenant !\" \/>\n<meta name=\"robots\" content=\"index, follow, max-snippet:-1, max-image-preview:large, max-video-preview:-1\" \/>\n<link rel=\"canonical\" href=\"https:\/\/nembutalboutique.com\/de\/produkt\/4f-akb\/\" \/>\n<meta property=\"og:locale\" content=\"de_DE\" \/>\n<meta property=\"og:type\" content=\"article\" \/>\n<meta property=\"og:title\" content=\"Achetez 4F-AKB en ligne - 4F-AKB \u00e0 vendre\" \/>\n<meta property=\"og:description\" content=\"Achetez 4F-AKB en ligne sur notre boutique en ligne de confiance pour des produits de qualit\u00e9 sup\u00e9rieure. Obtenez 4F-AKB \u00e0 vendre facilement et en toute s\u00e9curit\u00e9 sur notre plateforme pour une satisfaction client ultime. Commandez maintenant !\" \/>\n<meta property=\"og:url\" content=\"https:\/\/nembutalboutique.com\/de\/produkt\/4f-akb\/\" \/>\n<meta property=\"og:site_name\" content=\"Nembutal Boutique\" \/>\n<meta property=\"article:modified_time\" content=\"2024-09-21T04:00:06+00:00\" \/>\n<meta property=\"og:image\" content=\"https:\/\/nembutalboutique.com\/wp-content\/uploads\/2024\/09\/4fakb.gif\" \/>\n\t<meta property=\"og:image:width\" content=\"600\" \/>\n\t<meta property=\"og:image:height\" content=\"600\" \/>\n\t<meta property=\"og:image:type\" content=\"image\/gif\" \/>\n<meta name=\"twitter:card\" content=\"summary_large_image\" \/>\n<meta name=\"twitter:label1\" content=\"Gesch\u00e4tzte Lesezeit\" \/>\n\t<meta name=\"twitter:data1\" content=\"3\u00a0Minuten\" \/>\n<script type=\"application\/ld+json\" class=\"yoast-schema-graph\">{\"@context\":\"https:\/\/schema.org\",\"@graph\":[{\"@type\":\"WebPage\",\"@id\":\"https:\/\/nembutalboutique.com\/produit\/4f-akb\/\",\"url\":\"https:\/\/nembutalboutique.com\/produit\/4f-akb\/\",\"name\":\"Achetez 4F-AKB en ligne - 4F-AKB \u00e0 vendre\",\"isPartOf\":{\"@id\":\"https:\/\/nembutalboutique.com\/#website\"},\"primaryImageOfPage\":{\"@id\":\"https:\/\/nembutalboutique.com\/produit\/4f-akb\/#primaryimage\"},\"image\":{\"@id\":\"https:\/\/nembutalboutique.com\/produit\/4f-akb\/#primaryimage\"},\"thumbnailUrl\":\"https:\/\/nembutalboutique.com\/wp-content\/uploads\/2024\/09\/4fakb.gif\",\"datePublished\":\"2024-09-16T08:11:02+00:00\",\"dateModified\":\"2024-09-21T04:00:06+00:00\",\"description\":\"Achetez 4F-AKB en ligne sur notre boutique en ligne de confiance pour des produits de qualit\u00e9 sup\u00e9rieure. Obtenez 4F-AKB \u00e0 vendre facilement et en toute s\u00e9curit\u00e9 sur notre plateforme pour une satisfaction client ultime. Commandez maintenant !\",\"breadcrumb\":{\"@id\":\"https:\/\/nembutalboutique.com\/produit\/4f-akb\/#breadcrumb\"},\"inLanguage\":\"de\",\"potentialAction\":[{\"@type\":\"ReadAction\",\"target\":[\"https:\/\/nembutalboutique.com\/produit\/4f-akb\/\"]}]},{\"@type\":\"ImageObject\",\"inLanguage\":\"de\",\"@id\":\"https:\/\/nembutalboutique.com\/produit\/4f-akb\/#primaryimage\",\"url\":\"https:\/\/nembutalboutique.com\/wp-content\/uploads\/2024\/09\/4fakb.gif\",\"contentUrl\":\"https:\/\/nembutalboutique.com\/wp-content\/uploads\/2024\/09\/4fakb.gif\",\"width\":600,\"height\":600,\"caption\":\"Acheter 4F-AKB\"},{\"@type\":\"BreadcrumbList\",\"@id\":\"https:\/\/nembutalboutique.com\/produit\/4f-akb\/#breadcrumb\",\"itemListElement\":[{\"@type\":\"ListItem\",\"position\":1,\"name\":\"Home\",\"item\":\"https:\/\/nembutalboutique.com\/\"},{\"@type\":\"ListItem\",\"position\":2,\"name\":\"Boutique\",\"item\":\"https:\/\/nembutalboutique.com\/shop\/\"},{\"@type\":\"ListItem\",\"position\":3,\"name\":\"4F-AKB\"}]},{\"@type\":\"WebSite\",\"@id\":\"https:\/\/nembutalboutique.com\/#website\",\"url\":\"https:\/\/nembutalboutique.com\/\",\"name\":\"Nembutal Boutique\",\"description\":\"My WordPress Blog\",\"publisher\":{\"@id\":\"https:\/\/nembutalboutique.com\/#organization\"},\"potentialAction\":[{\"@type\":\"SearchAction\",\"target\":{\"@type\":\"EntryPoint\",\"urlTemplate\":\"https:\/\/nembutalboutique.com\/?s={search_term_string}\"},\"query-input\":{\"@type\":\"PropertyValueSpecification\",\"valueRequired\":true,\"valueName\":\"search_term_string\"}}],\"inLanguage\":\"de\"},{\"@type\":\"Organization\",\"@id\":\"https:\/\/nembutalboutique.com\/#organization\",\"name\":\"Nembutal Boutique\",\"url\":\"https:\/\/nembutalboutique.com\/\",\"logo\":{\"@type\":\"ImageObject\",\"inLanguage\":\"de\",\"@id\":\"https:\/\/nembutalboutique.com\/#\/schema\/logo\/image\/\",\"url\":\"https:\/\/nembutalboutique.com\/wp-content\/uploads\/2024\/01\/logo.png\",\"contentUrl\":\"https:\/\/nembutalboutique.com\/wp-content\/uploads\/2024\/01\/logo.png\",\"width\":494,\"height\":121,\"caption\":\"Nembutal Boutique\"},\"image\":{\"@id\":\"https:\/\/nembutalboutique.com\/#\/schema\/logo\/image\/\"}}]}<\/script>\n<!-- \/ Yoast SEO plugin. -->","yoast_head_json":{"title":"Achetez 4F-AKB en ligne - 4F-AKB \u00e0 vendre","description":"Achetez 4F-AKB en ligne sur notre boutique en ligne de confiance pour des produits de qualit\u00e9 sup\u00e9rieure. Obtenez 4F-AKB \u00e0 vendre facilement et en toute s\u00e9curit\u00e9 sur notre plateforme pour une satisfaction client ultime. Commandez maintenant !","robots":{"index":"index","follow":"follow","max-snippet":"max-snippet:-1","max-image-preview":"max-image-preview:large","max-video-preview":"max-video-preview:-1"},"canonical":"https:\/\/nembutalboutique.com\/de\/produkt\/4f-akb\/","og_locale":"de_DE","og_type":"article","og_title":"Achetez 4F-AKB en ligne - 4F-AKB \u00e0 vendre","og_description":"Achetez 4F-AKB en ligne sur notre boutique en ligne de confiance pour des produits de qualit\u00e9 sup\u00e9rieure. Obtenez 4F-AKB \u00e0 vendre facilement et en toute s\u00e9curit\u00e9 sur notre plateforme pour une satisfaction client ultime. Commandez maintenant !","og_url":"https:\/\/nembutalboutique.com\/de\/produkt\/4f-akb\/","og_site_name":"Nembutal Boutique","article_modified_time":"2024-09-21T04:00:06+00:00","og_image":[{"width":600,"height":600,"url":"https:\/\/nembutalboutique.com\/wp-content\/uploads\/2024\/09\/4fakb.gif","type":"image\/gif"}],"twitter_card":"summary_large_image","twitter_misc":{"Gesch\u00e4tzte Lesezeit":"3\u00a0Minuten"},"schema":{"@context":"https:\/\/schema.org","@graph":[{"@type":"WebPage","@id":"https:\/\/nembutalboutique.com\/produit\/4f-akb\/","url":"https:\/\/nembutalboutique.com\/produit\/4f-akb\/","name":"Achetez 4F-AKB en ligne - 4F-AKB \u00e0 vendre","isPartOf":{"@id":"https:\/\/nembutalboutique.com\/#website"},"primaryImageOfPage":{"@id":"https:\/\/nembutalboutique.com\/produit\/4f-akb\/#primaryimage"},"image":{"@id":"https:\/\/nembutalboutique.com\/produit\/4f-akb\/#primaryimage"},"thumbnailUrl":"https:\/\/nembutalboutique.com\/wp-content\/uploads\/2024\/09\/4fakb.gif","datePublished":"2024-09-16T08:11:02+00:00","dateModified":"2024-09-21T04:00:06+00:00","description":"Achetez 4F-AKB en ligne sur notre boutique en ligne de confiance pour des produits de qualit\u00e9 sup\u00e9rieure. Obtenez 4F-AKB \u00e0 vendre facilement et en toute s\u00e9curit\u00e9 sur notre plateforme pour une satisfaction client ultime. Commandez maintenant !","breadcrumb":{"@id":"https:\/\/nembutalboutique.com\/produit\/4f-akb\/#breadcrumb"},"inLanguage":"de","potentialAction":[{"@type":"ReadAction","target":["https:\/\/nembutalboutique.com\/produit\/4f-akb\/"]}]},{"@type":"ImageObject","inLanguage":"de","@id":"https:\/\/nembutalboutique.com\/produit\/4f-akb\/#primaryimage","url":"https:\/\/nembutalboutique.com\/wp-content\/uploads\/2024\/09\/4fakb.gif","contentUrl":"https:\/\/nembutalboutique.com\/wp-content\/uploads\/2024\/09\/4fakb.gif","width":600,"height":600,"caption":"Acheter 4F-AKB"},{"@type":"BreadcrumbList","@id":"https:\/\/nembutalboutique.com\/produit\/4f-akb\/#breadcrumb","itemListElement":[{"@type":"ListItem","position":1,"name":"Home","item":"https:\/\/nembutalboutique.com\/"},{"@type":"ListItem","position":2,"name":"Boutique","item":"https:\/\/nembutalboutique.com\/shop\/"},{"@type":"ListItem","position":3,"name":"4F-AKB"}]},{"@type":"WebSite","@id":"https:\/\/nembutalboutique.com\/#website","url":"https:\/\/nembutalboutique.com\/","name":"Nembutal Boutique","description":"Mein WordPress-Blog","publisher":{"@id":"https:\/\/nembutalboutique.com\/#organization"},"potentialAction":[{"@type":"SearchAction","target":{"@type":"EntryPoint","urlTemplate":"https:\/\/nembutalboutique.com\/?s={search_term_string}"},"query-input":{"@type":"PropertyValueSpecification","valueRequired":true,"valueName":"search_term_string"}}],"inLanguage":"de"},{"@type":"Organization","@id":"https:\/\/nembutalboutique.com\/#organization","name":"Nembutal Boutique","url":"https:\/\/nembutalboutique.com\/","logo":{"@type":"ImageObject","inLanguage":"de","@id":"https:\/\/nembutalboutique.com\/#\/schema\/logo\/image\/","url":"https:\/\/nembutalboutique.com\/wp-content\/uploads\/2024\/01\/logo.png","contentUrl":"https:\/\/nembutalboutique.com\/wp-content\/uploads\/2024\/01\/logo.png","width":494,"height":121,"caption":"Nembutal Boutique"},"image":{"@id":"https:\/\/nembutalboutique.com\/#\/schema\/logo\/image\/"}}]}},"_links":{"self":[{"href":"https:\/\/nembutalboutique.com\/de\/wp-json\/wp\/v2\/product\/2577"}],"collection":[{"href":"https:\/\/nembutalboutique.com\/de\/wp-json\/wp\/v2\/product"}],"about":[{"href":"https:\/\/nembutalboutique.com\/de\/wp-json\/wp\/v2\/types\/product"}],"replies":[{"embeddable":true,"href":"https:\/\/nembutalboutique.com\/de\/wp-json\/wp\/v2\/comments?post=2577"}],"wp:featuredmedia":[{"embeddable":true,"href":"https:\/\/nembutalboutique.com\/de\/wp-json\/wp\/v2\/media\/2593"}],"wp:attachment":[{"href":"https:\/\/nembutalboutique.com\/de\/wp-json\/wp\/v2\/media?parent=2577"}],"wp:term":[{"taxonomy":"product_brand","embeddable":true,"href":"https:\/\/nembutalboutique.com\/de\/wp-json\/wp\/v2\/product_brand?post=2577"},{"taxonomy":"product_cat","embeddable":true,"href":"https:\/\/nembutalboutique.com\/de\/wp-json\/wp\/v2\/product_cat?post=2577"},{"taxonomy":"product_tag","embeddable":true,"href":"https:\/\/nembutalboutique.com\/de\/wp-json\/wp\/v2\/product_tag?post=2577"}],"curies":[{"name":"wp","href":"https:\/\/api.w.org\/{rel}","templated":true}]}}