{"id":2301,"date":"2024-01-16T06:05:05","date_gmt":"2024-01-16T06:05:05","guid":{"rendered":"https:\/\/gblexpress.com\/nembu\/?post_type=product&#038;p=2301"},"modified":"2024-09-21T04:20:33","modified_gmt":"2024-09-21T04:20:33","slug":"gelules-nembutal","status":"publish","type":"product","link":"https:\/\/nembutalboutique.com\/de\/produkt\/nembutal-kapseln\/","title":{"rendered":"Nembutal Kapseln"},"content":{"rendered":"<h2>Nembutal-Kapseln sicher online kaufen: Ihr vertrauensw\u00fcrdiger Nembutal-Kapselladen in Deutschland<\/h2>\n<p>Sie suchen nach einer zuverl\u00e4ssigen Quelle f\u00fcr den Kauf von <a href=\"https:\/\/nembutalboutique.com\/produit\/gelules-nembutal\/\">Nembutal-Kapseln<\/a> online zu kaufen? Suchen Sie nicht weiter - auf NembutalBoutique.com sind wir Ihr vertrauensw\u00fcrdiger Nembutal-Kapselladen, der ein sicheres und legales Einkaufserlebnis garantiert. Mit einer Verpflichtung zu Qualit\u00e4t und Kundenzufriedenheit bieten wir einen transparenten Prozess, um Nembutal Kapseln in Deutschland und dar\u00fcber hinaus zu bestellen.<\/p>\n<h3>Warum sollten Sie sich bei Nembutal-Kapseln f\u00fcr uns entscheiden?<\/h3>\n<p>Bei NembutalBoutique.com stehen Ihre Sicherheit und Ihre Zufriedenheit an erster Stelle. Wenn Sie Nembutal-Kapseln bei uns kaufen, k\u00f6nnen Sie sicher sein, dass Sie ein legitimes und hochwertiges Produkt erhalten. Unser Engagement f\u00fcr Transparenz und Legalit\u00e4t zeichnet uns auf dem Markt aus.<\/p>\n<h3>Nembutal-Kapseln online bestellen<\/h3>\n<p>Wenn Sie sich dazu entschlie\u00dfen, Kapseln von <a href=\"https:\/\/en.wikipedia.org\/?title=Nembutal&amp;redirect=no\">Nembut<\/a>al, unsere benutzerfreundliche Online-Plattform garantiert Ihnen eine stressfreie Erfahrung. Durchst\u00f6bern Sie unsere Website, erkunden Sie unsere Produktangebote und geben Sie Ihre Bestellung vertrauensvoll auf. Wir garantieren eine diskrete Verpackung und eine schnelle Lieferung an Ihre Haust\u00fcr.<\/p>\n<h3>Nembutal-Kapseln legal kaufen<\/h3>\n<p>Wir wissen, wie wichtig die Einhaltung von Gesetzen ist. Seien Sie versichert, wenn Sie Nembutal-Kapseln bei uns kaufen, tun Sie dies auf legale Weise. Unsere Verpflichtung zur Einhaltung aller geltenden Vorschriften stellt sicher, dass Sie Nembutal-Kapseln in Deutschland mit gutem Gewissen kaufen k\u00f6nnen.<\/p>\n<h3>Wo kann man Nembutal-Kapseln kaufen?<\/h3>\n<p>Sie fragen sich, wo Sie Nembutal-Kapseln kaufen k\u00f6nnen? NembutalBoutique.com ist Ihr bevorzugter Shop f\u00fcr Nembutal-Kapseln. Mit einer gro\u00dfen Auswahl an Produkten und einem einfachen Bestellvorgang machen wir es Ihnen leicht, Nembutal-Kapseln in Deutschland und anderen L\u00e4ndern zu kaufen.<\/p>\n<h3>Nembutal Kapseln zum Verkauf - Qualit\u00e4tsgesichert<\/h3>\n<p>Unsere Nembutal-Kapseln stammen von renommierten Herstellern, die h\u00f6chste Qualit\u00e4t garantieren. Die Sicherheit und das Wohlbefinden unserer Kunden stehen f\u00fcr uns an erster Stelle, und unsere Produkte werden strengen Tests unterzogen, um internationalen Standards zu entsprechen.<\/p>\n<h2>Bestellen Sie noch heute Nembutal-Kapseln<\/h2>\n<p>Sind Sie bereit, einen Kauf zu t\u00e4tigen? Bestellen Sie noch heute Nembutal Kapseln bei NembutalBoutique.com und \u00fcberzeugen Sie sich von der Bequemlichkeit und Zuverl\u00e4ssigkeit unserer Dienstleistungen. Vertrauen Sie uns, dass wir Ihr Partner sind, wenn es darum geht, Nembutal Kapseln legal und sicher zu beschaffen.<\/p>\n<p>Gehen Sie keine Kompromisse bei Qualit\u00e4t und Legalit\u00e4t ein - w\u00e4hlen Sie NembutalBoutique.com f\u00fcr Ihren gesamten Bedarf an Nembutal-Kapseln. Ihre Zufriedenheit ist unsere Priorit\u00e4t.<\/p>","protected":false},"excerpt":{"rendered":"<p>Achetez des capsules de Nembutal en ligne en toute s\u00e9curit\u00e9 : votre magasin de capsules de Nembutal de confiance en France Vous recherchez une source fiable pour acheter des capsules de Nembutal en ligne ? Ne cherchez plus \u2013 sur NembutalBoutique.com, nous sommes votre magasin de capsules de Nembutal de confiance, garantissant une exp\u00e9rience d&rsquo;achat [&hellip;]<\/p>","protected":false},"featured_media":2313,"comment_status":"open","ping_status":"closed","template":"","meta":{"_joinchat":[]},"product_brand":[],"product_cat":[116],"product_tag":[172,173,170,169,174,171,193,191,192,178,177,176,179,183,180,181,182,184,190,185,186,187,188,189,200,199,201,194,196,195,197,175,198],"class_list":{"0":"post-2301","1":"product","2":"type-product","3":"status-publish","4":"has-post-thumbnail","6":"product_cat-nembutal","7":"product_tag-acheter-des-pilules-de-nembutal-en-ligne","8":"product_tag-acheter-des-pilules-de-nembutal-en-ligne-sans-ordonnance","9":"product_tag-acheter-du-nembutal-en-ligne","10":"product_tag-acheter-du-nembutal-exit-international","11":"product_tag-acheter-du-nembutal-france","12":"product_tag-acheter-du-nembutal-pentobarbital","13":"product_tag-commander-des-pilules-de-nembutal-en-ligne","14":"product_tag-commander-du-nembutal","15":"product_tag-commander-du-nembutal-en-ligne","16":"product_tag-comment-acheter-du-nembutal","17":"product_tag-comment-fabriquer-du-nembutal","18":"product_tag-comment-puis-je-obtenir-du-nembutal","19":"product_tag-nembutal","20":"product_tag-nembutal-a-vendre","21":"product_tag-nembutal-acheter","22":"product_tag-nembutal-acheter-inde","23":"product_tag-nembutal-capsules-a-vendre","24":"product_tag-nembutal-commander-en-ligne","25":"product_tag-nembutal-ou-trouver-acheter","26":"product_tag-nembutal-pentobarbital-a-vendre-en-france","27":"product_tag-nembutal-pentobarbital-sodium-a-vendre","28":"product_tag-nembutal-pilules-a-vendre","29":"product_tag-nembutal-sodium","30":"product_tag-nembutal-suicide","31":"product_tag-ou-acheter-des-pilules-de-nembutal","32":"product_tag-ou-acheter-du-nembutal","33":"product_tag-ou-acheter-du-pentobarbital-pour-chiens","34":"product_tag-pentobarbital","35":"product_tag-pentobarbital-a-vendre","36":"product_tag-pentobarbital-acheter","37":"product_tag-pentobarbital-de-sodium","38":"product_tag-pilules-de-nembutal-bon-marche-a-vendre","39":"product_tag-quest-ce-que-le-nembutal","41":"first","42":"instock","43":"shipping-taxable","44":"purchasable","45":"product-type-variable","46":"has-default-attributes"},"yoast_head":"<!-- This site is optimized with the Yoast SEO plugin v23.5 - https:\/\/yoast.com\/wordpress\/plugins\/seo\/ -->\n<title>Gel Nembutal \u00e0 vendre - Acheter Gel Nembutal en ligne<\/title>\n<meta name=\"description\" content=\"Achetez du gel Nembutal en vente dans l&#039;une des meilleures boutiques en ligne NembutalBoutique. Nous vous aiderons \u00e0 acheter du gel Nembutal en ligne de haute qualit\u00e9. Ne tardez pas \u00e0 passer votre commande et profitez des derni\u00e8res r\u00e9ductions !\" \/>\n<meta name=\"robots\" content=\"index, follow, max-snippet:-1, max-image-preview:large, max-video-preview:-1\" \/>\n<link rel=\"canonical\" href=\"https:\/\/nembutalboutique.com\/de\/produkt\/nembutal-kapseln\/\" \/>\n<meta property=\"og:locale\" content=\"de_DE\" \/>\n<meta property=\"og:type\" content=\"article\" \/>\n<meta property=\"og:title\" content=\"Gel Nembutal \u00e0 vendre - Acheter Gel Nembutal en ligne\" \/>\n<meta property=\"og:description\" content=\"Achetez du gel Nembutal en vente dans l&#039;une des meilleures boutiques en ligne NembutalBoutique. Nous vous aiderons \u00e0 acheter du gel Nembutal en ligne de haute qualit\u00e9. Ne tardez pas \u00e0 passer votre commande et profitez des derni\u00e8res r\u00e9ductions !\" \/>\n<meta property=\"og:url\" content=\"https:\/\/nembutalboutique.com\/de\/produkt\/nembutal-kapseln\/\" \/>\n<meta property=\"og:site_name\" content=\"Nembutal Boutique\" \/>\n<meta property=\"article:modified_time\" content=\"2024-09-21T04:20:33+00:00\" \/>\n<meta property=\"og:image\" content=\"https:\/\/nembutalboutique.com\/wp-content\/uploads\/2024\/01\/nembutal-capsules.jpg\" \/>\n\t<meta property=\"og:image:width\" content=\"1000\" \/>\n\t<meta property=\"og:image:height\" content=\"1000\" \/>\n\t<meta property=\"og:image:type\" content=\"image\/jpeg\" \/>\n<meta name=\"twitter:card\" content=\"summary_large_image\" \/>\n<meta name=\"twitter:label1\" content=\"Gesch\u00e4tzte Lesezeit\" \/>\n\t<meta name=\"twitter:data1\" content=\"3\u00a0Minuten\" \/>\n<script type=\"application\/ld+json\" class=\"yoast-schema-graph\">{\"@context\":\"https:\/\/schema.org\",\"@graph\":[{\"@type\":\"WebPage\",\"@id\":\"https:\/\/nembutalboutique.com\/produit\/gelules-nembutal\/\",\"url\":\"https:\/\/nembutalboutique.com\/produit\/gelules-nembutal\/\",\"name\":\"Gel Nembutal \u00e0 vendre - Acheter Gel Nembutal en ligne\",\"isPartOf\":{\"@id\":\"https:\/\/nembutalboutique.com\/#website\"},\"primaryImageOfPage\":{\"@id\":\"https:\/\/nembutalboutique.com\/produit\/gelules-nembutal\/#primaryimage\"},\"image\":{\"@id\":\"https:\/\/nembutalboutique.com\/produit\/gelules-nembutal\/#primaryimage\"},\"thumbnailUrl\":\"https:\/\/nembutalboutique.com\/wp-content\/uploads\/2024\/01\/nembutal-capsules.jpg\",\"datePublished\":\"2024-01-16T06:05:05+00:00\",\"dateModified\":\"2024-09-21T04:20:33+00:00\",\"description\":\"Achetez du gel Nembutal en vente dans l'une des meilleures boutiques en ligne NembutalBoutique. Nous vous aiderons \u00e0 acheter du gel Nembutal en ligne de haute qualit\u00e9. Ne tardez pas \u00e0 passer votre commande et profitez des derni\u00e8res r\u00e9ductions !\",\"breadcrumb\":{\"@id\":\"https:\/\/nembutalboutique.com\/produit\/gelules-nembutal\/#breadcrumb\"},\"inLanguage\":\"de\",\"potentialAction\":[{\"@type\":\"ReadAction\",\"target\":[\"https:\/\/nembutalboutique.com\/produit\/gelules-nembutal\/\"]}]},{\"@type\":\"ImageObject\",\"inLanguage\":\"de\",\"@id\":\"https:\/\/nembutalboutique.com\/produit\/gelules-nembutal\/#primaryimage\",\"url\":\"https:\/\/nembutalboutique.com\/wp-content\/uploads\/2024\/01\/nembutal-capsules.jpg\",\"contentUrl\":\"https:\/\/nembutalboutique.com\/wp-content\/uploads\/2024\/01\/nembutal-capsules.jpg\",\"width\":1000,\"height\":1000,\"caption\":\"Acheter des capsules Nembutal\"},{\"@type\":\"BreadcrumbList\",\"@id\":\"https:\/\/nembutalboutique.com\/produit\/gelules-nembutal\/#breadcrumb\",\"itemListElement\":[{\"@type\":\"ListItem\",\"position\":1,\"name\":\"Home\",\"item\":\"https:\/\/nembutalboutique.com\/\"},{\"@type\":\"ListItem\",\"position\":2,\"name\":\"Boutique\",\"item\":\"https:\/\/nembutalboutique.com\/shop\/\"},{\"@type\":\"ListItem\",\"position\":3,\"name\":\"G\u00e9lules Nembutal\"}]},{\"@type\":\"WebSite\",\"@id\":\"https:\/\/nembutalboutique.com\/#website\",\"url\":\"https:\/\/nembutalboutique.com\/\",\"name\":\"Nembutal Boutique\",\"description\":\"My WordPress Blog\",\"publisher\":{\"@id\":\"https:\/\/nembutalboutique.com\/#organization\"},\"potentialAction\":[{\"@type\":\"SearchAction\",\"target\":{\"@type\":\"EntryPoint\",\"urlTemplate\":\"https:\/\/nembutalboutique.com\/?s={search_term_string}\"},\"query-input\":{\"@type\":\"PropertyValueSpecification\",\"valueRequired\":true,\"valueName\":\"search_term_string\"}}],\"inLanguage\":\"de\"},{\"@type\":\"Organization\",\"@id\":\"https:\/\/nembutalboutique.com\/#organization\",\"name\":\"Nembutal Boutique\",\"url\":\"https:\/\/nembutalboutique.com\/\",\"logo\":{\"@type\":\"ImageObject\",\"inLanguage\":\"de\",\"@id\":\"https:\/\/nembutalboutique.com\/#\/schema\/logo\/image\/\",\"url\":\"https:\/\/nembutalboutique.com\/wp-content\/uploads\/2024\/01\/logo.png\",\"contentUrl\":\"https:\/\/nembutalboutique.com\/wp-content\/uploads\/2024\/01\/logo.png\",\"width\":494,\"height\":121,\"caption\":\"Nembutal Boutique\"},\"image\":{\"@id\":\"https:\/\/nembutalboutique.com\/#\/schema\/logo\/image\/\"}}]}<\/script>\n<!-- \/ Yoast SEO plugin. -->","yoast_head_json":{"title":"Nembutal Gel Verkauf - Nembutal Gel Online Kaufen","description":"Kaufen Sie Nembutal-Gel zum Verkauf in einem der besten Online-Shops NembutalBoutique. Wir helfen Ihnen, Nembutal Gel online in hoher Qualit\u00e4t zu kaufen. Warten Sie nicht zu lange mit Ihrer Bestellung und sichern Sie sich die neuesten Rabatte!","robots":{"index":"index","follow":"follow","max-snippet":"max-snippet:-1","max-image-preview":"max-image-preview:large","max-video-preview":"max-video-preview:-1"},"canonical":"https:\/\/nembutalboutique.com\/de\/produkt\/nembutal-kapseln\/","og_locale":"de_DE","og_type":"article","og_title":"Gel Nembutal \u00e0 vendre - Acheter Gel Nembutal en ligne","og_description":"Achetez du gel Nembutal en vente dans l'une des meilleures boutiques en ligne NembutalBoutique. Nous vous aiderons \u00e0 acheter du gel Nembutal en ligne de haute qualit\u00e9. Ne tardez pas \u00e0 passer votre commande et profitez des derni\u00e8res r\u00e9ductions !","og_url":"https:\/\/nembutalboutique.com\/de\/produkt\/nembutal-kapseln\/","og_site_name":"Nembutal Boutique","article_modified_time":"2024-09-21T04:20:33+00:00","og_image":[{"width":1000,"height":1000,"url":"https:\/\/nembutalboutique.com\/wp-content\/uploads\/2024\/01\/nembutal-capsules.jpg","type":"image\/jpeg"}],"twitter_card":"summary_large_image","twitter_misc":{"Gesch\u00e4tzte Lesezeit":"3\u00a0Minuten"},"schema":{"@context":"https:\/\/schema.org","@graph":[{"@type":"WebPage","@id":"https:\/\/nembutalboutique.com\/produit\/gelules-nembutal\/","url":"https:\/\/nembutalboutique.com\/produit\/gelules-nembutal\/","name":"Nembutal Gel Verkauf - Nembutal Gel Online Kaufen","isPartOf":{"@id":"https:\/\/nembutalboutique.com\/#website"},"primaryImageOfPage":{"@id":"https:\/\/nembutalboutique.com\/produit\/gelules-nembutal\/#primaryimage"},"image":{"@id":"https:\/\/nembutalboutique.com\/produit\/gelules-nembutal\/#primaryimage"},"thumbnailUrl":"https:\/\/nembutalboutique.com\/wp-content\/uploads\/2024\/01\/nembutal-capsules.jpg","datePublished":"2024-01-16T06:05:05+00:00","dateModified":"2024-09-21T04:20:33+00:00","description":"Kaufen Sie Nembutal-Gel zum Verkauf in einem der besten Online-Shops NembutalBoutique. Wir helfen Ihnen, Nembutal Gel online in hoher Qualit\u00e4t zu kaufen. Warten Sie nicht zu lange mit Ihrer Bestellung und sichern Sie sich die neuesten Rabatte!","breadcrumb":{"@id":"https:\/\/nembutalboutique.com\/produit\/gelules-nembutal\/#breadcrumb"},"inLanguage":"de","potentialAction":[{"@type":"ReadAction","target":["https:\/\/nembutalboutique.com\/produit\/gelules-nembutal\/"]}]},{"@type":"ImageObject","inLanguage":"de","@id":"https:\/\/nembutalboutique.com\/produit\/gelules-nembutal\/#primaryimage","url":"https:\/\/nembutalboutique.com\/wp-content\/uploads\/2024\/01\/nembutal-capsules.jpg","contentUrl":"https:\/\/nembutalboutique.com\/wp-content\/uploads\/2024\/01\/nembutal-capsules.jpg","width":1000,"height":1000,"caption":"Acheter des capsules Nembutal"},{"@type":"BreadcrumbList","@id":"https:\/\/nembutalboutique.com\/produit\/gelules-nembutal\/#breadcrumb","itemListElement":[{"@type":"ListItem","position":1,"name":"Home","item":"https:\/\/nembutalboutique.com\/"},{"@type":"ListItem","position":2,"name":"Boutique","item":"https:\/\/nembutalboutique.com\/shop\/"},{"@type":"ListItem","position":3,"name":"G\u00e9lules Nembutal"}]},{"@type":"WebSite","@id":"https:\/\/nembutalboutique.com\/#website","url":"https:\/\/nembutalboutique.com\/","name":"Nembutal Boutique","description":"Mein WordPress-Blog","publisher":{"@id":"https:\/\/nembutalboutique.com\/#organization"},"potentialAction":[{"@type":"SearchAction","target":{"@type":"EntryPoint","urlTemplate":"https:\/\/nembutalboutique.com\/?s={search_term_string}"},"query-input":{"@type":"PropertyValueSpecification","valueRequired":true,"valueName":"search_term_string"}}],"inLanguage":"de"},{"@type":"Organization","@id":"https:\/\/nembutalboutique.com\/#organization","name":"Nembutal Boutique","url":"https:\/\/nembutalboutique.com\/","logo":{"@type":"ImageObject","inLanguage":"de","@id":"https:\/\/nembutalboutique.com\/#\/schema\/logo\/image\/","url":"https:\/\/nembutalboutique.com\/wp-content\/uploads\/2024\/01\/logo.png","contentUrl":"https:\/\/nembutalboutique.com\/wp-content\/uploads\/2024\/01\/logo.png","width":494,"height":121,"caption":"Nembutal Boutique"},"image":{"@id":"https:\/\/nembutalboutique.com\/#\/schema\/logo\/image\/"}}]}},"_links":{"self":[{"href":"https:\/\/nembutalboutique.com\/de\/wp-json\/wp\/v2\/product\/2301"}],"collection":[{"href":"https:\/\/nembutalboutique.com\/de\/wp-json\/wp\/v2\/product"}],"about":[{"href":"https:\/\/nembutalboutique.com\/de\/wp-json\/wp\/v2\/types\/product"}],"replies":[{"embeddable":true,"href":"https:\/\/nembutalboutique.com\/de\/wp-json\/wp\/v2\/comments?post=2301"}],"wp:featuredmedia":[{"embeddable":true,"href":"https:\/\/nembutalboutique.com\/de\/wp-json\/wp\/v2\/media\/2313"}],"wp:attachment":[{"href":"https:\/\/nembutalboutique.com\/de\/wp-json\/wp\/v2\/media?parent=2301"}],"wp:term":[{"taxonomy":"product_brand","embeddable":true,"href":"https:\/\/nembutalboutique.com\/de\/wp-json\/wp\/v2\/product_brand?post=2301"},{"taxonomy":"product_cat","embeddable":true,"href":"https:\/\/nembutalboutique.com\/de\/wp-json\/wp\/v2\/product_cat?post=2301"},{"taxonomy":"product_tag","embeddable":true,"href":"https:\/\/nembutalboutique.com\/de\/wp-json\/wp\/v2\/product_tag?post=2301"}],"curies":[{"name":"wp","href":"https:\/\/api.w.org\/{rel}","templated":true}]}}